{"id":886,"date":"2015-11-30T18:49:58","date_gmt":"2015-11-30T18:49:58","guid":{"rendered":"http:\/\/tonala.gob.mx\/portal\/?page_id=886"},"modified":"2018-03-16T09:58:57","modified_gmt":"2018-03-16T15:58:57","slug":"tramite-de-dictamen-de-impacto-ambiental","status":"publish","type":"page","link":"https:\/\/tonala.gob.mx\/portal\/tramite-de-dictamen-de-impacto-ambiental\/","title":{"rendered":"Tr\u00e1mite de Dictamen de Impacto Ambiental"},"content":{"rendered":"<p>(Actualizaci\u00f3n 16 Marzo 2018)<\/p>\n<p>Informaci\u00f3n para realizar este tr\u00e1mite:<\/p>\n<table>\n<tbody>\n<tr>\n<td>Direcci\u00f3n:<\/td>\n<td>ECOLOG\u00cdA<\/td>\n<\/tr>\n<tr>\n<td>Domicilio:<\/td>\n<td>Morelos 155 &#8211; B Planta Baja<\/td>\n<\/tr>\n<tr>\n<td>Tel\u00e9fono para dar seguimiento al tr\u00e1mite:<\/td>\n<td>35-86-60-42 Ext. 1181<\/td>\n<\/tr>\n<tr>\n<td>Nombre del Tr\u00e1mite:<\/td>\n<td>DICTAMEN EN MATERIA DE IMPACTO AMBIENTAL<\/td>\n<\/tr>\n<tr>\n<td>Costo:<\/td>\n<td>$4958.00 DICTAMEN EN MATERIA DE IMPACTO AMBIENTAL.<\/p>\n<p>$281.00 Vo.Bo. EN MATERIA DE IMPACTO AMBIENTAL PARA NIVELACI\u00d3N, RELLENO Y APROVECHAMIENTOS DE EXCEDENTES DE PREDIOS, CONFORMACI\u00d3N DE ABREVADEROS Y BORDOS PARA LA PRODUCI\u00d3N DE PECES<\/td>\n<\/tr>\n<tr>\n<td>\u00a0Formato (si se tiene en digital):<\/td>\n<td>NO<\/td>\n<\/tr>\n<tr>\n<td>Tiempo de Respuesta:<\/td>\n<td>\u00a030 D\u00cdAS HABILES<\/td>\n<\/tr>\n<\/tbody>\n<\/table>\n","protected":false},"excerpt":{"rendered":"<p>(Actualizaci\u00f3n 16 Marzo 2018) Informaci\u00f3n para realizar este tr\u00e1mite: Direcci\u00f3n: ECOLOG\u00cdA Domicilio: Morelos 155 &#8211; B Planta Baja Tel\u00e9fono para<\/p>\n","protected":false},"author":1,"featured_media":0,"parent":0,"menu_order":0,"comment_status":"closed","ping_status":"closed","template":"","meta":{"colormag_page_container_layout":"default_layout","colormag_page_sidebar_layout":"default_layout","footnotes":""},"class_list":["post-886","page","type-page","status-publish","hentry"],"_links":{"self":[{"href":"https:\/\/tonala.gob.mx\/portal\/wp-json\/wp\/v2\/pages\/886","targetHints":{"allow":["GET"]}}],"collection":[{"href":"https:\/\/tonala.gob.mx\/portal\/wp-json\/wp\/v2\/pages"}],"about":[{"href":"https:\/\/tonala.gob.mx\/portal\/wp-json\/wp\/v2\/types\/page"}],"author":[{"embeddable":true,"href":"https:\/\/tonala.gob.mx\/portal\/wp-json\/wp\/v2\/users\/1"}],"replies":[{"embeddable":true,"href":"https:\/\/tonala.gob.mx\/portal\/wp-json\/wp\/v2\/comments?post=886"}],"version-history":[{"count":4,"href":"https:\/\/tonala.gob.mx\/portal\/wp-json\/wp\/v2\/pages\/886\/revisions"}],"predecessor-version":[{"id":16301,"href":"https:\/\/tonala.gob.mx\/portal\/wp-json\/wp\/v2\/pages\/886\/revisions\/16301"}],"wp:attachment":[{"href":"https:\/\/tonala.gob.mx\/portal\/wp-json\/wp\/v2\/media?parent=886"}],"curies":[{"name":"wp","href":"https:\/\/api.w.org\/{rel}","templated":true}]}}