{"id":834,"date":"2015-11-25T19:02:35","date_gmt":"2015-11-25T19:02:35","guid":{"rendered":"http:\/\/tonala.gob.mx\/portal\/?page_id=834"},"modified":"2018-03-20T13:16:23","modified_gmt":"2018-03-20T19:16:23","slug":"tramite-de-regularizacion-de-tianguis","status":"publish","type":"page","link":"https:\/\/tonala.gob.mx\/portal\/tramite-de-regularizacion-de-tianguis\/","title":{"rendered":"Tr\u00e1mite de Regularizaci\u00f3n de Tianguis"},"content":{"rendered":"<p>(Actualizaci\u00f3n 20 Marzo 2018)<\/p>\n<p>Informaci\u00f3n para realizar este tr\u00e1mite:<\/p>\n<p>JEFATURA DE MERCADOS<\/p>\n<table width=\"100%\">\n<tbody>\n<tr>\n<td width=\"35%\">Direcci\u00f3n:<\/td>\n<td width=\"65%\">\u00a0Jefatura de Mercados<\/td>\n<\/tr>\n<tr>\n<td width=\"35%\">Domicilio:<\/td>\n<td width=\"65%\">Morelos #155 &#8211; B Planta Baja Col. Centro Tonal\u00e1, Jalisco C.P. 45400<\/td>\n<\/tr>\n<tr>\n<td width=\"35%\">Tel\u00e9fono para dar seguimiento al tr\u00e1mite:<\/td>\n<td width=\"65%\">35 &#8211; 86 &#8211; 60 &#8211; 28 Ext. 1342<\/td>\n<\/tr>\n<tr>\n<td width=\"35%\">Nombre del tr\u00e1mite:<\/td>\n<td width=\"65%\">Regularizaci\u00f3n de Tianguis<\/td>\n<\/tr>\n<tr>\n<td width=\"35%\">Costo del tr\u00e1mite:<\/td>\n<td width=\"65%\">De 1 a 3 Mts. $435.00 + $140.00 por cada metro excedente<\/td>\n<\/tr>\n<tr>\n<td width=\"35%\">Formato (si se tiene en digital):<\/td>\n<td width=\"65%\">NO.<\/td>\n<\/tr>\n<tr>\n<td width=\"35%\">Tiempo de respuesta:<\/td>\n<td width=\"65%\">De 1 &#8211; 10 D\u00edas H\u00e1biles<\/td>\n<\/tr>\n<tr>\n<td width=\"35%\">Responsable del tr\u00e1mite :<\/td>\n<td width=\"65%\">Jaime Nu\u00f1o Juez Calificador\/ Jefe de Mercados Ing. Manrique Uriel Garc\u00eda Ben\u00edtez.<\/td>\n<\/tr>\n<\/tbody>\n<\/table>\n","protected":false},"excerpt":{"rendered":"<p>(Actualizaci\u00f3n 20 Marzo 2018) Informaci\u00f3n para realizar este tr\u00e1mite: JEFATURA DE MERCADOS Direcci\u00f3n: \u00a0Jefatura de Mercados Domicilio: Morelos #155 &#8211;<\/p>\n","protected":false},"author":1,"featured_media":0,"parent":0,"menu_order":0,"comment_status":"closed","ping_status":"closed","template":"","meta":{"colormag_page_container_layout":"default_layout","colormag_page_sidebar_layout":"default_layout","footnotes":""},"class_list":["post-834","page","type-page","status-publish","hentry"],"_links":{"self":[{"href":"https:\/\/tonala.gob.mx\/portal\/wp-json\/wp\/v2\/pages\/834","targetHints":{"allow":["GET"]}}],"collection":[{"href":"https:\/\/tonala.gob.mx\/portal\/wp-json\/wp\/v2\/pages"}],"about":[{"href":"https:\/\/tonala.gob.mx\/portal\/wp-json\/wp\/v2\/types\/page"}],"author":[{"embeddable":true,"href":"https:\/\/tonala.gob.mx\/portal\/wp-json\/wp\/v2\/users\/1"}],"replies":[{"embeddable":true,"href":"https:\/\/tonala.gob.mx\/portal\/wp-json\/wp\/v2\/comments?post=834"}],"version-history":[{"count":6,"href":"https:\/\/tonala.gob.mx\/portal\/wp-json\/wp\/v2\/pages\/834\/revisions"}],"predecessor-version":[{"id":16368,"href":"https:\/\/tonala.gob.mx\/portal\/wp-json\/wp\/v2\/pages\/834\/revisions\/16368"}],"wp:attachment":[{"href":"https:\/\/tonala.gob.mx\/portal\/wp-json\/wp\/v2\/media?parent=834"}],"curies":[{"name":"wp","href":"https:\/\/api.w.org\/{rel}","templated":true}]}}