{"id":831,"date":"2015-11-25T18:55:53","date_gmt":"2015-11-25T18:55:53","guid":{"rendered":"http:\/\/tonala.gob.mx\/portal\/?page_id=831"},"modified":"2015-11-25T18:55:53","modified_gmt":"2015-11-25T18:55:53","slug":"tramite-de-solicitud-para-programas-de-apoyo-federal-estatal-y-municipal","status":"publish","type":"page","link":"https:\/\/tonala.gob.mx\/portal\/tramite-de-solicitud-para-programas-de-apoyo-federal-estatal-y-municipal\/","title":{"rendered":"Tr\u00e1mite de Solicitud para Programas de Apoyo Federal, Estatal y Municipal."},"content":{"rendered":"<p>Informaci\u00f3n para realizar este tr\u00e1mite:<\/p>\n<table width=\"100%\">\n<tbody>\n<tr>\n<td width=\"35%\">Direcci\u00f3n:<\/td>\n<td width=\"65%\">COPLADEMUN.<\/td>\n<\/tr>\n<tr>\n<td width=\"35%\">Domicilio:<\/td>\n<td width=\"65%\">EMILIANO ZAPATA NO. 233<\/td>\n<\/tr>\n<tr>\n<td width=\"35%\">Tel\u00e9fono para dar seguimiento al tr\u00e1mite:<\/td>\n<td width=\"65%\">36814867<\/td>\n<\/tr>\n<tr>\n<td width=\"35%\">Nombre del tr\u00e1mite:<\/td>\n<td width=\"65%\">PROGRAMAS DE APOYO.<\/td>\n<\/tr>\n<tr>\n<td width=\"35%\">Descripci\u00f3n:<\/td>\n<td width=\"65%\">SOLICITUD PARA INGRESAR A LOS PROGRAMAS DE APOYO FEDERAL, ESTATAL Y MUNICIPAL. POLIGONOS DE ZONAS NECESITADAS.<\/td>\n<\/tr>\n<tr>\n<td width=\"35%\">Formato (si se tiene en digital):<\/td>\n<td width=\"65%\">NO.<\/td>\n<\/tr>\n<tr>\n<td width=\"35%\">Tiempo de respuesta:<\/td>\n<td width=\"65%\">DE 1 A 6 MESES.<\/td>\n<\/tr>\n<tr>\n<td width=\"35%\">Responsable del tr\u00e1mite :<\/td>\n<td width=\"65%\">DOCTOR JUAN DE LA CRUZ REG\u00cdN CH\u00c1VEZ.<\/td>\n<\/tr>\n<\/tbody>\n<\/table>\n","protected":false},"excerpt":{"rendered":"<p>Informaci\u00f3n para realizar este tr\u00e1mite: Direcci\u00f3n: COPLADEMUN. Domicilio: EMILIANO ZAPATA NO. 233 Tel\u00e9fono para dar seguimiento al tr\u00e1mite: 36814867 Nombre<\/p>\n","protected":false},"author":1,"featured_media":0,"parent":0,"menu_order":0,"comment_status":"closed","ping_status":"closed","template":"","meta":{"colormag_page_container_layout":"default_layout","colormag_page_sidebar_layout":"default_layout","footnotes":""},"class_list":["post-831","page","type-page","status-publish","hentry"],"_links":{"self":[{"href":"https:\/\/tonala.gob.mx\/portal\/wp-json\/wp\/v2\/pages\/831","targetHints":{"allow":["GET"]}}],"collection":[{"href":"https:\/\/tonala.gob.mx\/portal\/wp-json\/wp\/v2\/pages"}],"about":[{"href":"https:\/\/tonala.gob.mx\/portal\/wp-json\/wp\/v2\/types\/page"}],"author":[{"embeddable":true,"href":"https:\/\/tonala.gob.mx\/portal\/wp-json\/wp\/v2\/users\/1"}],"replies":[{"embeddable":true,"href":"https:\/\/tonala.gob.mx\/portal\/wp-json\/wp\/v2\/comments?post=831"}],"version-history":[{"count":1,"href":"https:\/\/tonala.gob.mx\/portal\/wp-json\/wp\/v2\/pages\/831\/revisions"}],"predecessor-version":[{"id":832,"href":"https:\/\/tonala.gob.mx\/portal\/wp-json\/wp\/v2\/pages\/831\/revisions\/832"}],"wp:attachment":[{"href":"https:\/\/tonala.gob.mx\/portal\/wp-json\/wp\/v2\/media?parent=831"}],"curies":[{"name":"wp","href":"https:\/\/api.w.org\/{rel}","templated":true}]}}