{"id":8085,"date":"2016-12-14T13:18:31","date_gmt":"2016-12-14T19:18:31","guid":{"rendered":"http:\/\/tonala.gob.mx\/portal\/?page_id=8085"},"modified":"2016-12-14T13:18:31","modified_gmt":"2016-12-14T19:18:31","slug":"delegacion-de-santa-cruz-de-las-huertas","status":"publish","type":"page","link":"https:\/\/tonala.gob.mx\/portal\/delegacion-de-santa-cruz-de-las-huertas\/","title":{"rendered":"Delegaci\u00f3n de Santa Cruz de las Huertas"},"content":{"rendered":"<p class=\"p1\">\n<p class=\"p1\" style=\"text-align: justify;\"><span class=\"s1\"><b><img fetchpriority=\"high\" decoding=\"async\" class=\"alignleft wp-image-2488 size-medium\" src=\"https:\/\/tonala.gob.mx\/portal\/wp-content\/uploads\/2015\/10\/Santa_Cruz-300x201.jpg\" alt=\"Santa_Cruz\" width=\"300\" height=\"201\" srcset=\"https:\/\/tonala.gob.mx\/portal\/wp-content\/uploads\/2015\/10\/Santa_Cruz-300x201.jpg 300w, https:\/\/tonala.gob.mx\/portal\/wp-content\/uploads\/2015\/10\/Santa_Cruz.jpg 359w\" sizes=\"(max-width: 300px) 100vw, 300px\" \/><\/b>Lugar en donde las manos m\u00e1gicas de sus artesanos reflejan la esencia e imaginaci\u00f3n a trav\u00e9s de sus bellas obras con caracter\u00edsticas zoomorfas que se realizan en la t\u00e9cnica de Barro Betus. Considerado como uno de los pueblos m\u00e1s antiguos de Tonal\u00e1, anteriormente se llamaba Las Huertas.<\/span><\/p>\n<p class=\"p1\" style=\"text-align: justify;\"><span class=\"s1\">El templo de la santa cruz data del siglo XVlll, una joya muy antigua digna de admirarse. La primera misa que se realiz\u00f3 en dicho templo fue en 1840, despu\u00e9s de su construcci\u00f3n el templo tiene una restauraci\u00f3n en el a\u00f1o 2005 y el 22 de diciembre del 2007 se consagra el altar de la parroquia, en el cual estuvo el cardenal Juan Sandoval I\u00f1iguez.<\/span><\/p>\n<p class=\"p1\" style=\"text-align: justify;\">\n","protected":false},"excerpt":{"rendered":"<p>Lugar en donde las manos m\u00e1gicas de sus artesanos reflejan la esencia e imaginaci\u00f3n a trav\u00e9s de sus bellas obras<\/p>\n","protected":false},"author":1,"featured_media":0,"parent":0,"menu_order":0,"comment_status":"closed","ping_status":"closed","template":"","meta":{"colormag_page_container_layout":"default_layout","colormag_page_sidebar_layout":"default_layout","footnotes":""},"class_list":["post-8085","page","type-page","status-publish","hentry"],"_links":{"self":[{"href":"https:\/\/tonala.gob.mx\/portal\/wp-json\/wp\/v2\/pages\/8085","targetHints":{"allow":["GET"]}}],"collection":[{"href":"https:\/\/tonala.gob.mx\/portal\/wp-json\/wp\/v2\/pages"}],"about":[{"href":"https:\/\/tonala.gob.mx\/portal\/wp-json\/wp\/v2\/types\/page"}],"author":[{"embeddable":true,"href":"https:\/\/tonala.gob.mx\/portal\/wp-json\/wp\/v2\/users\/1"}],"replies":[{"embeddable":true,"href":"https:\/\/tonala.gob.mx\/portal\/wp-json\/wp\/v2\/comments?post=8085"}],"version-history":[{"count":1,"href":"https:\/\/tonala.gob.mx\/portal\/wp-json\/wp\/v2\/pages\/8085\/revisions"}],"predecessor-version":[{"id":8086,"href":"https:\/\/tonala.gob.mx\/portal\/wp-json\/wp\/v2\/pages\/8085\/revisions\/8086"}],"wp:attachment":[{"href":"https:\/\/tonala.gob.mx\/portal\/wp-json\/wp\/v2\/media?parent=8085"}],"curies":[{"name":"wp","href":"https:\/\/api.w.org\/{rel}","templated":true}]}}