{"id":8069,"date":"2016-12-14T13:13:13","date_gmt":"2016-12-14T19:13:13","guid":{"rendered":"http:\/\/tonala.gob.mx\/portal\/?page_id=8069"},"modified":"2016-12-14T13:13:13","modified_gmt":"2016-12-14T19:13:13","slug":"delegacion-tololotlan","status":"publish","type":"page","link":"https:\/\/tonala.gob.mx\/portal\/delegacion-tololotlan\/","title":{"rendered":"Delegaci\u00f3n Tololotlan"},"content":{"rendered":"<p style=\"text-align: justify;\"><img fetchpriority=\"high\" decoding=\"async\" class=\"size-full wp-image-7815 alignleft\" src=\"https:\/\/tonala.gob.mx\/portal\/wp-content\/uploads\/2015\/10\/Tololotlan-1.jpg\" alt=\"tololotlan\" width=\"324\" height=\"216\" srcset=\"https:\/\/tonala.gob.mx\/portal\/wp-content\/uploads\/2015\/10\/Tololotlan-1.jpg 324w, https:\/\/tonala.gob.mx\/portal\/wp-content\/uploads\/2015\/10\/Tololotlan-1-300x200.jpg 300w\" sizes=\"(max-width: 324px) 100vw, 324px\" \/>Pueblo ind\u00edgena que su nombre significa \u201cLugar donde se venera al Dios Ventrudo\u201d, ubicado en las inmediaciones de la ciudad de Guadalajara en el margen del R\u00edo Santiago. Con la llegada de los franciscanos en 1531, se inici\u00f3 la ense\u00f1anza cat\u00f3lica, siendo Tololotl\u00e1n el primer pueblo en recibirlo.<\/p>\n<p style=\"text-align: justify;\">Actualmente este pueblo est\u00e1 considerado como uno de los rincones m\u00e1s tradicionales de Tonal\u00e1, lugar que no ha perdido su encanto y su origen prehisp\u00e1nico. Su actividad econ\u00f3mica se enfoca en la pesca y la agricultura.<\/p>\n<p style=\"text-align: justify;\">Como parte de los atractivos y fiestas religiosas\u00a0 podemos encontrar el templo de la Ascensi\u00f3n del Se\u00f1or, el cual data del siglo XVl. En el interior se encuentra una antigua imagen que se venera desde la \u00e9poca virreinal, sus rasgos exteriores tienen una apariencia de un crucifijo elaborado con pastas de ca\u00f1a de ma\u00edz llamada Tatzingueni. Fueron los padres agustinos quienes adquirieron este santo Cristo y lo llevaron a Tololotl\u00e1n. Su celebraci\u00f3n m\u00e1s sobresaliente es la de Jueves de la Ascensi\u00f3n del Se\u00f1or que con toda solemnidad se ha venido realizando a\u00f1o con a\u00f1o en el mes de mayo.<\/p>\n<p style=\"text-align: justify;\"><img decoding=\"async\" class=\"alignnone size-full wp-image-8067\" src=\"https:\/\/tonala.gob.mx\/portal\/wp-content\/uploads\/2016\/12\/Puente-Grande-2.jpg\" alt=\"puente-grande-2\" width=\"324\" height=\"216\" srcset=\"https:\/\/tonala.gob.mx\/portal\/wp-content\/uploads\/2016\/12\/Puente-Grande-2.jpg 324w, https:\/\/tonala.gob.mx\/portal\/wp-content\/uploads\/2016\/12\/Puente-Grande-2-300x200.jpg 300w\" sizes=\"(max-width: 324px) 100vw, 324px\" \/><\/p>\n","protected":false},"excerpt":{"rendered":"<p>Pueblo ind\u00edgena que su nombre significa \u201cLugar donde se venera al Dios Ventrudo\u201d, ubicado en las inmediaciones de la ciudad<\/p>\n","protected":false},"author":1,"featured_media":0,"parent":0,"menu_order":0,"comment_status":"closed","ping_status":"closed","template":"","meta":{"colormag_page_container_layout":"default_layout","colormag_page_sidebar_layout":"default_layout","footnotes":""},"class_list":["post-8069","page","type-page","status-publish","hentry"],"_links":{"self":[{"href":"https:\/\/tonala.gob.mx\/portal\/wp-json\/wp\/v2\/pages\/8069","targetHints":{"allow":["GET"]}}],"collection":[{"href":"https:\/\/tonala.gob.mx\/portal\/wp-json\/wp\/v2\/pages"}],"about":[{"href":"https:\/\/tonala.gob.mx\/portal\/wp-json\/wp\/v2\/types\/page"}],"author":[{"embeddable":true,"href":"https:\/\/tonala.gob.mx\/portal\/wp-json\/wp\/v2\/users\/1"}],"replies":[{"embeddable":true,"href":"https:\/\/tonala.gob.mx\/portal\/wp-json\/wp\/v2\/comments?post=8069"}],"version-history":[{"count":1,"href":"https:\/\/tonala.gob.mx\/portal\/wp-json\/wp\/v2\/pages\/8069\/revisions"}],"predecessor-version":[{"id":8080,"href":"https:\/\/tonala.gob.mx\/portal\/wp-json\/wp\/v2\/pages\/8069\/revisions\/8080"}],"wp:attachment":[{"href":"https:\/\/tonala.gob.mx\/portal\/wp-json\/wp\/v2\/media?parent=8069"}],"curies":[{"name":"wp","href":"https:\/\/api.w.org\/{rel}","templated":true}]}}