{"id":8066,"date":"2016-12-14T12:05:01","date_gmt":"2016-12-14T18:05:01","guid":{"rendered":"http:\/\/tonala.gob.mx\/portal\/?page_id=8066"},"modified":"2016-12-14T12:05:01","modified_gmt":"2016-12-14T18:05:01","slug":"delegacion-puente-grande","status":"publish","type":"page","link":"https:\/\/tonala.gob.mx\/portal\/delegacion-puente-grande\/","title":{"rendered":"Delegaci\u00f3n Puente Grande"},"content":{"rendered":"<p style=\"text-align: justify;\"><img fetchpriority=\"high\" decoding=\"async\" class=\"size-full wp-image-7814 alignleft\" src=\"https:\/\/tonala.gob.mx\/portal\/wp-content\/uploads\/2015\/10\/Puente_Grande-1.jpg\" alt=\"puente_grande\" width=\"324\" height=\"216\" srcset=\"https:\/\/tonala.gob.mx\/portal\/wp-content\/uploads\/2015\/10\/Puente_Grande-1.jpg 324w, https:\/\/tonala.gob.mx\/portal\/wp-content\/uploads\/2015\/10\/Puente_Grande-1-300x200.jpg 300w\" sizes=\"(max-width: 324px) 100vw, 324px\" \/>Delegaci\u00f3n localizada al sur del municipio y al norte con el R\u00edo Santiago, siendo un pueblo pintoresco lleno de construcciones antiguas y monumentos hist\u00f3ricos que hacen resaltar la imaginaci\u00f3n y adentrarnos a la historia,\u00a0 as\u00ed como la transformaci\u00f3n y evoluci\u00f3n de Tonal\u00e1.<\/p>\n<p style=\"text-align: justify;\">El origen del pueblo se debi\u00f3 a la construcci\u00f3n del puente SAN ANTONIO DE TER\u00c1N en 1918, su edificaci\u00f3n fue en la parte m\u00e1s baja del r\u00edo, lugar por el cual cruzaba el camino real que comunicaba a la ciudad de Guadalajara. Este pueblo ha recibido varios nombres: Puente de Tololotl\u00e1n, congregaci\u00f3n de Puente Grande de Tololotl\u00e1n y por \u00faltimo el nombre que lleva actualmente, Puente Grande.<\/p>\n<p style=\"text-align: justify;\">Es importante ya que por aqu\u00ed transitaron los ej\u00e9rcitos de Hidalgo y Calleja, antes y despu\u00e9s de la hist\u00f3rica batalla del Puente de Calder\u00f3n.<\/p>\n<p style=\"text-align: justify;\">La construcci\u00f3n de la parroquia de SAN ANTONIO PAD\u00daA se inici\u00f3 en 1918 y finaliz\u00f3 en 1922. El\u00a0 festejo del patrono del pueblo San Antonio de Pad\u00faa es del 5 al 13 de Junio y del 4 al 12 de Diciembre, fiesta de la virgen de Guadalupe.<\/p>\n<p style=\"text-align: justify;\"><img decoding=\"async\" class=\"alignnone size-full wp-image-8067\" src=\"https:\/\/tonala.gob.mx\/portal\/wp-content\/uploads\/2016\/12\/Puente-Grande-2.jpg\" alt=\"puente-grande-2\" width=\"324\" height=\"216\" srcset=\"https:\/\/tonala.gob.mx\/portal\/wp-content\/uploads\/2016\/12\/Puente-Grande-2.jpg 324w, https:\/\/tonala.gob.mx\/portal\/wp-content\/uploads\/2016\/12\/Puente-Grande-2-300x200.jpg 300w\" sizes=\"(max-width: 324px) 100vw, 324px\" \/><\/p>\n","protected":false},"excerpt":{"rendered":"<p>Delegaci\u00f3n localizada al sur del municipio y al norte con el R\u00edo Santiago, siendo un pueblo pintoresco lleno de construcciones<\/p>\n","protected":false},"author":1,"featured_media":0,"parent":0,"menu_order":0,"comment_status":"closed","ping_status":"closed","template":"","meta":{"colormag_page_container_layout":"default_layout","colormag_page_sidebar_layout":"default_layout","footnotes":""},"class_list":["post-8066","page","type-page","status-publish","hentry"],"_links":{"self":[{"href":"https:\/\/tonala.gob.mx\/portal\/wp-json\/wp\/v2\/pages\/8066","targetHints":{"allow":["GET"]}}],"collection":[{"href":"https:\/\/tonala.gob.mx\/portal\/wp-json\/wp\/v2\/pages"}],"about":[{"href":"https:\/\/tonala.gob.mx\/portal\/wp-json\/wp\/v2\/types\/page"}],"author":[{"embeddable":true,"href":"https:\/\/tonala.gob.mx\/portal\/wp-json\/wp\/v2\/users\/1"}],"replies":[{"embeddable":true,"href":"https:\/\/tonala.gob.mx\/portal\/wp-json\/wp\/v2\/comments?post=8066"}],"version-history":[{"count":1,"href":"https:\/\/tonala.gob.mx\/portal\/wp-json\/wp\/v2\/pages\/8066\/revisions"}],"predecessor-version":[{"id":8068,"href":"https:\/\/tonala.gob.mx\/portal\/wp-json\/wp\/v2\/pages\/8066\/revisions\/8068"}],"wp:attachment":[{"href":"https:\/\/tonala.gob.mx\/portal\/wp-json\/wp\/v2\/media?parent=8066"}],"curies":[{"name":"wp","href":"https:\/\/api.w.org\/{rel}","templated":true}]}}