{"id":792,"date":"2015-11-24T20:59:28","date_gmt":"2015-11-24T20:59:28","guid":{"rendered":"http:\/\/tonala.gob.mx\/portal\/?page_id=792"},"modified":"2015-11-24T21:06:33","modified_gmt":"2015-11-24T21:06:33","slug":"tramite-de-convenio-de-pagos","status":"publish","type":"page","link":"https:\/\/tonala.gob.mx\/portal\/tramite-de-convenio-de-pagos\/","title":{"rendered":"Tr\u00e1mite de Convenio de Pagos"},"content":{"rendered":"<p>Informaci\u00f3n para realizar este tr\u00e1mite:<\/p>\n<table width=\"100%\">\n<tbody>\n<tr>\n<td width=\"35%\">Direcci\u00f3n:<\/td>\n<td width=\"65%\">JEFATURA DE CAJAS<\/td>\n<\/tr>\n<tr>\n<td width=\"35%\">Domicilio:<\/td>\n<td width=\"65%\">MORELOS NO. 20<\/td>\n<\/tr>\n<tr>\n<td width=\"35%\">Tel\u00e9fono para dar seguimiento al tr\u00e1mite:<\/td>\n<td width=\"65%\">35866000 EXT. 1336<\/td>\n<\/tr>\n<tr>\n<td width=\"35%\">Nombre del tr\u00e1mite:<\/td>\n<td width=\"65%\">CONVENIO DE PAGOS<\/td>\n<\/tr>\n<tr>\n<td width=\"35%\">Descripci\u00f3n:<\/td>\n<td width=\"65%\">IMPUESTO PREDIAL \u2013 CONVENIOS DIVERSOS (GENERAL)<\/p>\n<p>MULTAS Y REFRENDOS<\/td>\n<\/tr>\n<tr>\n<td width=\"35%\">Formato (si se tiene en digital):<\/td>\n<td width=\"65%\">FORMATO YA EXISTENTE SIN COSTO<\/td>\n<\/tr>\n<tr>\n<td width=\"35%\">Tiempo de respuesta:<\/td>\n<td width=\"65%\">PLAZOS DE 3 A 6 MESES O EXCEPCI\u00d3N 1 A\u00d1O.<\/td>\n<\/tr>\n<tr>\n<td width=\"35%\">Responsable del tr\u00e1mite :<\/td>\n<td width=\"65%\">MARIA ESTHER VELOZ AMADOR\u00a0\u00a0 &#8211;\u00a0\u00a0 PREDIAL.<\/td>\n<\/tr>\n<\/tbody>\n<\/table>\n","protected":false},"excerpt":{"rendered":"<p>Informaci\u00f3n para realizar este tr\u00e1mite: Direcci\u00f3n: JEFATURA DE CAJAS Domicilio: MORELOS NO. 20 Tel\u00e9fono para dar seguimiento al tr\u00e1mite: 35866000<\/p>\n","protected":false},"author":1,"featured_media":0,"parent":0,"menu_order":0,"comment_status":"closed","ping_status":"closed","template":"","meta":{"colormag_page_container_layout":"default_layout","colormag_page_sidebar_layout":"default_layout","footnotes":""},"class_list":["post-792","page","type-page","status-publish","hentry"],"_links":{"self":[{"href":"https:\/\/tonala.gob.mx\/portal\/wp-json\/wp\/v2\/pages\/792","targetHints":{"allow":["GET"]}}],"collection":[{"href":"https:\/\/tonala.gob.mx\/portal\/wp-json\/wp\/v2\/pages"}],"about":[{"href":"https:\/\/tonala.gob.mx\/portal\/wp-json\/wp\/v2\/types\/page"}],"author":[{"embeddable":true,"href":"https:\/\/tonala.gob.mx\/portal\/wp-json\/wp\/v2\/users\/1"}],"replies":[{"embeddable":true,"href":"https:\/\/tonala.gob.mx\/portal\/wp-json\/wp\/v2\/comments?post=792"}],"version-history":[{"count":1,"href":"https:\/\/tonala.gob.mx\/portal\/wp-json\/wp\/v2\/pages\/792\/revisions"}],"predecessor-version":[{"id":793,"href":"https:\/\/tonala.gob.mx\/portal\/wp-json\/wp\/v2\/pages\/792\/revisions\/793"}],"wp:attachment":[{"href":"https:\/\/tonala.gob.mx\/portal\/wp-json\/wp\/v2\/media?parent=792"}],"curies":[{"name":"wp","href":"https:\/\/api.w.org\/{rel}","templated":true}]}}