{"id":7856,"date":"2016-12-06T14:21:51","date_gmt":"2016-12-06T20:21:51","guid":{"rendered":"http:\/\/tonala.gob.mx\/portal\/?page_id=7856"},"modified":"2016-12-14T11:54:54","modified_gmt":"2016-12-14T17:54:54","slug":"santuario-del-sagrado-corazon","status":"publish","type":"page","link":"https:\/\/tonala.gob.mx\/portal\/santuario-del-sagrado-corazon\/","title":{"rendered":"Santuario del Sagrado Coraz\u00f3n"},"content":{"rendered":"<p style=\"text-align: justify;\">Localizado enfrente de la plaza principal, su arquitectura es renacentista en el interior y neog\u00f3tica en el exterior. Tiene al frente un amplio atrio, al cual se ingresa por un arco apuntado desde donde se aprecian sus tres tradicionales torrecillas.<\/p>\n<p style=\"text-align: justify;\">El antiguo Hospital de la Virgen de la Soledad fue demolido y en su lugar se edific\u00f3 el actual Santuario del Sagrado Coraz\u00f3n que bendecido en 1899 por el Pbro. Jaime de Anesagasti y Llamas, y terminado en su totalidad en 1901.<\/p>\n<p style=\"text-align: justify;\">El interior tiene 12 esbeltas columnas de capiteles corintios que sostienen 10 arcos g\u00f3ticos, los cuales dividen el recinto en 3 amplias naves. En las paredes se observan cuadros de v\u00eda crucis al \u00f3leo de origen italiano notable por sus dimensiones.<\/p>\n<p><img fetchpriority=\"high\" decoding=\"async\" class=\"alignnone size-full wp-image-7857\" src=\"https:\/\/tonala.gob.mx\/portal\/wp-content\/uploads\/2016\/12\/Santuario_1.jpg\" alt=\"santuario_1\" width=\"324\" height=\"216\" srcset=\"https:\/\/tonala.gob.mx\/portal\/wp-content\/uploads\/2016\/12\/Santuario_1.jpg 324w, https:\/\/tonala.gob.mx\/portal\/wp-content\/uploads\/2016\/12\/Santuario_1-300x200.jpg 300w\" sizes=\"(max-width: 324px) 100vw, 324px\" \/>\u00a0<img decoding=\"async\" class=\"alignnone size-full wp-image-7811\" src=\"https:\/\/tonala.gob.mx\/portal\/wp-content\/uploads\/2015\/10\/Santuario-1.jpg\" alt=\"santuario\" width=\"324\" height=\"216\" srcset=\"https:\/\/tonala.gob.mx\/portal\/wp-content\/uploads\/2015\/10\/Santuario-1.jpg 324w, https:\/\/tonala.gob.mx\/portal\/wp-content\/uploads\/2015\/10\/Santuario-1-300x200.jpg 300w\" sizes=\"(max-width: 324px) 100vw, 324px\" \/><\/p>\n","protected":false},"excerpt":{"rendered":"<p>Localizado enfrente de la plaza principal, su arquitectura es renacentista en el interior y neog\u00f3tica en el exterior. Tiene al<\/p>\n","protected":false},"author":1,"featured_media":0,"parent":0,"menu_order":0,"comment_status":"closed","ping_status":"closed","template":"","meta":{"colormag_page_container_layout":"default_layout","colormag_page_sidebar_layout":"default_layout","footnotes":""},"class_list":["post-7856","page","type-page","status-publish","hentry"],"_links":{"self":[{"href":"https:\/\/tonala.gob.mx\/portal\/wp-json\/wp\/v2\/pages\/7856","targetHints":{"allow":["GET"]}}],"collection":[{"href":"https:\/\/tonala.gob.mx\/portal\/wp-json\/wp\/v2\/pages"}],"about":[{"href":"https:\/\/tonala.gob.mx\/portal\/wp-json\/wp\/v2\/types\/page"}],"author":[{"embeddable":true,"href":"https:\/\/tonala.gob.mx\/portal\/wp-json\/wp\/v2\/users\/1"}],"replies":[{"embeddable":true,"href":"https:\/\/tonala.gob.mx\/portal\/wp-json\/wp\/v2\/comments?post=7856"}],"version-history":[{"count":2,"href":"https:\/\/tonala.gob.mx\/portal\/wp-json\/wp\/v2\/pages\/7856\/revisions"}],"predecessor-version":[{"id":8057,"href":"https:\/\/tonala.gob.mx\/portal\/wp-json\/wp\/v2\/pages\/7856\/revisions\/8057"}],"wp:attachment":[{"href":"https:\/\/tonala.gob.mx\/portal\/wp-json\/wp\/v2\/media?parent=7856"}],"curies":[{"name":"wp","href":"https:\/\/api.w.org\/{rel}","templated":true}]}}