{"id":7852,"date":"2016-12-06T14:18:14","date_gmt":"2016-12-06T20:18:14","guid":{"rendered":"http:\/\/tonala.gob.mx\/portal\/?page_id=7852"},"modified":"2016-12-14T11:52:23","modified_gmt":"2016-12-14T17:52:23","slug":"parroquia-de-santiago-apostol","status":"publish","type":"page","link":"https:\/\/tonala.gob.mx\/portal\/parroquia-de-santiago-apostol\/","title":{"rendered":"Parroquia de Santiago Ap\u00f3stol"},"content":{"rendered":"<p>Localizado en la calle Pino Su\u00e1rez esquina Pedro Moreno, fue el segundo templo construido en el Valle de Atemajac, el cual data del siglo XVII. Sin duda alguna es de las construcciones sacras m\u00e1s bellas y m\u00e1s antiguas de Tonal\u00e1 y del estado de Jalisco. Esta parroquia representa la magn\u00edfica arquitectura religiosa de la \u00e9poca colonial, su inicio constructivo data de finales del siglo XVI Y principios del XVll, concluy\u00e9ndose en la segunda mitad del siglo XVIII, lo que dio como consecuencia que la construcci\u00f3n muestre diversos estilos arquitect\u00f3nicos. Hay partes de estilo neocl\u00e1sico, algo de barroco y tambi\u00e9n neocolonial, aunque hay que reconocer que en conjunto hay cohesi\u00f3n. El interior es armonioso, todav\u00eda del estilo neocl\u00e1sico; su planta es de tres naves con dos hileras de columnas toscanas coronadas con 21 b\u00f3vedas de arista, el retablo actual fue dise\u00f1ado en 1954 por el arquitecto y presb\u00edtero Pedro Castellanos importante arquitecto innovador y ampliamente reconocido. En el frente de la parroquia podemos encontrar el monumento a P\u00edo IX.<\/p>\n<p><img fetchpriority=\"high\" decoding=\"async\" class=\"alignnone wp-image-7853 size-medium\" src=\"https:\/\/tonala.gob.mx\/portal\/wp-content\/uploads\/2016\/12\/Santiago_1-300x200.jpg\" alt=\"santiago_1\" width=\"300\" height=\"200\" srcset=\"https:\/\/tonala.gob.mx\/portal\/wp-content\/uploads\/2016\/12\/Santiago_1-300x200.jpg 300w, https:\/\/tonala.gob.mx\/portal\/wp-content\/uploads\/2016\/12\/Santiago_1.jpg 324w\" sizes=\"(max-width: 300px) 100vw, 300px\" \/>\u00a0<img decoding=\"async\" class=\"alignnone wp-image-7807 size-medium\" src=\"https:\/\/tonala.gob.mx\/portal\/wp-content\/uploads\/2015\/10\/Santo_San-300x200.jpg\" alt=\"santo_san\" width=\"300\" height=\"200\" srcset=\"https:\/\/tonala.gob.mx\/portal\/wp-content\/uploads\/2015\/10\/Santo_San-300x200.jpg 300w, https:\/\/tonala.gob.mx\/portal\/wp-content\/uploads\/2015\/10\/Santo_San.jpg 324w\" sizes=\"(max-width: 300px) 100vw, 300px\" \/><\/p>\n","protected":false},"excerpt":{"rendered":"<p>Localizado en la calle Pino Su\u00e1rez esquina Pedro Moreno, fue el segundo templo construido en el Valle de Atemajac, el<\/p>\n","protected":false},"author":1,"featured_media":0,"parent":0,"menu_order":0,"comment_status":"closed","ping_status":"closed","template":"","meta":{"colormag_page_container_layout":"default_layout","colormag_page_sidebar_layout":"default_layout","footnotes":""},"class_list":["post-7852","page","type-page","status-publish","hentry"],"_links":{"self":[{"href":"https:\/\/tonala.gob.mx\/portal\/wp-json\/wp\/v2\/pages\/7852","targetHints":{"allow":["GET"]}}],"collection":[{"href":"https:\/\/tonala.gob.mx\/portal\/wp-json\/wp\/v2\/pages"}],"about":[{"href":"https:\/\/tonala.gob.mx\/portal\/wp-json\/wp\/v2\/types\/page"}],"author":[{"embeddable":true,"href":"https:\/\/tonala.gob.mx\/portal\/wp-json\/wp\/v2\/users\/1"}],"replies":[{"embeddable":true,"href":"https:\/\/tonala.gob.mx\/portal\/wp-json\/wp\/v2\/comments?post=7852"}],"version-history":[{"count":2,"href":"https:\/\/tonala.gob.mx\/portal\/wp-json\/wp\/v2\/pages\/7852\/revisions"}],"predecessor-version":[{"id":8056,"href":"https:\/\/tonala.gob.mx\/portal\/wp-json\/wp\/v2\/pages\/7852\/revisions\/8056"}],"wp:attachment":[{"href":"https:\/\/tonala.gob.mx\/portal\/wp-json\/wp\/v2\/media?parent=7852"}],"curies":[{"name":"wp","href":"https:\/\/api.w.org\/{rel}","templated":true}]}}