{"id":7846,"date":"2016-12-06T14:11:07","date_gmt":"2016-12-06T20:11:07","guid":{"rendered":"http:\/\/tonala.gob.mx\/portal\/?page_id=7846"},"modified":"2016-12-06T14:11:07","modified_gmt":"2016-12-06T20:11:07","slug":"cerro-de-la-reina","status":"publish","type":"page","link":"https:\/\/tonala.gob.mx\/portal\/cerro-de-la-reina\/","title":{"rendered":"Cerro de la Reina"},"content":{"rendered":"<p style=\"text-align: justify;\">Lugar de tradiciones, leyendas e historia, ideal para la meditaci\u00f3n y la observaci\u00f3n, ya que est\u00e1 considerado como un observatorio natural desde el cual se aprecia un\u00a0 hermoso panorama de los cuatro puntos cardinales.<\/p>\n<p style=\"text-align: justify;\"><img fetchpriority=\"high\" decoding=\"async\" class=\"alignnone size-full wp-image-7849\" src=\"https:\/\/tonala.gob.mx\/portal\/wp-content\/uploads\/2016\/12\/Cerro_re2.jpg\" alt=\"cerro_re2\" width=\"324\" height=\"216\" srcset=\"https:\/\/tonala.gob.mx\/portal\/wp-content\/uploads\/2016\/12\/Cerro_re2.jpg 324w, https:\/\/tonala.gob.mx\/portal\/wp-content\/uploads\/2016\/12\/Cerro_re2-300x200.jpg 300w\" sizes=\"(max-width: 324px) 100vw, 324px\" \/>\u00a0<img decoding=\"async\" class=\"alignnone size-full wp-image-7848\" src=\"https:\/\/tonala.gob.mx\/portal\/wp-content\/uploads\/2016\/12\/Cerro_rei3.jpg\" alt=\"cerro_rei3\" width=\"324\" height=\"216\" srcset=\"https:\/\/tonala.gob.mx\/portal\/wp-content\/uploads\/2016\/12\/Cerro_rei3.jpg 324w, https:\/\/tonala.gob.mx\/portal\/wp-content\/uploads\/2016\/12\/Cerro_rei3-300x200.jpg 300w\" sizes=\"(max-width: 324px) 100vw, 324px\" \/><\/p>\n<p style=\"text-align: justify;\">Al venir a esta Villa Alfarera, es ineludible visitar al cerro de la reina, un lugar de tradiciones, leyendas e historia, ideal para la meditaci\u00f3n y la observaci\u00f3n, ya que est\u00e1 considerado como un observatorio natural desde el cual se aprecia un\u00a0 hermoso panorama de los cuatro puntos cardinales. Su cima se engalana con ocho estatuas de guerreros ind\u00edgenas custodiando al monumento a la Reina Cihualpilli construido en 1887 y realizado por Don Remigio el grande, una capilla edificada con piedra de castilla dedicada a la Virgen de Guadalupe en 1970 y terminada en 1974 en su totalidad\u00a0 y una plaza en honor a la Bandera Nacional, en donde encontraremos una bandera de una hasta de 42 metros de alto y un di\u00e1metro de la bandera de 20 metros de ancho por 11.55 de largo, inaugurada el 18 de febrero de 1999 por el entonces presidente de la Rep\u00fablica Ernesto Cedillo Ponce de Le\u00f3n y el entonces presidente de Tonal\u00e1 el Lic. Jorge Arana Arana.<\/p>\n<p style=\"text-align: justify;\"><img decoding=\"async\" class=\"alignnone size-full wp-image-7847\" src=\"https:\/\/tonala.gob.mx\/portal\/wp-content\/uploads\/2016\/12\/Cerro_rei4.jpg\" alt=\"cerro_rei4\" width=\"324\" height=\"216\" srcset=\"https:\/\/tonala.gob.mx\/portal\/wp-content\/uploads\/2016\/12\/Cerro_rei4.jpg 324w, https:\/\/tonala.gob.mx\/portal\/wp-content\/uploads\/2016\/12\/Cerro_rei4-300x200.jpg 300w\" sizes=\"(max-width: 324px) 100vw, 324px\" \/>\u00a0<img loading=\"lazy\" decoding=\"async\" class=\"alignnone size-full wp-image-7806\" src=\"https:\/\/tonala.gob.mx\/portal\/wp-content\/uploads\/2015\/10\/Cerro_Re.jpg\" alt=\"cerro_re\" width=\"324\" height=\"216\" srcset=\"https:\/\/tonala.gob.mx\/portal\/wp-content\/uploads\/2015\/10\/Cerro_Re.jpg 324w, https:\/\/tonala.gob.mx\/portal\/wp-content\/uploads\/2015\/10\/Cerro_Re-300x200.jpg 300w\" sizes=\"(max-width: 324px) 100vw, 324px\" \/><\/p>\n","protected":false},"excerpt":{"rendered":"<p>Lugar de tradiciones, leyendas e historia, ideal para la meditaci\u00f3n y la observaci\u00f3n, ya que est\u00e1 considerado como un observatorio<\/p>\n","protected":false},"author":1,"featured_media":0,"parent":0,"menu_order":0,"comment_status":"closed","ping_status":"closed","template":"","meta":{"colormag_page_container_layout":"default_layout","colormag_page_sidebar_layout":"default_layout","footnotes":""},"class_list":["post-7846","page","type-page","status-publish","hentry"],"_links":{"self":[{"href":"https:\/\/tonala.gob.mx\/portal\/wp-json\/wp\/v2\/pages\/7846","targetHints":{"allow":["GET"]}}],"collection":[{"href":"https:\/\/tonala.gob.mx\/portal\/wp-json\/wp\/v2\/pages"}],"about":[{"href":"https:\/\/tonala.gob.mx\/portal\/wp-json\/wp\/v2\/types\/page"}],"author":[{"embeddable":true,"href":"https:\/\/tonala.gob.mx\/portal\/wp-json\/wp\/v2\/users\/1"}],"replies":[{"embeddable":true,"href":"https:\/\/tonala.gob.mx\/portal\/wp-json\/wp\/v2\/comments?post=7846"}],"version-history":[{"count":1,"href":"https:\/\/tonala.gob.mx\/portal\/wp-json\/wp\/v2\/pages\/7846\/revisions"}],"predecessor-version":[{"id":7850,"href":"https:\/\/tonala.gob.mx\/portal\/wp-json\/wp\/v2\/pages\/7846\/revisions\/7850"}],"wp:attachment":[{"href":"https:\/\/tonala.gob.mx\/portal\/wp-json\/wp\/v2\/media?parent=7846"}],"curies":[{"name":"wp","href":"https:\/\/api.w.org\/{rel}","templated":true}]}}