{"id":7833,"date":"2016-12-06T13:40:23","date_gmt":"2016-12-06T19:40:23","guid":{"rendered":"http:\/\/tonala.gob.mx\/portal\/?page_id=7833"},"modified":"2022-01-13T11:22:48","modified_gmt":"2022-01-13T17:22:48","slug":"artesanias-2","status":"publish","type":"page","link":"https:\/\/tonala.gob.mx\/portal\/artesanias-2\/","title":{"rendered":"Artesan\u00edas"},"content":{"rendered":"<p><img fetchpriority=\"high\" decoding=\"async\" class=\"alignleft wp-image-8368 size-medium\" src=\"https:\/\/tonala.gob.mx\/portal\/wp-content\/uploads\/2016\/12\/BARRO-BRUN\u0303IDO-199x300.jpg\" alt=\"barro-brun%cc%83ido\" width=\"199\" height=\"300\" srcset=\"https:\/\/tonala.gob.mx\/portal\/wp-content\/uploads\/2016\/12\/BARRO-BRUN\u0303IDO-199x300.jpg 199w, https:\/\/tonala.gob.mx\/portal\/wp-content\/uploads\/2016\/12\/BARRO-BRUN\u0303IDO-768x1158.jpg 768w, https:\/\/tonala.gob.mx\/portal\/wp-content\/uploads\/2016\/12\/BARRO-BRUN\u0303IDO-679x1024.jpg 679w, https:\/\/tonala.gob.mx\/portal\/wp-content\/uploads\/2016\/12\/BARRO-BRUN\u0303IDO.jpg 1496w\" sizes=\"(max-width: 199px) 100vw, 199px\" \/><\/p>\n<p style=\"text-align: justify;\"><strong>BARRO BRU\u00d1IDO<\/strong><\/p>\n<p style=\"text-align: justify;\">Su nombre se debe a la t\u00e9cnica para obtener el brillo de la pieza que se obtiene tall\u00e1ndola con un\u00a0 metal llamado pirita. Tambi\u00e9n es conocida como t\u00e9cnica madre por tener caracter\u00edsticas prehisp\u00e1nicas en su proceso de elaboraci\u00f3n.<\/p>\n<p style=\"text-align: justify;\">Es la t\u00e9cnica de la cual se derivan otras de barro, las piezas elaboradas con esta t\u00e9cnica tiene un aspecto brillante y terso, tambi\u00e9n conocida como \u201cLOZA DE AGUA\u201d, por el prop\u00f3sito a que se destina la contenci\u00f3n del agua, hoy en d\u00eda solo son decorativas.<\/p>\n<p style=\"text-align: justify;\"><strong><img decoding=\"async\" class=\"wp-image-8366 size-medium alignright\" src=\"https:\/\/tonala.gob.mx\/portal\/wp-content\/uploads\/2016\/12\/BARRO-CANELO-300x200.jpg\" alt=\"barro-canelo\" width=\"300\" height=\"200\" srcset=\"https:\/\/tonala.gob.mx\/portal\/wp-content\/uploads\/2016\/12\/BARRO-CANELO-300x200.jpg 300w, https:\/\/tonala.gob.mx\/portal\/wp-content\/uploads\/2016\/12\/BARRO-CANELO-768x512.jpg 768w, https:\/\/tonala.gob.mx\/portal\/wp-content\/uploads\/2016\/12\/BARRO-CANELO-1024x683.jpg 1024w\" sizes=\"(max-width: 300px) 100vw, 300px\" \/>BARRO CANELO O LOZA DE OLOR<\/strong><\/p>\n<p style=\"text-align: justify;\">El nombre de barro canelo, se debe a los colores que asemejan a la canela y la loza de olor porque la arcilla al ponerse en contacto con el agua despide un olor caracter\u00edstico, se dice que \u201chuele a tierra mojada\u201d. Esta t\u00e9cnica ha pasado de generaci\u00f3n en generaci\u00f3n a trav\u00e9s de manos que transforman hermosas obras de arte en la t\u00e9cnica de BARRO CANELO.<\/p>\n<p style=\"text-align: justify;\">Uno de sus grandes exponentes es sin duda alguna Don Nicasio Pajarito, sin olvidar a la familias Pila, Regin, Fajardo, entre otras que son dignos representantes de dicha t\u00e9cnica de la delegaci\u00f3n del Rosario.<\/p>\n<p style=\"text-align: justify;\"><strong><img decoding=\"async\" class=\"wp-image-8370 size-medium alignleft\" src=\"https:\/\/tonala.gob.mx\/portal\/wp-content\/uploads\/2016\/12\/BARRO-BANDERA-300x199.jpg\" alt=\"barro-bandera\" width=\"300\" height=\"199\" srcset=\"https:\/\/tonala.gob.mx\/portal\/wp-content\/uploads\/2016\/12\/BARRO-BANDERA-300x199.jpg 300w, https:\/\/tonala.gob.mx\/portal\/wp-content\/uploads\/2016\/12\/BARRO-BANDERA-768x509.jpg 768w, https:\/\/tonala.gob.mx\/portal\/wp-content\/uploads\/2016\/12\/BARRO-BANDERA-1024x679.jpg 1024w\" sizes=\"(max-width: 300px) 100vw, 300px\" \/>BARRO BANDERA<\/strong><\/p>\n<p style=\"text-align: justify;\">Dentro de la gran variedad de formas de trabajar el barro,\u00a0 podemos encontrar una de las m\u00e1s antiguas y tradicionales, nos referimos al BARRO BANDERA. Toma este nombre ya que en cada pieza est\u00e1n plasmados los tres colores que simbolizan nuestra bandera nacional, identidad de todos\u00a0 los mexicanos.<\/p>\n<p style=\"text-align: justify;\"><strong><img loading=\"lazy\" decoding=\"async\" class=\"wp-image-8369 size-medium alignright\" src=\"https:\/\/tonala.gob.mx\/portal\/wp-content\/uploads\/2016\/12\/BARRO-BETUS-199x300.jpg\" alt=\"barro-betus\" width=\"199\" height=\"300\" srcset=\"https:\/\/tonala.gob.mx\/portal\/wp-content\/uploads\/2016\/12\/BARRO-BETUS-199x300.jpg 199w, https:\/\/tonala.gob.mx\/portal\/wp-content\/uploads\/2016\/12\/BARRO-BETUS-768x1158.jpg 768w, https:\/\/tonala.gob.mx\/portal\/wp-content\/uploads\/2016\/12\/BARRO-BETUS-679x1024.jpg 679w, https:\/\/tonala.gob.mx\/portal\/wp-content\/uploads\/2016\/12\/BARRO-BETUS.jpg 1496w\" sizes=\"(max-width: 199px) 100vw, 199px\" \/>BARRO BETUS<\/strong><\/p>\n<p style=\"text-align: justify;\">El Barro Betus es la rama alfarera m\u00e1s popular de Santa Cruz de las Huertas, que data de la \u00e9poca colonial y se relaciona con un personaje ilustre del municipio, nos referimos a Don Candelario Medrano L\u00f3pez, quien a finales de los a\u00f1os 60\u00b4s fue muy cotizado internacionalmente por sus innumerables figuras.<\/p>\n<p style=\"text-align: justify;\">Las manos m\u00e1gicas de sus artesanos reflejan la esencia e imaginaci\u00f3n a trav\u00e9s de sus bellas obras con la denominaci\u00f3n de surrealista y con algunas caracter\u00edsticas zoomorfas que se realizan en la t\u00e9cnica.<\/p>\n<p style=\"text-align: justify;\"><strong><img loading=\"lazy\" decoding=\"async\" class=\"alignleft wp-image-8367 size-medium\" src=\"https:\/\/tonala.gob.mx\/portal\/wp-content\/uploads\/2016\/12\/BARRO-PETATILLO-300x199.jpg\" alt=\"barro-petatillo\" width=\"300\" height=\"199\" srcset=\"https:\/\/tonala.gob.mx\/portal\/wp-content\/uploads\/2016\/12\/BARRO-PETATILLO-300x199.jpg 300w, https:\/\/tonala.gob.mx\/portal\/wp-content\/uploads\/2016\/12\/BARRO-PETATILLO-768x509.jpg 768w, https:\/\/tonala.gob.mx\/portal\/wp-content\/uploads\/2016\/12\/BARRO-PETATILLO-1024x679.jpg 1024w\" sizes=\"(max-width: 300px) 100vw, 300px\" \/>BARRO PETATILLO<\/strong><\/p>\n<p style=\"text-align: justify;\">Denominado as\u00ed por la finura de las l\u00edneas entrecruzadas simulando un petate. Esta es una de las t\u00e9cnicas artesanales m\u00e1s reconocidas no solo a nivel nacional sino tambi\u00e9n internacional por las hermosas obras de arte que podemos encontrar. Entre los exponentes de este precioso trabajo, podemos mencionar al se\u00f1or Jos\u00e9 Bernabe, Jos\u00e9 Reyes Aguirre, Ger\u00f3nimo Ramos y Javier Ramos.<\/p>\n<p style=\"text-align: justify;\"><img loading=\"lazy\" decoding=\"async\" class=\"alignnone size-full wp-image-7838\" src=\"https:\/\/tonala.gob.mx\/portal\/wp-content\/uploads\/2016\/12\/Artesania_6.jpg\" alt=\"artesania_6\" width=\"206\" height=\"136\" \/><img loading=\"lazy\" decoding=\"async\" class=\"alignnone size-large wp-image-7839\" src=\"https:\/\/tonala.gob.mx\/portal\/wp-content\/uploads\/2016\/12\/Artesania_5.jpg\" alt=\"artesania_5\" width=\"206\" height=\"136\" \/><img loading=\"lazy\" decoding=\"async\" class=\"alignnone size-large wp-image-7840\" src=\"https:\/\/tonala.gob.mx\/portal\/wp-content\/uploads\/2016\/12\/Artesania_4.jpg\" alt=\"artesania_4\" width=\"206\" height=\"136\" \/> <img loading=\"lazy\" decoding=\"async\" class=\"alignnone size-large wp-image-7841\" src=\"https:\/\/tonala.gob.mx\/portal\/wp-content\/uploads\/2016\/12\/Artesania_3.jpg\" alt=\"artesania_3\" width=\"206\" height=\"136\" \/><img loading=\"lazy\" decoding=\"async\" class=\"alignnone size-large wp-image-7842\" src=\"https:\/\/tonala.gob.mx\/portal\/wp-content\/uploads\/2016\/12\/Artesania_2.jpg\" alt=\"artesania_2\" width=\"206\" height=\"136\" \/><img loading=\"lazy\" decoding=\"async\" class=\"alignnone size-large wp-image-7843\" src=\"https:\/\/tonala.gob.mx\/portal\/wp-content\/uploads\/2016\/12\/Artesania_1.jpg\" alt=\"artesania_1\" width=\"206\" height=\"136\" \/><\/p>\n<p><b>TALLERES ARTESANALES<\/b><\/p>\n","protected":false},"excerpt":{"rendered":"<p>BARRO BRU\u00d1IDO Su nombre se debe a la t\u00e9cnica para obtener el brillo de la pieza que se obtiene tall\u00e1ndola<\/p>\n","protected":false},"author":1,"featured_media":0,"parent":0,"menu_order":0,"comment_status":"closed","ping_status":"closed","template":"","meta":{"colormag_page_container_layout":"default_layout","colormag_page_sidebar_layout":"default_layout","footnotes":""},"class_list":["post-7833","page","type-page","status-publish","hentry"],"_links":{"self":[{"href":"https:\/\/tonala.gob.mx\/portal\/wp-json\/wp\/v2\/pages\/7833","targetHints":{"allow":["GET"]}}],"collection":[{"href":"https:\/\/tonala.gob.mx\/portal\/wp-json\/wp\/v2\/pages"}],"about":[{"href":"https:\/\/tonala.gob.mx\/portal\/wp-json\/wp\/v2\/types\/page"}],"author":[{"embeddable":true,"href":"https:\/\/tonala.gob.mx\/portal\/wp-json\/wp\/v2\/users\/1"}],"replies":[{"embeddable":true,"href":"https:\/\/tonala.gob.mx\/portal\/wp-json\/wp\/v2\/comments?post=7833"}],"version-history":[{"count":9,"href":"https:\/\/tonala.gob.mx\/portal\/wp-json\/wp\/v2\/pages\/7833\/revisions"}],"predecessor-version":[{"id":34012,"href":"https:\/\/tonala.gob.mx\/portal\/wp-json\/wp\/v2\/pages\/7833\/revisions\/34012"}],"wp:attachment":[{"href":"https:\/\/tonala.gob.mx\/portal\/wp-json\/wp\/v2\/media?parent=7833"}],"curies":[{"name":"wp","href":"https:\/\/api.w.org\/{rel}","templated":true}]}}