{"id":7574,"date":"2016-11-23T13:22:48","date_gmt":"2016-11-23T19:22:48","guid":{"rendered":"http:\/\/tonala.gob.mx\/portal\/?page_id=7574"},"modified":"2016-11-23T13:23:25","modified_gmt":"2016-11-23T19:23:25","slug":"integrantes-del-ayuntamiento-y-de-los-funcionarios-de-primer-nivel","status":"publish","type":"page","link":"https:\/\/tonala.gob.mx\/portal\/integrantes-del-ayuntamiento-y-de-los-funcionarios-de-primer-nivel\/","title":{"rendered":"Integrantes del Ayuntamiento y Funcionarios de primer nivel"},"content":{"rendered":"<table>\n<tbody>\n<tr>\n<td>\u00a0<em><strong>Gobierno<\/strong>\u00a0<\/em><\/td>\n<td><\/td>\n<\/tr>\n<tr>\n<td><\/td>\n<td>\u00a0<a href=\"https:\/\/tonala.gob.mx\/portal\/presidente-municipal\/\">Presidente Municipal P.A.S.Sergio Armando Ch\u00e1vez D\u00e1valos<\/a><\/td>\n<\/tr>\n<tr>\n<td><\/td>\n<td>\u00a0<a href=\"https:\/\/tonala.gob.mx\/portal\/secretario-general\/\">Secretario General\u00a0Lic. \u00c1ngel Enrique Guzm\u00e1n Loza<\/a><\/td>\n<\/tr>\n<tr>\n<td><\/td>\n<td>\u00a0<a href=\"https:\/\/tonala.gob.mx\/portal\/sindico\/\">S\u00edndico\u00a0Lic.\u00a0Nicol\u00e1s Maestro Landeros<\/a><\/td>\n<\/tr>\n<tr>\n<td>\u00a0<em><strong>Regidores\u00a0<\/strong><\/em><\/td>\n<td><\/td>\n<\/tr>\n<tr>\n<td><\/td>\n<td>\u00a0<a href=\"https:\/\/tonala.gob.mx\/portal\/c-melina-gallegos-velazquez\/\">Regidora Melina Gallegos Vel\u00e1zquez<\/a><\/td>\n<\/tr>\n<tr>\n<td><\/td>\n<td>\u00a0<a href=\"https:\/\/tonala.gob.mx\/portal\/c-enrique-palacios-diaz\/\">Regidor Enrique Palacios D\u00edaz<\/a><\/td>\n<\/tr>\n<tr>\n<td><\/td>\n<td>\u00a0<a href=\"https:\/\/tonala.gob.mx\/portal\/c-laura-berenice-figueroa-benitez\/\">Regidora Laura Berenice Figueroa Ben\u00edtez\u00a0<\/a><\/td>\n<\/tr>\n<tr>\n<td><\/td>\n<td>\u00a0<a href=\"https:\/\/tonala.gob.mx\/portal\/lic-hector-osvaldo-martinez-duron\/\">Regidor Lic. H\u00e9ctor Osvaldo Mart\u00ednez Dur\u00f3n<\/a><\/td>\n<\/tr>\n<tr>\n<td><\/td>\n<td>\u00a0<a href=\"https:\/\/tonala.gob.mx\/portal\/arq-celia-isabel-gauna-ruiz-de-leon\/\">Regidora Arq. Celia Isabel Gauna Ru\u00edz de Le\u00f3n<\/a><\/td>\n<\/tr>\n<tr>\n<td><\/td>\n<td>\u00a0<a href=\"https:\/\/tonala.gob.mx\/portal\/lic-roberto-amador-cardenas-blake\/\">Regidor\u00a0Lic. Roberto Amador C\u00e1rdenas Blake<\/a><\/td>\n<\/tr>\n<tr>\n<td><\/td>\n<td>\u00a0<a href=\"https:\/\/tonala.gob.mx\/portal\/c-claudia-yazmin-rangel-venegas\/\">Regidora\u00a0Claudia Yazm\u00edn Rangel Venegas<\/a><\/td>\n<\/tr>\n<tr>\n<td><\/td>\n<td>\u00a0<a href=\"https:\/\/tonala.gob.mx\/portal\/ing-samir-sarwerzide-de-la-torre-leyva\/\">Regidor\u00a0Ing. Samir Sarwerzide De La Torre Leyva<\/a><\/td>\n<\/tr>\n<tr>\n<td><\/td>\n<td>\u00a0<a href=\"https:\/\/tonala.gob.mx\/portal\/mtra-olivia-venegas-perez\/\">Regidora\u00a0Mtra. Olivia Venegas P\u00e9rez<\/a><\/td>\n<\/tr>\n<tr>\n<td><\/td>\n<td>\u00a0<a href=\"https:\/\/tonala.gob.mx\/portal\/c-florentino-marquez-garcia\/\">Regidor\u00a0Florentino M\u00e1rquez Garc\u00eda<\/a><\/td>\n<\/tr>\n<tr>\n<td><\/td>\n<td>\u00a0<a href=\"https:\/\/tonala.gob.mx\/portal\/lic-ana-priscila-gonzalez-garcia\/\">Regidora \u00a0Lic. Ana Priscila Gonz\u00e1lez Garc\u00eda<\/a><\/td>\n<\/tr>\n<tr>\n<td><\/td>\n<td>\u00a0<a href=\"https:\/\/tonala.gob.mx\/portal\/mtro-salvador-castaneda-guillen\/\">Regidor\u00a0Mtro. Salvador Casta\u00f1eda Guill\u00e9n<\/a><\/td>\n<\/tr>\n<tr>\n<td><\/td>\n<td>\u00a0<a href=\"https:\/\/tonala.gob.mx\/portal\/lic-jorge-luis-vizcarra-mayorga\/\">Regidor\u00a0Lic. Jorge Luis Vizcarra Mayorga<\/a><\/td>\n<\/tr>\n<tr>\n<td><\/td>\n<td>\u00a0<a href=\"https:\/\/tonala.gob.mx\/portal\/c-guillermo-mendoza-quintero\/\">Regidor\u00a0Guillermo Mendoza Quintero<\/a><\/td>\n<\/tr>\n<tr>\n<td><\/td>\n<td>\u00a0<a href=\"https:\/\/tonala.gob.mx\/portal\/c-gabriel-castellanos-valencia\/\">Regidor\u00a0Gabriel Castellanos Valencia<\/a><\/td>\n<\/tr>\n<tr>\n<td>\u00a0<em><strong>Direcciones<\/strong><\/em><\/td>\n<td><\/td>\n<\/tr>\n<tr>\n<td><\/td>\n<td>\u00a0<a href=\"https:\/\/tonala.gob.mx\/portal\/despacho-de-presidencia\/\">Despacho de Presidencia<\/a><\/td>\n<\/tr>\n<tr>\n<td><\/td>\n<td>\u00a0<a href=\"https:\/\/tonala.gob.mx\/portal\/sindicatura\/\">Sindicatura<\/a><\/td>\n<\/tr>\n<tr>\n<td><\/td>\n<td>\u00a0<a href=\"https:\/\/tonala.gob.mx\/portal\/secretaria-general\/\">Secretar\u00eda General<\/a><\/td>\n<\/tr>\n<tr>\n<td><\/td>\n<td>\u00a0<a href=\"https:\/\/tonala.gob.mx\/portal\/hacienda-municipal\/\">Hacienda Municipal<\/a><\/td>\n<\/tr>\n<tr>\n<td><\/td>\n<td>\u00a0<a href=\"https:\/\/tonala.gob.mx\/portal\/administracion-y-desarrollo-humano\/\">Direcci\u00f3n General de Administraci\u00f3n y Desarrollo Humano<\/a><\/td>\n<\/tr>\n<tr>\n<td><\/td>\n<td>\u00a0<a href=\"https:\/\/tonala.gob.mx\/portal\/direccion-general-de-promocion-desarrollo-economico-turistico-y-artesanal\/\">Direcci\u00f3n General de Promoci\u00f3n, Desarrollo Econ\u00f3mico, Tur\u00edstico y Artesanal<\/a><\/td>\n<\/tr>\n<tr>\n<td><\/td>\n<td><a href=\"https:\/\/tonala.gob.mx\/portal\/direccion-general-de-obras-publicas\/\">\u00a0Direcci\u00f3n General de Obras P\u00fablicas<\/a><\/td>\n<\/tr>\n<tr>\n<td><\/td>\n<td><a href=\"https:\/\/tonala.gob.mx\/portal\/direccion-general-de-servicios-publicos-municipales\/\">\u00a0Direcci\u00f3n General de Servicios P\u00fablicos Municipales<\/a><\/td>\n<\/tr>\n<tr>\n<td><\/td>\n<td>\u00a0<a href=\"https:\/\/tonala.gob.mx\/portal\/direccion-general-de-planeacion-y-desarrollo-urbano-sustentable\/\">Direcci\u00f3n General de Planeaci\u00f3n y Desarrollo Urbano Sustentable<\/a><\/td>\n<\/tr>\n<tr>\n<td><\/td>\n<td>\u00a0<a href=\"https:\/\/tonala.gob.mx\/portal\/direccion-general-de-desarrollo-social\/\">Direcci\u00f3n General de Desarrollo Social<\/a><\/td>\n<\/tr>\n<tr>\n<td><\/td>\n<td>\u00a0<a href=\"https:\/\/tonala.gob.mx\/portal\/comisaria-general\/\">Comisar\u00eda General<\/a><\/td>\n<\/tr>\n<tr>\n<td><\/td>\n<td>\u00a0<a href=\"https:\/\/tonala.gob.mx\/portal\/comisaria-general\/\">Contralor\u00eda<\/a><\/td>\n<\/tr>\n<tr>\n<td><\/td>\n<td><a href=\"https:\/\/tonala.gob.mx\/portal\/organigrama\/\">\u00a0Organigrama<\/a><\/p>\n<p><a href=\"https:\/\/tonala.gob.mx\/portal\/organigramas-estructurales\/\">Organigramas Estructural<\/a><\/td>\n<\/tr>\n<\/tbody>\n<\/table>\n","protected":false},"excerpt":{"rendered":"<p>\u00a0Gobierno\u00a0 \u00a0Presidente Municipal P.A.S.Sergio Armando Ch\u00e1vez D\u00e1valos \u00a0Secretario General\u00a0Lic. \u00c1ngel Enrique Guzm\u00e1n Loza \u00a0S\u00edndico\u00a0Lic.\u00a0Nicol\u00e1s Maestro Landeros \u00a0Regidores\u00a0 \u00a0Regidora Melina Gallegos<\/p>\n","protected":false},"author":1,"featured_media":0,"parent":0,"menu_order":0,"comment_status":"closed","ping_status":"closed","template":"","meta":{"colormag_page_container_layout":"default_layout","colormag_page_sidebar_layout":"default_layout","footnotes":""},"class_list":["post-7574","page","type-page","status-publish","hentry"],"_links":{"self":[{"href":"https:\/\/tonala.gob.mx\/portal\/wp-json\/wp\/v2\/pages\/7574","targetHints":{"allow":["GET"]}}],"collection":[{"href":"https:\/\/tonala.gob.mx\/portal\/wp-json\/wp\/v2\/pages"}],"about":[{"href":"https:\/\/tonala.gob.mx\/portal\/wp-json\/wp\/v2\/types\/page"}],"author":[{"embeddable":true,"href":"https:\/\/tonala.gob.mx\/portal\/wp-json\/wp\/v2\/users\/1"}],"replies":[{"embeddable":true,"href":"https:\/\/tonala.gob.mx\/portal\/wp-json\/wp\/v2\/comments?post=7574"}],"version-history":[{"count":2,"href":"https:\/\/tonala.gob.mx\/portal\/wp-json\/wp\/v2\/pages\/7574\/revisions"}],"predecessor-version":[{"id":7576,"href":"https:\/\/tonala.gob.mx\/portal\/wp-json\/wp\/v2\/pages\/7574\/revisions\/7576"}],"wp:attachment":[{"href":"https:\/\/tonala.gob.mx\/portal\/wp-json\/wp\/v2\/media?parent=7574"}],"curies":[{"name":"wp","href":"https:\/\/api.w.org\/{rel}","templated":true}]}}