{"id":676,"date":"2015-11-20T19:57:04","date_gmt":"2015-11-20T19:57:04","guid":{"rendered":"http:\/\/tonala.gob.mx\/portal\/?page_id=676"},"modified":"2024-10-01T19:16:43","modified_gmt":"2024-10-02T01:16:43","slug":"bienvenida","status":"publish","type":"page","link":"https:\/\/tonala.gob.mx\/portal\/bienvenida\/","title":{"rendered":"Administraci\u00f3n 2024-2027"},"content":{"rendered":"\n<p><\/p>\n\n\n\n<figure class=\"wp-block-image size-full\"><img fetchpriority=\"high\" decoding=\"async\" width=\"2560\" height=\"1440\" src=\"https:\/\/tonala.gob.mx\/portal\/wp-content\/uploads\/2024\/10\/PLENO-DE-AYUNTAMIENTO-2024-2027-scaled.jpeg\" alt=\"\" class=\"wp-image-36043\" srcset=\"https:\/\/tonala.gob.mx\/portal\/wp-content\/uploads\/2024\/10\/PLENO-DE-AYUNTAMIENTO-2024-2027-scaled.jpeg 2560w, https:\/\/tonala.gob.mx\/portal\/wp-content\/uploads\/2024\/10\/PLENO-DE-AYUNTAMIENTO-2024-2027-300x169.jpeg 300w, https:\/\/tonala.gob.mx\/portal\/wp-content\/uploads\/2024\/10\/PLENO-DE-AYUNTAMIENTO-2024-2027-1024x576.jpeg 1024w, https:\/\/tonala.gob.mx\/portal\/wp-content\/uploads\/2024\/10\/PLENO-DE-AYUNTAMIENTO-2024-2027-768x432.jpeg 768w, https:\/\/tonala.gob.mx\/portal\/wp-content\/uploads\/2024\/10\/PLENO-DE-AYUNTAMIENTO-2024-2027-1536x864.jpeg 1536w, https:\/\/tonala.gob.mx\/portal\/wp-content\/uploads\/2024\/10\/PLENO-DE-AYUNTAMIENTO-2024-2027-2048x1152.jpeg 2048w\" sizes=\"(max-width: 2560px) 100vw, 2560px\" \/><\/figure>\n\n\n<p>Bienvenidos al portal oficial del Gobierno Municipal de Tonal\u00e1, ciudad de la transformaci\u00f3n. Para esta administraci\u00f3n 2024 &#8211; 2027 la transparencia y rendici\u00f3n de cuentas es prioridad. Contaremos con las herramientas digitales que nos ayuden a cumplir con los objetivos de este Gobierno Municipal que tengo el honor de encabezar.<\/p>\n\n\n<p><\/p>\n","protected":false},"excerpt":{"rendered":"<p>Bienvenidos al portal oficial del Gobierno Municipal de Tonal\u00e1, ciudad de la transformaci\u00f3n. Para esta administraci\u00f3n 2024 &#8211; 2027 la<\/p>\n","protected":false},"author":1,"featured_media":0,"parent":0,"menu_order":0,"comment_status":"closed","ping_status":"closed","template":"","meta":{"colormag_page_container_layout":"default_layout","colormag_page_sidebar_layout":"default_layout","footnotes":""},"class_list":["post-676","page","type-page","status-publish","hentry"],"_links":{"self":[{"href":"https:\/\/tonala.gob.mx\/portal\/wp-json\/wp\/v2\/pages\/676","targetHints":{"allow":["GET"]}}],"collection":[{"href":"https:\/\/tonala.gob.mx\/portal\/wp-json\/wp\/v2\/pages"}],"about":[{"href":"https:\/\/tonala.gob.mx\/portal\/wp-json\/wp\/v2\/types\/page"}],"author":[{"embeddable":true,"href":"https:\/\/tonala.gob.mx\/portal\/wp-json\/wp\/v2\/users\/1"}],"replies":[{"embeddable":true,"href":"https:\/\/tonala.gob.mx\/portal\/wp-json\/wp\/v2\/comments?post=676"}],"version-history":[{"count":26,"href":"https:\/\/tonala.gob.mx\/portal\/wp-json\/wp\/v2\/pages\/676\/revisions"}],"predecessor-version":[{"id":36045,"href":"https:\/\/tonala.gob.mx\/portal\/wp-json\/wp\/v2\/pages\/676\/revisions\/36045"}],"wp:attachment":[{"href":"https:\/\/tonala.gob.mx\/portal\/wp-json\/wp\/v2\/media?parent=676"}],"curies":[{"name":"wp","href":"https:\/\/api.w.org\/{rel}","templated":true}]}}