{"id":6646,"date":"2016-10-18T14:35:42","date_gmt":"2016-10-18T14:35:42","guid":{"rendered":"http:\/\/tonala.gob.mx\/portal\/?page_id=6646"},"modified":"2016-10-18T14:35:42","modified_gmt":"2016-10-18T14:35:42","slug":"agenda-oficial-director-juridico-de-la-comisaria-de-seguridad-publica-lic-armando-amante-martinez","status":"publish","type":"page","link":"https:\/\/tonala.gob.mx\/portal\/agenda-oficial-director-juridico-de-la-comisaria-de-seguridad-publica-lic-armando-amante-martinez\/","title":{"rendered":"Agenda Oficial Director Jur\u00eddico de la Comisar\u00eda de Seguridad P\u00fablica Lic. Armando Amante Mart\u00ednez"},"content":{"rendered":"<p><iframe style=\"border-width: 0;\" src=\"https:\/\/calendar.google.com\/calendar\/embed?showPrint=0&amp;height=600&amp;wkst=1&amp;bgcolor=%23FFFFFF&amp;src=6t5i4a5990ev4s688r53iicbqg%40group.calendar.google.com&amp;color=%23B1440E&amp;ctz=America%2FMexico_City\" width=\"800\" height=\"600\" frameborder=\"0\" scrolling=\"no\"><\/iframe><\/p>\n","protected":false},"excerpt":{"rendered":"","protected":false},"author":1,"featured_media":0,"parent":0,"menu_order":0,"comment_status":"closed","ping_status":"closed","template":"","meta":{"colormag_page_container_layout":"default_layout","colormag_page_sidebar_layout":"default_layout","footnotes":""},"class_list":["post-6646","page","type-page","status-publish","hentry"],"_links":{"self":[{"href":"https:\/\/tonala.gob.mx\/portal\/wp-json\/wp\/v2\/pages\/6646","targetHints":{"allow":["GET"]}}],"collection":[{"href":"https:\/\/tonala.gob.mx\/portal\/wp-json\/wp\/v2\/pages"}],"about":[{"href":"https:\/\/tonala.gob.mx\/portal\/wp-json\/wp\/v2\/types\/page"}],"author":[{"embeddable":true,"href":"https:\/\/tonala.gob.mx\/portal\/wp-json\/wp\/v2\/users\/1"}],"replies":[{"embeddable":true,"href":"https:\/\/tonala.gob.mx\/portal\/wp-json\/wp\/v2\/comments?post=6646"}],"version-history":[{"count":1,"href":"https:\/\/tonala.gob.mx\/portal\/wp-json\/wp\/v2\/pages\/6646\/revisions"}],"predecessor-version":[{"id":6647,"href":"https:\/\/tonala.gob.mx\/portal\/wp-json\/wp\/v2\/pages\/6646\/revisions\/6647"}],"wp:attachment":[{"href":"https:\/\/tonala.gob.mx\/portal\/wp-json\/wp\/v2\/media?parent=6646"}],"curies":[{"name":"wp","href":"https:\/\/api.w.org\/{rel}","templated":true}]}}