{"id":659,"date":"2015-11-20T16:01:26","date_gmt":"2015-11-20T16:01:26","guid":{"rendered":"http:\/\/tonala.gob.mx\/portal\/?page_id=659"},"modified":"2016-12-06T13:42:52","modified_gmt":"2016-12-06T19:42:52","slug":"artesanos","status":"publish","type":"page","link":"https:\/\/tonala.gob.mx\/portal\/artesanos\/","title":{"rendered":"Artesanos"},"content":{"rendered":"<table style=\"height: 2955px;\" width=\"1067\" cellspacing=\"0\" cellpadding=\"0\">\n<tbody>\n<tr>\n<td width=\"202\">Nombre:<\/td>\n<td width=\"192\">T\u00e9cnica<\/td>\n<td width=\"181\">Tel\u00e9fono<\/td>\n<td width=\"96\">E-mail<\/td>\n<td width=\"133\">Sitio Web<\/td>\n<\/tr>\n<tr>\n<td>Albino Basulto Landin<\/td>\n<td>Barro Vidriado Sin plomo<\/td>\n<td>37 92 68 03\/33 12 64 25 43<\/td>\n<td><\/td>\n<td><\/td>\n<\/tr>\n<tr>\n<td>Ana Bertha Mart\u00ednez Razo<\/td>\n<td>Barro canelo<\/td>\n<td>12 03 93 19\/33 19 49 71 39<\/td>\n<td><\/td>\n<td><\/td>\n<\/tr>\n<tr>\n<td>Antonio Gal\u00e1n Hern\u00e1ndez<\/td>\n<td>Barro patinado<\/td>\n<td>33 35 06 99 57<\/td>\n<td><\/td>\n<td><\/td>\n<\/tr>\n<tr>\n<td>Benito Aguilar de Luna<\/td>\n<td>Figuras talladas en madera<\/td>\n<td>36 81 80 43<\/td>\n<td><\/td>\n<td><\/td>\n<\/tr>\n<tr>\n<td>Benjamin Nu\u00f1o Garcia<\/td>\n<td>Cer\u00e1mica en frio<\/td>\n<td>33 15 28 81 03<\/td>\n<td><\/td>\n<td><\/td>\n<\/tr>\n<tr>\n<td>Bertha Julia Mart\u00ednez Ca\u00f1as<\/td>\n<td>Barro natural<\/td>\n<td>33 14 02 08 13<\/td>\n<td><\/td>\n<td><\/td>\n<\/tr>\n<tr>\n<td>Carlos Gonzalez Trejo<\/td>\n<td>Velas Decorativas<\/td>\n<td>33 13 31 69 23<\/td>\n<td><\/td>\n<td><\/td>\n<\/tr>\n<tr>\n<td>Carlos Mario Azpeitia Pichardo<\/td>\n<td>Barro Vidriado Sin plomo<\/td>\n<td>33 17 51 51 44<\/td>\n<td><\/td>\n<td><\/td>\n<\/tr>\n<tr>\n<td>Cynthia Janeth Azpeitia Mateos<\/td>\n<td>Papel Mach\u00e9<\/td>\n<td>33 13 62 39 76<\/td>\n<td><\/td>\n<td><\/td>\n<\/tr>\n<tr>\n<td>David Mej\u00eda Fern\u00e1ndez<\/td>\n<td>Barro con vidrio<\/td>\n<td>33 35 89 94 12<\/td>\n<td><\/td>\n<td><\/td>\n<\/tr>\n<tr>\n<td>Dulce Maria Avila Vallecillos<\/td>\n<td>Vidrio Soplado en Miniatura<\/td>\n<td>11 87 38 81<\/td>\n<td><\/td>\n<td><\/td>\n<\/tr>\n<tr>\n<td>Elias Aguilar Hern\u00e1ndez<\/td>\n<td>Barro Vidriado Sin plomo<\/td>\n<td>36 80 39 34\/33 15 20 17 07<\/td>\n<td><\/td>\n<td><\/td>\n<\/tr>\n<tr>\n<td>Estela Fajardo Solano<\/td>\n<td>Barro canelo<\/td>\n<td width=\"181\">36 02 48 23<\/td>\n<td width=\"96\"><\/td>\n<td><\/td>\n<\/tr>\n<tr>\n<td>Eusebio Mateos Ortega<\/td>\n<td>Barro Negro Esgrafiado<\/td>\n<td>36 83 01 66<\/td>\n<td><\/td>\n<td><\/td>\n<\/tr>\n<tr>\n<td>Felipe Tornero Ramos<\/td>\n<td>Barro Natural<\/td>\n<td>33 14 61 39 05<\/td>\n<td><\/td>\n<td><\/td>\n<\/tr>\n<tr>\n<td>Francisco C\u00e1zarez \u00c1lvarez<\/td>\n<td>Barro Canelo<\/td>\n<td>19 20 30 50<\/td>\n<td><u>\u00a0<\/u><\/td>\n<td><\/td>\n<\/tr>\n<tr>\n<td>Francisco Javier Nu\u00f1ez Bautista<\/td>\n<td>Barro<\/td>\n<td>36 83 44 98<\/td>\n<td><\/td>\n<td><\/td>\n<\/tr>\n<tr>\n<td>Francisco Javier Olivares Mendoza<\/td>\n<td>Barro con lat\u00f3n<\/td>\n<td>33 10 65 61 26<\/td>\n<td><\/td>\n<td><\/td>\n<\/tr>\n<tr>\n<td>Francisco Javier Ramos Lucano<\/td>\n<td>Barro petatillo<\/td>\n<td>36 83 60 85<\/td>\n<td><u>\u00a0<\/u><\/td>\n<td><\/td>\n<\/tr>\n<tr>\n<td>Froilan Ayala Far\u00edas<\/td>\n<td>Herrer\u00eda<\/td>\n<td>36 90 72 45\/ 33 11 69 89 88<\/td>\n<td><\/td>\n<td><\/td>\n<\/tr>\n<tr>\n<td>Gerardo Cabral Gonz\u00e1lez<\/td>\n<td>Herrer\u00eda y forja<\/td>\n<td>33 31 07 58 50<\/td>\n<td><\/td>\n<td><\/td>\n<\/tr>\n<tr>\n<td>Gerardo Maestro Sandoval<\/td>\n<td>Papel Mach\u00e9<\/td>\n<td>36 83 46 17<\/td>\n<td><\/td>\n<td><\/td>\n<\/tr>\n<tr>\n<td>Gilberto Alejandro Mateos Mateos<\/td>\n<td>Cer\u00e1mica tradicional<\/td>\n<td>36 91 47 86<\/td>\n<td><\/td>\n<td><\/td>\n<\/tr>\n<tr>\n<td>Gloria Gal\u00e1n Galv\u00e1n<\/td>\n<td>Nacimientos en barro<\/td>\n<td>33 31 75 73 38<\/td>\n<td><\/td>\n<td><\/td>\n<\/tr>\n<tr>\n<td>Gregorio Fajardo Solano<\/td>\n<td>Barro canelo<\/td>\n<td>36 02 12 59\/33 13 57 65 90<\/td>\n<td><\/td>\n<td><\/td>\n<\/tr>\n<tr>\n<td>Guadalupe Solis \u00c1vila<\/td>\n<td>Artesan\u00eda prehisp\u00e1nica<\/td>\n<td>37 92 68 21\/33 15 37 04 49<\/td>\n<td><\/td>\n<td><\/td>\n<\/tr>\n<tr>\n<td>Gustavo Ortega Montelongo<\/td>\n<td>Barro betus<\/td>\n<td>36 81 75 29\/33 34 88 63 26<\/td>\n<td><u>\u00a0<\/u><\/td>\n<td><\/td>\n<\/tr>\n<tr>\n<td>Heliodoro Guiza Mendez<\/td>\n<td>Madera<\/td>\n<td>11 87 03 27\/33 36 77 75 22<\/td>\n<td><\/td>\n<td><\/td>\n<\/tr>\n<tr>\n<td>Humberto Bustos V\u00e1zquez<\/td>\n<td>Barro Natural Decorado<\/td>\n<td>33 15 99 82 04<\/td>\n<td><\/td>\n<td><\/td>\n<\/tr>\n<tr>\n<td>Ignacio Salazar Galv\u00e1n<\/td>\n<td>Cer\u00e1mica Policromada<\/td>\n<td>33 17 06 22 62<\/td>\n<td><\/td>\n<td><\/td>\n<\/tr>\n<tr>\n<td>Irma I\u00f1iguez Pajarito<\/td>\n<td>Papel Mach\u00e9<\/td>\n<td>33 14 69 81 33<\/td>\n<td><\/td>\n<td><\/td>\n<\/tr>\n<tr>\n<td>Ismael Diaz Alducin<\/td>\n<td width=\"192\">Textil, barro policromado, filigrana, bandera, plata<\/td>\n<td>33 13 88 25 96<\/td>\n<td><\/td>\n<td><\/td>\n<\/tr>\n<tr>\n<td>Ismael Rodr\u00edguez Bautista<\/td>\n<td>Plasma<\/td>\n<td>36 83 33 38\/33 10 52 31 35<\/td>\n<td><\/td>\n<td><\/td>\n<\/tr>\n<tr>\n<td>J. de Jes\u00fas L\u00f3pez Su\u00e1rez<\/td>\n<td>Barro Bru\u00f1ido<\/td>\n<td>37 92 68 22<\/td>\n<td><\/td>\n<td><\/td>\n<\/tr>\n<tr>\n<td>J. Isabel Pajarito Fajardo<\/td>\n<td>Barro canelo<\/td>\n<td>12 03 39 19<\/td>\n<td><\/td>\n<td><\/td>\n<\/tr>\n<tr>\n<td>J. Jes\u00fas \u00c1lvarez Z\u00fa\u00f1iga<\/td>\n<td>Barro Canelo<\/td>\n<td>36 02 06 87<\/td>\n<td><u>\u00a0<\/u><\/td>\n<td><\/td>\n<\/tr>\n<tr>\n<td>J. Jes\u00fas Delgado Navarro<\/td>\n<td width=\"192\">Barro tradicional\/ M\u00e1scaras de tastoan<\/td>\n<td>33 33 81 53<\/td>\n<td><\/td>\n<td><\/td>\n<\/tr>\n<tr>\n<td>Jaime Bautista Vel\u00e1zquez<\/td>\n<td>Barro greta<\/td>\n<td>36 83 58 50<\/td>\n<td><\/td>\n<td><\/td>\n<\/tr>\n<tr>\n<td>Jes\u00fas Carrillo Carrillo<\/td>\n<td>Barro patinado<\/td>\n<td>36 83 25 46\/33 13 39 47 82<\/td>\n<td><\/td>\n<td><\/td>\n<\/tr>\n<tr>\n<td>Jes\u00fas Gabriel Preciado<\/td>\n<td>Papel mach\u00e9<\/td>\n<td>33 13 56 64 85<\/td>\n<td><\/td>\n<td><\/td>\n<\/tr>\n<tr>\n<td>Jes\u00fas Mac\u00edas Bernabe<\/td>\n<td>Barro Vidriado Sin plomo<\/td>\n<td>36 83 46 23<\/td>\n<td><\/td>\n<td><\/td>\n<\/tr>\n<tr>\n<td>Jonathan Alejandro L\u00f3pez Gonz\u00e1lez<\/td>\n<td>Cer\u00e1mcia de baja<\/td>\n<td>33 19 74 16 33<\/td>\n<td><\/td>\n<td><\/td>\n<\/tr>\n<tr>\n<td>Jorge Humberto Guerrero Flores<\/td>\n<td>Bisuter\u00eda<\/td>\n<td>33 35 81 68 44<\/td>\n<td><\/td>\n<td><\/td>\n<\/tr>\n<tr>\n<td>Jos\u00e9 \u00c1ngel Alvarado Bautista<\/td>\n<td>Barro Vidriado Sin plomo<\/td>\n<td>33 17 35 23 56<\/td>\n<td><\/td>\n<td><\/td>\n<\/tr>\n<tr>\n<td>Jos\u00e9 Guadalupe Mateos P\u00e9rez<\/td>\n<td>Cer\u00e1mica de baja temperatura<\/td>\n<td>36 91 47 86<\/td>\n<td><\/td>\n<td><\/td>\n<\/tr>\n<tr>\n<td>Jos\u00e9 Jes\u00fas Mart\u00ednez Murgu\u00eda<\/td>\n<td width=\"192\">Barro policromado<\/td>\n<td>33 10 08 73 21<\/td>\n<td><\/td>\n<td><\/td>\n<\/tr>\n<tr>\n<td>Jos\u00e9 Rangel P\u00e9rez<\/td>\n<td>Bolsas para mandado<\/td>\n<td>36 81 19 01<\/td>\n<td><\/td>\n<td><\/td>\n<\/tr>\n<tr>\n<td>Jos\u00e9 Sergio Rosas Rivera<\/td>\n<td>Barro greta<\/td>\n<td>37 92 66 21<\/td>\n<td><\/td>\n<td><\/td>\n<\/tr>\n<tr>\n<td>Jos\u00e9 William Escobar Pacheco<\/td>\n<td width=\"192\">Barro natural<\/td>\n<td>33 14 02 08 13<\/td>\n<td><u>\u00a0<\/u><\/td>\n<td><\/td>\n<\/tr>\n<tr>\n<td>Josefina Alcala Solano<\/td>\n<td>Barro Canelo<\/td>\n<td>11 83 93 69<\/td>\n<td><\/td>\n<td><\/td>\n<\/tr>\n<tr>\n<td>Josefina Mateos Ba\u00f1ales<\/td>\n<td>Papel mach\u00e9<\/td>\n<td>33 13 62 39 76<\/td>\n<td><\/td>\n<td><\/td>\n<\/tr>\n<tr>\n<td>Juan Carlos Pina Molina<\/td>\n<td>Barro bru\u00f1ido<\/td>\n<td>33 19 85 55 05<\/td>\n<td><\/td>\n<td><\/td>\n<\/tr>\n<tr>\n<td>Juan Flores Tapia<\/td>\n<td>Barro greta<\/td>\n<td>33 10 11 19 02<\/td>\n<td><\/td>\n<td><\/td>\n<\/tr>\n<tr>\n<td>Juan Jos\u00e9 Ramos Medrano<\/td>\n<td>Barro betus<\/td>\n<td>36 81 55 64<\/td>\n<td><\/td>\n<td><\/td>\n<\/tr>\n<tr>\n<td>Juan Manuel Nu\u00f1o Lucano<\/td>\n<td>Herrer\u00eda<\/td>\n<td>33 37 23 83 34<\/td>\n<td><\/td>\n<td><\/td>\n<\/tr>\n<tr>\n<td>Julio Campechano Garc\u00eda<\/td>\n<td>Barro Policromado<\/td>\n<td>33 12 51 26 34<\/td>\n<td><\/td>\n<td><\/td>\n<\/tr>\n<tr>\n<td>Luis Gonz\u00e1lez Aguilar<\/td>\n<td>Barro Vidriado Sin plomo<\/td>\n<td>16 39 80 49<\/td>\n<td><\/td>\n<td><\/td>\n<\/tr>\n<tr>\n<td><\/td>\n<td><\/td>\n<td><\/td>\n<td><\/td>\n<td><\/td>\n<\/tr>\n<tr>\n<td>Ma. del Socorro Ornelas Hern\u00e1ndez<\/td>\n<td>Barro Vidriado Sin Plomo<\/td>\n<td>16 39 80 49<\/td>\n<td><\/td>\n<td><\/td>\n<\/tr>\n<tr>\n<td>Maclovio Salazar Diaz<\/td>\n<td>Vidrio Soplado en Miniatura<\/td>\n<td>11 87 38 81<\/td>\n<td><\/td>\n<td><\/td>\n<\/tr>\n<tr>\n<td>Mar\u00eda Carmelita Melchor Jim\u00f3n<\/td>\n<td>Papel Mach\u00e9<\/td>\n<td>36 83 19 33<\/td>\n<td><\/td>\n<td><\/td>\n<\/tr>\n<tr>\n<td>Mar\u00eda de Jes\u00fas Mart\u00ednez Ay\u00f3n<\/td>\n<td>Barro Policromado<\/td>\n<td>33 12 98 33 08<\/td>\n<td><\/td>\n<td><\/td>\n<\/tr>\n<tr>\n<td>Mar\u00eda del Consuelo Plascencia Briones<\/td>\n<td>Madera<\/td>\n<td>11 87 03 27\/33 36 77 75 22<\/td>\n<td><\/td>\n<td><\/td>\n<\/tr>\n<tr>\n<td>Mar\u00eda Estela Arroyo Flores<\/td>\n<td>Barro canelo<\/td>\n<td>36 02 16 63<\/td>\n<td><\/td>\n<td><\/td>\n<\/tr>\n<tr>\n<td>Mar\u00eda Gloria Alba V\u00e1zquez<\/td>\n<td>Barro vidriado sin plomo<\/td>\n<td>36 83 18 32<\/td>\n<td><\/td>\n<td><\/td>\n<\/tr>\n<tr>\n<td>Mar\u00eda Guadalupe Rivera Gabriel<\/td>\n<td>Barro greta<\/td>\n<td>36 81 95 61\/33 53 05 30 32<\/td>\n<td><u>\u00a0<\/u><\/td>\n<td><\/td>\n<\/tr>\n<tr>\n<td>Mar\u00eda Teresa P\u00e9rez S\u00e1nchez<\/td>\n<td>Barro y cer\u00e1mica pintados<\/td>\n<td>33 11 04 34 21<\/td>\n<td><\/td>\n<td><\/td>\n<\/tr>\n<tr>\n<td>Mariano Juan Palacios Aguilera<\/td>\n<td>Barro Decorado en frio<\/td>\n<td>12 03 14 05<\/td>\n<td><\/td>\n<td><\/td>\n<\/tr>\n<tr>\n<td>Mart\u00edn de Jes\u00fas Casillas Fonseca<\/td>\n<td>Pintura al \u00f3leo<\/td>\n<td>33 11 26 76 91<\/td>\n<td><\/td>\n<td><\/td>\n<\/tr>\n<tr>\n<td>Mart\u00edn Silva Contreras<\/td>\n<td>Barro natural<\/td>\n<td>36 83 42 28\/33 11 77 42 39<\/td>\n<td><\/td>\n<td><\/td>\n<\/tr>\n<tr>\n<td>Mauricio Sierra Olgu\u00edn<\/td>\n<td>Pintura al \u00f3leo<\/td>\n<td>33 31 43 98 29<\/td>\n<td><\/td>\n<td><\/td>\n<\/tr>\n<tr>\n<td>Michael Magdalena Ramirez Ponce<\/td>\n<td>Artesan\u00eda en cerrillo<\/td>\n<td>36 80 90 07\/ 33 13 36 53 19<\/td>\n<td><\/td>\n<td><\/td>\n<\/tr>\n<tr>\n<td>Miguel Ram\u00edrez Rojas<\/td>\n<td>Papel Mach\u00e9<\/td>\n<td>33 14 16 57 45<\/td>\n<td><\/td>\n<td><\/td>\n<\/tr>\n<tr>\n<td>Olivia Olea Vel\u00e1zquez<\/td>\n<td>Cer\u00e1mica de baja, media y alta temp<\/td>\n<td>36 81 94 68<\/td>\n<td><\/td>\n<td><\/td>\n<\/tr>\n<tr>\n<td>Olivia Ram\u00edrez Fajardo<\/td>\n<td>Botell\u00f3n de barro canelo<\/td>\n<td>15 08 12 08<\/td>\n<td><\/td>\n<td><\/td>\n<\/tr>\n<tr>\n<td>Pablo Mateos Ortega<\/td>\n<td>Barro Negro Esgrafiado<\/td>\n<td>36 83 01 66<\/td>\n<td><\/td>\n<td><\/td>\n<\/tr>\n<tr>\n<td>Patricia Basulto Rodr\u00edguez<\/td>\n<td>Barro Vidriado Sin plomo<\/td>\n<td>33 13 66 44 86<\/td>\n<td><\/td>\n<td><\/td>\n<\/tr>\n<tr>\n<td>Ricardo Alvarado Bautista<\/td>\n<td width=\"192\">Barro Vidriado Sin plomo, Cer\u00e1mica de baja y alta<\/td>\n<td>33 31 59 65 56<\/td>\n<td><\/td>\n<td><\/td>\n<\/tr>\n<tr>\n<td>Roberto Campechano Fr\u00edas<\/td>\n<td>Barro natural<\/td>\n<td>33 31 39 33 55<\/td>\n<td><\/td>\n<td><\/td>\n<\/tr>\n<tr>\n<td>Roberto Torres Hern\u00e1ndez<\/td>\n<td>Pinta artesan\u00eda<\/td>\n<td>36 83 02 97<\/td>\n<td><u>\u00a0<\/u><\/td>\n<td><\/td>\n<\/tr>\n<tr>\n<td>Rodolfo Alejandro Pila Garcia<\/td>\n<td>Barro Bru\u00f1ido, bandera y betus<\/td>\n<td align=\"right\">3315189781<\/td>\n<td><\/td>\n<td><\/td>\n<\/tr>\n<tr>\n<td>Rodolfo Villa Villa<\/td>\n<td>Barro canelo<\/td>\n<td>36 02 19 84<\/td>\n<td><u>\u00a0<\/u><\/td>\n<td><\/td>\n<\/tr>\n<tr>\n<td>Rosa Basulto Arteaga<\/td>\n<td>Barro canelo<\/td>\n<td>36 02 19 84<\/td>\n<td><u>\u00a0<\/u><\/td>\n<td><\/td>\n<\/tr>\n<tr>\n<td>Salvador Cortes Esquivies<\/td>\n<td>Barro Miniatura<\/td>\n<td><\/td>\n<td><\/td>\n<td><\/td>\n<\/tr>\n<tr>\n<td>Salvador Su\u00e1rez Hern\u00e1ndez<\/td>\n<td>Adas y rostros de caballos de barro<\/td>\n<td>15 94 41 31<\/td>\n<td><\/td>\n<td><\/td>\n<\/tr>\n<tr>\n<td>Salvador V\u00e1zquez Romero<\/td>\n<td>Barro navide\u00f1o<\/td>\n<td>36 91 45 48<\/td>\n<td><\/td>\n<td><\/td>\n<\/tr>\n<tr>\n<td>Sandra Hern\u00e1ndez Rivera<\/td>\n<td>Cer\u00e1mica con velas<\/td>\n<td>33 34 68 12<\/td>\n<td><\/td>\n<td><\/td>\n<\/tr>\n<tr>\n<td>Santiago Gabriel Hern\u00e1ndez<\/td>\n<td>Nacimientos en barro<\/td>\n<td>36 91 62 87<\/td>\n<td><\/td>\n<td><\/td>\n<\/tr>\n<tr>\n<td>Santiago Ruelas G\u00f3mez<\/td>\n<td>Cer\u00e1mica de baja<\/td>\n<td>33 19 74 16 33<\/td>\n<td><\/td>\n<td><\/td>\n<\/tr>\n<tr>\n<td>Silvia Rebeca Mateos Ba\u00f1ales<\/td>\n<td>Papel mach\u00e9<\/td>\n<td>36 91 47 86<\/td>\n<td><\/td>\n<td><\/td>\n<\/tr>\n<tr>\n<td>Ubaldo Lim\u00f3n Hern\u00e1ndez<\/td>\n<td>Barro, prehisp\u00e1nico, r\u00fastico, oxidado<\/td>\n<td>36 90 75 58\/33 13 36 95 95<\/td>\n<td><\/td>\n<td><\/td>\n<\/tr>\n<tr>\n<td>Vicente Nogal Bautista<\/td>\n<td>Barro greta miniatura<\/td>\n<td>33 10 97 23 94<\/td>\n<td><\/td>\n<td><\/td>\n<\/tr>\n<tr>\n<td>Victor Manuel Guiza Mendez<\/td>\n<td>Barro r\u00fastico<\/td>\n<td>36 83 37 74<\/td>\n<td><\/td>\n<td><\/td>\n<\/tr>\n<tr>\n<td>Victor P\u00e9rez Guzm\u00e1n<\/td>\n<td>Barro canelo<\/td>\n<td>15 22 49 06\/33 12 11 19 76<\/td>\n<td><\/td>\n<td><\/td>\n<\/tr>\n<tr>\n<td>Zen\u00f3n Pajarito Fajardo<\/td>\n<td>Barro canelo<\/td>\n<td>12 03 93 19<\/td>\n<td><u>\u00a0<\/u><\/td>\n<td><\/td>\n<\/tr>\n<\/tbody>\n<\/table>\n","protected":false},"excerpt":{"rendered":"<p>Nombre: T\u00e9cnica Tel\u00e9fono E-mail Sitio Web Albino Basulto Landin Barro Vidriado Sin plomo 37 92 68 03\/33 12 64 25<\/p>\n","protected":false},"author":1,"featured_media":0,"parent":0,"menu_order":0,"comment_status":"closed","ping_status":"closed","template":"","meta":{"colormag_page_container_layout":"default_layout","colormag_page_sidebar_layout":"default_layout","footnotes":""},"class_list":["post-659","page","type-page","status-publish","hentry"],"_links":{"self":[{"href":"https:\/\/tonala.gob.mx\/portal\/wp-json\/wp\/v2\/pages\/659","targetHints":{"allow":["GET"]}}],"collection":[{"href":"https:\/\/tonala.gob.mx\/portal\/wp-json\/wp\/v2\/pages"}],"about":[{"href":"https:\/\/tonala.gob.mx\/portal\/wp-json\/wp\/v2\/types\/page"}],"author":[{"embeddable":true,"href":"https:\/\/tonala.gob.mx\/portal\/wp-json\/wp\/v2\/users\/1"}],"replies":[{"embeddable":true,"href":"https:\/\/tonala.gob.mx\/portal\/wp-json\/wp\/v2\/comments?post=659"}],"version-history":[{"count":12,"href":"https:\/\/tonala.gob.mx\/portal\/wp-json\/wp\/v2\/pages\/659\/revisions"}],"predecessor-version":[{"id":7837,"href":"https:\/\/tonala.gob.mx\/portal\/wp-json\/wp\/v2\/pages\/659\/revisions\/7837"}],"wp:attachment":[{"href":"https:\/\/tonala.gob.mx\/portal\/wp-json\/wp\/v2\/media?parent=659"}],"curies":[{"name":"wp","href":"https:\/\/api.w.org\/{rel}","templated":true}]}}