{"id":5954,"date":"2016-10-09T19:33:45","date_gmt":"2016-10-09T19:33:45","guid":{"rendered":"http:\/\/tonala.gob.mx\/portal\/?page_id=5954"},"modified":"2018-02-15T14:33:26","modified_gmt":"2018-02-15T20:33:26","slug":"prensa-y-difusion","status":"publish","type":"page","link":"https:\/\/tonala.gob.mx\/portal\/prensa-y-difusion\/","title":{"rendered":"Prensa y Difusi\u00f3n"},"content":{"rendered":"<p><a href=\"https:\/\/tonala.gob.mx\/portal\/wp-content\/uploads\/2016\/10\/Plan_de_Trabajo_Prensa_y_Difusion.pdf\"><strong>Plan de Trabajo\u00a02015-2018<\/strong><\/a><\/p>\n<p><strong>A\u00f1o 2015<\/strong><\/p>\n<p><strong>[expand title=\u00bbComisi\u00f3n Prensa y Difusi\u00f3n 13 Octubre 2015&#8243;]<\/strong><\/p>\n<p><a href=\"https:\/\/tonala.gob.mx\/portal\/wp-content\/uploads\/2016\/10\/Prensa_y_Difusion_13_Octubre_2015.pdf\">Fomento Prensa y Difusi\u00f3n 13 Octubre<\/a><\/p>\n<p><a href=\"https:\/\/tonala.gob.mx\/portal\/wp-content\/uploads\/2016\/10\/O.D.Prensa_y_Difusion_13_Octubre_2015-.pdf\">O.D. Fomento Prensa y Difusi\u00f3n 13 Octubre<\/a><\/p>\n<p><a href=\"https:\/\/tonala.gob.mx\/portal\/wp-content\/uploads\/2016\/10\/Asistencia_Prensa_y_Difusion_13_Octubre_2015.pdf\">Asistencia Fomento Prensa y Difusi\u00f3n 13 Octubre<\/a><\/p>\n<p>[\/expand]<\/p>\n<p><strong>[expand title=\u00bbComisi\u00f3n Prensa y Difusi\u00f3n 30 Noviembre 2015&#8243;]<\/strong><\/p>\n<p><a href=\"https:\/\/tonala.gob.mx\/portal\/wp-content\/uploads\/2016\/10\/Prensa_y_Difusion_30_Noviembre_2015.pdf\">Comisi\u00f3n Prensa y Difusi\u00f3n 30 Noviembre 2015<\/a><\/p>\n<p><a href=\"https:\/\/tonala.gob.mx\/portal\/wp-content\/uploads\/2016\/10\/O.D.-Prensa_y_Difusion_30_Noviembre_2015.pdf\">O.D. Comisi\u00f3n Prensa y Difusi\u00f3n 30 Noviembre 2015<\/a><\/p>\n<p><a href=\"https:\/\/tonala.gob.mx\/portal\/wp-content\/uploads\/2016\/10\/Asistencia_Prensa_y_Difusion_30_Noviembre_2015.pdf\">Asistencia Comisi\u00f3n Prensa y Difusi\u00f3n 30 Noviembre 2015<\/a><\/p>\n<p>[\/expand]<\/p>\n<p><strong>[expand title=\u00bbComisi\u00f3n Prensa y Difusi\u00f3n 11 Diciembre 2015&#8243;]<\/strong><\/p>\n<p><a href=\"https:\/\/tonala.gob.mx\/portal\/wp-content\/uploads\/2016\/10\/Prensa_y_Difusion_11_Diciembre_2015.pdf\">Comisi\u00f3n Prensa y Difusi\u00f3n 11 Diciembre 2015<\/a><\/p>\n<p><a href=\"https:\/\/tonala.gob.mx\/portal\/wp-content\/uploads\/2016\/10\/O.D.Prensa_y_Difusion_11_Diciembre_2015.pdf\">O.D. Comisi\u00f3n Prensa y Difusi\u00f3n 11 Diciembre 2015<\/a><\/p>\n<p><a href=\"https:\/\/tonala.gob.mx\/portal\/wp-content\/uploads\/2016\/10\/Asistencia_Prensa_y_Difusion_11_Diciembre_2015.pdf\">Asistencia Comisi\u00f3n Prensa y Difusi\u00f3n 11 Diciembre 2015<\/a><\/p>\n<p>[\/expand]<\/p>\n<p><strong>A\u00f1o 2016<\/strong><\/p>\n<p><strong>[expand title=\u00bbComisi\u00f3n Prensa y Difusi\u00f3n 29 Enero 2016&#8243;]<\/strong><\/p>\n<p><a href=\"https:\/\/tonala.gob.mx\/portal\/wp-content\/uploads\/2016\/10\/Prensa_y_Difision_29_Enero_2016.pdf\">Comisi\u00f3n Prensa y Difusi\u00f3n 29 Enero 2016<\/a><\/p>\n<p><a href=\"https:\/\/tonala.gob.mx\/portal\/wp-content\/uploads\/2016\/10\/O.D.-Prensa_y_Difusion_29_Enero_2016.pdf\">O.D. Comisi\u00f3n Prensa y Difusi\u00f3n 29 Enero 2016<\/a><\/p>\n<p><a href=\"https:\/\/tonala.gob.mx\/portal\/wp-content\/uploads\/2016\/10\/Asistencia_Prensa_y_Difusion_29_Enero_2016.pdf\">Asistencia Comisi\u00f3n Prensa y Difusi\u00f3n 29 Enero 2016<\/a><\/p>\n<p>[\/expand]<\/p>\n<p><strong>[expand title=\u00bbComisi\u00f3n Prensa y Difusi\u00f3n 26 Febrero 2016&#8243;]<\/strong><\/p>\n<p><a href=\"https:\/\/tonala.gob.mx\/portal\/wp-content\/uploads\/2016\/10\/Prensa_y_Difusion_26_Febrero_2016.pdf\">Comisi\u00f3n Prensa y Difusi\u00f3n 26 Febrero 2016<\/a><\/p>\n<p><a href=\"https:\/\/tonala.gob.mx\/portal\/wp-content\/uploads\/2016\/10\/O.D.-Prensa_y_Difusion_26_Febrero_2016.pdf\">O.D. Comisi\u00f3n Prensa y Difusi\u00f3n 26 Febrero 2016<\/a><\/p>\n<p><a href=\"https:\/\/tonala.gob.mx\/portal\/wp-content\/uploads\/2016\/10\/Asistencia_Prensa_y_Difusion_26_Febrero_2016.pdf\">Asistencia Comisi\u00f3n Prensa y Difusi\u00f3n 26 Febrero 2016<\/a><\/p>\n<p>[\/expand]<\/p>\n<p><strong>[expand title=\u00bbComisi\u00f3n Prensa y Difusi\u00f3n 16 Marzo 2016&#8243;]<\/strong><\/p>\n<p><a href=\"https:\/\/tonala.gob.mx\/portal\/wp-content\/uploads\/2016\/10\/Prensa_Difusion_16_Marzo_2016.pdf\">Comisi\u00f3n Prensa y Difusi\u00f3n 16 Marzo 2016<\/a><\/p>\n<p><a href=\"https:\/\/tonala.gob.mx\/portal\/wp-content\/uploads\/2016\/10\/O.D.Prensa_y_Difusion_16_Marzo_2016.pdf\">O.D. Comisi\u00f3n Prensa y Difusi\u00f3n 16 Marzo 2016<\/a><\/p>\n<p><a href=\"https:\/\/tonala.gob.mx\/portal\/wp-content\/uploads\/2016\/10\/Asistencia_Prensa_y_Difusion_16_Marzo_2016.pdf\">Asistencia Comisi\u00f3n Prensa y Difusi\u00f3n 16 Marzo 2016<\/a><\/p>\n<p>[\/expand]<\/p>\n<p><strong>[expand title=\u00bbComisi\u00f3n Prensa y Difusi\u00f3n 27 Abril 2016&#8243;]<\/strong><\/p>\n<p><a href=\"https:\/\/tonala.gob.mx\/portal\/wp-content\/uploads\/2016\/10\/Presan_y_Difusion_27_Abril_2016.pdf\">Comisi\u00f3n Prensa y Difusi\u00f3n 27 Abril 2016<\/a><\/p>\n<p><a href=\"https:\/\/tonala.gob.mx\/portal\/wp-content\/uploads\/2016\/10\/O.D.Prensa_Y_Difusion_27_Abril_2016.pdf\">O.D. Comisi\u00f3n Prensa y Difusi\u00f3n 27 Abril 2016<\/a><\/p>\n<p><a href=\"https:\/\/tonala.gob.mx\/portal\/wp-content\/uploads\/2016\/10\/Asistencia_Prensa_y_Difusion_27_Abril_2016.pdf\">Asistencia Comisi\u00f3n Prensa y Difusi\u00f3n 27 Abril 2016<\/a><\/p>\n<p>[\/expand]<\/p>\n<p><strong>[expand title=\u00bbComisi\u00f3n Prensa y Difusi\u00f3n 31 Mayo 2016&#8243;]<\/strong><\/p>\n<p><a href=\"https:\/\/tonala.gob.mx\/portal\/wp-content\/uploads\/2016\/10\/Prensa_y_Difusion_31_Mayo_2016.pdf\">Comisi\u00f3n Prensa y Difusi\u00f3n 31 Mayo 2016<\/a><\/p>\n<p><a href=\"https:\/\/tonala.gob.mx\/portal\/wp-content\/uploads\/2016\/10\/O.D.-Prensa_y_Difusion_31_Mayo_2016.pdf\">O.D. Comisi\u00f3n Prensa y Difusi\u00f3n 31 Mayo 2016<\/a><\/p>\n<p><a href=\"https:\/\/tonala.gob.mx\/portal\/wp-content\/uploads\/2016\/10\/Asitencia_Prensa_y_Difusion_31_Mayo_2016.pdf\">Asistencia Comisi\u00f3n Prensa y Difusi\u00f3n 31 Mayo 2016<\/a><\/p>\n<p>[\/expand]<\/p>\n<p><strong>[expand title=\u00bbComisi\u00f3n Prensa y Difusi\u00f3n 30 Junio 2016&#8243;]<\/strong><\/p>\n<p><a href=\"https:\/\/tonala.gob.mx\/portal\/wp-content\/uploads\/2016\/10\/Prensa_y_Difusion_30_Junio_2016.pdf\">Fomento Prensa y Difusi\u00f3n 30 Junio 2016<\/a><\/p>\n<p><a href=\"https:\/\/tonala.gob.mx\/portal\/wp-content\/uploads\/2016\/10\/O.D.Prensa_y_Difusion_30_Junio_2016.pdf\">O.D. Fomento Prensa y Difusi\u00f3n 30 Junio 2016<\/a><\/p>\n<p><a href=\"https:\/\/tonala.gob.mx\/portal\/wp-content\/uploads\/2016\/10\/Asistencia_Prensa_y_Difusion_30_Junio_2016.pdf\">Asistencia Fomento Prensa y Difusi\u00f3n 30 Junio 2016<\/a><\/p>\n<p>[\/expand]<\/p>\n<p><strong>[expand title=\u00bbComisi\u00f3n Prensa y Difusi\u00f3n 29 Julio 2016&#8243;]<\/strong><\/p>\n<p><a href=\"https:\/\/tonala.gob.mx\/portal\/wp-content\/uploads\/2016\/10\/Prensa-_y_Difusion_29_Julio_2016.pdf\">Comisi\u00f3n Prensa y Difusi\u00f3n 29 Julio 2016<\/a><\/p>\n<p><a href=\"https:\/\/tonala.gob.mx\/portal\/wp-content\/uploads\/2016\/10\/O.D.Prensa_y_Difusion_29_Julio_2016.pdf\">O.D. Comisi\u00f3n Prensa y Difusi\u00f3n 29 Julio 2016<\/a><\/p>\n<p><a href=\"https:\/\/tonala.gob.mx\/portal\/wp-content\/uploads\/2016\/10\/Asistencia_Prensa_y_Difusion_29_Julio_2016.pdf\">Asistencia Comisi\u00f3n Prensa y Difusi\u00f3n 29 Julio 2016<\/a><\/p>\n<p>[\/expand]<\/p>\n<p><strong>[expand title=\u00bbComisi\u00f3n Prensa y Difusi\u00f3n 31 Agosto 2016&#8243;]<\/strong><\/p>\n<p><a href=\"https:\/\/tonala.gob.mx\/portal\/wp-content\/uploads\/2016\/11\/Comisi\u00f3n-Prensa-y-Difusi\u00f3n-31-Agosto-2016.pdf\">Comisi\u00f3n Prensa y Difusi\u00f3n 31 Agosto 2016<\/a><\/p>\n<p><a href=\"https:\/\/tonala.gob.mx\/portal\/wp-content\/uploads\/2016\/11\/O.D.-Comision-Prensa-y-Difusion-31-Agosto-2016.pdf\">O.D. Comisi\u00f3n Prensa y Difusi\u00f3n 31 Agosto 2016<\/a><\/p>\n<p><a href=\"https:\/\/tonala.gob.mx\/portal\/wp-content\/uploads\/2016\/11\/Asistencia-Comisi\u00f3n-Prensa-y-Difusi\u00f3n-31-Agosto-2016.pdf\">Asistencia Comisi\u00f3n Prensa y Difusi\u00f3n 31 Agosto 2016<\/a><\/p>\n<p>[\/expand]<\/p>\n<p><strong>[expand title=\u00bbComisi\u00f3n Prensa y Difusi\u00f3n 29 Septiembre 2016&#8243;]<\/strong><\/p>\n<p><a href=\"https:\/\/tonala.gob.mx\/portal\/wp-content\/uploads\/2016\/11\/Comisi\u00f3n-Prensa-y-Difusi\u00f3n-29-Septiembre-2016.pdf\">Comisi\u00f3n Prensa y Difusi\u00f3n 29 Septiembre 2016<\/a><\/p>\n<p><a href=\"https:\/\/tonala.gob.mx\/portal\/wp-content\/uploads\/2016\/11\/Orden-de-Dia-Comisi\u00f3n-Prensa-y-Difusi\u00f3n-29-Septiembre-2016.pdf\">O.D. Comisi\u00f3n Prensa y Difusi\u00f3n 29 Septiembre 2016<\/a><\/p>\n<p><a href=\"https:\/\/tonala.gob.mx\/portal\/wp-content\/uploads\/2016\/11\/Asistencia-Comisi\u00f3n-Prensa-y-Difusi\u00f3n-29-Septiembre-2016.pdf\">Asistencia Comisi\u00f3n Prensa y Difusi\u00f3n 29 Septiembre 2016<\/a><\/p>\n<p>[\/expand]<\/p>\n<p><strong>[expand title=\u00bbComisi\u00f3n Prensa y Difusi\u00f3n 28 Octubre 2016&#8243;]<\/strong><\/p>\n<p><a href=\"https:\/\/tonala.gob.mx\/portal\/wp-content\/uploads\/2016\/11\/Prensa-y-Difusi\u00f3n_28-Octubre-2016.pdf\">Prensa y Difusi\u00f3n 28 Octubre 2016<\/a><\/p>\n<p><a href=\"https:\/\/tonala.gob.mx\/portal\/wp-content\/uploads\/2016\/11\/O.D.-Prensa-y-Difusi\u00f3n_28_Octubre-2016.pdf\">O.D. Prensa y Difusi\u00f3n 28 Octubre 2016<\/a><\/p>\n<p><a href=\"https:\/\/tonala.gob.mx\/portal\/wp-content\/uploads\/2016\/11\/Asistencia-Prensa-y-Difusi\u00f3n_28-Octubre-2016.pdf\">Asistencia Prensa y Difusi\u00f3n 28 Octubre 2016<\/a><\/p>\n<p>[\/expand]<\/p>\n<p><strong>[expand title=\u00bbComisi\u00f3n Prensa y Difusi\u00f3n 18 Noviembre 2016&#8243;]<\/strong><\/p>\n<p><a href=\"https:\/\/tonala.gob.mx\/portal\/wp-content\/uploads\/2017\/03\/COMISION-EDILICIA-DE-PRENSA-Y-DIFUSION-18-NOVIEMBRE-2016.pdf\">Minuta Comisi\u00f3n Prensa y Difusi\u00f3n 18 Noviembre 2016<\/a><\/p>\n<p>[\/expand]<\/p>\n<p><strong>[expand title=\u00bbComisi\u00f3n Prensa y Difusi\u00f3n 13 Diciembre 2016&#8243;]<\/strong><\/p>\n<p><a href=\"https:\/\/tonala.gob.mx\/portal\/wp-content\/uploads\/2017\/03\/COMISION-EDILICIA-PRENSA-Y-DIFUSION-13-DICIEMBRE-2016.pdf\">Minuta Comisi\u00f3n Prensa y Difusi\u00f3n 13 Diciembre 2016<\/a><\/p>\n<p>[\/expand]<\/p>\n<p><strong>2017<\/strong><\/p>\n<p><strong>[expand title=\u00bbComisi\u00f3n Prensa y Difusi\u00f3n 23 Enero 2017&#8243;]<\/strong><\/p>\n<p><a href=\"https:\/\/tonala.gob.mx\/portal\/wp-content\/uploads\/2017\/03\/COMISION-EDILICIA-PRENSA-Y-DIFUSION-23-ENERO-2017.pdf\">Minuta Comisi\u00f3n Prensa y Difusi\u00f3n 23 Enero 2017<\/a><\/p>\n<p>[\/expand]<\/p>\n<p><strong>[expand title=\u00bbComisi\u00f3n Prensa y Difusi\u00f3n 27 Febrero 2017&#8243;]<\/strong><\/p>\n<p><a href=\"https:\/\/tonala.gob.mx\/portal\/wp-content\/uploads\/2017\/07\/Minuta-Comisi\u00f3n-Prensa-y-Difusi\u00f3n-27-Febrero-2017.pdf\">Minuta Comisi\u00f3n Prensa y Difusi\u00f3n 27 Febrero 2017<\/a><\/p>\n<p>[\/expand]<\/p>\n<p><strong>[expand title=\u00bbComisi\u00f3n Prensa y Difusi\u00f3n 23 Marzo 2017&#8243;]<\/strong><\/p>\n<p><a href=\"https:\/\/tonala.gob.mx\/portal\/wp-content\/uploads\/2017\/07\/Minuta-Comisi\u00f3n-Prensa-y-Difusi\u00f3n-23-Marzo-2017.pdf\">Minuta Comisi\u00f3n Prensa y Difusi\u00f3n 23 Marzo 2017<\/a><\/p>\n<p>[\/expand]<\/p>\n<p><strong>[expand title=\u00bbComisi\u00f3n Prensa y Difusi\u00f3n 28 Abril 2017&#8243;]<\/strong><\/p>\n<p><a href=\"https:\/\/tonala.gob.mx\/portal\/wp-content\/uploads\/2017\/07\/Minuta-Comisi\u00f3n-Prensa-y-Difusi\u00f3n-28-Abril-2017.pdf\">Minuta Comisi\u00f3n Prensa y Difusi\u00f3n 28 Abril 2017<\/a><\/p>\n<p>[\/expand]<\/p>\n<p><strong>[expand title=\u00bbComisi\u00f3n Prensa y Difusi\u00f3n 31 Mayo 2017&#8243;]<\/strong><\/p>\n<p><a href=\"https:\/\/tonala.gob.mx\/portal\/wp-content\/uploads\/2017\/07\/Minuta-Comisi\u00f3n-Prensa-y-Difusi\u00f3n-31-Mayo-2017.pdf\">Minuta Comisi\u00f3n Prensa y Difusi\u00f3n 31 Mayo 2017<\/a><\/p>\n<p>[\/expand]<\/p>\n<p><strong>[expand title=\u00bbComisi\u00f3n Prensa y Difusi\u00f3n 30 Junio 2017&#8243;]<\/strong><\/p>\n<p><a href=\"https:\/\/tonala.gob.mx\/portal\/wp-content\/uploads\/2017\/07\/Minuta-Comisi\u00f3n-Prensa-y-Difusi\u00f3n-30-Junio-2017.pdf\">Minuta Comisi\u00f3n Prensa y Difusi\u00f3n 30 Junio 2017<\/a><\/p>\n<p>[\/expand]<\/p>\n<p><strong>[expand title=\u00bbComisi\u00f3n Prensa y Difusi\u00f3n 31 Julio 2017&#8243;]<\/strong><\/p>\n<p><a href=\"https:\/\/tonala.gob.mx\/portal\/wp-content\/uploads\/2017\/10\/Minuta-Comisi\u00f3n-Prensa-y-Difusi\u00f3n-31-Julio-2017.pdf\">Minuta Comisi\u00f3n Prensa y Difusi\u00f3n 31 Julio 2017<\/a><\/p>\n<p>[\/expand]<\/p>\n<p><strong>[expand title=\u00bbComisi\u00f3n Prensa y Difusi\u00f3n 31 Agosto 2017&#8243;]<\/strong><\/p>\n<p><a href=\"https:\/\/tonala.gob.mx\/portal\/wp-content\/uploads\/2017\/10\/Minuta-Comisi\u00f3n-Prensa-y-Difusi\u00f3n-31-Agosto-2017.pdf\">Minuta Comisi\u00f3n Prensa y Difusi\u00f3n 31 Agosto 2017<\/a><\/p>\n<p>[\/expand]<\/p>\n<p><strong>[expand title=\u00bbComisi\u00f3n Prensa y Difusi\u00f3n Septiembre 2017&#8243;]<\/strong><\/p>\n<p>[\/expand]<\/p>\n<p><strong>[expand title=\u00bbComisi\u00f3n Prensa y Difusi\u00f3n 24 Octubre 2017&#8243;]<\/strong><\/p>\n<p><a href=\"https:\/\/tonala.gob.mx\/portal\/wp-content\/uploads\/2018\/02\/Minuta-Comisi\u00f3n-Prensa-y-Difusi\u00f3n-24-Octubre-2017.pdf\">Minuta Comisi\u00f3n Prensa y Difusi\u00f3n 24 Octubre 2017<\/a><\/p>\n<p>[\/expand]<\/p>\n<p><strong>[expand title=\u00bbComisi\u00f3n Prensa y Difusi\u00f3n 15 Noviembre 2017&#8243;]<\/strong><\/p>\n<p><a href=\"https:\/\/tonala.gob.mx\/portal\/wp-content\/uploads\/2018\/02\/Minuta-Comisi\u00f3n-Prensa-y-Difusi\u00f3n-15-Noviembre-2017.pdf\">Minuta Comisi\u00f3n Prensa y Difusi\u00f3n 15 Noviembre 2017<\/a><\/p>\n<p>[\/expand]<\/p>\n<p><strong>[expand title=\u00bbComisi\u00f3n Prensa y Difusi\u00f3n 06 Diciembre 2017&#8243;]<\/strong><\/p>\n<p><a href=\"https:\/\/tonala.gob.mx\/portal\/wp-content\/uploads\/2018\/02\/Minuta-Comisi\u00f3n-Prensa-y-Difusi\u00f3n-06-Diciembre-2017.pdf\">Minuta Comisi\u00f3n Prensa y Difusi\u00f3n 06 Diciembre 2017<\/a><\/p>\n<p>[\/expand]<\/p>\n","protected":false},"excerpt":{"rendered":"<p>Plan de Trabajo\u00a02015-2018 A\u00f1o 2015 [expand title=\u00bbComisi\u00f3n Prensa y Difusi\u00f3n 13 Octubre 2015&#8243;] Fomento Prensa y Difusi\u00f3n 13 Octubre O.D.<\/p>\n","protected":false},"author":1,"featured_media":0,"parent":0,"menu_order":0,"comment_status":"closed","ping_status":"closed","template":"","meta":{"colormag_page_container_layout":"default_layout","colormag_page_sidebar_layout":"default_layout","footnotes":""},"class_list":["post-5954","page","type-page","status-publish","hentry"],"_links":{"self":[{"href":"https:\/\/tonala.gob.mx\/portal\/wp-json\/wp\/v2\/pages\/5954","targetHints":{"allow":["GET"]}}],"collection":[{"href":"https:\/\/tonala.gob.mx\/portal\/wp-json\/wp\/v2\/pages"}],"about":[{"href":"https:\/\/tonala.gob.mx\/portal\/wp-json\/wp\/v2\/types\/page"}],"author":[{"embeddable":true,"href":"https:\/\/tonala.gob.mx\/portal\/wp-json\/wp\/v2\/users\/1"}],"replies":[{"embeddable":true,"href":"https:\/\/tonala.gob.mx\/portal\/wp-json\/wp\/v2\/comments?post=5954"}],"version-history":[{"count":18,"href":"https:\/\/tonala.gob.mx\/portal\/wp-json\/wp\/v2\/pages\/5954\/revisions"}],"predecessor-version":[{"id":15520,"href":"https:\/\/tonala.gob.mx\/portal\/wp-json\/wp\/v2\/pages\/5954\/revisions\/15520"}],"wp:attachment":[{"href":"https:\/\/tonala.gob.mx\/portal\/wp-json\/wp\/v2\/media?parent=5954"}],"curies":[{"name":"wp","href":"https:\/\/api.w.org\/{rel}","templated":true}]}}