{"id":5947,"date":"2016-10-09T19:15:56","date_gmt":"2016-10-09T19:15:56","guid":{"rendered":"http:\/\/tonala.gob.mx\/portal\/?page_id=5947"},"modified":"2018-02-15T14:47:37","modified_gmt":"2018-02-15T20:47:37","slug":"ecologia-saneamiento-y-accion-contra-contaminacion","status":"publish","type":"page","link":"https:\/\/tonala.gob.mx\/portal\/ecologia-saneamiento-y-accion-contra-contaminacion\/","title":{"rendered":"Ecolog\u00eda, Saneamiento y Acci\u00f3n Contra Contaminaci\u00f3n"},"content":{"rendered":"<p><a href=\"https:\/\/tonala.gob.mx\/portal\/wp-content\/uploads\/2016\/10\/Plan_de_Trabajo_2015-2018.pdf\"><strong>Plan de Trabajo\u00a02015-2018<\/strong><\/a><\/p>\n<p><a href=\"https:\/\/tonala.gob.mx\/portal\/wp-content\/uploads\/2016\/10\/Acuerdo_Ecologia_13_Noviembre_2015.pdf\">Acuerdo Ecolog\u00eda, Saneamiento y Acci\u00f3n Contra la Contaminaci\u00f3n 13 Noviembre 2015<\/a><\/p>\n<p><strong>A\u00f1o 2015<\/strong><\/p>\n<p><strong>[expand title=\u00bbComisi\u00f3n Ecolog\u00eda, Saneamiento y Acci\u00f3n Contra Contaminaci\u00f3n 08 Octubre 2015&#8243;]<\/strong><\/p>\n<p><a href=\"https:\/\/tonala.gob.mx\/portal\/wp-content\/uploads\/2016\/10\/Ecologia_Sanemiento-y-Accion-contra-la-Contaminacion_08_Octubre_2015.pdf\">Comisi\u00f3n Ecolog\u00eda, Saneamiento y Acci\u00f3n Contra Contaminaci\u00f3n 08 Octubre 2015<\/a><\/p>\n<p><a href=\"https:\/\/tonala.gob.mx\/portal\/wp-content\/uploads\/2016\/10\/O.D.-Ecologia_08_Octubre_2015.pdf\">O.D. Comisi\u00f3n Ecolog\u00eda, Saneamiento y Acci\u00f3n Contra Contaminaci\u00f3n 08 Octubre 2015<\/a><\/p>\n<p><a href=\"https:\/\/tonala.gob.mx\/portal\/wp-content\/uploads\/2016\/10\/Asistencia_Ecologia_08_Octubre_2015.pdf\">Asistencia Comisi\u00f3n Ecolog\u00eda, Saneamiento y Acci\u00f3n Contra Contaminaci\u00f3n 08 Octubre 2015<\/a><\/p>\n<p>[\/expand]<\/p>\n<p><strong>[expand title=\u00bbComisi\u00f3n Ecolog\u00eda, Saneamiento y Acci\u00f3n Contra Contaminaci\u00f3n 30 Noviembre 2015&#8243;]<\/strong><\/p>\n<p><a href=\"https:\/\/tonala.gob.mx\/portal\/wp-content\/uploads\/2016\/10\/Ecologia_Saneamiento-y-Accion-contra-la-Contamienacion_30_Noviembre_2015.pdf\">Comisi\u00f3n Ecolog\u00eda, Saneamiento y Acci\u00f3n Contra Contaminaci\u00f3n 30 Noviembre 2015<\/a><\/p>\n<p><a href=\"https:\/\/tonala.gob.mx\/portal\/wp-content\/uploads\/2016\/10\/O.D.Ecologia_30_Noviembre_2015.pdf\">O.D. Comisi\u00f3n Ecolog\u00eda, Saneamiento y Acci\u00f3n Contra Contaminaci\u00f3n 30 Noviembre 2015<\/a><\/p>\n<p><a href=\"https:\/\/tonala.gob.mx\/portal\/wp-content\/uploads\/2016\/10\/Asistencia_Ecologia_30_Noviembre_2015.pdf\">Asistencia Comisi\u00f3n Ecolog\u00eda, Saneamiento y Acci\u00f3n Contra Contaminaci\u00f3n 30 Noviembre 2015<\/a><\/p>\n<p>[\/expand]<\/p>\n<p><strong>[expand title=\u00bbComisi\u00f3n Ecolog\u00eda, Saneamiento y Acci\u00f3n Contra Contaminaci\u00f3n 11 Diciembre 2015&#8243;]<\/strong><\/p>\n<p><a href=\"https:\/\/tonala.gob.mx\/portal\/wp-content\/uploads\/2016\/10\/Ecologia_Sanemiento-y-Accion-contra-la-Contaminacion_11_Diciembre_2016.pdf\">Comisi\u00f3n Ecolog\u00eda, Saneamiento y Acci\u00f3n Contra Contaminaci\u00f3n 11 Diciembre 2015<\/a><\/p>\n<p><a href=\"https:\/\/tonala.gob.mx\/portal\/wp-content\/uploads\/2016\/10\/O.D.-Ecologia_11_Diciembre_2016.pdf\">O.D. Comisi\u00f3n Ecolog\u00eda, Saneamiento y Acci\u00f3n Contra Contaminaci\u00f3n 11 Diciembre 2015<\/a><\/p>\n<p><a href=\"https:\/\/tonala.gob.mx\/portal\/wp-content\/uploads\/2016\/10\/Asistencia_Ecologia_11_Diciembre_2016.pdf\">Asistencia Comisi\u00f3n Ecolog\u00eda, Saneamiento y Acci\u00f3n Contra Contaminaci\u00f3n 11 Diciembre 2015<\/a><\/p>\n<p>[\/expand]<\/p>\n<p><strong>A\u00f1o 2016<\/strong><\/p>\n<p><strong>[expand title=\u00bbComisi\u00f3n Ecolog\u00eda, Saneamiento y Acci\u00f3n Contra Contaminaci\u00f3n 29 Enero 2016&#8243;]<\/strong><\/p>\n<p><a href=\"https:\/\/tonala.gob.mx\/portal\/wp-content\/uploads\/2016\/10\/Ecologia_Saneamiento-y-Accion-contra-la-Contaminacion_29_Enero_2016.pdf\">Comisi\u00f3n Ecolog\u00eda, Saneamiento y Acci\u00f3n Contra Contaminaci\u00f3n \u00a029 Enero 2016<\/a><\/p>\n<p><a href=\"https:\/\/tonala.gob.mx\/portal\/wp-content\/uploads\/2016\/10\/O.D.Ecologia_29_Enero_2016.pdf\">O.D. Comisi\u00f3n Ecolog\u00eda, Saneamiento y Acci\u00f3n Contra Contaminaci\u00f3n \u00a029 Enero 2016<\/a><\/p>\n<p><a href=\"https:\/\/tonala.gob.mx\/portal\/wp-content\/uploads\/2016\/10\/Asistencia_Ecologia_29_Enero_2016.pdf\">Asistencia Comisi\u00f3n Ecolog\u00eda, Saneamiento y Acci\u00f3n Contra Contaminaci\u00f3n \u00a029 Enero 2016<\/a><\/p>\n<p>[\/expand]<\/p>\n<p><strong>[expand title=\u00bbComisi\u00f3n Ecolog\u00eda, Saneamiento y Acci\u00f3n Contra Contaminaci\u00f3n 26 Febrero 2016&#8243;]<\/strong><\/p>\n<p><a href=\"https:\/\/tonala.gob.mx\/portal\/wp-content\/uploads\/2016\/10\/Ecologia_Saneamiento-y-Accion-contra-la-Contaminacion_26_Febrero_2016.pdf\">Comisi\u00f3n Ecolog\u00eda, Saneamiento y Acci\u00f3n Contra Contaminaci\u00f3n 26 Febrero 2016<\/a><\/p>\n<p><a href=\"https:\/\/tonala.gob.mx\/portal\/wp-content\/uploads\/2016\/10\/O.D.-Ecologia_26_Febrero_2016.pdf\">O.D. Comisi\u00f3n Ecolog\u00eda, Saneamiento y Acci\u00f3n Contra Contaminaci\u00f3n 26 Febrero 2016<\/a><\/p>\n<p><a href=\"https:\/\/tonala.gob.mx\/portal\/wp-content\/uploads\/2016\/10\/Asistencia_Ecologia_26_Febrero_2016.pdf\">Asistencia Comisi\u00f3n Ecolog\u00eda, Saneamiento y Acci\u00f3n Contra Contaminaci\u00f3n 26 Febrero 2016<\/a><\/p>\n<p>[\/expand]<\/p>\n<p><strong>[expand title=\u00bbComisi\u00f3n Ecolog\u00eda, Saneamiento y Acci\u00f3n Contra Contaminaci\u00f3n 16 Marzo 2016&#8243;]<\/strong><\/p>\n<p><a href=\"https:\/\/tonala.gob.mx\/portal\/wp-content\/uploads\/2016\/10\/Ecologia_Saneamiento-y-Accion-contra-la-Contaminacion_16_Marzo_2016.pdf\">Comisi\u00f3n Ecolog\u00eda, Saneamiento y Acci\u00f3n Contra Contaminaci\u00f3n 16 Marzo 2016<\/a><\/p>\n<p><a href=\"https:\/\/tonala.gob.mx\/portal\/wp-content\/uploads\/2016\/10\/O.D-Ecologia_16_Marzo_2016.pdf\">O.D. Comisi\u00f3n Ecolog\u00eda, Saneamiento y Acci\u00f3n Contra Contaminaci\u00f3n 16 Marzo 2016<\/a><\/p>\n<p><a href=\"https:\/\/tonala.gob.mx\/portal\/wp-content\/uploads\/2016\/10\/Ecologia_16_Marzo_2016.pdf\">Asistencia Comisi\u00f3n Ecolog\u00eda, Saneamiento y Acci\u00f3n Contra Contaminaci\u00f3n 16 Marzo 2016<\/a><\/p>\n<p>[\/expand]<\/p>\n<p><strong>[expand title=\u00bbComisi\u00f3n Ecolog\u00eda, Saneamiento y Acci\u00f3n Contra Contaminaci\u00f3n 27 Abril 2016&#8243;]<\/strong><\/p>\n<p><a href=\"https:\/\/tonala.gob.mx\/portal\/wp-content\/uploads\/2016\/10\/Ecologia_Saneamiento-y-Accion-contra-la-Contaminacion_27_Abril_2016.pdf\">Comisi\u00f3n Ecolog\u00eda, Saneamiento y Acci\u00f3n Contra Contaminaci\u00f3n 27 Abril 2016<\/a><\/p>\n<p><a href=\"https:\/\/tonala.gob.mx\/portal\/wp-content\/uploads\/2016\/10\/O.D.Ecologia_27_Abril_2016.pdf\">O.D. Comisi\u00f3n Ecolog\u00eda, Saneamiento y Acci\u00f3n Contra Contaminaci\u00f3n 27 Abril 2016<\/a><\/p>\n<p><a href=\"https:\/\/tonala.gob.mx\/portal\/wp-content\/uploads\/2016\/10\/Asistencia_Ecologia_27_Abril_2016.pdf\">Asistencia Comisi\u00f3n Ecolog\u00eda, Saneamiento y Acci\u00f3n Contra Contaminaci\u00f3n 27 Abril 2016<\/a><\/p>\n<p>[\/expand]<\/p>\n<p><strong>[expand title=\u00bbComisi\u00f3n Ecolog\u00eda, Saneamiento y Acci\u00f3n Contra Contaminaci\u00f3n 31 Mayo 2016&#8243;]<\/strong><\/p>\n<p><a href=\"https:\/\/tonala.gob.mx\/portal\/wp-content\/uploads\/2016\/10\/Ecologia_Saneamiento-y-Accion-contra-la-Contaminacion_31_Mayo_2016.pdf\">Comisi\u00f3n Ecolog\u00eda, Saneamiento y Acci\u00f3n Contra Contaminaci\u00f3n 31 Mayo 2016<\/a><\/p>\n<p><a href=\"https:\/\/tonala.gob.mx\/portal\/wp-content\/uploads\/2016\/10\/O.D.-Ecologia_31_Mayo_2016.pdf\">O.D. Comisi\u00f3n Ecolog\u00eda, Saneamiento y Acci\u00f3n Contra Contaminaci\u00f3n 31 Mayo 2016<\/a><\/p>\n<p><a href=\"https:\/\/tonala.gob.mx\/portal\/wp-content\/uploads\/2016\/10\/Asistencia_Ecologia_31_Mayo_2016.pdf\">Asistencia Comisi\u00f3n Ecolog\u00eda, Saneamiento y Acci\u00f3n Contra Contaminaci\u00f3n 31 Mayo 2016<\/a><\/p>\n<p>[\/expand]<\/p>\n<p><strong>[expand title=\u00bbComisi\u00f3n Ecolog\u00eda, Saneamiento y Acci\u00f3n Contra Contaminaci\u00f3n 30 Junio 2016&#8243;]<\/strong><\/p>\n<p><a href=\"https:\/\/tonala.gob.mx\/portal\/wp-content\/uploads\/2016\/10\/Ecologia_Saneamiento-y-Accion-contra-la-Contaminacion_30_Junio_2016.pdf\">Comisi\u00f3n Ecolog\u00eda, Saneamiento y Acci\u00f3n Contra Contaminaci\u00f3n 30 Junio 2016<\/a><\/p>\n<p><a href=\"https:\/\/tonala.gob.mx\/portal\/wp-content\/uploads\/2016\/10\/O.D.-Ecologia_30_Junio_2016.pdf\">O.D. Comisi\u00f3n Ecolog\u00eda, Saneamiento y Acci\u00f3n Contra Contaminaci\u00f3n 30 Junio 2016<\/a><\/p>\n<p><a href=\"https:\/\/tonala.gob.mx\/portal\/wp-content\/uploads\/2016\/10\/Asistencia_Ecologia_30_Junio_2016.pdf\">Asistencia Comisi\u00f3n Ecolog\u00eda, Saneamiento y Acci\u00f3n Contra Contaminaci\u00f3n 30 Junio 2016<\/a><\/p>\n<p>[\/expand]<\/p>\n<p><strong>[expand title=\u00bbComisi\u00f3n Ecolog\u00eda, Saneamiento y Acci\u00f3n Contra Contaminaci\u00f3n 29 Julio 2016&#8243;]<\/strong><\/p>\n<p><a href=\"https:\/\/tonala.gob.mx\/portal\/wp-content\/uploads\/2016\/10\/Ecologia_Saneamiento-y-Accion-contra-la-Contamientaci\u00f3n_29_Julio_2016.pdf\">Comisi\u00f3n Ecolog\u00eda, Saneamiento y Acci\u00f3n Contra Contaminaci\u00f3n 29 Julio 2016<\/a><\/p>\n<p><a href=\"https:\/\/tonala.gob.mx\/portal\/wp-content\/uploads\/2016\/10\/O.D.-Ecologia_29_Julio_2016.pdf\">O.D. Comisi\u00f3n Ecolog\u00eda, Saneamiento y Acci\u00f3n Contra Contaminaci\u00f3n 29 Julio 2016<\/a><\/p>\n<p><a href=\"https:\/\/tonala.gob.mx\/portal\/wp-content\/uploads\/2016\/10\/Asistencia_Ecologia_29_Julio_2016.pdf\">Asistencia Comisi\u00f3n Ecolog\u00eda, Saneamiento y Acci\u00f3n Contra Contaminaci\u00f3n 29 Julio 2016<\/a><\/p>\n<p>[\/expand]<\/p>\n<p><strong>[expand title=\u00bbComisi\u00f3n Ecolog\u00eda, Saneamiento y Acci\u00f3n Contra Contaminaci\u00f3n 31 Agosto 2016&#8243;]<\/strong><\/p>\n<p><a href=\"https:\/\/tonala.gob.mx\/portal\/wp-content\/uploads\/2016\/11\/Ecologia-Saneamiento-y-Accion-Contra-la-Contaminacion-31-de-Agosto-2016.pdf\">Comisi\u00f3n Ecolog\u00eda, Saneamiento y Acci\u00f3n Contra Contaminaci\u00f3n 31 Agosto 2016<\/a><\/p>\n<p><a href=\"https:\/\/tonala.gob.mx\/portal\/wp-content\/uploads\/2016\/11\/O.D.-Ecologia-Saneamiento-y-Accion-Contra-la-Contaminacion-31-de-Agosto-2016.pdf\">O.D. Comisi\u00f3n Ecolog\u00eda, Saneamiento y Acci\u00f3n Contra Contaminaci\u00f3n 31 Agosto 2016<\/a><\/p>\n<p><a href=\"https:\/\/tonala.gob.mx\/portal\/wp-content\/uploads\/2016\/11\/Asistencia-Ecologia-Saneamiento-y-Accion-Contra-la-Contaminacion-31-de-Agosto-2016.pdf\">Asistencia Comisi\u00f3n Ecolog\u00eda, Saneamiento y Acci\u00f3n Contra Contaminaci\u00f3n 31 Agosto 2016<\/a><\/p>\n<p>[\/expand]<\/p>\n<p><strong>[expand title=\u00bbComisi\u00f3n Ecolog\u00eda, Saneamiento y Acci\u00f3n Contra Contaminaci\u00f3n 29 Septiembre 2016&#8243;]<\/strong><\/p>\n<p><a href=\"https:\/\/tonala.gob.mx\/portal\/wp-content\/uploads\/2016\/11\/Ecologia-Saneamiento-y-Accion-Contra-la-Contaminacion-29-de-Septiembre-2016.pdf\">Comisi\u00f3n Ecolog\u00eda, Saneamiento y Acci\u00f3n Contra Contaminaci\u00f3n 29 Septiembre 2016<\/a><\/p>\n<p><a href=\"https:\/\/tonala.gob.mx\/portal\/wp-content\/uploads\/2016\/11\/O.D.-Ecologia-Saneamiento-y-Accion-Contra-la-Contaminacion-29-de-Septiembre-2016.pdf\">O.D. Comisi\u00f3n Ecolog\u00eda, Saneamiento y Acci\u00f3n Contra Contaminaci\u00f3n 29 Septiembre 2016<\/a><\/p>\n<p><a href=\"https:\/\/tonala.gob.mx\/portal\/wp-content\/uploads\/2016\/11\/Asistencia-Ecologia-Saneamiento-y-Accion-Contra-la-Contaminacion-29-de-Septiembre-2016.pdf\">Asistencia Comisi\u00f3n Ecolog\u00eda, Saneamiento y Acci\u00f3n Contra Contaminaci\u00f3n 29 Septiembre 2016<\/a><\/p>\n<p>[\/expand]<\/p>\n<p><strong>[expand title=\u00bbComisi\u00f3n Ecolog\u00eda, Saneamiento y Acci\u00f3n Contra Contaminaci\u00f3n 28 de Octubre 2016&#8243;]<\/strong><\/p>\n<p><a href=\"https:\/\/tonala.gob.mx\/portal\/wp-content\/uploads\/2016\/11\/Ecologia-Saneamiento-y-Accion-Contra-la-Contaminacion-28-Octubre-2016.pdf\">Comisi\u00f3n Ecolog\u00eda, Saneamiento y Acci\u00f3n Contra Contaminaci\u00f3n 28 de Octubre 2016<\/a><\/p>\n<p><a href=\"https:\/\/tonala.gob.mx\/portal\/wp-content\/uploads\/2016\/11\/O.D.-Ecologia-Saneamiento-y-Accion-Contra-la-Contaminacion-28-Octubre-2016.pdf\">O.D. Comisi\u00f3n Ecolog\u00eda, Saneamiento y Acci\u00f3n Contra Contaminaci\u00f3n 28 de Octubre 2016<\/a><\/p>\n<p><a href=\"https:\/\/tonala.gob.mx\/portal\/wp-content\/uploads\/2016\/11\/Asistencia-Ecologia-Saneamiento-y-Accion-Contra-la-Contaminacion-28-Octubre-2016.pdf\">Asistencia Comisi\u00f3n Ecolog\u00eda, Saneamiento y Acci\u00f3n Contra Contaminaci\u00f3n 28 de Octubre 2016<\/a><\/p>\n<p>[\/expand]<\/p>\n<p><strong>[expand title=\u00bbComisi\u00f3n Ecolog\u00eda, Saneamiento y Acci\u00f3n Contra la Contaminaci\u00f3n 18 Noviembre 2016&#8243;]<\/strong><\/p>\n<p><a href=\"https:\/\/tonala.gob.mx\/portal\/wp-content\/uploads\/2017\/08\/Minuta-Comisi\u00f3n-Ecologia-Saneamiento-y-Acci\u00f3n-contra-la-Contaminaci\u00f3n-18-Noviembre-2016.pdf\">Minuta Comisi\u00f3n Ecolog\u00eda, Saneamiento y Acci\u00f3n contra la Contaminaci\u00f3n 18 Noviembre 2016<\/a><\/p>\n<p>[\/expand]<\/p>\n<p><strong>[expand title=\u00bbComisi\u00f3n Ecolog\u00eda, Saneamiento y Acci\u00f3n Contra la Contaminaci\u00f3n 13 Diciembre 2016&#8243;]<\/strong><\/p>\n<p><a href=\"https:\/\/tonala.gob.mx\/portal\/wp-content\/uploads\/2017\/08\/Minuta-Comisi\u00f3n-Ecologia-Saneamiento-y-Acci\u00f3n-contra-la-Contaminaci\u00f3n-13-Diciembre-2016.pdf\">Minuta Comisi\u00f3n Ecolog\u00eda, Saneamiento y Acci\u00f3n contra la Contaminaci\u00f3n 13 Diciembre 2016<\/a><\/p>\n<p>[\/expand]<\/p>\n<p><strong>2017<\/strong><\/p>\n<p><strong>[expand title=\u00bbComisi\u00f3n Ecolog\u00eda, Saneamiento y Acci\u00f3n Contra la Contaminaci\u00f3n 23 Enero 2017&#8243;]<\/strong><\/p>\n<p><a href=\"https:\/\/tonala.gob.mx\/portal\/wp-content\/uploads\/2017\/03\/COMISION-EDILICIA-DE-ECOLOGIASANEAMIENTO-Y-ACCION-CONTRA-LA-CONTAMINACION-23-ENERO-2017.pdf\">Minuta Comisi\u00f3n Ecolog\u00eda, Saneamiento y Acci\u00f3n Contra la Contra la Contaminaci\u00f3n 23 Enero 2017<\/a><\/p>\n<p>[\/expand]<\/p>\n<p><strong>[expand title=\u00bbSesi\u00f3n Conjunta de las Comisiones Reglamentos, Puntos Constitucionales, Redacci\u00f3n y Estilo y Ecolog\u00eda, Saneamiento y Acci\u00f3n Contra la Contaminaci\u00f3n 22 Febrero 2017&#8243;]<\/strong><\/p>\n<p><a href=\"https:\/\/tonala.gob.mx\/portal\/wp-content\/uploads\/2017\/03\/Minuta-Comision-Edilicia-Conjunta003.pdf\">Minuta Sesi\u00f3n Conjunta de las Comisiones Reglamentos, Puntos Constitucionales, Redacci\u00f3n y Estilo y Ecolog\u00eda, Saneamiento y Acci\u00f3n Contra la Contaminaci\u00f3n 22 Febrero 2017<\/a><\/p>\n<p><a href=\"https:\/\/tonala.gob.mx\/portal\/wp-content\/uploads\/2017\/03\/Orden-del-D\u00eda-Comision-Edilicia-Conjunta001.pdf\">O.D. Sesi\u00f3n Conjunta de las Comisiones Reglamentos, Puntos Constitucionales, Redacci\u00f3n y Estilo y Ecolog\u00eda, Saneamiento y Acci\u00f3n Contra la Contaminaci\u00f3n 22 Febrero 2017<\/a><\/p>\n<p><a href=\"https:\/\/tonala.gob.mx\/portal\/wp-content\/uploads\/2017\/03\/Lista-de-Asistencia-Comision-Edilicia-Conjunta002.pdf\">Asistencia\u00a0Sesi\u00f3n Conjunta de las Comisiones Reglamentos, Puntos Constitucionales, Redacci\u00f3n y Estilo y Ecolog\u00eda, Saneamiento y Acci\u00f3n Contra la Contaminaci\u00f3n 22 Febrero 2017<\/a><\/p>\n<p>[\/expand]<\/p>\n<p><strong>[expand title=\u00bbComisi\u00f3n Ecolog\u00eda, Saneamiento y Acci\u00f3n Contra la Contaminaci\u00f3n 27 Febrero 2017&#8243;]<\/strong><\/p>\n<p><a href=\"https:\/\/tonala.gob.mx\/portal\/wp-content\/uploads\/2017\/07\/Minuta-Comisi\u00f3n-Ecolog\u00eda-Saneamiento-y-Acci\u00f3n-contra-la-Contaminaci\u00f3n-27-Febrero-2017.pdf\">Minuta Comisi\u00f3n Ecolog\u00eda, Saneamiento y Acci\u00f3n Contra la Contaminaci\u00f3n 27 Febrero 2017<\/a><\/p>\n<p>[\/expand]<\/p>\n<p><strong>[expand title=\u00bbComisi\u00f3n Ecolog\u00eda, Saneamiento y Acci\u00f3n Contra la Contaminaci\u00f3n 23 Marzo 2017&#8243;]<\/strong><\/p>\n<p><a href=\"https:\/\/tonala.gob.mx\/portal\/wp-content\/uploads\/2017\/07\/Minuta-Comisi\u00f3n-Ecolog\u00eda-Saneamiento-y-Acci\u00f3n-contra-la-Contaminaci\u00f3n-23-Marzo-2017.pdf\">Minuta Comisi\u00f3n Ecolog\u00eda, Saneamiento y Acci\u00f3n Contra la Contaminaci\u00f3n 23 Marzo 2017<\/a><\/p>\n<p>[\/expand]<\/p>\n<p><strong>[expand title=\u00bbComisi\u00f3n Ecolog\u00eda, Saneamiento y Acci\u00f3n Contra la Contaminaci\u00f3n 28 Abril 2017&#8243;]<\/strong><\/p>\n<p><a href=\"https:\/\/tonala.gob.mx\/portal\/wp-content\/uploads\/2017\/07\/Minuta-Comisi\u00f3n-Ecolog\u00eda-Saneamiento-y-Acci\u00f3n-contra-la-Contaminaci\u00f3n-28-Abril-2017.pdf\">Minuta Comisi\u00f3n Ecolog\u00eda, Saneamiento y Acci\u00f3n contra la Contaminaci\u00f3n 28 Abril 2017<\/a><\/p>\n<p>[\/expand]<\/p>\n<p><strong>[expand title=\u00bbComisiones Ecolog\u00eda, Saneamiento y Acci\u00f3n Contra la Contaminaci\u00f3n; Reglamentos y Puntos Constitucionales, Redacci\u00f3n y Estilo &#8211; 30 Mayo 2017&#8243;]<\/strong><\/p>\n<p><a href=\"https:\/\/tonala.gob.mx\/portal\/wp-content\/uploads\/2017\/07\/Minuta-Comisiones-Ecolog\u00eda-Saneamiento-y-Acci\u00f3n-contra-la-Contaminaci\u00f3n-Reglamentos-y-Puntos-Constitucionales-Redacci\u00f3n-y-Estilo-30-Mayo-2017.pdf\">Minuta Comisiones Ecolog\u00eda, Saneamiento y Acci\u00f3n contra la Contaminaci\u00f3n; Reglamentos y Puntos Constitucionales, Redacci\u00f3n y Estilo &#8211; 30 Mayo 2017<\/a><\/p>\n<p>[\/expand]<\/p>\n<p><strong>[expand title=\u00bbComisi\u00f3n Ecolog\u00eda, Saneamiento y Acci\u00f3n Contra la Contaminaci\u00f3n Junio 2017&#8243;]<\/strong><\/p>\n<p>[\/expand]<\/p>\n<p><strong>[expand title=\u00bbComisi\u00f3n Ecolog\u00eda, Saneamiento y Acci\u00f3n Contra la Contaminaci\u00f3n 14 Julio 2017&#8243;]<\/strong><\/p>\n<p><a href=\"https:\/\/tonala.gob.mx\/portal\/wp-content\/uploads\/2017\/10\/Minuta-Comisi\u00f3n-Ecologia-Saneamiento-y-Acci\u00f3n-contra-la-Contaminaci\u00f3n-14-Julio-2017.pdf\">Minuta Comisi\u00f3n Ecolog\u00eda, Saneamiento y Acci\u00f3n Contra la Contaminaci\u00f3n 14 Julio 2017<\/a><\/p>\n<p>[\/expand]<\/p>\n<p><strong>[expand title=\u00bbComisi\u00f3n Ecolog\u00eda, Saneamiento y Acci\u00f3n Contra la Contaminaci\u00f3n 31 Agosto 2017&#8243;]<\/strong><\/p>\n<p><a href=\"https:\/\/tonala.gob.mx\/portal\/wp-content\/uploads\/2017\/10\/Minuta-Comisi\u00f3n-Ecolog\u00eda-Saneamiento-y-Acci\u00f3n-contra-la-Contaminaci\u00f3n-31-Agosto-2017.pdf\">Minuta Comisi\u00f3n Ecolog\u00eda, Saneamiento y Acci\u00f3n Contra la Contaminaci\u00f3n 31 Agosto 2017<\/a><\/p>\n<p>[\/expand]<\/p>\n<p><strong>[expand title=\u00bbSesi\u00f3n Conjunta Comisiones Reglamentos; Ecolog\u00eda, Saneamiento y Acci\u00f3n Contra la Contaminaci\u00f3n 28 Septiembre 2017&#8243;]<\/strong><\/p>\n<p><a href=\"https:\/\/tonala.gob.mx\/portal\/wp-content\/uploads\/2017\/12\/Minuta-Sesi\u00f3n-Conjunta-Comisiones-Reglamentos-Ecolog\u00eda-Saneamiento-y-Acci\u00f3n-Contra-la-Contaminaci\u00f3n-28-Septiembre-2017.pdf\">Minuta Sesi\u00f3n Conjunta Comisiones Reglamentos; Ecolog\u00eda, Saneamiento y Acci\u00f3n Contra la Contaminaci\u00f3n 28 Septiembre 2017<\/a><\/p>\n<p><a href=\"https:\/\/tonala.gob.mx\/portal\/wp-content\/uploads\/2017\/12\/O.-D.-Sesi\u00f3n-Conjunta-Comisiones-Reglamentos-Ecolog\u00eda-Saneamiento-y-Accfi\u00f3n-Contra-la-Contaminaci\u00f3n-28-Septiembre-2017.pdf\">O. D. Sesi\u00f3n Conjunta Comisiones Reglamentos; Ecolog\u00eda, Saneamiento y Acci\u00f3n Contra la Contaminaci\u00f3n 28 Septiembre 2017<\/a><\/p>\n<p><a href=\"https:\/\/tonala.gob.mx\/portal\/wp-content\/uploads\/2017\/12\/Lista-Asistencia-Sesi\u00f3n-Conjunta-Comisiones-Reglamentos-Ecolog\u00eda-Saneamiento-y-Acci\u00f3n-Contra-la-Contaminaci\u00f3n-28-Septiembre-2017.pdf\">Lista Asistencia Sesi\u00f3n Conjunta Comisiones Reglamentos; Ecolog\u00eda, Saneamiento y Acci\u00f3n Contra la Contaminaci\u00f3n 28 Septiembre 2017<\/a><\/p>\n<p>[\/expand]<\/p>\n<p><strong>[expand title=\u00bbComisi\u00f3n Ecolog\u00eda, Saneamiento y Acci\u00f3n Contra la Contaminaci\u00f3n 24 Octubre 2017&#8243;]<\/strong><\/p>\n<p><a href=\"https:\/\/tonala.gob.mx\/portal\/wp-content\/uploads\/2018\/02\/Minuta-Comisi\u00f3n-Ecolog\u00eda-Saneamiento-y-Acci\u00f3n-Contra-la-Contaminaci\u00f3n-24-Octubre-2017.pdf\">Minuta Comisi\u00f3n Ecolog\u00eda, Saneamiento y Acci\u00f3n Contra la Contaminaci\u00f3n 24 Octubre 2017<\/a><\/p>\n<p>[\/expand]<\/p>\n<p><strong>[expand title=\u00bbComisi\u00f3n Ecolog\u00eda, Saneamiento y Acci\u00f3n Contra la Contaminaci\u00f3n 15 Noviembre 2017&#8243;]<\/strong><\/p>\n<p><a href=\"https:\/\/tonala.gob.mx\/portal\/wp-content\/uploads\/2018\/02\/Minuta-Comisi\u00f3n-Ecolog\u00eda-Saneamiento-y-Acci\u00f3n-Contra-la-Contaminaci\u00f3n-15-Noviembre-2017.pdf\">Minuta Comisi\u00f3n Ecolog\u00eda, Saneamiento y Acci\u00f3n Contra la Contaminaci\u00f3n 15 Noviembre 2017<\/a><\/p>\n<p>[\/expand]<\/p>\n<p><strong>[expand title=\u00bbComisi\u00f3n Ecolog\u00eda, Saneamiento y Acci\u00f3n Contra la Contaminaci\u00f3n 06 Diciembre 2017&#8243;]<\/strong><\/p>\n<p><a href=\"https:\/\/tonala.gob.mx\/portal\/wp-content\/uploads\/2018\/02\/Minuta-Comisi\u00f3n-Ecolog\u00eda-Saneamiento-y-Acci\u00f3n-Contra-la-Contaminaci\u00f3n-06-Diciembre-2017.pdf\">Minuta Comisi\u00f3n Ecolog\u00eda, Saneamiento y Acci\u00f3n Contra la Contaminaci\u00f3n 06 Diciembre 2017<\/a><\/p>\n<p>[\/expand]<\/p>\n","protected":false},"excerpt":{"rendered":"<p>Plan de Trabajo\u00a02015-2018 Acuerdo Ecolog\u00eda, Saneamiento y Acci\u00f3n Contra la Contaminaci\u00f3n 13 Noviembre 2015 A\u00f1o 2015 [expand title=\u00bbComisi\u00f3n Ecolog\u00eda, Saneamiento<\/p>\n","protected":false},"author":1,"featured_media":0,"parent":0,"menu_order":0,"comment_status":"closed","ping_status":"closed","template":"","meta":{"colormag_page_container_layout":"default_layout","colormag_page_sidebar_layout":"default_layout","footnotes":""},"class_list":["post-5947","page","type-page","status-publish","hentry"],"_links":{"self":[{"href":"https:\/\/tonala.gob.mx\/portal\/wp-json\/wp\/v2\/pages\/5947","targetHints":{"allow":["GET"]}}],"collection":[{"href":"https:\/\/tonala.gob.mx\/portal\/wp-json\/wp\/v2\/pages"}],"about":[{"href":"https:\/\/tonala.gob.mx\/portal\/wp-json\/wp\/v2\/types\/page"}],"author":[{"embeddable":true,"href":"https:\/\/tonala.gob.mx\/portal\/wp-json\/wp\/v2\/users\/1"}],"replies":[{"embeddable":true,"href":"https:\/\/tonala.gob.mx\/portal\/wp-json\/wp\/v2\/comments?post=5947"}],"version-history":[{"count":19,"href":"https:\/\/tonala.gob.mx\/portal\/wp-json\/wp\/v2\/pages\/5947\/revisions"}],"predecessor-version":[{"id":15528,"href":"https:\/\/tonala.gob.mx\/portal\/wp-json\/wp\/v2\/pages\/5947\/revisions\/15528"}],"wp:attachment":[{"href":"https:\/\/tonala.gob.mx\/portal\/wp-json\/wp\/v2\/media?parent=5947"}],"curies":[{"name":"wp","href":"https:\/\/api.w.org\/{rel}","templated":true}]}}