{"id":5942,"date":"2016-10-09T19:03:55","date_gmt":"2016-10-09T19:03:55","guid":{"rendered":"http:\/\/tonala.gob.mx\/portal\/?page_id=5942"},"modified":"2018-06-19T12:53:54","modified_gmt":"2018-06-19T18:53:54","slug":"reclusorios","status":"publish","type":"page","link":"https:\/\/tonala.gob.mx\/portal\/reclusorios\/","title":{"rendered":"Reclusorios"},"content":{"rendered":"<p><a href=\"https:\/\/tonala.gob.mx\/portal\/wp-content\/uploads\/2016\/10\/PROGRAMA-DE-TRABAJO-GUILLERMO-MENDOZA-QUINTERO-RECLUSORIOS.pdf\"><strong>Plan de Trabajo\u00a02015-2018<\/strong><\/a><\/p>\n<p><strong>A\u00f1o 2015<\/strong><\/p>\n<p><strong>[expand title=\u00bbComisi\u00f3n Reclusorios 09 Octubre 2015&#8243;]<\/strong><\/p>\n<p><a href=\"https:\/\/tonala.gob.mx\/portal\/wp-content\/uploads\/2016\/10\/Comisi\u00f3n_Reclusorios_Octubre_2015.pdf\">Comisi\u00f3n Reclusorios 09 Octubre 2015<\/a><\/p>\n<p><a href=\"https:\/\/tonala.gob.mx\/portal\/wp-content\/uploads\/2016\/10\/O.D._Comisi\u00f3n_Reclusorios_Octubre_2015.pdf\">O.D. Comisi\u00f3n Reclusorios 09 Octubre 2015<\/a><\/p>\n<p><a href=\"https:\/\/tonala.gob.mx\/portal\/wp-content\/uploads\/2016\/10\/Asistencia__Comisi\u00f3n_Reclusorios_Octubre_2015.pdf\">Asistencia Comisi\u00f3n Reclusorios 09 Octubre 2015<\/a><\/p>\n<p>[\/expand]<\/p>\n<p><strong>[expand title=\u00bbComisi\u00f3n Reclusorios 23 Febrero 2018&#8243;]<\/strong><\/p>\n<p><a href=\"https:\/\/tonala.gob.mx\/portal\/wp-content\/uploads\/2018\/02\/Orden-del-D\u00eda-Comisi\u00f3n-Reclusorios-23-Febrero-2018.pdf\">O. D. Comisi\u00f3n Reclusorios 23 Febrero 2018<\/a><\/p>\n<p>[\/expand]<\/p>\n<p><strong>[expand title=\u00bbComisi\u00f3n Reclusorios 27 Noviembre 2015&#8243;]<\/strong><\/p>\n<p><a href=\"https:\/\/tonala.gob.mx\/portal\/wp-content\/uploads\/2016\/10\/Comisi\u00f3n_Reclusorios_Noviembre_2015.pdf\">Comisi\u00f3n Reclusorios 27 Noviembre 2015<\/a><\/p>\n<p><a href=\"https:\/\/tonala.gob.mx\/portal\/wp-content\/uploads\/2016\/10\/O.D._Comisi\u00f3n_Reclusorios_Noviembre_2015.pdf\">O.D. Comisi\u00f3n Reclusorios 27 Noviembre 2015<\/a><\/p>\n<p><a href=\"https:\/\/tonala.gob.mx\/portal\/wp-content\/uploads\/2016\/10\/Asistencia_Comisi\u00f3n_Reclusorios_Noviembre_2015.pdf\">Asistencia Comisi\u00f3n 27 Reclusorios Noviembre 2015<\/a><\/p>\n<p>[\/expand]<\/p>\n<p><strong>[expand title=\u00bbComisi\u00f3n Reclusorios 17 Diciembre 2015&#8243;]<\/strong><\/p>\n<p><a href=\"https:\/\/tonala.gob.mx\/portal\/wp-content\/uploads\/2016\/10\/Comisi\u00f3n_Reclusorios_Diciembre_2015.pdf\">Comisi\u00f3n Reclusorios 17 Diciembre 2015<\/a><\/p>\n<p><a href=\"https:\/\/tonala.gob.mx\/portal\/wp-content\/uploads\/2016\/10\/O.D._Comisi\u00f3n_Reclusorios_Diciembre_2015.pdf\">O.D. Comisi\u00f3n Reclusorios 17 \u00a0Diciembre 2015<\/a><\/p>\n<p><a href=\"https:\/\/tonala.gob.mx\/portal\/wp-content\/uploads\/2016\/10\/Asistencia_Comisi\u00f3n_Reclusorios_Diciembre_2015.pdf\">Asistencia Comisi\u00f3n Reclusorios 17 Diciembre 2015<\/a><\/p>\n<p>[\/expand]<\/p>\n<p><strong>A\u00f1o 2016<\/strong><\/p>\n<p><strong>[expand title=\u00bbComisi\u00f3n Reclusorios 29 Enero 2016&#8243;]<\/strong><\/p>\n<p><a href=\"https:\/\/tonala.gob.mx\/portal\/wp-content\/uploads\/2016\/10\/Comisi\u00f3n_Reclusorios_Enero_2016.pdf\">Comisi\u00f3n Reclusorios 29 Enero 2016<\/a><\/p>\n<p><a href=\"https:\/\/tonala.gob.mx\/portal\/wp-content\/uploads\/2016\/10\/O.D._Comisi\u00f3n_Reclusorios_Enero_2016.pdf\">O.D. Comisi\u00f3n Reclusorios 29 Enero 2016<\/a><\/p>\n<p><a href=\"https:\/\/tonala.gob.mx\/portal\/wp-content\/uploads\/2016\/10\/Asistencia_Comisi\u00f3n_Reclusorios_Enero_2016.pdf\">Asistencia Comisi\u00f3n Reclusorios 29 Enero 2016<\/a><\/p>\n<p>[\/expand]<\/p>\n<p><strong>[expand title=\u00bbComisi\u00f3n\u00a0Reclusorios 29 Febrero 2016&#8243;]<\/strong><\/p>\n<p><a href=\"https:\/\/tonala.gob.mx\/portal\/wp-content\/uploads\/2016\/10\/Comisi\u00f3n_Reclusorios_Febrero_2016.pdf\">Comisi\u00f3n Reclusorios 29 Febrero 2016<\/a><\/p>\n<p><a href=\"https:\/\/tonala.gob.mx\/portal\/wp-content\/uploads\/2016\/10\/O.D._Comisi\u00f3n_Reclusorios_Febrero_2016.pdf\">O.D. Comisi\u00f3n Reclusorios 29 Febrero 2016<\/a><\/p>\n<p><a href=\"https:\/\/tonala.gob.mx\/portal\/wp-content\/uploads\/2016\/10\/Asistencia_Comisi\u00f3n_Reclusorios_Febrero_2016.pdf\">Asistencia Comisi\u00f3n Reclusorios 29 Febrero 2016<\/a><\/p>\n<p>[\/expand]<\/p>\n<p><strong>[expand title=\u00bbComisi\u00f3n Reclusorios 18 Marzo 2016&#8243;]<\/strong><\/p>\n<p><a href=\"https:\/\/tonala.gob.mx\/portal\/wp-content\/uploads\/2016\/10\/Comisi\u00f3n_Reclusorios_Marzo_2016.pdf\">Comisi\u00f3n Reclusorios 18 Marzo 2016<\/a><\/p>\n<p><a href=\"https:\/\/tonala.gob.mx\/portal\/wp-content\/uploads\/2016\/10\/O.D._Comisi\u00f3n_Reclusorios_Marzo_2016.pdf\">O.D. Comisi\u00f3n Reclusorios 18 Marzo 2016<\/a><\/p>\n<p><a href=\"https:\/\/tonala.gob.mx\/portal\/wp-content\/uploads\/2016\/10\/Asistencia_Comisi\u00f3n_Reclusorios_Marzo_2016.pdf\">Asistencia Comisi\u00f3n Reclusorios 18 Marzo 2016<\/a><\/p>\n<p>[\/expand]<\/p>\n<p><strong>[expand title=\u00bbComisi\u00f3n Reclusorios 29 Abril 2016&#8243;]<\/strong><\/p>\n<p><a href=\"https:\/\/tonala.gob.mx\/portal\/wp-content\/uploads\/2016\/10\/Comisi\u00f3n-Reclusorios-Abril-2016.pdf\">Comisi\u00f3n Reclusorios 29 Abril 2016<\/a><\/p>\n<p><a href=\"https:\/\/tonala.gob.mx\/portal\/wp-content\/uploads\/2016\/10\/O.D._Comisi\u00f3n-Reclusorios-Abril-2016.pdf\">O.D. Comisi\u00f3n Reclusorios 29 Abril 2016<\/a><\/p>\n<p><a href=\"https:\/\/tonala.gob.mx\/portal\/wp-content\/uploads\/2016\/10\/Asistencia_Comisi\u00f3n-Reclusorios-Abril-2016.pdf\">Asistencia Comisi\u00f3n Reclusorios 29 Abril 2016<\/a><\/p>\n<p>[\/expand]<\/p>\n<p><strong>[expand title=\u00bbComisi\u00f3n Reclusorios 31 Mayo 2016&#8243;]<\/strong><\/p>\n<p><a href=\"https:\/\/tonala.gob.mx\/portal\/wp-content\/uploads\/2016\/10\/Comisi\u00f3n_Reclusorios_Mayo_2016.pdf\">Comisi\u00f3n Reclusorios 31 Mayo 2016<\/a><\/p>\n<p><a href=\"https:\/\/tonala.gob.mx\/portal\/wp-content\/uploads\/2016\/10\/O.D._Comisi\u00f3n_Reclusorios_Mayo_2016.pdf\">O.D. Comisi\u00f3n Reclusorios 31 Mayo 2016<\/a><\/p>\n<p><a href=\"https:\/\/tonala.gob.mx\/portal\/wp-content\/uploads\/2016\/10\/Asistencia_Comisi\u00f3n_Reclusorios_Mayo-2016.pdf\">Asistencia Comisi\u00f3n Reclusorios 31 Mayo 2016<\/a><\/p>\n<p>[\/expand]<\/p>\n<p><strong>[expand title=\u00bbComisi\u00f3n Reclusorios \u00a021 Junio 2016&#8243;]<\/strong><\/p>\n<p><a href=\"https:\/\/tonala.gob.mx\/portal\/wp-content\/uploads\/2016\/10\/Reclusorios_21_Junio_2016.pdf\">Comisi\u00f3n Reclusorios 21 Junio 2016<\/a><\/p>\n<p><a href=\"https:\/\/tonala.gob.mx\/portal\/wp-content\/uploads\/2016\/10\/O.D._Reclusorios_21_Junio_2016.pdf\">O.D. Comisi\u00f3n Reclusorios 21 Junio 2016<\/a><\/p>\n<p><a href=\"https:\/\/tonala.gob.mx\/portal\/wp-content\/uploads\/2016\/10\/Lista_Reclusorios_21_Junio_2016.pdf\">Asistencia Comisi\u00f3n Reclusorios 21 Junio 2016<\/a><\/p>\n<p>[\/expand]<\/p>\n<p><strong>[expand title=\u00bbComisi\u00f3n Reclusorios 20 Julio 2016&#8243;]<\/strong><\/p>\n<p><a href=\"https:\/\/tonala.gob.mx\/portal\/wp-content\/uploads\/2017\/03\/Comisi\u00f3n-Reclusorios-20-Julio-2016.pdf\">Comisi\u00f3n Reclusorios 20 Julio 2016<\/a><\/p>\n<p><a href=\"https:\/\/tonala.gob.mx\/portal\/wp-content\/uploads\/2017\/03\/Reclusorios_Orden_de_dia_Julio_2016.pdf\">O.D. Comisi\u00f3n Reclusorios Julio 2016<\/a><\/p>\n<p><a href=\"https:\/\/tonala.gob.mx\/portal\/wp-content\/uploads\/2017\/03\/Asistencia_Reclusorios_Julio_2016.pdf\">Asistencia Comisi\u00f3n Reclusorios Julio 2016<\/a><\/p>\n<p>[\/expand]<\/p>\n<p><strong>[expand title=\u00bbComisi\u00f3n Reclusorios 23 Agosto 2016&#8243;]<\/strong><\/p>\n<p><a href=\"https:\/\/tonala.gob.mx\/portal\/wp-content\/uploads\/2017\/03\/Comisi\u00f3n-Reclusorios-23-Agosto-2016.pdf\">Comisi\u00f3n Reclusorios 23 Agosto 2016<\/a><\/p>\n<p><a href=\"https:\/\/tonala.gob.mx\/portal\/wp-content\/uploads\/2017\/03\/Reclusorios_Orden_de_dia_Agosto_2016.pdf\">O.D. Comisi\u00f3n Reclusorios Agosto\u00a02016<\/a><\/p>\n<p><a href=\"https:\/\/tonala.gob.mx\/portal\/wp-content\/uploads\/2017\/03\/Asistencia_Reclusorios_Agosto_2016.pdf\">Asistencia Comisi\u00f3n Reclusorios Agosto\u00a02016<\/a><\/p>\n<p>[\/expand]<\/p>\n<p><strong>[expand title=\u00bbComisi\u00f3n Reclusorios 15 Septiembre 2016&#8243;]<\/strong><\/p>\n<p><a href=\"https:\/\/tonala.gob.mx\/portal\/wp-content\/uploads\/2017\/03\/Comisi\u00f3n-Reclusorios-15-Septiembre-2016.pdf\">Comisi\u00f3n Reclusorios 15 Septiembre 2016<\/a><\/p>\n<p><a href=\"https:\/\/tonala.gob.mx\/portal\/wp-content\/uploads\/2017\/03\/Reclusorios_Orden_de_dia_Septiembre_2016.pdf\">O.D. Comisi\u00f3n Reclusorios Septiembre\u00a02016<\/a><\/p>\n<p><a href=\"https:\/\/tonala.gob.mx\/portal\/wp-content\/uploads\/2017\/03\/Asistencia_Reclusorios_Septiembre_2016.pdf\">Asistencia Comisi\u00f3n Reclusorios Septiembre 2016<\/a><\/p>\n<p>[\/expand]<\/p>\n<p><strong>[expand title=\u00bbComisi\u00f3n Reclusorios 21 Octubre\u00a02016&#8243;]<\/strong><\/p>\n<p><a href=\"https:\/\/tonala.gob.mx\/portal\/wp-content\/uploads\/2017\/03\/Comisi\u00f3n-Reclusorios-21-Octubre-2016.pdf\">Comisi\u00f3n Reclusorios 21 Octubre 2016<\/a><\/p>\n<p><a href=\"https:\/\/tonala.gob.mx\/portal\/wp-content\/uploads\/2017\/03\/Reclusorios_Orden_de_dia_Octubre_2016.pdf\">O.D. Comisi\u00f3n Reclusorios Octubre 2016<\/a><\/p>\n<p><a href=\"https:\/\/tonala.gob.mx\/portal\/wp-content\/uploads\/2017\/03\/Asistencia_Reclusorios_Octubre_2016.pdf\">Asistencia Comisi\u00f3n Reclusorios Octubre 2016<\/a><\/p>\n<p>[\/expand]<\/p>\n<p><strong>[expand title=\u00bbComisi\u00f3n Reclusorios \u00a022 Noviembre 2016&#8243;]<\/strong><\/p>\n<p><a href=\"https:\/\/tonala.gob.mx\/portal\/wp-content\/uploads\/2017\/03\/Comisi\u00f3n-Reclusorios-22-Noviembre-2016-.pdf\">Comisi\u00f3n Reclusorios 22 Noviembre 2016<\/a><\/p>\n<p><a href=\"https:\/\/tonala.gob.mx\/portal\/wp-content\/uploads\/2017\/03\/Reclusorios_Orden_de_dia_Noviembre_2016.pdf\">O.D. Comisi\u00f3n Reclusorios Noviembre\u00a02016<\/a><\/p>\n<p><a href=\"https:\/\/tonala.gob.mx\/portal\/wp-content\/uploads\/2017\/03\/Asistencia_Reclusorios_Noviembre_2016.pdf\">Asistencia Comisi\u00f3n Reclusorios Noviembre 2016<\/a><\/p>\n<p>[\/expand]<\/p>\n<p><strong>[expand title=\u00bbComisi\u00f3n Reclusorios 09 Diciembre 2016&#8243;]<\/strong><\/p>\n<p><a href=\"https:\/\/tonala.gob.mx\/portal\/wp-content\/uploads\/2017\/03\/Comisi\u00f3n-Reclusorios-09-Diciembre-2016.pdf\">Comisi\u00f3n Reclusorios 09 Diciembre 2016<\/a><\/p>\n<p><a href=\"https:\/\/tonala.gob.mx\/portal\/wp-content\/uploads\/2017\/03\/Reclusorios_Orden_de_dia_Diciembre_2016.pdf\">O.D. Comisi\u00f3n Reclusorios Diciembre 2016<\/a><\/p>\n<p><a href=\"https:\/\/tonala.gob.mx\/portal\/wp-content\/uploads\/2017\/03\/Asistencia_Reclusorios_Diciembre_2016.pdf\">Asistencia Comisi\u00f3n Reclusorios Diciembre\u00a02016<\/a><\/p>\n<p>[\/expand]<\/p>\n<p><strong>2017<\/strong><\/p>\n<p><strong>[expand title=\u00bbComisi\u00f3n Reclusorios \u00a006 Enero 2017&#8243;]<\/strong><\/p>\n<p><a href=\"https:\/\/tonala.gob.mx\/portal\/wp-content\/uploads\/2017\/03\/Comisi\u00f3n-Reclusorios-06-Enero-2017.pdf\">Comisi\u00f3n Reclusorios 06 Enero 2017<\/a><\/p>\n<p><a href=\"https:\/\/tonala.gob.mx\/portal\/wp-content\/uploads\/2017\/03\/Reclusorios_Orden_de_dia_Enero_2017.pdf\">O.D. Comisi\u00f3n Reclusorios Enero 2017<\/a><\/p>\n<p><a href=\"https:\/\/tonala.gob.mx\/portal\/wp-content\/uploads\/2017\/03\/Asistencia_Reclusorios_Enero_2017.pdf\">Asistencia Comisi\u00f3n Reclusorios Enero 2017<\/a><\/p>\n<p>[\/expand]<\/p>\n<p><strong>[expand title=\u00bbComisi\u00f3n Reclusorios 17 Febrero 2017&#8243;]<\/strong><\/p>\n<p><a href=\"https:\/\/tonala.gob.mx\/portal\/wp-content\/uploads\/2017\/06\/Minuta-Comisi\u00f3n-Reclusorios-17-Febrero-2017.pdf\">Minuta Comisi\u00f3n Reclusorios 17 Febrero 2017<\/a><\/p>\n<p><a href=\"https:\/\/tonala.gob.mx\/portal\/wp-content\/uploads\/2017\/03\/Reclusorios_Orden_de_dia_Febrero_2017.pdf\">O.D. Comisi\u00f3n Reclusorios Febrero 2017<\/a><\/p>\n<p>[\/expand]<\/p>\n<p><strong>[expand title=\u00bbComisi\u00f3n Reclusorios 16 Marzo 2017&#8243;]<\/strong><\/p>\n<p><a href=\"https:\/\/tonala.gob.mx\/portal\/wp-content\/uploads\/2017\/06\/Minuta-Comisi\u00f3n-Reclusorios-16-Marzo-2017.pdf\">Minuta Comisi\u00f3n Reclusorios 16 Marzo 2017<\/a><\/p>\n<p><a href=\"https:\/\/tonala.gob.mx\/portal\/wp-content\/uploads\/2017\/05\/O.D.-Comisi\u00f3n-Reclusorios-16-Marzo-2017.pdf\">O. D. Comisi\u00f3n Reclusorios 16 Marzo 2017<\/a><\/p>\n<p>[\/expand]<\/p>\n<p><strong>[expand title=\u00bbComisi\u00f3n Reclusorios 27 Abril 2017&#8243;]<\/strong><\/p>\n<p><a href=\"https:\/\/tonala.gob.mx\/portal\/wp-content\/uploads\/2017\/07\/Minuta-Comisi\u00f3n-Reclusorios-27-Abril-2017.pdf\">Minuta Comisi\u00f3n Reclusorios 27 Abril 2017<\/a><\/p>\n<p><a href=\"https:\/\/tonala.gob.mx\/portal\/wp-content\/uploads\/2017\/05\/O.D.-Comisi\u00f3n-Reclusorios-27-Abril-2017.pdf\">O. D. Comisi\u00f3n Reclusorios 27 Abril 2017<\/a><\/p>\n<p><a href=\"https:\/\/tonala.gob.mx\/portal\/wp-content\/uploads\/2017\/08\/Lista-de-Asistencia-Comisi\u00f3n-Reclusorios-27-Abril-2017.pdf\">Lista de Asistencia Comisi\u00f3n Reclusorios 27 Abril 2017<\/a><\/p>\n<p>[\/expand]<\/p>\n<p><strong>[expand title=\u00bbComisi\u00f3n Reclusorios 26 Mayo 2017&#8243;]<\/strong><\/p>\n<p><a href=\"https:\/\/tonala.gob.mx\/portal\/wp-content\/uploads\/2017\/07\/Minuta-Comisi\u00f3n-Reclusorios-26-Mayo-2017.pdf\">Minuta Comisi\u00f3n Reclusorios 26 Mayo 2017<\/a><\/p>\n<p><a href=\"https:\/\/tonala.gob.mx\/portal\/wp-content\/uploads\/2017\/05\/O.D.-Comisi\u00f3n-Reclusorios-26-Mayo-2017.pdf\">O. D. Comisi\u00f3n Reclusorios 26 Mayo 2017<\/a><\/p>\n<p><a href=\"https:\/\/tonala.gob.mx\/portal\/wp-content\/uploads\/2017\/08\/Lista-de-Asistencia-Comisi\u00f3n-Reclusorios-26-Mayo-2017.pdf\">Lista de Asistencia Comisi\u00f3n Reclusorios 26 Mayo 2017<\/a><\/p>\n<p>[\/expand]<\/p>\n<p><strong>[expand title=\u00bbComisi\u00f3n Reclusorios 27 Junio 2017&#8243;]<\/strong><\/p>\n<p><a href=\"https:\/\/tonala.gob.mx\/portal\/wp-content\/uploads\/2017\/08\/Minuta-Comisi\u00f3n-Reclusorios-27-Junio-2017.pdf\">Minuta Comisi\u00f3n Reclusorios 27 Junio 2017<\/a><\/p>\n<p><a href=\"https:\/\/tonala.gob.mx\/portal\/wp-content\/uploads\/2017\/07\/O.-D.-Comisi\u00f3n-Reclusorios-27-Junio-2017.pdf\">O. D. Comisi\u00f3n Reclusorios 27 Junio 2017<\/a><\/p>\n<p>[\/expand]<\/p>\n<p><strong>[expand title=\u00bbComisi\u00f3n Reclusorios 24 Julio 2017&#8243;]<\/strong><\/p>\n<p><a href=\"https:\/\/tonala.gob.mx\/portal\/wp-content\/uploads\/2017\/08\/Minuta-Comisi\u00f3n-Reclusorios-24-Julio-2017.pdf\">Minuta Comisi\u00f3n Reclusorios 24 Julio 2017<\/a><\/p>\n<p><a href=\"https:\/\/tonala.gob.mx\/portal\/wp-content\/uploads\/2017\/08\/O.-D.-Comisi\u00f3n-Reclusorios-24-Julio-2017.pdf\">O. D. Comisi\u00f3n Reclusorios 24 Julio 2017<\/a><\/p>\n<p>[\/expand]<\/p>\n<p><strong>[expand title=\u00bbComisi\u00f3n Reclusorios 24 Agosto 2017&#8243;]<\/strong><\/p>\n<p><a href=\"https:\/\/tonala.gob.mx\/portal\/wp-content\/uploads\/2018\/01\/Orden-del-D\u00eda-Comisi\u00f3n-Reclusorios-24-Agosto-2017.pdf\">O. D. Comisi\u00f3n Reclusorios 24 Agosto 2017<\/a><\/p>\n<p><a href=\"https:\/\/tonala.gob.mx\/portal\/wp-content\/uploads\/2017\/10\/Minuta-Comisi\u00f3n-Reclusorios-24-Agosto-2017.pdf\">Minuta Comisi\u00f3n Reclusorios 24 Agosto 2017<\/a><\/p>\n<p>[\/expand]<\/p>\n<p><strong>[expand title=\u00bbComisi\u00f3n Reclusorios 22 Septiembre 2017&#8243;]<\/strong><\/p>\n<p><a href=\"https:\/\/tonala.gob.mx\/portal\/wp-content\/uploads\/2018\/01\/Orden-del-D\u00eda-Comisi\u00f3n-Reclusorios-22-Septiembre-2017.pdf\">O. D. Comisi\u00f3n Reclusorios 22 Septiembre 2017<\/a><\/p>\n<p><a href=\"https:\/\/tonala.gob.mx\/portal\/wp-content\/uploads\/2017\/11\/Minuta-Comisi\u00f3n-Reclusorios-22-Septiembre-2017.pdf\">Minuta Comisi\u00f3n Reclusorios 22 Septiembre 2017<\/a><\/p>\n<p>[\/expand]<\/p>\n<p><strong>[expand title=\u00bbComisi\u00f3n Reclusorios 20 Octubre 2017&#8243;]<\/strong><\/p>\n<p><a href=\"https:\/\/tonala.gob.mx\/portal\/wp-content\/uploads\/2018\/01\/Minuta-Comisi\u00f3n-Reclusorios-20-Octubre-2017.pdf\">Minuta Comisi\u00f3n Reclusorios 20 Octubre 2017\u00a0<\/a><\/p>\n<p><a href=\"https:\/\/tonala.gob.mx\/portal\/wp-content\/uploads\/2017\/11\/Orden-del-D\u00eda-Comisi\u00f3n-Reclusorios-20-Octubre-2017.pdf\">Orden del D\u00eda Comisi\u00f3n Reclusorios 20 Octubre 2017<\/a><\/p>\n<p>[\/expand]<\/p>\n<p><strong>[expand title=\u00bbComisi\u00f3n Reclusorios 22 Noviembre 2017&#8243;]<\/strong><\/p>\n<p><a href=\"https:\/\/tonala.gob.mx\/portal\/wp-content\/uploads\/2018\/01\/Minuta-Comisi\u00f3n-Reclusorios-22-Noviembre-2017.pdf\">Minuta Comisi\u00f3n Reclusorios 22 Noviembre 2017<\/a><\/p>\n<p><a href=\"https:\/\/tonala.gob.mx\/portal\/wp-content\/uploads\/2017\/11\/Orden-del-D\u00eda-Comisi\u00f3n-Reclusorios-22-Noviembre-2017.pdf\">Orden del D\u00eda Comisi\u00f3n Reclusorios 22 Noviembre 2017<\/a><\/p>\n<p>[\/expand]<\/p>\n<p><strong>[expand title=\u00bbComisi\u00f3n Reclusorios 08 Diciembre 2017&#8243;]<\/strong><\/p>\n<p><a href=\"https:\/\/tonala.gob.mx\/portal\/wp-content\/uploads\/2018\/02\/Minuta-Comisi\u00f3n-Reclusorios-08-Diciembre-2017.pdf\">Minuta Comisi\u00f3n Reclusorios 08 Diciembre 2017<\/a><\/p>\n<p><a href=\"https:\/\/tonala.gob.mx\/portal\/wp-content\/uploads\/2018\/01\/Orden-del-D\u00eda-Comisi\u00f3n-Reclusorios-08-Diciembre-2017.pdf\">O. D. Comisi\u00f3n Reclusorios 08 Diciembre 2017<\/a><\/p>\n<p>[\/expand]<\/p>\n<p><strong>2018<\/strong><\/p>\n<p><strong>[expand title=\u00bbComisi\u00f3n Reclusorios 19 Enero 2018&#8243;]<\/strong><\/p>\n<p><a href=\"https:\/\/tonala.gob.mx\/portal\/wp-content\/uploads\/2018\/02\/Minuta-Comisi\u00f3n-Reclusorios-19-Enero-2018.pdf\">Minuta Comisi\u00f3n Reclusorios 19 Enero 2018<\/a><\/p>\n<p><a href=\"https:\/\/tonala.gob.mx\/portal\/wp-content\/uploads\/2018\/01\/Orden-del-D\u00eda-Comisi\u00f3n-Reclusorios-19-Enero-2018.pdf\">O. D. Comisi\u00f3n Reclusorios 19 Enero 2018<\/a><\/p>\n<p>[\/expand]<\/p>\n<p><strong>[expand title=\u00bbComisi\u00f3n Reclusorios 23 Febrero 2018&#8243;]<\/strong><\/p>\n<p><a href=\"https:\/\/tonala.gob.mx\/portal\/wp-content\/uploads\/2018\/03\/O.-D-Comisi\u00f3n-Reclusorios-23-Febrero-2018.pdf\">O. D. Comisi\u00f3n Reclusorios 23 Febrero 2018<\/a><\/p>\n<p><a href=\"https:\/\/tonala.gob.mx\/portal\/wp-content\/uploads\/2018\/06\/Minuta-Comisi\u00f3n-Reclusorios-23-Febrero-2018.pdf\">Minuta Comisi\u00f3n Reclusorios 23 Febrero 2018<\/a><\/p>\n<p>[\/expand]<\/p>\n<p><strong>[expand title=\u00bbComisi\u00f3n Reclusorios 12 Marzo 2018&#8243;]<\/strong><\/p>\n<p><a href=\"https:\/\/tonala.gob.mx\/portal\/wp-content\/uploads\/2018\/03\/O.-D.-Reclusorios-12-Marzo-2018.pdf\">O. D. Comisi\u00f3n Reclusorios 12 Marzo 2018<\/a><\/p>\n<p><a href=\"https:\/\/tonala.gob.mx\/portal\/wp-content\/uploads\/2018\/06\/Minuta-Comisi\u00f3n-Reclusorios-12-Marzo-2018.pdf\">Minuta Comisi\u00f3n Reclusorios 12 Marzo 2018<\/a><\/p>\n<p>[\/expand]<\/p>\n<p><strong>[expand title=\u00bbComisi\u00f3n Reclusorios 23 Abril 2018&#8243;]<\/strong><\/p>\n<p><a href=\"https:\/\/tonala.gob.mx\/portal\/wp-content\/uploads\/2018\/06\/O.D.-Comisi\u00f3n-Reclusorios-23-Abril-2018.pdf\">O. D. Comisi\u00f3n Reclusorios 23 Abril 2018<\/a><\/p>\n<p><a href=\"https:\/\/tonala.gob.mx\/portal\/wp-content\/uploads\/2018\/06\/Minuta-Comisi\u00f3n-Reclusorios-23-Abril-2018.pdf\">Minuta Comisi\u00f3n Reclusorios 23 Abril 2018<\/a><\/p>\n<p>[\/expand]<\/p>\n<p><strong>[expand title=\u00bbComisi\u00f3n Reclusorios 18 Mayo 2018&#8243;]<\/strong><\/p>\n<p><a href=\"https:\/\/tonala.gob.mx\/portal\/wp-content\/uploads\/2018\/06\/O.D.-Comisi\u00f3n-Reclusorios-18-Mayo-2018.pdf\">O. D. Comisi\u00f3n Reclusorios 18 Mayo 2018<\/a><\/p>\n<p><a href=\"https:\/\/tonala.gob.mx\/portal\/wp-content\/uploads\/2018\/06\/Minuta-Comisi\u00f3n-Reclusorios-18-Mayo-2018.pdf\">Minuta Comisi\u00f3n Reclusorios 18 Mayo 2018<\/a><\/p>\n<p>[\/expand]<\/p>\n","protected":false},"excerpt":{"rendered":"<p>Plan de Trabajo\u00a02015-2018 A\u00f1o 2015 [expand title=\u00bbComisi\u00f3n Reclusorios 09 Octubre 2015&#8243;] Comisi\u00f3n Reclusorios 09 Octubre 2015 O.D. Comisi\u00f3n Reclusorios 09<\/p>\n","protected":false},"author":1,"featured_media":0,"parent":0,"menu_order":0,"comment_status":"closed","ping_status":"closed","template":"","meta":{"colormag_page_container_layout":"default_layout","colormag_page_sidebar_layout":"default_layout","footnotes":""},"class_list":["post-5942","page","type-page","status-publish","hentry"],"_links":{"self":[{"href":"https:\/\/tonala.gob.mx\/portal\/wp-json\/wp\/v2\/pages\/5942","targetHints":{"allow":["GET"]}}],"collection":[{"href":"https:\/\/tonala.gob.mx\/portal\/wp-json\/wp\/v2\/pages"}],"about":[{"href":"https:\/\/tonala.gob.mx\/portal\/wp-json\/wp\/v2\/types\/page"}],"author":[{"embeddable":true,"href":"https:\/\/tonala.gob.mx\/portal\/wp-json\/wp\/v2\/users\/1"}],"replies":[{"embeddable":true,"href":"https:\/\/tonala.gob.mx\/portal\/wp-json\/wp\/v2\/comments?post=5942"}],"version-history":[{"count":45,"href":"https:\/\/tonala.gob.mx\/portal\/wp-json\/wp\/v2\/pages\/5942\/revisions"}],"predecessor-version":[{"id":18383,"href":"https:\/\/tonala.gob.mx\/portal\/wp-json\/wp\/v2\/pages\/5942\/revisions\/18383"}],"wp:attachment":[{"href":"https:\/\/tonala.gob.mx\/portal\/wp-json\/wp\/v2\/media?parent=5942"}],"curies":[{"name":"wp","href":"https:\/\/api.w.org\/{rel}","templated":true}]}}