{"id":5933,"date":"2016-10-09T18:21:34","date_gmt":"2016-10-09T18:21:34","guid":{"rendered":"http:\/\/tonala.gob.mx\/portal\/?page_id=5933"},"modified":"2018-08-01T09:00:00","modified_gmt":"2018-08-01T15:00:00","slug":"festividades-civicas-y-cronicas-municipales","status":"publish","type":"page","link":"https:\/\/tonala.gob.mx\/portal\/festividades-civicas-y-cronicas-municipales\/","title":{"rendered":"Festividades C\u00edvicas y Cr\u00f3nicas Municipales"},"content":{"rendered":"<p><strong><a href=\"https:\/\/tonala.gob.mx\/portal\/wp-content\/uploads\/2016\/05\/PROGRAMA-DE-TRABAJO-JORGE-LUIS-VIZCARRA-MAYORGA.pdf\">Plan de Trabajo<\/a>\u00a02015-2018<\/strong><\/p>\n<p><strong>A\u00f1o 2015<\/strong><\/p>\n<p><strong>[expand title=\u00bbComisi\u00f3n Festividades C\u00edvicas y Cr\u00f3nicas Municipales 08 Octubre 2015&#8243;]<\/strong><\/p>\n<p><a href=\"https:\/\/tonala.gob.mx\/portal\/wp-content\/uploads\/2016\/12\/Festividades-Civicas-y-Cronica-Municipal_08-Octubre-2015.pdf\">Comisi\u00f3n Festividades C\u00edvicas y Cr\u00f3nicas Municipales \u00a0Octubre<\/a><\/p>\n<p><a href=\"https:\/\/tonala.gob.mx\/portal\/wp-content\/uploads\/2016\/12\/O.D.-Festividades-Civicas_08-Octubre-2015.pdf\">O.D. Comisi\u00f3n Festividades C\u00edvicas y Cr\u00f3nicas Municipales Octubre<\/a><\/p>\n<p><a href=\"https:\/\/tonala.gob.mx\/portal\/wp-content\/uploads\/2016\/12\/Asistencia_Festividades-Civicas_08-Octubre-2015.pdf\">Asistencia Comisi\u00f3n Festividades C\u00edvicas y Cr\u00f3nicas Municipales Octubre<\/a><\/p>\n<p>[\/expand]<\/p>\n<p><strong>[expand title=\u00bbComisi\u00f3n Festividades C\u00edvicas y Cr\u00f3nicas Municipales 24 Noviembre 2015&#8243;]<\/strong><\/p>\n<p><a href=\"https:\/\/tonala.gob.mx\/portal\/wp-content\/uploads\/2016\/12\/Festividades-Civicas-y-Cronica-Municipal_24-Noviembre-2015.pdf\">Comisi\u00f3n Festividades C\u00edvicas y Cr\u00f3nicas Municipales\u00a0Noviembre 2015<\/a><\/p>\n<p><a href=\"https:\/\/tonala.gob.mx\/portal\/wp-content\/uploads\/2016\/12\/O.D.-Festividades-Civicas_24-Noviembre-2015.pdf\">O.D. Comisi\u00f3n Festividades C\u00edvicas y Cr\u00f3nicas Municipales\u00a0Noviembre 2015<\/a><\/p>\n<p><a href=\"https:\/\/tonala.gob.mx\/portal\/wp-content\/uploads\/2016\/12\/Asistencia_Festividades-Civicas_24-Noviembre-2015.pdf\">Asistencia Comisi\u00f3n Festividades C\u00edvicas y Cr\u00f3nicas Municipales\u00a0Noviembre 2015<\/a><\/p>\n<p>[\/expand]<\/p>\n<p><strong>[expand title=\u00bbComisi\u00f3n Festividades C\u00edvicas y Cr\u00f3nicas Municipales 22 Diciembre 2015&#8243;]<\/strong><\/p>\n<p><a href=\"https:\/\/tonala.gob.mx\/portal\/wp-content\/uploads\/2016\/12\/Festividades-Civicas-y-Cronica-Municipal_22-Diciembre-2015.pdf\">Comisi\u00f3n Festividades C\u00edvicas y Cr\u00f3nicas Municipales\u00a0Diciembre 2015<\/a><\/p>\n<p><a href=\"https:\/\/tonala.gob.mx\/portal\/wp-content\/uploads\/2016\/12\/O.D.-Festividades-Civicas_22-Diciembre-2015.pdf\">O.D. Comisi\u00f3n Festividades C\u00edvicas y Cr\u00f3nicas Municipales\u00a0Diciembre 2015<\/a><\/p>\n<p><a href=\"https:\/\/tonala.gob.mx\/portal\/wp-content\/uploads\/2016\/12\/Asistencia-Festividades-Civicas_22-Diciembre-2015.pdf\">Asistencia Comisi\u00f3n Festividades C\u00edvicas y Cr\u00f3nicas Municipales\u00a0Diciembre 2015<\/a><\/p>\n<p>[\/expand]<\/p>\n<p><strong>A\u00f1o 2016<\/strong><\/p>\n<p><strong>[expand title=\u00bbComisi\u00f3n Festividades C\u00edvicas y Cr\u00f3nicas Municipales 28 Enero 2016&#8243;]<\/strong><\/p>\n<p><a href=\"https:\/\/tonala.gob.mx\/portal\/wp-content\/uploads\/2016\/12\/Festividades-Civicas-y-Cronica-Municipal_28-Enero-2016.pdf\">Comisi\u00f3n Festividades C\u00edvicas y Cr\u00f3nicas Municipales\u00a0Enero 2016<\/a><\/p>\n<p><a href=\"https:\/\/tonala.gob.mx\/portal\/wp-content\/uploads\/2016\/12\/O.D.-Festividades-Civicas_28-Enero-2016.pdf\">O.D. Comisi\u00f3n Festividades C\u00edvicas y Cr\u00f3nicas Municipales\u00a0Enero 2016<\/a><\/p>\n<p><a href=\"https:\/\/tonala.gob.mx\/portal\/wp-content\/uploads\/2016\/12\/Asistencia-Festividades-Civicas_28-Enero-2016.pdf\">Asistencia Comisi\u00f3n Festividades C\u00edvicas y Cr\u00f3nicas Municipales\u00a0Enero 2016<\/a><\/p>\n<p>[\/expand]<\/p>\n<p><strong>[expand title=\u00bbComisi\u00f3n Festividades C\u00edvicas y Cr\u00f3nicas Municipales 29 Febrero 2016&#8243;]<\/strong><\/p>\n<p><a href=\"https:\/\/tonala.gob.mx\/portal\/wp-content\/uploads\/2016\/12\/Festividades-Civicas-y-Cronica-Municipal_29-Febrero-2016.pdf\">Comisi\u00f3n Festividades C\u00edvicas y Cr\u00f3nicas Municipales\u00a0Febrero 2016<\/a><\/p>\n<p><a href=\"https:\/\/tonala.gob.mx\/portal\/wp-content\/uploads\/2016\/12\/O.D.-Festividades-Civicas_29-Febrero-2016.pdf\">O.D. Comisi\u00f3n Festividades C\u00edvicas y Cr\u00f3nicas Municipales\u00a0Febrero 2016<\/a><\/p>\n<p><a href=\"https:\/\/tonala.gob.mx\/portal\/wp-content\/uploads\/2016\/12\/Asistencia-Festividades-Civicas_29-Febrero-2016.pdf\">Asistencia Comisi\u00f3n Festividades C\u00edvicas y Cr\u00f3nicas Municipales\u00a0Febrero 2016<\/a><\/p>\n<p>[\/expand]<\/p>\n<p><strong>[expand title=\u00bbComisi\u00f3n Festividades C\u00edvicas y Cr\u00f3nicas Municipales 22 Marzo 2016&#8243;]<\/strong><\/p>\n<p><a href=\"https:\/\/tonala.gob.mx\/portal\/wp-content\/uploads\/2016\/12\/Festividades-Civicas-y-Cronica-Municipal_22-Marzo-2016.pdf\">Comisi\u00f3n Festividades C\u00edvicas y Cr\u00f3nicas Municipales\u00a0Marzo 2016<\/a><\/p>\n<p><a href=\"https:\/\/tonala.gob.mx\/portal\/wp-content\/uploads\/2016\/12\/O.D.-Festividades-Civicas_22-Marzo-2016.pdf\">O.D. Comisi\u00f3n Festividades C\u00edvicas y Cr\u00f3nicas Municipales\u00a0Marzo 2016<\/a><\/p>\n<p><a href=\"https:\/\/tonala.gob.mx\/portal\/wp-content\/uploads\/2016\/12\/Asistencia-Festividades-Civicas_22-Marzo-2016.pdf\">Asistencia Comisi\u00f3n Festividades C\u00edvicas y Cr\u00f3nicas Municipales\u00a0Marzo 2016<\/a><\/p>\n<p>[\/expand]<\/p>\n<p><strong>[expand title=\u00bbComisi\u00f3n Festividades C\u00edvicas y Cr\u00f3nicas Municipales 29 Abril 2016&#8243;]<\/strong><\/p>\n<p><a href=\"https:\/\/tonala.gob.mx\/portal\/wp-content\/uploads\/2016\/12\/Festividades-Civicas-y-Cronica-Municipal_29-Abril-2016.pdf\">Comisi\u00f3n Festividades C\u00edvicas y Cr\u00f3nicas Municipales\u00a0Abril 2016<\/a><\/p>\n<p><a href=\"https:\/\/tonala.gob.mx\/portal\/wp-content\/uploads\/2016\/12\/O.D.-Festividades-Civicas_29-Abril-2016.pdf\">O.D. Comisi\u00f3n Festividades C\u00edvicas y Cr\u00f3nicas Municipales\u00a0Abril 2016<\/a><\/p>\n<p><a href=\"https:\/\/tonala.gob.mx\/portal\/wp-content\/uploads\/2016\/12\/Asistencia-Festividades-Civicas_29-Abril-2016.pdf\">Asistencia Comisi\u00f3n Festividades C\u00edvicas y Cr\u00f3nicas Municipales\u00a0Abril 2016<\/a><\/p>\n<p>[\/expand]<\/p>\n<p><strong>[expand title=\u00bbComisi\u00f3n Festividades C\u00edvicas y Cr\u00f3nicas Municipales 31 Mayo 2016&#8243;]<\/strong><\/p>\n<p><a href=\"https:\/\/tonala.gob.mx\/portal\/wp-content\/uploads\/2016\/12\/Festividades-Civicas-y-Cronica-Municipal_31-Mayo-2016.pdf\">Comisi\u00f3n Festividades C\u00edvicas y Cr\u00f3nicas Municipales\u00a0Mayo 2016<\/a><\/p>\n<p><a href=\"https:\/\/tonala.gob.mx\/portal\/wp-content\/uploads\/2016\/12\/O.D.-Festividades-Civicas-_31-Mayo-2016.pdf\">O.D. Comisi\u00f3n Festividades C\u00edvicas y Cr\u00f3nicas Municipales\u00a0Mayo 2016<\/a><\/p>\n<p><a href=\"https:\/\/tonala.gob.mx\/portal\/wp-content\/uploads\/2016\/12\/Asistencia-Festividades-Civicas_31-Mayo-2016.pdf\">Asistencia Comisi\u00f3n Festividades C\u00edvicas y Cr\u00f3nicas Municipales\u00a0Mayo 2016<\/a><\/p>\n<p>[\/expand]<\/p>\n<p><strong>[expand title=\u00bbComisi\u00f3n Festividades C\u00edvicas y Cr\u00f3nicas Municipales \u00a017 Junio 2016&#8243;]<\/strong><\/p>\n<p><a href=\"https:\/\/tonala.gob.mx\/portal\/wp-content\/uploads\/2016\/10\/Festividades_Civicas_17_Junio_2016.pdf\">Comisi\u00f3n Festividades C\u00edvicas y Cr\u00f3nicas Municipales Junio 17 2016<\/a><\/p>\n<p><a href=\"https:\/\/tonala.gob.mx\/portal\/wp-content\/uploads\/2016\/10\/O.D._Festividades_Civicas_17_Junio_2016.pdf\">O.D. Comisi\u00f3n Festividades C\u00edvicas y Cr\u00f3nicas Municipales Junio 17 2016<\/a><\/p>\n<p><a href=\"https:\/\/tonala.gob.mx\/portal\/wp-content\/uploads\/2016\/10\/Asistencia_Festividades_Civicas_17_Junio_2016.pdf\">Asistencia Comisi\u00f3n Festividades C\u00edvicas y Cr\u00f3nicas Municipales Junio 17 2016<\/a><\/p>\n<p>[\/expand]<\/p>\n<p><strong>[expand title=\u00bbComisi\u00f3n Festividades C\u00edvicas y Cr\u00f3nicas Municipales 19 Julio 2016&#8243;]<\/strong><\/p>\n<p><a href=\"https:\/\/tonala.gob.mx\/portal\/wp-content\/uploads\/2016\/12\/Festividades-Civicas-y-Cronica-Municipal_19-Julio-2016.pdf\">Comisi\u00f3n Festividades C\u00edvicas y Cr\u00f3nicas Municipales\u00a0Julio 2016<\/a><\/p>\n<p><a href=\"https:\/\/tonala.gob.mx\/portal\/wp-content\/uploads\/2016\/12\/O.D.-Festividades-Civicas_19-Julio-2016.pdf\">O.D. Comisi\u00f3n Festividades C\u00edvicas y Cr\u00f3nicas Municipales\u00a0Julio 2016<\/a><\/p>\n<p><a href=\"https:\/\/tonala.gob.mx\/portal\/wp-content\/uploads\/2016\/12\/Asistencia-Festividades-Civicas_19-Julio-2016.pdf\">Asistencia Comisi\u00f3n Festividades C\u00edvicas y Cr\u00f3nicas Municipales\u00a0Julio 2016<\/a><\/p>\n<p>[\/expand]<\/p>\n<p><strong>[expand title=\u00bbComisi\u00f3n Festividades C\u00edvicas y Cr\u00f3nicas Municipales 11 Agosto 2016&#8243;]<\/strong><\/p>\n<p><a href=\"https:\/\/tonala.gob.mx\/portal\/wp-content\/uploads\/2016\/12\/Festividades-Civicas-y-Cronica-Municipal_11-Agosto-2016.pdf\">Comisi\u00f3n Festividades C\u00edvicas y Cr\u00f3nicas Municipales\u00a0Agosto 2016<\/a><\/p>\n<p><a href=\"https:\/\/tonala.gob.mx\/portal\/wp-content\/uploads\/2016\/12\/O.D.-Festividades-Civicas_11-Agosto-2016.pdf\">O.D. Comisi\u00f3n Festividades C\u00edvicas y Cr\u00f3nicas Municipales\u00a0Agosto 2016<\/a><\/p>\n<p><a href=\"https:\/\/tonala.gob.mx\/portal\/wp-content\/uploads\/2016\/12\/Asistencia-Festividades-Civicas_11-Agosto-2016.pdf\">Asistencia Comisi\u00f3n Festividades C\u00edvicas y Cr\u00f3nicas Municipales\u00a0Agosto 2016<\/a><\/p>\n<p>[\/expand]<\/p>\n<p><strong>[expand title=\u00bbComisi\u00f3n Festividades C\u00edvicas y Cr\u00f3nicas Municipales 30 Septiembre 2016&#8243;]<\/strong><\/p>\n<p><a href=\"https:\/\/tonala.gob.mx\/portal\/wp-content\/uploads\/2016\/12\/Festividades-Civicas-y-Cronica-Municipal_30-Septiembre-2016.pdf\">Comisi\u00f3n Festividades C\u00edvicas y Cr\u00f3nicas Municipales\u00a0Septiembre 2016<\/a><\/p>\n<p><a href=\"https:\/\/tonala.gob.mx\/portal\/wp-content\/uploads\/2016\/12\/O.D.-Festividades-Civicas_30-Septiembre-2016.pdf\">O.D. Comisi\u00f3n Festividades C\u00edvicas y Cr\u00f3nicas Municipales\u00a0Septiembre 2016<\/a><\/p>\n<p><a href=\"https:\/\/tonala.gob.mx\/portal\/wp-content\/uploads\/2016\/12\/Asistencia-Festividades-Civicas_30-Septiembre-2016.pdf\">Asistencia Comisi\u00f3n Festividades C\u00edvicas y Cr\u00f3nicas Municipales\u00a0Septiembre 2016<\/a><\/p>\n<p>[\/expand]<\/p>\n<p><strong>[expand title=\u00bbComisi\u00f3n Festividades C\u00edvicas y Cr\u00f3nicas Municipales 18 Octubre 2016&#8243;]<\/strong><\/p>\n<p><a href=\"https:\/\/tonala.gob.mx\/portal\/wp-content\/uploads\/2016\/12\/Festividades-Civicas-y-Cronica-Municipal_18-Octubre-2016.pdf\">Comisi\u00f3n Festividades C\u00edvicas y Cr\u00f3nicas Municipales Octubre 2016<\/a><\/p>\n<p><a href=\"https:\/\/tonala.gob.mx\/portal\/wp-content\/uploads\/2016\/12\/O.D.-Festividades-Civicas_18-Octubre-2016.pdf\">O.D. Comisi\u00f3n Festividades C\u00edvicas y Cr\u00f3nicas Municipales Octubre 2016<\/a><\/p>\n<p><a href=\"https:\/\/tonala.gob.mx\/portal\/wp-content\/uploads\/2016\/12\/Asistencia-Festiviades-Civicas_18-Octubre-2016.pdf\">Asistencia Comisi\u00f3n Festividades C\u00edvicas y Cr\u00f3nicas Municipales Octubre 2016<\/a><\/p>\n<p>[\/expand]<\/p>\n<p><strong>[expand title=\u00bbComisi\u00f3n Festividades C\u00edvicas y Cr\u00f3nicas Municipales 30 Noviembre 2016&#8243;]<\/strong><\/p>\n<p><a href=\"https:\/\/tonala.gob.mx\/portal\/wp-content\/uploads\/2017\/09\/Minuta-Comisi\u00f3n-Festividades-C\u00edvicas-y-Cr\u00f3nica-Municipal-30-Noviembre-2016.pdf\">Minuta Comisi\u00f3n Festividades C\u00edvicas y Cr\u00f3nicas Municipales 30 Noviembre 2016<\/a><\/p>\n<p>[\/expand]<\/p>\n<p><strong>[expand title=\u00bbComisi\u00f3n Festividades C\u00edvicas y Cr\u00f3nicas Municipales 16 Diciembre 2016&#8243;]<\/strong><\/p>\n<p><a href=\"https:\/\/tonala.gob.mx\/portal\/wp-content\/uploads\/2017\/03\/Minuta-Comisi\u00f3n-Festividades-Civicas-y-Cronica-Municipal-16-Diciembre-2016.pdf\">Minuta Comisi\u00f3n Festividades C\u00edvicas y Cr\u00f3nicas Municipales 16 Diciembre 2016<\/a><\/p>\n<p>[\/expand]<\/p>\n<p><strong>2017<\/strong><\/p>\n<p><strong>[expand title=\u00bbComisi\u00f3n Festividades C\u00edvicas y Cr\u00f3nicas Municipales 24 Enero 2017&#8243;]<\/strong><\/p>\n<p><a href=\"https:\/\/tonala.gob.mx\/portal\/wp-content\/uploads\/2017\/03\/COMISION-EDILICIA-DE-FESTIVIDADES-CIVICAS-Y-CRONICAS-MUNICIPALES-24-ENERO-2017.pdf\">Minuta Comisi\u00f3n Festividades C\u00edvicas y Cr\u00f3nicas Municipales 24 Enero 2017<\/a><\/p>\n<p>[\/expand]<\/p>\n<p><strong>[expand title=\u00bbComisi\u00f3n Festividades C\u00edvicas y Cr\u00f3nicas Municipales 13 Febrero 2017&#8243;]<\/strong><\/p>\n<p><a href=\"https:\/\/tonala.gob.mx\/portal\/wp-content\/uploads\/2017\/03\/Minuta-Comisi\u00f3n-Festvidades-Civicas-y-Cronica-Municipal-13-Febrero-2017.pdf\">Minuta Comisi\u00f3n Festividades C\u00edvicas y Cr\u00f3nicas Municipales 13 Febrero 2017<\/a><\/p>\n<p>[\/expand]<\/p>\n<p><strong>[expand title=\u00bbComisi\u00f3n Festividades C\u00edvicas y Cr\u00f3nicas Municipales 15 Marzo 2017&#8243;]<\/strong><\/p>\n<p><a href=\"https:\/\/tonala.gob.mx\/portal\/wp-content\/uploads\/2017\/07\/Minuta-Comisi\u00f3n-Asuntos-Metropolitanos-15-Marzo-2017.pdf\">Minuta Comisi\u00f3n Festividades C\u00edvicas y Cr\u00f3nicas Municipales 15 Marzo 2017<\/a><\/p>\n<p>[\/expand]<\/p>\n<p><strong>[expand title=\u00bbComisi\u00f3n Festividades C\u00edvicas y Cr\u00f3nicas Municipales 28 Abril 2017&#8243;]<\/strong><\/p>\n<p><a href=\"https:\/\/tonala.gob.mx\/portal\/wp-content\/uploads\/2017\/07\/Minuta-Comisi\u00f3n-Festividades-Civicas-y-Cr\u00f3nica-Municipal-28-Abril-2017.pdf\">Minuta Comisi\u00f3n Festividades C\u00edvicas y Cr\u00f3nicas Municipales 28 Abril 2017<\/a><\/p>\n<p>[\/expand]<\/p>\n<p><strong>[expand title=\u00bbComisi\u00f3n Festividades C\u00edvicas y Cr\u00f3nicas Municipales 30 Mayo 2017&#8243;]<\/strong><\/p>\n<p><a href=\"https:\/\/tonala.gob.mx\/portal\/wp-content\/uploads\/2017\/07\/Minuta-Comisi\u00f3n-Asuntos-Metropolitanos-30-Mayo-2017.pdf\">Minuta Comisi\u00f3n Festividades C\u00edvicas y Cr\u00f3nica Municipales 30 Mayo 2017<\/a><\/p>\n<p>[\/expand]<\/p>\n<p><strong>[expand title=\u00bbComisi\u00f3n Festividades C\u00edvicas y Cr\u00f3nicas Municipales 23 Junio 2017&#8243;]<\/strong><\/p>\n<p><a href=\"https:\/\/tonala.gob.mx\/portal\/wp-content\/uploads\/2017\/09\/Minuta-Comisi\u00f3n-Festividades-C\u00edvicas-y-Cr\u00f3nica-Municipal-23-Junio-2017.pdf\">Minuta Comisi\u00f3n Festividades C\u00edvicas y Cr\u00f3nicas Municipales 23 Junio 2017<\/a><\/p>\n<p>[\/expand]<\/p>\n<p><strong>[expand title=\u00bbComisi\u00f3n Festividades C\u00edvicas y Cr\u00f3nicas Municipales 26 Julio 2017&#8243;]<\/strong><\/p>\n<p><a href=\"https:\/\/tonala.gob.mx\/portal\/wp-content\/uploads\/2017\/09\/Minuta-Comisi\u00f3n-Festividades-C\u00edvicas-y-Cr\u00f3nica-Municipal-26-Julio-2017.pdf\">Minuta Comisi\u00f3n Festividades C\u00edvicas y Cr\u00f3nicas Municipales 26 Julio 2017<\/a><\/p>\n<p>[\/expand]<\/p>\n<p><strong>[expand title=\u00bbComisi\u00f3n Festividades C\u00edvicas y Cr\u00f3nicas Municipales 29 Agosto 2017&#8243;]<\/strong><\/p>\n<p><a href=\"https:\/\/tonala.gob.mx\/portal\/wp-content\/uploads\/2017\/10\/Minuta-Comisi\u00f3n-Festividades-C\u00edvicas-y-Cr\u00f3nica-Municipal-29-Agosto-2017.pdf\">Minuta Comisi\u00f3n Festividades C\u00edvicas y Cr\u00f3nicas Municipales 28 Agosto 2017<\/a><\/p>\n<p>[\/expand]<\/p>\n<p><strong>[expand title=\u00bbComisi\u00f3n Festividades C\u00edvicas y Cr\u00f3nicas Municipales 28 Septiembre 2017&#8243;]<\/strong><\/p>\n<p><a href=\"https:\/\/tonala.gob.mx\/portal\/wp-content\/uploads\/2017\/11\/Minuta-Comisi\u00f3n-Festividades-C\u00edvicas-y-Cr\u00f3nica-Municipal-28-Septiembre-2017.pdf\">Minuta Comisi\u00f3n Festividades C\u00edvicas y Cr\u00f3nica Municipales 28 Septiembre 2017<\/a><\/p>\n<p>[\/expand]<\/p>\n<p><strong>[expand title=\u00bbComisi\u00f3n Festividades C\u00edvicas y Cr\u00f3nicas Municipales 26 Octubre 2017&#8243;]<\/strong><\/p>\n<p><a href=\"https:\/\/tonala.gob.mx\/portal\/wp-content\/uploads\/2017\/12\/Minuta-Comisi\u00f3n-Festividades-Civicas-y-Cronica-Municipal-26-Octubre-2017.pdf\">Minuta Comisi\u00f3n Festividades C\u00edvicas y Cr\u00f3nicas Municipales 26 Octubre 2017<\/a><\/p>\n<p>[\/expand]<\/p>\n<p><strong>[expand title=\u00bbComisi\u00f3n Festividades C\u00edvicas y Cr\u00f3nicas Municipales 24 Noviembre 2017&#8243;]<\/strong><\/p>\n<p><a href=\"https:\/\/tonala.gob.mx\/portal\/wp-content\/uploads\/2018\/02\/Minuta-Comisi\u00f3n-Festividades-C\u00edvicas-y-Cr\u00f3nicas-Municipales-24-Noviembre-2017.pdf\">Minuta Comisi\u00f3n Festividades C\u00edvicas y Cr\u00f3nicas Municipales 24 Noviembre 2017<\/a><\/p>\n<p>[\/expand]<\/p>\n<p><strong>[expand title=\u00bbComisi\u00f3n Festividades C\u00edvicas y Cr\u00f3nicas Municipales 18 Diciembre 2017&#8243;]<\/strong><\/p>\n<p><a href=\"https:\/\/tonala.gob.mx\/portal\/wp-content\/uploads\/2018\/02\/Minuta-Comisi\u00f3n-Festividades-C\u00edvicas-y-Cr\u00f3nica-Municipal-18-Diciembre-2017.pdf\">Minuta Comisi\u00f3n Festividades C\u00edvicas y Cr\u00f3nicas Municipales 18 Diciembre 2017<\/a><\/p>\n<p>[\/expand]<\/p>\n<p><strong>2018<\/strong><\/p>\n<p><strong>[expand title=\u00bbComisi\u00f3n Festividades C\u00edvicas y Cr\u00f3nicas Municipales 25 Enero 2018&#8243;]<\/strong><\/p>\n<p><a href=\"https:\/\/tonala.gob.mx\/portal\/wp-content\/uploads\/2018\/02\/Minuta-Comisi\u00f3n-Festividades-C\u00edvicas-y-Cr\u00f3nica-Municipal-25-Enero-2018.pdf\">Minuta Comisi\u00f3n Festividades C\u00edvicas y Cr\u00f3nicas Municipales 25 Enero 2018<\/a><\/p>\n<p>[\/expand]<\/p>\n<p><strong>[expand title=\u00bbComisi\u00f3n Festividades C\u00edvicas y Cr\u00f3nicas Municipales 27 Febrero 2018&#8243;]<\/strong><\/p>\n<p><a href=\"https:\/\/tonala.gob.mx\/portal\/wp-content\/uploads\/2018\/05\/Minuta-Comisi\u00f3n-Festividades-C\u00edvicas-y-Cr\u00f3nica-Municipal-27-Febrero-2018.pdf\">Minuta Comisi\u00f3n Festividades C\u00edvicas y Cr\u00f3nicas Municipales 27 Febrero 2018<\/a><\/p>\n<p>[\/expand]<\/p>\n<p><strong>[expand title=\u00bbComisi\u00f3n Festividades C\u00edvicas y Cr\u00f3nicas Municipales 23 Marzo 2018&#8243;]<\/strong><\/p>\n<p><a href=\"https:\/\/tonala.gob.mx\/portal\/wp-content\/uploads\/2018\/06\/Minuta-Comisi\u00f3n-Festividades-C\u00edvicas-y-Cr\u00f3nica-Municipal-23-Marzo-2018.pdf\">Minuta Comisi\u00f3n Festividades C\u00edvicas y Cr\u00f3nicas Municipales 23 Marzo 2018<\/a><\/p>\n<p>[\/expand]<\/p>\n<p><strong>[expand title=\u00bbComisi\u00f3n Festividades C\u00edvicas y Cr\u00f3nicas Municipales 26 Abril 2018&#8243;]<\/strong><\/p>\n<p><a href=\"https:\/\/tonala.gob.mx\/portal\/wp-content\/uploads\/2018\/06\/Minuta-Comisi\u00f3n-Festividades-C\u00edvicas-y-Cr\u00f3nica-Municipal-26-Abril-2018.pdf\">Minuta Comisi\u00f3n Festividades C\u00edvicas y Cr\u00f3nicas Municipales 26 Abril 2018<\/a><\/p>\n<p>[\/expand]<\/p>\n<p><strong>[expand title=\u00bbComisi\u00f3n Festividades C\u00edvicas y Cr\u00f3nicas Municipales 24 Mayo 2018&#8243;]<\/strong><\/p>\n<p><a href=\"https:\/\/tonala.gob.mx\/portal\/wp-content\/uploads\/2018\/08\/Minuta-Comisi\u00f3n-Festividades-C\u00edvicas-y-Cr\u00f3nica-Municipal-24-Mayo-2018.pdf\">Minuta Comisi\u00f3n Festividades C\u00edvicas y Cr\u00f3nica Municipales 24 Mayo 2018<\/a><\/p>\n<p><a href=\"https:\/\/tonala.gob.mx\/portal\/wp-content\/uploads\/2018\/06\/Minuta-Comisi\u00f3n-Festividades-C\u00edvicas-y-Cr\u00b4nicas-Municipales-24-Mayo-2018-Versi\u00f3n-Estenogr\u00e1fica.pdf\">Minuta Comisi\u00f3n Festividades C\u00edvicas y Cr\u00f3nicas Municipales 24 Mayo 2018 Versi\u00f3n Estenogr\u00e1fica<\/a><\/p>\n<p>[\/expand]<\/p>\n<p><strong>[expand title=\u00bbComisi\u00f3n Festividades C\u00edvicas y Cr\u00f3nicas Municipales 28 Junio 2018&#8243;]<\/strong><\/p>\n<p><a href=\"https:\/\/tonala.gob.mx\/portal\/wp-content\/uploads\/2018\/08\/Minuta-Comisi\u00f3n-Festividades-C\u00edvicas-y-Cr\u00f3nica-Municipal-28-Junio-2018.pdf\">Minuta Comisi\u00f3n Festividades C\u00edvicas y Cr\u00f3nicas Municipales 28 Junio 2018<\/a><\/p>\n<p>[\/expand]<\/p>\n","protected":false},"excerpt":{"rendered":"<p>Plan de Trabajo\u00a02015-2018 A\u00f1o 2015 [expand title=\u00bbComisi\u00f3n Festividades C\u00edvicas y Cr\u00f3nicas Municipales 08 Octubre 2015&#8243;] Comisi\u00f3n Festividades C\u00edvicas y Cr\u00f3nicas<\/p>\n","protected":false},"author":1,"featured_media":0,"parent":0,"menu_order":0,"comment_status":"closed","ping_status":"closed","template":"","meta":{"colormag_page_container_layout":"default_layout","colormag_page_sidebar_layout":"default_layout","footnotes":""},"class_list":["post-5933","page","type-page","status-publish","hentry"],"_links":{"self":[{"href":"https:\/\/tonala.gob.mx\/portal\/wp-json\/wp\/v2\/pages\/5933","targetHints":{"allow":["GET"]}}],"collection":[{"href":"https:\/\/tonala.gob.mx\/portal\/wp-json\/wp\/v2\/pages"}],"about":[{"href":"https:\/\/tonala.gob.mx\/portal\/wp-json\/wp\/v2\/types\/page"}],"author":[{"embeddable":true,"href":"https:\/\/tonala.gob.mx\/portal\/wp-json\/wp\/v2\/users\/1"}],"replies":[{"embeddable":true,"href":"https:\/\/tonala.gob.mx\/portal\/wp-json\/wp\/v2\/comments?post=5933"}],"version-history":[{"count":26,"href":"https:\/\/tonala.gob.mx\/portal\/wp-json\/wp\/v2\/pages\/5933\/revisions"}],"predecessor-version":[{"id":19344,"href":"https:\/\/tonala.gob.mx\/portal\/wp-json\/wp\/v2\/pages\/5933\/revisions\/19344"}],"wp:attachment":[{"href":"https:\/\/tonala.gob.mx\/portal\/wp-json\/wp\/v2\/media?parent=5933"}],"curies":[{"name":"wp","href":"https:\/\/api.w.org\/{rel}","templated":true}]}}