{"id":593,"date":"2015-11-18T18:03:54","date_gmt":"2015-11-18T18:03:54","guid":{"rendered":"http:\/\/tonala.gob.mx\/portal\/?page_id=593"},"modified":"2024-11-25T14:16:09","modified_gmt":"2024-11-25T20:16:09","slug":"sindicatura","status":"publish","type":"page","link":"https:\/\/tonala.gob.mx\/portal\/sindicatura\/","title":{"rendered":"Sindicatura"},"content":{"rendered":"\n<figure class=\"wp-block-table alignleft\"><table class=\"has-fixed-layout\"><tbody><tr><td><img fetchpriority=\"high\" decoding=\"async\" width=\"400\" height=\"600\" class=\"wp-image-36348\" style=\"width: 400px;\" src=\"https:\/\/tonala.gob.mx\/portal\/wp-content\/uploads\/2024\/10\/NICOLAS-MAESTRO-scaled.jpg\" alt=\"\" srcset=\"https:\/\/tonala.gob.mx\/portal\/wp-content\/uploads\/2024\/10\/NICOLAS-MAESTRO-scaled.jpg 1707w, https:\/\/tonala.gob.mx\/portal\/wp-content\/uploads\/2024\/10\/NICOLAS-MAESTRO-200x300.jpg 200w, https:\/\/tonala.gob.mx\/portal\/wp-content\/uploads\/2024\/10\/NICOLAS-MAESTRO-683x1024.jpg 683w, https:\/\/tonala.gob.mx\/portal\/wp-content\/uploads\/2024\/10\/NICOLAS-MAESTRO-768x1152.jpg 768w, https:\/\/tonala.gob.mx\/portal\/wp-content\/uploads\/2024\/10\/NICOLAS-MAESTRO-1024x1536.jpg 1024w, https:\/\/tonala.gob.mx\/portal\/wp-content\/uploads\/2024\/10\/NICOLAS-MAESTRO-1365x2048.jpg 1365w\" sizes=\"(max-width: 400px) 100vw, 400px\" \/><\/td><td><strong>Nicol\u00e1s Maestro Landeros<\/strong><br><br>S\u00edndico Municipal<\/td><td><strong>Tel\u00e9fono:<\/strong> 33 35 86 60 00 Ext.<br><strong>Domicilio: <\/strong>Hidalgo 21 colonia Centro, Tonal\u00e1 Jalisco<br><strong>Correo Electr\u00f3nico: <\/strong><br>sindicatura@tonala.gob.mx<br><br><a href=\"https:\/\/tonala.gob.mx\/portal\/wp-content\/uploads\/2021\/11\/Nicolas-Maestro-Landeros-Curriculum.pdf\">Curr\u00edculo<\/a><br><a href=\"https:\/\/portal-transparencia.tonala.gob.mx\/agenda-oficial-sindico-municipal-lic-nicolas-maestro-landeros\/\">Agenda Oficial<\/a><\/td><\/tr><tr><td><img decoding=\"async\" width=\"400\" height=\"600\" class=\"wp-image-36309\" style=\"width: 400px;\" src=\"https:\/\/tonala.gob.mx\/portal\/wp-content\/uploads\/2024\/10\/AURELIO-CERDASANTIAGO-scaled.jpg\" alt=\"\" srcset=\"https:\/\/tonala.gob.mx\/portal\/wp-content\/uploads\/2024\/10\/AURELIO-CERDASANTIAGO-scaled.jpg 1707w, https:\/\/tonala.gob.mx\/portal\/wp-content\/uploads\/2024\/10\/AURELIO-CERDASANTIAGO-200x300.jpg 200w, https:\/\/tonala.gob.mx\/portal\/wp-content\/uploads\/2024\/10\/AURELIO-CERDASANTIAGO-683x1024.jpg 683w, https:\/\/tonala.gob.mx\/portal\/wp-content\/uploads\/2024\/10\/AURELIO-CERDASANTIAGO-768x1152.jpg 768w, https:\/\/tonala.gob.mx\/portal\/wp-content\/uploads\/2024\/10\/AURELIO-CERDASANTIAGO-1024x1536.jpg 1024w, https:\/\/tonala.gob.mx\/portal\/wp-content\/uploads\/2024\/10\/AURELIO-CERDASANTIAGO-1365x2048.jpg 1365w\" sizes=\"(max-width: 400px) 100vw, 400px\" \/><\/td><td><strong>Aurelio Cerdasantiago Rojas<\/strong><br><br>Direcci\u00f3n de Seguimiento de Asuntos de la Sindicatura<\/td><td>Tel\u00e9fono: 33 35 86 60 00 Ext.<br>Domicilio: Hidalgo 21 colonia Centro, Tonal\u00e1 Jalisco<br>Correo Electr\u00f3nico: <br>dir.asuntosdelasindicatura@tonala.gob.mx<br><br><a href=\"https:\/\/tonala.gob.mx\/portal\/wp-content\/uploads\/2022\/07\/AURELIO-CERDASANTIAGO-ROJAS.docx\">Curr\u00edculo<\/a><br>Agenda Oficial<\/td><\/tr><tr><td><img decoding=\"async\" width=\"400\" height=\"600\" class=\"wp-image-36468\" style=\"width: 400px;\" src=\"https:\/\/tonala.gob.mx\/portal\/wp-content\/uploads\/2024\/10\/Miriam-Yolanda-Gomez-Zermeno-scaled.jpg\" alt=\"\" srcset=\"https:\/\/tonala.gob.mx\/portal\/wp-content\/uploads\/2024\/10\/Miriam-Yolanda-Gomez-Zermeno-scaled.jpg 1707w, https:\/\/tonala.gob.mx\/portal\/wp-content\/uploads\/2024\/10\/Miriam-Yolanda-Gomez-Zermeno-200x300.jpg 200w, https:\/\/tonala.gob.mx\/portal\/wp-content\/uploads\/2024\/10\/Miriam-Yolanda-Gomez-Zermeno-683x1024.jpg 683w, https:\/\/tonala.gob.mx\/portal\/wp-content\/uploads\/2024\/10\/Miriam-Yolanda-Gomez-Zermeno-768x1152.jpg 768w, https:\/\/tonala.gob.mx\/portal\/wp-content\/uploads\/2024\/10\/Miriam-Yolanda-Gomez-Zermeno-1024x1536.jpg 1024w, https:\/\/tonala.gob.mx\/portal\/wp-content\/uploads\/2024\/10\/Miriam-Yolanda-Gomez-Zermeno-1365x2048.jpg 1365w\" sizes=\"(max-width: 400px) 100vw, 400px\" \/><\/td><td><strong>Miriam Yolanda G\u00f3mez Zerme\u00f1o<\/strong><br><br>Jefatura Consultivo Administrativa<\/td><td>Tel\u00e9fono: 33 35 86 60 00 Ext.<br>Domicilio: Hidalgo 21 colonia Centro, Tonal\u00e1 Jalisco<br>Correo Electr\u00f3nico: jef.consultivoadministrativo@tonala.gob.mx<br><br><a href=\"https:\/\/tonala.gob.mx\/portal\/wp-content\/uploads\/2024\/10\/MIRIAM-YOLANDA-GOMEZ-ZERMENO.pdf\">Curr\u00edculo<br><\/a>Agenda Oficial<\/td><\/tr><tr><td><img loading=\"lazy\" decoding=\"async\" width=\"400\" height=\"600\" class=\"wp-image-36323\" style=\"width: 400px;\" src=\"https:\/\/tonala.gob.mx\/portal\/wp-content\/uploads\/2024\/10\/HUGO-OCAMPO-BARAJAS-scaled.jpg\" alt=\"\" srcset=\"https:\/\/tonala.gob.mx\/portal\/wp-content\/uploads\/2024\/10\/HUGO-OCAMPO-BARAJAS-scaled.jpg 1707w, https:\/\/tonala.gob.mx\/portal\/wp-content\/uploads\/2024\/10\/HUGO-OCAMPO-BARAJAS-200x300.jpg 200w, https:\/\/tonala.gob.mx\/portal\/wp-content\/uploads\/2024\/10\/HUGO-OCAMPO-BARAJAS-683x1024.jpg 683w, https:\/\/tonala.gob.mx\/portal\/wp-content\/uploads\/2024\/10\/HUGO-OCAMPO-BARAJAS-768x1152.jpg 768w, https:\/\/tonala.gob.mx\/portal\/wp-content\/uploads\/2024\/10\/HUGO-OCAMPO-BARAJAS-1024x1536.jpg 1024w, https:\/\/tonala.gob.mx\/portal\/wp-content\/uploads\/2024\/10\/HUGO-OCAMPO-BARAJAS-1365x2048.jpg 1365w\" sizes=\"(max-width: 400px) 100vw, 400px\" \/><\/td><td><strong>H\u00e9ctor Hugo Ocampo Barajas<\/strong><br><br>Jefatura de Regularizaci\u00f3n de Predios<\/td><td>Tel\u00e9fono: 33 38 52 10 74 <br>Domicilio: Francisco Zarco 144 colonia Centro, Tonal\u00e1 Jalisco<br>Correo Electr\u00f3nico: regularizaciondepredios@tonala.gob.mx<br><br>Curr\u00edculo<br>Agenda Oficial<\/td><\/tr><tr><td><img loading=\"lazy\" decoding=\"async\" width=\"400\" height=\"600\" class=\"wp-image-36329\" style=\"width: 400px;\" src=\"https:\/\/tonala.gob.mx\/portal\/wp-content\/uploads\/2024\/10\/JAVIER-IBARRA-scaled.jpg\" alt=\"\" srcset=\"https:\/\/tonala.gob.mx\/portal\/wp-content\/uploads\/2024\/10\/JAVIER-IBARRA-scaled.jpg 1707w, https:\/\/tonala.gob.mx\/portal\/wp-content\/uploads\/2024\/10\/JAVIER-IBARRA-200x300.jpg 200w, https:\/\/tonala.gob.mx\/portal\/wp-content\/uploads\/2024\/10\/JAVIER-IBARRA-683x1024.jpg 683w, https:\/\/tonala.gob.mx\/portal\/wp-content\/uploads\/2024\/10\/JAVIER-IBARRA-768x1152.jpg 768w, https:\/\/tonala.gob.mx\/portal\/wp-content\/uploads\/2024\/10\/JAVIER-IBARRA-1024x1536.jpg 1024w, https:\/\/tonala.gob.mx\/portal\/wp-content\/uploads\/2024\/10\/JAVIER-IBARRA-1365x2048.jpg 1365w\" sizes=\"(max-width: 400px) 100vw, 400px\" \/><\/td><td><strong>Francisco Javier Ibarra Garc\u00eda<\/strong><br><br>Jefatura del Centro de Mediaci\u00f3n Municipal<\/td><td>Tel\u00e9fono: 33 35 86 60 00 Ext.1212<br>Domicilio: Morelos 180 colonia Centro, Tonal\u00e1 Jalisco<br>Correo Electr\u00f3nico: mediacion.mpal@tonala.gob.mx<br><br><a href=\"https:\/\/tonala.gob.mx\/portal\/wp-content\/uploads\/2021\/11\/FRANCISCO-JAVIER-IBARRA-GARCIA.pdf\">Curr\u00edculo<\/a><br><a href=\"https:\/\/portal-transparencia.tonala.gob.mx\/agenda-oficial-jefe-de-mediacion-abogado-francisco-javier-ibarra-garcia\/\">Agenda Oficial<\/a><\/td><\/tr><tr><td><img loading=\"lazy\" decoding=\"async\" width=\"400\" height=\"600\" class=\"wp-image-36344\" style=\"width: 400px;\" src=\"https:\/\/tonala.gob.mx\/portal\/wp-content\/uploads\/2024\/10\/MARGARITO-MAYORGA-scaled.jpg\" alt=\"\" srcset=\"https:\/\/tonala.gob.mx\/portal\/wp-content\/uploads\/2024\/10\/MARGARITO-MAYORGA-scaled.jpg 1707w, https:\/\/tonala.gob.mx\/portal\/wp-content\/uploads\/2024\/10\/MARGARITO-MAYORGA-200x300.jpg 200w, https:\/\/tonala.gob.mx\/portal\/wp-content\/uploads\/2024\/10\/MARGARITO-MAYORGA-683x1024.jpg 683w, https:\/\/tonala.gob.mx\/portal\/wp-content\/uploads\/2024\/10\/MARGARITO-MAYORGA-768x1152.jpg 768w, https:\/\/tonala.gob.mx\/portal\/wp-content\/uploads\/2024\/10\/MARGARITO-MAYORGA-1024x1536.jpg 1024w, https:\/\/tonala.gob.mx\/portal\/wp-content\/uploads\/2024\/10\/MARGARITO-MAYORGA-1365x2048.jpg 1365w\" sizes=\"(max-width: 400px) 100vw, 400px\" \/><\/td><td><strong>Margarito Mayorga Basulto<\/strong><br><br>Jefatura de Juzgados C\u00edvicos Municipales<\/td><td>Tel\u00e9fono: 33 35 86 61 10 Ext.6110<br>Domicilio: Av. Tonaltecas colonia Centro, Tonal\u00e1 Jalisco<br>Correo Electr\u00f3nico: juzgados.mpales@tonala.gob.mx<br><br><a href=\"https:\/\/tonala.gob.mx\/portal\/wp-content\/uploads\/2021\/11\/Margarito-Mayorga-Basulto-Curriculum.pdf\">Curr\u00edculo<\/a><br>Agenda Oficial<\/td><\/tr><tr><td><img loading=\"lazy\" decoding=\"async\" width=\"400\" height=\"600\" class=\"wp-image-36423\" style=\"width: 400px;\" src=\"https:\/\/tonala.gob.mx\/portal\/wp-content\/uploads\/2024\/10\/AGUSTIN-PAJARITO-BENITEZ-scaled.jpg\" alt=\"\" srcset=\"https:\/\/tonala.gob.mx\/portal\/wp-content\/uploads\/2024\/10\/AGUSTIN-PAJARITO-BENITEZ-scaled.jpg 1707w, https:\/\/tonala.gob.mx\/portal\/wp-content\/uploads\/2024\/10\/AGUSTIN-PAJARITO-BENITEZ-200x300.jpg 200w, https:\/\/tonala.gob.mx\/portal\/wp-content\/uploads\/2024\/10\/AGUSTIN-PAJARITO-BENITEZ-683x1024.jpg 683w, https:\/\/tonala.gob.mx\/portal\/wp-content\/uploads\/2024\/10\/AGUSTIN-PAJARITO-BENITEZ-768x1152.jpg 768w, https:\/\/tonala.gob.mx\/portal\/wp-content\/uploads\/2024\/10\/AGUSTIN-PAJARITO-BENITEZ-1024x1536.jpg 1024w, https:\/\/tonala.gob.mx\/portal\/wp-content\/uploads\/2024\/10\/AGUSTIN-PAJARITO-BENITEZ-1365x2048.jpg 1365w\" sizes=\"(max-width: 400px) 100vw, 400px\" \/><\/td><td><strong>Agust\u00edn Pajarito Ben\u00edtez<\/strong><br><br>Jefatura de la Junta de Reclutamiento<br><\/td><td>Tel\u00e9fono: 33 35 86 60 00 Ext.<br>Domicilio: Hidalgo 21 colonia Centro, Tonal\u00e1 Jalisco<br>Correo Electr\u00f3nico: reclutamiento@tonala.gob.mx<br><br><a href=\"https:\/\/tonala.gob.mx\/portal\/wp-content\/uploads\/2021\/11\/AGUSTIN-PAJARITO-BENITEZ.pdf\">Curr\u00edculo<\/a><br>Agenda Oficial<\/td><\/tr><\/tbody><\/table><\/figure>\n","protected":false},"excerpt":{"rendered":"<p>Nicol\u00e1s Maestro Landeros S\u00edndico Municipal Tel\u00e9fono: 33 35 86 60 00 Ext.Domicilio: Hidalgo 21 colonia Centro, Tonal\u00e1 JaliscoCorreo Electr\u00f3nico: sindicatura@tonala.gob.mx<\/p>\n","protected":false},"author":1,"featured_media":0,"parent":0,"menu_order":0,"comment_status":"closed","ping_status":"closed","template":"","meta":{"colormag_page_container_layout":"default_layout","colormag_page_sidebar_layout":"default_layout","footnotes":""},"class_list":["post-593","page","type-page","status-publish","hentry"],"_links":{"self":[{"href":"https:\/\/tonala.gob.mx\/portal\/wp-json\/wp\/v2\/pages\/593","targetHints":{"allow":["GET"]}}],"collection":[{"href":"https:\/\/tonala.gob.mx\/portal\/wp-json\/wp\/v2\/pages"}],"about":[{"href":"https:\/\/tonala.gob.mx\/portal\/wp-json\/wp\/v2\/types\/page"}],"author":[{"embeddable":true,"href":"https:\/\/tonala.gob.mx\/portal\/wp-json\/wp\/v2\/users\/1"}],"replies":[{"embeddable":true,"href":"https:\/\/tonala.gob.mx\/portal\/wp-json\/wp\/v2\/comments?post=593"}],"version-history":[{"count":118,"href":"https:\/\/tonala.gob.mx\/portal\/wp-json\/wp\/v2\/pages\/593\/revisions"}],"predecessor-version":[{"id":37015,"href":"https:\/\/tonala.gob.mx\/portal\/wp-json\/wp\/v2\/pages\/593\/revisions\/37015"}],"wp:attachment":[{"href":"https:\/\/tonala.gob.mx\/portal\/wp-json\/wp\/v2\/media?parent=593"}],"curies":[{"name":"wp","href":"https:\/\/api.w.org\/{rel}","templated":true}]}}