{"id":5929,"date":"2016-10-09T18:11:21","date_gmt":"2016-10-09T18:11:21","guid":{"rendered":"http:\/\/tonala.gob.mx\/portal\/?page_id=5929"},"modified":"2018-08-01T08:53:37","modified_gmt":"2018-08-01T14:53:37","slug":"asuntos-metropolitanos","status":"publish","type":"page","link":"https:\/\/tonala.gob.mx\/portal\/asuntos-metropolitanos\/","title":{"rendered":"Asuntos Metropolitanos"},"content":{"rendered":"<p><strong><a href=\"https:\/\/tonala.gob.mx\/portal\/wp-content\/uploads\/2016\/05\/PROGRAMA-DE-TRABAJO-JORGE-LUIS-VIZCARRA-MAYORGA.pdf\">Plan de Trabajo<\/a>\u00a02015-2018<\/strong><\/p>\n<p><strong><a href=\"https:\/\/tonala.gob.mx\/portal\/wp-content\/uploads\/2017\/02\/Turno-a-Comisi\u00f3n-Asuntos-Metropolitanos.pdf\">Turno a Comisi\u00f3n<\/a><\/strong><\/p>\n<p><strong><a href=\"https:\/\/tonala.gob.mx\/portal\/wp-content\/uploads\/2017\/02\/Turno-a-Comisi\u00f3n-Asuntos-metropolitanos.pdf\">Turno a Comisi\u00f3n<\/a><\/strong><\/p>\n<p><strong>A\u00f1o 2015<\/strong><\/p>\n<p><strong>[expand title=\u00bbComisi\u00f3n Asuntos Metropolitanos \u00a015 Octubre 2015&#8243;]<\/strong><\/p>\n<p><a href=\"https:\/\/tonala.gob.mx\/portal\/wp-content\/uploads\/2016\/12\/Acta-de-Octubre-15-Instalacion-de-la-Comisi\u00f3n-de-Asuntos-Metropolitanos.pdf\">Acta de Instalaci\u00f3n Comisi\u00f3n Asuntos Metropolitanos 15 Octubre 2015<\/a><\/p>\n<p><a href=\"https:\/\/tonala.gob.mx\/portal\/wp-content\/uploads\/2017\/01\/Asuntos_Metropolitanos_13_Octubre_2015.pdf\">Comisi\u00f3n Asuntos Metropolitanos 15 Octubre 2015<\/a><\/p>\n<p><a href=\"https:\/\/tonala.gob.mx\/portal\/wp-content\/uploads\/2017\/01\/O.D._Asuntos_Metropolitanos_13_Octubre_2015.pdf\">O.D. Comisi\u00f3n Asuntos Metropolitanos 15 Octubre 2015<\/a><\/p>\n<p><a href=\"https:\/\/tonala.gob.mx\/portal\/wp-content\/uploads\/2017\/01\/Asistencia_Asuntos_Metropolitanos_13_Octubre_2015.pdf\">Asistencia Comisi\u00f3n Asuntos Metropolitanos 15 Octubre 2015<\/a><\/p>\n<p>[\/expand]<\/p>\n<p><strong>[expand title=\u00bbComisi\u00f3n Asuntos Metropolitanos 30 Noviembre 2015&#8243;]<\/strong><\/p>\n<p><a href=\"https:\/\/tonala.gob.mx\/portal\/wp-content\/uploads\/2017\/01\/Asuntos_Metropolitanos_30_Noviembre_2015.pdf\">Comisi\u00f3n Asuntos Metropolitanos 30 Noviembre 2015<\/a><\/p>\n<p><a href=\"https:\/\/tonala.gob.mx\/portal\/wp-content\/uploads\/2017\/01\/O.D._Asuntos_Metropolitanos_30_Noviembre_2015.pdf\">O.D. Comisi\u00f3n Asuntos Metropolitanos 30 Noviembre 2015<\/a><\/p>\n<p><a href=\"https:\/\/tonala.gob.mx\/portal\/wp-content\/uploads\/2017\/01\/Asistencia_Asuntos_Metropolitanos_30_Noviembre_2015.pdf\">Asistencia Comisi\u00f3n Asuntos Metropolitanos 30 Noviembre 2015<\/a><\/p>\n<p>[\/expand]<\/p>\n<p><strong>[expand title=\u00bbComisi\u00f3n Asuntos Metropolitanos \u00a018 Diciembre 2015&#8243;]<\/strong><\/p>\n<p><a href=\"https:\/\/tonala.gob.mx\/portal\/wp-content\/uploads\/2017\/01\/Asuntos_Metropolitanos_18_Diciembre_2015.pdf\">Comisi\u00f3n Asuntos Metropolitanos \u00a018 Diciembre 2015<\/a><\/p>\n<p><a href=\"https:\/\/tonala.gob.mx\/portal\/wp-content\/uploads\/2017\/01\/O.D._Asuntos_Metropolitanos_18_Diciembre_2015.pdf\">O.D. Comisi\u00f3n Asuntos Metropolitanos \u00a018 Diciembre 2015<\/a><\/p>\n<p><a href=\"https:\/\/tonala.gob.mx\/portal\/wp-content\/uploads\/2017\/01\/Asistencia_Asistencia_Asuntos_Metropolitanos_18_Diciembre_2015.pdf\">Asistencia Comisi\u00f3n Asuntos Metropolitanos \u00a018 Diciembre 2015<\/a><\/p>\n<p>[\/expand]<\/p>\n<p><strong>A\u00f1o 2016<\/strong><\/p>\n<p><strong>[expand title=\u00bbComisi\u00f3n Asuntos Metropolitanos \u00a026 Enero 2016&#8243;]<\/strong><\/p>\n<p><a href=\"https:\/\/tonala.gob.mx\/portal\/wp-content\/uploads\/2017\/02\/Minuta-Comisi\u00f3n-Asuntos-Metropolitanos_26-Enero-2016.pdf\">Comisi\u00f3n Asuntos Metropolitanos \u00a026 Enero 2016<\/a><\/p>\n<p><a href=\"https:\/\/tonala.gob.mx\/portal\/wp-content\/uploads\/2017\/02\/O.D.-Comisi\u00f3n-Asuntos-Metropolitanos_26-Enero-2016.pdf\">O.D. Comisi\u00f3n Asuntos Metropolitanos \u00a026 Enero 2016<\/a><\/p>\n<p><a href=\"https:\/\/tonala.gob.mx\/portal\/wp-content\/uploads\/2017\/02\/Asistencia-Comisi\u00f3n-Asuntos-Metropolitanos_26-Enero-2016.pdf\">Asistencia Comisi\u00f3n Asuntos Metropolitanos \u00a026 Enero 2016<\/a><\/p>\n<p>[\/expand]<\/p>\n<p><strong>[expand title=\u00bbComisi\u00f3n Asuntos Metropolitanos \u00a029 Febrero 2016&#8243;]<\/strong><\/p>\n<p><a href=\"https:\/\/tonala.gob.mx\/portal\/wp-content\/uploads\/2017\/01\/Asuntos_Metropolitanos_29_Febrero_2016.pdf\">Comisi\u00f3n Asuntos Metropolitanos 29 \u00a0Febrero 2016<\/a><\/p>\n<p><a href=\"https:\/\/tonala.gob.mx\/portal\/wp-content\/uploads\/2017\/01\/O.D._Asuntos_Metropolitanos_29_Febrero_2016.pdf\">O.D. Comisi\u00f3n Asuntos Metropolitanos 29 \u00a0Febrero 2016<\/a><\/p>\n<p><a href=\"https:\/\/tonala.gob.mx\/portal\/wp-content\/uploads\/2017\/01\/Asistencia_Asuntos_Metropolitanos_29_Febrero_2016.pdf\">Asistencia Comisi\u00f3n Asuntos Metropolitanos 29 \u00a0Febrero 2016<\/a><\/p>\n<p>[\/expand]<\/p>\n<p><strong>[expand title=\u00bbComisi\u00f3n Asuntos Metropolitanos \u00a023 Marzo 2016&#8243;]<\/strong><\/p>\n<p><a href=\"https:\/\/tonala.gob.mx\/portal\/wp-content\/uploads\/2017\/01\/Asuntos_Metropolitanos_23_Marzo_2016.pdf\">Comisi\u00f3n Asuntos Metropolitanos \u00a023 Marzo 2016<\/a><\/p>\n<p><a href=\"https:\/\/tonala.gob.mx\/portal\/wp-content\/uploads\/2017\/01\/O.D._Asuntos_Metropolitanos_23_Marzo_2016.pdf\">O.D. Comisi\u00f3n Asuntos Metropolitanos \u00a023 Marzo 2016<\/a><\/p>\n<p><a href=\"https:\/\/tonala.gob.mx\/portal\/wp-content\/uploads\/2017\/01\/Asistencias_Asuntos_Metropolitanos_23_Marzo_2016.pdf\">Asistencia Comisi\u00f3n Asuntos Metropolitanos \u00a023 Marzo 2016<\/a><\/p>\n<p>[\/expand]<\/p>\n<p><strong>[expand title=\u00bbComisi\u00f3n Asuntos Metropolitanos \u00a028 Abril 2016&#8243;]<\/strong><\/p>\n<p><a href=\"https:\/\/tonala.gob.mx\/portal\/wp-content\/uploads\/2017\/01\/Asuntos_Metropolitanos_28_Abril_2016.pdf\">Comisi\u00f3n Asuntos Metropolitanos \u00a028 Abril 2016<\/a><\/p>\n<p><a href=\"https:\/\/tonala.gob.mx\/portal\/wp-content\/uploads\/2017\/01\/O.D._Asuntos_Metropolitanos_28_Abril_2016.pdf\">O.D. Comisi\u00f3n Asuntos Metropolitanos \u00a028 Abril 2016<\/a><\/p>\n<p><a href=\"https:\/\/tonala.gob.mx\/portal\/wp-content\/uploads\/2017\/01\/Asistencia_Asuntos_Metropolitanos_28_Abril_2016.pdf\">Asistencia Comisi\u00f3n Asuntos Metropolitanos \u00a028 Abril 2016<\/a><\/p>\n<p>[\/expand]<\/p>\n<p><strong>[expand title=\u00bbComisi\u00f3n Asuntos Metropolitanos \u00a009 Mayo 2016&#8243;]<\/strong><\/p>\n<p><a href=\"https:\/\/tonala.gob.mx\/portal\/wp-content\/uploads\/2017\/01\/Asuntos_Metropolitanos_09_Mayo_2016.pdf\">Comisi\u00f3n Asuntos Metropolitanos \u00a009 Mayo 2016<\/a><\/p>\n<p><a href=\"https:\/\/tonala.gob.mx\/portal\/wp-content\/uploads\/2017\/01\/O.D._Asuntos_Metropolitanos_09_Mayo_2016.pdf\">O.D. Comisi\u00f3n Asuntos Metropolitanos \u00a009 Mayo 2016<\/a><\/p>\n<p><a href=\"https:\/\/tonala.gob.mx\/portal\/wp-content\/uploads\/2017\/01\/Asistencia_Asuntos_Metropolitanos_09_Mayo_2016.pdf\">Asistencia Comisi\u00f3n Asuntos Metropolitanos \u00a009 Mayo 2016<\/a><\/p>\n<p>[\/expand]<\/p>\n<p><strong>[expand title=\u00bbComisi\u00f3n Asuntos Metropolitanos \u00a013 Junio 2016&#8243;]<\/strong><\/p>\n<p><a href=\"https:\/\/tonala.gob.mx\/portal\/wp-content\/uploads\/2017\/02\/Metropolitanos_13_Junio_2016.pdf\">Comisi\u00f3n Asuntos Metropolitanos \u00a013 Junio 2016<\/a><\/p>\n<p><a href=\"https:\/\/tonala.gob.mx\/portal\/wp-content\/uploads\/2017\/02\/O.D._Asuntos_Metropolitanos_13_Junio_2016.pdf\">O.D. Comisi\u00f3n Asuntos Metropolitanos \u00a013 Junio 2016<\/a><\/p>\n<p><a href=\"https:\/\/tonala.gob.mx\/portal\/wp-content\/uploads\/2017\/02\/Asistencia_Asuntos_Metropolitanos_13_Junio_2016.pdf\">Asistencia Comisi\u00f3n Asuntos Metropolitanos \u00a013 Junio 2016<\/a><\/p>\n<p>[\/expand]<\/p>\n<p><strong>[expand title=\u00bbComisi\u00f3n Asuntos Metropolitanos \u00a028 Julio 2016&#8243;]<\/strong><\/p>\n<p><a href=\"https:\/\/tonala.gob.mx\/portal\/wp-content\/uploads\/2017\/02\/Asuntos_Metropolitanos_28_Julio_2016.pdf\">Comisi\u00f3n Asuntos Metropolitanos 28 Julio 2016<\/a><\/p>\n<p><a href=\"https:\/\/tonala.gob.mx\/portal\/wp-content\/uploads\/2017\/02\/O.D._Asuntos_Metropolitanos_28_Julio_2016.pdf\">O.D. Comisi\u00f3n Asuntos Metropolitanos 28 Julio 2016<\/a><\/p>\n<p><a href=\"https:\/\/tonala.gob.mx\/portal\/wp-content\/uploads\/2017\/02\/O.D._Asuntos_Metropolitanos_28_Julio_2016.pdf\">Asistencia Comisi\u00f3n Asuntos Metropolitanos 28 Julio 2016<\/a><\/p>\n<p>[\/expand]<\/p>\n<p><strong>[expand title=\u00bbComisi\u00f3n Asuntos Metropolitanos \u00a025 Agosto 2016&#8243;]<\/strong><\/p>\n<p><a href=\"http:\/\/Comisi\u00f3n Asuntos Metropolitanos 25 Agosto 2016\">Comisi\u00f3n Asuntos Metropolitanos \u00a025 Agosto 2016<\/a><\/p>\n<p><a href=\"https:\/\/tonala.gob.mx\/portal\/wp-content\/uploads\/2017\/02\/O.D._Asuntos_Metropolitanos_25_Agosto_2016.pdf\">O.D. Comisi\u00f3n Asuntos Metropolitanos \u00a025 Agosto 2016<\/a><\/p>\n<p><a href=\"https:\/\/tonala.gob.mx\/portal\/wp-content\/uploads\/2017\/02\/Asistencia_Asuntos_Metropolitanos_25_Agosto_2016.pdf\">Asistencia Comisi\u00f3n Asuntos Metropolitanos \u00a025 Agosto 2016<\/a><\/p>\n<p>[\/expand]<\/p>\n<p><strong>[expand title=\u00bbComisi\u00f3n Asuntos Metropolitanos \u00a030 Septiembre 2016&#8243;]<\/strong><\/p>\n<p><a href=\"https:\/\/tonala.gob.mx\/portal\/wp-content\/uploads\/2017\/02\/Minuta-Comisi\u00f3n-Asuntos-Metropolitanos_30-Septiembre-2016.pdf\">Comisi\u00f3n Asuntos Metropolitanos \u00a030 Septiembre 2016<\/a><\/p>\n<p><a href=\"https:\/\/tonala.gob.mx\/portal\/wp-content\/uploads\/2017\/02\/O.D.-Comisi\u00f3n-Asuntos-Metropolitanos_30-Septiembre-2016.pdf\">O.D. Comisi\u00f3n Asuntos Metropolitanos \u00a030 Septiembre 2016<\/a><\/p>\n<p><a href=\"https:\/\/tonala.gob.mx\/portal\/wp-content\/uploads\/2017\/02\/Asistencia-Comisi\u00f3n-Asuntos-Metropolitanos_30-Septiembre-2016.pdf\">Asistencia Comisi\u00f3n Asuntos Metropolitanos \u00a030 Septiembre 2016<\/a><\/p>\n<p>[\/expand]<\/p>\n<p><strong>[expand title=\u00bbComisi\u00f3n Asuntos Metropolitanos 31 Octubre 2016&#8243;]<\/strong><\/p>\n<p><a href=\"https:\/\/tonala.gob.mx\/portal\/wp-content\/uploads\/2017\/02\/Minuta-Comisi\u00f3n-Asuntos-Metropolitano_31-Octubre-2016.pdf\">Comisi\u00f3n Asuntos Metropolitanos 31 Octubre 2016<\/a><\/p>\n<p><a href=\"https:\/\/tonala.gob.mx\/portal\/wp-content\/uploads\/2017\/02\/O.D.-Comisi\u00f3n-Asuntos-Metropolitanos_31-Octubre-2016.pdf\">O.D. Comisi\u00f3n Asuntos Metropolitanos 31 Octubre 2016<\/a><\/p>\n<p><a href=\"https:\/\/tonala.gob.mx\/portal\/wp-content\/uploads\/2017\/02\/Asistencia-Comisi\u00f3n-Asuntos-Metropolitanos_31-Octubre-2016.pdf\">Asistencia Comisi\u00f3n Asuntos Metropolitanos 31 Octubre 2016<\/a><\/p>\n<p>[\/expand]<\/p>\n<p><strong>[expand title=\u00bbComisi\u00f3n Asuntos Metropolitanos 30 Noviembre 2016&#8243;]<\/strong><\/p>\n<p><a href=\"https:\/\/tonala.gob.mx\/portal\/wp-content\/uploads\/2017\/03\/Minuta-Comisi\u00f3n-Asuntos-Metropolitanos-30-Noviembre-2016.pdf\">Minuta Comisi\u00f3n Asuntos Metropolitanos 30 Noviembre 2016<\/a><\/p>\n<p><a href=\"https:\/\/tonala.gob.mx\/portal\/wp-content\/uploads\/2017\/02\/O.D.-Asuntos-Metropolitanos_30-Noviembre-2016.pdf\">O.D. Comisi\u00f3n Asuntos Metropolitanos 30 Noviembre 2016<\/a><\/p>\n<p>[\/expand]<\/p>\n<p><strong>[expand title=\u00bbComisi\u00f3n Asuntos Metropolitanos 16 Diciembre 2016&#8243;]<\/strong><\/p>\n<p><a href=\"https:\/\/tonala.gob.mx\/portal\/wp-content\/uploads\/2017\/03\/Minuta-Comisi\u00f3n-Asuntos-Metropolitanos-16-Diciembre-2016.pdf\">Minuta Comisi\u00f3n Asuntos Metropolitanos 16 Diciembre 2016<\/a><\/p>\n<p>[\/expand]<\/p>\n<p><strong>2017<\/strong><\/p>\n<p><strong>[expand title=\u00bbComisi\u00f3n Asuntos Metropolitanos 24 Enero 2017&#8243;]<\/strong><\/p>\n<p><a href=\"https:\/\/tonala.gob.mx\/portal\/wp-content\/uploads\/2017\/03\/COMISION-EDILICIA-DE-ASUNTOS-METROPOLITANOS-24-ENERO-2017.pdf\">Minuta Comisi\u00f3n Asuntos Metropolitanos 24 enero 2017<\/a><\/p>\n<p>[\/expand]<\/p>\n<p><strong>[expand title=\u00bbComisi\u00f3n Asuntos Metropolitanos 13 Febrero 2017&#8243;]<\/strong><\/p>\n<p><a href=\"https:\/\/tonala.gob.mx\/portal\/wp-content\/uploads\/2017\/07\/Minuta-Comisi\u00f3n-Asuntos-Metropolitanos-13-Febrero-2017.pdf\">Minuta Comisi\u00f3n Asuntos Metropolitanos 13 Febrero 2017<\/a><\/p>\n<p>[\/expand]<\/p>\n<p><strong>[expand title=\u00bbComisi\u00f3n Asuntos Metropolitanos 15 Marzo 2017&#8243;]<\/strong><\/p>\n<p><a href=\"https:\/\/tonala.gob.mx\/portal\/wp-content\/uploads\/2017\/07\/Minuta-Comisi\u00f3n-Asuntos-Metropolitanos-15-Marzo-2017.pdf\">Minuta Comisi\u00f3n Asuntos Metropolitanos 15 Marzo 2017<\/a><\/p>\n<p>[\/expand]<\/p>\n<p><strong>[expand title=\u00bbComisi\u00f3n Asuntos Metropolitanos 28 Abril 2017&#8243;]<\/strong><\/p>\n<p><a href=\"https:\/\/tonala.gob.mx\/portal\/wp-content\/uploads\/2017\/07\/Minuta-Comisi\u00f3n-Asuntos-Metropolitanos-28-Abril-2017.pdf\">Minuta Comisi\u00f3n Asuntos Metropolitanos 28 Abril 2017<\/a><\/p>\n<p>[\/expand]<\/p>\n<p><strong>[expand title=\u00bbComisi\u00f3n Asuntos Metropolitanos 30 Mayo 2017&#8243;]<\/strong><\/p>\n<p><a href=\"https:\/\/tonala.gob.mx\/portal\/wp-content\/uploads\/2017\/07\/Minuta-Comisi\u00f3n-Asuntos-Metropolitanos-30-Mayo-2017.pdf\">Minuta Comisi\u00f3n Asuntos Metropolitanos 30 Mayo 2017<\/a><\/p>\n<p>[\/expand]<\/p>\n<p><strong>[expand title=\u00bbComisi\u00f3n Asuntos Metropolitanos 23 Junio 2017&#8243;]<\/strong><\/p>\n<p><a href=\"https:\/\/tonala.gob.mx\/portal\/wp-content\/uploads\/2017\/09\/Minuta-Comisi\u00f3n-Asuntos-Metropolitanos-23-Junio-2017.pdf\">Minuta Comisi\u00f3n Asuntos Metropolitanos 23 Junio 2017<\/a><\/p>\n<p><a href=\"https:\/\/tonala.gob.mx\/portal\/wp-content\/uploads\/2017\/09\/O.-D.-Comisi\u00f3n-Asuntos-Metropolitanos-23-Junio-2017.pdf\">O. D. Comisi\u00f3n Asuntos Metropolitanos 23 Junio 2017<\/a><\/p>\n<p>[\/expand]<\/p>\n<p><strong>[expand title=\u00bbComisi\u00f3n Asuntos Metropolitanos 26 Julio 2017&#8243;]<\/strong><\/p>\n<p><a href=\"https:\/\/tonala.gob.mx\/portal\/wp-content\/uploads\/2017\/09\/Minuta-Comisi\u00f3n-Asuntos-Metropolitanos-26-Julio-2017.pdf\">Minuta Comisi\u00f3n Asuntos Metropolitanos 26 Julio 2017<\/a><\/p>\n<p>[\/expand]<\/p>\n<p><strong>[expand title=\u00bbComisi\u00f3n Asuntos Metropolitanos 28 Agosto 2017&#8243;]<\/strong><\/p>\n<p><a href=\"https:\/\/tonala.gob.mx\/portal\/wp-content\/uploads\/2017\/10\/Minuta-Comisi\u00f3n-Asuntos-Metropolitanos-28-Agosto-2017.pdf\">Minuta Comisi\u00f3n Asuntos Metropolitanos 28 Agosto 2017<\/a><\/p>\n<p>[\/expand]<\/p>\n<p><strong>[expand title=\u00bbComisi\u00f3n Asuntos Metropolitanos 28 Septiembre 2017&#8243;]<\/strong><\/p>\n<p><a href=\"https:\/\/tonala.gob.mx\/portal\/wp-content\/uploads\/2017\/11\/Minuta-Comisi\u00f3n-Asuntos-Metropolitanos-28-Septiembre-2017.pdf\">Minuta Comisi\u00f3n Asuntos Metropolitanos 28 Septiembre 2017<\/a><\/p>\n<p>[\/expand]<\/p>\n<p><strong>[expand title=\u00bbComisi\u00f3n Asuntos Metropolitanos 26 Octubre 2017&#8243;]<\/strong><\/p>\n<p><a href=\"https:\/\/tonala.gob.mx\/portal\/wp-content\/uploads\/2017\/12\/Minuta-Comisi\u00f3n-Asuntos-Metropolitanos-26-Octubre-2017.pdf\">Minuta Comisi\u00f3n Asuntos Metropolitanos 26 Octubre 2017<\/a><\/p>\n<p>[\/expand]<\/p>\n<p><strong>[expand title=\u00bbComisi\u00f3n Asuntos Metropolitanos 24 Noviembre 2017&#8243;]<\/strong><\/p>\n<p><a href=\"https:\/\/tonala.gob.mx\/portal\/wp-content\/uploads\/2018\/02\/Minuta-Comisi\u00f3n-Asuntos-Metropolitanos-24-Noviembre-2017.pdf\">Minuta Comisi\u00f3n Asuntos Metropolitanos 24 Noviembre 2017<\/a><\/p>\n<p>[\/expand]<\/p>\n<p><strong>[expand title=\u00bbComisi\u00f3n Asuntos Metropolitanos 18 Diciembre 2017&#8243;]<\/strong><\/p>\n<p><a href=\"https:\/\/tonala.gob.mx\/portal\/wp-content\/uploads\/2018\/02\/Minuta-Comisi\u00f3n-Asuntos-Metropolitanos-18-Diciembre-2017.pdf\">Minuta Comisi\u00f3n Asuntos Metropolitanos 18 Diciembre 2017<\/a><\/p>\n<p>[\/expand]<\/p>\n<p><strong>2018<\/strong><\/p>\n<p><strong>[expand title=\u00bbComisi\u00f3n Asuntos Metropolitanos 25 Enero 2018&#8243;]<\/strong><\/p>\n<p><a href=\"https:\/\/tonala.gob.mx\/portal\/wp-content\/uploads\/2018\/02\/Minuta-Comisi\u00f3n-Asuntos-Metropolitanos-25-Enero-2018.pdf\">Minuta Comisi\u00f3n Asuntos Metropolitanos 25 Enero 2018<\/a><\/p>\n<p>[\/expand]<\/p>\n<p><strong>[expand title=\u00bbComisi\u00f3n Asuntos Metropolitanos 27 Febrero 2018&#8243;]<\/strong><\/p>\n<p><a href=\"https:\/\/tonala.gob.mx\/portal\/wp-content\/uploads\/2018\/05\/Minuta-Comisi\u00f3n-Asuntos-Metropolitanos-27-Febrero-2018.pdf\">Minuta Comisi\u00f3n Asuntos Metropolitanos 27 Febrero 2018<\/a><\/p>\n<p>[\/expand]<\/p>\n<p><strong>[expand title=\u00bbComisi\u00f3n Asuntos Metropolitanos 23 Marzo 2018&#8243;]<\/strong><\/p>\n<p><a href=\"https:\/\/tonala.gob.mx\/portal\/wp-content\/uploads\/2018\/06\/Minuta-Comisi\u00f3n-Asuntos-Metropolitanos-23-Marzo-2018.pdf\">Minuta Comisi\u00f3n Asuntos Metropolitanos 23 Marzo 2018<\/a><\/p>\n<p>[\/expand]<\/p>\n<p><strong>[expand title=\u00bbComisi\u00f3n Asuntos Metropolitanos 26 Abril 2018&#8243;]<\/strong><\/p>\n<p><a href=\"https:\/\/tonala.gob.mx\/portal\/wp-content\/uploads\/2018\/06\/Minuta-Comisi\u00f3n-Asuntos-Metropolitanos-26-Abril-2018.pdf\">Minuta Comisi\u00f3n Asuntos Metropolitanos 26 Abril 2018<\/a><\/p>\n<p>[\/expand]<\/p>\n<p><strong>[expand title=\u00bbComisi\u00f3n Asuntos Metropolitanos 24 Mayo 2018&#8243;]<\/strong><\/p>\n<p><a href=\"https:\/\/tonala.gob.mx\/portal\/wp-content\/uploads\/2018\/08\/Minuta-Comisi\u00f3n-Asuntos-Metropolitanos-24-Mayo-2018.pdf\">Minuta Comisi\u00f3n Asuntos Metropolitanos 24 Mayo 2018<\/a><\/p>\n<p><a href=\"https:\/\/tonala.gob.mx\/portal\/wp-content\/uploads\/2018\/06\/Minuta-Comisi\u00f3n-Asuntos-Metropolitanos-24-Mayo-2018-Versi\u00f3n-Estenogr\u00e1fica.pdf\">Minuta Comisi\u00f3n Asuntos Metropolitanos 24 Mayo 2018 Versi\u00f3n Estenogr\u00e1fica<\/a><\/p>\n<p>[\/expand]<\/p>\n<p><strong>[expand title=\u00bbComisi\u00f3n Asuntos Metropolitanos 28 Junio 2018&#8243;]<\/strong><\/p>\n<p><a href=\"https:\/\/tonala.gob.mx\/portal\/wp-content\/uploads\/2018\/08\/Minuta-Comisi\u00f3n-Asuntos-Metropolitanos-28-Junio-2018.pdf\">Minuta Comisi\u00f3n Asuntos Metropolitanos 28 Junio 2018<\/a><\/p>\n<p>[\/expand]<\/p>\n","protected":false},"excerpt":{"rendered":"<p>Plan de Trabajo\u00a02015-2018 Turno a Comisi\u00f3n Turno a Comisi\u00f3n A\u00f1o 2015 [expand title=\u00bbComisi\u00f3n Asuntos Metropolitanos \u00a015 Octubre 2015&#8243;] Acta de<\/p>\n","protected":false},"author":1,"featured_media":0,"parent":0,"menu_order":0,"comment_status":"closed","ping_status":"closed","template":"","meta":{"colormag_page_container_layout":"default_layout","colormag_page_sidebar_layout":"default_layout","footnotes":""},"class_list":["post-5929","page","type-page","status-publish","hentry"],"_links":{"self":[{"href":"https:\/\/tonala.gob.mx\/portal\/wp-json\/wp\/v2\/pages\/5929","targetHints":{"allow":["GET"]}}],"collection":[{"href":"https:\/\/tonala.gob.mx\/portal\/wp-json\/wp\/v2\/pages"}],"about":[{"href":"https:\/\/tonala.gob.mx\/portal\/wp-json\/wp\/v2\/types\/page"}],"author":[{"embeddable":true,"href":"https:\/\/tonala.gob.mx\/portal\/wp-json\/wp\/v2\/users\/1"}],"replies":[{"embeddable":true,"href":"https:\/\/tonala.gob.mx\/portal\/wp-json\/wp\/v2\/comments?post=5929"}],"version-history":[{"count":38,"href":"https:\/\/tonala.gob.mx\/portal\/wp-json\/wp\/v2\/pages\/5929\/revisions"}],"predecessor-version":[{"id":19342,"href":"https:\/\/tonala.gob.mx\/portal\/wp-json\/wp\/v2\/pages\/5929\/revisions\/19342"}],"wp:attachment":[{"href":"https:\/\/tonala.gob.mx\/portal\/wp-json\/wp\/v2\/media?parent=5929"}],"curies":[{"name":"wp","href":"https:\/\/api.w.org\/{rel}","templated":true}]}}