{"id":5912,"date":"2016-10-09T16:30:33","date_gmt":"2016-10-09T16:30:33","guid":{"rendered":"http:\/\/tonala.gob.mx\/portal\/?page_id=5912"},"modified":"2018-11-15T09:59:47","modified_gmt":"2018-11-15T15:59:47","slug":"patrimonio-municipal","status":"publish","type":"page","link":"https:\/\/tonala.gob.mx\/portal\/patrimonio-municipal\/","title":{"rendered":"Patrimonio Municipal"},"content":{"rendered":"<p><strong><a href=\"https:\/\/tonala.gob.mx\/portal\/wp-content\/uploads\/2016\/10\/PROGRAMA-DE-TRABAJO-SAMIR-SARWERZIDE-DE-LA-TORRE-LEYVA.zip\">Plan de Trabajo<\/a>\u00a02015<\/strong><\/p>\n<p><strong><a href=\"https:\/\/tonala.gob.mx\/portal\/wp-content\/uploads\/2016\/10\/Comision-Patrimonio-Municipal.pdf\">Plan de Trabajo Patrimonio Municipal<\/a>\u00a02016-2018<\/strong><\/p>\n<p><strong><a href=\"https:\/\/tonala.gob.mx\/portal\/wp-content\/uploads\/2017\/03\/DICTAMEN-FINAL-DE-LA-COMISION-EDILICIA-DE-PATRIMONIO-MUNICIPAL.pdf\">Dictamen Final de la Comisi\u00f3n Edilicia Patrimonio Municipal : \u00abDepuraci\u00f3n de 1,154 cajas manuales A-A 8,507 hojas de transferencia\u00bb<\/a><\/strong><\/p>\n<p><strong>A\u00f1o 2015<\/strong><\/p>\n<p><strong>[expand title=\u00bbComisi\u00f3n Patrimonio Municipal Octubre 2015&#8243;]<\/strong><\/p>\n<p><a href=\"https:\/\/tonala.gob.mx\/portal\/wp-content\/uploads\/2016\/10\/No-se-realizaron-sesiones-este-mes.pdf\">Comisi\u00f3n Patrimonio Municipal Octubre 2015<\/a><\/p>\n<p>[\/expand]<\/p>\n<p><strong>[expand title=\u00bbComisi\u00f3n Patrimonio Municipal 26 Noviembre 2015&#8243;]<\/strong><\/p>\n<p><a href=\"https:\/\/tonala.gob.mx\/portal\/wp-content\/uploads\/2017\/03\/COMISION-EDILICIA-DE-PATRIMONIO-MUNICIPAL-26-DE-NOVIEMBRE-2015.pdf\">Comisi\u00f3n Patrimonio Municipal\u00a0Noviembre 2015<\/a><\/p>\n<p>[\/expand]<\/p>\n<p><strong>[expand title=\u00bbComisi\u00f3n Patrimonio Municipal 11 Diciembre 2015&#8243;]<\/strong><\/p>\n<p><a href=\"https:\/\/tonala.gob.mx\/portal\/wp-content\/uploads\/2017\/03\/COMISION-EDILICIA-DE-PATRIMONIO-MUNICIPAL-11-DE-DICIEMBRE-2015.pdf\">Comisi\u00f3n Patrimonio Municipal 11 Diciembre 2015<\/a><\/p>\n<p>[\/expand]<\/p>\n<p><strong>A\u00f1o 2016<\/strong><\/p>\n<p><strong>[expand title=\u00bbComisi\u00f3n Patrimonio Municipal 28 Enero 2016&#8243;]<\/strong><\/p>\n<p><a href=\"https:\/\/tonala.gob.mx\/portal\/wp-content\/uploads\/2017\/03\/COMISION-EDILICIA-PATRIMONIO-MUNICIPAL-28-DE-ENERO-2016.pdf\">Minuta Comisi\u00f3n Patrimonio Municipal 28 Enero 2016<\/a><\/p>\n<p>[\/expand]<\/p>\n<p><strong>[expand title=\u00bbComisi\u00f3n Patrimonio Municipal\u00a0Febrero 2016&#8243;]<\/strong><\/p>\n<p><a href=\"https:\/\/tonala.gob.mx\/portal\/wp-content\/uploads\/2016\/10\/No-se-realizaron-sesiones-este-mes.pdf\">Comisi\u00f3n Patrimonio Municipal\u00a0Febrero 2016<\/a><\/p>\n<p>[\/expand]<\/p>\n<p><strong>[expand title=\u00bbComisi\u00f3n Patrimonio Municipal 04 Marzo 2016&#8243;]<\/strong><\/p>\n<p><a href=\"https:\/\/tonala.gob.mx\/portal\/wp-content\/uploads\/2017\/03\/COMISION-EDILICIA-DE-PATRIMONIO-MUNICIPAL-04-MARZO-2016.pdf\">Minuta Comisi\u00f3n Patrimonio Municipal 04 Marzo 2016<\/a><\/p>\n<p>[\/expand]<\/p>\n<p><strong>[expand title=\u00bbComisi\u00f3n Patrimonio Municipal 09 Marzo 2016&#8243;]<\/strong><\/p>\n<p><a href=\"https:\/\/tonala.gob.mx\/portal\/wp-content\/uploads\/2017\/03\/COMISION-EDILICIA-DE-PATRIMONIO-MUNICIPAL-09-MARZO-2016.pdf\">Minuta Comisi\u00f3n Patrimonio Municipal 09 Marzo 2016<\/a><\/p>\n<p>[\/expand]<\/p>\n<p><strong>[expand title=\u00bbComisi\u00f3n Patrimonio Municipal\u00a0Abril 2016&#8243;]<\/strong><\/p>\n<p><a href=\"https:\/\/tonala.gob.mx\/portal\/wp-content\/uploads\/2016\/10\/No-se-realizaron-sesiones-este-mes.pdf\">Comisi\u00f3n Patrimonio Municipal\u00a0Abril 2016<\/a><\/p>\n<p>[\/expand]<\/p>\n<p><strong>[expand title=\u00bbComisi\u00f3n Patrimonio Municipal\u00a0Mayo 2016&#8243;]<\/strong><\/p>\n<p><a href=\"https:\/\/tonala.gob.mx\/portal\/wp-content\/uploads\/2016\/10\/No-se-realizaron-sesiones-este-mes.pdf\">Comisi\u00f3n Patrimonio Municipal\u00a0Mayo 2016<\/a><\/p>\n<p>[\/expand]<\/p>\n<p><strong>[expand title=\u00bbComisi\u00f3n Patrimonio Municipal\u00a0Junio 2016&#8243;]<\/strong><\/p>\n<p><a href=\"https:\/\/tonala.gob.mx\/portal\/wp-content\/uploads\/2016\/10\/No-se-realizaron-sesiones-este-mes.pdf\">Comisi\u00f3n Patrimonio Municipal\u00a0Junio 2016<\/a><\/p>\n<p>[\/expand]<\/p>\n<p><strong>[expand title=\u00bbComisi\u00f3n Patrimonio Municipal\u00a0Julio 2016&#8243;]<\/strong><\/p>\n<p><a href=\"https:\/\/tonala.gob.mx\/portal\/wp-content\/uploads\/2016\/10\/No-se-realizaron-sesiones-este-mes.pdf\">Comisi\u00f3n Patrimonio Municipal\u00a0Julio 2016<\/a><\/p>\n<p>[\/expand]<\/p>\n<p><strong>[expand title=\u00bbComisi\u00f3n Patrimonio Municipal 01 Agosto 2016&#8243;]<\/strong><\/p>\n<p><a href=\"https:\/\/tonala.gob.mx\/portal\/wp-content\/uploads\/2017\/03\/COMISION-EDILICIA-DE-PATRIMONIO-MUNICIPAL-01-DE-AGOSTO-2016.pdf\">Minuta Comisi\u00f3n Patrimonio Municipal 01 Agosto 2016<\/a><\/p>\n<p>[\/expand]<\/p>\n<p><strong>[expand title=\u00bbSesi\u00f3n Conjunta Comisi\u00f3n Patrimonio Municipal y Educaci\u00f3n 24 Agosto 2016&#8243;]<\/strong><\/p>\n<p><a href=\"https:\/\/tonala.gob.mx\/portal\/wp-content\/uploads\/2017\/03\/COMISION-EDILICIA-DE-PATRIMONIO-MUNICIPAL-Y-EDUCACION-PUBLICA-24-AGOSTO-2016.pdf\">Minuta Sesi\u00f3n Conjunta Comisi\u00f3n Patrimonio Municipal y Educaci\u00f3n 24 Agosto 2016<\/a><\/p>\n<p>[\/expand]<\/p>\n<p><strong>[expand title=\u00bbSesi\u00f3n Conjunta Comisi\u00f3n Patrimonio Municipal y Educaci\u00f3n 29 Agosto 2016&#8243;]<\/strong><\/p>\n<p><a href=\"https:\/\/tonala.gob.mx\/portal\/wp-content\/uploads\/2017\/06\/Minuta-Sesi\u00f3n-Conjunta-de-las-Comisiones-Edilicias-Educaci\u00f3n-y-Patrimonio-29-Agosto-2016.pdf\">Minuta Sesi\u00f3n Conjunta Patrimonio Municipal y Educaci\u00f3n 29 Agosto 2016<\/a><\/p>\n<p>[\/expand]<\/p>\n<p><strong>[expand title=\u00bbComisi\u00f3n Patrimonio Municipal\u00a0Septiembre 2016&#8243;]<\/strong><\/p>\n<p><a href=\"https:\/\/tonala.gob.mx\/portal\/wp-content\/uploads\/2016\/10\/No-se-realizaron-sesiones-este-mes.pdf\">Comisi\u00f3n Patrimonio Municipal\u00a0Septiembre 2016<\/a><\/p>\n<p>[\/expand]<\/p>\n<p><strong>[expand title=\u00bbComisi\u00f3n Patrimonio Municipal Octubre 2016&#8243;]<\/strong><\/p>\n<p>[\/expand]<\/p>\n<p><strong>[expand title=\u00bbComisi\u00f3n Patrimonio Municipal 10 Noviembre 2016&#8243;]<\/strong><\/p>\n<p><a href=\"https:\/\/tonala.gob.mx\/portal\/wp-content\/uploads\/2017\/03\/COMISION-EDILICIA-DE-PATRIMONIO-MUNICIPAL-10-NOVIEMBRE-2016.pdf\">Minuta Comisi\u00f3n Patrimonio Municipal 10 Noviembre 2016<\/a><\/p>\n<p>[\/expand]<\/p>\n<p><strong>[expand title=\u00bbComisi\u00f3n Patrimonio Municipal 28 Noviembre 2016&#8243;]<\/strong><\/p>\n<p><a href=\"https:\/\/tonala.gob.mx\/portal\/wp-content\/uploads\/2017\/03\/COMISION-EDILICIA-DE-PATRIMONIO-MUNICIPAL-28-NOVIEMBRE-2016.pdf\">Minuta Comisi\u00f3n Patrimonio Municipal 28 Noviembre 2016<\/a><\/p>\n<p>[\/expand]<\/p>\n<p><strong>[expand title=\u00bbComisi\u00f3n Patrimonio Municipal 13 Diciembre 2016&#8243;]<\/strong><\/p>\n<p><a href=\"https:\/\/tonala.gob.mx\/portal\/wp-content\/uploads\/2017\/03\/COMISION-EDILICIA-DE-PATRIMONIO-MUNICIPAL-13-DICIEMBRE-2016.pdf\">Minuta Comisi\u00f3n Patrimonio Municipal 13 Diciembre 2016<\/a><\/p>\n<p>[\/expand]<\/p>\n<p><strong>2017<\/strong><\/p>\n<p><strong>[expand title=\u00bbComisi\u00f3n Patrimonio Municipal 16 Enero 2017&#8243;]<\/strong><\/p>\n<p><a href=\"https:\/\/tonala.gob.mx\/portal\/wp-content\/uploads\/2017\/03\/COMISION-EDILICIA-DE-PATRIMONIO-MUNICIPAL-16-ENERO-2017.pdf\">Minuta Comisi\u00f3n Patrimonio Municipal 16 Enero 2017<\/a><\/p>\n<p>[\/expand]<\/p>\n<p><strong>[expand title=\u00bbComisi\u00f3n Patrimonio Municipal 27 Febrero 2017&#8243;]<\/strong><\/p>\n<p><a href=\"https:\/\/tonala.gob.mx\/portal\/wp-content\/uploads\/2017\/03\/COMISION-EDILICIA-DE-PATRIMONIO-MUNICIPAL-27-FEBRERO-2017.pdf\">Minuta Comisi\u00f3n Patrimonio Municipal 27 Febrero 2017<\/a><\/p>\n<p>[\/expand]<\/p>\n<p><strong>[expand title=\u00bbSesi\u00f3n Conjunta Comisiones Desarrollo Urbano y Habitaci\u00f3n Popular y Patrimonio Municipal 16 Marzo 2017&#8243;]<\/strong><\/p>\n<p><a href=\"https:\/\/tonala.gob.mx\/portal\/wp-content\/uploads\/2017\/11\/Minuta-Sesi\u00f3n-Conjunta-Desarrollo-Urbano-y-Habitaci\u00f3n-Popular-Patrimonio-Municipal-16-Marzo-2017.pdf\">Minuta Sesi\u00f3n Conjunta Comisiones Desarrollo Urbano y Habitaci\u00f3n Popular , Patrimonio Municipal 16 Marzo 2017<\/a><\/p>\n<p>[\/expand]<\/p>\n<p><strong>[expand title=\u00bbComisi\u00f3n Patrimonio Municipal 07 Abril 2017&#8243;]<\/strong><\/p>\n<p><a href=\"https:\/\/tonala.gob.mx\/portal\/wp-content\/uploads\/2017\/11\/Minuta-Comisi\u00f3n-Patrimonio-Municipal-07-Abril-2017.pdf\">Minuta Comisi\u00f3n Patrimonio Municipal 07 Abril 2017<\/a><\/p>\n<p>[\/expand]<\/p>\n<p><strong>[expand title=\u00bbComisi\u00f3n Patrimonio Municipal Mayo 2017&#8243;]<\/strong><\/p>\n<p>[\/expand]<\/p>\n<p><strong>[expand title=\u00bbComisi\u00f3n Patrimonio Municipal 29 Junio 2017&#8243;]<\/strong><\/p>\n<p><a href=\"https:\/\/tonala.gob.mx\/portal\/wp-content\/uploads\/2017\/11\/Minuta-Comisi\u00f3n-Patrimonio-Municipal-29-Junio-2017.pdf\">Minuta Comisi\u00f3n Patrimonio Municipal 29 Junio 2017<\/a><\/p>\n<p>[\/expand]<\/p>\n<p><strong>[expand title=\u00bbComisi\u00f3n Patrimonio Municipal 27 Julio 2017&#8243;]<\/strong><\/p>\n<p><a href=\"https:\/\/tonala.gob.mx\/portal\/wp-content\/uploads\/2017\/11\/Minuta-Comisi\u00f3n-Patrimonio-Municipal-27-Julio-2017.pdf\">Minuta Comisi\u00f3n Patrimonio Municipal 27 Julio 2017<\/a><\/p>\n<p>[\/expand]<\/p>\n<p><strong>[expand title=\u00bbComisi\u00f3n Patrimonio Municipal 31 Agosto 2017&#8243;]<\/strong><\/p>\n<p><a href=\"https:\/\/tonala.gob.mx\/portal\/wp-content\/uploads\/2017\/11\/Minuta-Comisi\u00f3n-Patrimonio-Municipal-31-Agosto-2017.pdf\">Minuta Comisi\u00f3n Patrimonio Municipal 31 Agosto 2017<\/a><\/p>\n<p>[\/expand]<\/p>\n<p><strong>[expand title=\u00bbSesi\u00f3n Conjunta Comisiones Educaci\u00f3n y Patrimonio Municipal 26 Septiembre 2017&#8243;]<\/strong><\/p>\n<p><a href=\"https:\/\/tonala.gob.mx\/portal\/wp-content\/uploads\/2017\/11\/Minuta-Comisiones-Educaci\u00f3n-y-Patrimonio-26-Septiembre-2017.pdf\">Minuta Sesi\u00f3n Conjunta Comisiones Educaci\u00f3n y Patrimonio Municipal 26 Septiembre 2017<\/a><\/p>\n<p>[\/expand]<\/p>\n<p><strong>[expand title=\u00bbSesi\u00f3n Conjunta Comisiones Educaci\u00f3n y Patrimonio Municipal 28 Septiembre 2017&#8243;]<\/strong><\/p>\n<p><a href=\"https:\/\/tonala.gob.mx\/portal\/wp-content\/uploads\/2017\/11\/Minuta-Comisiones-Educaci\u00f3n-y-Patrimonio-28-Septiembre-2017.pdf\">Minuta Sesi\u00f3n Conjunta Comisiones Educaci\u00f3n y Patrimonio Municipal 28 Septiembre 2017<\/a><\/p>\n<p>[\/expand]<\/p>\n<p><strong>[expand title=\u00bbComisi\u00f3n Patrimonio Municipal 24 Octubre 2017&#8243;]<\/strong><\/p>\n<p><a href=\"https:\/\/tonala.gob.mx\/portal\/wp-content\/uploads\/2017\/11\/Minuta-Comisi\u00f3n-Patrimonio-Municipal-24-Octubre-2017.pdf\">Minuta Comisi\u00f3n Patrimonio Municipal 24 Octubre 2017<\/a><\/p>\n<p>[\/expand]<\/p>\n<p><strong>[expand title=\u00bbComisi\u00f3n Patrimonio Municipal Noviembre 2017&#8243;]<\/strong><\/p>\n<p>[\/expand]<\/p>\n<p><strong>[expand title=\u00bbComisi\u00f3n Patrimonio Municipal Diciembre 2017&#8243;]<\/strong><\/p>\n<p>[\/expand]<\/p>\n<p><strong>2018<\/strong><\/p>\n<p><strong>[expand title=\u00bbComisi\u00f3n Patrimonio Municipal Enero 2018&#8243;]<\/strong><\/p>\n<p>[\/expand]<\/p>\n<p><strong>[expand title=\u00bbComisi\u00f3n Patrimonio Municipal Febrero 2018&#8243;]<\/strong><\/p>\n<p>[\/expand]<\/p>\n<p><strong>[expand title=\u00bbComisi\u00f3n Patrimonio Municipal Marzo 2018&#8243;]<\/strong><\/p>\n<p>[\/expand]<\/p>\n<p><strong>[expand title=\u00bbComisi\u00f3n Patrimonio Municipal Abril 2018&#8243;]<\/strong><\/p>\n<p>[\/expand]<\/p>\n<p><strong>[expand title=\u00bbComisi\u00f3n Patrimonio Municipal Mayo 2018&#8243;]<\/strong><\/p>\n<p>[\/expand]<\/p>\n<p><strong>[expand title=\u00bbComisi\u00f3n Patrimonio Municipal Junio 2018&#8243;]<\/strong><\/p>\n<p>[\/expand]<\/p>\n<p><strong>[expand title=\u00bbComisi\u00f3n Patrimonio Municipal Julio 2018&#8243;]<\/strong><\/p>\n<p>[\/expand]<\/p>\n<p><strong>[expand title=\u00bbComisi\u00f3n Patrimonio Municipal Agosto 2018&#8243;]<\/strong><\/p>\n<p><a href=\"https:\/\/tonala.gob.mx\/portal\/wp-content\/uploads\/2018\/11\/Minuta-Comision-Patrimonio-Municipal-08-Agosto-2018.pdf\" target=\"_blank\">Minuta Comisi\u00f3n Patrimonio Municipal 08 Agosto 2018<\/a><\/p>\n<p>[\/expand]<\/p>\n<p><strong>[expand title=\u00bbComisi\u00f3n Patrimonio Municipal Septiembre 2018&#8243;]<\/strong><\/p>\n<p>[\/expand]<\/p>\n<p><strong>[expand title=\u00bbComisi\u00f3n Patrimonio Municipal Octubre 2018&#8243;]<\/strong><\/p>\n<p>[\/expand]<\/p>\n<p><strong>[expand title=\u00bbComisi\u00f3n Patrimonio Municipal Noviembre 2018&#8243;]<\/strong><\/p>\n<p>[\/expand]<\/p>\n<p><strong>[expand title=\u00bbComisi\u00f3n Patrimonio Municipal Diciembre 2018&#8243;]<\/strong><\/p>\n<p>[\/expand]<\/p>\n","protected":false},"excerpt":{"rendered":"<p>Plan de Trabajo\u00a02015 Plan de Trabajo Patrimonio Municipal\u00a02016-2018 Dictamen Final de la Comisi\u00f3n Edilicia Patrimonio Municipal : \u00abDepuraci\u00f3n de 1,154<\/p>\n","protected":false},"author":1,"featured_media":0,"parent":0,"menu_order":0,"comment_status":"closed","ping_status":"closed","template":"","meta":{"colormag_page_container_layout":"default_layout","colormag_page_sidebar_layout":"default_layout","footnotes":""},"class_list":["post-5912","page","type-page","status-publish","hentry"],"_links":{"self":[{"href":"https:\/\/tonala.gob.mx\/portal\/wp-json\/wp\/v2\/pages\/5912","targetHints":{"allow":["GET"]}}],"collection":[{"href":"https:\/\/tonala.gob.mx\/portal\/wp-json\/wp\/v2\/pages"}],"about":[{"href":"https:\/\/tonala.gob.mx\/portal\/wp-json\/wp\/v2\/types\/page"}],"author":[{"embeddable":true,"href":"https:\/\/tonala.gob.mx\/portal\/wp-json\/wp\/v2\/users\/1"}],"replies":[{"embeddable":true,"href":"https:\/\/tonala.gob.mx\/portal\/wp-json\/wp\/v2\/comments?post=5912"}],"version-history":[{"count":25,"href":"https:\/\/tonala.gob.mx\/portal\/wp-json\/wp\/v2\/pages\/5912\/revisions"}],"predecessor-version":[{"id":23037,"href":"https:\/\/tonala.gob.mx\/portal\/wp-json\/wp\/v2\/pages\/5912\/revisions\/23037"}],"wp:attachment":[{"href":"https:\/\/tonala.gob.mx\/portal\/wp-json\/wp\/v2\/media?parent=5912"}],"curies":[{"name":"wp","href":"https:\/\/api.w.org\/{rel}","templated":true}]}}