{"id":5899,"date":"2016-10-09T03:52:13","date_gmt":"2016-10-09T03:52:13","guid":{"rendered":"http:\/\/tonala.gob.mx\/portal\/?page_id=5899"},"modified":"2018-06-25T11:22:27","modified_gmt":"2018-06-25T17:22:27","slug":"inspeccion-y-vigilancia","status":"publish","type":"page","link":"https:\/\/tonala.gob.mx\/portal\/inspeccion-y-vigilancia\/","title":{"rendered":"Inspecci\u00f3n y Vigilancia"},"content":{"rendered":"<p><strong><a href=\"https:\/\/tonala.gob.mx\/portal\/wp-content\/uploads\/2016\/10\/Comision-Inspecci\u00f3n-y-Vigilancia.pdf\">Plan de Trabajo Inspecci\u00f3n y Vigilancia<\/a>\u00a02016-2018<\/strong><\/p>\n<p><strong>A\u00f1o 2015<\/strong><\/p>\n<p><strong>[expand title=\u00bbComisi\u00f3n Inspecci\u00f3n y Vigilancia 14 Octubre 2015&#8243;]<\/strong><\/p>\n<p><a href=\"https:\/\/tonala.gob.mx\/portal\/wp-content\/uploads\/2017\/01\/Comisi\u00f3n-Inspecci\u00f3n-y-Vigilancia-14-Octubre-2015.pdf\">Comisi\u00f3n Inspecci\u00f3n y Vigilancia 14 Octubre 2015<\/a><\/p>\n<p><a href=\"https:\/\/tonala.gob.mx\/portal\/wp-content\/uploads\/2017\/01\/O.D.-Inspecci\u00f3n-y-Vigilancia-14-Octubre-2015.pdf\">O.D. Comisi\u00f3n Inspecci\u00f3n y Vigilancia 14 Octubre 2015<\/a><\/p>\n<p><a href=\"https:\/\/tonala.gob.mx\/portal\/wp-content\/uploads\/2017\/01\/Asistencia-Inspecci\u00f3n-y-Vigilancia-14-Octubre-2015.pdf\">Asistencia Comisi\u00f3n Inspecci\u00f3n y Vigilancia 14 Octubre 2015<\/a><\/p>\n<p>[\/expand]<\/p>\n<p><strong>[expand title=\u00bbComisi\u00f3n Inspecci\u00f3n y Vigilancia\u00a0Noviembre 2015&#8243;]<\/strong><\/p>\n<p><a href=\"https:\/\/tonala.gob.mx\/portal\/wp-content\/uploads\/2017\/01\/Inspeccion_Vigilancia_Noviembre_2015.pdf\">Comisi\u00f3n Inspecci\u00f3n y Vigilancia Noviembre 2015a<\/a><\/p>\n<p>[\/expand]<\/p>\n<p><strong>[expand title=\u00bbComisi\u00f3n Inspecci\u00f3n y Vigilancia\u00a0Diciembre 2015&#8243;]<\/strong><\/p>\n<p><a href=\"https:\/\/tonala.gob.mx\/portal\/wp-content\/uploads\/2017\/01\/Inspeccion_Vigilancia_Diciembre_2015.pdf\">Comisi\u00f3n Inspecci\u00f3n y Vigilancia Diciembre 2015a<\/a><\/p>\n<p>[\/expand]<\/p>\n<p><strong>A\u00f1o 2016<\/strong><\/p>\n<p><strong>[expand title=\u00bbComisi\u00f3n Inspecci\u00f3n y Vigilancia 18 Enero 2016&#8243;]<\/strong><\/p>\n<p><a href=\"https:\/\/tonala.gob.mx\/portal\/wp-content\/uploads\/2017\/05\/Comision-Inspeccion-y-Vigilancia-18-de-Enero-2016.pdf\">Minuta Comisi\u00f3n Inspecci\u00f3n y Vigilancia 18 Enero 2016<\/a><\/p>\n<p><a href=\"https:\/\/tonala.gob.mx\/portal\/wp-content\/uploads\/2017\/01\/INSPECCION-Y-VIGILANCIA-ENERO-18-2016.docx\">Comisi\u00f3n Inspecci\u00f3n y Vigilancia 18 Enero 2016 (Versi\u00f3n Estenogr\u00e1fica)<\/a><\/p>\n<p>[\/expand]<\/p>\n<p><strong>[expand title=\u00bbComisi\u00f3n Inspecci\u00f3n y Vigilancia 22 Febrero 2016&#8243;]<\/strong><\/p>\n<p><a href=\"https:\/\/tonala.gob.mx\/portal\/wp-content\/uploads\/2017\/05\/Comision-Inspeccion-y-Vigilancia-22-de-Febrero-2016.pdf\">Minuta Comisi\u00f3n Inspecci\u00f3n y Vigilancia 22 Febrero 2016<\/a><\/p>\n<p><a href=\"https:\/\/tonala.gob.mx\/portal\/wp-content\/uploads\/2017\/01\/INSPECCION-Y-VIGILANCIA-FEBRERO-22-2016.docx\">Comisi\u00f3n Inspecci\u00f3n y Vigilancia 22 Febrero 2016 (Versi\u00f3n Estenogr\u00e1fica)<\/a><\/p>\n<p>[\/expand]<\/p>\n<p><strong>[expand title=\u00bbComisi\u00f3n Inspecci\u00f3n y Vigilancia 01 Marzo 2016&#8243;]<\/strong><\/p>\n<p><a href=\"https:\/\/tonala.gob.mx\/portal\/wp-content\/uploads\/2017\/05\/Comision-Inspeccion-y-Vigilancia-01-de-Marzo-2016.pdf\">Minuta Comisi\u00f3n Inspecci\u00f3n y Vigilancia 01 Marzo 2016<\/a><\/p>\n<p><a href=\"https:\/\/tonala.gob.mx\/portal\/wp-content\/uploads\/2017\/01\/INSPECCION-Y-VIGILANCIA-MARZO-21-2016.docx\">Comisi\u00f3n Inspecci\u00f3n y Vigilancia 21 Marzo 2016 (Versi\u00f3n Estenogr\u00e1fica)<\/a><\/p>\n<p>[\/expand]<\/p>\n<p><strong>[expand title=\u00bbComisi\u00f3n Inspecci\u00f3n y Vigilancia 18 Abril 2016&#8243;]<\/strong><\/p>\n<p><a href=\"https:\/\/tonala.gob.mx\/portal\/wp-content\/uploads\/2017\/05\/Comision-Inspeccion-y-Vigilancia-18-de-Abril-2016.pdf\">Comisi\u00f3n Inspecci\u00f3n y Vigilancia 18 Abril 2016<\/a><\/p>\n<p>[\/expand]<\/p>\n<p><strong>[expand title=\u00bbComisi\u00f3n Inspecci\u00f3n y Vigilancia\u00a0Mayo 2016&#8243;]<\/strong><\/p>\n<p><a href=\"https:\/\/tonala.gob.mx\/portal\/wp-content\/uploads\/2016\/10\/No-se-realizaron-sesiones-este-mes.pdf\">Comisi\u00f3n Inspecci\u00f3n y Vigilancia\u00a0Mayo 2016<\/a><\/p>\n<p>[\/expand]<\/p>\n<p><strong>[expand title=\u00bbComisi\u00f3n Inspecci\u00f3n y Vigilancia 20 Junio 2016&#8243;]<\/strong><\/p>\n<p><a href=\"https:\/\/tonala.gob.mx\/portal\/wp-content\/uploads\/2017\/03\/COMISION-EDILICIA-INSPECCION-Y-VIGILANCIA-20-DE-JUNIO-2016.pdf\">Minuta Comisi\u00f3n Inspecci\u00f3n y Vigilancia 20 Junio 2016<\/a><\/p>\n<p>[\/expand]<\/p>\n<p><strong>[expand title=\u00bbComisi\u00f3n Inspecci\u00f3n y Vigilancia\u00a0Julio 2016&#8243;]<\/strong><\/p>\n<p><a href=\"https:\/\/tonala.gob.mx\/portal\/wp-content\/uploads\/2016\/10\/No-se-realizaron-sesiones-este-mes.pdf\">Comisi\u00f3n Inspecci\u00f3n y Vigilancia\u00a0Julio 2016<\/a><\/p>\n<p>[\/expand]<\/p>\n<p><strong>[expand title=\u00bbComisi\u00f3n Inspecci\u00f3n y Vigilancia 03 Agosto 2016&#8243;]<\/strong><\/p>\n<p><a href=\"https:\/\/tonala.gob.mx\/portal\/wp-content\/uploads\/2017\/03\/COMISION-EDILICIA-INSPECCION-Y-VIGILANCIA-03-DE-AGOSTO-2016.pdf\">Minuta Comisi\u00f3n Inspecci\u00f3n y Vigilancia 03 Agosto 2016<\/a><\/p>\n<p>[\/expand]<\/p>\n<p><strong>[expand title=\u00bbComisi\u00f3n Inspecci\u00f3n y Vigilancia\u00a0Septiembre 2016&#8243;]<\/strong><\/p>\n<p><a href=\"https:\/\/tonala.gob.mx\/portal\/wp-content\/uploads\/2016\/10\/No-se-realizaron-sesiones-este-mes.pdf\">Comisi\u00f3n Inspecci\u00f3n y Vigilancia\u00a0Septiembre 2016<\/a><\/p>\n<p>[\/expand]<\/p>\n<p><strong>[expand title=\u00bbComisi\u00f3n Inspecci\u00f3n y Vigilancia Noviembre 2016&#8243;]<\/strong><\/p>\n<p><a href=\"https:\/\/tonala.gob.mx\/portal\/wp-content\/uploads\/2017\/01\/Inspeccion_Vigilancia_Noviembre_2016_opt.pdf\">Comisi\u00f3n Inspecci\u00f3n y Vigilancia Noviembre 2016a<\/a><\/p>\n<p>[\/expand]<\/p>\n<p><strong>[expand title=\u00bbComisi\u00f3n Inspecci\u00f3n y Vigilancia Diciembre 2016&#8243;]<\/strong><\/p>\n<p><a href=\"https:\/\/tonala.gob.mx\/portal\/wp-content\/uploads\/2017\/01\/Inspeccion_Vigilancia_Diciembre_2016_opt.pdf\">Comisi\u00f3n Inspecci\u00f3n y Vigilancia Diciembre 2016<\/a><\/p>\n<p>[\/expand]<\/p>\n<p><strong>2017<\/strong><\/p>\n<p><strong>[expand title=\u00bbComisi\u00f3n Inspecci\u00f3n y Vigilancia 18 Enero 2017&#8243;]<\/strong><\/p>\n<p><a href=\"https:\/\/tonala.gob.mx\/portal\/wp-content\/uploads\/2017\/03\/COMISION-EDILICIA-INSPECCION-Y-VIGILANCIA-18-DE-ENERO-2017.pdf\">Minuta Comisi\u00f3n Inspecci\u00f3n y Vigilancia 18 Enero 2017<\/a><\/p>\n<p>[\/expand]<\/p>\n<p><strong>[expand title=\u00bbComisi\u00f3n Inspecci\u00f3n y Vigilancia 21 Febrero 2017&#8243;]<\/strong><\/p>\n<p><a href=\"https:\/\/tonala.gob.mx\/portal\/wp-content\/uploads\/2017\/03\/COMISION-EDILICIA-INSPECCION-Y-VIGILANCIA-21-DE-FEBRERO-2017-2.pdf\">Minuta Comisi\u00f3n Inspecci\u00f3n y Vigilancia 21 Febrero 2017<\/a><\/p>\n<p>[\/expand]<\/p>\n<p><strong>[expand title=\u00bbComisi\u00f3n Inspecci\u00f3n y Vigilancia 31 Marzo 2017&#8243;]<\/strong><\/p>\n<p><a href=\"https:\/\/tonala.gob.mx\/portal\/wp-content\/uploads\/2017\/07\/Minuta-Comisi\u00f3n-Inspecci\u00f3n-y-Vigilancia-31-Marzo-2017.pdf\">Minuta Comisi\u00f3n Inspecci\u00f3n y Vigilancia 31 Marzo 2017<\/a><\/p>\n<p>[\/expand]<\/p>\n<p><strong>[expand title=\u00bbComisi\u00f3n Inspecci\u00f3n y Vigilancia 28 Abril 2017&#8243;]<\/strong><\/p>\n<p><a href=\"https:\/\/tonala.gob.mx\/portal\/wp-content\/uploads\/2017\/07\/Minuta-Comisi\u00f3n-Inspecci\u00f3n-y-Vigilancia-28-Abril-2017.pdf\">Minuta Comisi\u00f3n Inspecci\u00f3n y Vigilancia 28 Abril 2017\u00a0<\/a><\/p>\n<p>[\/expand]<\/p>\n<p><strong>[expand title=\u00bbComisi\u00f3n Inspecci\u00f3n y Vigilancia 28 Mayo 2017&#8243;]<\/strong><\/p>\n<p><a href=\"https:\/\/tonala.gob.mx\/portal\/wp-content\/uploads\/2017\/09\/Minuta-Comisi\u00f3n-Inspecci\u00f3n-y-Vigilancia-28-Mayo-2017.pdf\">Minuta Comisi\u00f3n Inspecci\u00f3n y Vigilancia 28 Mayo 2017<\/a><\/p>\n<p>[\/expand]<\/p>\n<p><strong>[expand title=\u00bbComisi\u00f3n Inspecci\u00f3n y Vigilancia 28 Junio 2017&#8243;]<\/strong><\/p>\n<p><a href=\"https:\/\/tonala.gob.mx\/portal\/wp-content\/uploads\/2017\/10\/Minuta-Comisi\u00f3n-Inspecci\u00f3n-y-Vigilancia-28-Junio-2017.pdf\">Minuta Comisi\u00f3n Inspecci\u00f3n y Vigilancia 28 Junio 2017<\/a><\/p>\n<p>[\/expand]<\/p>\n<p><strong>[expand title=\u00bbComisi\u00f3n Inspecci\u00f3n y Vigilancia 28 Julio 2017&#8243;]<\/strong><\/p>\n<p><a href=\"https:\/\/tonala.gob.mx\/portal\/wp-content\/uploads\/2017\/10\/Minuta-Comisi\u00f3n-Inspecci\u00f3n-y-Vigilancia-28-Julio-2017.pdf\">Minuta Comisi\u00f3n Inspecci\u00f3n y Vigilancia 28 Julio 2017<\/a><\/p>\n<p>[\/expand]<\/p>\n<p><strong>[expand title=\u00bbComisi\u00f3n Inspecci\u00f3n y Vigilancia Agosto 2017&#8243;]<\/strong><\/p>\n<p>[\/expand]<\/p>\n<p><strong>[expand title=\u00bbComisi\u00f3n Inspecci\u00f3n y Vigilancia Septiembre 2017&#8243;]<\/strong><\/p>\n<p>[\/expand]<\/p>\n<p><strong>[expand title=\u00bbComisi\u00f3n Inspecci\u00f3n y Vigilancia 31 Octubre 2017&#8243;]<\/strong><\/p>\n<p><a href=\"https:\/\/tonala.gob.mx\/portal\/wp-content\/uploads\/2018\/02\/Minuta-Comisi\u00f3n-Inspecci\u00f3n-y-Vigilancia-31-Octubre-2017.pdf\">Minuta Comisi\u00f3n Inspecci\u00f3n y Vigilancia 31 Octubre 2017<\/a><\/p>\n<p>[\/expand]<\/p>\n<p><strong>[expand title=\u00bbComisi\u00f3n Inspecci\u00f3n y Vigilancia 30 Noviembre 2017&#8243;]<\/strong><\/p>\n<p><a href=\"https:\/\/tonala.gob.mx\/portal\/wp-content\/uploads\/2018\/02\/Minuta-Comisi\u00f3n-Inspecci\u00f3n-y-Vigilancia-30-Noviembre-2017.pdf\">Minuta Comisi\u00f3n Inspecci\u00f3n y Vigilancia 30 Noviembre 2017<\/a><\/p>\n<p>[\/expand]<\/p>\n<p><strong>[expand title=\u00bbComisi\u00f3n Inspecci\u00f3n y Vigilancia Diciembre 2017&#8243;]<\/strong><\/p>\n<p>[\/expand]<\/p>\n<p><strong>2018<\/strong><\/p>\n<p><strong>[expand title=\u00bbComisi\u00f3n Inspecci\u00f3n y Vigilancia 29 Enero 2018&#8243;]<\/strong><\/p>\n<p><a href=\"https:\/\/tonala.gob.mx\/portal\/wp-content\/uploads\/2018\/06\/Minuta-Comisi\u00f3n-Inspecci\u00f3n-y-Vigilancia-29-Enero-2018.pdf\">Minuta Comisi\u00f3n Inspecci\u00f3n y Vigilancia 29 Enero 2018<\/a><\/p>\n<p>[\/expand]<\/p>\n<p><strong>[expand title=\u00bbComisi\u00f3n Inspecci\u00f3n y Vigilancia 28 Febrero 2018&#8243;]<\/strong><\/p>\n<p><a href=\"https:\/\/tonala.gob.mx\/portal\/wp-content\/uploads\/2018\/06\/Minuta-Comisi\u00f3n-Inspecci\u00f3n-y-Vigilancia-28-Febrero-2018.pdf\">Minuta Comisi\u00f3n Inspecci\u00f3n y Vigilancia 28 Febrero 2018<\/a><\/p>\n<p>[\/expand]<\/p>\n<p><strong>[expand title=\u00bbComisi\u00f3n Inspecci\u00f3n y Vigilancia 23 Marzo 2018&#8243;]<\/strong><\/p>\n<p><a href=\"https:\/\/tonala.gob.mx\/portal\/wp-content\/uploads\/2018\/06\/Minuta-Comisi\u00f3n-Inspecci\u00f3n-y-Vigilancia-23-Marzo-2018.pdf\">Minuta Comisi\u00f3n Inspecci\u00f3n y Vigilancia 23 Marzo 2018<\/a><\/p>\n<p>[\/expand]<\/p>\n<p><strong>[expand title=\u00bbComisi\u00f3n Inspecci\u00f3n y Vigilancia 23 Abril 2018&#8243;]<\/strong><\/p>\n<p><a href=\"https:\/\/tonala.gob.mx\/portal\/wp-content\/uploads\/2018\/06\/Minuta-Comisi\u00f3n-Inspecci\u00f3n-y-Vigilancia-23-Abril-2018-Versi\u00f3n-Estenogr\u00e1fica.pdf\">Minuta Comisi\u00f3n Inspecci\u00f3n y Vigilancia 23 Abril 2018 Versi\u00f3n Estenogr\u00e1fica<\/a><\/p>\n<p>[\/expand]<\/p>\n<p><strong>[expand title=\u00bbComisi\u00f3n Inspecci\u00f3n y Vigilancia 31 Mayo 2018&#8243;]<\/strong><\/p>\n<p><a href=\"https:\/\/tonala.gob.mx\/portal\/wp-content\/uploads\/2018\/06\/Minuta-Comisi\u00f3n-Inspecci\u00f3n-y-Vigilancia-31-Mayo-2018-Versi\u00f3n-Estenogr\u00e1fica.pdf\">Minuta Comisi\u00f3n Inspecci\u00f3n y Vigilancia 31 Mayo 2018 Versi\u00f3n Estenogr\u00e1fica<\/a><\/p>\n<p>[\/expand]<\/p>\n<p><strong>[expand title=\u00bbComisi\u00f3n Inspecci\u00f3n y Vigilancia Junio 2018&#8243;]<\/strong><\/p>\n<p>[\/expand]<\/p>\n<p><strong>[expand title=\u00bbComisi\u00f3n Inspecci\u00f3n y Vigilancia Julio 2018&#8243;]<\/strong><\/p>\n<p>[\/expand]<\/p>\n<p><strong>[expand title=\u00bbComisi\u00f3n Inspecci\u00f3n y Vigilancia Agosto 2018&#8243;]<\/strong><\/p>\n<p>[\/expand]<\/p>\n<p><strong>[expand title=\u00bbComisi\u00f3n Inspecci\u00f3n y Vigilancia Septiembre 2018&#8243;]<\/strong><\/p>\n<p>[\/expand]<\/p>\n<p><strong>[expand title=\u00bbComisi\u00f3n Inspecci\u00f3n y Vigilancia Octubre 2018&#8243;]<\/strong><\/p>\n<p>[\/expand]<\/p>\n<p><strong>[expand title=\u00bbComisi\u00f3n Inspecci\u00f3n y Vigilancia Noviembre 2018&#8243;]<\/strong><\/p>\n<p>[\/expand]<\/p>\n<p><strong>[expand title=\u00bbComisi\u00f3n Inspecci\u00f3n y Vigilancia Diciembre 2018&#8243;]<\/strong><\/p>\n<p>[\/expand]<\/p>\n<p>&nbsp;<\/p>\n","protected":false},"excerpt":{"rendered":"<p>Plan de Trabajo Inspecci\u00f3n y Vigilancia\u00a02016-2018 A\u00f1o 2015 [expand title=\u00bbComisi\u00f3n Inspecci\u00f3n y Vigilancia 14 Octubre 2015&#8243;] Comisi\u00f3n Inspecci\u00f3n y Vigilancia<\/p>\n","protected":false},"author":1,"featured_media":0,"parent":0,"menu_order":0,"comment_status":"closed","ping_status":"closed","template":"","meta":{"colormag_page_container_layout":"default_layout","colormag_page_sidebar_layout":"default_layout","footnotes":""},"class_list":["post-5899","page","type-page","status-publish","hentry"],"_links":{"self":[{"href":"https:\/\/tonala.gob.mx\/portal\/wp-json\/wp\/v2\/pages\/5899","targetHints":{"allow":["GET"]}}],"collection":[{"href":"https:\/\/tonala.gob.mx\/portal\/wp-json\/wp\/v2\/pages"}],"about":[{"href":"https:\/\/tonala.gob.mx\/portal\/wp-json\/wp\/v2\/types\/page"}],"author":[{"embeddable":true,"href":"https:\/\/tonala.gob.mx\/portal\/wp-json\/wp\/v2\/users\/1"}],"replies":[{"embeddable":true,"href":"https:\/\/tonala.gob.mx\/portal\/wp-json\/wp\/v2\/comments?post=5899"}],"version-history":[{"count":21,"href":"https:\/\/tonala.gob.mx\/portal\/wp-json\/wp\/v2\/pages\/5899\/revisions"}],"predecessor-version":[{"id":18528,"href":"https:\/\/tonala.gob.mx\/portal\/wp-json\/wp\/v2\/pages\/5899\/revisions\/18528"}],"wp:attachment":[{"href":"https:\/\/tonala.gob.mx\/portal\/wp-json\/wp\/v2\/media?parent=5899"}],"curies":[{"name":"wp","href":"https:\/\/api.w.org\/{rel}","templated":true}]}}