{"id":5895,"date":"2016-10-09T03:42:28","date_gmt":"2016-10-09T03:42:28","guid":{"rendered":"http:\/\/tonala.gob.mx\/portal\/?page_id=5895"},"modified":"2018-06-25T11:07:05","modified_gmt":"2018-06-25T17:07:05","slug":"fomento-deportivo","status":"publish","type":"page","link":"https:\/\/tonala.gob.mx\/portal\/fomento-deportivo\/","title":{"rendered":"Fomento Deportivo"},"content":{"rendered":"<p><strong>A\u00f1o 2015<\/strong><\/p>\n<p><strong>[expand title=\u00bbComisi\u00f3n Fomento Deportivo 09 Octubre 2015&#8243;]<\/strong><\/p>\n<p><a href=\"https:\/\/tonala.gob.mx\/portal\/wp-content\/uploads\/2017\/01\/Comisi\u00f3n-Fomento-Deportivo-09-Octubre-2015.pdf\">Comisi\u00f3n Fomento Deportivo 09 Octubre 2015<\/a><\/p>\n<p><a href=\"https:\/\/tonala.gob.mx\/portal\/wp-content\/uploads\/2017\/01\/O.D.-Fomento-Deportivo-09-Octubre-2015.pdf\">O.D. Comisi\u00f3n Fomento Deportivo 09 Octubre 2015<\/a><\/p>\n<p><a href=\"https:\/\/tonala.gob.mx\/portal\/wp-content\/uploads\/2017\/01\/Asistencia-Fomento-Deportivo-09-Octubre-2015.pdf\">Asistencia Comisi\u00f3n Fomento Deportivo 09 Octubre 2015<\/a><\/p>\n<p>[\/expand]<\/p>\n<p><strong>[expand title=\u00bbComisi\u00f3n Fomento Deportivo\u00a0Noviembre 2015&#8243;]<\/strong><\/p>\n<p><a href=\"https:\/\/tonala.gob.mx\/portal\/wp-content\/uploads\/2017\/01\/Fomento_Deportivo_Noviembre_2015.pdf\">Comisi\u00f3n Fomento Deportivo Noviembre 2015a<\/a><\/p>\n<p>[\/expand]<\/p>\n<p><strong>[expand title=\u00bbComisi\u00f3n Fomento Deportivo\u00a0Diciembre 2015&#8243;]<\/strong><\/p>\n<p><a href=\"https:\/\/tonala.gob.mx\/portal\/wp-content\/uploads\/2017\/01\/Fomento_Deportivo_Diciembre_2015.pdf\">Comisi\u00f3n Fomento Deportivo Diciembre 2015a<\/a><\/p>\n<p>[\/expand]<\/p>\n<p><strong>A\u00f1o 2016<\/strong><\/p>\n<p><strong>[expand title=\u00bbComisi\u00f3n Fomento Deportivo 18 Enero 2016&#8243;]<\/strong><\/p>\n<p><a href=\"https:\/\/tonala.gob.mx\/portal\/wp-content\/uploads\/2017\/03\/COMISION-EDILICIA-DE-FOMENTO-DEPORTIVO-18-ENERO-2016.pdf\">Minuta Comisi\u00f3n Fomento Deportivo 18 enero 2016<\/a><\/p>\n<p><a href=\"https:\/\/tonala.gob.mx\/portal\/wp-content\/uploads\/2017\/01\/FOMENTO-DEPORTIVO-ENERO-18-2016.docx\">Comisi\u00f3n Fomento Deportivo 18 Enero 2016 (Versi\u00f3n Estenogr\u00e1fica )<\/a><\/p>\n<p>[\/expand]<\/p>\n<p><strong>[expand title=\u00bbComisi\u00f3n Fomento Deportivo 22 Febrero 2016&#8243;]<\/strong><\/p>\n<p><a href=\"https:\/\/tonala.gob.mx\/portal\/wp-content\/uploads\/2017\/03\/COMISION-EDILICIA-DE-FOMENTO-DEPORTIVO-22-FEBRERO-2016.pdf\">Minuta Comisi\u00f3n Fomento Deportivo 22 Febrero 2016<\/a><\/p>\n<p><a href=\"https:\/\/tonala.gob.mx\/portal\/wp-content\/uploads\/2017\/01\/FOMENTO-DEPORTIVO-FEBRERO-22-2016.docx\">Comisi\u00f3n Fomento Deportivo 22 Febrero 2016 (Versi\u00f3n Estenogr\u00e1fica)<\/a><\/p>\n<p>[\/expand]<\/p>\n<p><strong>[expand title=\u00bbComisi\u00f3n Fomento Deportivo 01 Marzo 2016&#8243;]<\/strong><\/p>\n<p><a href=\"https:\/\/tonala.gob.mx\/portal\/wp-content\/uploads\/2017\/03\/COMISIONE-EDILICIA-DE-FOMENTO-DEPORTIVO-01-MARZO-2016.pdf\">Minuta Comisi\u00f3n Fomento Deportivo 01 Marzo 2016<\/a><\/p>\n<p>[\/expand]<\/p>\n<p><strong>[expand title=\u00bbComisi\u00f3n Fomento Deportivo 21 Marzo 2016&#8243;]<\/strong><\/p>\n<p><a href=\"https:\/\/tonala.gob.mx\/portal\/wp-content\/uploads\/2017\/01\/FOMENTO-DEPORTIVO-MARZO-21-2016.docx\">Comisi\u00f3n Fomento Deportivo 21 Marzo 2016 (Versi\u00f3n Estenogr\u00e1fica)<\/a><\/p>\n<p>[\/expand]<\/p>\n<p><strong>[expand title=\u00bbComisi\u00f3n Fomento Deportivo 18 Abril 2016&#8243;]<\/strong><\/p>\n<p><a href=\"https:\/\/tonala.gob.mx\/portal\/wp-content\/uploads\/2017\/03\/COMISION-EDILICIA-DE-FOMENTO-DEPORTIVO-18-ABRIL-2016.pdf\">Minuta Comisi\u00f3n Fomento Deportivo 18 Abril 2016<\/a><\/p>\n<p>[\/expand]<\/p>\n<p><strong>[expand title=\u00bbComisi\u00f3n Fomento Deportivo 23 Mayo 2016&#8243;]<\/strong><\/p>\n<p><a href=\"https:\/\/tonala.gob.mx\/portal\/wp-content\/uploads\/2017\/03\/COMISION-EDILICIA-D-FOMENTO-DEPORTIVO-23-MAYO-2016.pdf\">Minuta Comisi\u00f3n Fomento Deportivo 23 Mayo 2016<\/a><\/p>\n<p>[\/expand]<\/p>\n<p><strong>[expand title=\u00bbComisi\u00f3n Fomento Deportivo 20 Junio 2016&#8243;]<\/strong><\/p>\n<p><a href=\"https:\/\/tonala.gob.mx\/portal\/wp-content\/uploads\/2017\/03\/COMISION-EDILICIA-DE-FOMENTO-DEPORTIVO-20-JUNIO-2016.pdf\">Minuta Comisi\u00f3n Fomento Deportivo 20 Junio 2016<\/a><\/p>\n<p>[\/expand]<\/p>\n<p><strong>[expand title=\u00bbComisi\u00f3n Fomento Deportivo\u00a0Julio 2016&#8243;]<\/strong><\/p>\n<p><a href=\"https:\/\/tonala.gob.mx\/portal\/wp-content\/uploads\/2016\/10\/No-se-realizaron-sesiones-este-mes.pdf\">Comisi\u00f3n Fomento Deportivo\u00a0Julio 2016<\/a><\/p>\n<p>[\/expand]<\/p>\n<p><strong>[expand title=\u00bbComisi\u00f3n Fomento Deportivo 03 Agosto 2016&#8243;]<\/strong><\/p>\n<p><a href=\"https:\/\/tonala.gob.mx\/portal\/wp-content\/uploads\/2017\/03\/COMISION-EDILICIA-DE-FOMENTO-DEPORTIVO-03-AGOSTO-2016.pdf\">Minuta Comisi\u00f3n Fomento Deportivo 03 Agosto 2016<\/a><\/p>\n<p>[\/expand]<\/p>\n<p><strong>[expand title=\u00bbComisi\u00f3n Fomento Deportivo\u00a0Septiembre 2016&#8243;]<\/strong><\/p>\n<p><a href=\"https:\/\/tonala.gob.mx\/portal\/wp-content\/uploads\/2016\/10\/No-se-realizaron-sesiones-este-mes.pdf\">Comisi\u00f3n Fomento Deportivo\u00a0Septiembre 2016<\/a><\/p>\n<p>[\/expand]<\/p>\n<p><strong>[expand title=\u00bbComisi\u00f3n Fomento Deportivo Noviembre 2016&#8243;]<\/strong><\/p>\n<p><a href=\"https:\/\/tonala.gob.mx\/portal\/wp-content\/uploads\/2017\/01\/Fomento_Deportivo_Noviembre_2016_opt.pdf\">Comisi\u00f3n Fomento Deportivo Noviembre 2016a<\/a><\/p>\n<p>[\/expand]<\/p>\n<p><strong>[expand title=\u00bbComisi\u00f3n Fomento Deportivo Diciembre 2016&#8243;]<\/strong><\/p>\n<p><a href=\"https:\/\/tonala.gob.mx\/portal\/wp-content\/uploads\/2017\/01\/Fomento_Deportivo_Diciembre_2016_opt.pdf\">Comisi\u00f3n Fomento Deportivo Diciembre 2016a<\/a><\/p>\n<p>[\/expand]<\/p>\n<p><strong>2017<\/strong><\/p>\n<p><strong>[expand title=\u00bbComisi\u00f3n Fomento Deportivo 18 Enero 2017&#8243;]<\/strong><\/p>\n<p><a href=\"https:\/\/tonala.gob.mx\/portal\/wp-content\/uploads\/2017\/03\/COMISION-EDILICIA-DE-FOMENTO-DEPORTIVO-18-ENERO-2017.pdf\">Minuta Comisi\u00f3n Fomento Deportivo 18 Enero 2017<\/a><\/p>\n<p>[\/expand]<\/p>\n<p><strong>[expand title=\u00bbComisi\u00f3n Fomento Deportivo 21 Febrero 2017&#8243;]<\/strong><\/p>\n<p><a href=\"https:\/\/tonala.gob.mx\/portal\/wp-content\/uploads\/2017\/03\/COMISION-EDILICIA-DE-FOMENTO-DEPORTIVO-21-FEBRERO-2017.pdf\">Minuta Comisi\u00f3n Fomento Deportivo 21 Febrero 2017<\/a><\/p>\n<p>[\/expand]<\/p>\n<p><strong>[expand title=\u00bbComisi\u00f3n Fomento Deportivo 31 Marzo 2017&#8243;]<\/strong><\/p>\n<p><a href=\"https:\/\/tonala.gob.mx\/portal\/wp-content\/uploads\/2017\/07\/Minuta-Comisi\u00f3n-Fomento-Deportivo-31-Marzo-2017.pdf\">Minuta Comisi\u00f3n Fomento Deportivo 31 Marzo 2017<\/a><\/p>\n<p>[\/expand]<\/p>\n<p><strong>[expand title=\u00bbComisi\u00f3n Fomento Deportivo 28 Abril 2017&#8243;]<\/strong><\/p>\n<p><a href=\"https:\/\/tonala.gob.mx\/portal\/wp-content\/uploads\/2017\/07\/Minuta-Comisi\u00f3n-Fomento-Deportivo-28-Abril-2017.pdf\">Minuta Comisi\u00f3n Fomento Deportivo 28 Abril 2017<\/a><\/p>\n<p>[\/expand]<\/p>\n<p><strong>[expand title=\u00bbComisi\u00f3n Fomento Deportivo 30 Mayo 2017&#8243;]<\/strong><\/p>\n<p><a href=\"https:\/\/tonala.gob.mx\/portal\/wp-content\/uploads\/2017\/07\/Minuta-Comisi\u00f3n-Fomento-Deportivo-30-Mayo-2017.pdf\">Minuta Comisi\u00f3n Fomento Deportivo 30 Mayo 2017<\/a><\/p>\n<p>[\/expand]<\/p>\n<p><strong>[expand title=\u00bbComisi\u00f3n Fomento Deportivo 28 Junio 2017&#8243;]<\/strong><\/p>\n<p><a href=\"https:\/\/tonala.gob.mx\/portal\/wp-content\/uploads\/2017\/09\/Minuta-Comisi\u00f3n-Fomento-Deportivo-28-Junio-2017.pdf\">Minuta Comisi\u00f3n Fomento Deportivo 28 Junio 2017<\/a><\/p>\n<p>[\/expand]<\/p>\n<p><strong>[expand title=\u00bbComisi\u00f3n Fomento Deportivo 28 Julio 2017&#8243;]<\/strong><\/p>\n<p><a href=\"https:\/\/tonala.gob.mx\/portal\/wp-content\/uploads\/2017\/10\/Minuta-Comisi\u00f3n-Fomento-Deportivo-28-Julio-2017.pdf\">Minuta Comisi\u00f3n Fomento Deportivo 28 Julio 2017<\/a><\/p>\n<p>[\/expand]<\/p>\n<p><strong>[expand title=\u00bbComisi\u00f3n Fomento Deportivo 28 Agosto 2017&#8243;]<\/strong><\/p>\n<p><a href=\"https:\/\/tonala.gob.mx\/portal\/wp-content\/uploads\/2017\/10\/Minuta-Comisi\u00f3n-Fomento-Deportivo-28-Agosto-2017.pdf\">Minuta Comisi\u00f3n Fomento Deportivo 28 Agosto 2017<\/a><\/p>\n<p>[\/expand]<\/p>\n<p><strong>[expand title=\u00bbComisi\u00f3n Fomento Deportivo 28 Septiembre 2017&#8243;]<\/strong><\/p>\n<p><a href=\"https:\/\/tonala.gob.mx\/portal\/wp-content\/uploads\/2017\/10\/Minuta-Comisi\u00f3n-Fomento-Deportivo-28-Septiembre-2017.pdf\">Minuta Comisi\u00f3n Fomento Deportivo 28 Septiembre 2017<\/a><\/p>\n<p>[\/expand]<\/p>\n<p><strong>[expand title=\u00bbComisi\u00f3n Fomento Deportivo Octubre 2017&#8243;]<\/strong><\/p>\n<p>[\/expand]<\/p>\n<p><strong>[expand title=\u00bbComisi\u00f3n Fomento Deportivo Noviembre 2017&#8243;]<\/strong><\/p>\n<p>[\/expand]<\/p>\n<p><strong>[expand title=\u00bbComisi\u00f3n Fomento Deportivo Diciembre 2017&#8243;]<\/strong><\/p>\n<p>[\/expand]<\/p>\n<p><strong>2018<\/strong><\/p>\n<p><strong>[expand title=\u00bbComisi\u00f3n Fomento Deportivo 29 Enero 2018&#8243;]<\/strong><\/p>\n<p><a href=\"https:\/\/tonala.gob.mx\/portal\/wp-content\/uploads\/2018\/06\/Minuta-Comisi\u00f3n-Fomento-Deportivo-29-Enero-2018.pdf\">Minuta Comisi\u00f3n Fomento Deportivo 29 Enero 2018<\/a><\/p>\n<p>[\/expand]<\/p>\n<p><strong>[expand title=\u00bbComisi\u00f3n Fomento Deportivo 28 Febrero 2018&#8243;]<\/strong><\/p>\n<p><a href=\"https:\/\/tonala.gob.mx\/portal\/wp-content\/uploads\/2018\/06\/Minuta-Comisi\u00f3n-Fomento-Deportivo-28-Febrero-2018.pdf\">Minuta Comisi\u00f3n Fomento Deportivo 28 Febrero 2018<\/a><\/p>\n<p>[\/expand]<\/p>\n<p><strong>[expand title=\u00bbComisi\u00f3n Fomento Deportivo 23 Marzo 2018&#8243;]<\/strong><\/p>\n<p><a href=\"https:\/\/tonala.gob.mx\/portal\/wp-content\/uploads\/2018\/06\/Minuta-Comisi\u00f3n-Fomento-Deportivo-23-Marzo-2018.pdf\">Minuta Comisi\u00f3n Fomento Deportivo 23 Marzo 2018<\/a><\/p>\n<p>[\/expand]<\/p>\n<p><strong>[expand title=\u00bbComisi\u00f3n Fomento Deportivo 23 Abril 2018&#8243;]<\/strong><\/p>\n<p><a href=\"https:\/\/tonala.gob.mx\/portal\/wp-content\/uploads\/2018\/06\/Minuta-Comisi\u00f3n-Fomento-Deportivo-23-Abril-2018-Versi\u00f3n-Estenogr\u00e1fica.pdf\">Minuta Comisi\u00f3n Fomento Deportivo 23 Abril 2018 Versi\u00f3n Estenogr\u00e1fica<\/a><\/p>\n<p>[\/expand]<\/p>\n<p><strong>[expand title=\u00bbComisi\u00f3n Fomento Deportivo 31 Mayo 2018&#8243;]<\/strong><\/p>\n<p><a href=\"https:\/\/tonala.gob.mx\/portal\/wp-content\/uploads\/2018\/06\/Minuta-Comisi\u00f3n-Fomento-Deportivo-31-Mayo-2018-Versi\u00f3n-Estenogr\u00e1fica.pdf\">Minuta Comisi\u00f3n Fomento Deportivo 31 Mayo 2018 Versi\u00f3n Estenogr\u00e1fica<\/a><\/p>\n<p>[\/expand]<\/p>\n<p><strong>[expand title=\u00bbComisi\u00f3n Fomento Deportivo Junio 2018&#8243;]<\/strong><\/p>\n<p>[\/expand]<\/p>\n<p><strong>[expand title=\u00bbComisi\u00f3n Fomento Deportivo Julio 2018&#8243;]<\/strong><\/p>\n<p>[\/expand]<\/p>\n<p><strong>[expand title=\u00bbComisi\u00f3n Fomento Deportivo Agosto 2018&#8243;]<\/strong><\/p>\n<p>[\/expand]<\/p>\n<p><strong>[expand title=\u00bbComisi\u00f3n Fomento Deportivo Septiembre 2018&#8243;]<\/strong><\/p>\n<p>[\/expand]<\/p>\n<p><strong>[expand title=\u00bbComisi\u00f3n Fomento Deportivo Octubre 2018&#8243;]<\/strong><\/p>\n<p>[\/expand]<\/p>\n<p><strong>[expand title=\u00bbComisi\u00f3n Fomento Deportivo Noviembre 2018&#8243;]<\/strong><\/p>\n<p>[\/expand]<\/p>\n<p><strong>[expand title=\u00bbComisi\u00f3n Fomento Deportivo Diciembre 2018&#8243;]<\/strong><\/p>\n<p>[\/expand]<\/p>\n","protected":false},"excerpt":{"rendered":"<p>A\u00f1o 2015 [expand title=\u00bbComisi\u00f3n Fomento Deportivo 09 Octubre 2015&#8243;] Comisi\u00f3n Fomento Deportivo 09 Octubre 2015 O.D. Comisi\u00f3n Fomento Deportivo 09<\/p>\n","protected":false},"author":1,"featured_media":0,"parent":0,"menu_order":0,"comment_status":"closed","ping_status":"closed","template":"","meta":{"colormag_page_container_layout":"default_layout","colormag_page_sidebar_layout":"default_layout","footnotes":""},"class_list":["post-5895","page","type-page","status-publish","hentry"],"_links":{"self":[{"href":"https:\/\/tonala.gob.mx\/portal\/wp-json\/wp\/v2\/pages\/5895","targetHints":{"allow":["GET"]}}],"collection":[{"href":"https:\/\/tonala.gob.mx\/portal\/wp-json\/wp\/v2\/pages"}],"about":[{"href":"https:\/\/tonala.gob.mx\/portal\/wp-json\/wp\/v2\/types\/page"}],"author":[{"embeddable":true,"href":"https:\/\/tonala.gob.mx\/portal\/wp-json\/wp\/v2\/users\/1"}],"replies":[{"embeddable":true,"href":"https:\/\/tonala.gob.mx\/portal\/wp-json\/wp\/v2\/comments?post=5895"}],"version-history":[{"count":18,"href":"https:\/\/tonala.gob.mx\/portal\/wp-json\/wp\/v2\/pages\/5895\/revisions"}],"predecessor-version":[{"id":18522,"href":"https:\/\/tonala.gob.mx\/portal\/wp-json\/wp\/v2\/pages\/5895\/revisions\/18522"}],"wp:attachment":[{"href":"https:\/\/tonala.gob.mx\/portal\/wp-json\/wp\/v2\/media?parent=5895"}],"curies":[{"name":"wp","href":"https:\/\/api.w.org\/{rel}","templated":true}]}}