{"id":5890,"date":"2016-10-09T02:59:40","date_gmt":"2016-10-09T02:59:40","guid":{"rendered":"http:\/\/tonala.gob.mx\/portal\/?page_id=5890"},"modified":"2018-06-25T12:18:33","modified_gmt":"2018-06-25T18:18:33","slug":"planeacion-del-desarrollo-municipal","status":"publish","type":"page","link":"https:\/\/tonala.gob.mx\/portal\/planeacion-del-desarrollo-municipal\/","title":{"rendered":"Planeaci\u00f3n del Desarrollo Municipal"},"content":{"rendered":"<p><strong><a href=\"https:\/\/tonala.gob.mx\/portal\/wp-content\/uploads\/2016\/10\/Comision-Planeaci\u00f3n-del-Desarrollo-Municipal.pdf\">Plan de Trabajo Planeaci\u00f3n del Desarrollo Municipal<\/a>\u00a02016-2018<\/strong><\/p>\n<p><strong>A\u00f1o 2015<\/strong><\/p>\n<p><strong>[expand title=\u00bbComisi\u00f3n Planeaci\u00f3n del Desarrollo Municipal 14 Octubre 2015&#8243;]<\/strong><\/p>\n<p><a href=\"https:\/\/tonala.gob.mx\/portal\/wp-content\/uploads\/2017\/01\/Comisi\u00f3n-Planeaci\u00f3n-del-Desarrollo-Municipal-14-Octubre-2015.pdf\">Comisi\u00f3n Planeaci\u00f3n del Desarrollo Municipal 14 Octubre 2015<\/a><\/p>\n<p><a href=\"https:\/\/tonala.gob.mx\/portal\/wp-content\/uploads\/2017\/01\/O.D.-Planeaci\u00f3n-del-Desarrollo-Municipal-14-Octubre-2015.pdf\">O.D. Comisi\u00f3n Planeaci\u00f3n del Desarrollo Municipal 14 Octubre 2015<\/a><\/p>\n<p><a href=\"https:\/\/tonala.gob.mx\/portal\/wp-content\/uploads\/2017\/01\/Asistencia-Planeaci\u00f3n-de-Desarrollo-Municipal-14-Octubre-2015.pdf\">Asistencia Comisi\u00f3n Planeaci\u00f3n del Desarrollo Municipal 14 Octubre 2015<\/a><\/p>\n<p>[\/expand]<\/p>\n<p><strong>[expand title=\u00bbComisi\u00f3n Planeaci\u00f3n del Desarrollo Municipal\u00a0Noviembre 2015&#8243;]<\/strong><\/p>\n<p><a href=\"https:\/\/tonala.gob.mx\/portal\/wp-content\/uploads\/2016\/10\/No-se-realizaron-sesiones-este-mes.pdf\">Comisi\u00f3n Planeaci\u00f3n del Desarrollo Municipal\u00a0Noviembre 2015<\/a><\/p>\n<p><a href=\"https:\/\/tonala.gob.mx\/portal\/wp-content\/uploads\/2017\/01\/Planeacion_Desarrollo_Noviembre_2015.pdf\">Comisi\u00f3n Planeaci\u00f3n del Desarrollo Municipal Noviembre 2015a<\/a><\/p>\n<p>[\/expand]<\/p>\n<p><strong>[expand title=\u00bbComisi\u00f3n Planeaci\u00f3n del Desarrollo Municipal\u00a0Diciembre 2015&#8243;]<\/strong><\/p>\n<p><a href=\"https:\/\/tonala.gob.mx\/portal\/wp-content\/uploads\/2016\/10\/No-se-realizaron-sesiones-este-mes.pdf\">Comisi\u00f3n Planeaci\u00f3n del Desarrollo Municipal\u00a0Diciembre 2015<\/a><\/p>\n<p><a href=\"http:\/\/Comisi\u00f3n Planeaci\u00f3n del Desarrollo Municipal Diciembre 2015a\">Comisi\u00f3n Planeaci\u00f3n del Desarrollo Municipal Diciembre 2015a<\/a><\/p>\n<p>[\/expand]<\/p>\n<p><strong>A\u00f1o 2016<\/strong><\/p>\n<p><strong>[expand title=\u00bbComisi\u00f3n Planeaci\u00f3n del Desarrollo Municipal\u00a0Enero 2016&#8243;]<\/strong><\/p>\n<p><a href=\"https:\/\/tonala.gob.mx\/portal\/wp-content\/uploads\/2016\/10\/No-se-realizaron-sesiones-este-mes.pdf\">Comisi\u00f3n Planeaci\u00f3n del Desarrollo Municipal\u00a0Enero 2016<\/a><\/p>\n<p>[\/expand]<\/p>\n<p><strong>[expand title=\u00bbComisi\u00f3n Planeaci\u00f3n del Desarrollo Municipal\u00a0Febrero 2016&#8243;]<\/strong><\/p>\n<p><a href=\"https:\/\/tonala.gob.mx\/portal\/wp-content\/uploads\/2016\/10\/No-se-realizaron-sesiones-este-mes.pdf\">Comisi\u00f3n Planeaci\u00f3n del Desarrollo Municipal\u00a0Febrero 2016<\/a><\/p>\n<p>[\/expand]<\/p>\n<p><strong>[expand title=\u00bbComisi\u00f3n Planeaci\u00f3n del Desarrollo Municipal\u00a0Marzo 2016&#8243;]<\/strong><\/p>\n<p><a href=\"https:\/\/tonala.gob.mx\/portal\/wp-content\/uploads\/2016\/10\/No-se-realizaron-sesiones-este-mes.pdf\">Comisi\u00f3n Planeaci\u00f3n del Desarrollo Municipal\u00a0Marzo 2016<\/a><\/p>\n<p>[\/expand]<\/p>\n<p><strong>[expand title=\u00bbComisi\u00f3n Planeaci\u00f3n del Desarrollo Municipal 19 Abril 2016&#8243;]<\/strong><\/p>\n<p><a href=\"https:\/\/tonala.gob.mx\/portal\/wp-content\/uploads\/2017\/03\/COMISION-EDILICIA-PLANEACION-DE-DESARROLLO-MUNICIPAL-19-DE-ABRIL-2016.pdf\">Minuta Comisi\u00f3n Planeaci\u00f3n del Desarrollo Municipal 19 Abril 2016<\/a><\/p>\n<p>[\/expand]<\/p>\n<p><strong>[expand title=\u00bbComisi\u00f3n Planeaci\u00f3n del Desarrollo Municipal 17 Mayo 2016&#8243;]<\/strong><\/p>\n<p><a href=\"https:\/\/tonala.gob.mx\/portal\/wp-content\/uploads\/2017\/03\/COMISION-EDILICIA-PLANEACION-DE-DESARROLLO-MUNICIPAL-17-MAYO-2016.pdf\">Minuta Comisi\u00f3n Planeaci\u00f3n del Desarrollo Municipal 17 \u00a0Mayo 2016<\/a><\/p>\n<p>[\/expand]<\/p>\n<p><strong>[expand title=\u00bbComisi\u00f3n Planeaci\u00f3n del Desarrollo Municipal 21 Junio 2016&#8243;]<\/strong><\/p>\n<p><a href=\"https:\/\/tonala.gob.mx\/portal\/wp-content\/uploads\/2017\/01\/Comisi\u00f3n-Planeaci\u00f3n-Desarrollo-Municipal-21-Junio-2016.pdf\">Comisi\u00f3n Planeaci\u00f3n del Desarrollo Municipal 21 Junio 2016<\/a><\/p>\n<p><a href=\"https:\/\/tonala.gob.mx\/portal\/wp-content\/uploads\/2017\/01\/O.D.-PLaneaci\u00f3n-Desarrollo-Municipal-21-Junio-2015.pdf\">O.D. Comisi\u00f3n Planeaci\u00f3n del Desarrollo Municipal 21 Junio 2016<\/a><\/p>\n<p><a href=\"https:\/\/tonala.gob.mx\/portal\/wp-content\/uploads\/2017\/01\/Asistencia-Planeaci\u00f3n-Desarrollo-Municipal-21-Junio-2016.pdf\">Asistencia Comisi\u00f3n Planeaci\u00f3n del Desarrollo Municipal 21 Junio 2016<\/a><\/p>\n<p>[\/expand]<\/p>\n<p><strong>[expand title=\u00bbComisi\u00f3n Planeaci\u00f3n del Desarrollo Municipal\u00a0Julio 2016&#8243;]<\/strong><\/p>\n<p><a href=\"https:\/\/tonala.gob.mx\/portal\/wp-content\/uploads\/2016\/10\/No-se-realizaron-sesiones-este-mes.pdf\">Comisi\u00f3n Planeaci\u00f3n del Desarrollo Municipal\u00a0Julio 2016<\/a><\/p>\n<p>[\/expand]<\/p>\n<p><strong>[expand title=\u00bbComisi\u00f3n Planeaci\u00f3n del Desarrollo Municipal 03 Agosto 2016&#8243;]<\/strong><\/p>\n<p><a href=\"https:\/\/tonala.gob.mx\/portal\/wp-content\/uploads\/2017\/03\/COMISION-EDILICIA-PLANEACION-DE-DESARROLLO-MUNICIPAL-03-AGOSTO-2016.pdf\">Minuta Comisi\u00f3n Planeaci\u00f3n del Desarrollo Municipal 03 Agosto 2016<\/a><\/p>\n<p>[\/expand]<\/p>\n<p><strong>[expand title=\u00bbComisi\u00f3n Planeaci\u00f3n del Desarrollo Municipal\u00a0Septiembre 2016&#8243;]<\/strong><\/p>\n<p><a href=\"https:\/\/tonala.gob.mx\/portal\/wp-content\/uploads\/2016\/10\/No-se-realizaron-sesiones-este-mes.pdf\">Comisi\u00f3n Planeaci\u00f3n del Desarrollo Municipal\u00a0Septiembre 2016<\/a><\/p>\n<p>[\/expand]<\/p>\n<p><strong>[expand title=\u00bbComisi\u00f3n Planeaci\u00f3n del Desarrollo Municipal Noviembre 2016&#8243;]<\/strong><\/p>\n<p><a href=\"https:\/\/tonala.gob.mx\/portal\/wp-content\/uploads\/2017\/01\/Planeacion_Desarrollo_Noviembre_2016_opt.pdf\">Comisi\u00f3n Planeaci\u00f3n del Desarrollo Municipal Noviembre 2016<\/a><\/p>\n<p>[\/expand]<\/p>\n<p><strong>[expand title=\u00bbComisi\u00f3n Planeaci\u00f3n del Desarrollo Municipal Diciembre 2016&#8243;]<\/strong><\/p>\n<p><a href=\"https:\/\/tonala.gob.mx\/portal\/wp-content\/uploads\/2017\/01\/Planeacion_Desarrollo_Diciembre_2016_opt.pdf\">Comisi\u00f3n Planeaci\u00f3n del Desarrollo Municipal Diciembre 2016<\/a><\/p>\n<p>[\/expand]<\/p>\n<p><strong>2017<\/strong><\/p>\n<p><strong>[expand title=\u00bbComisi\u00f3n Planeaci\u00f3n del Desarrollo Municipal 18 Enero 2017&#8243;]<\/strong><\/p>\n<p><a href=\"https:\/\/tonala.gob.mx\/portal\/wp-content\/uploads\/2017\/03\/COMISION-EDILICIA-DE-PLANEACION-DE-DESARROLLO-MUNICIPAL-18-ENERO-2017.pdf\">Minuta Comisi\u00f3n Planeaci\u00f3n del Desarrollo Municipal 18 Enero 2017<\/a><\/p>\n<p>[\/expand]<\/p>\n<p><strong>[expand title=\u00bbComisi\u00f3n Planeaci\u00f3n del Desarrollo Municipal 21 Febrero 2017&#8243;]<\/strong><\/p>\n<p><a href=\"https:\/\/tonala.gob.mx\/portal\/wp-content\/uploads\/2017\/03\/COMISION-EDILICIA-DE-PLANEACIO-DE-DESARROLLO-MUNICIPAL-21-FEBRERO-2017.pdf\">Minuta Comisi\u00f3n Planeaci\u00f3n del Desarrollo Municipal 21 Febrero 2017<\/a><\/p>\n<p>[\/expand]<\/p>\n<p><strong>[expand title=\u00bbComisi\u00f3n Planeaci\u00f3n del Desarrollo Municipal 31 Marzo 2017&#8243;]<\/strong><\/p>\n<p><a href=\"https:\/\/tonala.gob.mx\/portal\/wp-content\/uploads\/2017\/07\/Minuta-Comisi\u00f3n-Planeaci\u00f3n-del-Desarrollo-Municipal-31-Marzo-2017.pdf\">Minuta Comisi\u00f3n Planeaci\u00f3n del Desarrollo Municipal 31 Marzo 2017<\/a><\/p>\n<p>[\/expand]<\/p>\n<p><strong>[expand title=\u00bbComisi\u00f3n Planeaci\u00f3n del Desarrollo Municipal 28 Abril 2017&#8243;]<\/strong><\/p>\n<p><a href=\"https:\/\/tonala.gob.mx\/portal\/wp-content\/uploads\/2017\/07\/Minuta-Comisi\u00f3n-Planeaci\u00f3n-del-Desarrollo-Municipal-28-Abril-2017.pdf\">Minuta Comisi\u00f3n Planeaci\u00f3n del Desarrollo Municipal 28 Abril 2017<\/a><\/p>\n<p>[\/expand]<\/p>\n<p><strong>[expand title=\u00bbComisi\u00f3n Planeaci\u00f3n del Desarrollo Municipal Mayo 2017&#8243;]<\/strong><\/p>\n<p>[\/expand]<\/p>\n<p><strong>[expand title=\u00bbComisi\u00f3n Planeaci\u00f3n del Desarrollo Municipal 28 Junio 2017&#8243;]<\/strong><\/p>\n<p><a href=\"https:\/\/tonala.gob.mx\/portal\/wp-content\/uploads\/2017\/09\/Minuta-Comisi\u00f3n-Planeaci\u00f3n-del-Desarrollo-Municipal-28-Junio-2017.pdf\">Minuta Comisi\u00f3n Planeaci\u00f3n del Desarrollo Municipal 28 Junio 2017<\/a><\/p>\n<p>[\/expand]<\/p>\n<p><strong>[expand title=\u00bbComisi\u00f3n Planeaci\u00f3n del Desarrollo Municipal 28 Julio 2017&#8243;]<\/strong><\/p>\n<p><a href=\"https:\/\/tonala.gob.mx\/portal\/wp-content\/uploads\/2017\/10\/Minuta-Comisi\u00f3n-Planeaci\u00f3n-del-Desarrollo-Municipal-28-Julio-2017.pdf\">Minuta Comisi\u00f3n Planeaci\u00f3n del Desarrollo Municipal 28 Julio 2017<\/a><\/p>\n<p>[\/expand]<\/p>\n<p><strong>[expand title=\u00bbComisi\u00f3n Planeaci\u00f3n del Desarrollo Municipal 28 Agosto 2017&#8243;]<\/strong><\/p>\n<p><a href=\"https:\/\/tonala.gob.mx\/portal\/wp-content\/uploads\/2017\/10\/Minuta-Comisi\u00f3n-Planeaci\u00f3n-del-Desarrollo-Municipal-28-Agosto-2017.pdf\">Minuta Comisi\u00f3n Planeaci\u00f3n del Desarrollo Municipal 28 Agosto 2017<\/a><\/p>\n<p>[\/expand]<\/p>\n<p><strong>[expand title=\u00bbComisi\u00f3n Planeaci\u00f3n del Desarrollo Municipal 28 Septiembre 2017&#8243;]<\/strong><\/p>\n<p><a href=\"https:\/\/tonala.gob.mx\/portal\/wp-content\/uploads\/2017\/10\/Minuta-Comisi\u00f3n-Planeaci\u00f3n-del-Desarrollo-Municipal-28-Septiembre-2017.pdf\">Minuta Comisi\u00f3n Planeaci\u00f3n del Desarrollo Municipal 28 Septiembre 2017<\/a><\/p>\n<p>[\/expand]<\/p>\n<p><strong>[expand title=\u00bbComisi\u00f3n Planeaci\u00f3n del Desarrollo Municipal Octubre 2017&#8243;]<\/strong><\/p>\n<p>[\/expand]<\/p>\n<p><strong>[expand title=\u00bbComisi\u00f3n Planeaci\u00f3n del Desarrollo Municipal Noviembre 2017&#8243;]<\/strong><\/p>\n<p>[\/expand]<\/p>\n<p><strong>[expand title=\u00bbComisi\u00f3n Planeaci\u00f3n del Desarrollo Municipal Diciembre 2017&#8243;]<\/strong><\/p>\n<p>[\/expand]<\/p>\n<p><strong>2018<\/strong><\/p>\n<p><strong>[expand title=\u00bbComisi\u00f3n Planeaci\u00f3n del Desarrollo Municipal 29 Enero 2018&#8243;]<\/strong><\/p>\n<p><a href=\"https:\/\/tonala.gob.mx\/portal\/wp-content\/uploads\/2018\/06\/Minuta-Comisi\u00f3n-Planeaci\u00f3n-del-Desarrollo-Municipal-29-Enero-2018.pdf\">Minuta Comisi\u00f3n Planeaci\u00f3n del Desarrollo Municipal 29 Enero 2018<\/a><\/p>\n<p>[\/expand]<\/p>\n<p><strong>[expand title=\u00bbComisi\u00f3n Planeaci\u00f3n del Desarrollo Municipal 28 Febrero 2018&#8243;]<\/strong><\/p>\n<p><a href=\"https:\/\/tonala.gob.mx\/portal\/wp-content\/uploads\/2018\/06\/Minuta-Comisi\u00f3n-Planeaci\u00f3n-del-Desarrollo-Municipal-28-Febrero-2018.pdf\">Minuta Comisi\u00f3n Planeaci\u00f3n del Desarrollo Municipal 28 Febrero 2018<\/a><\/p>\n<p>[\/expand]<\/p>\n<p><strong>[expand title=\u00bbComisi\u00f3n Planeaci\u00f3n del Desarrollo Municipal 23 Marzo 2018&#8243;]<\/strong><\/p>\n<p><a href=\"https:\/\/tonala.gob.mx\/portal\/wp-content\/uploads\/2018\/06\/Minuta-Comisi\u00f3n-Planeaci\u00f3n-del-Desarrollo-Municipal-23-Marzo-2018.pdf\">Minuta Comisi\u00f3n Planeaci\u00f3n del Desarrollo Municipal 23 Marzo 2018<\/a><\/p>\n<p>[\/expand]<\/p>\n<p><strong>[expand title=\u00bbComisi\u00f3n Planeaci\u00f3n del Desarrollo Municipal 23 Abril 2018&#8243;]<\/strong><\/p>\n<p><a href=\"https:\/\/tonala.gob.mx\/portal\/wp-content\/uploads\/2018\/06\/Minuta-Comisi\u00f3n-Planeaci\u00f3n-del-Desarrollo-Municipal-23-Abril-2018-Versi\u00f3n-Estenogr\u00e1fica.pdf\">Minuta Comisi\u00f3n Planeaci\u00f3n del Desarrollo Municipal 23 Abril 2018 Versi\u00f3n Estenogr\u00e1fica<\/a><\/p>\n<p>[\/expand]<\/p>\n<p><strong>[expand title=\u00bbComisi\u00f3n Planeaci\u00f3n del Desarrollo Municipal 31 Mayo 2018&#8243;]<\/strong><\/p>\n<p><a href=\"https:\/\/tonala.gob.mx\/portal\/wp-content\/uploads\/2018\/06\/Minuta-Comisi\u00f3n-Planeaci\u00f3n-del-Desarrollo-Municipal-31-Mayo-2018-Versi\u00f3n-Estenogr\u00e1fica.pdf\">Minuta Comisi\u00f3n Planeaci\u00f3n del Desarrollo Municipal 31 Mayo 2018 Versi\u00f3n Estenogr\u00e1fica<\/a><\/p>\n<p>[\/expand]<\/p>\n<p><strong>[expand title=\u00bbComisi\u00f3n Planeaci\u00f3n del Desarrollo Municipal Junio 2018&#8243;]<\/strong><\/p>\n<p>[\/expand]<\/p>\n<p><strong>[expand title=\u00bbComisi\u00f3n Planeaci\u00f3n del Desarrollo Municipal Julio 2018&#8243;]<\/strong><\/p>\n<p>[\/expand]<\/p>\n<p><strong>[expand title=\u00bbComisi\u00f3n Planeaci\u00f3n del Desarrollo Municipal Agosto 2018&#8243;]<\/strong><\/p>\n<p>[\/expand]<\/p>\n<p><strong>[expand title=\u00bbComisi\u00f3n Planeaci\u00f3n del Desarrollo Municipal Septiembre 2018&#8243;]<\/strong><\/p>\n<p>[\/expand]<\/p>\n<p><strong>[expand title=\u00bbComisi\u00f3n Planeaci\u00f3n del Desarrollo Municipal Octubre 2018&#8243;]<\/strong><\/p>\n<p>[\/expand]<\/p>\n<p><strong>[expand title=\u00bbComisi\u00f3n Planeaci\u00f3n del Desarrollo Municipal Noviembre 2018&#8243;]<\/strong><\/p>\n<p>[\/expand]<\/p>\n<p><strong>[expand title=\u00bbComisi\u00f3n Planeaci\u00f3n del Desarrollo Municipal Diciembre 2018&#8243;]<\/strong><\/p>\n<p>[\/expand]<\/p>\n","protected":false},"excerpt":{"rendered":"<p>Plan de Trabajo Planeaci\u00f3n del Desarrollo Municipal\u00a02016-2018 A\u00f1o 2015 [expand title=\u00bbComisi\u00f3n Planeaci\u00f3n del Desarrollo Municipal 14 Octubre 2015&#8243;] Comisi\u00f3n Planeaci\u00f3n<\/p>\n","protected":false},"author":1,"featured_media":0,"parent":0,"menu_order":0,"comment_status":"closed","ping_status":"closed","template":"","meta":{"colormag_page_container_layout":"default_layout","colormag_page_sidebar_layout":"default_layout","footnotes":""},"class_list":["post-5890","page","type-page","status-publish","hentry"],"_links":{"self":[{"href":"https:\/\/tonala.gob.mx\/portal\/wp-json\/wp\/v2\/pages\/5890","targetHints":{"allow":["GET"]}}],"collection":[{"href":"https:\/\/tonala.gob.mx\/portal\/wp-json\/wp\/v2\/pages"}],"about":[{"href":"https:\/\/tonala.gob.mx\/portal\/wp-json\/wp\/v2\/types\/page"}],"author":[{"embeddable":true,"href":"https:\/\/tonala.gob.mx\/portal\/wp-json\/wp\/v2\/users\/1"}],"replies":[{"embeddable":true,"href":"https:\/\/tonala.gob.mx\/portal\/wp-json\/wp\/v2\/comments?post=5890"}],"version-history":[{"count":19,"href":"https:\/\/tonala.gob.mx\/portal\/wp-json\/wp\/v2\/pages\/5890\/revisions"}],"predecessor-version":[{"id":18540,"href":"https:\/\/tonala.gob.mx\/portal\/wp-json\/wp\/v2\/pages\/5890\/revisions\/18540"}],"wp:attachment":[{"href":"https:\/\/tonala.gob.mx\/portal\/wp-json\/wp\/v2\/media?parent=5890"}],"curies":[{"name":"wp","href":"https:\/\/api.w.org\/{rel}","templated":true}]}}