{"id":5829,"date":"2016-10-07T23:45:32","date_gmt":"2016-10-07T23:45:32","guid":{"rendered":"http:\/\/tonala.gob.mx\/portal\/?page_id=5829"},"modified":"2018-06-25T10:11:51","modified_gmt":"2018-06-25T16:11:51","slug":"atencion-a-la-juventud","status":"publish","type":"page","link":"https:\/\/tonala.gob.mx\/portal\/atencion-a-la-juventud\/","title":{"rendered":"Atenci\u00f3n a la Juventud"},"content":{"rendered":"<p><strong><a href=\"https:\/\/tonala.gob.mx\/portal\/wp-content\/uploads\/2016\/10\/PROGRAMA-DE-TRABAJO-ROBERTO-AMADOR-CARDENAS-BLAKE.zip\">Plan de Trabajo<\/a>\u00a02015-2018<\/strong><\/p>\n<p><strong>A\u00f1o 2015<\/strong><\/p>\n<p><strong>[expand title=\u00bbComisi\u00f3n Atenci\u00f3n a la Juventud Octubre 2015&#8243;]<\/strong><\/p>\n<p><a href=\"https:\/\/tonala.gob.mx\/portal\/wp-content\/uploads\/2016\/10\/No-se-realizaron-sesiones-este-mes.pdf\">Atenci\u00f3n a la Juventud Octubre<\/a><\/p>\n<p>[\/expand]<\/p>\n<p><strong>[expand title=\u00bbComisi\u00f3n Atenci\u00f3n a la Juventud 13 Noviembre 2015&#8243;]<\/strong><\/p>\n<p><a href=\"https:\/\/tonala.gob.mx\/portal\/wp-content\/uploads\/2017\/03\/COMISION-EDILICIA-DE-ATENCION-A-LA-JUVENTUD-13-NOVIEMBRE-2015.pdf\">Minuta Comisi\u00f3n Atenci\u00f3n a la Juventud 13 Noviembre 2015<\/a><\/p>\n<p><a href=\"https:\/\/tonala.gob.mx\/portal\/wp-content\/uploads\/2016\/11\/13-NOVIEMBRE-2015.docx\">Atenci\u00f3n a la Juventud 13 Noviembre 2015<\/a>\u00a0(Estenogr\u00e1fica, Falta de Firma)<\/p>\n<p>[\/expand]<\/p>\n<p><strong>[expand title=\u00bbComisi\u00f3n Atenci\u00f3n a la Juventud \u00a007 Diciembre 2015&#8243;]<\/strong><\/p>\n<p><a href=\"https:\/\/tonala.gob.mx\/portal\/wp-content\/uploads\/2017\/03\/COMISON-EDILICIA-DE-ATENCION-A-LA-JUVENTUD-07-DICIEMBRE-2015.pdf\">Minuta Comisi\u00f3n Atenci\u00f3n a la Juventud 07 Diciembre 2015<\/a><\/p>\n<p><a href=\"https:\/\/tonala.gob.mx\/portal\/wp-content\/uploads\/2016\/11\/15-DICIEMBRE-2015.docx\">Atenci\u00f3n a la Juventud 15 Diciembre 2015<\/a>\u00a0(Estenogr\u00e1fica, Falta de Firma)<\/p>\n<p>[\/expand]<\/p>\n<p><strong>A\u00f1o 2016<\/strong><\/p>\n<p><strong>[expand title=\u00bbComisi\u00f3n Atenci\u00f3n a la Juventud 26 Enero 2016&#8243;]<\/strong><\/p>\n<p><a href=\"https:\/\/tonala.gob.mx\/portal\/wp-content\/uploads\/2017\/03\/COMISON-EDILICIA-DE-ATENCION-A-LA-JUVENTUD-26-ENERO-2016.pdf\">Minuta Comisi\u00f3n Atenci\u00f3n a la Juventud \u00a026 Enero 2016<\/a><\/p>\n<p>[\/expand]<\/p>\n<p><strong>[expand title=\u00bbComisi\u00f3n Atenci\u00f3n a la Juventud Febrero 2016&#8243;]<\/strong><\/p>\n<p><a href=\"https:\/\/tonala.gob.mx\/portal\/wp-content\/uploads\/2017\/03\/COMISION-EDILICIA-DE-ATENCION-A-LA-JUVENTUD-26-FEBRERO-2016.pdf\">Minuta Comisi\u00f3n Atenci\u00f3n a la Juventud 26 Febrero 2016<\/a><\/p>\n<p>[\/expand]<\/p>\n<p><strong>[expand title=\u00bbComisi\u00f3n Atenci\u00f3n a la Juventud 11 Marzo 2016&#8243;]<\/strong><\/p>\n<p><a href=\"https:\/\/tonala.gob.mx\/portal\/wp-content\/uploads\/2017\/03\/COMISION-EDILICIA-DE-ATENCION-A-LA-JUVENTUD-11-MARZO-2016.pdf\">Minuta Comisi\u00f3n Atenci\u00f3n a la Juventud 11 Marzo 2016<\/a><\/p>\n<p><a href=\"https:\/\/tonala.gob.mx\/portal\/wp-content\/uploads\/2016\/11\/11-MARZO-2016.docx\">Atenci\u00f3n a la Juventud 11 Marzo 2016<\/a>\u00a0( Estenogr\u00e1fica, Falta de Firmas)<\/p>\n<p>[\/expand]<\/p>\n<p><strong>[expand title=\u00bbComisi\u00f3n Atenci\u00f3n a la Juventud 26 Abril 2016&#8243;]<\/strong><\/p>\n<p><a href=\"https:\/\/tonala.gob.mx\/portal\/wp-content\/uploads\/2017\/03\/COMISION-EDILICIA-DE-ATENCION-A-LA-JUVENTUD-26-ABRIL-2016.pdf\">Minuta Comisi\u00f3n Atenci\u00f3n a la Juventud \u00a026 Abril 2016<\/a><\/p>\n<p>[\/expand]<\/p>\n<p><strong>[expand title=\u00bbComisi\u00f3n Atenci\u00f3n a la Juventud 31 Mayo 2016&#8243;]<\/strong><\/p>\n<p><a href=\"https:\/\/tonala.gob.mx\/portal\/wp-content\/uploads\/2017\/03\/COMISION-EDILICIA-DE-ATENCION-A-LA-JUVENTUD-31-MAYO-2016.pdf\">Minuta Comisi\u00f3n Atenci\u00f3n a la Juventud 31 Mayo 2016<\/a><\/p>\n<p><a href=\"https:\/\/tonala.gob.mx\/portal\/wp-content\/uploads\/2016\/11\/31-MAYO-2016-1.docx\">Atenci\u00f3n a la Juventud 31 Mayo 2016<\/a>\u00a0(Estenogr\u00e1fica, Falta de Firmas)<\/p>\n<p>[\/expand]<\/p>\n<p><strong>[expand title=\u00bbComisi\u00f3n Atenci\u00f3n a la Juventud 29 Junio 2016&#8243;]<\/strong><\/p>\n<p><a href=\"https:\/\/tonala.gob.mx\/portal\/wp-content\/uploads\/2017\/03\/COMISION-EDILICIA-DE-ATENCION-A-LA-JUVENTUD-29-JUNIO-2016.pdf\">Minuta Comisi\u00f3n Atenci\u00f3n a la Juventud 29 Junio 2016<\/a><\/p>\n<p><a href=\"https:\/\/tonala.gob.mx\/portal\/wp-content\/uploads\/2016\/11\/29-de-Junio-del-2016.docx\">Atenci\u00f3n a la Juventud 29 Junio 2016<\/a>\u00a0(Estenogr\u00e1fica, Falta de Firmas)<\/p>\n<p>[\/expand]<\/p>\n<p><strong>[expand title=\u00bbComisi\u00f3n Atenci\u00f3n a la Juventud 21 Julio 2016&#8243;]<\/strong><\/p>\n<p><a href=\"https:\/\/tonala.gob.mx\/portal\/wp-content\/uploads\/2017\/03\/COMISION-EDILICIA-DE-ATENCION-A-LA-JUVENTUD-21-JULIO-2016.pdf\">Minuta Comisi\u00f3n Atenci\u00f3n a la Juventud 21 Julio 2016<\/a><\/p>\n<p><a href=\"https:\/\/tonala.gob.mx\/portal\/wp-content\/uploads\/2016\/11\/21-de-Julio-del-2016.docx\">Atenci\u00f3n a la Juventud 21 Julio 2016<\/a>\u00a0(Estenogr\u00e1fica, Falta de Firmas)<\/p>\n<p>[\/expand]<\/p>\n<p><strong>[expand title=\u00bbComisi\u00f3n Atenci\u00f3n a la Juventud 26 Agosto 2016&#8243;]<\/strong><\/p>\n<p><a href=\"https:\/\/tonala.gob.mx\/portal\/wp-content\/uploads\/2017\/03\/COMISION-EDILICIA-DE-ATENCION-A-LA-JUVENTUD-26-AGOSTO-2016.pdf\">Minuta Comisi\u00f3n Atenci\u00f3n a la Juventud 26 Agosto 2016<\/a><\/p>\n<p><a href=\"https:\/\/tonala.gob.mx\/portal\/wp-content\/uploads\/2016\/11\/26-AGOSTO-2016.docx\">Atenci\u00f3n a la Juventud 26 Agosto 2016<\/a>\u00a0(Estenogr\u00e1fica, Falta de Firmas)<\/p>\n<p>[\/expand]<\/p>\n<p><strong>[expand title=\u00bbComisi\u00f3n Atenci\u00f3n a la Juventud 29 Septiembre 2016&#8243;]<\/strong><\/p>\n<p><a href=\"https:\/\/tonala.gob.mx\/portal\/wp-content\/uploads\/2017\/03\/COMISION-EDILICIA-DE-ATENCION-A-LA-JUVENTUD-29-SEPTIEMBRE-2016.pdf\">Minuta Comisi\u00f3n Atenci\u00f3n a la Juventud 29 Septiembre 2016<\/a><\/p>\n<p><a href=\"https:\/\/tonala.gob.mx\/portal\/wp-content\/uploads\/2016\/11\/29-SEPTIEMBRE-2016-1.docx\">Atenci\u00f3n a la Juventud 29 Septiembre 2016<\/a>\u00a0(Estenogr\u00e1fica, Falta de Firmas)<\/p>\n<p>[\/expand]<\/p>\n<p><strong>[expand title=\u00bbComisi\u00f3n Atenci\u00f3n a la Juventud 27 Octubre 2016&#8243;]<\/strong><\/p>\n<p><a href=\"https:\/\/tonala.gob.mx\/portal\/wp-content\/uploads\/2017\/03\/COMISION-EDILICIA-DE-ATENCION-A-LA-JUVENTUD-27-OCTUBRE-2016.pdf\">Minuta Comisi\u00f3n Atenci\u00f3n a la Juventud 27 Octubre 2016<\/a><\/p>\n<p>[\/expand]<\/p>\n<p><strong>[expand title=\u00bbComisi\u00f3n Atenci\u00f3n a la Juventud 30 Noviembre 2016&#8243;]<\/strong><\/p>\n<p><a href=\"https:\/\/tonala.gob.mx\/portal\/wp-content\/uploads\/2017\/03\/COMISION-EDILICA-DE-ATENCION-A-LA-JUVENTUD-30-NOVIEMBRE-2016.pdf\">Minuta Comisi\u00f3n Atenci\u00f3n a la Juventud 30 Noviembre 2016<\/a><\/p>\n<p>[\/expand]<\/p>\n<p><strong>[expand title=\u00bbComisi\u00f3n Atenci\u00f3n a la Juventud 16 Diciembre 2016&#8243;]<\/strong><\/p>\n<p><a href=\"https:\/\/tonala.gob.mx\/portal\/wp-content\/uploads\/2017\/03\/COMISON-EDILICIA-DE-ATENCION-A-LA-JUVENTUD-16-DICIEMBRE-2016.pdf\">Minuta Comisi\u00f3n Atenci\u00f3n a la Juventud 16 Diciembre 2015<\/a><\/p>\n<p>[\/expand]<\/p>\n<p><strong>2017<\/strong><\/p>\n<p><strong>[expand title=\u00bbComisi\u00f3n Atenci\u00f3n a la Juventud 16 Enero 2017&#8243;]<\/strong><\/p>\n<p><a href=\"https:\/\/tonala.gob.mx\/portal\/wp-content\/uploads\/2017\/03\/COMISION-EDILICIA-DE-ATENCION-A-LA-JUVENTUD-16-ENERO-2017.pdf\">Minuta Comisi\u00f3n Atenci\u00f3n a la Juventud 16 Enero 2017<\/a><\/p>\n<p>[\/expand]<\/p>\n<p><strong>[expand title=\u00bbComisi\u00f3n Atenci\u00f3n a la Juventud 27 Febrero 2017&#8243;]<\/strong><\/p>\n<p><a href=\"https:\/\/tonala.gob.mx\/portal\/wp-content\/uploads\/2017\/03\/COMISION-EDILICIA-DE-ATENCION-A-LA-JUVENTUD-27-FEBRERO-2017.pdf\">Minuta Comisi\u00f3n Atenci\u00f3n a la Juventud 27 Febrero 2017<\/a><\/p>\n<p>[\/expand]<\/p>\n<p><strong>[expand title=\u00bbComisi\u00f3n Atenci\u00f3n a la Juventud 24 Marzo 2017&#8243;]<\/strong><\/p>\n<p><a href=\"https:\/\/tonala.gob.mx\/portal\/wp-content\/uploads\/2017\/10\/Minuta-Comisi\u00f3n-Atenci\u00f3n-a-la-Juventud-24-Marzo-2017.pdf\">Minuta Comisi\u00f3n Atenci\u00f3n a la Juventud 24 Marzo 2017<\/a><\/p>\n<p>[\/expand]<\/p>\n<p><strong>[expand title=\u00bbComisi\u00f3n Atenci\u00f3n a la Juventud 28 Abril 2017&#8243;]<\/strong><\/p>\n<p><a href=\"https:\/\/tonala.gob.mx\/portal\/wp-content\/uploads\/2017\/10\/Minuta-Comisi\u00f3n-Atenci\u00f3n-a-la-Juventud-28-Abril-2017.pdf\">Minuta Comisi\u00f3n Atenci\u00f3n a la Juventud 28 Abril 2017<\/a><\/p>\n<p>[\/expand]<\/p>\n<p><strong>[expand title=\u00bbComisi\u00f3n Atenci\u00f3n a la Juventud 24 Mayo 2017&#8243;]<\/strong><\/p>\n<p><a href=\"https:\/\/tonala.gob.mx\/portal\/wp-content\/uploads\/2017\/10\/Minuta-Comision-Atencion-a-la-Juventud-24-Mayo-2017.pdf\">Minuta Comisi\u00f3n Atenci\u00f3n a la Juventud 24 Mayo 2017<\/a><\/p>\n<p>[\/expand]<\/p>\n<p><strong>[expand title=\u00bbComisi\u00f3n Atenci\u00f3n a la Juventud 14 Junio 2017&#8243;]<\/strong><\/p>\n<p><a href=\"https:\/\/tonala.gob.mx\/portal\/wp-content\/uploads\/2017\/10\/Minuta-Comisi\u00f3n-Atenci\u00f3n-a-la-Juventud-14-Junio-2017.pdf\">Minuta Comisi\u00f3n Atenci\u00f3n a la Juventud 14 Junio 2017<\/a><\/p>\n<p>[\/expand]<\/p>\n<p><strong>[expand title=\u00bbComisi\u00f3n Atenci\u00f3n a la Juventud 13 Julio 2017&#8243;]<\/strong><\/p>\n<p><a href=\"https:\/\/tonala.gob.mx\/portal\/wp-content\/uploads\/2017\/10\/Minuta-Comisi\u00f3n-Atenci\u00f3n-a-la-Juventud-13-Julio-2017.pdf\">Minuta Comisi\u00f3n Atenci\u00f3n a la Juventud 13 Julio 2017<\/a><\/p>\n<p>[\/expand]<\/p>\n<p><strong>[expand title=\u00bbComisi\u00f3n Atenci\u00f3n a la Juventud 19 Julio 2017&#8243;]<\/strong><\/p>\n<p><a href=\"https:\/\/tonala.gob.mx\/portal\/wp-content\/uploads\/2017\/10\/Minuta-Comisi\u00f3n-Atenci\u00f3n-a-la-Juventud-19-Julio-2017.pdf\">Minuta Comisi\u00f3n Atenci\u00f3n a la Juventud 19 Julio 2017<\/a><\/p>\n<p>[\/expand]<\/p>\n<p><strong>[expand title=\u00bbComisi\u00f3n Atenci\u00f3n a la Juventud 18 Agosto 2017&#8243;]<\/strong><\/p>\n<p><a href=\"https:\/\/tonala.gob.mx\/portal\/wp-content\/uploads\/2017\/10\/Minuta-Comisi\u00f3n-Atenci\u00f3n-a-la-Juventud-18-Agosto-2017.pdf\">Minuta Comisi\u00f3n Atenci\u00f3n a la Juventud 18 Agosto 2017<\/a><\/p>\n<p>[\/expand]<\/p>\n<p><strong>[expand title=\u00bbComisi\u00f3n Atenci\u00f3n a la Juventud 15 Septiembre 2017&#8243;]<\/strong><\/p>\n<p><a href=\"https:\/\/tonala.gob.mx\/portal\/wp-content\/uploads\/2017\/10\/Minuta-Comisi\u00f3n-Atenci\u00f3n-a-la-Juventud-15-Septiembre-2017.pdf\">Minuta Comisi\u00f3n Atenci\u00f3n a la Juventud 15 Septiembre 2017<\/a><\/p>\n<p>[\/expand]<\/p>\n<p><strong>[expand title=\u00bbComisi\u00f3n Atenci\u00f3n a la Juventud 25 Octubre 2017&#8243;]<\/strong><\/p>\n<p><a href=\"https:\/\/tonala.gob.mx\/portal\/wp-content\/uploads\/2018\/06\/Minuta-Comisi\u00f3n-Atenci\u00f3n-a-la-Juventud-25-Octubre-2017.pdf\">Minuta Comisi\u00f3n Atenci\u00f3n a la Juventud 25 Octubre 2017<\/a><\/p>\n<p>[\/expand]<\/p>\n<p><strong>[expand title=\u00bbComisi\u00f3n Atenci\u00f3n a la Juventud Noviembre 2017&#8243;]<\/strong><\/p>\n<p>[\/expand]<\/p>\n<p><strong>[expand title=\u00bbComisi\u00f3n Atenci\u00f3n a la Juventud 20 Diciembre 2017&#8243;]<\/strong><\/p>\n<p><a href=\"https:\/\/tonala.gob.mx\/portal\/wp-content\/uploads\/2018\/06\/Minuta-Comisi\u00f3n-Atenci\u00f3n-a-la-Juventud-20-Diciembre-2017.pdf\">Minuta Comisi\u00f3n Atenci\u00f3n a la Juventud 20 Diciembre 2017<\/a><\/p>\n<p>[\/expand]<\/p>\n<p><strong>2018<\/strong><\/p>\n<p><strong>[expand title=\u00bbComisi\u00f3n Atenci\u00f3n a la Juventud 25 Enero 2018&#8243;]<\/strong><\/p>\n<p><a href=\"https:\/\/tonala.gob.mx\/portal\/wp-content\/uploads\/2018\/06\/Minuta-Comisi\u00f3n-Atenci\u00f3n-a-la-Juventud-25-Enero-2018.pdf\">Minuta Comisi\u00f3n Atenci\u00f3n a la Juventud 25 Enero 2018<\/a><\/p>\n<p>[\/expand]<\/p>\n<p><strong>[expand title=\u00bbComisi\u00f3n Atenci\u00f3n a la Juventud 23 Febrero 2018&#8243;]<\/strong><\/p>\n<p><a href=\"https:\/\/tonala.gob.mx\/portal\/wp-content\/uploads\/2018\/06\/Minuta-Comisi\u00f3n-Atenci\u00f3n-a-la-Juventud-23-Febrero-2018.pdf\">Minuta Comisi\u00f3n Atenci\u00f3n a la Juventud 23 Febrero 2018<\/a><\/p>\n<p>[\/expand]<\/p>\n<p><strong>[expand title=\u00bbComisi\u00f3n Atenci\u00f3n a la Juventud 23 Marzo 2018&#8243;]<\/strong><\/p>\n<p><a href=\"https:\/\/tonala.gob.mx\/portal\/wp-content\/uploads\/2018\/06\/Minuta-Comisi\u00f3n-Atenci\u00f3n-a-la-Juventud-23-Marzo-2018.pdf\">Minuta Comisi\u00f3n Atenci\u00f3n a la Juventud 23 Marzo 2018<\/a><\/p>\n<p>[\/expand]<\/p>\n<p><strong>[expand title=\u00bbComisi\u00f3n Atenci\u00f3n a la Juventud 20 Abril 2018&#8243;]<\/strong><\/p>\n<p><a href=\"https:\/\/tonala.gob.mx\/portal\/wp-content\/uploads\/2018\/06\/Minuta-Comisi\u00f3n-Atenci\u00f3n-a-la-Juventud-20-Abril-2018.pdf\">Minuta Comisi\u00f3n Atenci\u00f3n a la Juventud 20 Abril 2018<\/a><\/p>\n<p>[\/expand]<\/p>\n<p>&nbsp;<\/p>\n","protected":false},"excerpt":{"rendered":"<p>Plan de Trabajo\u00a02015-2018 A\u00f1o 2015 [expand title=\u00bbComisi\u00f3n Atenci\u00f3n a la Juventud Octubre 2015&#8243;] Atenci\u00f3n a la Juventud Octubre [\/expand] [expand<\/p>\n","protected":false},"author":1,"featured_media":0,"parent":0,"menu_order":0,"comment_status":"closed","ping_status":"closed","template":"","meta":{"colormag_page_container_layout":"default_layout","colormag_page_sidebar_layout":"default_layout","footnotes":""},"class_list":["post-5829","page","type-page","status-publish","hentry"],"_links":{"self":[{"href":"https:\/\/tonala.gob.mx\/portal\/wp-json\/wp\/v2\/pages\/5829","targetHints":{"allow":["GET"]}}],"collection":[{"href":"https:\/\/tonala.gob.mx\/portal\/wp-json\/wp\/v2\/pages"}],"about":[{"href":"https:\/\/tonala.gob.mx\/portal\/wp-json\/wp\/v2\/types\/page"}],"author":[{"embeddable":true,"href":"https:\/\/tonala.gob.mx\/portal\/wp-json\/wp\/v2\/users\/1"}],"replies":[{"embeddable":true,"href":"https:\/\/tonala.gob.mx\/portal\/wp-json\/wp\/v2\/comments?post=5829"}],"version-history":[{"count":22,"href":"https:\/\/tonala.gob.mx\/portal\/wp-json\/wp\/v2\/pages\/5829\/revisions"}],"predecessor-version":[{"id":18510,"href":"https:\/\/tonala.gob.mx\/portal\/wp-json\/wp\/v2\/pages\/5829\/revisions\/18510"}],"wp:attachment":[{"href":"https:\/\/tonala.gob.mx\/portal\/wp-json\/wp\/v2\/media?parent=5829"}],"curies":[{"name":"wp","href":"https:\/\/api.w.org\/{rel}","templated":true}]}}