{"id":543,"date":"2015-11-17T19:33:15","date_gmt":"2015-11-17T19:33:15","guid":{"rendered":"http:\/\/tonala.gob.mx\/portal\/?page_id=543"},"modified":"2026-03-31T09:41:11","modified_gmt":"2026-03-31T15:41:11","slug":"direccion-general-de-bienestar-social","status":"publish","type":"page","link":"https:\/\/tonala.gob.mx\/portal\/direccion-general-de-bienestar-social\/","title":{"rendered":"Direcci\u00f3n General de Bienestar Social"},"content":{"rendered":"\n<figure class=\"wp-block-table alignleft\"><table class=\"has-fixed-layout\"><tbody><tr><td><img fetchpriority=\"high\" decoding=\"async\" width=\"400\" height=\"600\" class=\"wp-image-36311\" style=\"width: 400px;\" src=\"https:\/\/tonala.gob.mx\/portal\/wp-content\/uploads\/2024\/10\/CARLOS-RODRIGUEZ-BURGARA-scaled.jpg\" alt=\"\" srcset=\"https:\/\/tonala.gob.mx\/portal\/wp-content\/uploads\/2024\/10\/CARLOS-RODRIGUEZ-BURGARA-scaled.jpg 1707w, https:\/\/tonala.gob.mx\/portal\/wp-content\/uploads\/2024\/10\/CARLOS-RODRIGUEZ-BURGARA-200x300.jpg 200w, https:\/\/tonala.gob.mx\/portal\/wp-content\/uploads\/2024\/10\/CARLOS-RODRIGUEZ-BURGARA-683x1024.jpg 683w, https:\/\/tonala.gob.mx\/portal\/wp-content\/uploads\/2024\/10\/CARLOS-RODRIGUEZ-BURGARA-768x1152.jpg 768w, https:\/\/tonala.gob.mx\/portal\/wp-content\/uploads\/2024\/10\/CARLOS-RODRIGUEZ-BURGARA-1024x1536.jpg 1024w, https:\/\/tonala.gob.mx\/portal\/wp-content\/uploads\/2024\/10\/CARLOS-RODRIGUEZ-BURGARA-1365x2048.jpg 1365w\" sizes=\"(max-width: 400px) 100vw, 400px\" \/><\/td><td class=\"has-text-align-left\" data-align=\"left\"><strong>Carlos Rodr\u00edguez Burgara<\/strong><br>Direcci\u00f3n General de Bienestar Social<\/td><td><strong>Tel\u00e9fono: <\/strong>33 38 37 37 97 Ext. 3727<br><strong>Domicilio:<\/strong> Av. Rio Nilo 8096, Colonia Loma Dorada, Tonal\u00e1 Jalisco<br><strong>Correo Electr\u00f3nico: <\/strong>dir.generalbienestar@tonala.gob.mx<br><br><a href=\"https:\/\/tonala.gob.mx\/portal\/wp-content\/uploads\/2021\/11\/Carlos-Rodriguez-Burgara-Curriculum-1.pdf\">Curr\u00edculo<\/a><br>Agenda Oficial<\/td><\/tr><tr><td><img decoding=\"async\" width=\"400\" height=\"600\" class=\"wp-image-36478\" style=\"width: 400px;\" src=\"https:\/\/tonala.gob.mx\/portal\/wp-content\/uploads\/2024\/10\/VICENTE-VARGAS-scaled.jpg\" alt=\"\" srcset=\"https:\/\/tonala.gob.mx\/portal\/wp-content\/uploads\/2024\/10\/VICENTE-VARGAS-scaled.jpg 1707w, https:\/\/tonala.gob.mx\/portal\/wp-content\/uploads\/2024\/10\/VICENTE-VARGAS-200x300.jpg 200w, https:\/\/tonala.gob.mx\/portal\/wp-content\/uploads\/2024\/10\/VICENTE-VARGAS-683x1024.jpg 683w, https:\/\/tonala.gob.mx\/portal\/wp-content\/uploads\/2024\/10\/VICENTE-VARGAS-768x1152.jpg 768w, https:\/\/tonala.gob.mx\/portal\/wp-content\/uploads\/2024\/10\/VICENTE-VARGAS-1024x1536.jpg 1024w, https:\/\/tonala.gob.mx\/portal\/wp-content\/uploads\/2024\/10\/VICENTE-VARGAS-1365x2048.jpg 1365w\" sizes=\"(max-width: 400px) 100vw, 400px\" \/><\/td><td class=\"has-text-align-left\" data-align=\"left\"><br><strong>Vicente Vargas<\/strong> <strong>Ramos<\/strong><br>Direcci\u00f3n de Programas para el Desarrollo Municipal<\/td><td><strong>Tel\u00e9fono:<\/strong> 33 36 83 03 38 <br><strong>Domicilio:<\/strong> Av. Rio Nilo 8096, Colonia Loma Dorada, Tonal\u00e1 Jalisco<br><strong>Correo Electr\u00f3nico: <\/strong>dir.programasdesarrollomunicipal@tonala.gob.mx<br><br>Curr\u00edculo<br>Agenda Oficial<\/td><\/tr><tr><td><img decoding=\"async\" width=\"400\" height=\"600\" class=\"wp-image-36312\" style=\"width: 400px;\" src=\"https:\/\/tonala.gob.mx\/portal\/wp-content\/uploads\/2024\/10\/CLEOTILDE-VALLEJO-TEJEDA-scaled.jpg\" alt=\"\" srcset=\"https:\/\/tonala.gob.mx\/portal\/wp-content\/uploads\/2024\/10\/CLEOTILDE-VALLEJO-TEJEDA-scaled.jpg 1707w, https:\/\/tonala.gob.mx\/portal\/wp-content\/uploads\/2024\/10\/CLEOTILDE-VALLEJO-TEJEDA-200x300.jpg 200w, https:\/\/tonala.gob.mx\/portal\/wp-content\/uploads\/2024\/10\/CLEOTILDE-VALLEJO-TEJEDA-683x1024.jpg 683w, https:\/\/tonala.gob.mx\/portal\/wp-content\/uploads\/2024\/10\/CLEOTILDE-VALLEJO-TEJEDA-768x1152.jpg 768w, https:\/\/tonala.gob.mx\/portal\/wp-content\/uploads\/2024\/10\/CLEOTILDE-VALLEJO-TEJEDA-1024x1536.jpg 1024w, https:\/\/tonala.gob.mx\/portal\/wp-content\/uploads\/2024\/10\/CLEOTILDE-VALLEJO-TEJEDA-1365x2048.jpg 1365w\" sizes=\"(max-width: 400px) 100vw, 400px\" \/><\/td><td class=\"has-text-align-left\" data-align=\"left\"><strong>Cleotilde Vallejo Tejeda<\/strong><br>Jefatura para el Bienestar Adulto Mayor e Inclusi\u00f3n Personas con Discapacidad<\/td><td><strong>Tel\u00e9fono:<\/strong> 33 36 83 03 38 <br><strong>Domicilio:<\/strong> Av. Rio Nilo 8096, Colonia Loma Dorada, Tonal\u00e1 Jalisco<br><strong>Correo Electr\u00f3nico: <\/strong>jef.bienestaradultomayor@tonala.gob.mx<br><br>Curr\u00edculo<br>Agenda Oficial<\/td><\/tr><tr><td><img loading=\"lazy\" decoding=\"async\" width=\"400\" height=\"600\" class=\"wp-image-36440\" style=\"width: 400px;\" src=\"https:\/\/tonala.gob.mx\/portal\/wp-content\/uploads\/2024\/10\/ESTHER-AYALA-scaled.jpg\" alt=\"\" srcset=\"https:\/\/tonala.gob.mx\/portal\/wp-content\/uploads\/2024\/10\/ESTHER-AYALA-scaled.jpg 1707w, https:\/\/tonala.gob.mx\/portal\/wp-content\/uploads\/2024\/10\/ESTHER-AYALA-200x300.jpg 200w, https:\/\/tonala.gob.mx\/portal\/wp-content\/uploads\/2024\/10\/ESTHER-AYALA-683x1024.jpg 683w, https:\/\/tonala.gob.mx\/portal\/wp-content\/uploads\/2024\/10\/ESTHER-AYALA-768x1152.jpg 768w, https:\/\/tonala.gob.mx\/portal\/wp-content\/uploads\/2024\/10\/ESTHER-AYALA-1024x1536.jpg 1024w, https:\/\/tonala.gob.mx\/portal\/wp-content\/uploads\/2024\/10\/ESTHER-AYALA-1365x2048.jpg 1365w\" sizes=\"(max-width: 400px) 100vw, 400px\" \/><\/td><td class=\"has-text-align-left\" data-align=\"left\"><br><strong>Esther Ayala Alba<\/strong><br>Jefatura de Programas Estatales y Federales<br><\/td><td><strong>Tel\u00e9fono:<\/strong> 33 36 83 03 38 <br><strong>Domicilio:<\/strong> Morelos 180, colonia Centro, Tonal\u00e1 Jalisco<br><strong>Correo Electr\u00f3nico: <\/strong>jef.programasestatalesyfederales@tonala.gob.mx<br><br>Curr\u00edculo<br><a href=\"https:\/\/portal-transparencia.tonala.gob.mx\/agenda-oficial-jefa-de-programas-federales-y-estatales-maria-esther-ayala-alba\/\">Agenda Oficial<\/a><\/td><\/tr><tr><td><img loading=\"lazy\" decoding=\"async\" width=\"400\" height=\"600\" class=\"wp-image-36427\" style=\"width: 400px;\" src=\"https:\/\/tonala.gob.mx\/portal\/wp-content\/uploads\/2024\/10\/Aracely-Martinez-scaled.jpg\" alt=\"\" srcset=\"https:\/\/tonala.gob.mx\/portal\/wp-content\/uploads\/2024\/10\/Aracely-Martinez-scaled.jpg 1707w, https:\/\/tonala.gob.mx\/portal\/wp-content\/uploads\/2024\/10\/Aracely-Martinez-200x300.jpg 200w, https:\/\/tonala.gob.mx\/portal\/wp-content\/uploads\/2024\/10\/Aracely-Martinez-683x1024.jpg 683w, https:\/\/tonala.gob.mx\/portal\/wp-content\/uploads\/2024\/10\/Aracely-Martinez-768x1152.jpg 768w, https:\/\/tonala.gob.mx\/portal\/wp-content\/uploads\/2024\/10\/Aracely-Martinez-1024x1536.jpg 1024w, https:\/\/tonala.gob.mx\/portal\/wp-content\/uploads\/2024\/10\/Aracely-Martinez-1365x2048.jpg 1365w\" sizes=\"(max-width: 400px) 100vw, 400px\" \/><\/td><td class=\"has-text-align-left\" data-align=\"left\"><strong>Aracely Josefina Mart\u00ednez Fierro<\/strong><br>Jefatura de Abasto Popular<\/td><td><strong>Tel\u00e9fono: <\/strong>33 36 83 03 38<br><strong>Domicilio:<\/strong> Independencia 233, Colonia Loma Dorada, Tonal\u00e1 Jalisco<br><strong>Correo Electr\u00f3nico: <\/strong>jef.abastopopular@tonala.gob.mx<br><br>Curr\u00edculo<br>Agenda Oficial<\/td><\/tr><tr><td><img loading=\"lazy\" decoding=\"async\" width=\"400\" height=\"600\" class=\"wp-image-36341\" style=\"width: 400px;\" src=\"https:\/\/tonala.gob.mx\/portal\/wp-content\/uploads\/2024\/10\/MA-REFUGIO-SANCHEZ-scaled.jpg\" alt=\"\" srcset=\"https:\/\/tonala.gob.mx\/portal\/wp-content\/uploads\/2024\/10\/MA-REFUGIO-SANCHEZ-scaled.jpg 1707w, https:\/\/tonala.gob.mx\/portal\/wp-content\/uploads\/2024\/10\/MA-REFUGIO-SANCHEZ-200x300.jpg 200w, https:\/\/tonala.gob.mx\/portal\/wp-content\/uploads\/2024\/10\/MA-REFUGIO-SANCHEZ-683x1024.jpg 683w, https:\/\/tonala.gob.mx\/portal\/wp-content\/uploads\/2024\/10\/MA-REFUGIO-SANCHEZ-768x1152.jpg 768w, https:\/\/tonala.gob.mx\/portal\/wp-content\/uploads\/2024\/10\/MA-REFUGIO-SANCHEZ-1024x1536.jpg 1024w, https:\/\/tonala.gob.mx\/portal\/wp-content\/uploads\/2024\/10\/MA-REFUGIO-SANCHEZ-1365x2048.jpg 1365w\" sizes=\"(max-width: 400px) 100vw, 400px\" \/><\/td><td class=\"has-text-align-left\" data-align=\"left\"><strong>Ma. Refugio S\u00e1nchez Ibarra<\/strong><br>Jefatura de Comedores Comunitarios<\/td><td>Tel\u00e9fono: 33 36 83 03 38 <br>Domicilio: Av. Rio Nilo 8096, Colonia Loma Dorada, Tonal\u00e1 Jalisco<br>Correo Electr\u00f3nico: jef.comedores@tonala.gob.mx<br><br>Curr\u00edculo<br>Agenda Oficial<\/td><\/tr><tr><td><img loading=\"lazy\" decoding=\"async\" width=\"400\" height=\"600\" class=\"wp-image-36345\" style=\"width: 400px;\" src=\"https:\/\/tonala.gob.mx\/portal\/wp-content\/uploads\/2024\/10\/MARIA-MEDRANO-LEMUS-scaled.jpg\" alt=\"\" srcset=\"https:\/\/tonala.gob.mx\/portal\/wp-content\/uploads\/2024\/10\/MARIA-MEDRANO-LEMUS-scaled.jpg 1707w, https:\/\/tonala.gob.mx\/portal\/wp-content\/uploads\/2024\/10\/MARIA-MEDRANO-LEMUS-200x300.jpg 200w, https:\/\/tonala.gob.mx\/portal\/wp-content\/uploads\/2024\/10\/MARIA-MEDRANO-LEMUS-683x1024.jpg 683w, https:\/\/tonala.gob.mx\/portal\/wp-content\/uploads\/2024\/10\/MARIA-MEDRANO-LEMUS-768x1152.jpg 768w, https:\/\/tonala.gob.mx\/portal\/wp-content\/uploads\/2024\/10\/MARIA-MEDRANO-LEMUS-1024x1536.jpg 1024w, https:\/\/tonala.gob.mx\/portal\/wp-content\/uploads\/2024\/10\/MARIA-MEDRANO-LEMUS-1365x2048.jpg 1365w\" sizes=\"(max-width: 400px) 100vw, 400px\" \/><\/td><td class=\"has-text-align-left\" data-align=\"left\"><strong>Ma. Guadalupe Medrano Lemus<\/strong><br>Direcci\u00f3n de Participaci\u00f3n Ciudadana<\/td><td>Tel\u00e9fono: 33 35 86 60 81 Ext.1820 <br>Domicilio: Morelos 155 A Colonia Centro, Tonal\u00e1 Jalisco<br>Correo Electr\u00f3nico: dir.participacionciudadana@tonala.gob.mx<br><br>Curr\u00edculo<br><a href=\"https:\/\/portal-transparencia.tonala.gob.mx\/agenda-oficial-directora-de-participacion-ciudadana-c-p-ma-guadalupe-medrano-lemus\/\">Agenda Oficial<\/a><\/td><\/tr><tr><td><img loading=\"lazy\" decoding=\"async\" width=\"400\" height=\"600\" class=\"wp-image-36354\" style=\"width: 400px;\" src=\"https:\/\/tonala.gob.mx\/portal\/wp-content\/uploads\/2024\/10\/RAUL-HURTADO-scaled.jpg\" alt=\"\" srcset=\"https:\/\/tonala.gob.mx\/portal\/wp-content\/uploads\/2024\/10\/RAUL-HURTADO-scaled.jpg 1707w, https:\/\/tonala.gob.mx\/portal\/wp-content\/uploads\/2024\/10\/RAUL-HURTADO-200x300.jpg 200w, https:\/\/tonala.gob.mx\/portal\/wp-content\/uploads\/2024\/10\/RAUL-HURTADO-683x1024.jpg 683w, https:\/\/tonala.gob.mx\/portal\/wp-content\/uploads\/2024\/10\/RAUL-HURTADO-768x1152.jpg 768w, https:\/\/tonala.gob.mx\/portal\/wp-content\/uploads\/2024\/10\/RAUL-HURTADO-1024x1536.jpg 1024w, https:\/\/tonala.gob.mx\/portal\/wp-content\/uploads\/2024\/10\/RAUL-HURTADO-1365x2048.jpg 1365w\" sizes=\"(max-width: 400px) 100vw, 400px\" \/><\/td><td class=\"has-text-align-left\" data-align=\"left\"><strong>Ra\u00fal Hurtado P\u00e9rez<\/strong><br>Direcci\u00f3n de Educaci\u00f3n<\/td><td>Tel\u00e9fono: 33 35 86 66 61 Ext. 1540 y 1541<br>Domicilio: Morelos 180 Colonia Centro, Tonal\u00e1 Jalisco<br>Correo Electr\u00f3nico: dir.educacion@tonala.gob.mx<br><br>Curr\u00edculo<br><a href=\"https:\/\/portal-transparencia.tonala.gob.mx\/agenda-oficial-director-de-educacion-prof-raul-hurtado-perez\/\">Agenda Oficial<\/a><\/td><\/tr><tr><td><\/td><td class=\"has-text-align-left\" data-align=\"left\"><strong>Luis Gustavo Hern\u00e1ndez Velasco<br><\/strong>Jefatura de Enlace Educativo<\/td><td>Tel\u00e9fono: 33 35 86 60 61 <br>Domicilio: Morelos 180 Colonia Centro, Tonal\u00e1 Jalisco<br>Correo Electr\u00f3nico: enlace.educativo@tonala.gob.mx<br><br>Curr\u00edculo<br>Agenda Oficial<\/td><\/tr><tr><td><img loading=\"lazy\" decoding=\"async\" width=\"400\" height=\"600\" class=\"wp-image-36350\" style=\"width: 400px;\" src=\"https:\/\/tonala.gob.mx\/portal\/wp-content\/uploads\/2024\/10\/RAFAEL-MENDOZA-scaled.jpg\" alt=\"\" srcset=\"https:\/\/tonala.gob.mx\/portal\/wp-content\/uploads\/2024\/10\/RAFAEL-MENDOZA-scaled.jpg 1707w, https:\/\/tonala.gob.mx\/portal\/wp-content\/uploads\/2024\/10\/RAFAEL-MENDOZA-200x300.jpg 200w, https:\/\/tonala.gob.mx\/portal\/wp-content\/uploads\/2024\/10\/RAFAEL-MENDOZA-683x1024.jpg 683w, https:\/\/tonala.gob.mx\/portal\/wp-content\/uploads\/2024\/10\/RAFAEL-MENDOZA-768x1152.jpg 768w, https:\/\/tonala.gob.mx\/portal\/wp-content\/uploads\/2024\/10\/RAFAEL-MENDOZA-1024x1536.jpg 1024w, https:\/\/tonala.gob.mx\/portal\/wp-content\/uploads\/2024\/10\/RAFAEL-MENDOZA-1365x2048.jpg 1365w\" sizes=\"(max-width: 400px) 100vw, 400px\" \/><\/td><td class=\"has-text-align-left\" data-align=\"left\"><strong>Rafael Mendoza Mendoza<\/strong><br>Direcci\u00f3n de Servicios M\u00e9dicos Municipales<\/td><td>Tel\u00e9fono: 33 35 86 62 22 Ext. 3103<br>Domicilio: Morelos 185 Colonia Centro, Tonal\u00e1 Jalisco<br>Correo Electr\u00f3nico: dir.servicios.mpales@tonala.gob.mx<br><br>Curr\u00edculo<br><a href=\"https:\/\/portal-transparencia.tonala.gob.mx\/agenda-oficial-director-de-servicios-medicos-municipales-c-p-rafael-mendoza-mendoza\/\">Agenda Oficial<\/a><\/td><\/tr><tr><td><\/td><td class=\"has-text-align-left\" data-align=\"left\"><br>Jefatura de la Unidad M\u00e9dica Centro de \u201cPbro. Rafael Gonz\u00e1lez\u201d<\/td><td>Tel\u00e9fono: 33 35 86 62 22 Ext. 3103 <br>Domicilio: Hidalgo 425, Colonia Centro, Tonal\u00e1 Jalisco<br>Correo Electr\u00f3nico: j.um.centro@tonala.gob.mx<br><br>Curr\u00edculo<br>Agenda Oficial  <\/td><\/tr><tr><td><img loading=\"lazy\" decoding=\"async\" width=\"400\" height=\"600\" class=\"wp-image-36464\" style=\"width: 400px;\" src=\"https:\/\/tonala.gob.mx\/portal\/wp-content\/uploads\/2024\/10\/Maria-Consuelo-Medrano-Garcia-scaled.jpg\" alt=\"\" srcset=\"https:\/\/tonala.gob.mx\/portal\/wp-content\/uploads\/2024\/10\/Maria-Consuelo-Medrano-Garcia-scaled.jpg 1707w, https:\/\/tonala.gob.mx\/portal\/wp-content\/uploads\/2024\/10\/Maria-Consuelo-Medrano-Garcia-200x300.jpg 200w, https:\/\/tonala.gob.mx\/portal\/wp-content\/uploads\/2024\/10\/Maria-Consuelo-Medrano-Garcia-683x1024.jpg 683w, https:\/\/tonala.gob.mx\/portal\/wp-content\/uploads\/2024\/10\/Maria-Consuelo-Medrano-Garcia-768x1152.jpg 768w, https:\/\/tonala.gob.mx\/portal\/wp-content\/uploads\/2024\/10\/Maria-Consuelo-Medrano-Garcia-1024x1536.jpg 1024w, https:\/\/tonala.gob.mx\/portal\/wp-content\/uploads\/2024\/10\/Maria-Consuelo-Medrano-Garcia-1365x2048.jpg 1365w\" sizes=\"(max-width: 400px) 100vw, 400px\" \/><br><span style=\"color: #000000;\"><\/span><\/td><td class=\"has-text-align-left\" data-align=\"left\"><strong>Dra. Mar\u00eda Consuelo Medrano Garc\u00eda<\/strong><br>Jefatura de la Unidad M\u00e9dica Sur \u201cDr. Alfredo Lepe Oliva\u201d<\/td><td><strong>Tel\u00e9fono: <\/strong>33 16 44 35 63 <br><strong>Domicilio:<\/strong> Morelos 391, Colonia La Ladrillera, Tonal\u00e1 Jalisco<br><strong>Correo Electr\u00f3nico:<\/strong> <br>jef.unidadmedicasur@tonala.gob.mx<br><br>Curr\u00edculo<br><a href=\"https:\/\/portal-transparencia.tonala.gob.mx\/agenda-oficial-jefa-de-unidad-medica-sur-dr-alfredo-lepe-oliva-dr-maria-consuelo-medrano-garcia\/\">Agenda Oficial<\/a><\/td><\/tr><tr><td><\/td><td class=\"has-text-align-left\" data-align=\"left\"><strong>Dr. Samuel Arteaga Pajarito <\/strong><br>Jefatura de la Unidad M\u00e9dica Norte \u201cDr. Gabriel G\u00f3mez Michell\u201d<\/td><td><strong>Tel\u00e9fono:<\/strong> 33 32 85 03 64<br><strong>Domicilio:<\/strong> Totatiche S\/N Colonia Jalisco, Tonal\u00e1 Jalisco<br><strong>Correo Electr\u00f3nico: <\/strong>jef.unidadmedicanorte@tonala.gob.mx<br><br>Curr\u00edculo<br><a href=\"https:\/\/portal-transparencia.tonala.gob.mx\/agenda-oficial-jefe-de-unidad-medica-norte-dr-gabriel-gomez-michell-dr-juan-daniel-torres-esquivias\/\">Agenda Oficial<\/a><\/td><\/tr><tr><td><img loading=\"lazy\" decoding=\"async\" width=\"400\" height=\"600\" class=\"wp-image-36447\" style=\"width: 400px;\" src=\"https:\/\/tonala.gob.mx\/portal\/wp-content\/uploads\/2024\/10\/Jesus-Guadalupe-Pool-Monteon-scaled.jpg\" alt=\"\" srcset=\"https:\/\/tonala.gob.mx\/portal\/wp-content\/uploads\/2024\/10\/Jesus-Guadalupe-Pool-Monteon-scaled.jpg 1707w, https:\/\/tonala.gob.mx\/portal\/wp-content\/uploads\/2024\/10\/Jesus-Guadalupe-Pool-Monteon-200x300.jpg 200w, https:\/\/tonala.gob.mx\/portal\/wp-content\/uploads\/2024\/10\/Jesus-Guadalupe-Pool-Monteon-683x1024.jpg 683w, https:\/\/tonala.gob.mx\/portal\/wp-content\/uploads\/2024\/10\/Jesus-Guadalupe-Pool-Monteon-768x1152.jpg 768w, https:\/\/tonala.gob.mx\/portal\/wp-content\/uploads\/2024\/10\/Jesus-Guadalupe-Pool-Monteon-1024x1536.jpg 1024w, https:\/\/tonala.gob.mx\/portal\/wp-content\/uploads\/2024\/10\/Jesus-Guadalupe-Pool-Monteon-1365x2048.jpg 1365w\" sizes=\"(max-width: 400px) 100vw, 400px\" \/><\/td><td class=\"has-text-align-left\" data-align=\"left\"><strong>Dr. Jes\u00fas Guadalupe Pool Monteon<\/strong><br>Jefatura de la Unidad M\u00e9dica Poniente \u201cDr. Roberto Ben\u00edtez Bedoy\u201d<\/td><td><strong>Tel\u00e9fono: <\/strong>33 29 76 06 46, 33 29 76 06 47<br><strong>Domicilio: <\/strong>Constituyentes 75 Colonia La Hortaliza, Tonal\u00e1 Jalisco<br><strong>Correo Electr\u00f3nico: <\/strong><br>jef.unidadmedicaponiente@tonala.gob.mx<br><br>Curr\u00edculo<br><a href=\"https:\/\/portal-transparencia.tonala.gob.mx\/agenda-oficial-jefe-de-unidad-medica-poniente-dr-jesus-guadalupe-pool-monteon\/\">Agenda Oficial<\/a><\/td><\/tr><tr><td><img loading=\"lazy\" decoding=\"async\" width=\"400\" height=\"600\" class=\"wp-image-36462\" style=\"width: 400px;\" src=\"https:\/\/tonala.gob.mx\/portal\/wp-content\/uploads\/2024\/10\/LORENA-ALICIA-PRECIADO-HUERTA-scaled.jpg\" alt=\"\" srcset=\"https:\/\/tonala.gob.mx\/portal\/wp-content\/uploads\/2024\/10\/LORENA-ALICIA-PRECIADO-HUERTA-scaled.jpg 1707w, https:\/\/tonala.gob.mx\/portal\/wp-content\/uploads\/2024\/10\/LORENA-ALICIA-PRECIADO-HUERTA-200x300.jpg 200w, https:\/\/tonala.gob.mx\/portal\/wp-content\/uploads\/2024\/10\/LORENA-ALICIA-PRECIADO-HUERTA-683x1024.jpg 683w, https:\/\/tonala.gob.mx\/portal\/wp-content\/uploads\/2024\/10\/LORENA-ALICIA-PRECIADO-HUERTA-768x1152.jpg 768w, https:\/\/tonala.gob.mx\/portal\/wp-content\/uploads\/2024\/10\/LORENA-ALICIA-PRECIADO-HUERTA-1024x1536.jpg 1024w, https:\/\/tonala.gob.mx\/portal\/wp-content\/uploads\/2024\/10\/LORENA-ALICIA-PRECIADO-HUERTA-1365x2048.jpg 1365w\" sizes=\"(max-width: 400px) 100vw, 400px\" \/><\/td><td class=\"has-text-align-left\" data-align=\"left\"><strong>Lorena Alicia Preciado Huerta<br><\/strong>Jefatura Administrativa<\/td><td><strong>Tel\u00e9fono:<\/strong> 33 35 86 60 00 Ext.<br><strong>Domicilio:<\/strong> Av. Rio Nilo 8096, Colonia Loma Dorada, Tonal\u00e1 Jalisco<br><strong>Correo Electr\u00f3nico: <\/strong>j.um.admin@tonala.gob.mx<br><br>Curr\u00edculo<br>Agenda Oficial<\/td><\/tr><\/tbody><\/table><\/figure>\n","protected":false},"excerpt":{"rendered":"<p>Carlos Rodr\u00edguez BurgaraDirecci\u00f3n General de Bienestar Social Tel\u00e9fono: 33 38 37 37 97 Ext. 3727Domicilio: Av. Rio Nilo 8096, Colonia<\/p>\n","protected":false},"author":1,"featured_media":0,"parent":0,"menu_order":0,"comment_status":"closed","ping_status":"closed","template":"","meta":{"colormag_page_container_layout":"default_layout","colormag_page_sidebar_layout":"default_layout","footnotes":""},"class_list":["post-543","page","type-page","status-publish","hentry"],"_links":{"self":[{"href":"https:\/\/tonala.gob.mx\/portal\/wp-json\/wp\/v2\/pages\/543","targetHints":{"allow":["GET"]}}],"collection":[{"href":"https:\/\/tonala.gob.mx\/portal\/wp-json\/wp\/v2\/pages"}],"about":[{"href":"https:\/\/tonala.gob.mx\/portal\/wp-json\/wp\/v2\/types\/page"}],"author":[{"embeddable":true,"href":"https:\/\/tonala.gob.mx\/portal\/wp-json\/wp\/v2\/users\/1"}],"replies":[{"embeddable":true,"href":"https:\/\/tonala.gob.mx\/portal\/wp-json\/wp\/v2\/comments?post=543"}],"version-history":[{"count":266,"href":"https:\/\/tonala.gob.mx\/portal\/wp-json\/wp\/v2\/pages\/543\/revisions"}],"predecessor-version":[{"id":38790,"href":"https:\/\/tonala.gob.mx\/portal\/wp-json\/wp\/v2\/pages\/543\/revisions\/38790"}],"wp:attachment":[{"href":"https:\/\/tonala.gob.mx\/portal\/wp-json\/wp\/v2\/media?parent=543"}],"curies":[{"name":"wp","href":"https:\/\/api.w.org\/{rel}","templated":true}]}}