{"id":539,"date":"2015-11-17T19:32:21","date_gmt":"2015-11-17T19:32:21","guid":{"rendered":"http:\/\/tonala.gob.mx\/portal\/?page_id=539"},"modified":"2026-01-26T11:33:21","modified_gmt":"2026-01-26T17:33:21","slug":"direccion-general-de-planeacion-y-desarrollo-urbano-sustentable","status":"publish","type":"page","link":"https:\/\/tonala.gob.mx\/portal\/direccion-general-de-planeacion-y-desarrollo-urbano-sustentable\/","title":{"rendered":"Direcci\u00f3n General de Planeaci\u00f3n y Desarrollo Urbano Sustentable"},"content":{"rendered":"\n<figure class=\"wp-block-table alignleft\"><table class=\"has-fixed-layout\"><tbody><tr><td><img fetchpriority=\"high\" decoding=\"async\" width=\"400\" height=\"600\" class=\"wp-image-36365\" style=\"width: 400px;\" src=\"https:\/\/tonala.gob.mx\/portal\/wp-content\/uploads\/2024\/10\/VERONICA-OSORIO-GANDARA-scaled.jpg\" alt=\"\" srcset=\"https:\/\/tonala.gob.mx\/portal\/wp-content\/uploads\/2024\/10\/VERONICA-OSORIO-GANDARA-scaled.jpg 1707w, https:\/\/tonala.gob.mx\/portal\/wp-content\/uploads\/2024\/10\/VERONICA-OSORIO-GANDARA-200x300.jpg 200w, https:\/\/tonala.gob.mx\/portal\/wp-content\/uploads\/2024\/10\/VERONICA-OSORIO-GANDARA-683x1024.jpg 683w, https:\/\/tonala.gob.mx\/portal\/wp-content\/uploads\/2024\/10\/VERONICA-OSORIO-GANDARA-768x1152.jpg 768w, https:\/\/tonala.gob.mx\/portal\/wp-content\/uploads\/2024\/10\/VERONICA-OSORIO-GANDARA-1024x1536.jpg 1024w, https:\/\/tonala.gob.mx\/portal\/wp-content\/uploads\/2024\/10\/VERONICA-OSORIO-GANDARA-1365x2048.jpg 1365w\" sizes=\"(max-width: 400px) 100vw, 400px\" \/><\/td><td><strong>Ver\u00f3nica Osorio G\u00e1ndara<\/strong><br><strong><br><\/strong>Direcci\u00f3n General de Planeaci\u00f3n y Desarrollo Urbano Sustentable<\/td><td><strong>Tel\u00e9fono:<\/strong> 33 32 84 36 00 Ext.<br><strong>Domicilio:<\/strong> Pino Su\u00e1rez 32 colonia Centro, Tonal\u00e1 Jalisco<br><strong>Correo Electr\u00f3nico:<\/strong> <br>dir.planeacionydesarrollo@tonala.gob.mx<br>Curr\u00edculo<br><a href=\"https:\/\/portal-transparencia.tonala.gob.mx\/agenda-oficial-directora-general-de-planeacion-y-desarrollo-urbano-sustentable-arq-veronica-osorio-gandara\/\">Agenda Oficial<\/a><\/td><\/tr><tr><td><img decoding=\"async\" width=\"400\" height=\"600\" class=\"wp-image-36662\" style=\"width: 400px;\" src=\"https:\/\/tonala.gob.mx\/portal\/wp-content\/uploads\/2024\/10\/Ivan-Betancourt-Morales-scaled.jpg\" alt=\"\" srcset=\"https:\/\/tonala.gob.mx\/portal\/wp-content\/uploads\/2024\/10\/Ivan-Betancourt-Morales-scaled.jpg 1707w, https:\/\/tonala.gob.mx\/portal\/wp-content\/uploads\/2024\/10\/Ivan-Betancourt-Morales-200x300.jpg 200w, https:\/\/tonala.gob.mx\/portal\/wp-content\/uploads\/2024\/10\/Ivan-Betancourt-Morales-683x1024.jpg 683w, https:\/\/tonala.gob.mx\/portal\/wp-content\/uploads\/2024\/10\/Ivan-Betancourt-Morales-768x1152.jpg 768w, https:\/\/tonala.gob.mx\/portal\/wp-content\/uploads\/2024\/10\/Ivan-Betancourt-Morales-1024x1536.jpg 1024w, https:\/\/tonala.gob.mx\/portal\/wp-content\/uploads\/2024\/10\/Ivan-Betancourt-Morales-1365x2048.jpg 1365w\" sizes=\"(max-width: 400px) 100vw, 400px\" \/><\/td><td><strong>Iv\u00e1n Betancourt Morales<\/strong><br>Direcci\u00f3n de Desarrollo Urbano<\/td><td>Tel\u00e9fono: 33 32 84 36 00 Ext.<br>Domicilio: Pino Su\u00e1rez 32 colonia Centro, Tonal\u00e1 Jalisco<br>Correo Electr\u00f3nico: <br>dir.desarrollourbano@tonala.gob.mx<br>Curr\u00edculo<br>Agenda Oficial<\/td><\/tr><tr><td><img decoding=\"async\" width=\"400\" height=\"600\" class=\"wp-image-36671\" style=\"width: 400px;\" src=\"https:\/\/tonala.gob.mx\/portal\/wp-content\/uploads\/2024\/10\/Manuel-Alberto-Rivas-Pimienta-scaled.jpg\" alt=\"\" srcset=\"https:\/\/tonala.gob.mx\/portal\/wp-content\/uploads\/2024\/10\/Manuel-Alberto-Rivas-Pimienta-scaled.jpg 1707w, https:\/\/tonala.gob.mx\/portal\/wp-content\/uploads\/2024\/10\/Manuel-Alberto-Rivas-Pimienta-200x300.jpg 200w, https:\/\/tonala.gob.mx\/portal\/wp-content\/uploads\/2024\/10\/Manuel-Alberto-Rivas-Pimienta-683x1024.jpg 683w, https:\/\/tonala.gob.mx\/portal\/wp-content\/uploads\/2024\/10\/Manuel-Alberto-Rivas-Pimienta-768x1152.jpg 768w, https:\/\/tonala.gob.mx\/portal\/wp-content\/uploads\/2024\/10\/Manuel-Alberto-Rivas-Pimienta-1024x1536.jpg 1024w, https:\/\/tonala.gob.mx\/portal\/wp-content\/uploads\/2024\/10\/Manuel-Alberto-Rivas-Pimienta-1365x2048.jpg 1365w\" sizes=\"(max-width: 400px) 100vw, 400px\" \/><span style=\"color: #000000;\"><\/span><span style=\"color: #000000;\"><\/span><\/td><td><strong>Manuel Alberto Rivas Pimienta<br><\/strong>Jefatura de Proyectos Urbanos<\/td><td>Tel\u00e9fono: 33 32 84 36 00 Ext.3616<br>Domicilio: Pino Su\u00e1rez 32 colonia Centro, Tonal\u00e1 Jalisco<br>Correo Electr\u00f3nico: <br>jef.proyectosurbanos@tonala.gob.mx<br>Curr\u00edculo<br>Agenda Oficial<\/td><\/tr><tr><td><img loading=\"lazy\" decoding=\"async\" width=\"400\" height=\"600\" class=\"wp-image-36364\" style=\"width: 400px;\" src=\"https:\/\/tonala.gob.mx\/portal\/wp-content\/uploads\/2024\/10\/SOFIA-RENTERIA-scaled.jpg\" alt=\"\" srcset=\"https:\/\/tonala.gob.mx\/portal\/wp-content\/uploads\/2024\/10\/SOFIA-RENTERIA-scaled.jpg 1707w, https:\/\/tonala.gob.mx\/portal\/wp-content\/uploads\/2024\/10\/SOFIA-RENTERIA-200x300.jpg 200w, https:\/\/tonala.gob.mx\/portal\/wp-content\/uploads\/2024\/10\/SOFIA-RENTERIA-683x1024.jpg 683w, https:\/\/tonala.gob.mx\/portal\/wp-content\/uploads\/2024\/10\/SOFIA-RENTERIA-768x1152.jpg 768w, https:\/\/tonala.gob.mx\/portal\/wp-content\/uploads\/2024\/10\/SOFIA-RENTERIA-1024x1536.jpg 1024w, https:\/\/tonala.gob.mx\/portal\/wp-content\/uploads\/2024\/10\/SOFIA-RENTERIA-1365x2048.jpg 1365w\" sizes=\"(max-width: 400px) 100vw, 400px\" \/><\/td><td><strong>Eva Sofia Renter\u00eda Barajas<\/strong><br>Direcci\u00f3n de Planeaci\u00f3n, Movilidad y Transporte<\/td><td><strong>Tel\u00e9fono:<\/strong> 33 32 84 36 00 Ext.<br><strong>Domicilio: <\/strong>Pino Su\u00e1rez 32 colonia Centro, Tonal\u00e1 Jalisco<br><strong>Correo Electr\u00f3nico: <\/strong><br>dir.movilidadytransporte@tonala.gob.mx<br>Curr\u00edculo<br>Agenda Oficial<\/td><\/tr><tr><td><span style=\"color: #000000;\">  <\/span> <img loading=\"lazy\" decoding=\"async\" width=\"400\" height=\"601\" class=\"wp-image-37263\" style=\"width: 400px;\" src=\"https:\/\/tonala.gob.mx\/portal\/wp-content\/uploads\/2025\/01\/ADRIANA-GUADALUPE-BAEZ-SAUCEDO-de-tamano-mediano.jpeg\" alt=\"\" srcset=\"https:\/\/tonala.gob.mx\/portal\/wp-content\/uploads\/2025\/01\/ADRIANA-GUADALUPE-BAEZ-SAUCEDO-de-tamano-mediano.jpeg 426w, https:\/\/tonala.gob.mx\/portal\/wp-content\/uploads\/2025\/01\/ADRIANA-GUADALUPE-BAEZ-SAUCEDO-de-tamano-mediano-200x300.jpeg 200w\" sizes=\"(max-width: 400px) 100vw, 400px\" \/><span style=\"color: #000000;\"><\/span><\/td><td><strong>Adriana Guadalupe B\u00e1ez Saucedo<br><\/strong>Jefatura de Planeaci\u00f3n<\/td><td>Tel\u00e9fono: 33 32 84 36 00 Ext.<br>Domicilio: Pino Su\u00e1rez 32 colonia Centro, Tonal\u00e1 Jalisco<br>Correo Electr\u00f3nico: <br>jef.planeacion@tonala.gob.mx<br>Curr\u00edculo<br>Agenda Oficial<\/td><\/tr><tr><td><img loading=\"lazy\" decoding=\"async\" width=\"400\" height=\"600\" class=\"wp-image-36672\" style=\"width: 400px;\" src=\"https:\/\/tonala.gob.mx\/portal\/wp-content\/uploads\/2024\/10\/Martha-Yolanda-Villanueva-Mondragon-scaled.jpg\" alt=\"\" srcset=\"https:\/\/tonala.gob.mx\/portal\/wp-content\/uploads\/2024\/10\/Martha-Yolanda-Villanueva-Mondragon-scaled.jpg 1707w, https:\/\/tonala.gob.mx\/portal\/wp-content\/uploads\/2024\/10\/Martha-Yolanda-Villanueva-Mondragon-200x300.jpg 200w, https:\/\/tonala.gob.mx\/portal\/wp-content\/uploads\/2024\/10\/Martha-Yolanda-Villanueva-Mondragon-683x1024.jpg 683w, https:\/\/tonala.gob.mx\/portal\/wp-content\/uploads\/2024\/10\/Martha-Yolanda-Villanueva-Mondragon-768x1152.jpg 768w, https:\/\/tonala.gob.mx\/portal\/wp-content\/uploads\/2024\/10\/Martha-Yolanda-Villanueva-Mondragon-1024x1536.jpg 1024w, https:\/\/tonala.gob.mx\/portal\/wp-content\/uploads\/2024\/10\/Martha-Yolanda-Villanueva-Mondragon-1365x2048.jpg 1365w\" sizes=\"(max-width: 400px) 100vw, 400px\" \/><\/td><td><strong>Martha Yolanda Villanueva Mondrag\u00f3n<br><\/strong>Jefatura de Movilidad T\u00e9cnica<\/td><td>Tel\u00e9fono: 33 32 84 36 00 Ext.3623, 3622<br>Domicilio: Pino Su\u00e1rez 32 colonia Centro, Tonal\u00e1 Jalisco<br>Correo Electr\u00f3nico: <br>@tonala.gob.mx<br>Curr\u00edculo<br>Agenda Oficial<\/td><\/tr><tr><td><img loading=\"lazy\" decoding=\"async\" width=\"400\" height=\"601\" class=\"wp-image-37265\" style=\"width: 400px;\" src=\"https:\/\/tonala.gob.mx\/portal\/wp-content\/uploads\/2025\/01\/MA-DE-JESUS-SUAREZ-ARELLANO-de-tamano-mediano.jpeg\" alt=\"\" srcset=\"https:\/\/tonala.gob.mx\/portal\/wp-content\/uploads\/2025\/01\/MA-DE-JESUS-SUAREZ-ARELLANO-de-tamano-mediano.jpeg 426w, https:\/\/tonala.gob.mx\/portal\/wp-content\/uploads\/2025\/01\/MA-DE-JESUS-SUAREZ-ARELLANO-de-tamano-mediano-200x300.jpeg 200w\" sizes=\"(max-width: 400px) 100vw, 400px\" \/><\/td><td><br><strong>Ma. de Jes\u00fas Suarez Arellano<br><\/strong>Jefatura de Estacionamientos<\/td><td><strong>Tel\u00e9fono:<\/strong> 33 32 84 36 23 <br><strong>Domicilio:<\/strong> Pino Su\u00e1rez 32 colonia Centro, Tonal\u00e1 Jalisco<br><strong>Correo Electr\u00f3nico: <\/strong><br>jef.estacionamientos@tonala.gob.mx<br>Curr\u00edculo<br>Agenda Oficial<\/td><\/tr><tr><td><img loading=\"lazy\" decoding=\"async\" width=\"400\" height=\"600\" class=\"wp-image-36307\" style=\"width: 400px;\" src=\"https:\/\/tonala.gob.mx\/portal\/wp-content\/uploads\/2024\/10\/ANA-PAULA-ALVAREZ-scaled.jpg\" alt=\"\" srcset=\"https:\/\/tonala.gob.mx\/portal\/wp-content\/uploads\/2024\/10\/ANA-PAULA-ALVAREZ-scaled.jpg 1707w, https:\/\/tonala.gob.mx\/portal\/wp-content\/uploads\/2024\/10\/ANA-PAULA-ALVAREZ-200x300.jpg 200w, https:\/\/tonala.gob.mx\/portal\/wp-content\/uploads\/2024\/10\/ANA-PAULA-ALVAREZ-683x1024.jpg 683w, https:\/\/tonala.gob.mx\/portal\/wp-content\/uploads\/2024\/10\/ANA-PAULA-ALVAREZ-768x1152.jpg 768w, https:\/\/tonala.gob.mx\/portal\/wp-content\/uploads\/2024\/10\/ANA-PAULA-ALVAREZ-1024x1536.jpg 1024w, https:\/\/tonala.gob.mx\/portal\/wp-content\/uploads\/2024\/10\/ANA-PAULA-ALVAREZ-1365x2048.jpg 1365w\" sizes=\"(max-width: 400px) 100vw, 400px\" \/><\/td><td><strong>Ana Paula \u00c1lvarez Rodr\u00edguez<\/strong><br><br>Direcci\u00f3n de Control de la Edificaci\u00f3n<\/td><td><strong>Tel\u00e9fono:<\/strong> 33 32 84 36 00 Ext.<br><strong>Domicilio:<\/strong> Pino Su\u00e1rez 32 colonia Centro, Tonal\u00e1 Jalisco<br><strong>Correo Electr\u00f3nico: <\/strong><br>dir.controledificacion@tonala.gob.mx<br>Curr\u00edculo<br><a href=\"https:\/\/portal-transparencia.tonala.gob.mx\/agenda-oficial-directora-de-control-de-edificacion-arq-ana-paula-alvarez-rodriguez\/\">Agenda Oficial<\/a><\/td><\/tr><tr><td><img loading=\"lazy\" decoding=\"async\" width=\"400\" height=\"600\" class=\"wp-image-36331\" style=\"width: 400px;\" src=\"https:\/\/tonala.gob.mx\/portal\/wp-content\/uploads\/2024\/10\/JOEL-AGUSTIN-BURIEL-scaled.jpg\" alt=\"\" srcset=\"https:\/\/tonala.gob.mx\/portal\/wp-content\/uploads\/2024\/10\/JOEL-AGUSTIN-BURIEL-scaled.jpg 1707w, https:\/\/tonala.gob.mx\/portal\/wp-content\/uploads\/2024\/10\/JOEL-AGUSTIN-BURIEL-200x300.jpg 200w, https:\/\/tonala.gob.mx\/portal\/wp-content\/uploads\/2024\/10\/JOEL-AGUSTIN-BURIEL-683x1024.jpg 683w, https:\/\/tonala.gob.mx\/portal\/wp-content\/uploads\/2024\/10\/JOEL-AGUSTIN-BURIEL-768x1152.jpg 768w, https:\/\/tonala.gob.mx\/portal\/wp-content\/uploads\/2024\/10\/JOEL-AGUSTIN-BURIEL-1024x1536.jpg 1024w, https:\/\/tonala.gob.mx\/portal\/wp-content\/uploads\/2024\/10\/JOEL-AGUSTIN-BURIEL-1365x2048.jpg 1365w\" sizes=\"(max-width: 400px) 100vw, 400px\" \/><\/td><td><strong>Joel Agust\u00edn Buriel Albino<\/strong><br><br>Jefatura de Control de la Edificaci\u00f3n<\/td><td><strong>Tel\u00e9fono: <\/strong>33 32 84 36 00 Ext.<br><strong>Domicilio:<\/strong> Pino Su\u00e1rez 32 colonia Centro, Tonal\u00e1 Jalisco<br><strong>Correo Electr\u00f3nico: <\/strong><br>jef.controledificacion@tonala.gob.mx<br>Curr\u00edculo<br><a href=\"https:\/\/portal-transparencia.tonala.gob.mx\/agenda-oficial-jefe-de-control-de-edificacion-arq-joel-agustin-buriel-albino\/\">Agenda Oficial<\/a><br><\/td><\/tr><tr><td><img loading=\"lazy\" decoding=\"async\" width=\"400\" height=\"600\" class=\"wp-image-36334\" style=\"width: 400px;\" src=\"https:\/\/tonala.gob.mx\/portal\/wp-content\/uploads\/2024\/10\/JORGE-ARIAS-scaled.jpg\" alt=\"\" srcset=\"https:\/\/tonala.gob.mx\/portal\/wp-content\/uploads\/2024\/10\/JORGE-ARIAS-scaled.jpg 1707w, https:\/\/tonala.gob.mx\/portal\/wp-content\/uploads\/2024\/10\/JORGE-ARIAS-200x300.jpg 200w, https:\/\/tonala.gob.mx\/portal\/wp-content\/uploads\/2024\/10\/JORGE-ARIAS-683x1024.jpg 683w, https:\/\/tonala.gob.mx\/portal\/wp-content\/uploads\/2024\/10\/JORGE-ARIAS-768x1152.jpg 768w, https:\/\/tonala.gob.mx\/portal\/wp-content\/uploads\/2024\/10\/JORGE-ARIAS-1024x1536.jpg 1024w, https:\/\/tonala.gob.mx\/portal\/wp-content\/uploads\/2024\/10\/JORGE-ARIAS-1365x2048.jpg 1365w\" sizes=\"(max-width: 400px) 100vw, 400px\" \/><\/td><td><strong>Jorge Arias Gonz\u00e1lez<\/strong><br><br>Direcci\u00f3n de Ecolog\u00eda y Cambio Clim\u00e1tico<\/td><td><strong>Tel\u00e9fono: <\/strong>33 32 84 36 00 Ext.<br><strong>Domicilio:<\/strong> Pino Su\u00e1rez 32 colonia Centro, Tonal\u00e1 Jalisco<br><strong>Correo Electr\u00f3nico: <\/strong><br>dir.ecologia@tonala.gob.mx<br>Curr\u00edculo<br>Agenda Oficial<\/td><\/tr><tr><td><img loading=\"lazy\" decoding=\"async\" width=\"400\" height=\"600\" class=\"wp-image-36320\" style=\"width: 400px;\" src=\"https:\/\/tonala.gob.mx\/portal\/wp-content\/uploads\/2024\/10\/FRANSCIO-RIVAS-CRUZ-scaled.jpg\" alt=\"\" srcset=\"https:\/\/tonala.gob.mx\/portal\/wp-content\/uploads\/2024\/10\/FRANSCIO-RIVAS-CRUZ-scaled.jpg 1707w, https:\/\/tonala.gob.mx\/portal\/wp-content\/uploads\/2024\/10\/FRANSCIO-RIVAS-CRUZ-200x300.jpg 200w, https:\/\/tonala.gob.mx\/portal\/wp-content\/uploads\/2024\/10\/FRANSCIO-RIVAS-CRUZ-683x1024.jpg 683w, https:\/\/tonala.gob.mx\/portal\/wp-content\/uploads\/2024\/10\/FRANSCIO-RIVAS-CRUZ-768x1152.jpg 768w, https:\/\/tonala.gob.mx\/portal\/wp-content\/uploads\/2024\/10\/FRANSCIO-RIVAS-CRUZ-1024x1536.jpg 1024w, https:\/\/tonala.gob.mx\/portal\/wp-content\/uploads\/2024\/10\/FRANSCIO-RIVAS-CRUZ-1365x2048.jpg 1365w\" sizes=\"(max-width: 400px) 100vw, 400px\" \/><\/td><td><strong>Francisco Cruz Rivas<\/strong><br><br>Jefatura de Dictaminaci\u00f3n Ambiental<\/td><td><strong>Tel\u00e9fono:<\/strong> 33 32 84 36 00 Ext.<br><strong>Domicilio: <\/strong>Pino Su\u00e1rez 32 colonia Centro, Tonal\u00e1 Jalisco<br><strong>Correo Electr\u00f3nico: <\/strong><br>jef.dictaminacionambiental@tonala.gob.mx<br>Curr\u00edculo<br>Agenda Oficial<\/td><\/tr><tr><td><img loading=\"lazy\" decoding=\"async\" width=\"400\" height=\"600\" class=\"wp-image-36675\" style=\"width: 400px;\" src=\"https:\/\/tonala.gob.mx\/portal\/wp-content\/uploads\/2024\/10\/Paul-Javier-Gonzalez-Sandoval-scaled.jpg\" alt=\"\" srcset=\"https:\/\/tonala.gob.mx\/portal\/wp-content\/uploads\/2024\/10\/Paul-Javier-Gonzalez-Sandoval-scaled.jpg 1707w, https:\/\/tonala.gob.mx\/portal\/wp-content\/uploads\/2024\/10\/Paul-Javier-Gonzalez-Sandoval-200x300.jpg 200w, https:\/\/tonala.gob.mx\/portal\/wp-content\/uploads\/2024\/10\/Paul-Javier-Gonzalez-Sandoval-683x1024.jpg 683w, https:\/\/tonala.gob.mx\/portal\/wp-content\/uploads\/2024\/10\/Paul-Javier-Gonzalez-Sandoval-768x1152.jpg 768w, https:\/\/tonala.gob.mx\/portal\/wp-content\/uploads\/2024\/10\/Paul-Javier-Gonzalez-Sandoval-1024x1536.jpg 1024w, https:\/\/tonala.gob.mx\/portal\/wp-content\/uploads\/2024\/10\/Paul-Javier-Gonzalez-Sandoval-1365x2048.jpg 1365w\" sizes=\"(max-width: 400px) 100vw, 400px\" \/><\/td><td><strong>Paul Javier Gonz\u00e1lez Sandoval<br><\/strong>Jefatura de Compensaci\u00f3n Ambiental y Arbolado<\/td><td>Tel\u00e9fono: 33 32 84 36 27<br>Domicilio: Pino Su\u00e1rez 32 colonia Centro, Tonal\u00e1 Jalisco<br>Correo Electr\u00f3nico: <br>jef.compensacionambiental@tonala.gob.mx<br>Curr\u00edculo<br>Agenda Oficial<\/td><\/tr><tr><td><img loading=\"lazy\" decoding=\"async\" width=\"400\" height=\"600\" class=\"wp-image-36333\" style=\"width: 400px;\" src=\"https:\/\/tonala.gob.mx\/portal\/wp-content\/uploads\/2024\/10\/JORGE-ANTONIO-ESTRADA-scaled.jpg\" alt=\"\" srcset=\"https:\/\/tonala.gob.mx\/portal\/wp-content\/uploads\/2024\/10\/JORGE-ANTONIO-ESTRADA-scaled.jpg 1707w, https:\/\/tonala.gob.mx\/portal\/wp-content\/uploads\/2024\/10\/JORGE-ANTONIO-ESTRADA-200x300.jpg 200w, https:\/\/tonala.gob.mx\/portal\/wp-content\/uploads\/2024\/10\/JORGE-ANTONIO-ESTRADA-683x1024.jpg 683w, https:\/\/tonala.gob.mx\/portal\/wp-content\/uploads\/2024\/10\/JORGE-ANTONIO-ESTRADA-768x1152.jpg 768w, https:\/\/tonala.gob.mx\/portal\/wp-content\/uploads\/2024\/10\/JORGE-ANTONIO-ESTRADA-1024x1536.jpg 1024w, https:\/\/tonala.gob.mx\/portal\/wp-content\/uploads\/2024\/10\/JORGE-ANTONIO-ESTRADA-1365x2048.jpg 1365w\" sizes=\"(max-width: 400px) 100vw, 400px\" \/><\/td><td><strong>Jorge Antonio Estrada Torres<\/strong><br><br>Jefatura de Normativa y Dictaminaci\u00f3n<\/td><td><strong>Tel\u00e9fono: <\/strong>33 32 84 36 00 Ext.<br><strong>Domicilio:<\/strong> Pino Su\u00e1rez 32 colonia Centro, Tonal\u00e1 Jalisco<br><strong>Correo Electr\u00f3nico: <\/strong><br>jef.normativaydictaminacion@tonala.gob.mx<br>Curr\u00edculo<br>Agenda Oficial<\/td><\/tr><tr><td><img loading=\"lazy\" decoding=\"async\" width=\"400\" height=\"600\" class=\"wp-image-36360\" style=\"width: 400px;\" src=\"https:\/\/tonala.gob.mx\/portal\/wp-content\/uploads\/2024\/10\/SALVADOR-BARRERA-HERNANDEZ-scaled.jpg\" alt=\"\" srcset=\"https:\/\/tonala.gob.mx\/portal\/wp-content\/uploads\/2024\/10\/SALVADOR-BARRERA-HERNANDEZ-scaled.jpg 1707w, https:\/\/tonala.gob.mx\/portal\/wp-content\/uploads\/2024\/10\/SALVADOR-BARRERA-HERNANDEZ-200x300.jpg 200w, https:\/\/tonala.gob.mx\/portal\/wp-content\/uploads\/2024\/10\/SALVADOR-BARRERA-HERNANDEZ-683x1024.jpg 683w, https:\/\/tonala.gob.mx\/portal\/wp-content\/uploads\/2024\/10\/SALVADOR-BARRERA-HERNANDEZ-768x1152.jpg 768w, https:\/\/tonala.gob.mx\/portal\/wp-content\/uploads\/2024\/10\/SALVADOR-BARRERA-HERNANDEZ-1024x1536.jpg 1024w, https:\/\/tonala.gob.mx\/portal\/wp-content\/uploads\/2024\/10\/SALVADOR-BARRERA-HERNANDEZ-1365x2048.jpg 1365w\" sizes=\"(max-width: 400px) 100vw, 400px\" \/><\/td><td><strong>Salvador Barrera Hern\u00e1ndez<\/strong><br><br>Jefatura de Dictaminaci\u00f3n a PyME\u00b4s y de Atenci\u00f3n Ciudadana<\/td><td><strong>Tel\u00e9fono:<\/strong> 33 32 84 36 00 Ext.<br><strong>Domicilio: <\/strong>Pino Su\u00e1rez 32 colonia Centro, Tonal\u00e1 Jalisco<br><strong>Correo Electr\u00f3nico: <\/strong><br>jef.dictaminacionapymes@tonala.gob.mx<br>Curr\u00edculo<br>Agenda Oficial<\/td><\/tr><\/tbody><\/table><\/figure>\n\n\n\n<p><\/p>\n","protected":false},"excerpt":{"rendered":"<p>Ver\u00f3nica Osorio G\u00e1ndaraDirecci\u00f3n General de Planeaci\u00f3n y Desarrollo Urbano Sustentable Tel\u00e9fono: 33 32 84 36 00 Ext.Domicilio: Pino Su\u00e1rez 32<\/p>\n","protected":false},"author":1,"featured_media":0,"parent":0,"menu_order":0,"comment_status":"closed","ping_status":"closed","template":"","meta":{"colormag_page_container_layout":"default_layout","colormag_page_sidebar_layout":"default_layout","footnotes":""},"class_list":["post-539","page","type-page","status-publish","hentry"],"_links":{"self":[{"href":"https:\/\/tonala.gob.mx\/portal\/wp-json\/wp\/v2\/pages\/539","targetHints":{"allow":["GET"]}}],"collection":[{"href":"https:\/\/tonala.gob.mx\/portal\/wp-json\/wp\/v2\/pages"}],"about":[{"href":"https:\/\/tonala.gob.mx\/portal\/wp-json\/wp\/v2\/types\/page"}],"author":[{"embeddable":true,"href":"https:\/\/tonala.gob.mx\/portal\/wp-json\/wp\/v2\/users\/1"}],"replies":[{"embeddable":true,"href":"https:\/\/tonala.gob.mx\/portal\/wp-json\/wp\/v2\/comments?post=539"}],"version-history":[{"count":109,"href":"https:\/\/tonala.gob.mx\/portal\/wp-json\/wp\/v2\/pages\/539\/revisions"}],"predecessor-version":[{"id":38477,"href":"https:\/\/tonala.gob.mx\/portal\/wp-json\/wp\/v2\/pages\/539\/revisions\/38477"}],"wp:attachment":[{"href":"https:\/\/tonala.gob.mx\/portal\/wp-json\/wp\/v2\/media?parent=539"}],"curies":[{"name":"wp","href":"https:\/\/api.w.org\/{rel}","templated":true}]}}