{"id":537,"date":"2015-11-17T19:31:41","date_gmt":"2015-11-17T19:31:41","guid":{"rendered":"http:\/\/tonala.gob.mx\/portal\/?page_id=537"},"modified":"2026-02-17T14:57:18","modified_gmt":"2026-02-17T20:57:18","slug":"direccion-general-de-obras-publicas","status":"publish","type":"page","link":"https:\/\/tonala.gob.mx\/portal\/direccion-general-de-obras-publicas\/","title":{"rendered":""},"content":{"rendered":"\n<p class=\"has-medium-font-size\"><strong><a href=\"https:\/\/tonala.gob.mx\/portal\/informacion-importante-de-obra-publica\/\">Informaci\u00f3n importante<\/a><\/strong><\/p>\n\n\n\n<p class=\"has-x-large-font-size\"><strong>Direcci\u00f3n General de Obras P\u00fablicas<\/strong><\/p>\n\n\n\n<figure class=\"wp-block-table\"><table class=\"has-fixed-layout\"><tbody><tr><td><img fetchpriority=\"high\" decoding=\"async\" width=\"400\" height=\"600\" class=\"wp-image-36465\" style=\"width: 400px;\" src=\"https:\/\/tonala.gob.mx\/portal\/wp-content\/uploads\/2024\/10\/MARIO-SANTIAGO-scaled.jpg\" alt=\"\" srcset=\"https:\/\/tonala.gob.mx\/portal\/wp-content\/uploads\/2024\/10\/MARIO-SANTIAGO-scaled.jpg 1707w, https:\/\/tonala.gob.mx\/portal\/wp-content\/uploads\/2024\/10\/MARIO-SANTIAGO-200x300.jpg 200w, https:\/\/tonala.gob.mx\/portal\/wp-content\/uploads\/2024\/10\/MARIO-SANTIAGO-683x1024.jpg 683w, https:\/\/tonala.gob.mx\/portal\/wp-content\/uploads\/2024\/10\/MARIO-SANTIAGO-768x1152.jpg 768w, https:\/\/tonala.gob.mx\/portal\/wp-content\/uploads\/2024\/10\/MARIO-SANTIAGO-1024x1536.jpg 1024w, https:\/\/tonala.gob.mx\/portal\/wp-content\/uploads\/2024\/10\/MARIO-SANTIAGO-1365x2048.jpg 1365w\" sizes=\"(max-width: 400px) 100vw, 400px\" \/><\/td><td><strong>Mario Santiago Vel\u00e1zquez<br><\/strong>Direcci\u00f3n General de Obras P\u00fablicas<\/td><td>Tel\u00e9fono: 33 32 84 36 00 Ext. 3603<br><strong>Domicilio:<\/strong> Pino Su\u00e1rez 32 colonia Centro, Tonal\u00e1 Jalisco<br><strong>Correo Electr\u00f3nico:<\/strong> <br>dir.generalobraspublicas@tonala.gob.mx<br>Curr\u00edculo<br><a href=\"https:\/\/portal-transparencia.tonala.gob.mx\/agenda-oficial-director-general-de-obras-publicas-arq-mario-santiago-velazquez\/\">Agenda Oficial<\/a><\/td><\/tr><tr><td><img decoding=\"async\" width=\"400\" height=\"600\" class=\"wp-image-36358\" style=\"width: 400px;\" src=\"https:\/\/tonala.gob.mx\/portal\/wp-content\/uploads\/2024\/10\/RODRIGO-GRANADOS-scaled.jpg\" alt=\"\" srcset=\"https:\/\/tonala.gob.mx\/portal\/wp-content\/uploads\/2024\/10\/RODRIGO-GRANADOS-scaled.jpg 1707w, https:\/\/tonala.gob.mx\/portal\/wp-content\/uploads\/2024\/10\/RODRIGO-GRANADOS-200x300.jpg 200w, https:\/\/tonala.gob.mx\/portal\/wp-content\/uploads\/2024\/10\/RODRIGO-GRANADOS-683x1024.jpg 683w, https:\/\/tonala.gob.mx\/portal\/wp-content\/uploads\/2024\/10\/RODRIGO-GRANADOS-768x1152.jpg 768w, https:\/\/tonala.gob.mx\/portal\/wp-content\/uploads\/2024\/10\/RODRIGO-GRANADOS-1024x1536.jpg 1024w, https:\/\/tonala.gob.mx\/portal\/wp-content\/uploads\/2024\/10\/RODRIGO-GRANADOS-1365x2048.jpg 1365w\" sizes=\"(max-width: 400px) 100vw, 400px\" \/><\/td><td><strong>Rodrigo Ad\u00e1n Granados Ramos<\/strong><br>Direcci\u00f3n T\u00e9cnica<\/td><td>Tel\u00e9fono: 33 32 84 36 00 Ext. 3608<br>Domicilio: Pino Su\u00e1rez 32 colonia Centro, Tonal\u00e1 Jalisco<br>Correo Electr\u00f3nico: <br>dir.tecnicaobraspublicas@tonala.gob.mx<br>Curr\u00edculo<br><a href=\"https:\/\/portal-transparencia.tonala.gob.mx\/agenda-oficial-director-tecnica-arq-rodrigo-adan-granados-ramos\/\">Agenda Oficial<\/a><\/td><\/tr><tr><td><img decoding=\"async\" width=\"400\" height=\"600\" class=\"wp-image-36439\" style=\"width: 400px;\" src=\"https:\/\/tonala.gob.mx\/portal\/wp-content\/uploads\/2024\/10\/Ernesto-Marquez-Rodriguez-scaled.jpg\" alt=\"\" srcset=\"https:\/\/tonala.gob.mx\/portal\/wp-content\/uploads\/2024\/10\/Ernesto-Marquez-Rodriguez-scaled.jpg 1707w, https:\/\/tonala.gob.mx\/portal\/wp-content\/uploads\/2024\/10\/Ernesto-Marquez-Rodriguez-200x300.jpg 200w, https:\/\/tonala.gob.mx\/portal\/wp-content\/uploads\/2024\/10\/Ernesto-Marquez-Rodriguez-683x1024.jpg 683w, https:\/\/tonala.gob.mx\/portal\/wp-content\/uploads\/2024\/10\/Ernesto-Marquez-Rodriguez-768x1152.jpg 768w, https:\/\/tonala.gob.mx\/portal\/wp-content\/uploads\/2024\/10\/Ernesto-Marquez-Rodriguez-1024x1536.jpg 1024w, https:\/\/tonala.gob.mx\/portal\/wp-content\/uploads\/2024\/10\/Ernesto-Marquez-Rodriguez-1365x2048.jpg 1365w\" sizes=\"(max-width: 400px) 100vw, 400px\" \/><\/td><td><strong>Ernesto M\u00e1rquez Rodr\u00edguez<\/strong><br>Jefatura de Topograf\u00eda<\/td><td><strong>Tel\u00e9fono:<\/strong> <strong><strong>33 32 84 36 00<\/strong><\/strong> Ext. 3608<br><strong>Domicilio: <\/strong>Pino Su\u00e1rez 32 colonia Centro, Tonal\u00e1 Jalisco<br><strong>Correo Electr\u00f3nico: <\/strong><br>jef.topografia@tonala.gob.mx<br>Curr\u00edculo<br><a href=\"https:\/\/portal-transparencia.tonala.gob.mx\/agenda-oficial-jefe-de-topografia-ing-ernesto-marquez-rodriguez\/\">Agenda Oficial<\/a><\/td><\/tr><tr><td><img loading=\"lazy\" decoding=\"async\" width=\"400\" height=\"600\" class=\"wp-image-36359\" style=\"width: 400px;\" src=\"https:\/\/tonala.gob.mx\/portal\/wp-content\/uploads\/2024\/10\/ROSALBA-GARCIA-DURON-scaled.jpg\" alt=\"\" srcset=\"https:\/\/tonala.gob.mx\/portal\/wp-content\/uploads\/2024\/10\/ROSALBA-GARCIA-DURON-scaled.jpg 1707w, https:\/\/tonala.gob.mx\/portal\/wp-content\/uploads\/2024\/10\/ROSALBA-GARCIA-DURON-200x300.jpg 200w, https:\/\/tonala.gob.mx\/portal\/wp-content\/uploads\/2024\/10\/ROSALBA-GARCIA-DURON-683x1024.jpg 683w, https:\/\/tonala.gob.mx\/portal\/wp-content\/uploads\/2024\/10\/ROSALBA-GARCIA-DURON-768x1152.jpg 768w, https:\/\/tonala.gob.mx\/portal\/wp-content\/uploads\/2024\/10\/ROSALBA-GARCIA-DURON-1024x1536.jpg 1024w, https:\/\/tonala.gob.mx\/portal\/wp-content\/uploads\/2024\/10\/ROSALBA-GARCIA-DURON-1365x2048.jpg 1365w\" sizes=\"(max-width: 400px) 100vw, 400px\" \/><\/td><td><strong>Rosalba Garc\u00eda Dur\u00f3n<\/strong><br>Jefatura de Proyectos<\/td><td><strong>Tel\u00e9fono:<\/strong> 33 32 84 36 00 Ext. 3606<br><strong>Domicilio:<\/strong> Pino Su\u00e1rez 32 colonia Centro, Tonal\u00e1 Jalisco<br><strong>Correo Electr\u00f3nico: <\/strong><br>jef.proyectos@tonala.gob.mx<br>Curr\u00edculo<br><a href=\"https:\/\/portal-transparencia.tonala.gob.mx\/agenda-oficial-jefa-de-proyectos-ing-rosalba-garcia-duron\/\">Agenda Oficial<\/a><\/td><\/tr><tr><td><img loading=\"lazy\" decoding=\"async\" width=\"400\" height=\"600\" class=\"wp-image-36665\" style=\"width: 400px;\" src=\"https:\/\/tonala.gob.mx\/portal\/wp-content\/uploads\/2024\/10\/Jose-Luis-Magallon-Mujica-scaled.jpg\" alt=\"\" srcset=\"https:\/\/tonala.gob.mx\/portal\/wp-content\/uploads\/2024\/10\/Jose-Luis-Magallon-Mujica-scaled.jpg 1707w, https:\/\/tonala.gob.mx\/portal\/wp-content\/uploads\/2024\/10\/Jose-Luis-Magallon-Mujica-200x300.jpg 200w, https:\/\/tonala.gob.mx\/portal\/wp-content\/uploads\/2024\/10\/Jose-Luis-Magallon-Mujica-683x1024.jpg 683w, https:\/\/tonala.gob.mx\/portal\/wp-content\/uploads\/2024\/10\/Jose-Luis-Magallon-Mujica-768x1152.jpg 768w, https:\/\/tonala.gob.mx\/portal\/wp-content\/uploads\/2024\/10\/Jose-Luis-Magallon-Mujica-1024x1536.jpg 1024w, https:\/\/tonala.gob.mx\/portal\/wp-content\/uploads\/2024\/10\/Jose-Luis-Magallon-Mujica-1365x2048.jpg 1365w\" sizes=\"(max-width: 400px) 100vw, 400px\" \/><\/td><td><br><strong>Jos\u00e9 Magall\u00f3n Mojica<\/strong><br>Jefatura de Supervisi\u00f3n de Obra P\u00fablica<\/td><td>Tel\u00e9fono: <strong><strong>33 32 84 36 00<\/strong><\/strong> Ext. <br>Domicilio: Pino Su\u00e1rez 32 colonia Centro, Tonal\u00e1 Jalisco<br>Correo Electr\u00f3nico: <br>jef.supervisionobrapublica@tonala.gob.mx<br>Curr\u00edculo<br>Agenda Oficial<\/td><\/tr><tr><td><\/td><td><br>Jefatura de Costos y Presupuestos<br><\/td><td>Tel\u00e9fono: <strong><strong>33 32 84 36 00<\/strong><\/strong> Ext. <br>Domicilio: Pino Su\u00e1rez 32 colonia Centro, Tonal\u00e1 Jalisco<br>Correo Electr\u00f3nico: <br>@tonala.gob.mx<br>Curr\u00edculo<br>Agenda Oficial<\/td><\/tr><tr><td><img loading=\"lazy\" decoding=\"async\" width=\"400\" height=\"600\" class=\"wp-image-36669\" style=\"width: 400px;\" src=\"https:\/\/tonala.gob.mx\/portal\/wp-content\/uploads\/2024\/10\/Lidia-Ramona-Bernache-Hernandez-scaled.jpg\" alt=\"\" srcset=\"https:\/\/tonala.gob.mx\/portal\/wp-content\/uploads\/2024\/10\/Lidia-Ramona-Bernache-Hernandez-scaled.jpg 1707w, https:\/\/tonala.gob.mx\/portal\/wp-content\/uploads\/2024\/10\/Lidia-Ramona-Bernache-Hernandez-200x300.jpg 200w, https:\/\/tonala.gob.mx\/portal\/wp-content\/uploads\/2024\/10\/Lidia-Ramona-Bernache-Hernandez-683x1024.jpg 683w, https:\/\/tonala.gob.mx\/portal\/wp-content\/uploads\/2024\/10\/Lidia-Ramona-Bernache-Hernandez-768x1152.jpg 768w, https:\/\/tonala.gob.mx\/portal\/wp-content\/uploads\/2024\/10\/Lidia-Ramona-Bernache-Hernandez-1024x1536.jpg 1024w, https:\/\/tonala.gob.mx\/portal\/wp-content\/uploads\/2024\/10\/Lidia-Ramona-Bernache-Hernandez-1365x2048.jpg 1365w\" sizes=\"(max-width: 400px) 100vw, 400px\" \/><\/td><td><strong>Lidia Ramona Bernache Hern\u00e1ndez<br><\/strong>Direcci\u00f3n de Normatividad<\/td><td>Tel\u00e9fono: 33 32 84 36 00 Ext.3610<br>Domicilio: Pino Su\u00e1rez 32 colonia Centro, Tonal\u00e1 Jalisco<br>Correo Electr\u00f3nico: <br>dir.normatividad@tonala.gob.mx<br>Curr\u00edculo<br><a href=\"https:\/\/portal-transparencia.tonala.gob.mx\/agenda-oficial-directora-de-infraestructura-urbana-lic-lidia-ramona-bernache-hernandez\/\">Agenda Oficial<\/a><\/td><\/tr><tr><td><img loading=\"lazy\" decoding=\"async\" width=\"400\" height=\"600\" class=\"wp-image-36507\" style=\"width: 400px;\" src=\"https:\/\/tonala.gob.mx\/portal\/wp-content\/uploads\/2024\/10\/JORGE-ALFREDO-MATEOS-scaled.jpg\" alt=\"\" srcset=\"https:\/\/tonala.gob.mx\/portal\/wp-content\/uploads\/2024\/10\/JORGE-ALFREDO-MATEOS-scaled.jpg 1707w, https:\/\/tonala.gob.mx\/portal\/wp-content\/uploads\/2024\/10\/JORGE-ALFREDO-MATEOS-200x300.jpg 200w, https:\/\/tonala.gob.mx\/portal\/wp-content\/uploads\/2024\/10\/JORGE-ALFREDO-MATEOS-683x1024.jpg 683w, https:\/\/tonala.gob.mx\/portal\/wp-content\/uploads\/2024\/10\/JORGE-ALFREDO-MATEOS-768x1152.jpg 768w, https:\/\/tonala.gob.mx\/portal\/wp-content\/uploads\/2024\/10\/JORGE-ALFREDO-MATEOS-1024x1536.jpg 1024w, https:\/\/tonala.gob.mx\/portal\/wp-content\/uploads\/2024\/10\/JORGE-ALFREDO-MATEOS-1365x2048.jpg 1365w\" sizes=\"(max-width: 400px) 100vw, 400px\" \/><\/td><td><br><strong>Jorge Alfredo Mateos Maestro<\/strong><br>Jefatura Administrativa de Control y Seguimiento<\/td><td><strong>Tel\u00e9fono:<\/strong> 33 32 84 36 10 Ext.3610<br><strong>Domicilio:<\/strong> Pino Su\u00e1rez 32 colonia Centro, Tonal\u00e1 Jalisco<br><strong>Correo Electr\u00f3nico: <\/strong><br>jef.controlyseguimiento@tonala.gob.mx<br>Curr\u00edculo<br><a href=\"https:\/\/portal-transparencia.tonala.gob.mx\/agenda-oficial-jefe-de-infraestructura-urbana-ing-jorge-alfredo-mateos-maestro\/\">Agenda Oficial<\/a><\/td><\/tr><\/tbody><\/table><\/figure>\n","protected":false},"excerpt":{"rendered":"<p>Informaci\u00f3n importante Direcci\u00f3n General de Obras P\u00fablicas Mario Santiago Vel\u00e1zquezDirecci\u00f3n General de Obras P\u00fablicas Tel\u00e9fono: 33 32 84 36 00<\/p>\n","protected":false},"author":1,"featured_media":0,"parent":0,"menu_order":0,"comment_status":"closed","ping_status":"closed","template":"","meta":{"colormag_page_container_layout":"default_layout","colormag_page_sidebar_layout":"default_layout","footnotes":""},"class_list":["post-537","page","type-page","status-publish","hentry"],"_links":{"self":[{"href":"https:\/\/tonala.gob.mx\/portal\/wp-json\/wp\/v2\/pages\/537","targetHints":{"allow":["GET"]}}],"collection":[{"href":"https:\/\/tonala.gob.mx\/portal\/wp-json\/wp\/v2\/pages"}],"about":[{"href":"https:\/\/tonala.gob.mx\/portal\/wp-json\/wp\/v2\/types\/page"}],"author":[{"embeddable":true,"href":"https:\/\/tonala.gob.mx\/portal\/wp-json\/wp\/v2\/users\/1"}],"replies":[{"embeddable":true,"href":"https:\/\/tonala.gob.mx\/portal\/wp-json\/wp\/v2\/comments?post=537"}],"version-history":[{"count":100,"href":"https:\/\/tonala.gob.mx\/portal\/wp-json\/wp\/v2\/pages\/537\/revisions"}],"predecessor-version":[{"id":38584,"href":"https:\/\/tonala.gob.mx\/portal\/wp-json\/wp\/v2\/pages\/537\/revisions\/38584"}],"wp:attachment":[{"href":"https:\/\/tonala.gob.mx\/portal\/wp-json\/wp\/v2\/media?parent=537"}],"curies":[{"name":"wp","href":"https:\/\/api.w.org\/{rel}","templated":true}]}}