{"id":535,"date":"2015-11-17T19:31:21","date_gmt":"2015-11-17T19:31:21","guid":{"rendered":"http:\/\/tonala.gob.mx\/portal\/?page_id=535"},"modified":"2025-07-24T09:43:25","modified_gmt":"2025-07-24T15:43:25","slug":"direccion-general-de-atraccion-de-la-inversion","status":"publish","type":"page","link":"https:\/\/tonala.gob.mx\/portal\/direccion-general-de-atraccion-de-la-inversion\/","title":{"rendered":"Direcci\u00f3n General de Atracci\u00f3n de la Inversi\u00f3n"},"content":{"rendered":"\n<figure class=\"wp-block-table\"><table class=\"has-fixed-layout\"><tbody><tr><td><img fetchpriority=\"high\" decoding=\"async\" width=\"400\" height=\"600\" class=\"wp-image-36306\" style=\"width: 400px;\" src=\"https:\/\/tonala.gob.mx\/portal\/wp-content\/uploads\/2024\/10\/ALFONOSO-OLVERA-scaled.jpg\" alt=\"\" srcset=\"https:\/\/tonala.gob.mx\/portal\/wp-content\/uploads\/2024\/10\/ALFONOSO-OLVERA-scaled.jpg 1707w, https:\/\/tonala.gob.mx\/portal\/wp-content\/uploads\/2024\/10\/ALFONOSO-OLVERA-200x300.jpg 200w, https:\/\/tonala.gob.mx\/portal\/wp-content\/uploads\/2024\/10\/ALFONOSO-OLVERA-683x1024.jpg 683w, https:\/\/tonala.gob.mx\/portal\/wp-content\/uploads\/2024\/10\/ALFONOSO-OLVERA-768x1152.jpg 768w, https:\/\/tonala.gob.mx\/portal\/wp-content\/uploads\/2024\/10\/ALFONOSO-OLVERA-1024x1536.jpg 1024w, https:\/\/tonala.gob.mx\/portal\/wp-content\/uploads\/2024\/10\/ALFONOSO-OLVERA-1365x2048.jpg 1365w\" sizes=\"(max-width: 400px) 100vw, 400px\" \/><\/td><td><strong>Alfonso Olvera Huerta<\/strong><br><br>Direcci\u00f3n General de Atracci\u00f3n de la Inversi\u00f3n<\/td><td><strong>Tel\u00e9fono:<\/strong> 33 38 37 37 90<br><strong>Domicilio:<\/strong> Av. Rio Nilo 8096, Colonia Loma Dorada, Tonal\u00e1 Jalisco<br><strong>Correo Electr\u00f3nico:<\/strong> atracciondelainversion@tonala.gob.mx<br><br>Curr\u00edculo<br>Agenda Oficial<\/td><\/tr><tr><td><img decoding=\"async\" width=\"400\" height=\"600\" class=\"wp-image-36305\" style=\"width: 400px;\" src=\"https:\/\/tonala.gob.mx\/portal\/wp-content\/uploads\/2024\/10\/ALBERTO-VILLA-scaled.jpg\" alt=\"\" srcset=\"https:\/\/tonala.gob.mx\/portal\/wp-content\/uploads\/2024\/10\/ALBERTO-VILLA-scaled.jpg 1707w, https:\/\/tonala.gob.mx\/portal\/wp-content\/uploads\/2024\/10\/ALBERTO-VILLA-200x300.jpg 200w, https:\/\/tonala.gob.mx\/portal\/wp-content\/uploads\/2024\/10\/ALBERTO-VILLA-683x1024.jpg 683w, https:\/\/tonala.gob.mx\/portal\/wp-content\/uploads\/2024\/10\/ALBERTO-VILLA-768x1152.jpg 768w, https:\/\/tonala.gob.mx\/portal\/wp-content\/uploads\/2024\/10\/ALBERTO-VILLA-1024x1536.jpg 1024w, https:\/\/tonala.gob.mx\/portal\/wp-content\/uploads\/2024\/10\/ALBERTO-VILLA-1365x2048.jpg 1365w\" sizes=\"(max-width: 400px) 100vw, 400px\" \/><\/td><td><strong>Jos\u00e9 Alberto Villa Ja\u00faregui<\/strong><br>Direcci\u00f3n de Promoci\u00f3n Econ\u00f3mica<\/td><td><strong>Tel\u00e9fono:<\/strong> 33 38 37 37 90 EXT.3737, 3735<br><strong>Domicilio:<\/strong> Av. Rio Nilo 8097, Colonia Loma Dorada, Tonal\u00e1 Jalisco<br>Correo Electr\u00f3nico: <br>dir.promocioneconomica@tonala.gob.mx<br><br>Curr\u00edculo<br><a href=\"https:\/\/portal-transparencia.tonala.gob.mx\/agenda-oficial-director-de-promocion-economica-lian-jose-alberto-villa-jauregui\/\">Agenda Oficial<\/a><\/td><\/tr><tr><td><img decoding=\"async\" width=\"400\" height=\"600\" class=\"wp-image-36452\" style=\"width: 400px;\" src=\"https:\/\/tonala.gob.mx\/portal\/wp-content\/uploads\/2024\/10\/Jose-Trino-Campechano-Joaquin-scaled.jpg\" alt=\"\" srcset=\"https:\/\/tonala.gob.mx\/portal\/wp-content\/uploads\/2024\/10\/Jose-Trino-Campechano-Joaquin-scaled.jpg 1707w, https:\/\/tonala.gob.mx\/portal\/wp-content\/uploads\/2024\/10\/Jose-Trino-Campechano-Joaquin-200x300.jpg 200w, https:\/\/tonala.gob.mx\/portal\/wp-content\/uploads\/2024\/10\/Jose-Trino-Campechano-Joaquin-683x1024.jpg 683w, https:\/\/tonala.gob.mx\/portal\/wp-content\/uploads\/2024\/10\/Jose-Trino-Campechano-Joaquin-768x1152.jpg 768w, https:\/\/tonala.gob.mx\/portal\/wp-content\/uploads\/2024\/10\/Jose-Trino-Campechano-Joaquin-1024x1536.jpg 1024w, https:\/\/tonala.gob.mx\/portal\/wp-content\/uploads\/2024\/10\/Jose-Trino-Campechano-Joaquin-1365x2048.jpg 1365w\" sizes=\"(max-width: 400px) 100vw, 400px\" \/><\/td><td><strong>Jos\u00e9 Trino Campechano Joaqu\u00edn<\/strong><br><br>Jefatura de Fomento Agropecuario<\/td><td><strong>Tel\u00e9fono:<\/strong> 33 38 37 40 81 <br><strong>Domicilio: <\/strong>Aldama 07, Colonia El Mirador, Tonal\u00e1 Jalisco<br><strong>Correo Electr\u00f3nico:<\/strong> <br>jef.fomentoagropecuario@tonala.gob.mx<br><br>Curr\u00edculo<br>Agenda Oficial<\/td><\/tr><tr><td><img loading=\"lazy\" decoding=\"async\" width=\"400\" height=\"600\" class=\"wp-image-36453\" style=\"width: 400px;\" src=\"https:\/\/tonala.gob.mx\/portal\/wp-content\/uploads\/2024\/10\/Juan-C.-Nuno-Gomez-scaled.jpg\" alt=\"\" srcset=\"https:\/\/tonala.gob.mx\/portal\/wp-content\/uploads\/2024\/10\/Juan-C.-Nuno-Gomez-scaled.jpg 1707w, https:\/\/tonala.gob.mx\/portal\/wp-content\/uploads\/2024\/10\/Juan-C.-Nuno-Gomez-200x300.jpg 200w, https:\/\/tonala.gob.mx\/portal\/wp-content\/uploads\/2024\/10\/Juan-C.-Nuno-Gomez-683x1024.jpg 683w, https:\/\/tonala.gob.mx\/portal\/wp-content\/uploads\/2024\/10\/Juan-C.-Nuno-Gomez-768x1152.jpg 768w, https:\/\/tonala.gob.mx\/portal\/wp-content\/uploads\/2024\/10\/Juan-C.-Nuno-Gomez-1024x1536.jpg 1024w, https:\/\/tonala.gob.mx\/portal\/wp-content\/uploads\/2024\/10\/Juan-C.-Nuno-Gomez-1365x2048.jpg 1365w\" sizes=\"(max-width: 400px) 100vw, 400px\" \/><\/td><td><strong>Juan Carlos  Nu\u00f1o G\u00f3mez<\/strong><br><br>Direcci\u00f3n de Turismo<\/td><td><strong>Tel\u00e9fono: <\/strong>33 35 86 60 00 Ext. 1170, 1171, 1172<br><strong>Domicilio: <\/strong>Morelos 180 Colonia Centro, Tonal\u00e1 Jalisco<br><strong>Correo Electr\u00f3nico:<\/strong> <br>dir.turismo@tonala.gob.mx<br><br>Curr\u00edculo<br>Agenda Oficial<\/td><\/tr><tr><td><img loading=\"lazy\" decoding=\"async\" width=\"400\" height=\"600\" class=\"wp-image-36357\" style=\"width: 400px;\" src=\"https:\/\/tonala.gob.mx\/portal\/wp-content\/uploads\/2024\/10\/ROBERTO-PEREZ-MAGDALENO-scaled.jpg\" alt=\"\" srcset=\"https:\/\/tonala.gob.mx\/portal\/wp-content\/uploads\/2024\/10\/ROBERTO-PEREZ-MAGDALENO-scaled.jpg 1707w, https:\/\/tonala.gob.mx\/portal\/wp-content\/uploads\/2024\/10\/ROBERTO-PEREZ-MAGDALENO-200x300.jpg 200w, https:\/\/tonala.gob.mx\/portal\/wp-content\/uploads\/2024\/10\/ROBERTO-PEREZ-MAGDALENO-683x1024.jpg 683w, https:\/\/tonala.gob.mx\/portal\/wp-content\/uploads\/2024\/10\/ROBERTO-PEREZ-MAGDALENO-768x1152.jpg 768w, https:\/\/tonala.gob.mx\/portal\/wp-content\/uploads\/2024\/10\/ROBERTO-PEREZ-MAGDALENO-1024x1536.jpg 1024w, https:\/\/tonala.gob.mx\/portal\/wp-content\/uploads\/2024\/10\/ROBERTO-PEREZ-MAGDALENO-1365x2048.jpg 1365w\" sizes=\"(max-width: 400px) 100vw, 400px\" \/><\/td><td><strong>Roberto P\u00e9rez Magdaleno<\/strong><br><br>Direcci\u00f3n de Cultura<\/td><td><strong>Tel\u00e9fono: <\/strong>33 35 86 60 00 Ext.1521, 1523<br><strong>Domicilio: <\/strong>Morelos 180 Colonia Centro, Tonal\u00e1 Jalisco<br><strong>Correo Electr\u00f3nico: <\/strong><br>dir.cultura@tonala.gob.mx<br><br>Curr\u00edculo<br><a href=\"https:\/\/portal-transparencia.tonala.gob.mx\/agenda-oficial-director-de-cultura-roberto-perez-magdaleno\/\">Agenda Oficial<\/a><\/td><\/tr><tr><td><img loading=\"lazy\" decoding=\"async\" width=\"400\" height=\"600\" class=\"wp-image-37752\" style=\"width: 400px;\" src=\"https:\/\/tonala.gob.mx\/portal\/wp-content\/uploads\/2025\/07\/rufino-arteaga.jpg\" alt=\"\" srcset=\"https:\/\/tonala.gob.mx\/portal\/wp-content\/uploads\/2025\/07\/rufino-arteaga.jpg 853w, https:\/\/tonala.gob.mx\/portal\/wp-content\/uploads\/2025\/07\/rufino-arteaga-200x300.jpg 200w, https:\/\/tonala.gob.mx\/portal\/wp-content\/uploads\/2025\/07\/rufino-arteaga-682x1024.jpg 682w, https:\/\/tonala.gob.mx\/portal\/wp-content\/uploads\/2025\/07\/rufino-arteaga-768x1152.jpg 768w\" sizes=\"(max-width: 400px) 100vw, 400px\" \/><\/td><td><br><strong>Rufino Arteaga Barraza <\/strong><br>Jefatura Operativa de Cultura<\/td><td><strong>Tel\u00e9fono: <\/strong>33 35 86 60 00 Ext.1521<br><strong>Domicilio:<\/strong> Morelos 180 Colonia Centro, Tonal\u00e1 Jalisco<br><strong>Correo Electr\u00f3nico: <\/strong><br>jef.operativacultura@tonala.gob.mx<br><br>Curr\u00edculo<br><a href=\"https:\/\/portal-transparencia.tonala.gob.mx\/agenda-oficial-jefe-operativo-cultural-jesus-ramirez-alvarado\/\">Agenda Oficial<\/a><\/td><\/tr><\/tbody><\/table><\/figure>\n","protected":false},"excerpt":{"rendered":"<p>Alfonso Olvera Huerta Direcci\u00f3n General de Atracci\u00f3n de la Inversi\u00f3n Tel\u00e9fono: 33 38 37 37 90Domicilio: Av. Rio Nilo 8096,<\/p>\n","protected":false},"author":1,"featured_media":0,"parent":0,"menu_order":0,"comment_status":"closed","ping_status":"closed","template":"","meta":{"colormag_page_container_layout":"default_layout","colormag_page_sidebar_layout":"default_layout","footnotes":""},"class_list":["post-535","page","type-page","status-publish","hentry"],"_links":{"self":[{"href":"https:\/\/tonala.gob.mx\/portal\/wp-json\/wp\/v2\/pages\/535","targetHints":{"allow":["GET"]}}],"collection":[{"href":"https:\/\/tonala.gob.mx\/portal\/wp-json\/wp\/v2\/pages"}],"about":[{"href":"https:\/\/tonala.gob.mx\/portal\/wp-json\/wp\/v2\/types\/page"}],"author":[{"embeddable":true,"href":"https:\/\/tonala.gob.mx\/portal\/wp-json\/wp\/v2\/users\/1"}],"replies":[{"embeddable":true,"href":"https:\/\/tonala.gob.mx\/portal\/wp-json\/wp\/v2\/comments?post=535"}],"version-history":[{"count":131,"href":"https:\/\/tonala.gob.mx\/portal\/wp-json\/wp\/v2\/pages\/535\/revisions"}],"predecessor-version":[{"id":37753,"href":"https:\/\/tonala.gob.mx\/portal\/wp-json\/wp\/v2\/pages\/535\/revisions\/37753"}],"wp:attachment":[{"href":"https:\/\/tonala.gob.mx\/portal\/wp-json\/wp\/v2\/media?parent=535"}],"curies":[{"name":"wp","href":"https:\/\/api.w.org\/{rel}","templated":true}]}}