{"id":5342,"date":"2016-09-15T14:54:54","date_gmt":"2016-09-15T14:54:54","guid":{"rendered":"http:\/\/tonala.gob.mx\/portal\/?page_id=5342"},"modified":"2018-07-31T12:54:26","modified_gmt":"2018-07-31T18:54:26","slug":"administracion-y-desarrollo-humano-2","status":"publish","type":"page","link":"https:\/\/tonala.gob.mx\/portal\/administracion-y-desarrollo-humano-2\/","title":{"rendered":"Administraci\u00f3n y Desarrollo Humano"},"content":{"rendered":"<p><strong><a href=\"https:\/\/tonala.gob.mx\/portal\/wp-content\/uploads\/2016\/05\/PROGRAMA-DE-TRABAJO-SALVADOR-CASTA%C3%91EDA-GUILLEN.pdf\">Plan de Trabajo<\/a>\u00a02015-2018<\/strong><\/p>\n<p><strong>A\u00f1o 2015<\/strong><\/p>\n<p><strong>[expand title=\u00bbAdministracion y Desarrollo Humano 13 de Octubre de 2015&#8243;]<\/strong><\/p>\n<p><a href=\"https:\/\/tonala.gob.mx\/portal\/wp-content\/uploads\/2016\/09\/Administracion_Desarollo_y_Humano_13_Octubre_2015.pdf\">Administraci\u00f3n y Desarrollo Humano 13 de Octubre 2015<\/a><\/p>\n<p><a href=\"https:\/\/tonala.gob.mx\/portal\/wp-content\/uploads\/2016\/09\/O.D._Administracion_Desaroollo_y_Humano_13_Octubre_2015.pdf\">O.D. Administraci\u00f3n y Desarrollo Humano 13 de Octubre 2015<\/a><\/p>\n<p><a href=\"https:\/\/tonala.gob.mx\/portal\/wp-content\/uploads\/2016\/09\/Asistencia_Administracion_Desarollo_y_Humano_13_Octubre_2015.pdf\">Asistencia Administraci\u00f3n y Desarrollo Humano 13 de Octubre 2015<\/a><\/p>\n<p>[\/expand]<\/p>\n<p><strong>[expand title=\u00bbAdministraci\u00f3n y Desarrollo Humano 27 de Noviembre 2015&#8243;]<\/strong><\/p>\n<p><a href=\"https:\/\/tonala.gob.mx\/portal\/wp-content\/uploads\/2016\/09\/Administracion_y_Desarrollo_Humano_27_Noviembre_2015.pdf\">Administraci\u00f3n y Desarrollo Humano 27 de Noviembre 2015<\/a><\/p>\n<p><a href=\"https:\/\/tonala.gob.mx\/portal\/wp-content\/uploads\/2016\/09\/O.D._Administracion_y_Desarrollo_Humano_27_Noviembre_2015.pdf\">O.D. Administraci\u00f3n y Desarrollo Humano 27 de Noviembre 2015<\/a><\/p>\n<p><a href=\"https:\/\/tonala.gob.mx\/portal\/wp-content\/uploads\/2016\/09\/Asistencia_Administracion_y_Desarrollo_Humano_27_Noviembre_2015.pdf\">Asistencia Administraci\u00f3n y Desarrollo Humano 27 de Noviembre 2015<\/a><\/p>\n<p>[\/expand]<\/p>\n<p><strong>[expand title=\u00bbAdministraci\u00f3n y Desarrollo Humano 02 de Diciembre 2015&#8243;]<\/strong><\/p>\n<p><a href=\"https:\/\/tonala.gob.mx\/portal\/wp-content\/uploads\/2016\/10\/DGADH_02_diciembre_2015.pdf\">Administraci\u00f3n y Desarrollo Humano 02 de Diciembre 2015<\/a><\/p>\n<p><a href=\"https:\/\/tonala.gob.mx\/portal\/wp-content\/uploads\/2016\/10\/O.D._Asistencia_DGADH_02_diciembre_2015.pdf\">O.D. Administraci\u00f3n y Desarrollo Humano 02 de Diciembre 2015<\/a><\/p>\n<p><a href=\"https:\/\/tonala.gob.mx\/portal\/wp-content\/uploads\/2016\/10\/Asistencia_DGADH_02_diciembre_2015.pdf\">Asistencia Administraci\u00f3n y Desarrollo Humano 02 de Diciembre 2015<\/a><\/p>\n<p>[\/expand]<\/p>\n<p><strong>A\u00f1o 2016<\/strong><\/p>\n<p><strong>[expand title=\u00bbAdministraci\u00f3n y Desarrollo Humano 26 de Enero 2016&#8243;]<\/strong><\/p>\n<p><a href=\"https:\/\/tonala.gob.mx\/portal\/wp-content\/uploads\/2016\/10\/Administracion_Desarrollo_Humano_26_Enero_2016.pdf\">Administraci\u00f3n y Desarrollo Humano 26 de Enero 2016<\/a><\/p>\n<p><a href=\"https:\/\/tonala.gob.mx\/portal\/wp-content\/uploads\/2016\/10\/O.D._Administracion_Desarrollo_Humano_26_Enero_2016.pdf\">O.D. Administraci\u00f3n y Desarrollo Humano 26 de Enero 2016<\/a><\/p>\n<p><a href=\"https:\/\/tonala.gob.mx\/portal\/wp-content\/uploads\/2016\/10\/Asistencia_Administracion_Desarrollo_Humano_26_Enero_2016.pdf\">Asistencia Administraci\u00f3n y Desarrollo Humano 26 de Enero 2016<\/a><\/p>\n<p>[\/expand]<\/p>\n<p><strong>[expand title=\u00bbAdministraci\u00f3n y Desarrollo Humano 25 de Febrero 2016&#8243;]<\/strong><\/p>\n<p><a href=\"https:\/\/tonala.gob.mx\/portal\/wp-content\/uploads\/2016\/10\/Administraci\u00f3n-y-Desarrollo-Humano-25-de-Febrero-2016.pdf\">Administraci\u00f3n y Desarrollo Humano 25 de Febrero 2016<\/a><\/p>\n<p><a href=\"https:\/\/tonala.gob.mx\/portal\/wp-content\/uploads\/2016\/10\/O.D.-Administraci\u00f3n-y-Desarrollo-Humano-25-de-Febrero-2016.pdf\">O.D. Administraci\u00f3n y Desarrollo Humano 25 de Febrero 2016<\/a><\/p>\n<p><a href=\"https:\/\/tonala.gob.mx\/portal\/wp-content\/uploads\/2016\/10\/Asistencia-Administraci\u00f3n-y-Desarrollo-Humano-25-de-Febrero-2016.pdf\">Asistencia Administraci\u00f3n y Desarrollo Humano 25 de Febrero 2016 <\/a><\/p>\n<p>[\/expand]<\/p>\n<p><strong>[expand title=\u00bbAdministraci\u00f3n y Desarrollo Humano 14 de Marzo 2016&#8243;]<\/strong><\/p>\n<p><a href=\"https:\/\/tonala.gob.mx\/portal\/wp-content\/uploads\/2016\/10\/Administracion_Y_Desarrollo_Humano_14_Marzo_2016.pdf\">Administraci\u00f3n y Desarrollo Humano 14 de Marzo 2016<\/a><\/p>\n<p><a href=\"https:\/\/tonala.gob.mx\/portal\/wp-content\/uploads\/2016\/10\/O.D._Administracion_Y_Desarrollo_Humano_14_Marzo_2016.pdf\">O.D. Administraci\u00f3n y Desarrollo Humano 14 de Marzo 2016<\/a><\/p>\n<p><a href=\"https:\/\/tonala.gob.mx\/portal\/wp-content\/uploads\/2016\/10\/Asistencia_Administracion_Y_Desarrollo_Humano_14_Marzo_2016.pdf\">Asistencia Administraci\u00f3n y Desarrollo Humano 14 de Marzo 2016<\/a><\/p>\n<p>[\/expand]<\/p>\n<p><strong>[expand title=\u00bbAdministraci\u00f3n y Desarrollo Humano 11 de Abril 2016&#8243;]<\/strong><\/p>\n<p><a href=\"https:\/\/tonala.gob.mx\/portal\/wp-content\/uploads\/2016\/10\/Administracion_Desarrollo_Humano_11_Abril_2016.pdf\">Administraci\u00f3n y Desarrollo Humano 11 de Abril 2016<\/a><\/p>\n<p><a href=\"https:\/\/tonala.gob.mx\/portal\/wp-content\/uploads\/2016\/10\/O.D._Administracion_Desarrollo_Humano_11_Abril_2016.pdf\">O.D. Administraci\u00f3n y Desarrollo Humano 11 de Abril 2016<\/a><\/p>\n<p><a href=\"https:\/\/tonala.gob.mx\/portal\/wp-content\/uploads\/2016\/10\/Asistencia_Administracion_Desarrollo_Humano_11_Abril_2016.pdf\">Asistencia Administraci\u00f3n y Desarrollo Humano 11 de Abril 2016<\/a><\/p>\n<p>[\/expand]<\/p>\n<p><strong>[expand title=\u00bbAdministraci\u00f3n y Desarrollo Humano 05 de Mayo 2016&#8243;]<\/strong><\/p>\n<p><a href=\"https:\/\/tonala.gob.mx\/portal\/wp-content\/uploads\/2016\/10\/Administracion_Desarrollo_Humano_05_Mayo_2016.pdf\">Administraci\u00f3n y Desarrollo Humano 05 de Mayo 2016<\/a><\/p>\n<p><a href=\"https:\/\/tonala.gob.mx\/portal\/wp-content\/uploads\/2016\/10\/O.D._Administracion_Desarrollo_Humano_05_Mayo_2016.pdf\">O.D. Administraci\u00f3n y Desarrollo Humano 05 de Mayo 2016<\/a><\/p>\n<p><a href=\"https:\/\/tonala.gob.mx\/portal\/wp-content\/uploads\/2016\/10\/Asistencia_Administracion_Desarrollo_Humano_05_Mayo_2016.pdf\">Asistencia Administraci\u00f3n y Desarrollo Humano 05 de Mayo 2016<\/a><\/p>\n<p>[\/expand]<\/p>\n<p><strong>[expand title=\u00bbComisi\u00f3n Administraci\u00f3n y Desarrollo Humano 22 Junio 2016&#8243;]<\/strong><\/p>\n<p><a href=\"https:\/\/tonala.gob.mx\/portal\/wp-content\/uploads\/2017\/03\/Minuta-Comisi\u00f3n-Administraci\u00f3n-y-Desarrollo-Humano-22-Junio-2016.pdf\">Minuta Comisi\u00f3n Comisi\u00f3n Administraci\u00f3n y Desarrollo Humano 22 Junio 2016<\/a><\/p>\n<p>[\/expand]<\/p>\n<p><strong>[expand title=\u00bbComisi\u00f3n Administraci\u00f3n y Desarrollo Humano 08 Julio 2016&#8243;]<\/strong><\/p>\n<p><a href=\"https:\/\/tonala.gob.mx\/portal\/wp-content\/uploads\/2017\/03\/Minuta-Comisi\u00f3n-Administraci\u00f3n-y-Desarrollo-Humano-08-Julio-2016.pdf\">Minuta Comisi\u00f3n Comisi\u00f3n Administraci\u00f3n y Desarrollo Humano 08 Julio 2016<\/a><\/p>\n<p>[\/expand]<\/p>\n<p><strong>[expand title=\u00bbComisi\u00f3n \u00a0Administraci\u00f3n y Desarrollo Humano 29 Agosto 2016&#8243;]<\/strong><\/p>\n<p><a href=\"https:\/\/tonala.gob.mx\/portal\/wp-content\/uploads\/2017\/03\/Minuta-Comisi\u00f3n-Administraci\u00f3n-y-Desarrollo-Humano-29-Agosto-2016.pdf\">Minuta Comisi\u00f3n Comisi\u00f3n Administraci\u00f3n y Desarrollo Humano 29 Agosto 2016<\/a><\/p>\n<p>[\/expand]<\/p>\n<p><strong>[expand title=\u00bbComisi\u00f3n \u00a0Administraci\u00f3n y Desarrollo Humano\u00a0Septiembre 2016&#8243;]<\/strong><\/p>\n<p><a href=\"https:\/\/tonala.gob.mx\/portal\/wp-content\/uploads\/2016\/10\/No-se-realizaron-sesiones-este-mes.pdf\">Comisi\u00f3n Comisi\u00f3n Administraci\u00f3n y Desarrollo Humano Septiembre 2016<\/a><\/p>\n<p>[\/expand]<\/p>\n<p><strong>[expand title=\u00bbComisi\u00f3n Administraci\u00f3n y Desarrollo Humano 19 Octubre 2016&#8243;]<\/strong><\/p>\n<p><a href=\"https:\/\/tonala.gob.mx\/portal\/wp-content\/uploads\/2017\/03\/Minuta-Comisi\u00f3n-Administraci\u00f3n-y-Desarrollo-Humano-19-Octubre-2016.pdf\">Minuta Comisi\u00f3n Administraci\u00f3n y Desarrollo Humano 19 Octubre 2016<\/a><\/p>\n<p>[\/expand]<\/p>\n<p><strong>[expand title=\u00bbComisi\u00f3n Administraci\u00f3n y Desarrollo Humano 22 Noviembre 2016&#8243;]<\/strong><\/p>\n<p><a href=\"https:\/\/tonala.gob.mx\/portal\/wp-content\/uploads\/2017\/03\/Minuta-Comisi\u00f3n-Administraci\u00f3n-y-Desarrollo-Humano-22-Noviembre-2016.pdf\">Minuta Comisi\u00f3n Administraci\u00f3n y Desarrollo Humano 22 Noviembre 2016<\/a><\/p>\n<p>[\/expand]<\/p>\n<p><strong>[expand title=\u00bbComisi\u00f3n Administraci\u00f3n y Desarrollo Humano 16 Diciembre 2016&#8243;]<\/strong><\/p>\n<p><a href=\"https:\/\/tonala.gob.mx\/portal\/wp-content\/uploads\/2017\/03\/Minuta-Comisi\u00f3n-Administraci\u00f3n-y-Desarrollo-Humano-16-Diciembre-2016.pdf\">Minuta Comisi\u00f3n Administraci\u00f3n y Desarrollo Humano 16 Diciembre 2016<\/a><\/p>\n<p>[\/expand]<\/p>\n<p><strong>2017<\/strong><\/p>\n<p><strong>[expand title=\u00bbComisi\u00f3n Administraci\u00f3n y Desarrollo Humano 26 Enero 2017&#8243;]<\/strong><\/p>\n<p><a href=\"https:\/\/tonala.gob.mx\/portal\/wp-content\/uploads\/2017\/08\/Minuta-Comisi\u00f3n-Administraci\u00f3n-y-Desarrollo-Humano-26-Enero-2017.pdf\">Minuta Comisi\u00f3n Administraci\u00f3n y Desarrollo Humano 26 Enero 2017<\/a><\/p>\n<p>[\/expand]<\/p>\n<p><strong>[expand title=\u00bbComisi\u00f3n Administraci\u00f3n y Desarrollo Humano 27 Febrero 2017&#8243;]<\/strong><\/p>\n<p><a href=\"https:\/\/tonala.gob.mx\/portal\/wp-content\/uploads\/2017\/07\/Minuta-Comision-Administraci\u00f3n-y-Desarrollo-Humano-27-Febrero-2017.pdf\">Minuta Comisi\u00f3n Administraci\u00f3n y Desarrollo Humano 27 Febrero 2017<\/a><\/p>\n<p>[\/expand]<\/p>\n<p><strong>[expand title=\u00bbComisi\u00f3n Administraci\u00f3n y Desarrollo Humano 07 Marzo 2017&#8243;]<\/strong><\/p>\n<p><a href=\"https:\/\/tonala.gob.mx\/portal\/wp-content\/uploads\/2017\/07\/Minuta-Comision-de-Administracion-y-Desarrollo-Humano-07-Marzo-2017.pdf\">Minuta Comisi\u00f3n Administraci\u00f3n y Desarrollo Humano 07 Marzo 2017<\/a><\/p>\n<p>[\/expand]<\/p>\n<p><strong>[expand title=\u00bbComisi\u00f3n Administraci\u00f3n y Desarrollo Humano 28 Abril 2017&#8243;]<\/strong><\/p>\n<p><a href=\"https:\/\/tonala.gob.mx\/portal\/wp-content\/uploads\/2017\/07\/Minuta-Comisi\u00f3n-Administacion-y-Desarrollo-Humano-28-Abril-2017.pdf\">Minuta Comisi\u00f3n Administraci\u00f3n y Desarrollo Humano 28 Abril 2017<\/a><\/p>\n<p>[\/expand]<\/p>\n<p><strong>[expand title=\u00bbComisi\u00f3n Administraci\u00f3n y Desarrollo Humano 29 Mayo 2017&#8243;]<\/strong><\/p>\n<p><a href=\"https:\/\/tonala.gob.mx\/portal\/wp-content\/uploads\/2017\/08\/Minuta-Comisi\u00f3n-Administraci\u00f3n-y-Desarrollo-Humano-29-Mayo-2017.pdf\">Minuta Comisi\u00f3n Administraci\u00f3n y Desarrollo Humano 29 Mayo 2017<\/a><\/p>\n<p>[\/expand]<\/p>\n<p><strong>[expand title=\u00bbComisi\u00f3n Administraci\u00f3n y Desarrollo Humano 13 Junio 2017&#8243;]<\/strong><\/p>\n<p><a href=\"https:\/\/tonala.gob.mx\/portal\/wp-content\/uploads\/2017\/07\/Minuta-Comision-de-Administracion-y-Desarollo-Humano-13-Junio-2017.pdf\">Minuta Comisi\u00f3n Administraci\u00f3n y Desarrollo Humano 13 Junio 2017<\/a><\/p>\n<p>[\/expand]<\/p>\n<p><strong>[expand title=\u00bbComisi\u00f3n Administraci\u00f3n y Desarrollo Humano 18 Julio 2017&#8243;]<\/strong><\/p>\n<p><a href=\"https:\/\/tonala.gob.mx\/portal\/wp-content\/uploads\/2017\/08\/Minuta-Comisi\u00f3n-Administraci\u00f3n-y-Desarrollo-Humano-18-Julio-2017.pdf\">Minuta Comisi\u00f3n Administraci\u00f3n y Desarrollo Humano 18 Julio 2017<\/a><\/p>\n<p>[\/expand]<\/p>\n<p><strong>[expand title=\u00bbComisi\u00f3n Administraci\u00f3n y Desarrollo Humano 24 Agosto 2017&#8243;]<\/strong><\/p>\n<p><a href=\"https:\/\/tonala.gob.mx\/portal\/wp-content\/uploads\/2017\/09\/Minuta-Comisi\u00f3n-Administracion-y-Desarrollo-Humano-24-Agosto-2017.pdf\">Minuta Comisi\u00f3n Administraci\u00f3n y Desarrollo Humano 24 Agosto 2017<\/a><\/p>\n<p>[\/expand]<\/p>\n<p><strong>[expand title=\u00bbComisi\u00f3n Administraci\u00f3n y Desarrollo Humano 05 Septiembre 2017&#8243;]<\/strong><\/p>\n<p><a href=\"https:\/\/tonala.gob.mx\/portal\/wp-content\/uploads\/2017\/10\/Minuta-Comisi\u00f3n-Administraci\u00f3n-y-Desarrollo-Humano-05-Septiembre-2017.pdf\">Minuta Comisi\u00f3n Administraci\u00f3n y Desarrollo Humano 05 Septiembre 2017\u00a0<\/a><\/p>\n<p>[\/expand]<\/p>\n<p><strong>[expand title=\u00bbComisi\u00f3n Administraci\u00f3n y Desarrollo Humano 20 Octubre 2017&#8243;]<\/strong><\/p>\n<p><a href=\"https:\/\/tonala.gob.mx\/portal\/wp-content\/uploads\/2017\/11\/Minuta-Comisi\u00f3n-Administraci\u00f3n-y-Desarrollo-Humano-20-Octubre-2017.pdf\">Minuta Comisi\u00f3n Administraci\u00f3n y Desarrollo Humano 20 Octubre 2017<\/a><\/p>\n<p>[\/expand]<\/p>\n<p><strong>[expand title=\u00bbComisi\u00f3n Administraci\u00f3n y Desarrollo Humano 24 Noviembre 2017&#8243;]<\/strong><\/p>\n<p><a href=\"https:\/\/tonala.gob.mx\/portal\/wp-content\/uploads\/2018\/02\/Minuta-Comisi\u00f3n-Administraci\u00f3n-y-Desarrollo-Humano-24-Noviembre-2017.pdf\">Minuta Comisi\u00f3n Administraci\u00f3n y Desarrollo Humano 24 Noviembre 2017<\/a><\/p>\n<p>[\/expand]<\/p>\n<p><strong>[expand title=\u00bbComisi\u00f3n Administraci\u00f3n y Desarrollo Humano 14 Diciembre 2017&#8243;]<\/strong><\/p>\n<p><a href=\"https:\/\/tonala.gob.mx\/portal\/wp-content\/uploads\/2018\/02\/Minuta-Comisi\u00f3n-Administraci\u00f3n-y-Desarrollo-Humano-14-Diciembre-2017.pdf\">Minuta Comisi\u00f3n Administraci\u00f3n y Desarrollo Humano 14 Diciembre 2017<\/a><\/p>\n<p>[\/expand]<\/p>\n<p><strong>2018<\/strong><\/p>\n<p><strong>[expand title=\u00bbComisi\u00f3n Administraci\u00f3n y Desarrollo Humano 16 Enero 2018&#8243;]<\/strong><\/p>\n<p><a href=\"https:\/\/tonala.gob.mx\/portal\/wp-content\/uploads\/2018\/03\/Minuta-Comisi\u00f3n-Administraci\u00f3n-y-Desarrollo-Humano-16-Enero-2018.pdf\">Minuta Comisi\u00f3n Administraci\u00f3n y Desarrollo Humano 16 Enero 2018<\/a><\/p>\n<p>[\/expand]<\/p>\n<p><strong>[expand title=\u00bbComisi\u00f3n Administraci\u00f3n y Desarrollo Humano 23 Febrero 2018&#8243;]<\/strong><\/p>\n<p><a href=\"https:\/\/tonala.gob.mx\/portal\/wp-content\/uploads\/2018\/07\/Minuta-Comisi\u00f3n-Administraci\u00f3n-y-Desarrollo-Humano-23-Febrero-2018.pdf\">Minuta Comisi\u00f3n Administraci\u00f3n y Desarrollo Humano 23 Febrero 2018<\/a><\/p>\n<p>[\/expand]<\/p>\n<p><strong>[expand title=\u00bbComisi\u00f3n Administraci\u00f3n y Desarrollo Humano 23 Marzo 2018&#8243;]<\/strong><\/p>\n<p><a href=\"https:\/\/tonala.gob.mx\/portal\/wp-content\/uploads\/2018\/07\/Minuta-Comisi\u00f3n-Administraci\u00f3n-y-Desarrollo-Humano-23-Marzo-2018.pdf\">Minuta Comisi\u00f3n Administraci\u00f3n y Desarrollo Humano 23 Marzo 2018<\/a><\/p>\n<p>[\/expand]<\/p>\n<p><strong>[expand title=\u00bbComisi\u00f3n Administraci\u00f3n y Desarrollo Humano 27 Abril 2018&#8243;]<\/strong><\/p>\n<p><a href=\"https:\/\/tonala.gob.mx\/portal\/wp-content\/uploads\/2018\/07\/Minuta-Comisi\u00f3n-Administraci\u00f3n-y-Desarrollo-Humano-27-Abril-2018.pdf\">Minuta Comisi\u00f3n Administraci\u00f3n y Desarrollo Humano 23 Abril 2018<\/a><\/p>\n<p>[\/expand]<\/p>\n<p><strong>[expand title=\u00bbComisi\u00f3n Administraci\u00f3n y Desarrollo Humano 18 Mayo 2018&#8243;]<\/strong><\/p>\n<p><a href=\"https:\/\/tonala.gob.mx\/portal\/wp-content\/uploads\/2018\/07\/Minuta-Comisi\u00f3n-Administraci\u00f3n-y-Desarrollo-Humano-18-Mayo-2018.pdf\">Minuta Comisi\u00f3n Administraci\u00f3n y Desarrollo Humano 18 Mayo 2018<\/a><\/p>\n<p>[\/expand]<\/p>\n","protected":false},"excerpt":{"rendered":"<p>Plan de Trabajo\u00a02015-2018 A\u00f1o 2015 [expand title=\u00bbAdministracion y Desarrollo Humano 13 de Octubre de 2015&#8243;] Administraci\u00f3n y Desarrollo Humano 13<\/p>\n","protected":false},"author":1,"featured_media":0,"parent":0,"menu_order":0,"comment_status":"closed","ping_status":"closed","template":"","meta":{"colormag_page_container_layout":"default_layout","colormag_page_sidebar_layout":"default_layout","footnotes":""},"class_list":["post-5342","page","type-page","status-publish","hentry"],"_links":{"self":[{"href":"https:\/\/tonala.gob.mx\/portal\/wp-json\/wp\/v2\/pages\/5342","targetHints":{"allow":["GET"]}}],"collection":[{"href":"https:\/\/tonala.gob.mx\/portal\/wp-json\/wp\/v2\/pages"}],"about":[{"href":"https:\/\/tonala.gob.mx\/portal\/wp-json\/wp\/v2\/types\/page"}],"author":[{"embeddable":true,"href":"https:\/\/tonala.gob.mx\/portal\/wp-json\/wp\/v2\/users\/1"}],"replies":[{"embeddable":true,"href":"https:\/\/tonala.gob.mx\/portal\/wp-json\/wp\/v2\/comments?post=5342"}],"version-history":[{"count":30,"href":"https:\/\/tonala.gob.mx\/portal\/wp-json\/wp\/v2\/pages\/5342\/revisions"}],"predecessor-version":[{"id":19312,"href":"https:\/\/tonala.gob.mx\/portal\/wp-json\/wp\/v2\/pages\/5342\/revisions\/19312"}],"wp:attachment":[{"href":"https:\/\/tonala.gob.mx\/portal\/wp-json\/wp\/v2\/media?parent=5342"}],"curies":[{"name":"wp","href":"https:\/\/api.w.org\/{rel}","templated":true}]}}