{"id":5328,"date":"2016-09-15T14:36:32","date_gmt":"2016-09-15T14:36:32","guid":{"rendered":"http:\/\/tonala.gob.mx\/portal\/?page_id=5328"},"modified":"2018-07-31T13:03:58","modified_gmt":"2018-07-31T19:03:58","slug":"proteccion-civil","status":"publish","type":"page","link":"https:\/\/tonala.gob.mx\/portal\/proteccion-civil\/","title":{"rendered":"Protecci\u00f3n Civil"},"content":{"rendered":"<p><strong><a href=\"https:\/\/tonala.gob.mx\/portal\/wp-content\/uploads\/2016\/05\/PROGRAMA-DE-TRABAJO-SALVADOR-CASTA%C3%91EDA-GUILLEN.pdf\">Plan de Trabajo<\/a>\u00a02015-2018<\/strong><\/p>\n<p><strong>A\u00f1o 2015<\/strong><\/p>\n<p><strong>[expand title=\u00bbComisi\u00f3n Protecci\u00f3n Civil 8 de Octubre de 2015&#8243;] <\/strong><\/p>\n<p><a href=\"https:\/\/tonala.gob.mx\/portal\/wp-content\/uploads\/2016\/09\/Proteccion_Civil_8_Octubre_2015.pdf\">Protecci\u00f3n Civil 8 de Octubre 2015<\/a><\/p>\n<p><a href=\"https:\/\/tonala.gob.mx\/portal\/wp-content\/uploads\/2016\/09\/O.D._Proteccion_Civil_8_Octubre_2015.pdf\">O.D. Protecci\u00f3n Civil 8 de Octubre 2015<\/a><\/p>\n<p><a href=\"https:\/\/tonala.gob.mx\/portal\/wp-content\/uploads\/2016\/09\/Asistencia_Proteccion_Civil_8_Octubre_2015.pdf\">Asistencia Protecci\u00f3n Civil 8 de Octubre 2015<\/a><\/p>\n<p>[\/expand]<\/p>\n<p><strong>[expand title=\u00bbComisi\u00f3n Protecci\u00f3n Civil y Bomberos 27 de Noviembre 2015&#8243;]<\/strong><\/p>\n<p><a href=\"https:\/\/tonala.gob.mx\/portal\/wp-content\/uploads\/2016\/09\/Proteccion_Civil_y_Bomberos_27_Noviembre_2015.pdf\">Protecci\u00f3n Civil y Bomberos 27 de Noviembre 2015<\/a><\/p>\n<p><a href=\"https:\/\/tonala.gob.mx\/portal\/wp-content\/uploads\/2016\/09\/O.D._Proteccion_Civil_y_Bomberos_27_Noviembre_2015.pdf\">O.D. Protecci\u00f3n Civil y Bomberos 27 de Noviembre 2015<\/a><\/p>\n<p><a href=\"https:\/\/tonala.gob.mx\/portal\/wp-content\/uploads\/2016\/09\/Asistencia_Proteccion_Civil_y_Bomberos_27_Noviembre_2015.pdf\">Asistencia Protecci\u00f3n Civil y Bomberos 27 de Noviembre 2015<\/a><\/p>\n<p>[\/expand]<\/p>\n<p><strong>[expand title=\u00bbComisi\u00f3n Protecci\u00f3n Civil y Bomberos 03 de Diciembre 2015&#8243;]<\/strong><\/p>\n<p><a href=\"https:\/\/tonala.gob.mx\/portal\/wp-content\/uploads\/2016\/10\/proteccion_civil_03_diciembre_2016.pdf\">Protecci\u00f3n Civil y Bomberos 03 de Diciembre 2015<\/a><\/p>\n<p><a href=\"https:\/\/tonala.gob.mx\/portal\/wp-content\/uploads\/2016\/10\/O.D._proteccion_civil_03_diciembre_2016.pdf\">O.D. Protecci\u00f3n Civil y Bomberos 03 de Diciembre 2015<\/a><\/p>\n<p><a href=\"https:\/\/tonala.gob.mx\/portal\/wp-content\/uploads\/2016\/10\/Asistencia_proteccion_civil_03_diciembre_2016.pdf\">Asistencia Protecci\u00f3n Civil y Bomberos 03 de Diciembre 2015<\/a><\/p>\n<p>[\/expand]<\/p>\n<p><strong>A\u00f1o 2016<\/strong><\/p>\n<p><strong>[expand title=\u00bbComisi\u00f3n Protecci\u00f3n Civil y Bomberos 26 de Enero 2016&#8243;]<\/strong><\/p>\n<p><a href=\"https:\/\/tonala.gob.mx\/portal\/wp-content\/uploads\/2016\/10\/Proteccion_Civil_y_Bomberos_26_Enero_2016.pdf\">Protecci\u00f3n Civil y Bomberos 26 de Enero 2016<\/a><\/p>\n<p><a href=\"https:\/\/tonala.gob.mx\/portal\/wp-content\/uploads\/2016\/10\/O.D._Proteccion_Civil_y_Bomberos_26_Enero_2016.pdf\">O.D. Protecci\u00f3n Civil y Bomberos 26 de Enero 2016<\/a><\/p>\n<p><a href=\"https:\/\/tonala.gob.mx\/portal\/wp-content\/uploads\/2016\/10\/Asistencia_Proteccion_Civil_y_Bomberos_26_Enero_2016.pdf\">Asistencia Protecci\u00f3n Civil y Bomberos 26 de Enero 2016<\/a><\/p>\n<p>[\/expand]<\/p>\n<p><strong>[expand title=\u00bbComisi\u00f3n Protecci\u00f3n Civil y Bomberos 29 de Febrero 2016&#8243;]<\/strong><\/p>\n<p><a href=\"https:\/\/tonala.gob.mx\/portal\/wp-content\/uploads\/2016\/10\/Protecci\u00f3n-Civil-y-Bomberos-29-de-Febrero-2016.pdf\">Protecci\u00f3n Civil y Bomberos 29 de Febrero 2016<\/a><\/p>\n<p><a href=\"https:\/\/tonala.gob.mx\/portal\/wp-content\/uploads\/2016\/10\/O.D._Protecci\u00f3n-Civil-y-Bomberos-29-de-Febrero-2016.pdf\">O.D. Protecci\u00f3n Civil y Bomberos 29 de Febrero 2016<\/a><\/p>\n<p><a href=\"https:\/\/tonala.gob.mx\/portal\/wp-content\/uploads\/2016\/10\/Asistencia_Protecci\u00f3n-Civil-y-Bomberos-29-de-Febrero-2016.pdf\">Asistencia Protecci\u00f3n Civil y Bomberos 29 de Febrero 2016<\/a><\/p>\n<p>[\/expand]<\/p>\n<p><strong>[expand title=\u00bbComisi\u00f3n Protecci\u00f3n Civil y Bomberos 7 de Marzo 2016&#8243;]<\/strong><\/p>\n<p><a href=\"https:\/\/tonala.gob.mx\/portal\/wp-content\/uploads\/2016\/10\/Proteccion_Civil_07_Marzo_2016.pdf\">Protecci\u00f3n Civil y Bomberos 7 de Marzo 2016<\/a><\/p>\n<p><a href=\"https:\/\/tonala.gob.mx\/portal\/wp-content\/uploads\/2016\/10\/O.D._Proteccion_Civil_07_Marzo_2016.pdf\">O.D. Protecci\u00f3n Civil y Bomberos 7 de Marzo 2016<\/a><\/p>\n<p><a href=\"https:\/\/tonala.gob.mx\/portal\/wp-content\/uploads\/2016\/10\/asistencia_Proteccion_Civil_07_Marzo_2016.pdf\">Asistencia Protecci\u00f3n Civil y Bomberos 7 de Marzo 2016<\/a><\/p>\n<p>[\/expand]<\/p>\n<p><strong>[expand title=\u00bbComisi\u00f3n Protecci\u00f3n Civil y Bomberos 12 de Abril 2016&#8243;]<\/strong><\/p>\n<p><a href=\"https:\/\/tonala.gob.mx\/portal\/wp-content\/uploads\/2016\/10\/Asistencia_Proteccion_Civil_12_Abril_2016.pdf\">Protecci\u00f3n Civil y Bomberos 12 de Abril 2016<\/a><\/p>\n<p><a href=\"https:\/\/tonala.gob.mx\/portal\/wp-content\/uploads\/2016\/10\/O.D._Proteccion_Civil_12_Abril_2016.pdf\">O.D. Protecci\u00f3n Civil y Bomberos 12 de Abril 2016<\/a><\/p>\n<p><a href=\"https:\/\/tonala.gob.mx\/portal\/wp-content\/uploads\/2016\/10\/Asistencia_Proteccion_Civil_12_Abril_2016.pdf\">Asistencia Protecci\u00f3n Civil y Bomberos 12 de Abril 2016<\/a><\/p>\n<p>[\/expand]<\/p>\n<p><strong>[expand title=\u00bbComisi\u00f3n Protecci\u00f3n Civil y Bomberos 05 de Mayo 2016&#8243;]<\/strong><\/p>\n<p><a href=\"https:\/\/tonala.gob.mx\/portal\/wp-content\/uploads\/2016\/10\/Proteccion_Civil_05_Mayo_2016.pdf\">Protecci\u00f3n Civil y Bomberos 05 de Mayo 2016<\/a><\/p>\n<p><a href=\"https:\/\/tonala.gob.mx\/portal\/wp-content\/uploads\/2016\/10\/O.D._Proteccion_Civil_05_Mayo_2016.pdf\">O.D. Protecci\u00f3n Civil y Bomberos 05 de Mayo 2016<\/a><\/p>\n<p><a href=\"https:\/\/tonala.gob.mx\/portal\/wp-content\/uploads\/2016\/10\/Asistencia_Proteccion_Civil_05_Mayo_2016.pdf\">Asistencia Protecci\u00f3n Civil y Bomberos 05 de Mayo 2016<\/a><\/p>\n<p>[\/expand]<\/p>\n<p><strong>[expand title=\u00bb Comisi\u00f3n Protecci\u00f3n Civil y Bomberos 22 de Junio 2016&#8243;]<\/strong><\/p>\n<p><a href=\"https:\/\/tonala.gob.mx\/portal\/wp-content\/uploads\/2016\/10\/Proteccion_Civil_22_Junio_2016.pdf\">Protecci\u00f3n Civil y Bomberos 22 de Junio 2016<\/a><\/p>\n<p><a href=\"https:\/\/tonala.gob.mx\/portal\/wp-content\/uploads\/2016\/10\/O.D._Proteccion_Civil_22_Junio_2016.pdf\">O.D. Protecci\u00f3n Civil y Bomberos 22 de Junio 2016<\/a><\/p>\n<p><a href=\"https:\/\/tonala.gob.mx\/portal\/wp-content\/uploads\/2016\/10\/Asistencia_Proteccion_Civil_22_Junio_2016.pdf\">Asistencia Protecci\u00f3n Civil y Bomberos 22 de Junio 2016<\/a><\/p>\n<p>[\/expand]<\/p>\n<p><strong>[expand title=\u00bbComisi\u00f3n Protecci\u00f3n Civil y Bomberos 07 Julio 2016&#8243;]<\/strong><\/p>\n<p><a href=\"https:\/\/tonala.gob.mx\/portal\/wp-content\/uploads\/2017\/02\/Comisi\u00f3n-Protecci\u00f3n-Civil-07-Julio-2016.pdf\">Comisi\u00f3n Protecci\u00f3n Civil y Bomberos 07 Julio 2016<\/a><\/p>\n<p><a href=\"https:\/\/tonala.gob.mx\/portal\/wp-content\/uploads\/2017\/02\/O.D.-Protecci\u00f3n-Civil-07-Julio-2016.pdf\">O.D. Comisi\u00f3n Protecci\u00f3n Civil y Bomberos 07 Julio 2016<\/a><\/p>\n<p><a href=\"https:\/\/tonala.gob.mx\/portal\/wp-content\/uploads\/2017\/02\/Asistencia-Protecci\u00f3n-Civil-07-Julio-2016.pdf\">Asistencia Comisi\u00f3n Protecci\u00f3n Civil y Bomberos 07 Julio 2016<\/a><\/p>\n<p>[\/expand]<\/p>\n<p><strong>[expand title=\u00bbComisi\u00f3n Protecci\u00f3n Civil y Bomberos 30 Agosto 2016&#8243;]<\/strong><\/p>\n<p><a href=\"https:\/\/tonala.gob.mx\/portal\/wp-content\/uploads\/2017\/02\/Comisi\u00f3n-Protecci\u00f3n-Civil-30-Agosto-2016.pdf\">Comisi\u00f3n Protecci\u00f3n Civil y Bomberos 30 Agosto 2016<\/a><\/p>\n<p><a href=\"https:\/\/tonala.gob.mx\/portal\/wp-content\/uploads\/2017\/02\/O.D.-Protecci\u00f3n-Civil-30-Agosto-2016.pdf\">O.D. Comisi\u00f3n Protecci\u00f3n Civil y Bomberos 30 Agosto 2016<\/a><\/p>\n<p><a href=\"https:\/\/tonala.gob.mx\/portal\/wp-content\/uploads\/2017\/02\/Asistencia-Protecci\u00f3n-Civil-30-Agosto-2016.pdf\">Asistencia Comisi\u00f3n Protecci\u00f3n Civil y Bomberos 30 Agosto 2016<\/a><\/p>\n<p>[\/expand]<\/p>\n<p><strong>[expand title=\u00bbComisi\u00f3n Protecci\u00f3n Civil y Bomberos 27 Septiembre 2016&#8243;]<\/strong><\/p>\n<p><a href=\"https:\/\/tonala.gob.mx\/portal\/wp-content\/uploads\/2017\/02\/Comisi\u00f3n-Protecci\u00f3n-Civil-27-Septiembre-2016.pdf\">Comisi\u00f3n Protecci\u00f3n Civil y Bomberos 27 Septiembre 2016<\/a><\/p>\n<p><a href=\"https:\/\/tonala.gob.mx\/portal\/wp-content\/uploads\/2017\/02\/O.D.-Protecci\u00f3n-Civil-27-Septiembre-2016.pdf\">O.D. Comisi\u00f3n Protecci\u00f3n Civil y Bomberos 27 Septiembre 2016<\/a><\/p>\n<p><a href=\"https:\/\/tonala.gob.mx\/portal\/wp-content\/uploads\/2017\/02\/Asistencia-Protecci\u00f3n-Civil-27-Septiembre-2016.pdf\">Asistencia Comisi\u00f3n Protecci\u00f3n Civil y Bomberos 27 Septiembre 2016<\/a><\/p>\n<p>[\/expand]<\/p>\n<p><strong>[expand title=\u00bbComisi\u00f3n Protecci\u00f3n Civil y Bomberos 18 Octubre 2016&#8243;]<\/strong><\/p>\n<p><a href=\"https:\/\/tonala.gob.mx\/portal\/wp-content\/uploads\/2017\/02\/Comisi\u00f3n-Protecci\u00f3n-Civil-18-Octubre-2016.pdf\">Comisi\u00f3n Protecci\u00f3n Civil 18 Octubre 2016<\/a><\/p>\n<p><a href=\"https:\/\/tonala.gob.mx\/portal\/wp-content\/uploads\/2017\/02\/O.D.-Protecci\u00f3n-Civil-18-Octubre-2016.pdf\">O.D. Comisi\u00f3n Protecci\u00f3n Civil 18 Octubre 2016<\/a><\/p>\n<p><a href=\"https:\/\/tonala.gob.mx\/portal\/wp-content\/uploads\/2017\/02\/Asistencia-Protecci\u00f3n-Civil-18-Octubre-2016.pdf\">Asistencia Comisi\u00f3n Protecci\u00f3n Civil 18 Octubre 2016<\/a><\/p>\n<p>[\/expand]<\/p>\n<p><strong>[expand title=\u00bbComisi\u00f3n Protecci\u00f3n Civil y Bomberos\u00a022 Noviembre 2016&#8243;]<\/strong><\/p>\n<p><a href=\"https:\/\/tonala.gob.mx\/portal\/wp-content\/uploads\/2017\/03\/Minuta-Comisi\u00f3n-Protecci\u00f3n-Civil-y-Bomberos-22-Novimbre-2016.pdf\">Minuta Comisi\u00f3n Protecci\u00f3n Civil y Bomberos 22 Noviembre 2016<\/a><\/p>\n<p>[\/expand]<\/p>\n<p><strong>[expand title=\u00bbComisi\u00f3n Protecci\u00f3n Civil y Bomberos\u00a016 Diciembre 2016&#8243;]<\/strong><\/p>\n<p><a href=\"https:\/\/tonala.gob.mx\/portal\/wp-content\/uploads\/2017\/03\/Minuta-Comisi\u00f3n-Protecci\u00f3n-Civil-y-Bomberos-16-Diciembre-2016.pdf\">Minuta Comisi\u00f3n Protecci\u00f3n Civil y Bomberos 16 Diciembre 2016<\/a><\/p>\n<p>[\/expand]<\/p>\n<p><strong>2017<\/strong><\/p>\n<p><strong>[expand title=\u00bbComisi\u00f3n Protecci\u00f3n Civil y Bomberos\u00a025 Enero 2017&#8243;]<\/strong><\/p>\n<p><a href=\"https:\/\/tonala.gob.mx\/portal\/wp-content\/uploads\/2017\/07\/Minuta-Comisi\u00f3n-Protecci\u00f3n-Civil-y-Bomberos-25-Enero-2017.pdf\">Minuta Comisi\u00f3n Protecci\u00f3n Civil y Bomberos 25 Enero 2017<\/a><\/p>\n<p>[\/expand]<\/p>\n<p><strong>[expand title=\u00bbComisi\u00f3n Protecci\u00f3n Civil y Bomberos\u00a027 Febrero 2017&#8243;]<\/strong><\/p>\n<p><a href=\"https:\/\/tonala.gob.mx\/portal\/wp-content\/uploads\/2017\/07\/Minuta-Comisi\u00f3n-Protecci\u00f3n-Civil-y-Bomberos-17-Febrero-2017.pdf\">Minuta Comisi\u00f3n Protecci\u00f3n Civil y Bomberos 27 Febrero 2017<\/a><\/p>\n<p>[\/expand]<\/p>\n<p><strong>[expand title=\u00bbComisi\u00f3n Protecci\u00f3n Civil y Bomberos\u00a007 Marzo 2017&#8243;]<\/strong><\/p>\n<p><a href=\"https:\/\/tonala.gob.mx\/portal\/wp-content\/uploads\/2017\/07\/Minuta-Comisi\u00f3n-Proteccion-Civil-y-Bomberos-07-Marzo-2017.pdf\">Minuta Comisi\u00f3n Protecci\u00f3n Civil y Bomberos 07 Marzo 2017<\/a><\/p>\n<p>[\/expand]<\/p>\n<p><strong>[expand title=\u00bbComisi\u00f3n Protecci\u00f3n Civil y Bomberos\u00a028 Abril 2017&#8243;]<\/strong><\/p>\n<p><a href=\"https:\/\/tonala.gob.mx\/portal\/wp-content\/uploads\/2017\/07\/Minuta-Comision-Protecci\u00f3n-Civil-y-Bomberos-28-Abril-2017.pdf\">Minuta Comisi\u00f3n Protecci\u00f3n Civil y Bomberos 28 Abril 2017<\/a><\/p>\n<p>[\/expand]<\/p>\n<p><strong>[expand title=\u00bbComisi\u00f3n Protecci\u00f3n Civil y Bomberos\u00a029 Mayo 2017&#8243;]<\/strong><\/p>\n<p><a href=\"https:\/\/tonala.gob.mx\/portal\/wp-content\/uploads\/2017\/07\/Minuta-Comisi\u00f3n-Protecci\u00f3n-Civil-y-Bomberos-29-Mayo-2017.pdf\">Minuta Comisi\u00f3n Protecci\u00f3n Civil y Bomberos 29 Mayo 2017<\/a><\/p>\n<p>[\/expand]<\/p>\n<p><strong>[expand title=\u00bbComisi\u00f3n Protecci\u00f3n Civil y Bomberos\u00a013 Junio 2017&#8243;]<\/strong><\/p>\n<p><a href=\"https:\/\/tonala.gob.mx\/portal\/wp-content\/uploads\/2017\/07\/Minuta-Comisi\u00f3n-Protecci\u00f3n-Civil-y-Bomberos-13-Junio-2017.pdf\">Minuta Comisi\u00f3n Protecci\u00f3n Civil y Bomberos 13 Junio 2017<\/a><\/p>\n<p>[\/expand]<\/p>\n<p><strong>[expand title=\u00bbComisi\u00f3n Protecci\u00f3n Civil y Bomberos\u00a018 Julio 2017&#8243;]<\/strong><\/p>\n<p><a href=\"https:\/\/tonala.gob.mx\/portal\/wp-content\/uploads\/2017\/08\/Minuta-Comisi\u00f3n-Protecci\u00f3n-Civil-y-Bomberos-18-Julio-2017.pdf\">Minuta Comisi\u00f3n Protecci\u00f3n Civil y Bomberos 18 Julio 2017<\/a><\/p>\n<p>[\/expand]<\/p>\n<p><strong>[expand title=\u00bbComisi\u00f3n Protecci\u00f3n Civil y Bomberos 24 Agosto 2017&#8243;]<\/strong><\/p>\n<p><a href=\"https:\/\/tonala.gob.mx\/portal\/wp-content\/uploads\/2017\/09\/Minuta-Comisi\u00f3n-Protecci\u00f3n-Civil-24-Agosto-de-2017.pdf\">Minuta Comisi\u00f3n Protecci\u00f3n Civil y Bomberos 24 Agosto 2017<\/a><\/p>\n<p>[\/expand]<\/p>\n<p><strong>[expand title=\u00bbComisi\u00f3n Protecci\u00f3n Civil y Bomberos 06 Septiembre 2017&#8243;]<\/strong><\/p>\n<p><a href=\"https:\/\/tonala.gob.mx\/portal\/wp-content\/uploads\/2017\/10\/Minuta-Comisi\u00f3n-Protecci\u00f3n-Civil-06-Septiembre-2017.pdf\">Minuta Comisi\u00f3n Protecci\u00f3n Civil 06 Septiembre 2017<\/a><\/p>\n<p>[\/expand]<\/p>\n<p><strong>[expand title=\u00bbComisi\u00f3n Protecci\u00f3n Civil y Bomberos 20 Octubre 2017&#8243;]<\/strong><\/p>\n<p><a href=\"https:\/\/tonala.gob.mx\/portal\/wp-content\/uploads\/2017\/11\/Minuta-Comisi\u00f3n-Proteccion-Civil-20-Octubre-2017.pdf\">Minuta Comisi\u00f3n Protecci\u00f3n Civil 20 Octubre 2017\u00a0<\/a><\/p>\n<p>[\/expand]<\/p>\n<p><strong>[expand title=\u00bbComisi\u00f3n Protecci\u00f3n Civil y Bomberos\u00a0 24 Noviembre 2017&#8243;]<\/strong><\/p>\n<p><a href=\"https:\/\/tonala.gob.mx\/portal\/wp-content\/uploads\/2018\/02\/Minuta-Comisi\u00f3n-Protecci\u00f3n-Civ\u00edl-y-Bomberos-24-Noviembre-2017.pdf\">Minuta Comisi\u00f3n Protecci\u00f3n Civil 24 Noviembre 2017<\/a><\/p>\n<p>[\/expand]<\/p>\n<p><strong>[expand title=\u00bbComisi\u00f3n Protecci\u00f3n Civil y Bomberos 14 Diciembre 2017&#8243;]<\/strong><\/p>\n<p><a href=\"https:\/\/tonala.gob.mx\/portal\/wp-content\/uploads\/2018\/02\/Minuta-Comisi\u00f3n-Protecci\u00f3n-Civil-14-Diciembre-2017.pdf\">Minuta Comisi\u00f3n Protecci\u00f3n Civil 14 Diciembre 2017<\/a><\/p>\n<p>[\/expand]<\/p>\n<p><strong>2018<\/strong><\/p>\n<p><strong>[expand title=\u00bbComisi\u00f3n Protecci\u00f3n Civil y Bomberos 16 Enero 2018&#8243;]<\/strong><\/p>\n<p><a href=\"https:\/\/tonala.gob.mx\/portal\/wp-content\/uploads\/2018\/03\/Minuta-Comisi\u00f3n-Protecci\u00f3n-Civil-16-Enero-2018.pdf\">Minuta Comisi\u00f3n Protecci\u00f3n Civil y Bomberos 16 Enero 2018<\/a><\/p>\n<p>[\/expand]<\/p>\n<p><strong>[expand title=\u00bbComisi\u00f3n Protecci\u00f3n Civil y Bomberos 23 Febrero 2018&#8243;]<\/strong><\/p>\n<p><a href=\"https:\/\/tonala.gob.mx\/portal\/wp-content\/uploads\/2018\/07\/Minuta-Comisi\u00f3n-Protecci\u00f3n-Civil-23-Febrero-2018.pdf\">Minuta Comisi\u00f3n Protecci\u00f3n Civil y Bomberos 23 Febrero 2018<\/a><\/p>\n<p>[\/expand]<\/p>\n<p><strong>[expand title=\u00bbComisi\u00f3n Protecci\u00f3n Civil y Bomberos 23 Marzo 2018&#8243;]<\/strong><\/p>\n<p><a href=\"https:\/\/tonala.gob.mx\/portal\/wp-content\/uploads\/2018\/07\/Minuta-Comisi\u00f3n-Protecci\u00f3n-Civil-23-Marzo-2018.pdf\">Minuta Comisi\u00f3n Protecci\u00f3n Civil y Bomberos 23 Marzo 2018<\/a><\/p>\n<p>[\/expand]<\/p>\n<p><strong>[expand title=\u00bbComisi\u00f3n Protecci\u00f3n Civil y Bomberos 27 Abril 2018&#8243;]<\/strong><\/p>\n<p><a href=\"https:\/\/tonala.gob.mx\/portal\/wp-content\/uploads\/2018\/07\/Minuta-Comisi\u00f3n-Protecci\u00f3n-Civil-27-Abril-2018.pdf\">Minuta Comisi\u00f3n Protecci\u00f3n Civil y Bomberos 27 Abril 2018<\/a><\/p>\n<p>[\/expand]<\/p>\n<p><strong>[expand title=\u00bbComisi\u00f3n Protecci\u00f3n Civil y Bomberos 18 Mayo 2018&#8243;]<\/strong><\/p>\n<p><a href=\"https:\/\/tonala.gob.mx\/portal\/wp-content\/uploads\/2018\/07\/Minuta-Comisi\u00f3n-Protecci\u00f3n-Civil-18-Mayo-2018.pdf\">Minuta Comisi\u00f3n Protecci\u00f3n Civil y Bomberos 18 Mayo 2018<\/a><\/p>\n<p>[\/expand]<\/p>\n","protected":false},"excerpt":{"rendered":"<p>Plan de Trabajo\u00a02015-2018 A\u00f1o 2015 [expand title=\u00bbComisi\u00f3n Protecci\u00f3n Civil 8 de Octubre de 2015&#8243;] Protecci\u00f3n Civil 8 de Octubre 2015<\/p>\n","protected":false},"author":1,"featured_media":0,"parent":0,"menu_order":0,"comment_status":"closed","ping_status":"closed","template":"","meta":{"colormag_page_container_layout":"default_layout","colormag_page_sidebar_layout":"default_layout","footnotes":""},"class_list":["post-5328","page","type-page","status-publish","hentry"],"_links":{"self":[{"href":"https:\/\/tonala.gob.mx\/portal\/wp-json\/wp\/v2\/pages\/5328","targetHints":{"allow":["GET"]}}],"collection":[{"href":"https:\/\/tonala.gob.mx\/portal\/wp-json\/wp\/v2\/pages"}],"about":[{"href":"https:\/\/tonala.gob.mx\/portal\/wp-json\/wp\/v2\/types\/page"}],"author":[{"embeddable":true,"href":"https:\/\/tonala.gob.mx\/portal\/wp-json\/wp\/v2\/users\/1"}],"replies":[{"embeddable":true,"href":"https:\/\/tonala.gob.mx\/portal\/wp-json\/wp\/v2\/comments?post=5328"}],"version-history":[{"count":33,"href":"https:\/\/tonala.gob.mx\/portal\/wp-json\/wp\/v2\/pages\/5328\/revisions"}],"predecessor-version":[{"id":19317,"href":"https:\/\/tonala.gob.mx\/portal\/wp-json\/wp\/v2\/pages\/5328\/revisions\/19317"}],"wp:attachment":[{"href":"https:\/\/tonala.gob.mx\/portal\/wp-json\/wp\/v2\/media?parent=5328"}],"curies":[{"name":"wp","href":"https:\/\/api.w.org\/{rel}","templated":true}]}}