{"id":532,"date":"2015-11-17T19:30:16","date_gmt":"2015-11-17T19:30:16","guid":{"rendered":"http:\/\/tonala.gob.mx\/portal\/?page_id=532"},"modified":"2026-05-06T10:38:45","modified_gmt":"2026-05-06T16:38:45","slug":"direccion-general-de-administracion-y-desarrollo-humano","status":"publish","type":"page","link":"https:\/\/tonala.gob.mx\/portal\/direccion-general-de-administracion-y-desarrollo-humano\/","title":{"rendered":"Direcci\u00f3n General de Administraci\u00f3n y Desarrollo Humano"},"content":{"rendered":"\n<div class=\"wp-block-columns is-layout-flex wp-container-core-columns-is-layout-28f84493 wp-block-columns-is-layout-flex\">\n<div class=\"wp-block-column is-layout-flow wp-block-column-is-layout-flow\" style=\"flex-basis:100%\">\n<figure class=\"wp-block-table\"><table class=\"has-fixed-layout\"><tbody><tr><td><img fetchpriority=\"high\" decoding=\"async\" width=\"400\" height=\"600\" class=\"wp-image-36352\" style=\"width: 400px;\" src=\"https:\/\/tonala.gob.mx\/portal\/wp-content\/uploads\/2024\/10\/RAMON-ESPARZA-scaled.jpg\" alt=\"\" srcset=\"https:\/\/tonala.gob.mx\/portal\/wp-content\/uploads\/2024\/10\/RAMON-ESPARZA-scaled.jpg 1707w, https:\/\/tonala.gob.mx\/portal\/wp-content\/uploads\/2024\/10\/RAMON-ESPARZA-200x300.jpg 200w, https:\/\/tonala.gob.mx\/portal\/wp-content\/uploads\/2024\/10\/RAMON-ESPARZA-683x1024.jpg 683w, https:\/\/tonala.gob.mx\/portal\/wp-content\/uploads\/2024\/10\/RAMON-ESPARZA-768x1152.jpg 768w, https:\/\/tonala.gob.mx\/portal\/wp-content\/uploads\/2024\/10\/RAMON-ESPARZA-1024x1536.jpg 1024w, https:\/\/tonala.gob.mx\/portal\/wp-content\/uploads\/2024\/10\/RAMON-ESPARZA-1365x2048.jpg 1365w\" sizes=\"(max-width: 400px) 100vw, 400px\" \/><\/td><td class=\"has-text-align-left\" data-align=\"left\"><strong>Luis R. Esparza Sezate<\/strong><br><br>Direcci\u00f3n General de Administraci\u00f3n y Desarrollo Humano<\/td><td><strong>Tel\u00e9fono:<\/strong> 33 38 37 37 90 EXT. 2447<br><strong>Domicilio:<\/strong> Av. Rio Nilo 8096, Loma Dorada, Tonal\u00e1 Jalisco<br><strong>Correo Electr\u00f3nico: <\/strong>dir.administracionydesarrollohumano@tonala.gob.mx<br><br>Curr\u00edculo<br>Agenda Oficial<\/td><\/tr><tr><td><img decoding=\"async\" width=\"400\" height=\"600\" class=\"wp-image-36676\" style=\"width: 400px;\" src=\"https:\/\/tonala.gob.mx\/portal\/wp-content\/uploads\/2024\/10\/Pedro-Mendez-Campechano-scaled.jpg\" alt=\"\" srcset=\"https:\/\/tonala.gob.mx\/portal\/wp-content\/uploads\/2024\/10\/Pedro-Mendez-Campechano-scaled.jpg 1707w, https:\/\/tonala.gob.mx\/portal\/wp-content\/uploads\/2024\/10\/Pedro-Mendez-Campechano-200x300.jpg 200w, https:\/\/tonala.gob.mx\/portal\/wp-content\/uploads\/2024\/10\/Pedro-Mendez-Campechano-683x1024.jpg 683w, https:\/\/tonala.gob.mx\/portal\/wp-content\/uploads\/2024\/10\/Pedro-Mendez-Campechano-768x1152.jpg 768w, https:\/\/tonala.gob.mx\/portal\/wp-content\/uploads\/2024\/10\/Pedro-Mendez-Campechano-1024x1536.jpg 1024w, https:\/\/tonala.gob.mx\/portal\/wp-content\/uploads\/2024\/10\/Pedro-Mendez-Campechano-1365x2048.jpg 1365w\" sizes=\"(max-width: 400px) 100vw, 400px\" \/><\/td><td class=\"has-text-align-left\" data-align=\"left\"><strong>Pedro M\u00e9ndez Campechano<\/strong><br><br>Direcci\u00f3n de Relaciones Laborales<\/td><td>Tel\u00e9fono: 33 35 86 60 00 Ext. 2452<br>Domicilio: Av. Rio Nilo 8096, Loma Dorada, Tonal\u00e1 Jalisco<br>Correo Electr\u00f3nico: dir.relacioneslaborales@tonala.gob.mx<br><br>Curr\u00edculo<br>Agenda Oficial<\/td><\/tr><tr><td><img decoding=\"async\" width=\"400\" height=\"600\" class=\"wp-image-36661\" style=\"width: 400px;\" src=\"https:\/\/tonala.gob.mx\/portal\/wp-content\/uploads\/2024\/10\/Guillermo-Hernandez-Gonzalez-scaled.jpg\" alt=\"\" srcset=\"https:\/\/tonala.gob.mx\/portal\/wp-content\/uploads\/2024\/10\/Guillermo-Hernandez-Gonzalez-scaled.jpg 1707w, https:\/\/tonala.gob.mx\/portal\/wp-content\/uploads\/2024\/10\/Guillermo-Hernandez-Gonzalez-200x300.jpg 200w, https:\/\/tonala.gob.mx\/portal\/wp-content\/uploads\/2024\/10\/Guillermo-Hernandez-Gonzalez-683x1024.jpg 683w, https:\/\/tonala.gob.mx\/portal\/wp-content\/uploads\/2024\/10\/Guillermo-Hernandez-Gonzalez-768x1152.jpg 768w, https:\/\/tonala.gob.mx\/portal\/wp-content\/uploads\/2024\/10\/Guillermo-Hernandez-Gonzalez-1024x1536.jpg 1024w, https:\/\/tonala.gob.mx\/portal\/wp-content\/uploads\/2024\/10\/Guillermo-Hernandez-Gonzalez-1365x2048.jpg 1365w\" sizes=\"(max-width: 400px) 100vw, 400px\" \/><\/td><td class=\"has-text-align-left\" data-align=\"left\"><strong>Guillermo Hern\u00e1ndez Gonz\u00e1lez<br><\/strong>Jefatura de Supervisi\u00f3n de Personal<\/td><td><br>Tel\u00e9fono: 33 35 86 60 00 Ext. 2452<br>Domicilio: Av. Rio Nilo 8096, Loma Dorada, Tonal\u00e1 Jalisco<br>Correo Electr\u00f3nico: <br>jef.supervisiondepersona@tonala.gob.mx<br><br>Curr\u00edculo<br>Agenda Oficial<\/td><\/tr><tr><td><img loading=\"lazy\" decoding=\"async\" width=\"400\" height=\"600\" class=\"wp-image-36668\" style=\"width: 400px;\" src=\"https:\/\/tonala.gob.mx\/portal\/wp-content\/uploads\/2024\/10\/Lazaro-Morales-Vicencio-scaled.jpg\" alt=\"\" srcset=\"https:\/\/tonala.gob.mx\/portal\/wp-content\/uploads\/2024\/10\/Lazaro-Morales-Vicencio-scaled.jpg 1707w, https:\/\/tonala.gob.mx\/portal\/wp-content\/uploads\/2024\/10\/Lazaro-Morales-Vicencio-200x300.jpg 200w, https:\/\/tonala.gob.mx\/portal\/wp-content\/uploads\/2024\/10\/Lazaro-Morales-Vicencio-683x1024.jpg 683w, https:\/\/tonala.gob.mx\/portal\/wp-content\/uploads\/2024\/10\/Lazaro-Morales-Vicencio-768x1152.jpg 768w, https:\/\/tonala.gob.mx\/portal\/wp-content\/uploads\/2024\/10\/Lazaro-Morales-Vicencio-1024x1536.jpg 1024w, https:\/\/tonala.gob.mx\/portal\/wp-content\/uploads\/2024\/10\/Lazaro-Morales-Vicencio-1365x2048.jpg 1365w\" sizes=\"(max-width: 400px) 100vw, 400px\" \/><\/td><td class=\"has-text-align-left\" data-align=\"left\"><strong>L\u00e1zaro Morales Vicencio<\/strong><br><br>Direcci\u00f3n de Recursos Humanos<\/td><td><br>Tel\u00e9fono: 33 38 37 24 55 Ext. 2468 y 2453<br>Domicilio: Av. Rio Nilo 8096, Loma Dorada, Tonal\u00e1 Jalisco<br>Correo Electr\u00f3nico: recursoshumanos@tonala.gob.mx<br><br>Curr\u00edculo<br>Agenda Oficial<\/td><\/tr><tr><td><img loading=\"lazy\" decoding=\"async\" width=\"400\" height=\"600\" class=\"wp-image-36657\" style=\"width: 400px;\" src=\"https:\/\/tonala.gob.mx\/portal\/wp-content\/uploads\/2024\/10\/Diego-Francisco-Campechano-Gonzalez-scaled.jpg\" alt=\"\" srcset=\"https:\/\/tonala.gob.mx\/portal\/wp-content\/uploads\/2024\/10\/Diego-Francisco-Campechano-Gonzalez-scaled.jpg 1707w, https:\/\/tonala.gob.mx\/portal\/wp-content\/uploads\/2024\/10\/Diego-Francisco-Campechano-Gonzalez-200x300.jpg 200w, https:\/\/tonala.gob.mx\/portal\/wp-content\/uploads\/2024\/10\/Diego-Francisco-Campechano-Gonzalez-683x1024.jpg 683w, https:\/\/tonala.gob.mx\/portal\/wp-content\/uploads\/2024\/10\/Diego-Francisco-Campechano-Gonzalez-768x1152.jpg 768w, https:\/\/tonala.gob.mx\/portal\/wp-content\/uploads\/2024\/10\/Diego-Francisco-Campechano-Gonzalez-1024x1536.jpg 1024w, https:\/\/tonala.gob.mx\/portal\/wp-content\/uploads\/2024\/10\/Diego-Francisco-Campechano-Gonzalez-1365x2048.jpg 1365w\" sizes=\"(max-width: 400px) 100vw, 400px\" \/><\/td><td class=\"has-text-align-left\" data-align=\"left\"><strong>Diego Francisco Campechano Gonz\u00e1lez<\/strong><br><br>Jefatura de control de Asistencia<\/td><td><strong>Tel\u00e9fono:<\/strong> 33 35 86 60 00 Ext. 2448, 2461<br><strong>Domicilio: <\/strong>Av. Rio Nilo 8096, Loma Dorada, Tonal\u00e1 Jalisco<br><strong>Correo Electr\u00f3nico: <\/strong>jef.controldeasistencia@tonala.gob.mx<br><br>Curr\u00edculo<br>Agenda Oficial<\/td><\/tr><tr><td><\/td><td class=\"has-text-align-left\" data-align=\"left\"><br><br>Jefatura de Desarrollo Organizacional y Capacitaci\u00f3n<\/td><td>Tel\u00e9fono: 33 35 86 60 00 Ext. 2451<br>Domicilio: Av. Rio Nilo 8096, Loma Dorada, Tonal\u00e1 Jalisco<br>Correo Electr\u00f3nico: <br>jef.desarrolloorganizacional@tonala.gob.mx<br><br>Curr\u00edculo<br>Agenda Oficial<\/td><\/tr><tr><td><img loading=\"lazy\" decoding=\"async\" width=\"400\" height=\"600\" class=\"wp-image-36677\" style=\"width: 400px;\" src=\"https:\/\/tonala.gob.mx\/portal\/wp-content\/uploads\/2024\/10\/Saul-Daniel-Aguilar-Garcia-scaled.jpg\" alt=\"\" srcset=\"https:\/\/tonala.gob.mx\/portal\/wp-content\/uploads\/2024\/10\/Saul-Daniel-Aguilar-Garcia-scaled.jpg 1707w, https:\/\/tonala.gob.mx\/portal\/wp-content\/uploads\/2024\/10\/Saul-Daniel-Aguilar-Garcia-200x300.jpg 200w, https:\/\/tonala.gob.mx\/portal\/wp-content\/uploads\/2024\/10\/Saul-Daniel-Aguilar-Garcia-683x1024.jpg 683w, https:\/\/tonala.gob.mx\/portal\/wp-content\/uploads\/2024\/10\/Saul-Daniel-Aguilar-Garcia-768x1152.jpg 768w, https:\/\/tonala.gob.mx\/portal\/wp-content\/uploads\/2024\/10\/Saul-Daniel-Aguilar-Garcia-1024x1536.jpg 1024w, https:\/\/tonala.gob.mx\/portal\/wp-content\/uploads\/2024\/10\/Saul-Daniel-Aguilar-Garcia-1365x2048.jpg 1365w\" sizes=\"(max-width: 400px) 100vw, 400px\" \/><\/td><td class=\"has-text-align-left\" data-align=\"left\"><strong>Sa\u00fal Daniel Aguilar Garc\u00eda <\/strong><br><br>Direcci\u00f3n de N\u00f3minas<\/td><td>Tel\u00e9fono: 33 35 86 60 00 Ext. 2445<br>Domicilio: Av. Rio Nilo 8096, Loma Dorada, Tonal\u00e1 Jalisco<br>Correo Electr\u00f3nico: dir.nominas@tonala.gob.mx<br><br>Curr\u00edculo<br><a href=\"https:\/\/portal-transparencia.tonala.gob.mx\/agenda-oficial-director-de-nominas-lic-saul-daniel-aguilar-garcia\/\">Agenda Oficial<\/a><\/td><\/tr><\/tbody><\/table><\/figure>\n<\/div>\n<\/div>\n","protected":false},"excerpt":{"rendered":"<p>Luis R. Esparza Sezate Direcci\u00f3n General de Administraci\u00f3n y Desarrollo Humano Tel\u00e9fono: 33 38 37 37 90 EXT. 2447Domicilio: Av.<\/p>\n","protected":false},"author":1,"featured_media":0,"parent":0,"menu_order":0,"comment_status":"closed","ping_status":"closed","template":"","meta":{"colormag_page_container_layout":"default_layout","colormag_page_sidebar_layout":"default_layout","footnotes":""},"class_list":["post-532","page","type-page","status-publish","hentry"],"_links":{"self":[{"href":"https:\/\/tonala.gob.mx\/portal\/wp-json\/wp\/v2\/pages\/532","targetHints":{"allow":["GET"]}}],"collection":[{"href":"https:\/\/tonala.gob.mx\/portal\/wp-json\/wp\/v2\/pages"}],"about":[{"href":"https:\/\/tonala.gob.mx\/portal\/wp-json\/wp\/v2\/types\/page"}],"author":[{"embeddable":true,"href":"https:\/\/tonala.gob.mx\/portal\/wp-json\/wp\/v2\/users\/1"}],"replies":[{"embeddable":true,"href":"https:\/\/tonala.gob.mx\/portal\/wp-json\/wp\/v2\/comments?post=532"}],"version-history":[{"count":215,"href":"https:\/\/tonala.gob.mx\/portal\/wp-json\/wp\/v2\/pages\/532\/revisions"}],"predecessor-version":[{"id":39003,"href":"https:\/\/tonala.gob.mx\/portal\/wp-json\/wp\/v2\/pages\/532\/revisions\/39003"}],"wp:attachment":[{"href":"https:\/\/tonala.gob.mx\/portal\/wp-json\/wp\/v2\/media?parent=532"}],"curies":[{"name":"wp","href":"https:\/\/api.w.org\/{rel}","templated":true}]}}