{"id":530,"date":"2015-11-17T19:29:51","date_gmt":"2015-11-17T19:29:51","guid":{"rendered":"http:\/\/tonala.gob.mx\/portal\/?page_id=530"},"modified":"2026-02-13T11:34:57","modified_gmt":"2026-02-13T17:34:57","slug":"hacienda-municipal","status":"publish","type":"page","link":"https:\/\/tonala.gob.mx\/portal\/hacienda-municipal\/","title":{"rendered":"Hacienda Municipal"},"content":{"rendered":"\n<figure class=\"wp-block-table alignleft\"><table class=\"has-fixed-layout\"><tbody><tr><td><\/td><td><strong>Iv\u00e1n Antonio Pe\u00f1a Rocha<\/strong><br><br>Tesorero Municipal<\/td><td class=\"has-text-align-left\" data-align=\"left\">Tel\u00e9fono: 33 35 86 60 00<br>Domicilio: Morelos 20 colonia Centro, Tonal\u00e1 Jalisco<br>Correo Electr\u00f3nico: <br>hacienda.tonala@tonala.gob.mx<br><br>Curr\u00edculo<br><a href=\"https:\/\/portal-transparencia.tonala.gob.mx\/agenda-oficial-tesorero-municipal-mtro-ivan-antonio-pena-rocha\/\">Agenda Oficial<\/a><\/td><\/tr><tr><td><img fetchpriority=\"high\" decoding=\"async\" width=\"400\" height=\"600\" class=\"wp-image-36680\" style=\"width: 400px;\" src=\"https:\/\/tonala.gob.mx\/portal\/wp-content\/uploads\/2024\/10\/Yolanda-Denice-Suarez-Aguayo-scaled.jpg\" alt=\"\" srcset=\"https:\/\/tonala.gob.mx\/portal\/wp-content\/uploads\/2024\/10\/Yolanda-Denice-Suarez-Aguayo-scaled.jpg 1707w, https:\/\/tonala.gob.mx\/portal\/wp-content\/uploads\/2024\/10\/Yolanda-Denice-Suarez-Aguayo-200x300.jpg 200w, https:\/\/tonala.gob.mx\/portal\/wp-content\/uploads\/2024\/10\/Yolanda-Denice-Suarez-Aguayo-683x1024.jpg 683w, https:\/\/tonala.gob.mx\/portal\/wp-content\/uploads\/2024\/10\/Yolanda-Denice-Suarez-Aguayo-768x1152.jpg 768w, https:\/\/tonala.gob.mx\/portal\/wp-content\/uploads\/2024\/10\/Yolanda-Denice-Suarez-Aguayo-1024x1536.jpg 1024w, https:\/\/tonala.gob.mx\/portal\/wp-content\/uploads\/2024\/10\/Yolanda-Denice-Suarez-Aguayo-1365x2048.jpg 1365w\" sizes=\"(max-width: 400px) 100vw, 400px\" \/><\/td><td><strong>Yolanda Denice&nbsp; Suarez Aguayo<\/strong><br>Direcci\u00f3n de Contabilidad<br><\/td><td class=\"has-text-align-left\" data-align=\"left\">Tel\u00e9fono: 33 35 86 60 00 Ext.3834, 3835<br>Domicilio: Morelos 20 colonia Centro, Tonal\u00e1 Jalisco<br>Correo Electr\u00f3nico: <br>dir.contabilidad@tonala.gob.mx<br>Curr\u00edculo<br><a href=\"https:\/\/portal-transparencia.tonala.gob.mx\/agenda-oficial-direccion-de-contabilidad-mtra-yolanda-denice-suarez-aguayo\/\">Agenda Oficial<\/a><\/td><\/tr><tr><td><img decoding=\"async\" width=\"400\" height=\"600\" class=\"wp-image-36731\" style=\"width: 400px;\" src=\"https:\/\/tonala.gob.mx\/portal\/wp-content\/uploads\/2024\/10\/Noemi-Adriana-Barajas-Velazco-scaled.jpg\" alt=\"\" srcset=\"https:\/\/tonala.gob.mx\/portal\/wp-content\/uploads\/2024\/10\/Noemi-Adriana-Barajas-Velazco-scaled.jpg 1707w, https:\/\/tonala.gob.mx\/portal\/wp-content\/uploads\/2024\/10\/Noemi-Adriana-Barajas-Velazco-200x300.jpg 200w, https:\/\/tonala.gob.mx\/portal\/wp-content\/uploads\/2024\/10\/Noemi-Adriana-Barajas-Velazco-683x1024.jpg 683w, https:\/\/tonala.gob.mx\/portal\/wp-content\/uploads\/2024\/10\/Noemi-Adriana-Barajas-Velazco-768x1152.jpg 768w, https:\/\/tonala.gob.mx\/portal\/wp-content\/uploads\/2024\/10\/Noemi-Adriana-Barajas-Velazco-1024x1536.jpg 1024w, https:\/\/tonala.gob.mx\/portal\/wp-content\/uploads\/2024\/10\/Noemi-Adriana-Barajas-Velazco-1365x2048.jpg 1365w\" sizes=\"(max-width: 400px) 100vw, 400px\" \/><\/td><td><strong>Noemi&nbsp; Adriana Barajas Velazco<br><\/strong>Direcci\u00f3n de Programaci\u00f3n y Presupuesto<br><\/td><td class=\"has-text-align-left\" data-align=\"left\">Tel\u00e9fono: 33 35 86 60 00<br>Domicilio: Morelos 20 colonia Centro, Tonal\u00e1 Jalisco<br>Correo Electr\u00f3nico: <br>dir.programacionypresupuesto@tonala.gob.mx<br>Curr\u00edculo<br><a href=\"https:\/\/portal-transparencia.tonala.gob.mx\/agenda-oficial-directora-de-programacion-y-presupuesto-c-noemi-adriana-barajas-velasco\/\">Agenda Oficial<\/a><\/td><\/tr><tr><td><img decoding=\"async\" width=\"400\" height=\"600\" class=\"wp-image-36728\" style=\"width: 400px;\" src=\"https:\/\/tonala.gob.mx\/portal\/wp-content\/uploads\/2024\/10\/Israel-de-Jesus-Ramirez-Sanchez-scaled.jpg\" alt=\"\" srcset=\"https:\/\/tonala.gob.mx\/portal\/wp-content\/uploads\/2024\/10\/Israel-de-Jesus-Ramirez-Sanchez-scaled.jpg 1707w, https:\/\/tonala.gob.mx\/portal\/wp-content\/uploads\/2024\/10\/Israel-de-Jesus-Ramirez-Sanchez-200x300.jpg 200w, https:\/\/tonala.gob.mx\/portal\/wp-content\/uploads\/2024\/10\/Israel-de-Jesus-Ramirez-Sanchez-683x1024.jpg 683w, https:\/\/tonala.gob.mx\/portal\/wp-content\/uploads\/2024\/10\/Israel-de-Jesus-Ramirez-Sanchez-768x1152.jpg 768w, https:\/\/tonala.gob.mx\/portal\/wp-content\/uploads\/2024\/10\/Israel-de-Jesus-Ramirez-Sanchez-1024x1536.jpg 1024w, https:\/\/tonala.gob.mx\/portal\/wp-content\/uploads\/2024\/10\/Israel-de-Jesus-Ramirez-Sanchez-1365x2048.jpg 1365w\" sizes=\"(max-width: 400px) 100vw, 400px\" \/><\/td><td><strong>Israel de Jes\u00fas Ram\u00edrez S\u00e1nchez<br><\/strong>Jefatura de Gesti\u00f3n Presupuestal y Financiera<br><\/td><td class=\"has-text-align-left\" data-align=\"left\">Tel\u00e9fono: 33 32 84 98 32 EXT.3863, 3839 <br>Domicilio: Morelos 20 colonia Centro, Tonal\u00e1 Jalisco<br>Correo Electr\u00f3nico: <br>jef.gestionpresupuestal@tonala.gob.mx<br><br>Curr\u00edculo<br>Agenda Oficial<\/td><\/tr><tr><td><img loading=\"lazy\" decoding=\"async\" width=\"400\" height=\"600\" class=\"wp-image-36455\" style=\"width: 400px;\" src=\"https:\/\/tonala.gob.mx\/portal\/wp-content\/uploads\/2024\/10\/Juan-Gabriel-Gutierrez-Orozco-scaled.jpg\" alt=\"\" srcset=\"https:\/\/tonala.gob.mx\/portal\/wp-content\/uploads\/2024\/10\/Juan-Gabriel-Gutierrez-Orozco-scaled.jpg 1707w, https:\/\/tonala.gob.mx\/portal\/wp-content\/uploads\/2024\/10\/Juan-Gabriel-Gutierrez-Orozco-200x300.jpg 200w, https:\/\/tonala.gob.mx\/portal\/wp-content\/uploads\/2024\/10\/Juan-Gabriel-Gutierrez-Orozco-683x1024.jpg 683w, https:\/\/tonala.gob.mx\/portal\/wp-content\/uploads\/2024\/10\/Juan-Gabriel-Gutierrez-Orozco-768x1152.jpg 768w, https:\/\/tonala.gob.mx\/portal\/wp-content\/uploads\/2024\/10\/Juan-Gabriel-Gutierrez-Orozco-1024x1536.jpg 1024w, https:\/\/tonala.gob.mx\/portal\/wp-content\/uploads\/2024\/10\/Juan-Gabriel-Gutierrez-Orozco-1365x2048.jpg 1365w\" sizes=\"(max-width: 400px) 100vw, 400px\" \/><\/td><td><strong>Juan Gabriel Guti\u00e9rrez Orozco<\/strong><br><br>Direcci\u00f3n de Ingresos<\/td><td class=\"has-text-align-left\" data-align=\"left\"><strong>Tel\u00e9fono: <\/strong>33 32 84 98 47, 33 32 84 98 67 y 33 35 86 60 00 EXT.3847, 3867<br><strong>Domicilio: <\/strong>Morelos 20 colonia Centro, Tonal\u00e1 Jalisco<br><strong>Correo Electr\u00f3nico: <\/strong>dir.ingresos@tonala.gob.mx<br><br>Curr\u00edculo<br>Agenda Oficial<\/td><\/tr><tr><td><\/td><td><strong>Nancy Zambrano Mu\u00f1oz<\/strong><br>Direcci\u00f3n de Egresos<\/td><td class=\"has-text-align-left\" data-align=\"left\"><strong>Tel\u00e9fono: <\/strong>33 35 86 60 00<br><strong>Domicilio:<\/strong> Morelos 20 colonia Centro, Tonal\u00e1 Jalisco<br><strong>Correo Electr\u00f3nico: <\/strong>@tonala.gob.mx<br><br>Curr\u00edculo<br>Agenda Oficial<\/td><\/tr><tr><td><img loading=\"lazy\" decoding=\"async\" width=\"400\" height=\"600\" class=\"wp-image-36438\" style=\"width: 400px;\" src=\"https:\/\/tonala.gob.mx\/portal\/wp-content\/uploads\/2024\/10\/Ernesto-Ivan-Lopez-Parra-scaled.jpg\" alt=\"\" srcset=\"https:\/\/tonala.gob.mx\/portal\/wp-content\/uploads\/2024\/10\/Ernesto-Ivan-Lopez-Parra-scaled.jpg 1707w, https:\/\/tonala.gob.mx\/portal\/wp-content\/uploads\/2024\/10\/Ernesto-Ivan-Lopez-Parra-200x300.jpg 200w, https:\/\/tonala.gob.mx\/portal\/wp-content\/uploads\/2024\/10\/Ernesto-Ivan-Lopez-Parra-683x1024.jpg 683w, https:\/\/tonala.gob.mx\/portal\/wp-content\/uploads\/2024\/10\/Ernesto-Ivan-Lopez-Parra-768x1152.jpg 768w, https:\/\/tonala.gob.mx\/portal\/wp-content\/uploads\/2024\/10\/Ernesto-Ivan-Lopez-Parra-1024x1536.jpg 1024w, https:\/\/tonala.gob.mx\/portal\/wp-content\/uploads\/2024\/10\/Ernesto-Ivan-Lopez-Parra-1365x2048.jpg 1365w\" sizes=\"(max-width: 400px) 100vw, 400px\" \/><\/td><td><strong>Ernesto Iv\u00e1n L\u00f3pez Parra<\/strong><br><br>Unidad de Ejecuci\u00f3n Fiscal (UEF)<\/td><td class=\"has-text-align-left\" data-align=\"left\"><strong>Tel\u00e9fono: <\/strong>33 35 86 60 00 EXT.1345<br><strong>Domicilio:<\/strong> Morelos 155-B colonia Centro, Tonal\u00e1 Jalisco<br><strong>Correo Electr\u00f3nico: <\/strong>unidadejecucionfiscal@tonala.gob.mx<br><br>Curr\u00edculo<br>Agenda Oficial<\/td><\/tr><tr><td><img loading=\"lazy\" decoding=\"async\" width=\"400\" height=\"600\" class=\"wp-image-36725\" style=\"width: 400px;\" src=\"https:\/\/tonala.gob.mx\/portal\/wp-content\/uploads\/2024\/10\/Eduardo-Mora-Torres-scaled.jpg\" alt=\"\" srcset=\"https:\/\/tonala.gob.mx\/portal\/wp-content\/uploads\/2024\/10\/Eduardo-Mora-Torres-scaled.jpg 1707w, https:\/\/tonala.gob.mx\/portal\/wp-content\/uploads\/2024\/10\/Eduardo-Mora-Torres-200x300.jpg 200w, https:\/\/tonala.gob.mx\/portal\/wp-content\/uploads\/2024\/10\/Eduardo-Mora-Torres-683x1024.jpg 683w, https:\/\/tonala.gob.mx\/portal\/wp-content\/uploads\/2024\/10\/Eduardo-Mora-Torres-768x1152.jpg 768w, https:\/\/tonala.gob.mx\/portal\/wp-content\/uploads\/2024\/10\/Eduardo-Mora-Torres-1024x1536.jpg 1024w, https:\/\/tonala.gob.mx\/portal\/wp-content\/uploads\/2024\/10\/Eduardo-Mora-Torres-1365x2048.jpg 1365w\" sizes=\"(max-width: 400px) 100vw, 400px\" \/><\/td><td><strong>Eduardo Mora Torres<\/strong><br><br>Jefatura de Glosa<\/td><td class=\"has-text-align-left\" data-align=\"left\"><strong>Tel\u00e9fono:<\/strong> 33 32 84 98 40, 33 32 84 98 41 Ext. 3840, 3841<br><strong>Domicilio: <\/strong>Morelos 20 colonia Centro, Tonal\u00e1 Jalisco<br><strong>Correo Electr\u00f3nico: <\/strong><br>jef.glosa@tonala.gob.mx<br><br>Curr\u00edculo<br><a href=\"https:\/\/portal-transparencia.tonala.gob.mx\/agenda-oficial-jefe-de-glosa-ing-eduardo-mora-torres\/\">Agenda Oficial<\/a><\/td><\/tr><tr><td><img loading=\"lazy\" decoding=\"async\" width=\"400\" height=\"600\" class=\"wp-image-36730\" style=\"width: 400px;\" src=\"https:\/\/tonala.gob.mx\/portal\/wp-content\/uploads\/2024\/10\/Mario-Alberto-Reyna-Bustos-scaled.jpg\" alt=\"\" srcset=\"https:\/\/tonala.gob.mx\/portal\/wp-content\/uploads\/2024\/10\/Mario-Alberto-Reyna-Bustos-scaled.jpg 1707w, https:\/\/tonala.gob.mx\/portal\/wp-content\/uploads\/2024\/10\/Mario-Alberto-Reyna-Bustos-200x300.jpg 200w, https:\/\/tonala.gob.mx\/portal\/wp-content\/uploads\/2024\/10\/Mario-Alberto-Reyna-Bustos-683x1024.jpg 683w, https:\/\/tonala.gob.mx\/portal\/wp-content\/uploads\/2024\/10\/Mario-Alberto-Reyna-Bustos-768x1152.jpg 768w, https:\/\/tonala.gob.mx\/portal\/wp-content\/uploads\/2024\/10\/Mario-Alberto-Reyna-Bustos-1024x1536.jpg 1024w, https:\/\/tonala.gob.mx\/portal\/wp-content\/uploads\/2024\/10\/Mario-Alberto-Reyna-Bustos-1365x2048.jpg 1365w\" sizes=\"(max-width: 400px) 100vw, 400px\" \/><\/td><td><strong>Mario Alberto Reyna Bustos<\/strong><br><br>Direcci\u00f3n de Padr\u00f3n y Licencias<\/td><td class=\"has-text-align-left\" data-align=\"left\"><strong>Tel\u00e9fono:<\/strong> 33 32 84 98 36 EXT.3836, 3837, 3838<br><strong>Domicilio: <\/strong>Morelos 20 colonia Centro, Tonal\u00e1 Jalisco<br><strong>Correo Electr\u00f3nico: <\/strong><br>dir.padronylicencias@tonala.gob.mx<br><br>Curr\u00edculo<br>Agenda Oficial<\/td><\/tr><tr><td><img loading=\"lazy\" decoding=\"async\" width=\"400\" height=\"602\" class=\"wp-image-37494\" style=\"width: 400px;\" src=\"https:\/\/tonala.gob.mx\/portal\/wp-content\/uploads\/2025\/03\/GUADALUPE-VILLASENOR-FONSECA-scaled-e1743445511446.jpg\" alt=\"\" srcset=\"https:\/\/tonala.gob.mx\/portal\/wp-content\/uploads\/2025\/03\/GUADALUPE-VILLASENOR-FONSECA-scaled-e1743445511446.jpg 1702w, https:\/\/tonala.gob.mx\/portal\/wp-content\/uploads\/2025\/03\/GUADALUPE-VILLASENOR-FONSECA-scaled-e1743445511446-199x300.jpg 199w, https:\/\/tonala.gob.mx\/portal\/wp-content\/uploads\/2025\/03\/GUADALUPE-VILLASENOR-FONSECA-scaled-e1743445511446-681x1024.jpg 681w, https:\/\/tonala.gob.mx\/portal\/wp-content\/uploads\/2025\/03\/GUADALUPE-VILLASENOR-FONSECA-scaled-e1743445511446-768x1155.jpg 768w, https:\/\/tonala.gob.mx\/portal\/wp-content\/uploads\/2025\/03\/GUADALUPE-VILLASENOR-FONSECA-scaled-e1743445511446-1021x1536.jpg 1021w, https:\/\/tonala.gob.mx\/portal\/wp-content\/uploads\/2025\/03\/GUADALUPE-VILLASENOR-FONSECA-scaled-e1743445511446-1362x2048.jpg 1362w\" sizes=\"(max-width: 400px) 100vw, 400px\" \/><\/td><td><br><strong>Guadalupe Villase\u00f1or Fonseca<br><\/strong>Direcci\u00f3n de Patrimonio<\/td><td class=\"has-text-align-left\" data-align=\"left\"><strong>Tel\u00e9fono: <\/strong>33 36 83 02 93 <br><strong>Domicilio: <\/strong>Ni\u00f1os H\u00e9roes 215 colonia Centro, Tonal\u00e1 Jalisco<br><strong>Correo Electr\u00f3nico: <\/strong>dir.patrimonio@tonala.gob.mx<br><br>Curr\u00edculo<br><a href=\"https:\/\/portal-transparencia.tonala.gob.mx\/agenda-oficial-director-de-patrimonio-municipal-lic-j-jesus-orozco-elviro\/\">Agenda Oficial<\/a><\/td><\/tr><tr><td><img loading=\"lazy\" decoding=\"async\" width=\"400\" height=\"600\" class=\"wp-image-36664\" style=\"width: 400px;\" src=\"https:\/\/tonala.gob.mx\/portal\/wp-content\/uploads\/2024\/10\/Jose-Alfredo-Garcia-Trejo-scaled.jpg\" alt=\"\" srcset=\"https:\/\/tonala.gob.mx\/portal\/wp-content\/uploads\/2024\/10\/Jose-Alfredo-Garcia-Trejo-scaled.jpg 1707w, https:\/\/tonala.gob.mx\/portal\/wp-content\/uploads\/2024\/10\/Jose-Alfredo-Garcia-Trejo-200x300.jpg 200w, https:\/\/tonala.gob.mx\/portal\/wp-content\/uploads\/2024\/10\/Jose-Alfredo-Garcia-Trejo-683x1024.jpg 683w, https:\/\/tonala.gob.mx\/portal\/wp-content\/uploads\/2024\/10\/Jose-Alfredo-Garcia-Trejo-768x1152.jpg 768w, https:\/\/tonala.gob.mx\/portal\/wp-content\/uploads\/2024\/10\/Jose-Alfredo-Garcia-Trejo-1024x1536.jpg 1024w, https:\/\/tonala.gob.mx\/portal\/wp-content\/uploads\/2024\/10\/Jose-Alfredo-Garcia-Trejo-1365x2048.jpg 1365w\" sizes=\"(max-width: 400px) 100vw, 400px\" \/><\/td><td><strong>Jos\u00e9 Alfredo Garc\u00eda Trejo<\/strong><br><br>Direcci\u00f3n de Recursos Materiales<\/td><td class=\"has-text-align-left\" data-align=\"left\"><strong>Tel\u00e9fono:<\/strong> 33 35 86 60 00 EXT.3407<br><strong>Domicilio: <\/strong>Francisco Zarco 144-D colonia Centro, Tonal\u00e1 Jalisco<br><strong>Correo Electr\u00f3nico: <\/strong><br>dir.recursosmateriales@tonala.gob.mx<br>Curr\u00edculo<br>Agenda Oficial<\/td><\/tr><tr><td><\/td><td><br>Jefatura de Almac\u00e9n Recursos Materiales<\/td><td class=\"has-text-align-left\" data-align=\"left\"><strong>Tel\u00e9fono:<\/strong> 33 35 86 60 00 Ext. 3402<br><strong>Domicilio: <\/strong>Francisco Zarco 141 colonia Centro, Tonal\u00e1 Jalisco<br><strong>Correo Electr\u00f3nico: <\/strong><br>jef.almacen@tonala.gob.mx<br><br>Curr\u00edculo<br>Agenda Oficial<\/td><\/tr><tr><td><img loading=\"lazy\" decoding=\"async\" width=\"400\" height=\"600\" class=\"wp-image-36679\" style=\"width: 400px;\" src=\"https:\/\/tonala.gob.mx\/portal\/wp-content\/uploads\/2024\/10\/Timoteo-Campechano-Silva-scaled.jpg\" alt=\"\" srcset=\"https:\/\/tonala.gob.mx\/portal\/wp-content\/uploads\/2024\/10\/Timoteo-Campechano-Silva-scaled.jpg 1707w, https:\/\/tonala.gob.mx\/portal\/wp-content\/uploads\/2024\/10\/Timoteo-Campechano-Silva-200x300.jpg 200w, https:\/\/tonala.gob.mx\/portal\/wp-content\/uploads\/2024\/10\/Timoteo-Campechano-Silva-683x1024.jpg 683w, https:\/\/tonala.gob.mx\/portal\/wp-content\/uploads\/2024\/10\/Timoteo-Campechano-Silva-768x1152.jpg 768w, https:\/\/tonala.gob.mx\/portal\/wp-content\/uploads\/2024\/10\/Timoteo-Campechano-Silva-1024x1536.jpg 1024w, https:\/\/tonala.gob.mx\/portal\/wp-content\/uploads\/2024\/10\/Timoteo-Campechano-Silva-1365x2048.jpg 1365w\" sizes=\"(max-width: 400px) 100vw, 400px\" \/><\/td><td><br><strong>Timoteo Campechano Silva<\/strong><br><br>Direcci\u00f3n de Catastro<\/td><td class=\"has-text-align-left\" data-align=\"left\"><strong>Tel\u00e9fono:<\/strong> 33 32 84 98 53<br><strong>Domicilio:<\/strong> Morelos 20 colonia Centro, Tonal\u00e1 Jalisco<br><strong>Correo Electr\u00f3nico: <\/strong><br>dir.catastro@tonala.gob.mx<br><br>Curr\u00edculo<br><a href=\"https:\/\/portal-transparencia.tonala.gob.mx\/agenda-oficial-director-de-catastro-municipal-lic-tomoteo-campechano-silva\/\">Agenda Oficial<\/a><\/td><\/tr><tr><td><\/td><td>Jefatura de Transmisiones Patrimoniales<\/td><td class=\"has-text-align-left\" data-align=\"left\"><strong>Tel\u00e9fono:<\/strong> 33 35 86 60 00<br><strong>Domicilio:<\/strong> Morelos 20 colonia Centro, Tonal\u00e1 Jalisco<br><strong>Correo Electr\u00f3nico: <\/strong>jef.transmisionespatrimoniales@tonala.gob.mx<br><br>Curr\u00edculo<br>Agenda Oficial<\/td><\/tr><tr><td><img loading=\"lazy\" decoding=\"async\" width=\"400\" height=\"600\" class=\"wp-image-36437\" style=\"width: 400px;\" src=\"https:\/\/tonala.gob.mx\/portal\/wp-content\/uploads\/2024\/10\/Eduardo-Galindo-Covarrubias-scaled.jpg\" alt=\"\" srcset=\"https:\/\/tonala.gob.mx\/portal\/wp-content\/uploads\/2024\/10\/Eduardo-Galindo-Covarrubias-scaled.jpg 1707w, https:\/\/tonala.gob.mx\/portal\/wp-content\/uploads\/2024\/10\/Eduardo-Galindo-Covarrubias-200x300.jpg 200w, https:\/\/tonala.gob.mx\/portal\/wp-content\/uploads\/2024\/10\/Eduardo-Galindo-Covarrubias-683x1024.jpg 683w, https:\/\/tonala.gob.mx\/portal\/wp-content\/uploads\/2024\/10\/Eduardo-Galindo-Covarrubias-768x1152.jpg 768w, https:\/\/tonala.gob.mx\/portal\/wp-content\/uploads\/2024\/10\/Eduardo-Galindo-Covarrubias-1024x1536.jpg 1024w, https:\/\/tonala.gob.mx\/portal\/wp-content\/uploads\/2024\/10\/Eduardo-Galindo-Covarrubias-1365x2048.jpg 1365w\" sizes=\"(max-width: 400px) 100vw, 400px\" \/><\/td><td><br><br><strong>Eduardo Galindo Covarrubias<\/strong><br><br>Jefatura de Cartograf\u00eda<\/td><td class=\"has-text-align-left\" data-align=\"left\"><strong>Tel\u00e9fono: <\/strong>33 35 86 60 00 EXT. 3855, 3856<br><strong>Domicilio: <\/strong>Morelos 20 colonia Centro, Tonal\u00e1 Jalisco<br><strong>Correo Electr\u00f3nico: <\/strong>jef.cartografia@tonala.gob.mx<br><br>Curr\u00edculo<br>Agenda Oficial<\/td><\/tr><tr><td><\/td><td>Jefatura de Valuaci\u00f3n<\/td><td class=\"has-text-align-left\" data-align=\"left\"><strong>Tel\u00e9fono: <\/strong>33 32 84 98 53, 33 35 86 60 00 Ext.3858<br><strong>Domicilio:<\/strong> Morelos 20 colonia Centro, Tonal\u00e1 Jalisco<br><strong>Correo Electr\u00f3nico: <\/strong><br>jef.valuacion@tonala.gob.mx<br><br>Curr\u00edculo<br><a href=\"https:\/\/portal-transparencia.tonala.gob.mx\/agenda-oficial-jefe-de-valuacion-y-tramite-ing-manrique-uriel-garcia-benitez\/\">Agenda Oficial<\/a><\/td><\/tr><tr><td><img loading=\"lazy\" decoding=\"async\" width=\"400\" height=\"621\" class=\"wp-image-37489\" style=\"width: 400px;\" src=\"https:\/\/tonala.gob.mx\/portal\/wp-content\/uploads\/2025\/03\/FRANCISCO-LEOS-ARCINIEGA--scaled-e1743445332101.jpg\" alt=\"\" srcset=\"https:\/\/tonala.gob.mx\/portal\/wp-content\/uploads\/2025\/03\/FRANCISCO-LEOS-ARCINIEGA--scaled-e1743445332101.jpg 1622w, https:\/\/tonala.gob.mx\/portal\/wp-content\/uploads\/2025\/03\/FRANCISCO-LEOS-ARCINIEGA--scaled-e1743445332101-193x300.jpg 193w, https:\/\/tonala.gob.mx\/portal\/wp-content\/uploads\/2025\/03\/FRANCISCO-LEOS-ARCINIEGA--scaled-e1743445332101-660x1024.jpg 660w, https:\/\/tonala.gob.mx\/portal\/wp-content\/uploads\/2025\/03\/FRANCISCO-LEOS-ARCINIEGA--scaled-e1743445332101-768x1192.jpg 768w, https:\/\/tonala.gob.mx\/portal\/wp-content\/uploads\/2025\/03\/FRANCISCO-LEOS-ARCINIEGA--scaled-e1743445332101-990x1536.jpg 990w, https:\/\/tonala.gob.mx\/portal\/wp-content\/uploads\/2025\/03\/FRANCISCO-LEOS-ARCINIEGA--scaled-e1743445332101-1320x2048.jpg 1320w\" sizes=\"(max-width: 400px) 100vw, 400px\" \/><\/td><td><strong>Francisco Leos Arciniega<\/strong><br>Unidad de Atenci\u00f3n al Contribuyente<\/td><td class=\"has-text-align-left\" data-align=\"left\"><strong>Tel\u00e9fono: <\/strong>33 35 86 60 00<br><strong>Domicilio:<\/strong> Morelos 20 colonia Centro, Tonal\u00e1 Jalisco<br><strong>Correo Electr\u00f3nico: <\/strong>atencionalcontribuyente@tonala.gob.mx<br><br>Curr\u00edculo<br>Agenda Oficial<\/td><\/tr><tr><td><img loading=\"lazy\" decoding=\"async\" width=\"400\" height=\"600\" class=\"wp-image-36724\" style=\"width: 400px;\" src=\"https:\/\/tonala.gob.mx\/portal\/wp-content\/uploads\/2024\/10\/Cesar-Manuel-Delgadillo-Siordia-scaled.jpg\" alt=\"\" srcset=\"https:\/\/tonala.gob.mx\/portal\/wp-content\/uploads\/2024\/10\/Cesar-Manuel-Delgadillo-Siordia-scaled.jpg 1707w, https:\/\/tonala.gob.mx\/portal\/wp-content\/uploads\/2024\/10\/Cesar-Manuel-Delgadillo-Siordia-200x300.jpg 200w, https:\/\/tonala.gob.mx\/portal\/wp-content\/uploads\/2024\/10\/Cesar-Manuel-Delgadillo-Siordia-683x1024.jpg 683w, https:\/\/tonala.gob.mx\/portal\/wp-content\/uploads\/2024\/10\/Cesar-Manuel-Delgadillo-Siordia-768x1152.jpg 768w, https:\/\/tonala.gob.mx\/portal\/wp-content\/uploads\/2024\/10\/Cesar-Manuel-Delgadillo-Siordia-1024x1536.jpg 1024w, https:\/\/tonala.gob.mx\/portal\/wp-content\/uploads\/2024\/10\/Cesar-Manuel-Delgadillo-Siordia-1365x2048.jpg 1365w\" sizes=\"(max-width: 400px) 100vw, 400px\" \/><\/td><td><strong>Cesar Manuel Delgadillo Siordia<br><\/strong>Unidad de Enlace Fiscal y Jur\u00eddico<\/td><td class=\"has-text-align-left\" data-align=\"left\"><strong>Tel\u00e9fono: <\/strong>33 35 86 60 00 EXT. 3866<br><strong>Domicilio:<\/strong> Morelos 20 colonia Centro, Tonal\u00e1 Jalisco<br><strong>Correo Electr\u00f3nico: <\/strong><br>enlacefiscalyjuridico@tonala.gob.mx<br><br>Curr\u00edculo<br>Agenda Oficial<\/td><\/tr><\/tbody><\/table><\/figure>\n\n\n\n<p><\/p>\n","protected":false},"excerpt":{"rendered":"<p>Iv\u00e1n Antonio Pe\u00f1a Rocha Tesorero Municipal Tel\u00e9fono: 33 35 86 60 00Domicilio: Morelos 20 colonia Centro, Tonal\u00e1 JaliscoCorreo Electr\u00f3nico: hacienda.tonala@tonala.gob.mx<\/p>\n","protected":false},"author":1,"featured_media":0,"parent":0,"menu_order":0,"comment_status":"closed","ping_status":"closed","template":"","meta":{"colormag_page_container_layout":"default_layout","colormag_page_sidebar_layout":"default_layout","footnotes":""},"class_list":["post-530","page","type-page","status-publish","hentry"],"_links":{"self":[{"href":"https:\/\/tonala.gob.mx\/portal\/wp-json\/wp\/v2\/pages\/530","targetHints":{"allow":["GET"]}}],"collection":[{"href":"https:\/\/tonala.gob.mx\/portal\/wp-json\/wp\/v2\/pages"}],"about":[{"href":"https:\/\/tonala.gob.mx\/portal\/wp-json\/wp\/v2\/types\/page"}],"author":[{"embeddable":true,"href":"https:\/\/tonala.gob.mx\/portal\/wp-json\/wp\/v2\/users\/1"}],"replies":[{"embeddable":true,"href":"https:\/\/tonala.gob.mx\/portal\/wp-json\/wp\/v2\/comments?post=530"}],"version-history":[{"count":221,"href":"https:\/\/tonala.gob.mx\/portal\/wp-json\/wp\/v2\/pages\/530\/revisions"}],"predecessor-version":[{"id":38541,"href":"https:\/\/tonala.gob.mx\/portal\/wp-json\/wp\/v2\/pages\/530\/revisions\/38541"}],"wp:attachment":[{"href":"https:\/\/tonala.gob.mx\/portal\/wp-json\/wp\/v2\/media?parent=530"}],"curies":[{"name":"wp","href":"https:\/\/api.w.org\/{rel}","templated":true}]}}