{"id":4729,"date":"2016-08-02T15:39:04","date_gmt":"2016-08-02T15:39:04","guid":{"rendered":"http:\/\/tonala.gob.mx\/portal\/?page_id=4729"},"modified":"2018-08-01T09:02:00","modified_gmt":"2018-08-01T15:02:00","slug":"rastro-y-servicios-complementarios","status":"publish","type":"page","link":"https:\/\/tonala.gob.mx\/portal\/rastro-y-servicios-complementarios\/","title":{"rendered":"Rastro y Servicios Complementarios"},"content":{"rendered":"<p><strong><a href=\"https:\/\/tonala.gob.mx\/portal\/wp-content\/uploads\/2016\/05\/PROGRAMA-DE-TRABAJO-JORGE-LUIS-VIZCARRA-MAYORGA.pdf\">Plan de Trabajo<\/a>\u00a02015-2018<\/strong><\/p>\n<p><strong>A\u00f1o 2015<\/strong><\/p>\n<p><strong>[expand title=\u00bbRastro y Servicios Complementarios 12 de Octubre 2015&#8243;]<\/strong><\/p>\n<p><a href=\"https:\/\/tonala.gob.mx\/portal\/wp-content\/uploads\/2017\/01\/O.D._Rastro_Servicios_Complementarios_12_Octubre_2015.pdf\">O.D. Rastro y Servicios Complementarios 12 de Octubre de 2015<\/a><\/p>\n<p><a href=\"https:\/\/tonala.gob.mx\/portal\/wp-content\/uploads\/2016\/08\/Rastro_y_Servicios_Complementarios_12_10_15.pdf\">Comisiones Rastro y Servicios Complementarios 12 de Octubre de 2015<\/a><\/p>\n<p><a href=\"https:\/\/tonala.gob.mx\/portal\/wp-content\/uploads\/2016\/08\/Asistencia_Rastro_y_Servicios_Complementarios_12_10_15.pdf\">Asistencia Rastro y Servicios Complementarios 12 de Octubre de 2015<\/a><\/p>\n<p>[\/expand]<\/p>\n<p><strong>[expand title=\u00bbRastro y Servicios Complementarios 25 de Noviembre de 2015&#8243;]<\/strong><\/p>\n<p><a href=\"https:\/\/tonala.gob.mx\/portal\/wp-content\/uploads\/2017\/01\/O.D._Rastro_Servicios_Complementarios_25_Noviembre_2015.pdf\">O.D. Rastro y Servicios Complementarios 25 de Noviembre de 2015<\/a><\/p>\n<p><a href=\"https:\/\/tonala.gob.mx\/portal\/wp-content\/uploads\/2016\/08\/Comisiones-Rastro-y-Servicios-Complementarios-25-de-Noviembre-de-2015.pdf\">Comisiones Rastro y Servicios Complementarios 25 de Noviembre de 2015<\/a><\/p>\n<p><a href=\"https:\/\/tonala.gob.mx\/portal\/wp-content\/uploads\/2016\/08\/Asistencia-Rastro-y-Servicios-Complementarios-25-de-Noviembre-de-2015.pdf\">Asistencia Rastro y Servicios Complementarios 25 de Noviembre de 2015<\/a><\/p>\n<p>[\/expand]<\/p>\n<p><strong>[expand title=\u00bbRastro y Servicios Complementarios 11 de Diciembre de 2015&#8243;]<\/strong><\/p>\n<p><a href=\"https:\/\/tonala.gob.mx\/portal\/wp-content\/uploads\/2017\/01\/O.D._Rastro_Servicios_Complementarios_11_Diciembre_2015.pdf\">O.D. Rastro y Servicios Complementarios 11 de Diciembre de 2015<\/a><\/p>\n<p><a href=\"https:\/\/tonala.gob.mx\/portal\/wp-content\/uploads\/2016\/08\/Comisiones-Rastro-y-Servicios-Complementarios-11-de-Diciembre-de-2015.pdf\">Comisiones Rastro y Servicios Complementarios 11 de Diciembre de 2015<\/a><\/p>\n<p><a href=\"https:\/\/tonala.gob.mx\/portal\/wp-content\/uploads\/2016\/08\/Asistencia-Rastro-y-Servicios-Complementarios-11-de-Diciembre-de-2015.pdf\">Asistencia Rastro y Servicios Complementarios 11 de Diciembre de 2015<\/a><\/p>\n<p>[\/expand]<\/p>\n<p><strong>A\u00f1o 2016<\/strong><\/p>\n<p><strong>[expand title=\u00bbRastro y Servicios Complementarios 28 de Enero de 2016&#8243;]<\/strong><\/p>\n<p><a href=\"https:\/\/tonala.gob.mx\/portal\/wp-content\/uploads\/2017\/01\/O.D._Rastro_Servicios_Complementarios_28_Enero_2016.pdf\">O.D. Rastro y Servicios Complementarios 28 de Enero de 2016<\/a><\/p>\n<p><a href=\"https:\/\/tonala.gob.mx\/portal\/wp-content\/uploads\/2016\/08\/Comisiones-Rastro-y-Servicios-Complementarios-28-de-Enero-de-2016.pdf\">Comisiones Rastro y Servicios Complementarios 28 de Enero de 2016<\/a><\/p>\n<p><a href=\"https:\/\/tonala.gob.mx\/portal\/wp-content\/uploads\/2016\/08\/Asistencia-Rastro-y-Servicios-Complementarios-28-de-Enero-de-2016.pdf\">Asistencia Rastro y Servicios Complementarios 28 de Enero de 2016<\/a><\/p>\n<p>[\/expand]<\/p>\n<p><strong>[expand title=\u00bbRastro y Servicios Complementarios 29 de Febrero de 2016&#8243;]<\/strong><\/p>\n<p><a href=\"https:\/\/tonala.gob.mx\/portal\/wp-content\/uploads\/2017\/01\/O.D._Rastro_Servicios_Complementarios_29_Febrero_2016.pdf\">O.D. Rastro y Servicios Complementarios 29 de Febrero de 2016<\/a><\/p>\n<p><a href=\"https:\/\/tonala.gob.mx\/portal\/wp-content\/uploads\/2016\/08\/Comisiones-Rastro-y-Servicios-Complementarios-29-de-Febrero-de-2016.pdf\">Comisiones Rastro y Servicios Complementarios 29 de Febrero de 2016<\/a><\/p>\n<p><a href=\"https:\/\/tonala.gob.mx\/portal\/wp-content\/uploads\/2016\/08\/Asistencia-Rastro-y-Servicios-Complementarios-29-de-Febrero-de-2016.pdf\">Asistencia Rastro y Servicios Complementarios 29 de Febrero de 2016<\/a><\/p>\n<p>[\/expand]<\/p>\n<p><strong>[expand title=\u00bbRastro y Servicios Complementarios 22 de Marzo de 2016&#8243;]<\/strong><\/p>\n<p><a href=\"https:\/\/tonala.gob.mx\/portal\/wp-content\/uploads\/2016\/08\/O.D.-Rastro-y-Servicios-Complementarios-22-de-Marzo-de-2016.pdf\">O.D. Rastro y Servicios Complementarios 22 de Marzo de 2016<\/a><\/p>\n<p><a href=\"https:\/\/tonala.gob.mx\/portal\/wp-content\/uploads\/2016\/08\/Comisiones-Rastro-y-Servicios-Complementarios-22-de-Marzo-de-2016.pdf\">Comisiones Rastro y Servicios Complementarios 22 de Marzo de 2016<\/a><\/p>\n<p><a href=\"https:\/\/tonala.gob.mx\/portal\/wp-content\/uploads\/2016\/08\/Asistencia-Rastro-y-Servicios-Complementarios-22-de-Marzo-de-2016.pdf\">Asistencia Rastro y Servicios Complementarios 22 de Marzo de 2016<\/a><\/p>\n<p>[\/expand]<\/p>\n<p><strong>[expand title=\u00bbRastro y Servicios Complementarios 28 de Abril de 2016&#8243;]<\/strong><\/p>\n<p><a href=\"https:\/\/tonala.gob.mx\/portal\/wp-content\/uploads\/2017\/01\/O.D._Rastro_Servicios_Complementarios_28_Abril_2016.pdf\">O.D. Rastro y Servicios Complementarios 28 de Abril de 2016<\/a><\/p>\n<p><a href=\"https:\/\/tonala.gob.mx\/portal\/wp-content\/uploads\/2016\/08\/Comisiones-Rastro-y-Servicios-Complementarios-28-de-Abril-de-2016.pdf\">Comisiones Rastro y Servicios Complementarios 28 de Abril de 2016<\/a><\/p>\n<p><a href=\"https:\/\/tonala.gob.mx\/portal\/wp-content\/uploads\/2016\/08\/Asistencia-Rastro-y-Servicios-Complementarios-28-de-Abril-de-2016.pdf\">Asistencia Rastro y Servicios Complementarios 28 de Abril de 2016<\/a><\/p>\n<p>[\/expand]<\/p>\n<p><strong>[expand title=\u00bbRastro y Servicios Complementarios \u00a025 Mayo 2016&#8243;]<\/strong><\/p>\n<p><a href=\"https:\/\/tonala.gob.mx\/portal\/wp-content\/uploads\/2017\/01\/O.D._Rastro_Servicios_Complementarios_25_Mayo_2016.pdf\">O.D. Comisi\u00f3n Rastro y Servicios Complementarios 25 Mayo 2016<\/a><\/p>\n<p><a href=\"https:\/\/tonala.gob.mx\/portal\/wp-content\/uploads\/2017\/01\/Rastro_Servicios_Complementarios_25_Mayo_2016.pdf\">Comisi\u00f3n Rastro y Servicios Complementarios 25 Mayo 2016<\/a><\/p>\n<p><a href=\"https:\/\/tonala.gob.mx\/portal\/wp-content\/uploads\/2017\/01\/Asistencia_Rastro_Servicios_Complementarios_25_Mayo_2016.pdf\">Asistencia Comisi\u00f3n Rastro y Servicios Complementarios 25 Mayo 2016<\/a><\/p>\n<p>[\/expand]<\/p>\n<p><strong>[expand title=\u00bbRastro y Servicios Complementarios 15 Junio 2016&#8243;]<\/strong><\/p>\n<p><a href=\"https:\/\/tonala.gob.mx\/portal\/wp-content\/uploads\/2017\/01\/O.D._Rastro_Servicios_Complementarios_15_Junio_2016.pdf\">O.D. Comisi\u00f3n Rastro y Servicios Complementarios 15 Junio 2016<\/a><\/p>\n<p><a href=\"https:\/\/tonala.gob.mx\/portal\/wp-content\/uploads\/2017\/01\/Rastro_Servicios_Complementarios_15_Junio_2016.pdf\">Comisi\u00f3n Rastro y Servicios Complementarios 15 Junio 2016<\/a><\/p>\n<p><a href=\"https:\/\/tonala.gob.mx\/portal\/wp-content\/uploads\/2017\/01\/Asistencia_Rastro_Servicios_Complementarios_15_Junio_2016.pdf\">Asistencia Comisi\u00f3n Rastro y Servicios Complementarios 15 Junio 2016<\/a><\/p>\n<p>[\/expand]<\/p>\n<p><strong>[expand title=\u00bbRastro y Servicios Complementarios 22 Julio 2016&#8243;]<\/strong><\/p>\n<p><a href=\"https:\/\/tonala.gob.mx\/portal\/wp-content\/uploads\/2016\/10\/Rastro_y_Serviciso_Complementarios_22_Julio_2016.pdf\">Comisi\u00f3n Rastro y Servicios Complementarios 22 Julio 2016<\/a><\/p>\n<p><a href=\"https:\/\/tonala.gob.mx\/portal\/wp-content\/uploads\/2017\/01\/O.D._Rastro_Servicios_Complementarios_22_Julio_2016.pdf\">O.D. Comisi\u00f3n Rastro y Servicios Complementarios 22 Julio 2016<\/a><\/p>\n<p><a href=\"https:\/\/tonala.gob.mx\/portal\/wp-content\/uploads\/2016\/10\/Asistencia_Rastro_y_Serviciso_Complementarios_22_Julio_2016.pdf\">Asistencia Comisi\u00f3n Rastro y Servicios Complementarios 22 Julio 2016<\/a><\/p>\n<p>[\/expand]<\/p>\n<p><strong>[expand title=\u00bbSesi\u00f3n Conjunta de Puntos Constitucionales, de Reglamentos y de Rastro y Servicios\u00a0<\/strong><strong>Complementarios 10 de Agosto\u00bb]<\/strong><\/p>\n<p><a href=\"https:\/\/tonala.gob.mx\/portal\/wp-content\/uploads\/2017\/06\/1-de-5-Minuta-Sesi\u00f3n-Conjunta-Reglamentos-Puntos-y-Rastro-.pdf\">Minuta Sesi\u00f3n Conjunta Puntos Constitucionales, Reglamentos y Rastro y Servicios Complementarios 10 Agosto 2016 1-5<\/a><\/p>\n<p><a href=\"https:\/\/tonala.gob.mx\/portal\/wp-content\/uploads\/2017\/06\/2-de-5-Minuta-Sesi\u00f3n-Conjunta-Reglamentos-Puntos-y-Rastro.pdf\">Minuta Sesi\u00f3n Conjunta Puntos Constitucionales, Reglamentos y Rastro y Servicios Complementarios 10 Agosto 2016 2-5<\/a><\/p>\n<p><a href=\"https:\/\/tonala.gob.mx\/portal\/wp-content\/uploads\/2017\/06\/3-de-5-Minuta-Sesi\u00f3n-Conjunta-Reglamentos-Puntos-y-Rastro.pdf\">Minuta Sesi\u00f3n Conjunta Puntos Constitucionales, Reglamentos y Rastro y Servicios Complementarios 10 Agosto 2016 3-5<\/a><\/p>\n<p><a href=\"https:\/\/tonala.gob.mx\/portal\/wp-content\/uploads\/2017\/06\/4-de-5-Minuta-Sesi\u00f3n-Conjunta-Reglamentos-Puntos-y-Rastro.pdf\">Minuta Sesi\u00f3n Conjunta Puntos Constitucionales, Reglamentos y Rastro y Servicios Complementarios 10 Agosto 2016 4-5<\/a><\/p>\n<p><a href=\"https:\/\/tonala.gob.mx\/portal\/wp-content\/uploads\/2017\/06\/5-de-5-Minuta-Sesi\u00f3n-Conjunta-Reglamentos-Puntos-y-Rastro.pdf\">Minuta Sesi\u00f3n Conjunta Puntos Constitucionales, Reglamentos y Rastro y Servicios Complementarios 10 Agosto 2016 5-5<\/a><\/p>\n<p><a href=\"https:\/\/tonala.gob.mx\/portal\/wp-content\/uploads\/2016\/09\/Orden-del-D\u00eda-4\u00aa-Sesi\u00f3n-Conjunta-de-Comisione-1.pdf\">O.D. Comisiones Puntos constitucionales 10 de Agosto<\/a><\/p>\n<p><a href=\"https:\/\/tonala.gob.mx\/portal\/wp-content\/uploads\/2016\/09\/Lista-de-Asistencia-4\u00aa-Sesi\u00f3n-Conjunta-de-Puntos-Constitucionales-Reglamentos-y-Rastr-1.pdf\">Asistencia Comisiones Puntos constitucionales 10 de Agosto<\/a><\/p>\n<p><a href=\"https:\/\/tonala.gob.mx\/portal\/wp-content\/uploads\/2017\/06\/Orden-del-D\u00eda-Reanudaci\u00f3n.pdf\">O.D. Reanudaci\u00f3n\u00a0<\/a><\/p>\n<p><a href=\"https:\/\/tonala.gob.mx\/portal\/wp-content\/uploads\/2017\/06\/Lista-de-Asistencia-Reanudaci\u00f3n.pdf\">Asistencia Reanudaci\u00f3n<\/a><\/p>\n<p>[\/expand]<\/p>\n<p><strong>[expand title=\u00bbRastro y Servicios Complementarios 29 Agosto 2016&#8243;]<\/strong><\/p>\n<p><a href=\"https:\/\/tonala.gob.mx\/portal\/wp-content\/uploads\/2016\/10\/Rastro_y_Servicios_Complementarios_29_Agosto_2016.pdf\">Comisi\u00f3n Rastro y Servicios Complementarios 29 Agosto 2016<\/a><\/p>\n<p><a href=\"https:\/\/tonala.gob.mx\/portal\/wp-content\/uploads\/2017\/01\/O.D._Rastro_Servicios_Complementarios_29_Agosto_2016.pdf\">O.D. Comisi\u00f3n Rastro y Servicios Complementarios 29 Agosto 2016<\/a><\/p>\n<p><a href=\"https:\/\/tonala.gob.mx\/portal\/wp-content\/uploads\/2016\/10\/Asistencia_Rastro_y_Servicios_Complementarios_29_Agosto_2016.pdf\">Asistencia Comisi\u00f3n Rastro y Servicios Complementarios 29 Agosto 2016<\/a><\/p>\n<p>[\/expand]<\/p>\n<p><strong>[expand title=\u00bbRastro y Servicios Complementarios 29 Septiembre 2016&#8243;]<\/strong><\/p>\n<p><a href=\"https:\/\/tonala.gob.mx\/portal\/wp-content\/uploads\/2016\/10\/Rastro_y_Servicios_Complementarios_29_Septiembre_2016.pdf\">Comisi\u00f3n Rastro y Servicios Complementarios 29 Septiembre 2016<\/a><\/p>\n<p><a href=\"https:\/\/tonala.gob.mx\/portal\/wp-content\/uploads\/2017\/01\/O.D._Comisi\u00f3n_Rastro_Servicios_Complementarios_29_Septiembre_2016.pdf\">O.D. Comisi\u00f3n Rastro y Servicios Complementarios 29 Septiembre 2016<\/a><\/p>\n<p><a href=\"https:\/\/tonala.gob.mx\/portal\/wp-content\/uploads\/2016\/10\/Asistencia_Rastro_y_Servicios_Complementarios_29_Septiembre_2016.pdf\">Asistencia Comisi\u00f3n Rastro y Servicios Complementarios 29 Septiembre 2016<\/a><\/p>\n<p>[\/expand]<\/p>\n<p><strong>[expand title=\u00bbComisi\u00f3n Rastro y Servicios Complementarios 26 Octubre 2016&#8243;]<\/strong><\/p>\n<p><a href=\"https:\/\/tonala.gob.mx\/portal\/wp-content\/uploads\/2017\/01\/O.D._Rastro_Servicios_Complementarios_26_Octubre_2016.pdf\">O.D. Comisi\u00f3n Rastro y Servicios Complementarios 26 Octubre 2016<\/a><\/p>\n<p><a href=\"https:\/\/tonala.gob.mx\/portal\/wp-content\/uploads\/2017\/01\/Rastro_Servicios_Complementarios_26_Octubre_2016.pdf\">Comisi\u00f3n Rastro y Servicios Complementarios 26 Octubre 2016<\/a><\/p>\n<p><a href=\"https:\/\/tonala.gob.mx\/portal\/wp-content\/uploads\/2017\/01\/Asistencia_Rastro_Servicios_Complementarios_26_Octubre_2016.pdf\">Asistencia Comisi\u00f3n Rastro y Servicios Complementarios 26 Octubre 2016<\/a><\/p>\n<p>[\/expand]<\/p>\n<p><strong>[expand title=\u00bbComisi\u00f3n Rastro y Servicios Complementarios 29 Noviembre 2016&#8243;]<\/strong><\/p>\n<p><a href=\"https:\/\/tonala.gob.mx\/portal\/wp-content\/uploads\/2017\/03\/COMISION-EDILICA-DE-RASTRO-Y-SERVICIOS-COMPLEMENTARIOS-29-NOVIEMBRE-2916.pdf\">Minuta Comisi\u00f3n Rastro y Servicios Complementarios 29 Noviembre 2016<\/a><\/p>\n<p>[\/expand]<\/p>\n<p><strong>[expand title=\u00bbComisi\u00f3n Rastro y Servicios Complementarios 16 Diciembre 2016&#8243;]<\/strong><\/p>\n<p><a href=\"https:\/\/tonala.gob.mx\/portal\/wp-content\/uploads\/2017\/03\/COMISION-EDILICIA-RATRO-Y-SERVICIOS-COMPLEMENTARIOS-16-DICIEMBRE-2016.pdf\">Minuta Comisi\u00f3n Rastro y Servicios Complementarios 16 Diciembre 2016<\/a><\/p>\n<p>[\/expand]<\/p>\n<p><strong>2017<\/strong><\/p>\n<p><strong>[expand title=\u00bbComisi\u00f3n Rastro y Servicios Complementarios 24 Enero 2017&#8243;]<\/strong><\/p>\n<p><a href=\"https:\/\/tonala.gob.mx\/portal\/wp-content\/uploads\/2017\/03\/COMISION-EDILICIA-DE-RASTRO-Y-SERVICIOS-COMPLEMENTARIOS-24-ENERO-2017.pdf\">Minuta Comisi\u00f3n Rastro y Servicios Complementarios 24 Enero 2017<\/a><\/p>\n<p>[\/expand]<\/p>\n<p><strong>[expand title=\u00bbComisi\u00f3n Rastro y Servicios Complementarios 13 Febrero 2017&#8243;]<\/strong><\/p>\n<p><a href=\"https:\/\/tonala.gob.mx\/portal\/wp-content\/uploads\/2017\/07\/Minuta-Comisi\u00f3n-Rastro-y-Servicios-Complementarios-13-Febrero-2017.pdf\">Minuta Comisi\u00f3n Rastro y Servicios Complementarios 13 Febrero 2017<\/a><\/p>\n<p>[\/expand]<\/p>\n<p><strong>[expand title=\u00bbComisi\u00f3n Rastro y Servicios Complementarios 15 Marzo 2017&#8243;]<\/strong><\/p>\n<p><a href=\"https:\/\/tonala.gob.mx\/portal\/wp-content\/uploads\/2017\/07\/Minuta-Comisi\u00f3n-Rastro-y-Servicios-Complementarios-15-Marzo-2017.pdf\">Minuta Comisi\u00f3n Rastro y Servicios Complementarios 15 Marzo 2017<\/a><\/p>\n<p>[\/expand]<\/p>\n<p><strong>[expand title=\u00bbComisi\u00f3n Rastro y Servicios Complementarios 28 Abril 2017&#8243;]<\/strong><\/p>\n<p><a href=\"https:\/\/tonala.gob.mx\/portal\/wp-content\/uploads\/2017\/07\/Minuta-Comisi\u00f3n-Rastro-y-Servicios-Complementarios-28-Abril-2017.pdf\">Minuta Comisi\u00f3n Rastro y Servicios Complementarios 28 Abril 2017<\/a><\/p>\n<p>[\/expand]<\/p>\n<p><strong>[expand title=\u00bbComisi\u00f3n Rastro y Servicios Complementarios 30 Mayo 2017&#8243;]<\/strong><\/p>\n<p><a href=\"https:\/\/tonala.gob.mx\/portal\/wp-content\/uploads\/2017\/07\/Minuta-Comisi\u00f3n-Rastro-y-Servicios-Complementarios-30-Mayo-2017.pdf\">Minuta Comisi\u00f3n Rastro y Servicios Complementarios 30 Mayo 2017<\/a><\/p>\n<p>[\/expand]<\/p>\n<p><strong>[expand title=\u00bbComisi\u00f3n Rastro y Servicios Complementarios 23 Junio 2017&#8243;]<\/strong><\/p>\n<p><a href=\"https:\/\/tonala.gob.mx\/portal\/wp-content\/uploads\/2017\/09\/Minuta-Comisi\u00f3n-Rastro-y-Servicios-Complementarios-23-Junio-2017.pdf\">Minuta Comisi\u00f3n Rastro y Servicios Complementarios 23 Junio 2017\u00a0<\/a><\/p>\n<p>[\/expand]<\/p>\n<p><strong>[expand title=\u00bbComisi\u00f3n Rastro y Servicios Complementarios 26 Julio 2017&#8243;]<\/strong><\/p>\n<p><a href=\"https:\/\/tonala.gob.mx\/portal\/wp-content\/uploads\/2017\/09\/Minuta-Comisi\u00f3n-Rastro-y-Servicios-Complementarios-26-Julio-2017.pdf\">Minuta Comisi\u00f3n Rastro y Servicios Complementarios 26 Julio 2017<\/a><\/p>\n<p>[\/expand]<\/p>\n<p><strong>[expand title=\u00bbComisi\u00f3n Rastro y Servicios Complementarios 28 Agosto 2017&#8243;]<\/strong><\/p>\n<p><a href=\"https:\/\/tonala.gob.mx\/portal\/wp-content\/uploads\/2017\/10\/Minuta-Comisi\u00f3n-Rastro-y-Servicios-Complementarios-28-Agosto-2017.pdf\">Minuta Comisi\u00f3n Rastro y Servicios Complementarios 28 Agosto 2017<\/a><\/p>\n<p>[\/expand]<\/p>\n<p><strong>[expand title=\u00bbComisi\u00f3n Rastro y Servicios Complementarios 28 Septiembre 2017&#8243;]<\/strong><\/p>\n<p><a href=\"https:\/\/tonala.gob.mx\/portal\/wp-content\/uploads\/2017\/11\/Minuta-Comisi\u00f3n-Rastro-y-Servicios-Complementarios-28-Septiembre-2017.pdf\">Minuta Comisi\u00f3n Rastro y Servicios Complementarios 28 Septiembre 2017<\/a><\/p>\n<p>[\/expand]<\/p>\n<p><strong>[expand title=\u00bbComisi\u00f3n Rastro y Servicios Complementarios 26 Octubre 2017&#8243;]<\/strong><\/p>\n<p><a href=\"https:\/\/tonala.gob.mx\/portal\/wp-content\/uploads\/2017\/12\/Minuta-Comisi\u00f3n-Rastro-y-Servicios-Complementarios-26-Octubre-2017.pdf\">Minuta Comisi\u00f3n Rastro y Servios Complementarios 26 Octubre 2017<\/a><\/p>\n<p>[\/expand]<\/p>\n<p><strong>[expand title=\u00bbComisi\u00f3n Rastro y Servicios Complementarios 24 Noviembre 2017&#8243;]<\/strong><\/p>\n<p><a href=\"https:\/\/tonala.gob.mx\/portal\/wp-content\/uploads\/2018\/02\/Minuta-Comisi\u00f3n-Rastro-y-Servicios-Complementarios-24-Noviembre-2017.pdf\">Minuta Comisi\u00f3n Rastro y Servicios Complementarios 24 Noviembre 2017<\/a><\/p>\n<p>[\/expand]<\/p>\n<p><strong>[expand title=\u00bbComisi\u00f3n Rastro y Servicios Complementarios 18 Diciembre 2017&#8243;]<\/strong><\/p>\n<p><a href=\"https:\/\/tonala.gob.mx\/portal\/wp-content\/uploads\/2018\/02\/Minuta-Comisi\u00f3n-Rastro-y-Servicios-Complementarios-18-Diciembre-2017.pdf\">Minuta Comisi\u00f3n Rastro y Servicios Complementarios 18 Diciembre 2017<\/a><\/p>\n<p>[\/expand]<\/p>\n<p><strong>2018<\/strong><\/p>\n<p><strong>[expand title=\u00bbComisi\u00f3n Rastro y Servicios Complementarios 25 Enero 2018&#8243;]<\/strong><\/p>\n<p><a href=\"https:\/\/tonala.gob.mx\/portal\/wp-content\/uploads\/2018\/02\/Minuta-Comisi\u00f3n-Rastro-y-Servicios-Complementarios-25-Enero-2018.pdf\">Minuta Comisi\u00f3n Rastro y Servicios Complementarios 25 Enero 2018<\/a><\/p>\n<p>[\/expand]<\/p>\n<p><strong>[expand title=\u00bbComisi\u00f3n Rastro y Servicios Complementarios 27 Febrero 2018&#8243;]<\/strong><\/p>\n<p><a href=\"https:\/\/tonala.gob.mx\/portal\/wp-content\/uploads\/2018\/05\/Minuta-Comisi\u00f3n-Rastro-y-Servicios-Complementarios-27-Febrero-2018.pdf\">Minuta Comisi\u00f3n Rastro y Servicios Complementarios 27 Febrero 2018<\/a><\/p>\n<p>[\/expand]<\/p>\n<p><strong>[expand title=\u00bbComisi\u00f3n Rastro y Servicios Complementarios 23 Marzo 2018&#8243;]<\/strong><\/p>\n<p><a href=\"https:\/\/tonala.gob.mx\/portal\/wp-content\/uploads\/2018\/06\/Minuta-Comisi\u00f3n-Rastro-y-Servicios-Complementarios-23-Marzo-2018.pdf\">Minuta Comisi\u00f3n Rastro y Servicios Complementarios 23 Marzo 2018<\/a><\/p>\n<p>[\/expand]<\/p>\n<p><strong>[expand title=\u00bbComisi\u00f3n Rastro y Servicios Complementarios 26 abril 2018&#8243;]<\/strong><\/p>\n<p><a href=\"https:\/\/tonala.gob.mx\/portal\/wp-content\/uploads\/2018\/06\/Minuta-Comisi\u00f3n-Rastro-y-Servicios-Complementarios-26-Abril-2018.pdf\">Minuta Comisi\u00f3n Rastro y Servicios Complementarios 26 Abril 2018<\/a><\/p>\n<p>[\/expand]<\/p>\n<p><strong>[expand title=\u00bbComisi\u00f3n Rastro y Servicios Complementarios 24 Mayo 2018&#8243;]<\/strong><\/p>\n<p><a href=\"https:\/\/tonala.gob.mx\/portal\/wp-content\/uploads\/2018\/08\/Minuta-Comisi\u00f3n-Rastro-y-Servicios-Complementarios-24-Mayo-2018.pdf\">Minuta Comisi\u00f3n Rastro y Servicios Complementarios 24 Mayo 2018<\/a><\/p>\n<p><a href=\"https:\/\/tonala.gob.mx\/portal\/wp-content\/uploads\/2018\/06\/Minuta-Comisi\u00f3n-Rastro-y-Servicios-Complementarios-24-Mayo-2018-Versi\u00f3n-Estenogr\u00e1fica.pdf\">Minuta Comisi\u00f3n Rastro y Servicios Complementarios 24 Mayo 2018 Versi\u00f3n Estenogr\u00e1fica<\/a><\/p>\n<p>[\/expand]<\/p>\n<p><strong>[expand title=\u00bbComisi\u00f3n Rastro y Servicios Complementarios 28 Junio 2018&#8243;]<\/strong><\/p>\n<p><a href=\"https:\/\/tonala.gob.mx\/portal\/wp-content\/uploads\/2018\/08\/Minuta-Comisi\u00f3n-Rastro-y-Servicios-Complementarios-28-Junio-2018.pdf\">Minuta Comisi\u00f3n Rastro y Servicios Complementarios 28 Junio 2018<\/a><\/p>\n<p>[\/expand]<\/p>\n","protected":false},"excerpt":{"rendered":"<p>Plan de Trabajo\u00a02015-2018 A\u00f1o 2015 [expand title=\u00bbRastro y Servicios Complementarios 12 de Octubre 2015&#8243;] O.D. Rastro y Servicios Complementarios 12<\/p>\n","protected":false},"author":1,"featured_media":0,"parent":0,"menu_order":0,"comment_status":"closed","ping_status":"closed","template":"","meta":{"colormag_page_container_layout":"default_layout","colormag_page_sidebar_layout":"default_layout","footnotes":""},"class_list":["post-4729","page","type-page","status-publish","hentry"],"_links":{"self":[{"href":"https:\/\/tonala.gob.mx\/portal\/wp-json\/wp\/v2\/pages\/4729","targetHints":{"allow":["GET"]}}],"collection":[{"href":"https:\/\/tonala.gob.mx\/portal\/wp-json\/wp\/v2\/pages"}],"about":[{"href":"https:\/\/tonala.gob.mx\/portal\/wp-json\/wp\/v2\/types\/page"}],"author":[{"embeddable":true,"href":"https:\/\/tonala.gob.mx\/portal\/wp-json\/wp\/v2\/users\/1"}],"replies":[{"embeddable":true,"href":"https:\/\/tonala.gob.mx\/portal\/wp-json\/wp\/v2\/comments?post=4729"}],"version-history":[{"count":48,"href":"https:\/\/tonala.gob.mx\/portal\/wp-json\/wp\/v2\/pages\/4729\/revisions"}],"predecessor-version":[{"id":19345,"href":"https:\/\/tonala.gob.mx\/portal\/wp-json\/wp\/v2\/pages\/4729\/revisions\/19345"}],"wp:attachment":[{"href":"https:\/\/tonala.gob.mx\/portal\/wp-json\/wp\/v2\/media?parent=4729"}],"curies":[{"name":"wp","href":"https:\/\/api.w.org\/{rel}","templated":true}]}}