{"id":4692,"date":"2016-07-28T19:42:49","date_gmt":"2016-07-28T19:42:49","guid":{"rendered":"http:\/\/tonala.gob.mx\/portal\/?page_id=4692"},"modified":"2018-02-15T14:04:12","modified_gmt":"2018-02-15T20:04:12","slug":"comision-espectaculos-publicos","status":"publish","type":"page","link":"https:\/\/tonala.gob.mx\/portal\/comision-espectaculos-publicos\/","title":{"rendered":"Comisi\u00f3n Espect\u00e1culos P\u00fablicos"},"content":{"rendered":"<p><strong><a href=\"https:\/\/tonala.gob.mx\/portal\/wp-content\/uploads\/2016\/08\/Programa_Hector_Osvaldo_Martinez_Duron_2016.pdf\">Plan de Trabajo<\/a>\u00a02015<\/strong><\/p>\n<p><strong><a href=\"https:\/\/tonala.gob.mx\/portal\/wp-content\/uploads\/2016\/07\/1er_Trimestre-Comision_Espectaculos_Publicos.pdf\">Informe 1er Trimestre<\/a><\/strong><\/p>\n<p><strong>2015<\/strong><\/p>\n<p><strong>[expand title=\u00bbEspect\u00e1culos P\u00fablicos 09 Octubre 2015&#8243;]<\/strong><\/p>\n<p><a href=\"https:\/\/tonala.gob.mx\/portal\/wp-content\/uploads\/2016\/10\/Espectaculos_Publicos_09_Octubre_2015.pdf\">Espect\u00e1culos P\u00fablicos 09 Octubre 2015<\/a><\/p>\n<p><a href=\"https:\/\/tonala.gob.mx\/portal\/wp-content\/uploads\/2016\/10\/O.D._Espectaculos_Publicos_09_Octubre_2015.pdf\">O.D. Espect\u00e1culos P\u00fablicos 09 Octubre 2015<\/a><\/p>\n<p><a href=\"https:\/\/tonala.gob.mx\/portal\/wp-content\/uploads\/2016\/10\/Asistencias_Espectaculos_Publicos_09_Octubre_2015.pdf\">Asistencia Espect\u00e1culos P\u00fablicos 09 Octubre 2015<\/a><\/p>\n<p>[\/expand]<\/p>\n<p><strong>[expand title=\u00bbEspect\u00e1culos P\u00fablicos 24 Noviembre 2015&#8243;]<\/strong><\/p>\n<p><a href=\"https:\/\/tonala.gob.mx\/portal\/wp-content\/uploads\/2016\/10\/Espectaculos_Publicos_24_Noviembre_2015.pdf\">Espect\u00e1culos P\u00fablicos 24 Noviembre 2015<\/a><\/p>\n<p><a href=\"https:\/\/tonala.gob.mx\/portal\/wp-content\/uploads\/2016\/10\/O.D._Espectaculos_Publicos_24_Noviembre_2015.pdf\">O.D. Espect\u00e1culos P\u00fablicos 24 Noviembre 2015<\/a><\/p>\n<p><a href=\"https:\/\/tonala.gob.mx\/portal\/wp-content\/uploads\/2016\/10\/Asistencia_Espectaculos_Publicos_24_Noviembre_2015.pdf\">Asistencia Espect\u00e1culos P\u00fablicos 24 Noviembre 2015<\/a><\/p>\n<p>[\/expand]<\/p>\n<p><strong>[expand title=\u00bbEspect\u00e1culos P\u00fablicos 17 Diciembre 2015&#8243;]<\/strong><\/p>\n<p><a href=\"https:\/\/tonala.gob.mx\/portal\/wp-content\/uploads\/2016\/10\/Espectaculos_Publicos_17_Diciembre_2015.pdf\">Espect\u00e1culos P\u00fablicos 17 Diciembre 2015<\/a><\/p>\n<p><a href=\"https:\/\/tonala.gob.mx\/portal\/wp-content\/uploads\/2016\/10\/O.D._Espectaculos_Publicos_17_Diciembre_2015.pdf\">O.D. Espect\u00e1culos P\u00fablicos 17 Diciembre 2015<\/a><\/p>\n<p><a href=\"https:\/\/tonala.gob.mx\/portal\/wp-content\/uploads\/2016\/10\/Asistencia_Espectaculos_Publicos_17_Diciembre_2015.pdf\">Asistencia Espect\u00e1culos P\u00fablicos 17 Diciembre 2015<\/a><\/p>\n<p>[\/expand]<\/p>\n<p><strong>A\u00f1o 2016<\/strong><\/p>\n<p><strong>[expand title=\u00bbEspect\u00e1culos P\u00fablicos 29 Enero 2016&#8243;]<\/strong><\/p>\n<p><a href=\"https:\/\/tonala.gob.mx\/portal\/wp-content\/uploads\/2016\/10\/Espectaculos_Publicos_29_Enero_2016.pdf\">Espect\u00e1culos P\u00fablicos 29 Enero 2016<\/a><\/p>\n<p><a href=\"https:\/\/tonala.gob.mx\/portal\/wp-content\/uploads\/2016\/10\/O.D._Espectaculos_Publicos_29_Enero_2016.pdf\">O.D. Espect\u00e1culos P\u00fablicos 29 Enero 2016<\/a><\/p>\n<p><a href=\"https:\/\/tonala.gob.mx\/portal\/wp-content\/uploads\/2016\/10\/Asistencia_Espectaculos_Publicos_29_Enero_2016.pdf\">Asistencia Espect\u00e1culos P\u00fablicos 29 Enero 2016<\/a><\/p>\n<p>[\/expand]<\/p>\n<p><strong>[expand title=\u00bbEspect\u00e1culos P\u00fablicos 29 Febrero 2016&#8243;]<\/strong><\/p>\n<p><a href=\"https:\/\/tonala.gob.mx\/portal\/wp-content\/uploads\/2016\/10\/Espectaculos_Publicos_29_Febrero_2016.pdf\">Espect\u00e1culos P\u00fablicos 29 Febrero 2016<\/a><\/p>\n<p><a href=\"https:\/\/tonala.gob.mx\/portal\/wp-content\/uploads\/2016\/10\/O.D._Espectaculos_Publicos_29_Febrero_2016.pdf\">O.D. Espect\u00e1culos P\u00fablicos 29 Febrero 2016<\/a><\/p>\n<p><a href=\"https:\/\/tonala.gob.mx\/portal\/wp-content\/uploads\/2016\/10\/Asistencia_Espectaculos_Publicos_29_Febrero_2016.pdf\">Asistencia Espect\u00e1culos P\u00fablicos 29 Febrero 2016<\/a><\/p>\n<p>[\/expand]<\/p>\n<p><strong>[expand title=\u00bbEspect\u00e1culos P\u00fablicos 11 Marzo 2016&#8243;]<\/strong><\/p>\n<p><a href=\"https:\/\/tonala.gob.mx\/portal\/wp-content\/uploads\/2016\/10\/Espectaculos_Publicos_11_Marzo_2016.pdf\">Espect\u00e1culos P\u00fablicos 11 Marzo 2016<\/a><\/p>\n<p><a href=\"https:\/\/tonala.gob.mx\/portal\/wp-content\/uploads\/2016\/10\/O.D._Espectaculos_Publicos_11_Marzo_2016.pdf\">O.D. Espect\u00e1culos P\u00fablicos 11 Marzo 2016<\/a><\/p>\n<p><a href=\"https:\/\/tonala.gob.mx\/portal\/wp-content\/uploads\/2016\/10\/Asistencia_Espectaculos_Publicos_11_Marzo_2016.pdf\">Asistencia Espect\u00e1culos P\u00fablicos 11 Marzo 2016<\/a><\/p>\n<p>[\/expand]<\/p>\n<p><strong>[expand title=\u00bbEspect\u00e1culos P\u00fablicos 28 Abril 2016&#8243;]<\/strong><\/p>\n<p><a href=\"https:\/\/tonala.gob.mx\/portal\/wp-content\/uploads\/2016\/10\/Espectaculos_Publicos_28_abril_2016.pdf\">Espect\u00e1culos P\u00fablicos 28 Abril 2016<\/a><\/p>\n<p><a href=\"https:\/\/tonala.gob.mx\/portal\/wp-content\/uploads\/2016\/10\/O.D._Espectaculos_Publicos_28_abril_2016.pdf\">O.D. Espect\u00e1culos P\u00fablicos 28 Abril 2016<\/a><\/p>\n<p><a href=\"https:\/\/tonala.gob.mx\/portal\/wp-content\/uploads\/2016\/10\/Asistencia_Espectaculos_Publicos_28_abril_2016.pdf\">Asistencia Espect\u00e1culos P\u00fablicos 28 Abril 2016<\/a><\/p>\n<p>[\/expand]<\/p>\n<p><strong>[expand title=\u00bbEspect\u00e1culos P\u00fablicos 20 Mayo 2016&#8243;]<\/strong><\/p>\n<p><a href=\"https:\/\/tonala.gob.mx\/portal\/wp-content\/uploads\/2016\/10\/Espectaculos_Publicos_20_Mayo_2016.pdf\">Espect\u00e1culos P\u00fablicos 20 Mayo 2016<\/a><\/p>\n<p><a href=\"https:\/\/tonala.gob.mx\/portal\/wp-content\/uploads\/2016\/10\/O.D._Espectaculos_Publicos_20_Mayo_2016.pdf\">O.D. Espect\u00e1culos P\u00fablicos 20 Mayo 2016<\/a><\/p>\n<p><a href=\"https:\/\/tonala.gob.mx\/portal\/wp-content\/uploads\/2016\/10\/Asistencia_Espectaculos_Publicos_20_Mayo_2016.pdf\">Asistencia Espect\u00e1culos P\u00fablicos 28 20 Mayo 2016<\/a><\/p>\n<p>[\/expand]<\/p>\n<p><strong>[expand title=\u00bbEspect\u00e1culos P\u00fablicos 15 Junio 2016&#8243;]<\/strong><\/p>\n<p><a href=\"https:\/\/tonala.gob.mx\/portal\/wp-content\/uploads\/2016\/10\/Espectaculos_Publicos_15_Junio_2016.pdf\">Espect\u00e1culos P\u00fablicos 15 Junio 2016<\/a><\/p>\n<p><a href=\"https:\/\/tonala.gob.mx\/portal\/wp-content\/uploads\/2016\/10\/O.D._Espectaculos_Publicos_15_Junio_2016.pdf\">O.D. Espect\u00e1culos P\u00fablicos 15 Junio 2016<\/a><\/p>\n<p><a href=\"https:\/\/tonala.gob.mx\/portal\/wp-content\/uploads\/2016\/10\/Asistencia_Espectaculos_Publicos_15_Junio_2016.pdf\">Asistencia Espect\u00e1culos P\u00fablicos 15 Junio 2016<\/a><\/p>\n<p>[\/expand]<\/p>\n<p><strong>[expand title=\u00bbEspect\u00e1culos P\u00fablicos 27 Julio 2016&#8243;]<\/strong><\/p>\n<p><a href=\"https:\/\/tonala.gob.mx\/portal\/wp-content\/uploads\/2016\/11\/Espectaculos_Publicos_27_Julio_2016.pdf\">Espect\u00e1culos P\u00fablicos 27 Julio 2016<\/a><\/p>\n<p><a href=\"https:\/\/tonala.gob.mx\/portal\/wp-content\/uploads\/2016\/11\/O.D._Espectaculos_Publicos_27_Julio_2016.pdf\">O.D. Espect\u00e1culos P\u00fablicos<\/a><\/p>\n<p><a href=\"https:\/\/tonala.gob.mx\/portal\/wp-content\/uploads\/2016\/11\/Asistencia_Espectaculos_Publicos_27_Julio_2016.pdf\">Asistencia Espect\u00e1culos P\u00fablicos<\/a><\/p>\n<p>[\/expand]<\/p>\n<p><strong>[expand title=\u00bbEspect\u00e1culos P\u00fablicos 31 Agosto 2016&#8243;]<\/strong><\/p>\n<p><a href=\"https:\/\/tonala.gob.mx\/portal\/wp-content\/uploads\/2016\/11\/Espectaculos-Publicos-31-Agosto-2016.pdf\">Comisi\u00f3n Espect\u00e1culos P\u00fablicos 31 Agosto 2016<\/a><\/p>\n<p><a href=\"https:\/\/tonala.gob.mx\/portal\/wp-content\/uploads\/2016\/11\/Orden-de-Dia-Espectaculos-Publicos-31-Agosto-2016.pdf\">O.D Espect\u00e1culos P\u00fablicos 31 Agosto 2016<\/a><\/p>\n<p><a href=\"https:\/\/tonala.gob.mx\/portal\/wp-content\/uploads\/2016\/11\/Lista-de-asistencia-Espectaculos-Publicos-31-Agosto-2016.pdf\">Asistencia Espect\u00e1culos P\u00fablicos 31 Agosto 2016<\/a><\/p>\n<p>[\/expand]<\/p>\n<p><strong>[expand title=\u00bbEspect\u00e1culos P\u00fablicos 29 Septiembre 2016&#8243;]<\/strong><\/p>\n<p><a href=\"https:\/\/tonala.gob.mx\/portal\/wp-content\/uploads\/2016\/11\/Espectaculos-Publicos-29-Septiembre-2016.pdf\">Comisi\u00f3n Espect\u00e1culos P\u00fablicos 29 Septiembre 2016<\/a><\/p>\n<p><a href=\"https:\/\/tonala.gob.mx\/portal\/wp-content\/uploads\/2016\/11\/Orden-de-Dia-Espectaculos-Publicos-29-Septiembre-2016.pdf\">O.D Espect\u00e1culos P\u00fablicos 29 Septiembre 2016<\/a><\/p>\n<p><a href=\"https:\/\/tonala.gob.mx\/portal\/wp-content\/uploads\/2016\/11\/Lista-de-Asistencia-Espectaculos-Publicos-29-Septiembre-2016.pdf\">Asistencia Espect\u00e1culos P\u00fablicos 29 Septiembre 2016<\/a><\/p>\n<p>[\/expand]<\/p>\n<p><strong>[expand title=\u00bbComisi\u00f3n Espect\u00e1culos P\u00fablicos 27 Octubre 2016&#8243;]<\/strong><\/p>\n<p><a href=\"https:\/\/tonala.gob.mx\/portal\/wp-content\/uploads\/2017\/03\/COMISION-EDILICIA-ESPECTACULOS-PUBLICOS-21OCTUBRE-2016.pdf\">Minuta Comisi\u00f3n Espect\u00e1culos P\u00fablicos 27 Octubre 2016<\/a><\/p>\n<p>[\/expand]<\/p>\n<p><strong>[expand title=\u00bbComisi\u00f3n Espect\u00e1culos P\u00fablicos 30 Noviembre 2016&#8243;]<\/strong><\/p>\n<p><a href=\"https:\/\/tonala.gob.mx\/portal\/wp-content\/uploads\/2017\/03\/COMISION-EDILICIA-ESPECTACULOS-PUBLICOS-30-NOVIEMBRE-2016.pdf\">Minuta Comisi\u00f3n Espect\u00e1culos P\u00fablicos 30 Noviembre 2016<\/a><\/p>\n<p>[\/expand]<\/p>\n<p><strong>[expand title=\u00bbComisi\u00f3n Espect\u00e1culos P\u00fablicos 09 Diciembre 2016&#8243;]<\/strong><\/p>\n<p><a href=\"https:\/\/tonala.gob.mx\/portal\/wp-content\/uploads\/2017\/03\/COMISION-EDILCIA-ESPECTACULOS-PUBLICOS-09-DICIEMBRE-2016.pdf\">Minuta Comisi\u00f3n Espect\u00e1culos P\u00fablicos 09 Diciembre 2016<\/a><\/p>\n<p>[\/expand]<\/p>\n<p><strong>2017<\/strong><\/p>\n<p><strong>[expand title=\u00bbComisi\u00f3n Espect\u00e1culos P\u00fablicos 31 Enero 2017&#8243;]<\/strong><\/p>\n<p><a href=\"https:\/\/tonala.gob.mx\/portal\/wp-content\/uploads\/2017\/07\/Minuta-Comisi\u00f3n-Espectaculos-P\u00fablicos-31-Enero-2017.pdf\">Minuta Comisi\u00f3n Espect\u00e1culos P\u00fablicos 31 Enero 2017<\/a><\/p>\n<p>[\/expand]<\/p>\n<p><strong>[expand title=\u00bbComisi\u00f3n Espect\u00e1culos P\u00fablicos 22 Febrero 2017&#8243;]<\/strong><\/p>\n<p><a href=\"https:\/\/tonala.gob.mx\/portal\/wp-content\/uploads\/2017\/07\/Minuta-Comisi\u00f3n-Espectaculos-P\u00fablicos-22-Febrero-2017.pdf\">Minuta Comisi\u00f3n Espect\u00e1culos P\u00fablicos 22 Febrero 2017<\/a><\/p>\n<p>[\/expand]<\/p>\n<p><strong>[expand title=\u00bbComisi\u00f3n Espect\u00e1culos P\u00fablicos 31 Marzo 2017&#8243;]<\/strong><\/p>\n<p><a href=\"https:\/\/tonala.gob.mx\/portal\/wp-content\/uploads\/2017\/07\/Minuta-Comision-Espectaculos-P\u00fablicos-31-Marzo-2017.pdf\">Minuta Comisi\u00f3n Espect\u00e1culos P\u00fablicos 31 Marzo 2017<\/a><\/p>\n<p>[\/expand]<\/p>\n<p><strong>[expand title=\u00bbComisi\u00f3n Espect\u00e1culos P\u00fablicos 26 Abril 2017&#8243;]<\/strong><\/p>\n<p><a href=\"https:\/\/tonala.gob.mx\/portal\/wp-content\/uploads\/2017\/07\/Minuta-Comisi\u00f3n-Espectaculos-P\u00fablicos-26-Abril-2017.pdf\">Minuta Comisi\u00f3n Espect\u00e1culos P\u00fablicos 26 Abril 2017<\/a><\/p>\n<p>[\/expand]<\/p>\n<p><strong>[expand title=\u00bbComisi\u00f3n Espect\u00e1culos P\u00fablicos 02 Mayo 2017&#8243;]<\/strong><\/p>\n<p><a href=\"https:\/\/tonala.gob.mx\/portal\/wp-content\/uploads\/2017\/07\/Minuta-Comisi\u00f3n-Espectaculos-P\u00fablicos-02-Mayo-2017.pdf\">Minuta Comisi\u00f3n Espect\u00e1culos P\u00fablicos 02 Mayo 2017<\/a><\/p>\n<p>[\/expand]<\/p>\n<p><strong>[expand title=\u00bbComisi\u00f3n Espect\u00e1culos P\u00fablicos 12 Junio 2017&#8243;]<\/strong><\/p>\n<p><a href=\"https:\/\/tonala.gob.mx\/portal\/wp-content\/uploads\/2017\/10\/Minuta-Comisi\u00f3n-Espect\u00e1culos-P\u00fablicos-12-Junio-2017.pdf\">Minuta Comisi\u00f3n Espect\u00e1culos P\u00fablicos 12 Junio 2017<\/a><\/p>\n<p>[\/expand]<\/p>\n<p><strong>[expand title=\u00bbComisi\u00f3n Espect\u00e1culos P\u00fablicos 26 Julio 2017&#8243;]<\/strong><\/p>\n<p><a href=\"https:\/\/tonala.gob.mx\/portal\/wp-content\/uploads\/2017\/10\/Minuta-Comisi\u00f3n-Espectaculos-P\u00fablicos-26-Julio-2017.pdf\">Minuta Comisi\u00f3n Espect\u00e1culos P\u00fablicos 26 Julio 2017<\/a><\/p>\n<p>[\/expand]<\/p>\n<p><strong>[expand title=\u00bbComisi\u00f3n Espect\u00e1culos P\u00fablicos 29 Agosto 2017&#8243;]<\/strong><\/p>\n<p><a href=\"https:\/\/tonala.gob.mx\/portal\/wp-content\/uploads\/2017\/10\/Minuta-Comisi\u00f3n-Espectaculos-P\u00fablicos-29-Agosto-2017.pdf\">Minuta Comisi\u00f3n Espect\u00e1culos P\u00fablicos 29 Agosto 2017\u00a0<\/a><\/p>\n<p>[\/expand]<\/p>\n<p><strong>[expand title=\u00bbComisi\u00f3n Espect\u00e1culos P\u00fablicos 26 Septiembre 2017&#8243;]<\/strong><\/p>\n<p><a href=\"https:\/\/tonala.gob.mx\/portal\/wp-content\/uploads\/2018\/02\/Minuta-Comisi\u00f3n-Espectaculos-P\u00fablicos-26-Septiembre-2017.pdf\">Minuta Comisi\u00f3n Espect\u00e1culos P\u00fablicos 26 Septiembre 2017<\/a><\/p>\n<p>[\/expand]<\/p>\n<p><strong>[expand title=\u00bbComisi\u00f3n Espect\u00e1culos P\u00fablicos 31 Octubre 2017&#8243;]<\/strong><\/p>\n<p><a href=\"https:\/\/tonala.gob.mx\/portal\/wp-content\/uploads\/2018\/02\/Minuta-Comisi\u00f3n-Espectaculos-P\u00fablicos-31-Octubre-2017.pdf\">Minuta Comisi\u00f3n Espect\u00e1culos P\u00fablicos 31 Octubre 2017<\/a><\/p>\n<p>[\/expand]<\/p>\n<p><strong>[expand title=\u00bbComisi\u00f3n Espect\u00e1culos P\u00fablicos 23 Noviembre 2017&#8243;]<\/strong><\/p>\n<p><a href=\"https:\/\/tonala.gob.mx\/portal\/wp-content\/uploads\/2018\/02\/Minuta-Comisi\u00f3n-Espectaculos-P\u00fablicos-23-Noviembre-2017.pdf\">Minuta Comisi\u00f3n Espect\u00e1culos P\u00fablicos 23 Noviembre 2017<\/a><\/p>\n<p>[\/expand]<\/p>\n<p><strong>[expand title=\u00bbComisi\u00f3n Espect\u00e1culos P\u00fablicos 11 Diciembre 2017&#8243;]<\/strong><\/p>\n<p><a href=\"https:\/\/tonala.gob.mx\/portal\/wp-content\/uploads\/2018\/02\/Minutas-Comisi\u00f3n-Espectaculos-P\u00fablicos-11-Diciembre-2017.pdf\">Minuta Comisi\u00f3n Espect\u00e1culos P\u00fablicos 11 Diciembre 2017<\/a><\/p>\n<p>[\/expand]<\/p>\n<p><strong>2018<\/strong><\/p>\n<p><strong>[expand title=\u00bbComisi\u00f3n Espect\u00e1culos P\u00fablicos Enero 2018&#8243;]<\/strong><\/p>\n<p>[\/expand]<\/p>\n<p><strong>[expand title=\u00bbComisi\u00f3n Espect\u00e1culos P\u00fablicos Febrero 2018&#8243;]<\/strong><\/p>\n<p>[\/expand]<\/p>\n<p><strong>[expand title=\u00bbComisi\u00f3n Espect\u00e1culos P\u00fablicos Marzo 2018&#8243;]<\/strong><\/p>\n<p>[\/expand]<\/p>\n<p><strong>[expand title=\u00bbComisi\u00f3n Espect\u00e1culos P\u00fablicos Abril 2018&#8243;]<\/strong><\/p>\n<p>[\/expand]<\/p>\n<p><strong>[expand title=\u00bbComisi\u00f3n Espect\u00e1culos P\u00fablicos Mayo 2018&#8243;]<\/strong><\/p>\n<p>[\/expand]<\/p>\n<p><strong>[expand title=\u00bbComisi\u00f3n Espect\u00e1culos P\u00fablicos Junio 2018&#8243;]<\/strong><\/p>\n<p>[\/expand]<\/p>\n<p><strong>[expand title=\u00bbComisi\u00f3n Espect\u00e1culos P\u00fablicos Julio 2018&#8243;]<\/strong><\/p>\n<p>[\/expand]<\/p>\n<p><strong>[expand title=\u00bbComisi\u00f3n Espect\u00e1culos P\u00fablicos Agosto 2018&#8243;]<\/strong><\/p>\n<p>[\/expand]<\/p>\n<p><strong>[expand title=\u00bbComisi\u00f3n Espect\u00e1culos P\u00fablicos Septiembre 2018&#8243;]<\/strong><\/p>\n<p>[\/expand]<\/p>\n<p><strong>[expand title=\u00bbComisi\u00f3n Espect\u00e1culos P\u00fablicos Octubre 2018&#8243;]<\/strong><\/p>\n<p>[\/expand]<\/p>\n<p><strong>[expand title=\u00bbComisi\u00f3n Espect\u00e1culos P\u00fablicos Noviembre 2018&#8243;]<\/strong><\/p>\n<p>[\/expand]<\/p>\n<p><strong>[expand title=\u00bbComisi\u00f3n Espect\u00e1culos P\u00fablicos Diciembre 2018&#8243;]<\/strong><\/p>\n<p>[\/expand]<\/p>\n","protected":false},"excerpt":{"rendered":"<p>Plan de Trabajo\u00a02015 Informe 1er Trimestre 2015 [expand title=\u00bbEspect\u00e1culos P\u00fablicos 09 Octubre 2015&#8243;] Espect\u00e1culos P\u00fablicos 09 Octubre 2015 O.D. Espect\u00e1culos<\/p>\n","protected":false},"author":1,"featured_media":0,"parent":0,"menu_order":0,"comment_status":"closed","ping_status":"closed","template":"","meta":{"colormag_page_container_layout":"default_layout","colormag_page_sidebar_layout":"default_layout","footnotes":""},"class_list":["post-4692","page","type-page","status-publish","hentry"],"_links":{"self":[{"href":"https:\/\/tonala.gob.mx\/portal\/wp-json\/wp\/v2\/pages\/4692","targetHints":{"allow":["GET"]}}],"collection":[{"href":"https:\/\/tonala.gob.mx\/portal\/wp-json\/wp\/v2\/pages"}],"about":[{"href":"https:\/\/tonala.gob.mx\/portal\/wp-json\/wp\/v2\/types\/page"}],"author":[{"embeddable":true,"href":"https:\/\/tonala.gob.mx\/portal\/wp-json\/wp\/v2\/users\/1"}],"replies":[{"embeddable":true,"href":"https:\/\/tonala.gob.mx\/portal\/wp-json\/wp\/v2\/comments?post=4692"}],"version-history":[{"count":26,"href":"https:\/\/tonala.gob.mx\/portal\/wp-json\/wp\/v2\/pages\/4692\/revisions"}],"predecessor-version":[{"id":15509,"href":"https:\/\/tonala.gob.mx\/portal\/wp-json\/wp\/v2\/pages\/4692\/revisions\/15509"}],"wp:attachment":[{"href":"https:\/\/tonala.gob.mx\/portal\/wp-json\/wp\/v2\/media?parent=4692"}],"curies":[{"name":"wp","href":"https:\/\/api.w.org\/{rel}","templated":true}]}}