{"id":4682,"date":"2016-07-28T19:36:00","date_gmt":"2016-07-28T19:36:00","guid":{"rendered":"http:\/\/tonala.gob.mx\/portal\/?page_id=4682"},"modified":"2018-02-15T14:17:07","modified_gmt":"2018-02-15T20:17:07","slug":"comision-aseo-publico","status":"publish","type":"page","link":"https:\/\/tonala.gob.mx\/portal\/comision-aseo-publico\/","title":{"rendered":"Comisi\u00f3n Aseo Publico"},"content":{"rendered":"<p><strong><a href=\"https:\/\/tonala.gob.mx\/portal\/wp-content\/uploads\/2016\/08\/Programa_Hector_Osvaldo_Martinez_Duron_2016.pdf\">Plan de Trabajo<\/a>\u00a02015<\/strong><\/p>\n<p><strong><a href=\"https:\/\/tonala.gob.mx\/portal\/wp-content\/uploads\/2016\/10\/Comision-Aseo-P\u00fablico.pdf\">Plan de Trabajo Aseo P\u00fablico\u00a0<\/a>\u00a02016-2018<\/strong><\/p>\n<p><strong><a href=\"https:\/\/tonala.gob.mx\/portal\/wp-content\/uploads\/2016\/07\/1er_Trimestre-Comision_Aseo_Publico.pdf\">Informe 1er Trimestre<\/a><\/strong><\/p>\n<p><strong>2015<\/strong><\/p>\n<p><strong>[expand title=\u00bbSesi\u00f3n Aseo Publico 8 de Octubre 2015&#8243;]<\/strong><\/p>\n<p><a href=\"https:\/\/tonala.gob.mx\/portal\/wp-content\/uploads\/2016\/10\/Aseo_Publico_8-de-Octubre_2015.pdf\">Sesi\u00f3n Aseo Publico 8 de Octubre 2015<\/a><\/p>\n<p><a href=\"https:\/\/tonala.gob.mx\/portal\/wp-content\/uploads\/2016\/10\/O.D._Aseo_Publico_8_de_Octubre_2015.pdf\">O.D. Sesi\u00f3n Aseo Publico 8 de Octubre 2015<\/a><\/p>\n<p><a href=\"https:\/\/tonala.gob.mx\/portal\/wp-content\/uploads\/2016\/10\/Asistencia_Aseo_Publico_8-de-Octubre_2015.pdf\">Asistencia Sesi\u00f3n Aseo Publico 8 de Octubre 2015<\/a><\/p>\n<p>[\/expand]<\/p>\n<p><strong>[expand title=\u00bbSesi\u00f3n Aseo Publico 24 Noviembre 2015&#8243;]<\/strong><\/p>\n<p><a href=\"https:\/\/tonala.gob.mx\/portal\/wp-content\/uploads\/2016\/10\/Aseo_Publico_24_Noviembre_2015.pdf\">Sesi\u00f3n Aseo Publico 24 Noviembre 2015<\/a><\/p>\n<p><a href=\"https:\/\/tonala.gob.mx\/portal\/wp-content\/uploads\/2016\/10\/O.D._Aseo_Publico_24_Noviembre_2015.pdf\">O.D. Sesi\u00f3n Aseo Publico 24 Noviembre 2015<\/a><\/p>\n<p><a href=\"https:\/\/tonala.gob.mx\/portal\/wp-content\/uploads\/2016\/10\/Asistencia_Aseo_Publico_24_Noviembre_2015.pdf\">Asistencia Sesi\u00f3n Aseo Publico 24 Noviembre 2015<\/a><\/p>\n<p>[\/expand]<\/p>\n<p><strong>[expand title=\u00bbSesi\u00f3n Aseo Publico 16 Diciembre 2015&#8243;]<\/strong><\/p>\n<p><a href=\"https:\/\/tonala.gob.mx\/portal\/wp-content\/uploads\/2016\/10\/Aseo_Publico_16_Diciembre_2015.pdf\">Sesi\u00f3n Aseo Publico 16 Diciembre 2015<\/a><\/p>\n<p><a href=\"https:\/\/tonala.gob.mx\/portal\/wp-content\/uploads\/2016\/10\/O.D._Aseo_Publico_16_Diciembre_2015.pdf\">O.D. Sesi\u00f3n Aseo Publico 16 Diciembre 2015<\/a><\/p>\n<p><a href=\"https:\/\/tonala.gob.mx\/portal\/wp-content\/uploads\/2016\/10\/Asistencia_Aseo_Publico_16_Diciembre_2015.pdf\">Asistencia Sesi\u00f3n Aseo Publico 16 Diciembre 2015<\/a><\/p>\n<p>[\/expand]<\/p>\n<p><strong>2016<\/strong><\/p>\n<p><strong>[expand title=\u00bbSesi\u00f3n Aseo Publico 28 Enero 2016&#8243;]<\/strong><\/p>\n<p><a href=\"https:\/\/tonala.gob.mx\/portal\/wp-content\/uploads\/2016\/10\/Aseo_Publico_28_Enero_2016.pdf\">Sesi\u00f3n Aseo Publico 28 Enero 2016<\/a><\/p>\n<p><a href=\"https:\/\/tonala.gob.mx\/portal\/wp-content\/uploads\/2016\/10\/O.D._Aseo_Publico_28_Enero_2016.pdf\">O.D. Sesi\u00f3n Aseo Publico 28 Enero 2016<\/a><\/p>\n<p><a href=\"https:\/\/tonala.gob.mx\/portal\/wp-content\/uploads\/2016\/10\/Asistencia_Aseo_Publico_28_Enero_2016.pdf\">Asistencia Sesi\u00f3n Aseo Publico 28 Enero 2016<\/a><\/p>\n<p>[\/expand]<\/p>\n<p><strong>[expand title=\u00bbSesi\u00f3n Aseo Publico 24 Febrero 2016&#8243;]<\/strong><\/p>\n<p><a href=\"https:\/\/tonala.gob.mx\/portal\/wp-content\/uploads\/2016\/10\/Aseo_Publico_24_Febrero_2016.pdf\">Sesi\u00f3n Aseo Publico 24 Febrero 2016<\/a><\/p>\n<p><a href=\"https:\/\/tonala.gob.mx\/portal\/wp-content\/uploads\/2016\/10\/O.D._Aseo_Publico_24_Febrero_2016.pdf\">O.D. Sesi\u00f3n Aseo Publico 24 Febrero 2016<\/a><\/p>\n<p><a href=\"https:\/\/tonala.gob.mx\/portal\/wp-content\/uploads\/2016\/10\/Asistencia_Aseo_Publico_24_Febrero_2016.pdf\">Asistencia Sesi\u00f3n Aseo Publico 24 Febrero 2016<\/a><\/p>\n<p>[\/expand]<\/p>\n<p><strong>[expand title=\u00bbSesi\u00f3n Aseo Publico 11 Marzo 2016&#8243;]<\/strong><\/p>\n<p><a href=\"https:\/\/tonala.gob.mx\/portal\/wp-content\/uploads\/2016\/10\/Aseo_Publico_11_Marzo_2016.pdf\">Sesi\u00f3n Aseo Publico 11 Marzo 2016<\/a><\/p>\n<p><a href=\"https:\/\/tonala.gob.mx\/portal\/wp-content\/uploads\/2016\/10\/O.D._Aseo_Publico_11_Marzo_2016.pdf\">O.D. Sesi\u00f3n Aseo Publico 11 Marzo 2016<\/a><\/p>\n<p><a href=\"https:\/\/tonala.gob.mx\/portal\/wp-content\/uploads\/2016\/10\/Asistencia_Aseo_Publico_11_Marzo_2016.pdf\">Asistencia Sesi\u00f3n Aseo Publico 11 Marzo 2016<\/a><\/p>\n<p>[\/expand]<\/p>\n<p><strong>[expand title=\u00bbSesi\u00f3n Aseo Publico 27 abril 2016&#8243;]<\/strong><\/p>\n<p><a href=\"https:\/\/tonala.gob.mx\/portal\/wp-content\/uploads\/2016\/10\/Aseo_Publico_27_Abril_2016.pdf\">Sesi\u00f3n Aseo Publico 27 Abril 2016<\/a><\/p>\n<p><a href=\"https:\/\/tonala.gob.mx\/portal\/wp-content\/uploads\/2016\/10\/O.D._Aseo_Publico_27_Abril_2016.pdf\">O.D. Sesi\u00f3n Aseo Publico 27 Abril 2016<\/a><\/p>\n<p><a href=\"https:\/\/tonala.gob.mx\/portal\/wp-content\/uploads\/2016\/10\/asistencia_Aseo_Publico_27_Abril_2016.pdf\">Asistencia Sesi\u00f3n Aseo Publico 27 Abril 2016<\/a><\/p>\n<p>[\/expand]<\/p>\n<p><strong>[expand title=\u00bbSesi\u00f3n Aseo Publico 20 Mayo 2016&#8243;]<\/strong><\/p>\n<p><a href=\"https:\/\/tonala.gob.mx\/portal\/wp-content\/uploads\/2016\/10\/Aseo_Publico_20_Mayo_2016.pdf\">Sesi\u00f3n Aseo Publico 20 Mayo 2016<\/a><\/p>\n<p><a href=\"https:\/\/tonala.gob.mx\/portal\/wp-content\/uploads\/2016\/10\/O.D._Aseo_Publico_20_Mayo_2016.pdf\">O.D. Sesi\u00f3n Aseo Publico 20 Mayo 2016<\/a><\/p>\n<p><a href=\"https:\/\/tonala.gob.mx\/portal\/wp-content\/uploads\/2016\/10\/Asistencia_Aseo_Publico_20_Mayo_2016.pdf\">Asistencia Sesi\u00f3n Aseo Publico 20 Mayo 2016<\/a><\/p>\n<p>[\/expand]<\/p>\n<p><strong>[expand title=\u00bbSesi\u00f3n Aseo Publico 29 Junio 2016&#8243;]<\/strong><\/p>\n<p><a href=\"https:\/\/tonala.gob.mx\/portal\/wp-content\/uploads\/2016\/10\/Aseo_Publico_29_Junio_2016.pdf\">Sesi\u00f3n Aseo Publico 29 Junio 2016<\/a><\/p>\n<p><a href=\"https:\/\/tonala.gob.mx\/portal\/wp-content\/uploads\/2016\/10\/O.D._Aseo_Publico_29_Junio_2016.pdf\">O.D. Sesi\u00f3n Aseo Publico 29 Junio 2016<\/a><\/p>\n<p><a href=\"https:\/\/tonala.gob.mx\/portal\/wp-content\/uploads\/2016\/10\/asistencia_Aseo_Publico_29_Junio_2016.pdf\">Asistencia Sesi\u00f3n Aseo Publico 29 Junio 2016<\/a><\/p>\n<p>[\/expand]<\/p>\n<p><strong>[expand title=\u00bbSesi\u00f3n Aseo Publico 21 Julio 2016&#8243;]<\/strong><\/p>\n<p><a href=\"https:\/\/tonala.gob.mx\/portal\/wp-content\/uploads\/2016\/11\/Aseo_Publico_21_Julio_2016.pdf\">Aseo Publico 21 Julio 2016<\/a><\/p>\n<p><a href=\"https:\/\/tonala.gob.mx\/portal\/wp-content\/uploads\/2016\/11\/O.D._Aseo_Publico_21_Julio_2016.pdf\">O.D. Aseo Publico 21 Julio 2016<\/a><\/p>\n<p><a href=\"https:\/\/tonala.gob.mx\/portal\/wp-content\/uploads\/2016\/11\/Asistencia_Aseo_Publico_21_Julio_2016.pdf\">Asistencia Aseo Publico 21 Julio 2016<\/a><\/p>\n<p>[\/expand]<\/p>\n<p><strong>[expand title=\u00bbSesi\u00f3n Aseo Publico 04 Agosto 2016&#8243;]<\/strong><\/p>\n<p><a href=\"https:\/\/tonala.gob.mx\/portal\/wp-content\/uploads\/2016\/11\/Aseo_Publico_04_Agosto_2016.pdf\">Aseo Publico 04 Agosto 2016<\/a><\/p>\n<p><a href=\"https:\/\/tonala.gob.mx\/portal\/wp-content\/uploads\/2016\/11\/O.D._Aseo_Publico_04_Agosto_2016.pdf\">O.D. Aseo Publico 04 Agosto 2016<\/a><\/p>\n<p><a href=\"https:\/\/tonala.gob.mx\/portal\/wp-content\/uploads\/2016\/11\/Asistencia_Aseo_Publico_04_Agosto_2016.pdf\">Asistencia Aseo Publico 04 Agosto 2016<\/a><\/p>\n<p>[\/expand]<\/p>\n<p><strong>[expand title=\u00bbSesi\u00f3n Aseo Publico 27 Septiembre 2016&#8243;]<\/strong><\/p>\n<p><a href=\"https:\/\/tonala.gob.mx\/portal\/wp-content\/uploads\/2016\/11\/Aseo_Publico_27_Septiembre_2016.pdf\">Aseo Publico 27 Septiembre 2016<\/a><\/p>\n<p><a href=\"https:\/\/tonala.gob.mx\/portal\/wp-content\/uploads\/2016\/11\/O.D._Aseo_Publico_27_Septiembre_2016.pdf\">O.D. Aseo Publico 27 Septiembre 2016<\/a><\/p>\n<p><a href=\"https:\/\/tonala.gob.mx\/portal\/wp-content\/uploads\/2016\/11\/Asistencia_Aseo_Publico_27_Septiembre_2016.pdf\">Asistencia Aseo Publico 27 Septiembre 2016<\/a><\/p>\n<p>[\/expand]<\/p>\n<p><strong>[expand title=\u00bbSesi\u00f3n Aseo P\u00fablico 13 Octubre 2016&#8243;]<\/strong><\/p>\n<p><a href=\"https:\/\/tonala.gob.mx\/portal\/wp-content\/uploads\/2017\/03\/COMISION-EDILICIA-ASEO-PUBLICO-13-OCTUBRE-2016.pdf\">Minuta Comisi\u00f3n Aseo P\u00fablico 13 Octubre 2016<\/a><\/p>\n<p>[\/expand]<\/p>\n<p><strong>[expand title=\u00bbSesi\u00f3n Aseo P\u00fablico 28 Noviembre 2016&#8243;]<\/strong><\/p>\n<p><a href=\"https:\/\/tonala.gob.mx\/portal\/wp-content\/uploads\/2017\/05\/Minuta-Comisi\u00f3n-Aseo-P\u00fablico-28-Noviembre-2016.pdf\">Minuta Comisi\u00f3n Aseo P\u00fablico 28 Noviembre 2016<\/a><\/p>\n<p>[\/expand]<\/p>\n<p><strong>[expand title=\u00bbSesi\u00f3n Conjunta Comisi\u00f3n Reglamentos y Aseo P\u00fablico 01 Diciembre 2016&#8243;]<\/strong><\/p>\n<p><a href=\"https:\/\/tonala.gob.mx\/portal\/wp-content\/uploads\/2017\/02\/Minuta-Comisi\u00f3nes-Edilicias-Conjunta-de-Reglamentos-y-Aseo-P\u00fablico.pdf\">Sesi\u00f3n Conjunta Comisi\u00f3n Reglamentos y Aseo P\u00fablico 01 Diciembre 2016<\/a><\/p>\n<p><a href=\"https:\/\/tonala.gob.mx\/portal\/wp-content\/uploads\/2017\/02\/Orden-del-D\u00eda-Sesi\u00f3n-Conjunta-de-Comisiones-Edilicia-de-Reglamentos-y-Aseo-P\u00fablico.pdf\">O.D. Sesi\u00f3n Conjunta Comisi\u00f3n Reglamentos y Aseo P\u00fablico 01 Diciembre 2016<\/a><\/p>\n<p><a href=\"https:\/\/tonala.gob.mx\/portal\/wp-content\/uploads\/2017\/02\/Lista-de-Asistencia-Comisi\u00f3nes-Edilicias-Conjunta-de-Reglamentos-y-Aseo-P\u00fablico.pdf\">Asistencia Sesi\u00f3n Conjunta Comisi\u00f3n Reglamentos y Aseo P\u00fablico 01 Diciembre 2016<\/a><\/p>\n<p>[\/expand]<\/p>\n<p><strong>[expand title=\u00bbSesi\u00f3n Aseo P\u00fablico 14 Diciembre 2016&#8243;]<\/strong><\/p>\n<p><a href=\"https:\/\/tonala.gob.mx\/portal\/wp-content\/uploads\/2017\/03\/COMISION-EDILICIA-ASEO-PUBLICO-14-DICIEMBRE-2016.pdf\">Minuta Comisi\u00f3n Aseo P\u00fablico 14 Diciembre 2016<\/a><\/p>\n<p>[\/expand]<\/p>\n<p><strong>2017<\/strong><\/p>\n<p><strong>[expand title=\u00bbComisi\u00f3n Aseo P\u00fablico 26 Enero 2017&#8243;]<\/strong><\/p>\n<p><a href=\"https:\/\/tonala.gob.mx\/portal\/wp-content\/uploads\/2017\/07\/Minuta-Comisi\u00f3n-Aseo-P\u00fablico-26-Enero-2017.pdf\">Minuta Comisi\u00f3n Aseo P\u00fablico 26 Enero 2017<\/a><\/p>\n<p>[\/expand]<\/p>\n<p><strong>[expand title=\u00bbComisi\u00f3n Aseo P\u00fablico 22 Febrero 2017&#8243;]<\/strong><\/p>\n<p><a href=\"https:\/\/tonala.gob.mx\/portal\/wp-content\/uploads\/2017\/07\/Minuta-Comisi\u00f3n-Aseo-P\u00fablico-22-Febrero-2017.pdf\">Minuta Comisi\u00f3n Aseo P\u00fablico 22 Febrero 2017<\/a><\/p>\n<p>[\/expand]<\/p>\n<p><strong>[expand title=\u00bbComisi\u00f3n Aseo P\u00fablico 31 Marzo 2017&#8243;]<\/strong><\/p>\n<p><a href=\"https:\/\/tonala.gob.mx\/portal\/wp-content\/uploads\/2017\/07\/Minuta-Comision-Aseo-P\u00fablico-31-Marzo-2017.pdf\">Minuta Comisi\u00f3n Aseo P\u00fablico 31 Marzo 2017<\/a><\/p>\n<p>[\/expand]<\/p>\n<p><strong>[expand title=\u00bbComisi\u00f3n Aseo P\u00fablico 26 Abril 2017&#8243;]<\/strong><\/p>\n<p><a href=\"https:\/\/tonala.gob.mx\/portal\/wp-content\/uploads\/2017\/07\/Minuta-Comisi\u00f3n-Aseo-P\u00fablico-26-Abril-2017.pdf\">Minuta Comisi\u00f3n Aseo P\u00fablico 26 Abril 2017<\/a><\/p>\n<p>[\/expand]<\/p>\n<p><strong>[expand title=\u00bbComisi\u00f3n Aseo P\u00fablico 02 Mayo 2017&#8243;]<\/strong><\/p>\n<p><a href=\"https:\/\/tonala.gob.mx\/portal\/wp-content\/uploads\/2017\/07\/Minuta-Comisi\u00f3n-Aseo-P\u00fablico-02-Mayo-2017.pdf\">Minuta Comisi\u00f3n Aseo P\u00fablico 02 Mayo 2017<\/a><\/p>\n<p>[\/expand]<\/p>\n<p><strong>[expand title=\u00bbComisi\u00f3n Aseo P\u00fablico 12 Junio 2017&#8243;]<\/strong><\/p>\n<p><a href=\"https:\/\/tonala.gob.mx\/portal\/wp-content\/uploads\/2017\/08\/Minuta-Comisi\u00f3n-Aseo-P\u00fablico-12-Junio-2017.pdf\">Minuta Comisi\u00f3n Aseo P\u00fablico 12 Junio 2017<\/a><\/p>\n<p>[\/expand]<\/p>\n<p><strong>[expand title=\u00bbComisi\u00f3n Aseo P\u00fablico 26 Julio 2017&#8243;]<\/strong><\/p>\n<p><a href=\"https:\/\/tonala.gob.mx\/portal\/wp-content\/uploads\/2017\/08\/Minuta-Comisi\u00f3n-Aseo-P\u00fablico-26-Julio-2017.pdf\">Minuta Comisi\u00f3n Aseo P\u00fablico 26 Julio 2017<\/a><\/p>\n<p>[\/expand]<\/p>\n<p><strong>[expand title=\u00bbComisi\u00f3n Aseo P\u00fablico 29 Agosto 2017&#8243;]<\/strong><\/p>\n<p><a href=\"https:\/\/tonala.gob.mx\/portal\/wp-content\/uploads\/2017\/10\/Minuta-Comisi\u00f3n-Aseo-P\u00fablico-29-Agosto-2017.pdf\">Minuta Comisi\u00f3n Aseo P\u00fablico 29 Agosto 2017<\/a><\/p>\n<p>[\/expand]<\/p>\n<p><strong>[expand title=\u00bbComisi\u00f3n Aseo P\u00fablico 26 Septiembre 2017&#8243;]<\/strong><\/p>\n<p><a href=\"https:\/\/tonala.gob.mx\/portal\/wp-content\/uploads\/2018\/02\/Minuta-Comisi\u00f3n-Aseo-P\u00fablico-26-Septiembre-2017.pdf\">Minuta Comisi\u00f3n Aseo P\u00fablico 26 Septiembre 2017<\/a><\/p>\n<p>[\/expand]<\/p>\n<p><strong>[expand title=\u00bbComisi\u00f3n Aseo P\u00fablico 31 Octubre 2017&#8243;]<\/strong><\/p>\n<p><a href=\"https:\/\/tonala.gob.mx\/portal\/wp-content\/uploads\/2018\/02\/Minuta-Comisi\u00f3n-Aseo-P\u00fablico-31-Octubre-2017.pdf\">Minuta Comisi\u00f3n Aseo P\u00fablico 31 Octubre 2017<\/a><\/p>\n<p>[\/expand]<\/p>\n<p><strong>[expand title=\u00bbComisi\u00f3n Aseo P\u00fablico 23 Noviembre 2017&#8243;]<\/strong><\/p>\n<p><a href=\"https:\/\/tonala.gob.mx\/portal\/wp-content\/uploads\/2018\/02\/Minuta-Comisi\u00f3n-Aseo-P\u00fablico-23-Noviembre-2017.pdf\">Minuta Comisi\u00f3n Aseo P\u00fablico 23 Noviembre 2017<\/a><\/p>\n<p>[\/expand]<\/p>\n<p><strong>[expand title=\u00bbComisi\u00f3n Aseo P\u00fablico 11 Diciembre 2017&#8243;]<\/strong><\/p>\n<p><a href=\"https:\/\/tonala.gob.mx\/portal\/wp-content\/uploads\/2018\/02\/Minuta-Comisi\u00f3n-Aseo-P\u00fablico-11-Diciembre-2017.pdf\">Minuta Comisi\u00f3n Aseo P\u00fablico 11 Diciembre 2017<\/a><\/p>\n<p>[\/expand]<\/p>\n<p><strong>2018<\/strong><\/p>\n<p><strong>[expand title=\u00bbComisi\u00f3n Aseo P\u00fablico Enero 2018&#8243;]<\/strong><\/p>\n<p>[\/expand]<\/p>\n<p><strong>[expand title=\u00bbComisi\u00f3n Aseo P\u00fablico Febrero 2018&#8243;]<\/strong><\/p>\n<p>[\/expand]<\/p>\n<p><strong>[expand title=\u00bbComisi\u00f3n Aseo P\u00fablico Marzo 2018&#8243;]<\/strong><\/p>\n<p>[\/expand]<\/p>\n<p><strong>[expand title=\u00bbComisi\u00f3n Aseo P\u00fablico Abril 2018&#8243;]<\/strong><\/p>\n<p>[\/expand]<\/p>\n<p><strong>[expand title=\u00bbComisi\u00f3n Aseo P\u00fablico Mayo 2018&#8243;]<\/strong><\/p>\n<p>[\/expand]<\/p>\n<p><strong>[expand title=\u00bbComisi\u00f3n Aseo P\u00fablico Junio 2018&#8243;]<\/strong><\/p>\n<p>[\/expand]<\/p>\n<p><strong>[expand title=\u00bbComisi\u00f3n Aseo P\u00fablico Julio 2018&#8243;]<\/strong><\/p>\n<p>[\/expand]<\/p>\n<p><strong>[expand title=\u00bbComisi\u00f3n Aseo P\u00fablico Agosto 2018&#8243;]<\/strong><\/p>\n<p>[\/expand]<\/p>\n<p><strong>[expand title=\u00bbComisi\u00f3n Aseo P\u00fablico Septiembre 2018&#8243;]<\/strong><\/p>\n<p>[\/expand]<\/p>\n<p><strong>[expand title=\u00bbComisi\u00f3n Aseo P\u00fablico Octubre 2018&#8243;]<\/strong><\/p>\n<p>[\/expand]<\/p>\n<p><strong>[expand title=\u00bbComisi\u00f3n Aseo P\u00fablico Noviembre 2018&#8243;]<\/strong><\/p>\n<p>[\/expand]<\/p>\n<p><strong>[expand title=\u00bbComisi\u00f3n Aseo P\u00fablico Diciembre 2018&#8243;]<\/strong><\/p>\n<p>[\/expand]<\/p>\n<p>&nbsp;<\/p>\n","protected":false},"excerpt":{"rendered":"<p>Plan de Trabajo\u00a02015 Plan de Trabajo Aseo P\u00fablico\u00a0\u00a02016-2018 Informe 1er Trimestre 2015 [expand title=\u00bbSesi\u00f3n Aseo Publico 8 de Octubre 2015&#8243;]<\/p>\n","protected":false},"author":1,"featured_media":0,"parent":0,"menu_order":0,"comment_status":"closed","ping_status":"closed","template":"","meta":{"colormag_page_container_layout":"default_layout","colormag_page_sidebar_layout":"default_layout","footnotes":""},"class_list":["post-4682","page","type-page","status-publish","hentry"],"_links":{"self":[{"href":"https:\/\/tonala.gob.mx\/portal\/wp-json\/wp\/v2\/pages\/4682","targetHints":{"allow":["GET"]}}],"collection":[{"href":"https:\/\/tonala.gob.mx\/portal\/wp-json\/wp\/v2\/pages"}],"about":[{"href":"https:\/\/tonala.gob.mx\/portal\/wp-json\/wp\/v2\/types\/page"}],"author":[{"embeddable":true,"href":"https:\/\/tonala.gob.mx\/portal\/wp-json\/wp\/v2\/users\/1"}],"replies":[{"embeddable":true,"href":"https:\/\/tonala.gob.mx\/portal\/wp-json\/wp\/v2\/comments?post=4682"}],"version-history":[{"count":28,"href":"https:\/\/tonala.gob.mx\/portal\/wp-json\/wp\/v2\/pages\/4682\/revisions"}],"predecessor-version":[{"id":15516,"href":"https:\/\/tonala.gob.mx\/portal\/wp-json\/wp\/v2\/pages\/4682\/revisions\/15516"}],"wp:attachment":[{"href":"https:\/\/tonala.gob.mx\/portal\/wp-json\/wp\/v2\/media?parent=4682"}],"curies":[{"name":"wp","href":"https:\/\/api.w.org\/{rel}","templated":true}]}}