{"id":4610,"date":"2016-07-25T15:19:18","date_gmt":"2016-07-25T15:19:18","guid":{"rendered":"http:\/\/tonala.gob.mx\/portal\/?page_id=4610"},"modified":"2018-01-08T13:22:10","modified_gmt":"2018-01-08T19:22:10","slug":"derechos-humanos","status":"publish","type":"page","link":"https:\/\/tonala.gob.mx\/portal\/derechos-humanos\/","title":{"rendered":"Derechos Humanos"},"content":{"rendered":"<p><strong><a href=\"https:\/\/tonala.gob.mx\/portal\/wp-content\/uploads\/2016\/05\/PROGRAMA-DE-TRABAJO-LAURA-BERENICE-FIGUEROA-BENITEZ.pdf\">Plan de Trabajo<\/a>\u00a02015<\/strong><\/p>\n<p><strong><a href=\"https:\/\/tonala.gob.mx\/portal\/wp-content\/uploads\/2016\/10\/Comision-Derechos-Humanos.pdf\">Plan de Trabajo Derechos Humanos<\/a>\u00a02016-2018<\/strong><\/p>\n<p><strong>A\u00f1o 2015<\/strong><\/p>\n<p><strong>[expand title=\u00bbComisi\u00f3n Derechos Humanos 08 Octubre 2015&#8243;]<\/strong><\/p>\n<p><a href=\"https:\/\/tonala.gob.mx\/portal\/wp-content\/uploads\/2017\/05\/Comisi\u00f3n-Edilicia-Derechos-Humanos-08-Octubre-2015.pdf\">Minuta Comisi\u00f3n Derechos Humanos Octubre 08 Octubre 2015<\/a><\/p>\n<p>[\/expand]<\/p>\n<p><strong>[expand title=\u00bbComisi\u00f3n Derechos Humanos 10 Noviembre 2015&#8243;]<\/strong><\/p>\n<p><a href=\"https:\/\/tonala.gob.mx\/portal\/wp-content\/uploads\/2017\/05\/Comisi\u00f3n-Edilicia-Derechos-Humanos-10-Noviembre-2015.pdf\">Minuta Comisi\u00f3n Derechos Humanos Noviembre 10 Noviembre 2015<\/a><\/p>\n<p>[\/expand]<\/p>\n<p><strong>[expand title=\u00bbComisi\u00f3n Derechos Humanos 01 Diciembre 2015&#8243;]<\/strong><\/p>\n<p><a href=\"https:\/\/tonala.gob.mx\/portal\/wp-content\/uploads\/2017\/05\/Comisi\u00f3n-Edilicia-Derechos-Humanos-01-Diciembre-2015.pdf\">Minuta Comisi\u00f3n Derechos Humanos 01 Diciembre 2015<\/a><\/p>\n<p>[\/expand]<\/p>\n<p><strong>A\u00f1o 2016<\/strong><\/p>\n<p><strong>[expand title=\u00bbComisi\u00f3n Derechos Humanos 15 Enero 2016&#8243;]<\/strong><\/p>\n<p><a href=\"https:\/\/tonala.gob.mx\/portal\/wp-content\/uploads\/2017\/05\/Comisi\u00f3n-Edilicia-Derechos-Humanos-15-Enero-2016.pdf\">Minuta Comisi\u00f3n Derechos Humanos 15 Enero 2016<\/a><\/p>\n<p>[\/expand]<\/p>\n<p><strong>[expand title=\u00bbComisi\u00f3n Derechos Humanos 08 Febrero 2016&#8243;]<\/strong><\/p>\n<p><a href=\"https:\/\/tonala.gob.mx\/portal\/wp-content\/uploads\/2017\/05\/Comisi\u00f3n-Edilicia-Derechos-Humanos-08-Febrero-2016.pdf\">Minuta Comisi\u00f3n Derechos Humanos 08 Febrero 2016<\/a><\/p>\n<p>[\/expand]<\/p>\n<p><strong>[expand title=\u00bbComisi\u00f3n Derechos Humanos 09 Marzo 2016&#8243;]<\/strong><\/p>\n<p><a href=\"https:\/\/tonala.gob.mx\/portal\/wp-content\/uploads\/2017\/05\/Comisi\u00f3n-Edilicia-Derechos-Humanos-09-Marzo-2016.pdf\">Minuta Comisi\u00f3n Derechos Humanos 09 Marzo 2016<\/a><\/p>\n<p>[\/expand]<\/p>\n<p><strong>[expand title=\u00bbComisi\u00f3n Derechos Humanos 25 Abril 2016&#8243;]<\/strong><\/p>\n<p><a href=\"https:\/\/tonala.gob.mx\/portal\/wp-content\/uploads\/2017\/05\/Comisi\u00f3n-Edilicia-Derechos-Humanos-25-Abril-2016.pdf\">Minuta Comisi\u00f3n Derechos Humanos 25 Abril 2016<\/a><\/p>\n<p>[\/expand]<\/p>\n<p><strong>[expand title=\u00bbComisi\u00f3n Derechos Humanos 23 Mayo 2016&#8243;]<\/strong><\/p>\n<p><a href=\"https:\/\/tonala.gob.mx\/portal\/wp-content\/uploads\/2017\/05\/Comisi\u00f3n-Edilicia-Derechos-Humanos-23-Mayo-2016.pdf\">Minuta Comisi\u00f3n Derechos Humanos 23 Mayo 2016<\/a><\/p>\n<p>[\/expand]<\/p>\n<p><strong>[expand title=\u00bbSesi\u00f3n Conjunta Comisi\u00f3n Igual de Genero y Asuntos Ind\u00edgenas y Derechos Humanos \u00a028 Junio 2016&#8243;]<\/strong><\/p>\n<p><a href=\"https:\/\/tonala.gob.mx\/portal\/wp-content\/uploads\/2017\/02\/Comisi\u00f3n-Asuntos-Indigenas-28-Junio-2016.pdf\">Comisi\u00f3n Igualdad de Genero y Asuntos Ind\u00edgenas y Derechos Humanos 28 Junio 2016<\/a><\/p>\n<p><a href=\"https:\/\/tonala.gob.mx\/portal\/wp-content\/uploads\/2017\/02\/O.D.-Asuntos-Indigenas-28-Junio-2016.pdf\">O.D. Comisi\u00f3n Igualdad de Genero y Asuntos Ind\u00edgenas y Derechos Humanos 28 Junio 2016<\/a><\/p>\n<p><a href=\"https:\/\/tonala.gob.mx\/portal\/wp-content\/uploads\/2017\/02\/Asistencia-Asuntos-Indigenas-28-Junio-2016.pdf\">Asistencia Comisi\u00f3n Igualdad de Genero y Asuntos Ind\u00edgenas y Derechos Humanos28 Junio 2016<\/a><\/p>\n<p>[\/expand]<\/p>\n<p><strong>[expand title=\u00bbComisi\u00f3n Derechos Humanos 26 de Julio 2016&#8243;]<\/strong><\/p>\n<p><a href=\"https:\/\/tonala.gob.mx\/portal\/wp-content\/uploads\/2017\/05\/Comisi\u00f3n-Edilicia-Derechos-Humanos-26-Julio-2016.pdf\">Minuta Comisi\u00f3n Derechos Humanos 26 Julio 2016<\/a><\/p>\n<p><a href=\"https:\/\/tonala.gob.mx\/portal\/wp-content\/uploads\/2016\/07\/O.D._Derechos_Humanos_260716.pdf\">O.D. Comisi\u00f3n Derechos Humanos 26 de Julio<\/a><\/p>\n<p>[\/expand]<\/p>\n<p><strong>[expand title=\u00bbComisi\u00f3n Derechos Humanos 29 de Julio 2016&#8243;]<\/strong><\/p>\n<p><a href=\"https:\/\/tonala.gob.mx\/portal\/wp-content\/uploads\/2016\/08\/O.D.-Comision-de-Derechos-Humanos-29-de-Julio-16.pdf\">O.D. Comisi\u00f3n Derechos Humanos 29 de Julio<\/a><\/p>\n<p>[\/expand]<\/p>\n<p><strong>[expand title=\u00bbComisi\u00f3n Derechos Humanos 29 de Agosto 2016&#8243;]<\/strong><\/p>\n<p><a href=\"https:\/\/tonala.gob.mx\/portal\/wp-content\/uploads\/2017\/05\/Comisi\u00f3n-Edilicia-Derechos-Humanos-29-Agosto-2016.pdf\">Minuta Comisi\u00f3n Derechos Humanos 29 Agosto 2016<\/a><\/p>\n<p><a href=\"https:\/\/tonala.gob.mx\/portal\/wp-content\/uploads\/2016\/09\/O.D._Derechos_Humanos_29_Agosto_16.pdf\">O.D. Comisi\u00f3n Derechos Humanos 29 de Agosto<\/a><\/p>\n<p>[\/expand]<\/p>\n<p><strong>[expand title=\u00bbComisi\u00f3n Derechos Humanos 29 de Septiembre 2016&#8243;]<\/strong><\/p>\n<p><a href=\"https:\/\/tonala.gob.mx\/portal\/wp-content\/uploads\/2017\/05\/Comisi\u00f3n-Edilicia-Derechos-Humanos-29-Septiembre-2016.pdf\">Minuta Comisi\u00f3n Derechos Humanos 29 Septiembre 2016<\/a><\/p>\n<p><a href=\"https:\/\/tonala.gob.mx\/portal\/wp-content\/uploads\/2016\/10\/O.D._Derechos_Humanos_29_09_2016.pdf\">O.D. Comisi\u00f3n Derechos Humanos 29 de Septiembre<\/a><\/p>\n<p>[\/expand]<\/p>\n<p><strong>[expand title=\u00bbComisi\u00f3n Derechos Humanos 31 Octubre 2016&#8243;]<\/strong><\/p>\n<p><a href=\"https:\/\/tonala.gob.mx\/portal\/wp-content\/uploads\/2017\/05\/Comisi\u00f3n-Edilicia-Derechos-Humanos-31-Octubre-2016.pdf\">Minuta Comisi\u00f3n Derechos Humanos 31 Octubre 2016<\/a><\/p>\n<p><a href=\"https:\/\/tonala.gob.mx\/portal\/wp-content\/uploads\/2016\/10\/O.D.-Comisi\u00f3n-Derechos-Humanos-31-Octubre.pdf\">O.D. Comisi\u00f3n Derechos Humanos 31 Octubre<\/a><\/p>\n<p>[\/expand]<\/p>\n<p><strong>[expand title=\u00bbComisi\u00f3n Derechos Humanos 28 Noviembre 2016&#8243;]<\/strong><\/p>\n<p><a href=\"https:\/\/tonala.gob.mx\/portal\/wp-content\/uploads\/2017\/05\/Comisi\u00f3n-Edilicia-Derechos-Humanos-28-Noviembre-2016.pdf\">Minuta Comisi\u00f3n Derechos Humanos 28 Noviembre 2016<\/a><\/p>\n<p><a href=\"https:\/\/tonala.gob.mx\/portal\/wp-content\/uploads\/2016\/11\/O.D.-Derechos-Humanos-28-Noviembre.pdf\">O.D. Derechos Humanos 28 Noviembre 2016<\/a><\/p>\n<p>[\/expand]<\/p>\n<p>[expand title=\u00bb<strong>Comisi\u00f3n Derechos Humanos 16 Diciembre 2016&#8243;]<\/strong><\/p>\n<p><a href=\"https:\/\/tonala.gob.mx\/portal\/wp-content\/uploads\/2017\/05\/Comisi\u00f3n-Edilicia-Derechos-Humanos-16-Diciembre-2016.pdf\">Minuta Comisi\u00f3n Derechos Humanos 16 Diciembre 2016<\/a><\/p>\n<p>[\/expand]<\/p>\n<p><strong>2017<\/strong><\/p>\n<p><strong>[expand title=\u00bbComisi\u00f3n Derechos Humanos 31 Enero 2017&#8243;]<\/strong><\/p>\n<p><a href=\"https:\/\/tonala.gob.mx\/portal\/wp-content\/uploads\/2017\/05\/Comisi\u00f3n-Edilicia-Derechos-Humanos-31-Enero-2017.pdf\">Minuta Comisi\u00f3n Derechos Humanos 31 Enero 2017<\/a><\/p>\n<p>[\/expand]<\/p>\n<p><strong>[expand title=\u00bbComisi\u00f3n Derechos Humanos 28 Febrero 2017&#8243;]<\/strong><\/p>\n<p><a href=\"https:\/\/tonala.gob.mx\/portal\/wp-content\/uploads\/2017\/10\/Minuta-Comisi\u00f3n-Derechos-Humanos-28-Febrero-2017.pdf\">Minuta Comisi\u00f3n Derechos Humanos 28 Febrero 2017<\/a><\/p>\n<p>[\/expand]<\/p>\n<p><strong>[expand title=\u00bbComisi\u00f3n Derechos Humanos 29 Marzo 2017&#8243;]<\/strong><\/p>\n<p><a href=\"https:\/\/tonala.gob.mx\/portal\/wp-content\/uploads\/2017\/10\/Minuta-Comisi\u00f3n-Derechos-Humanos-29-Marzo-2017.pdf\">Minuta Comisi\u00f3n Derechos Humanos 29 Marzo 2017<\/a><\/p>\n<p>[\/expand]<\/p>\n<p><strong>[expand title=\u00bbComisi\u00f3n Derechos Humanos 28 Abril 2017&#8243;]<\/strong><\/p>\n<p><a href=\"https:\/\/tonala.gob.mx\/portal\/wp-content\/uploads\/2017\/10\/Minuta-Comisi\u00f3n-Derechos-Humanos-28-Abril-2017.pdf\">Minuta Comisi\u00f3n Derechos Humanos 28 Abril 2017<\/a><\/p>\n<p>[\/expand]<\/p>\n<p><strong>[expand title=\u00bbComisi\u00f3n Derechos Humanos 31 Mayo 2017&#8243;]<\/strong><\/p>\n<p><a href=\"https:\/\/tonala.gob.mx\/portal\/wp-content\/uploads\/2017\/10\/Minuta-Comisi\u00f3n-Derechos-Humanos-31-Mayo-2017.pdf\">Minuta Comisi\u00f3n Derechos Humanos 31 Mayo 2017<\/a><\/p>\n<p>[\/expand]<\/p>\n<p><strong>[expand title=\u00bbComisi\u00f3n Derechos Humanos 23 Junio 2017&#8243;]<\/strong><\/p>\n<p><a href=\"https:\/\/tonala.gob.mx\/portal\/wp-content\/uploads\/2017\/10\/Minuta-Comisi\u00f3n-Derechos-Humanos-23-Junio-2017.pdf\">Minuta Comisi\u00f3n Derechos Humanos 23 Junio 2017<\/a><\/p>\n<p>[\/expand]<\/p>\n<p><strong>[expand title=\u00bbComisi\u00f3n Derechos Humanos 28 Julio 2017&#8243;]<\/strong><\/p>\n<p><a href=\"https:\/\/tonala.gob.mx\/portal\/wp-content\/uploads\/2017\/10\/Minuta-Comisi\u00f3n-Derechos-Humanos-28-Julio-2017.pdf\">Minuta Comisi\u00f3n Derechos Humanos 28 Julio 2017<\/a><\/p>\n<p>[\/expand]<\/p>\n<p><strong>[expand title=\u00bbComisi\u00f3n Derechos Humanos 28 Agosto 2017&#8243;]<\/strong><\/p>\n<p><a href=\"https:\/\/tonala.gob.mx\/portal\/wp-content\/uploads\/2017\/11\/Minuta-Comisi\u00f3n-Derechos-Humanos-28-Agosto-2017.pdf\">Minuta Comisi\u00f3n Derechos Humanos 28 Agosto 2017<\/a><\/p>\n<p>[\/expand]<\/p>\n<p><strong>[expand title=\u00bbComisi\u00f3n Derechos Humanos 18 Septiembre 2017&#8243;]<\/strong><\/p>\n<p><a href=\"https:\/\/tonala.gob.mx\/portal\/wp-content\/uploads\/2017\/11\/Minuta-Comisi\u00f3n-Derechos-Humanos-18-Septiembre-2017.pdf\">Minuta Comisi\u00f3n Derechos Humanos 18 Septiembre 2017<\/a><\/p>\n<p>[\/expand]<\/p>\n<p><strong>[expand title=\u00bbComisi\u00f3n Derechos Humanos Octubre 2017&#8243;]<\/strong><\/p>\n<p>[\/expand]<\/p>\n<p><strong>[expand title=\u00bbComisi\u00f3n Derechos Humanos Noviembre 2017&#8243;]<\/strong><\/p>\n<p>[\/expand]<\/p>\n<p><strong>[expand title=\u00bbComisi\u00f3n Derechos Humanos Diciembre 2017&#8243;]<\/strong><\/p>\n<p>[\/expand]<\/p>\n<p><strong>2018<\/strong><\/p>\n<p><strong>[expand title=\u00bbComisi\u00f3n Derechos Humanos Enero 2018&#8243;]<\/strong><\/p>\n<p>[\/expand]<\/p>\n<p><strong>[expand title=\u00bbComisi\u00f3n Derechos Humanos Febrero 2018&#8243;]<\/strong><\/p>\n<p>[\/expand]<\/p>\n<p><strong>[expand title=\u00bbComisi\u00f3n Derechos Humanos Marzo 2018&#8243;]<\/strong><\/p>\n<p>[\/expand]<\/p>\n<p><strong>[expand title=\u00bbComisi\u00f3n Derechos Humanos Abril 2018&#8243;]<\/strong><\/p>\n<p>[\/expand]<\/p>\n<p><strong>[expand title=\u00bbComisi\u00f3n Derechos Humanos Mayo 2018&#8243;]<\/strong><\/p>\n<p>[\/expand]<\/p>\n<p><strong>[expand title=\u00bbComisi\u00f3n Derechos Humanos Junio 2018&#8243;]<\/strong><\/p>\n<p>[\/expand]<\/p>\n<p><strong>[expand title=\u00bbComisi\u00f3n Derechos Humanos Julio 2018&#8243;]<\/strong><\/p>\n<p>[\/expand]<\/p>\n<p><strong>[expand title=\u00bbComisi\u00f3n Derechos Humanos Agosto 2018&#8243;]<\/strong><\/p>\n<p>[\/expand]<\/p>\n<p><strong>[expand title=\u00bbComisi\u00f3n Derechos Humanos Septiembre 2018&#8243;]<\/strong><\/p>\n<p>[\/expand]<\/p>\n<p><strong>[expand title=\u00bbComisi\u00f3n Derechos Humanos Octubre 2018&#8243;]<\/strong><\/p>\n<p>[\/expand]<\/p>\n<p><strong>[expand title=\u00bbComisi\u00f3n Derechos Humanos Noviembre 2018&#8243;]<\/strong><\/p>\n<p>[\/expand]<\/p>\n<p><strong>[expand title=\u00bbComisi\u00f3n Derechos Humanos Diciembre 2018&#8243;]<\/strong><\/p>\n<p>[\/expand]<\/p>\n","protected":false},"excerpt":{"rendered":"<p>Plan de Trabajo\u00a02015 Plan de Trabajo Derechos Humanos\u00a02016-2018 A\u00f1o 2015 [expand title=\u00bbComisi\u00f3n Derechos Humanos 08 Octubre 2015&#8243;] Minuta Comisi\u00f3n Derechos<\/p>\n","protected":false},"author":1,"featured_media":0,"parent":0,"menu_order":0,"comment_status":"closed","ping_status":"closed","template":"","meta":{"colormag_page_container_layout":"default_layout","colormag_page_sidebar_layout":"default_layout","footnotes":""},"class_list":["post-4610","page","type-page","status-publish","hentry"],"_links":{"self":[{"href":"https:\/\/tonala.gob.mx\/portal\/wp-json\/wp\/v2\/pages\/4610","targetHints":{"allow":["GET"]}}],"collection":[{"href":"https:\/\/tonala.gob.mx\/portal\/wp-json\/wp\/v2\/pages"}],"about":[{"href":"https:\/\/tonala.gob.mx\/portal\/wp-json\/wp\/v2\/types\/page"}],"author":[{"embeddable":true,"href":"https:\/\/tonala.gob.mx\/portal\/wp-json\/wp\/v2\/users\/1"}],"replies":[{"embeddable":true,"href":"https:\/\/tonala.gob.mx\/portal\/wp-json\/wp\/v2\/comments?post=4610"}],"version-history":[{"count":22,"href":"https:\/\/tonala.gob.mx\/portal\/wp-json\/wp\/v2\/pages\/4610\/revisions"}],"predecessor-version":[{"id":14664,"href":"https:\/\/tonala.gob.mx\/portal\/wp-json\/wp\/v2\/pages\/4610\/revisions\/14664"}],"wp:attachment":[{"href":"https:\/\/tonala.gob.mx\/portal\/wp-json\/wp\/v2\/media?parent=4610"}],"curies":[{"name":"wp","href":"https:\/\/api.w.org\/{rel}","templated":true}]}}