{"id":4379,"date":"2016-07-15T16:17:55","date_gmt":"2016-07-15T16:17:55","guid":{"rendered":"http:\/\/tonala.gob.mx\/portal\/?page_id=4379"},"modified":"2018-03-21T14:25:01","modified_gmt":"2018-03-21T20:25:01","slug":"asistencia-social","status":"publish","type":"page","link":"https:\/\/tonala.gob.mx\/portal\/asistencia-social\/","title":{"rendered":"Asistencia Social"},"content":{"rendered":"<p><strong><a href=\"https:\/\/tonala.gob.mx\/portal\/wp-content\/uploads\/2016\/05\/PROGRAMA-DE-TRABAJO-MELINA-GALLEGOS-VELASQUEZ.pdf\">Plan de Trabajo<\/a>\u00a02015<\/strong><\/p>\n<p><strong><a href=\"https:\/\/tonala.gob.mx\/portal\/wp-content\/uploads\/2016\/10\/Comision-Asistencia-Social.pdf\">Plan de Trabajo Asistencia Social<\/a>\u00a02016-2018<\/strong><\/p>\n<p><strong>A\u00f1o 2015<\/strong><\/p>\n<p><strong>[expand title=\u00bbAsistencia Social 8 de Octubre de 2015&#8243;]<\/strong><\/p>\n<p><a href=\"https:\/\/tonala.gob.mx\/portal\/wp-content\/uploads\/2016\/07\/Asistencia_Social_8_10_15_Melina.pdf\">Comisi\u00f3n Asistencia Social 8 de Octubre de 2015<\/a><\/p>\n<p><a href=\"https:\/\/tonala.gob.mx\/portal\/wp-content\/uploads\/2016\/10\/O.D.-Asistencia-Social-8-de-Octubre-de-2015.pdf\">O.D. Asistencia Social 8 de Octubre de 2015<\/a><\/p>\n<p><a href=\"https:\/\/tonala.gob.mx\/portal\/wp-content\/uploads\/2016\/10\/Asistencia-Asistencia-Social-8-de-Octubre-de-2015.pdf\">Asistencia Asistencia Social 8 de Octubre de 2015<\/a><\/p>\n<p>[\/expand]<\/p>\n<p><strong>[expand title=\u00bbAsistencia Social 09 Octubre 2015&#8243;]<\/strong><\/p>\n<p><a href=\"https:\/\/tonala.gob.mx\/portal\/wp-content\/uploads\/2016\/09\/O.D._Sesion_Conjunta_Asistencia_Social_y_Desarrollo_Social_27_Julio_2016-1.pdf\">O.D. Sesi\u00f3n Conjunta Desarrollo Social y Asistencia Social 27 Julio 2016<\/a><\/p>\n<p>[\/expand]<\/p>\n<p><strong>[expand title=\u00bbAsistencia Social \u00a030 Noviembre 2015&#8243;]<\/strong><\/p>\n<p><a href=\"https:\/\/tonala.gob.mx\/portal\/wp-content\/uploads\/2016\/10\/Asistencia_Social_30_Noviembre_2015.pdf\">Asistencia Social 30 Noviembre 2015<\/a><\/p>\n<p><a href=\"https:\/\/tonala.gob.mx\/portal\/wp-content\/uploads\/2016\/10\/O.D.-Asistencia_Social_30_Noviembre_2015.pdf\">O.D. Asistencia Social 30 Noviembre 2015<\/a><\/p>\n<p><a href=\"https:\/\/tonala.gob.mx\/portal\/wp-content\/uploads\/2016\/10\/Asistencia_Asistencia_Social_30_Noviembre_2015-1.pdf\">Asistencia Asistencia Social 30 Noviembre 2015<\/a><\/p>\n<p>[\/expand]<\/p>\n<p><strong>[expand title=\u00bbAsistencia Social 23 Diciembre 2015&#8243;]<\/strong><\/p>\n<p><a href=\"https:\/\/tonala.gob.mx\/portal\/wp-content\/uploads\/2016\/10\/Asistencia_Social_23_Diciembre_2015.pdf\">Asistencia Social 23 Diciembre 2015<\/a><\/p>\n<p><a href=\"https:\/\/tonala.gob.mx\/portal\/wp-content\/uploads\/2016\/10\/O.D.-Asistencia_Social_23_Diciembre_2015.pdf\">O.D. Asistencia Social 23 Diciembre 2015<\/a><\/p>\n<p><a href=\"https:\/\/tonala.gob.mx\/portal\/wp-content\/uploads\/2016\/10\/Asistencia_Asistencia_Social_23_Diciembre_2015.pdf\">Asistencia Asistencia Social 23 Diciembre 2015<\/a><\/p>\n<p>[\/expand]<\/p>\n<p><strong>A\u00f1o 2016<\/strong><\/p>\n<p><strong>[expand title=\u00bbAsistencia Social \u00a029 Enero 2016&#8243;]<\/strong><\/p>\n<p><a href=\"https:\/\/tonala.gob.mx\/portal\/wp-content\/uploads\/2016\/10\/Asistencia-Social-29-Enero-2016-1.pdf\">Asistencia Social 29 Enero 2016<\/a><\/p>\n<p><a href=\"https:\/\/tonala.gob.mx\/portal\/wp-content\/uploads\/2016\/10\/O.D.-Asistencia-Social-29-Enero-2016.pdf\">O.D. Asistencia Social 29 Enero \u00a02016<\/a><\/p>\n<p><a href=\"https:\/\/tonala.gob.mx\/portal\/wp-content\/uploads\/2016\/10\/Asistencia-Asistencia-Social-29-Enero-2016-1.pdf\">Asistencia Asistencia Social 29 Enero 2016<\/a><\/p>\n<p>[\/expand]<\/p>\n<p><strong>[expand title=\u00bbAsistencia Social 19 Febrero 2016&#8243;]<\/strong><\/p>\n<p><a href=\"https:\/\/tonala.gob.mx\/portal\/wp-content\/uploads\/2016\/10\/Asistencia-Social-19-de-Febrero-2016.pdf\">Asistencia Social 19 Febrero 2016<\/a><\/p>\n<p><a href=\"https:\/\/tonala.gob.mx\/portal\/wp-content\/uploads\/2016\/10\/O.D.-Asistencia-Social-19-de-Febrero-2016.pdf\">O.D. Asistencia Social 19 Febrero \u00a02016<\/a><\/p>\n<p><a href=\"https:\/\/tonala.gob.mx\/portal\/wp-content\/uploads\/2016\/10\/Asistencia-Asistencia-Social-19-de-Febrero-2016.pdf\">Asistencia Asistencia Social 19 Febrero 2016<\/a><\/p>\n<p>[\/expand]<\/p>\n<p><strong>[expand title=\u00bbAsistencia Social \u00a015 Marzo 2016&#8243;]<\/strong><\/p>\n<p><a href=\"https:\/\/tonala.gob.mx\/portal\/wp-content\/uploads\/2016\/10\/Asistencia-Social-15-Marzo-2016.pdf\">Asistencia Social 15 Marzo 2016<\/a><\/p>\n<p><a href=\"https:\/\/tonala.gob.mx\/portal\/wp-content\/uploads\/2016\/10\/O.D.-Asistencia-Social-15-Marzo-2016.pdf\">O.D. Asistencia Social 15 Marzo 2016<\/a><\/p>\n<p><a href=\"https:\/\/tonala.gob.mx\/portal\/wp-content\/uploads\/2016\/10\/Asistencia-Asistencia-Social-15-Marzo-2016.pdf\">Asistencia Asistencia Social 15 Marzo 2016<\/a><\/p>\n<p>[\/expand]<\/p>\n<p><strong>[expand title=\u00bbAsistencia Social \u00a028 Abril 2016&#8243;]<\/strong><\/p>\n<p><a href=\"https:\/\/tonala.gob.mx\/portal\/wp-content\/uploads\/2016\/10\/Asistencia_Social_28_Abril_2016.pdf\">Asistencia Social 28 de Abril 2016<\/a><\/p>\n<p><a href=\"https:\/\/tonala.gob.mx\/portal\/wp-content\/uploads\/2016\/10\/O.D._Asistencia_Social_28_Abril_2016.pdf\">O.D. Asistencia Social 28 de Abril 2016<\/a><\/p>\n<p><a href=\"https:\/\/tonala.gob.mx\/portal\/wp-content\/uploads\/2016\/10\/Asistencia_Asistencia_Social_28_Abril_2016.pdf\">Asistencia Asistencia Social 28 de Abril 2016<\/a><\/p>\n<p>[\/expand]<\/p>\n<p><strong>[expand title=\u00bbSesi\u00f3n Conjunta de las Comisiones Asistencia Social y Desarrollo Social 22 Mayo 2016&#8243;]<\/strong><\/p>\n<p><a href=\"https:\/\/tonala.gob.mx\/portal\/wp-content\/uploads\/2017\/04\/SESION-CONJUNTA-DE-DESARROLLO-SOCIAL-Y-ASISTENCIA-SOCIAL-22-MAYO-2016.pdf\">Sesi\u00f3n Conjunta de las Comisiones Asistencia Social y Desarrollo 22 Mayo 2016<\/a><\/p>\n<p>[\/expand]<\/p>\n<p><strong>[expand title=\u00bbAsistencia Social 24 Junio 2016&#8243;]<\/strong><\/p>\n<p><a href=\"https:\/\/tonala.gob.mx\/portal\/wp-content\/uploads\/2017\/04\/COMISION-EDILICIA-DE-ASISTENCIA-SOCIAL-24-JUNIO-2016.pdf\">Minuta Comisi\u00f3n Asistencia Social 24 Junio 2016<\/a><\/p>\n<p><a href=\"https:\/\/tonala.gob.mx\/portal\/wp-content\/uploads\/2016\/10\/Asistencia_Social_24_Junio_2016.pdf\">Asistencia Social 24 de Junio 2016<\/a><\/p>\n<p><a href=\"https:\/\/tonala.gob.mx\/portal\/wp-content\/uploads\/2016\/10\/O.D._Asistencia_Social_24_Junio_2016.pdf\">O.D. Asistencia Social 24 de Junio 2016<\/a><\/p>\n<p><a href=\"https:\/\/tonala.gob.mx\/portal\/wp-content\/uploads\/2016\/10\/Asistencia_Asistencia_Social_24_Junio_2016.pdf\">Asistencia Asistencia Social 24 de Junio 2016<\/a><\/p>\n<p>[\/expand]<\/p>\n<p><strong>[expand title=\u00bbSesi\u00f3n Conjunta Desarrollo Social y Asistencia Social \u00a027 Julio 2016&#8243;]<\/strong><\/p>\n<p><a href=\"https:\/\/tonala.gob.mx\/portal\/wp-content\/uploads\/2017\/02\/Sesi\u00f3n-Conjunta-Desarrollo-Social-y-Asistencia-Social-27-Julio-2016.pdf\">Sesi\u00f3n Conjunta Desarrollo Social y Asistencia Social 27 Julio 2016<\/a><\/p>\n<p><a href=\"https:\/\/tonala.gob.mx\/portal\/wp-content\/uploads\/2017\/02\/O.D.-Sesi\u00f3n-Conjunta-Desarrollo-Social-y-Asistencia-Social-27-Julio-2016.pdf\">O.D. Sesi\u00f3n Conjunta Desarrollo Social y Asistencia Social 27 Julio 2016<\/a><\/p>\n<p><a href=\"https:\/\/tonala.gob.mx\/portal\/wp-content\/uploads\/2017\/02\/Asistencia-Sesi\u00f3n-Conjunta-Desarrollo-Social-y-Asistencia-Social-27-Julio-2016.pdf\">Asistencia Sesi\u00f3n Conjunta Desarrollo Social y Asistencia Social 27 Julio 2016<\/a><\/p>\n<p>[\/expand]<\/p>\n<p><strong>[expand title=\u00bbSesi\u00f3n Conjunta de las Comisiones Desarrollo Social y Asistencia Social 31 Agosto 2016&#8243;]<\/strong><\/p>\n<p><a href=\"https:\/\/tonala.gob.mx\/portal\/wp-content\/uploads\/2017\/04\/SESION-CONJUNTA-DE-DESARROLLO-SOCIAL-Y-ASISTENCIA-SOCIAL-31-AGOSTO-2016.pdf\">Minuta Sesi\u00f3n Conjunta de las Comisiones Desarrollo Social y Asistencia Social 31 Agosto 2016<\/a><\/p>\n<p><a href=\"https:\/\/tonala.gob.mx\/portal\/wp-content\/uploads\/2016\/09\/O.D._Sesion_Conjunta_Asistencia_Social_y_Desarrollo_Social_31_Agosto_2016-1.pdf\">O.D. Sesi\u00f3n Conjunta Desarrollo Social y Asistencia Social 31 Agosto 2016<\/a><\/p>\n<p>[\/expand]<\/p>\n<p><strong>[expand title=\u00bbSesi\u00f3n Conjunta de las Comisiones Desarrollo Social y Asistencia Social 27 Septiembre 2016&#8243;]<\/strong><\/p>\n<p><a href=\"https:\/\/tonala.gob.mx\/portal\/wp-content\/uploads\/2017\/02\/Sesi\u00f3n-Conjunta-Asistencia-Social-y-Desarrollo-Social-27-Septiembre-2016.pdf\">Sesi\u00f3n Conjunta Desarrollo Social y Asistencia Social 27 Septiembre 2016<\/a><\/p>\n<p><a href=\"https:\/\/tonala.gob.mx\/portal\/wp-content\/uploads\/2017\/02\/O.D.-Asistencia-Social-y-Desarrollo-Social-27-Septiembre-2016.pdf\">O.D. Sesi\u00f3n Conjunta Desarrollo Social y Asistencia Social 27 Septiembre 2016<\/a><\/p>\n<p><a href=\"https:\/\/tonala.gob.mx\/portal\/wp-content\/uploads\/2017\/02\/Asistencia-Asistencia-Social-y-Desarrollo-Social-27-Septiembre-2016.pdf\">Asistencia Sesi\u00f3n Conjunta Desarrollo Social y Asistencia Social 27 Septiembre 2016<\/a><\/p>\n<p>[\/expand]<\/p>\n<p><strong>[expand title=\u00bbSesi\u00f3n Conjunta Desarrollo Social Sesi\u00f3n y Asistencia Social 27 Octubre 2016&#8243;]<\/strong><\/p>\n<p><a href=\"https:\/\/tonala.gob.mx\/portal\/wp-content\/uploads\/2017\/02\/Sesi\u00f3n-Conjunta-Desarrollo-Social-y-Asistencia-Social-27-Octubre-2016.pdf\">Sesi\u00f3n Conjunta Desarrollo Social Sesi\u00f3n y Asistencia Social 27 Octubre 2016<\/a><\/p>\n<p><a href=\"https:\/\/tonala.gob.mx\/portal\/wp-content\/uploads\/2017\/02\/O.D.-Desarrollo-Social-y-Asistencia-Social-27-Octubre-2016.pdf\">O.D. Sesi\u00f3n Conjunta Desarrollo Social Sesi\u00f3n y Asistencia Social 27 Octubre 2016<\/a><\/p>\n<p><a href=\"https:\/\/tonala.gob.mx\/portal\/wp-content\/uploads\/2017\/02\/Asistencia-Desarrollo-Social-y-Asistencia-Social-27-Octubre-2016.pdf\">Asistencia Sesi\u00f3n Conjunta Desarrollo Social Sesi\u00f3n y Asistencia Social 27 Octubre 2016<\/a><\/p>\n<p>[\/expand]<\/p>\n<p><strong>[expand title=\u00bbSesi\u00f3n Conjunta de las Comisiones Desarrollo Social y Asistencia Social 23 Noviembre 2016&#8243;]<\/strong><\/p>\n<p><a href=\"https:\/\/tonala.gob.mx\/portal\/wp-content\/uploads\/2017\/04\/SESION-CONJUNTA-DE-DESARROLLO-SOCIAL-Y-ASISTENCIA-SOCIAL-23-NOVIEMBRE-2016.pdf\">Minuta\u00a0Sesi\u00f3n Conjunta de las Comisiones Desarrollo Social y Asistencia Social 23 Noviembre 2016<\/a><\/p>\n<p>[\/expand]<\/p>\n<p><strong>[expand title=\u00bbSesi\u00f3n Conjunta de las Comisiones Desarrollo Social y Asistencia Social Sesi\u00f3n 16 Diciembre 2016&#8243;]<\/strong><\/p>\n<p><a href=\"https:\/\/tonala.gob.mx\/portal\/wp-content\/uploads\/2017\/04\/COMISION-EDILICIA-ASISTENCIA-SOCIAL-Y-DESARROLLO-SOCIAL-16-DICIEMBRE-2016.pdf\">Minuta Sesi\u00f3n Conjunta de las Comisiones Desarrollo Social y Asistencia Social 16 Diciembre 2016<\/a><\/p>\n<p><a href=\"https:\/\/tonala.gob.mx\/portal\/wp-content\/uploads\/2017\/01\/O.D.-Desarrollo-Social-y-Asistencia-Social-16-Diciembre-2016-1.pdf\">O.D. Asistencia Social 16 Diciembre 2016<\/a><\/p>\n<p>[\/expand]<\/p>\n<p><strong>2017<\/strong><\/p>\n<p><strong>[expand title=\u00bbSesi\u00f3n Conjunta de las Comisiones Desarrollo Social y Asistencia Social 24 Enero 2017&#8243;]<\/strong><\/p>\n<p><a href=\"https:\/\/tonala.gob.mx\/portal\/wp-content\/uploads\/2017\/04\/COMISION-EDILICIA-DE-ASISTENCIA-SOCIAL-Y-DESARROLLO-SOCIAL-24-ENERO-2017.pdf\">Sesi\u00f3n Conjunta de las Comisiones Desarrollo Social y Asistencia Social 24 Enero 2017<\/a><\/p>\n<p>[\/expand]<\/p>\n<p><strong>[expand title=\u00bbSesi\u00f3n Conjunta de las Comisiones Desarrollo Social y Asistencia Social 22 Febrero 2017&#8243;]<\/strong><\/p>\n<p><a href=\"https:\/\/tonala.gob.mx\/portal\/wp-content\/uploads\/2017\/04\/SESION-CONJUNTA-DE-DESARROLLO-SOCIAL-Y-ASISTENCIA-SOCIAL-22-FEBRERO-2017.pdf\">Sesi\u00f3n Conjunta de las Comisiones Desarrollo Social y Asistencia Social 22 Febrero 2017<\/a><\/p>\n<p>[\/expand]<\/p>\n<p><strong>[expand title=\u00bbSesi\u00f3n Conjunta de las Comisiones Desarrollo Social y Asistencia Social 23 Marzo 2017&#8243;]<\/strong><\/p>\n<p><a href=\"https:\/\/tonala.gob.mx\/portal\/wp-content\/uploads\/2017\/06\/Minuta-Sesi\u00f3n-Conjunta-Asistencia-Social-y-Desarrollo-Social-23-Marzo-2017.pdf\">Sesi\u00f3n Conjunta de las Comisiones Desarrollo Social y Asistencia Social 23 Marzo 2017<\/a><\/p>\n<p>[\/expand]<\/p>\n<p><strong>[expand title=\u00bbComisi\u00f3n Asistencia Social 28 Abril 2017&#8243;]<\/strong><\/p>\n<p><a href=\"https:\/\/tonala.gob.mx\/portal\/wp-content\/uploads\/2017\/06\/Comisiones-Asistencia-Social-Desarrollo-Social-y-Estacionamientos-28-Abril-2017.pdf\">Comisi\u00f3n Asistencia Social 28 Abril 2017<\/a><\/p>\n<p>[\/expand]<\/p>\n<p><strong>[expand title=\u00bbComisi\u00f3n Asistencia Social 26 Mayo 2017&#8243;]<\/strong><\/p>\n<p><a href=\"https:\/\/tonala.gob.mx\/portal\/wp-content\/uploads\/2017\/06\/Comisiones-Asistencia-Social-Desarrollo-Social-y-Estacionamientos-26-Mayo-2017.pdf\">Comisi\u00f3n Asistencia Social 26 Mayo 2017<\/a><\/p>\n<p>[\/expand]<\/p>\n<p><strong>[expand title=\u00bbSesi\u00f3n Conjunta Comisiones Desarrollo Social y Asistencia Social 30 Junio 2017&#8243;]<\/strong><\/p>\n<p><a href=\"https:\/\/tonala.gob.mx\/portal\/wp-content\/uploads\/2018\/03\/Minuta-Comisiones-Desarrollo-Social-y-Asistencia-Social-30-Junio-2017.pdf\">Minuta Comisiones Desarrollo Social y Asistencia Social 30 Junio 2017<\/a><\/p>\n<p><a href=\"https:\/\/tonala.gob.mx\/portal\/wp-content\/uploads\/2017\/09\/Minuta-Sesi\u00f3n-Conjunta-Comisiones-Desarrollo-Social-y-Asistencia-Social-30-Junio-2017.docx\">Minuta Comisi\u00f3n Desarrollo Social y Asistencia Social 30 Junio 2017 (Versi\u00f3n Estenogr\u00e1fica)<\/a><\/p>\n<p>[\/expand]<\/p>\n<p><strong>[expand title=\u00bbComisi\u00f3n Asistencia Social Julio 2017&#8243;]<\/strong><\/p>\n<p>[\/expand]<\/p>\n<p><strong>[expand title=\u00bbSesi\u00f3n Conjunta Comisiones Asistencia Social y Desarrollo Social 29 Agosto 2017&#8243;]<\/strong><\/p>\n<p><a href=\"https:\/\/tonala.gob.mx\/portal\/wp-content\/uploads\/2018\/03\/Minuta-Comisiones-Desarrollo-Social-y-Asistencia-Social-29-Agosto-2017.pdf\">Minuta Comisiones Asistencia Social y Desarrollo Social 29 Agosto 2017<\/a><\/p>\n<p>[\/expand]<\/p>\n<p><strong>[expand title=\u00bbSesi\u00f3n Conjunta Comisiones Asistencia Social y Desarrollo Social 27 Septiembre 2017&#8243;]<\/strong><\/p>\n<p><a href=\"https:\/\/tonala.gob.mx\/portal\/wp-content\/uploads\/2018\/03\/Minuta-Comisiones-Desarrollo-Social-y-Asistencia-Social-27-Septiembre-2017.pdf\">Minuta Comisiones Asistencia Social y Desarrollo Social 27 Septiembre 2017<\/a><\/p>\n<p>[\/expand]<\/p>\n<p><strong>[expand title=\u00bbSesi\u00f3n Conjunta Comisiones Asistencia Social y Desarrollo Social 19 Octubre 2017&#8243;]<\/strong><\/p>\n<p><a href=\"https:\/\/tonala.gob.mx\/portal\/wp-content\/uploads\/2018\/03\/Minuta-Comisiones-Desarrollo-Social-y-Asistencia-Social-19-Octubre-2017.pdf\">Minuta Comisiones Asistencia Social y Desarrollo Social 19 Octubre 2017<\/a><\/p>\n<p>[\/expand]<\/p>\n<p><strong>[expand title=\u00bbSesi\u00f3n Conjunta Comisiones Asistencia Social y Desarrollo Social 27 Noviembre 2017&#8243;]<\/strong><\/p>\n<p><a href=\"https:\/\/tonala.gob.mx\/portal\/wp-content\/uploads\/2018\/03\/Minuta-Comisiones-Desarrollo-Social-y-Asistencia-Social-27-Noviembre-2017.pdf\">Minuta Comisiones Asistencia Social y Desarrollo Social 27 Noviembre 2017<\/a><\/p>\n<p>[\/expand]<\/p>\n<p><strong>[expand title=\u00bbComisi\u00f3n Asistencia Social Diciembre 2017&#8243;]<\/strong><\/p>\n<p>[\/expand]<\/p>\n<p><strong>2018<\/strong><\/p>\n<p><strong>[expand title=\u00bbComisi\u00f3n Asistencia Social Enero 2018&#8243;]<\/strong><\/p>\n<p>[\/expand]<\/p>\n<p><strong>[expand title=\u00bbComisi\u00f3n Asistencia Social Febrero 2018&#8243;]<\/strong><\/p>\n<p>[\/expand]<\/p>\n<p><strong>[expand title=\u00bbComisi\u00f3n Asistencia Social Marzo 2018&#8243;]<\/strong><\/p>\n<p>[\/expand]<\/p>\n<p><strong>[expand title=\u00bbComisi\u00f3n Asistencia Social Abril 2018&#8243;]<\/strong><\/p>\n<p>[\/expand]<\/p>\n<p><strong>[expand title=\u00bbComisi\u00f3n Asistencia Social Mayo 2018&#8243;]<\/strong><\/p>\n<p>[\/expand]<\/p>\n<p><strong>[expand title=\u00bbComisi\u00f3n Asistencia Social Junio 2018&#8243;]<\/strong><\/p>\n<p>[\/expand]<\/p>\n<p><strong>[expand title=\u00bbComisi\u00f3n Asistencia Social Julio 2018&#8243;]<\/strong><\/p>\n<p>[\/expand]<\/p>\n<p><strong>[expand title=\u00bbComisi\u00f3n Asistencia Social Agosto 2018&#8243;]<\/strong><\/p>\n<p>[\/expand]<\/p>\n<p><strong>[expand title=\u00bbComisi\u00f3n Asistencia Social Septiembre 2018&#8243;]<\/strong><\/p>\n<p>[\/expand]<\/p>\n<p><strong>[expand title=\u00bbComisi\u00f3n Asistencia Social Octubre 2018&#8243;]<\/strong><\/p>\n<p>[\/expand]<\/p>\n<p><strong>[expand title=\u00bbComisi\u00f3n Asistencia Social Noviembre 2018&#8243;]<\/strong><\/p>\n<p>[\/expand]<\/p>\n<p><strong>[expand title=\u00bbComisi\u00f3n Asistencia Social Diciembre 2018&#8243;]<\/strong><\/p>\n<p>[\/expand]<\/p>\n","protected":false},"excerpt":{"rendered":"<p>Plan de Trabajo\u00a02015 Plan de Trabajo Asistencia Social\u00a02016-2018 A\u00f1o 2015 [expand title=\u00bbAsistencia Social 8 de Octubre de 2015&#8243;] Comisi\u00f3n Asistencia<\/p>\n","protected":false},"author":1,"featured_media":0,"parent":0,"menu_order":0,"comment_status":"closed","ping_status":"closed","template":"","meta":{"colormag_page_container_layout":"default_layout","colormag_page_sidebar_layout":"default_layout","footnotes":""},"class_list":["post-4379","page","type-page","status-publish","hentry"],"_links":{"self":[{"href":"https:\/\/tonala.gob.mx\/portal\/wp-json\/wp\/v2\/pages\/4379","targetHints":{"allow":["GET"]}}],"collection":[{"href":"https:\/\/tonala.gob.mx\/portal\/wp-json\/wp\/v2\/pages"}],"about":[{"href":"https:\/\/tonala.gob.mx\/portal\/wp-json\/wp\/v2\/types\/page"}],"author":[{"embeddable":true,"href":"https:\/\/tonala.gob.mx\/portal\/wp-json\/wp\/v2\/users\/1"}],"replies":[{"embeddable":true,"href":"https:\/\/tonala.gob.mx\/portal\/wp-json\/wp\/v2\/comments?post=4379"}],"version-history":[{"count":43,"href":"https:\/\/tonala.gob.mx\/portal\/wp-json\/wp\/v2\/pages\/4379\/revisions"}],"predecessor-version":[{"id":16424,"href":"https:\/\/tonala.gob.mx\/portal\/wp-json\/wp\/v2\/pages\/4379\/revisions\/16424"}],"wp:attachment":[{"href":"https:\/\/tonala.gob.mx\/portal\/wp-json\/wp\/v2\/media?parent=4379"}],"curies":[{"name":"wp","href":"https:\/\/api.w.org\/{rel}","templated":true}]}}