{"id":4363,"date":"2016-07-14T15:29:35","date_gmt":"2016-07-14T15:29:35","guid":{"rendered":"http:\/\/tonala.gob.mx\/portal\/?page_id=4363"},"modified":"2018-02-16T11:03:35","modified_gmt":"2018-02-16T17:03:35","slug":"obras-publicas-y-construcciones-2","status":"publish","type":"page","link":"https:\/\/tonala.gob.mx\/portal\/obras-publicas-y-construcciones-2\/","title":{"rendered":"Obras P\u00fablicas y Construcciones"},"content":{"rendered":"<p><strong><a href=\"https:\/\/tonala.gob.mx\/portal\/wp-content\/uploads\/2016\/05\/PROGRAMA-DE-TRABAJO-CELIA-ISABEL-GAUNA-RUIZ-DE-LEON.pdf\">Plan de Trabajo<\/a>\u00a02015<\/strong><\/p>\n<p><strong><a href=\"https:\/\/tonala.gob.mx\/portal\/wp-content\/uploads\/2016\/10\/Comision-Obras-P\u00fablicas-y-construcciones.pdf\">Plan de Trabajo Obras P\u00fablicas y Construcciones<\/a>\u00a02016-2018<\/strong><\/p>\n<p><a href=\"https:\/\/tonala.gob.mx\/portal\/wp-content\/uploads\/2017\/02\/Turno-a-Comisi\u00f3n-Obras-Publicas-Educaci\u00f3n-Publica-y-Hacienda.pdf\"><strong>Turno a Comisi\u00f3n<\/strong><\/a><\/p>\n<p><strong>A\u00f1o 2015<\/strong><\/p>\n<p><strong>[expand title=\u00bbComisi\u00f3n Obras P\u00fablicas y Construcciones 09 Octubre 2015&#8243;]<\/strong><\/p>\n<p><a href=\"https:\/\/tonala.gob.mx\/portal\/wp-content\/uploads\/2016\/07\/Obras_Publicas_9_10_15_Celia_Gauna.pdf\">Comisi\u00f3n Obras P\u00fablicas y Construcciones 9 de Octubre de 2015<\/a><\/p>\n<p>[\/expand]<\/p>\n<p><strong>[expand title=\u00bbComisi\u00f3n Obras P\u00fablicas y Construcciones 17 Noviembre 2015&#8243;]<\/strong><\/p>\n<p><a href=\"https:\/\/tonala.gob.mx\/portal\/wp-content\/uploads\/2017\/05\/Minuta-Comisi\u00f3n-Obras-P\u00fablicas-17-Noviembre-2015.pdf\">Minuta Comisi\u00f3n Obras P\u00fablicas y Construcciones 17 Noviembre 2015<\/a><\/p>\n<p>[\/expand]<\/p>\n<p><strong>[expand title=\u00bbComisi\u00f3n Obras P\u00fablicas y Construcciones 17 Diciembre 2015&#8243;]<\/strong><\/p>\n<p><a href=\"https:\/\/tonala.gob.mx\/portal\/wp-content\/uploads\/2017\/05\/Minuta-Comisi\u00f3n-Obras-P\u00fablicas-17-Diciembre-2015.pdf\">Minuta Comisi\u00f3n Obras P\u00fablicas y Construcciones 17 Diciembre 2015<\/a><\/p>\n<p>[\/expand]<\/p>\n<p><strong>A\u00f1o 2016<\/strong><\/p>\n<p><strong>[expand title=\u00bbAcuerdos\u00bb]<\/strong><\/p>\n<p><a href=\"https:\/\/tonala.gob.mx\/portal\/wp-content\/uploads\/2016\/10\/Acuerdo_Obras_Publicas_y_Construcciones_Consejo_para-_el_Desarrollo__Metropolitano_de_Guadalajara_2016_CeliaIsabelGaunaRuizdeLeon.pdf\">Acuerdo Obras Publicas y Construcciones Consejo para el Desarrollo Metropolitano de Guadalajara 2016<\/a><\/p>\n<p>[\/expand]<\/p>\n<p><strong>[expand title=\u00bbComisi\u00f3n Obras P\u00fablicas y Construcciones 14 Enero 2016&#8243;]<\/strong><\/p>\n<p><a href=\"https:\/\/tonala.gob.mx\/portal\/wp-content\/uploads\/2017\/05\/Minuta-Comisi\u00f3n-Obras-P\u00fablicas-14-Enero-2016.pdf\">Minuta Comisi\u00f3n Obras P\u00fablicas y Construcciones 14 Enero 2016<\/a><\/p>\n<p>[\/expand]<\/p>\n<p><strong>[expand title=\u00bbComisi\u00f3n\u00a0Obras P\u00fablicas y Construcciones 11 Febrero 2016&#8243;]<\/strong><\/p>\n<p><a href=\"https:\/\/tonala.gob.mx\/portal\/wp-content\/uploads\/2017\/05\/Minuta-Comisi\u00f3n-Obras-P\u00fablicas-11-Febrero-2016.pdf\">Minuta Comisi\u00f3n Obras P\u00fablicas y Construcciones 11 Febrero 2016<\/a><\/p>\n<p>[\/expand]<\/p>\n<p><strong>[expand title=\u00bbComisi\u00f3n Obras P\u00fablicas y Construcciones 18 Marzo 2016&#8243;]<\/strong><\/p>\n<p><a href=\"https:\/\/tonala.gob.mx\/portal\/wp-content\/uploads\/2017\/05\/Minuta-Comisi\u00f3n-Obras-P\u00fablicas-18-Marzo-2016.pdf\">Minuta Comisi\u00f3n Obras P\u00fablicas y Construcciones 18 Marzo 2016<\/a><\/p>\n<p>[\/expand]<\/p>\n<p><strong>[expand title=\u00bbComisi\u00f3n Obras P\u00fablicas y Construcciones\u00a0Abril 2016&#8243;]<\/strong><\/p>\n<p><a href=\"https:\/\/tonala.gob.mx\/portal\/wp-content\/uploads\/2016\/10\/No-se-realizaron-sesiones-este-mes.pdf\">Comisi\u00f3n Obras P\u00fablicas y Construcciones\u00a0Abril 2016<\/a><\/p>\n<p>[\/expand]<\/p>\n<p><strong>[expand title=\u00bbComisi\u00f3n Obras P\u00fablicas y Construcciones\u00a0Mayo 2016&#8243;]<\/strong><\/p>\n<p><a href=\"https:\/\/tonala.gob.mx\/portal\/wp-content\/uploads\/2016\/10\/No-se-realizaron-sesiones-este-mes.pdf\">Comisi\u00f3n\u00a0Obras P\u00fablicas y Construcciones Mayo 2016<\/a><\/p>\n<p>[\/expand]<\/p>\n<p><strong>[expand title=\u00bbComisi\u00f3n Obras P\u00fablicas y Construcciones 15 Junio 2016&#8243;]<\/strong><\/p>\n<p><a href=\"https:\/\/tonala.gob.mx\/portal\/wp-content\/uploads\/2017\/05\/Minuta-Comisi\u00f3n-Obras-P\u00fablicas-15-Junio-2016.pdf\">Minuta Comisi\u00f3n Obras P\u00fablicas y Construcciones 15 Junio 2016<\/a><\/p>\n<p>[\/expand]<\/p>\n<p><strong>[expand title=\u00bbComisi\u00f3n Obras P\u00fablicas y Construcciones 21 Julio 2016&#8243;]<\/strong><\/p>\n<p><a href=\"https:\/\/tonala.gob.mx\/portal\/wp-content\/uploads\/2017\/05\/Minuta-Comisi\u00f3n-Obras-Publicas-21-Julio-2016.pdf\">Minuta Comisi\u00f3n Obras P\u00fablicas y Construcciones 21 Julio 2016<\/a><\/p>\n<p>[\/expand]<\/p>\n<p><strong>[expand title=\u00bbComisi\u00f3n Obras P\u00fablicas y Construcciones 25 Agosto 2016&#8243;]<\/strong><\/p>\n<p><a href=\"https:\/\/tonala.gob.mx\/portal\/wp-content\/uploads\/2017\/05\/Minuta-Comisi\u00f3n-Obras-P\u00fablicas-25-Agosto-2016.pdf\">Minuta Comisi\u00f3n Obras P\u00fablicas y Construcciones 25 Agosto 2016<\/a><\/p>\n<p>[\/expand]<\/p>\n<p><strong>[expand title=\u00bbComisi\u00f3n Obras P\u00fablicas y Construcciones 27 Septiembre 2016&#8243;]<\/strong><\/p>\n<p><a href=\"https:\/\/tonala.gob.mx\/portal\/wp-content\/uploads\/2017\/05\/Minuta-Comisi\u00f3n-Obras-P\u00fablicas-27-Septiembre-2016.pdf\">Minuta Comisi\u00f3n Obras P\u00fablicas y Construcciones 27 Septiembre 2016<\/a><\/p>\n<p>[\/expand]<\/p>\n<p><strong>[expand title=\u00bbComisi\u00f3n Obras P\u00fablicas y Construcciones Octubre 2016&#8243;]<\/strong><\/p>\n<p>[\/expand]<\/p>\n<p><strong>[expand title=\u00bbComisi\u00f3n Obras P\u00fablicas y Construcciones 27 Noviembre 2016&#8243;]<\/strong><\/p>\n<p><a href=\"https:\/\/tonala.gob.mx\/portal\/wp-content\/uploads\/2017\/05\/Minuta-Comisi\u00f3n-Obras-P\u00fablicas-17-Noviembre-2016.pdf\">Minuta Comisi\u00f3n Obras P\u00fablicas y Construcciones 27 Noviembre 2016<\/a><\/p>\n<p>[\/expand]<\/p>\n<p><strong>[expand title=\u00bbComisi\u00f3n Obras P\u00fablicas y Construcciones 13 Diciembre 2016&#8243;]<\/strong><\/p>\n<p><a href=\"https:\/\/tonala.gob.mx\/portal\/wp-content\/uploads\/2017\/05\/Minuta-Comisi\u00f3n-Obras-P\u00fablicas-13-Diciembre-2016.pdf\">Minuta Comisi\u00f3n Obras P\u00fablicas y Construcciones 13 Diciembre 2016<\/a><\/p>\n<p>[\/expand]<\/p>\n<p><strong>2017<\/strong><\/p>\n<p><strong>[expand title=\u00bbComisi\u00f3n Obras P\u00fablicas y Construcciones 30 Enero 2017&#8243;]<\/strong><\/p>\n<p><a href=\"https:\/\/tonala.gob.mx\/portal\/wp-content\/uploads\/2017\/10\/Minuta-Comisi\u00f3n-Obras-P\u00fablicas-y-Construcciones-30-Enero-2017.pdf\">Minuta Comisi\u00f3n Obras P\u00fablicas y Construcciones 30 Enero 2017<\/a><\/p>\n<p>[\/expand]<\/p>\n<p><strong>[expand title=\u00bbComisi\u00f3n Obras P\u00fablicas y Construcciones 07 Febrero 2017&#8243;]<\/strong><\/p>\n<p><a href=\"https:\/\/tonala.gob.mx\/portal\/wp-content\/uploads\/2017\/10\/Minuta-Comisi\u00f3n-Obras-P\u00fablicas-y-Construcciones-07-Febrero-2017.pdf\">Minuta Comisi\u00f3n Obras P\u00fablicas y Construcciones 07 Febrero 2017<\/a><\/p>\n<p>[\/expand]<\/p>\n<p><strong>[expand title=\u00bbComisi\u00f3n Obras P\u00fablicas y Construcciones 08 Marzo 2017&#8243;]<\/strong><\/p>\n<p><a href=\"https:\/\/tonala.gob.mx\/portal\/wp-content\/uploads\/2017\/10\/Minuta-Comisi\u00f3n-Obras-P\u00fablicas-y-Construcciones-08-Marzo-2017.pdf\">Minuta Comisi\u00f3n Obras P\u00fablicas y Construcciones 08 Marzo 2017<\/a><\/p>\n<p>[\/expand]<\/p>\n<p><strong>[expand title=\u00bbComisi\u00f3n Obras P\u00fablicas y Construcciones Abril 2017&#8243;]<\/strong><\/p>\n<p>[\/expand]<\/p>\n<p><strong>[expand title=\u00bbComisi\u00f3n Obras P\u00fablicas y Construcciones 23 Mayo 2017&#8243;]<\/strong><\/p>\n<p><a href=\"https:\/\/tonala.gob.mx\/portal\/wp-content\/uploads\/2017\/10\/Minuta-Comisi\u00f3n-Obras-P\u00fablicas-y-Construcciones-23-Mayo-2017.pdf\">Minuta Comisi\u00f3n Obras P\u00fablicas y Construcciones 23 Mayo 2017<\/a><\/p>\n<p>[\/expand]<\/p>\n<p><strong>[expand title=\u00bbComisi\u00f3n Obras P\u00fablicas y Construcciones 22 Junio 2017&#8243;]<\/strong><\/p>\n<p><a href=\"https:\/\/tonala.gob.mx\/portal\/wp-content\/uploads\/2017\/10\/Minuta-Comisi\u00f3n-Obras-P\u00fablicas-y-Construcciones-22-Junio-2017.pdf\">Minuta Comisi\u00f3n Obras P\u00fablicas y Construcciones 22 Junio 2017<\/a><\/p>\n<p>[\/expand]<\/p>\n<p><strong>[expand title=\u00bbComisi\u00f3n Obras P\u00fablicas y Construcciones 03 Julio 2017&#8243;]<\/strong><\/p>\n<p><a href=\"https:\/\/tonala.gob.mx\/portal\/wp-content\/uploads\/2017\/10\/Minuta-Comisi\u00f3n-Obras-P\u00fablicas-y-Construcciones-03-Julio-2017.pdf\">Minuta Comisi\u00f3n Obras P\u00fablicas y Construcciones 03 Julio 2017<\/a><\/p>\n<p>[\/expand]<\/p>\n<p><strong>[expand title=\u00bbComisi\u00f3n Obras P\u00fablicas y Construcciones 26 Julio 2017&#8243;]<\/strong><\/p>\n<p><a href=\"https:\/\/tonala.gob.mx\/portal\/wp-content\/uploads\/2017\/10\/Minuta-Comisi\u00f3n-Obras-P\u00fablicas-y-Construcciones-26-Julio-2017.pdf\">Minuta Comisi\u00f3n Obras P\u00fablicas y Construcciones 26 Julio 2017<\/a><\/p>\n<p>[\/expand]<\/p>\n<p><strong>[expand title=\u00bbComisi\u00f3n Obras P\u00fablicas y Construcciones 30 Agosto 2017&#8243;]<\/strong><\/p>\n<p><a href=\"https:\/\/tonala.gob.mx\/portal\/wp-content\/uploads\/2017\/10\/Minuta-Comisi\u00f3n-Obras-P\u00fablicas-y-Construcciones-30-Agosto-2017.pdf\">Minuta Comisi\u00f3n Obras P\u00fablicas y Construcciones 30 Agosto 2017<\/a><\/p>\n<p>[\/expand]<\/p>\n<p><strong>[expand title=\u00bbSesi\u00f3n Conjunta Comisiones Desarrollo Urbano y Habitaci\u00f3n Popular y Obras P\u00fablicas y Construcciones 25 Septiembre 2017&#8243;]<\/strong><\/p>\n<p><a href=\"https:\/\/tonala.gob.mx\/portal\/wp-content\/uploads\/2017\/10\/O.-D.-Sesi\u00f3n-Conjunta-Comisiones-Desarrollo-Urbano-y-Habitaci\u00f3n-Popular-y-Obras-P\u00fablicas-y-Construcciones-25-Septiembre-2017.pdf\">O. D. Sesi\u00f3n Conjunta Comisiones Desarrollo Urbano y Habitaci\u00f3n Popular y Obras P\u00fablicas y Construcciones 25 Septiembre 2017<\/a><\/p>\n<p>[\/expand]<\/p>\n<p><strong>[expand title=\u00bbComisi\u00f3n Obras P\u00fablicas y Construcciones 26 Septiembre 2017&#8243;]<\/strong><\/p>\n<p><a href=\"https:\/\/tonala.gob.mx\/portal\/wp-content\/uploads\/2017\/10\/Minuta-Comisi\u00f3n-Obras-P\u00fablicas-y-Construcciones-26-Septiembre-2017.pdf\">Minuta Comisi\u00f3n Obras P\u00fablicas y Construcciones 26 Septiembre 2017<\/a><\/p>\n<p>[\/expand]<\/p>\n<p><strong>[expand title=\u00bbComisi\u00f3n Obras P\u00fablicas y Construcciones 31 Octubre 2017&#8243;]<\/strong><\/p>\n<p><a href=\"https:\/\/tonala.gob.mx\/portal\/wp-content\/uploads\/2018\/02\/Minuta-Comisi\u00f3n-Obras-P\u00fablicas-y-Construcciones-31-Octubre-2017.pdf\">Minuta Comisi\u00f3n Obras P\u00fablicas y Construcciones 31 Octubre 2017<\/a><\/p>\n<p>[\/expand]<\/p>\n<p><strong>[expand title=\u00bbComisi\u00f3n Obras P\u00fablicas y Construcciones 30 Noviembre 2017&#8243;]<\/strong><\/p>\n<p><a href=\"https:\/\/tonala.gob.mx\/portal\/wp-content\/uploads\/2018\/02\/Minuta-Comisi\u00f3n-Obras-P\u00fablicas-y-Construcciones-30-Noviembre-2017.pdf\">Minuta Comisi\u00f3n Obras P\u00fablicas y Construcciones 30 Noviembre 2017<\/a><\/p>\n<p>[\/expand]<\/p>\n<p><strong>[expand title=\u00bbComisi\u00f3n Obras P\u00fablicas y Construcciones Diciembre 2017&#8243;]<\/strong><\/p>\n<p>[\/expand]<\/p>\n<p><strong>2018<\/strong><\/p>\n<p><strong>[expand title=\u00bbComisi\u00f3n Obras P\u00fablicas y Construcciones Enero 2018&#8243;]<\/strong><\/p>\n<p>[\/expand]<\/p>\n<p><strong>[expand title=\u00bbComisi\u00f3n Obras P\u00fablicas y Construcciones Febrero 2018&#8243;]<\/strong><\/p>\n<p>[\/expand]<\/p>\n<p><strong>[expand title=\u00bbComisi\u00f3n Obras P\u00fablicas y Construcciones Marzo 2018&#8243;]<\/strong><\/p>\n<p>[\/expand]<\/p>\n<p><strong>[expand title=\u00bbComisi\u00f3n Obras P\u00fablicas y Construcciones Abril 2018&#8243;]<\/strong><\/p>\n<p>[\/expand]<\/p>\n<p><strong>[expand title=\u00bbComisi\u00f3n Obras P\u00fablicas y Construcciones Mayo 2018&#8243;]<\/strong><\/p>\n<p>[\/expand]<\/p>\n<p><strong>[expand title=\u00bbComisi\u00f3n Obras P\u00fablicas y Construcciones Junio 2018&#8243;]<\/strong><\/p>\n<p>[\/expand]<\/p>\n<p><strong>[expand title=\u00bbComisi\u00f3n Obras P\u00fablicas y Construcciones Julio 2018&#8243;]<\/strong><\/p>\n<p>[\/expand]<\/p>\n<p><strong>[expand title=\u00bbComisi\u00f3n Obras P\u00fablicas y Construcciones Agosto 2018&#8243;]<\/strong><\/p>\n<p>[\/expand]<\/p>\n<p><strong>[expand title=\u00bbComisi\u00f3n Obras P\u00fablicas y Construcciones Septiembre 2018&#8243;]<\/strong><\/p>\n<p>[\/expand]<\/p>\n<p><strong>[expand title=\u00bbComisi\u00f3n Obras P\u00fablicas y Construcciones Octubre 2018&#8243;]<\/strong><\/p>\n<p>[\/expand]<\/p>\n<p><strong>[expand title=\u00bbComisi\u00f3n Obras P\u00fablicas y Construcciones Noviembre 2018&#8243;]<\/strong><\/p>\n<p>[\/expand]<\/p>\n<p><strong>[expand title=\u00bbComisi\u00f3n Obras P\u00fablicas y Construcciones Diciembre 2018&#8243;]<\/strong><\/p>\n<p>[\/expand]<\/p>\n","protected":false},"excerpt":{"rendered":"<p>Plan de Trabajo\u00a02015 Plan de Trabajo Obras P\u00fablicas y Construcciones\u00a02016-2018 Turno a Comisi\u00f3n A\u00f1o 2015 [expand title=\u00bbComisi\u00f3n Obras P\u00fablicas y<\/p>\n","protected":false},"author":1,"featured_media":0,"parent":0,"menu_order":0,"comment_status":"closed","ping_status":"closed","template":"","meta":{"colormag_page_container_layout":"default_layout","colormag_page_sidebar_layout":"default_layout","footnotes":""},"class_list":["post-4363","page","type-page","status-publish","hentry"],"_links":{"self":[{"href":"https:\/\/tonala.gob.mx\/portal\/wp-json\/wp\/v2\/pages\/4363","targetHints":{"allow":["GET"]}}],"collection":[{"href":"https:\/\/tonala.gob.mx\/portal\/wp-json\/wp\/v2\/pages"}],"about":[{"href":"https:\/\/tonala.gob.mx\/portal\/wp-json\/wp\/v2\/types\/page"}],"author":[{"embeddable":true,"href":"https:\/\/tonala.gob.mx\/portal\/wp-json\/wp\/v2\/users\/1"}],"replies":[{"embeddable":true,"href":"https:\/\/tonala.gob.mx\/portal\/wp-json\/wp\/v2\/comments?post=4363"}],"version-history":[{"count":17,"href":"https:\/\/tonala.gob.mx\/portal\/wp-json\/wp\/v2\/pages\/4363\/revisions"}],"predecessor-version":[{"id":15537,"href":"https:\/\/tonala.gob.mx\/portal\/wp-json\/wp\/v2\/pages\/4363\/revisions\/15537"}],"wp:attachment":[{"href":"https:\/\/tonala.gob.mx\/portal\/wp-json\/wp\/v2\/media?parent=4363"}],"curies":[{"name":"wp","href":"https:\/\/api.w.org\/{rel}","templated":true}]}}