{"id":4343,"date":"2016-07-13T19:11:54","date_gmt":"2016-07-13T19:11:54","guid":{"rendered":"http:\/\/tonala.gob.mx\/portal\/?page_id=4343"},"modified":"2018-06-25T09:45:07","modified_gmt":"2018-06-25T15:45:07","slug":"seguridad-publica-y-transito","status":"publish","type":"page","link":"https:\/\/tonala.gob.mx\/portal\/seguridad-publica-y-transito\/","title":{"rendered":"Seguridad P\u00fablica y Tr\u00e1nsito"},"content":{"rendered":"<p><strong><a href=\"https:\/\/tonala.gob.mx\/portal\/wp-content\/uploads\/2016\/10\/PROGRAMA-DE-TRABAJO-ROBERTO-AMADOR-CARDENAS-BLAKE.zip\">Plan de Trabajo<\/a>\u00a02015-2018<\/strong><\/p>\n<p><strong>A\u00f1o 2015<\/strong><\/p>\n<p><strong>[expand title=\u00bbComisi\u00f3n Seguridad P\u00fablica y Tr\u00e1nsito 13 Octubre 2015&#8243;]<\/strong><\/p>\n<p><a href=\"https:\/\/tonala.gob.mx\/portal\/wp-content\/uploads\/2016\/07\/Seguridad_13_10_15_Blake.pdf\">Seguridad P\u00fablica y Tr\u00e1nsito 13 Octubre 2015<\/a><\/p>\n<p>[\/expand]<\/p>\n<p><strong>[expand title=\u00bbComisi\u00f3n Seguridad P\u00fablica y Tr\u00e1nsito 04 Noviembre 2015&#8243;]<\/strong><\/p>\n<p><a href=\"https:\/\/tonala.gob.mx\/portal\/wp-content\/uploads\/2017\/03\/COMISION-EDILICIA-DE-SEGURIDAD-PUBLICA-Y-MOVILIDAD-4-NOVIEMBRE-2015-1.pdf\">Minuta Comisi\u00f3n Seguridad P\u00fablica y Tr\u00e1nsito 04 Noviembre 2015<\/a><\/p>\n<p><a href=\"https:\/\/tonala.gob.mx\/portal\/wp-content\/uploads\/2016\/11\/ACTA-4-NOVIEMBRE-1.docx\">Seguridad P\u00fablica y Tr\u00e1nsito 04 Noviembre 2015<\/a>\u00a0( Versi\u00f3n Estenogr\u00e1fica)<\/p>\n<p>[\/expand]<\/p>\n<p><strong>[expand title=\u00bbComisi\u00f3n Seguridad P\u00fablica y Tr\u00e1nsito 09 Diciembre 2015&#8243;]<\/strong><\/p>\n<p><a href=\"https:\/\/tonala.gob.mx\/portal\/wp-content\/uploads\/2017\/03\/COMISION-EDILICIA-DE-SEGURIDAD-PUBLICA-Y-MOVILIDAD-09-DICIEMBRE-2015.pdf\">Minuta Comisi\u00f3n Seguridad P\u00fablica y Tr\u00e1nsito 09 Diciembre 2015<\/a><\/p>\n<p><a href=\"https:\/\/tonala.gob.mx\/portal\/wp-content\/uploads\/2016\/11\/ACTA-9-DICIEMBRE-2015.docx\">Seguridad P\u00fablica y Tr\u00e1nsito \u00a009 Diciembre 2016<\/a>\u00a0 (Versi\u00f3n Estenogr\u00e1fica)<\/p>\n<p>[\/expand]<\/p>\n<p><strong>A\u00f1o 2016<\/strong><\/p>\n<p><strong>[expand title=\u00bbComisi\u00f3n Seguridad P\u00fablica y Tr\u00e1nsito 26 Enero 2016&#8243;]<\/strong><\/p>\n<p><a href=\"https:\/\/tonala.gob.mx\/portal\/wp-content\/uploads\/2017\/03\/COMISION-EDILICIA-DE-SEGURIDAD-PUBLICA-Y-MOVILIDAD-26-ENERO-2016.pdf\">Minuta Comisi\u00f3n Seguridad P\u00fablica y Tr\u00e1nsito 26 Enero 2016\u00a0<\/a><\/p>\n<p>[\/expand]<\/p>\n<p><strong>[expand title=\u00bbComisi\u00f3n Seguridad P\u00fablica y Tr\u00e1nsito 29 Febrero 2016&#8243;]<\/strong><\/p>\n<p><a href=\"https:\/\/tonala.gob.mx\/portal\/wp-content\/uploads\/2017\/03\/COMISION-EDILICIA-DE-SEGURIDAD-PUBLICA-Y-MOVILIDAD-29-FEBRERO-2016.pdf\">Minuta Comisi\u00f3n Seguridad P\u00fablica y Tr\u00e1nsito 29 Febrero 2016<\/a><\/p>\n<p>[\/expand]<\/p>\n<p><strong>[expand title=\u00bbComisi\u00f3n Seguridad P\u00fablica y Tr\u00e1nsito 11 Marzo 2016&#8243;]<\/strong><\/p>\n<p><a href=\"https:\/\/tonala.gob.mx\/portal\/wp-content\/uploads\/2017\/03\/COMISION-EDILICIA-DE-SEGURIDAD-PUBLICA-Y-MOVILIDAD-11-MARZO-2016.pdf\">Minuta Comisi\u00f3n Seguridad P\u00fablica y Tr\u00e1nsito 11 Marzo 2016<\/a><\/p>\n<p><a href=\"https:\/\/tonala.gob.mx\/portal\/wp-content\/uploads\/2016\/11\/ACTA-11-MARZO-2016.docx\">Seguridad P\u00fablica y Tr\u00e1nsito 11 Marzo 2016<\/a>\u00a0( Versi\u00f3n Estenogr\u00e1fica)<\/p>\n<p>[\/expand]<\/p>\n<p><strong>[expand title=\u00bbComisi\u00f3n Seguridad P\u00fablica y Tr\u00e1nsito 26 Abril 2016&#8243;]<\/strong><\/p>\n<p><a href=\"https:\/\/tonala.gob.mx\/portal\/wp-content\/uploads\/2017\/03\/COMISON-EDILICIA-DE-SEGURIDAD-PUBLICA-Y-MOVILIDAD-26-ABRIL-2016.pdf\">Minuta Comisi\u00f3n Seguridad P\u00fablica y Tr\u00e1nsito 26 Abril 2016<\/a><\/p>\n<p>[\/expand]<\/p>\n<p><strong>[expand title=\u00bbComisi\u00f3n Seguridad P\u00fablica y Tr\u00e1nsito 31 Mayo 2016&#8243;]<\/strong><\/p>\n<p><a href=\"https:\/\/tonala.gob.mx\/portal\/wp-content\/uploads\/2017\/03\/COMISION-EDILICIA-DE-SEGURIDAD-PUBLICA-Y-MOVILIDAD-31-MAYO-2016.pdf\">Minuta Comisi\u00f3n Seguridad P\u00fablica y Tr\u00e1nsito 31 Mayo 2016<\/a><\/p>\n<p>S<a href=\"https:\/\/tonala.gob.mx\/portal\/wp-content\/uploads\/2016\/11\/31-MAYO-2016.docx\">eguridad P\u00fablica y Tr\u00e1nsito 31 Mayo 2016<\/a>\u00a0(Versi\u00f3n Estenogr\u00e1fica)<\/p>\n<p>[\/expand]<\/p>\n<p><strong>[expand title=\u00bbComisi\u00f3n Seguridad P\u00fablica y Tr\u00e1nsito 29 Junio 2016&#8243;]<\/strong><\/p>\n<p><a href=\"https:\/\/tonala.gob.mx\/portal\/wp-content\/uploads\/2017\/03\/COMISION-EDILICIA-DE-SEGUIRAD-PUBLICA-Y-MOVILIDAD-29-JUNIO-2016.pdf\">Minuta Comisi\u00f3n Seguridad P\u00fablica y Tr\u00e1nsito 29 Junio 2016<\/a><\/p>\n<p><a href=\"https:\/\/tonala.gob.mx\/portal\/wp-content\/uploads\/2016\/11\/29-JUNIO-2016.docx\">Seguridad P\u00fablica y Tr\u00e1nsito 29 Junio 2016<\/a>\u00a0( Versi\u00f3n Estenogr\u00e1fica)<\/p>\n<p>[\/expand]<\/p>\n<p><strong>[expand title=\u00bbComisi\u00f3n Seguridad P\u00fablica y Tr\u00e1nsito 21 Julio 2016&#8243;]<\/strong><\/p>\n<p><a href=\"https:\/\/tonala.gob.mx\/portal\/wp-content\/uploads\/2017\/03\/COMISION-EDILICIA-DE-SEGURIDAD-PUBLICA-Y-MOVILIDAD-21-JULIO-2016.pdf\">Minuta Comisi\u00f3n Seguridad P\u00fablica y Tr\u00e1nsito 21 Julio 2016<\/a><\/p>\n<p><a href=\"https:\/\/tonala.gob.mx\/portal\/wp-content\/uploads\/2016\/11\/21-JULIO-2016.docx\">Seguridad P\u00fablica y Tr\u00e1nsito 21 Julio 2016<\/a>\u00a0( Versi\u00f3n Estenogr\u00e1fica)<\/p>\n<p>[\/expand]<\/p>\n<p><strong>[expand title=\u00bbComisi\u00f3n Seguridad P\u00fablica y Tr\u00e1nsito 31 Agosto 2016&#8243;]<\/strong><\/p>\n<p><a href=\"https:\/\/tonala.gob.mx\/portal\/wp-content\/uploads\/2017\/03\/COMISION-EDILICIA-DE-SEGURIDAD-PUBLICA-Y-MOVILIDAD-31-AGOSTO-2016.pdf\">Minuta Comisi\u00f3n Seguridad P\u00fablica y Tr\u00e1nsito 31 Agosto 2016<\/a><\/p>\n<p><a href=\"https:\/\/tonala.gob.mx\/portal\/wp-content\/uploads\/2016\/11\/31-AGOSTO-2016.docx\">Seguridad P\u00fablica y Tr\u00e1nsito 31 Agosto 2016<\/a>\u00a0( Versi\u00f3n Estenogr\u00e1fica)<\/p>\n<p>[\/expand]<\/p>\n<p><strong>[expand title=\u00bbComisi\u00f3n Seguridad P\u00fablica y Tr\u00e1nsito 29 Septiembre 2016&#8243;]<\/strong><\/p>\n<p><a href=\"https:\/\/tonala.gob.mx\/portal\/wp-content\/uploads\/2017\/03\/COMISION-EDILICIA-DE-SEGURIDAD-PUBLICA-Y-MOVILIDAD-29-SEPTIEMBRE-2016.pdf\">Minuta Comisi\u00f3n Seguridad P\u00fablica y Tr\u00e1nsito 29 Septiembre 2016<\/a><\/p>\n<p><a href=\"https:\/\/tonala.gob.mx\/portal\/wp-content\/uploads\/2016\/11\/29-SEPTIEMBRE-2016.docx\">Seguridad P\u00fablica y Tr\u00e1nsito 29 Septiembre 2016<\/a>\u00a0( Versi\u00f3n Estenogr\u00e1fica)<\/p>\n<p>[\/expand]<\/p>\n<p><strong>[expand title=\u00bbComisi\u00f3n Seguridad P\u00fablica y Tr\u00e1nsito 27 Octubre 2016&#8243;]<\/strong><\/p>\n<p><a href=\"https:\/\/tonala.gob.mx\/portal\/wp-content\/uploads\/2017\/03\/COMISION-EDILICIA-DE-SEGURIDAD-PUBLICA-Y-MOVILIDAD-27-OCTUBRE-2016.pdf\">Minuta Comisi\u00f3n Seguridad P\u00fablica y Tr\u00e1nsito 27 Octubre 2016<\/a><\/p>\n<p>[\/expand]<\/p>\n<p><strong>[expand title=\u00bbComisi\u00f3n Seguridad P\u00fablica y Tr\u00e1nsito 30 Noviembre 2016&#8243;]<\/strong><\/p>\n<p><a href=\"https:\/\/tonala.gob.mx\/portal\/wp-content\/uploads\/2017\/03\/COMISION-EDILICIA-DE-SEGURIDAD-PUBLICA-Y-MOVILIDAD-30-NOVIEMBRE-2016.pdf\">Minuta Comisi\u00f3n Seguridad P\u00fablica y Tr\u00e1nsito 30 Noviembre 2016<\/a><\/p>\n<p>[\/expand]<\/p>\n<p><strong>[expand title=\u00bbComisi\u00f3n Seguridad P\u00fablica y Tr\u00e1nsito 16 Diciembre 2016&#8243;]<\/strong><\/p>\n<p><a href=\"https:\/\/tonala.gob.mx\/portal\/wp-content\/uploads\/2017\/03\/COMISION-EDILICIA-DE-SEGURIDAD-PUBLICA-Y-MOVILIDAD-16-DICIEMBRE-2016.pdf\">Minuta Comisi\u00f3n Seguridad P\u00fablica y Tr\u00e1nsito 16 Diciembre 2016<\/a><\/p>\n<p>[\/expand]<\/p>\n<p><strong>2017<\/strong><\/p>\n<p><strong>[expand title=\u00bbComisi\u00f3n Seguridad P\u00fablica y Tr\u00e1nsito 16 Enero 2017&#8243;]<\/strong><\/p>\n<p><a href=\"https:\/\/tonala.gob.mx\/portal\/wp-content\/uploads\/2017\/03\/COMISION-EDILICIA-DE-SEGURIDAD-PUBLICA-Y-MOVILIDAD-16-ENERO-2017.pdf\">Minuta Comisi\u00f3n Seguridad P\u00fablica y Tr\u00e1nsito 16 Enero 2017<\/a><\/p>\n<p>[\/expand]<\/p>\n<p><strong>[expand title=\u00bbComisi\u00f3n Seguridad P\u00fablica y Tr\u00e1nsito 27 Febrero 2017&#8243;]<\/strong><\/p>\n<p><a href=\"https:\/\/tonala.gob.mx\/portal\/wp-content\/uploads\/2017\/03\/COMISON-EDILICIA-DE-SEGURIDAD-PUBLICA-Y-MOVILIDAD-27-FEBRERO-2017.pdf\">Minuta Comisi\u00f3n Seguridad P\u00fablica y Tr\u00e1nsito 27 Febrero 2017<\/a><\/p>\n<p>[\/expand]<\/p>\n<p><strong>[expand title=\u00bbComisi\u00f3n Seguridad P\u00fablica y Tr\u00e1nsito 24 Marzo 2017&#8243;]<\/strong><\/p>\n<p><a href=\"https:\/\/tonala.gob.mx\/portal\/wp-content\/uploads\/2017\/10\/Minuta-Comisi\u00f3n-Seguridad-P\u00fablica-y-Movilidad-24-Marzo-2017.pdf\">Minuta Comisi\u00f3n Seguridad P\u00fablica y Tr\u00e1nsito 24 Marzo 2017<\/a><\/p>\n<p>[\/expand]<\/p>\n<p><strong>[expand title=\u00bbSesi\u00f3n Conjunta de las Comisiones Reglamentos, Seguridad P\u00fablica y Movilidad \u00a027 Abril 2017&#8243;]<\/strong><\/p>\n<p><a href=\"https:\/\/tonala.gob.mx\/portal\/wp-content\/uploads\/2017\/06\/Minuta-Comisi\u00f3n-Conjunta-de-Reglamentos-y-Seguridad-Publica-y-Movilidad-27-Abril-2017.pdf\">Minuta Sesi\u00f3n Conjunta de las Comisiones Reglamentos, Seguridad P\u00fablica y Movilidad 27 Abril 2017<\/a><\/p>\n<p><a href=\"https:\/\/tonala.gob.mx\/portal\/wp-content\/uploads\/2017\/06\/O.D.-Sesi\u00f3n-Conjunta-Reglamentos-Seguridad-P\u00fablica-y-Movilidad-27-Abril-2017.pdf\">O.D. Sesi\u00f3n Conjunta de las Comisiones Reglamentos, Seguridad P\u00fablica y Movilidad 27 Abril 2017<\/a><\/p>\n<p><a href=\"https:\/\/tonala.gob.mx\/portal\/wp-content\/uploads\/2017\/06\/Lista-de-Asistencia-Comisi\u00f3n-Conjunta-de-Reglamentos-y-Seguridad-Publica-y-Movilidad-27-Abril-2017.pdf\">Asistencia Sesi\u00f3n Conjunta de las Comisiones Reglamentos, Seguridad P\u00fablica y Movilidad 27 Abril 2017<\/a><\/p>\n<p>[\/expand]<\/p>\n<p><strong>[expand title=\u00bbComisi\u00f3n Seguridad P\u00fablica y Tr\u00e1nsito Mayo 2017&#8243;]<\/strong><\/p>\n<p>[\/expand]<\/p>\n<p><strong>[expand title=\u00bbComisi\u00f3n Seguridad P\u00fablica y Tr\u00e1nsito Junio 2017&#8243;]<\/strong><\/p>\n<p>[\/expand]<\/p>\n<p><strong>[expand title=\u00bbComisi\u00f3n Seguridad P\u00fablica y Tr\u00e1nsito 19 Julio 2017&#8243;]<\/strong><\/p>\n<p><a href=\"https:\/\/tonala.gob.mx\/portal\/wp-content\/uploads\/2017\/10\/Minuta-Comisi\u00f3n-Seguridad-P\u00fablica-y-Movilidad-19-Julio-2017.pdf\">Minuta Comisi\u00f3n Seguridad P\u00fablica y Tr\u00e1nsito 19 Julio 2017<\/a><\/p>\n<p>[\/expand]<\/p>\n<p><strong>[expand title=\u00bbComisi\u00f3n Seguridad P\u00fablica y Tr\u00e1nsito 18 Agosto 2017&#8243;]<\/strong><\/p>\n<p><a href=\"https:\/\/tonala.gob.mx\/portal\/wp-content\/uploads\/2018\/06\/Minuta-Comisi\u00f3n-Seguridad-P\u00fablica-y-Movilidad-18-Agosto-2017.pdf\">Minuta Comisi\u00f3n Seguridad P\u00fablica y Transito 18 Agosto 2017<\/a><\/p>\n<p>[\/expand]<\/p>\n<p><strong>[expand title=\u00bbComisi\u00f3n Seguridad P\u00fablica y Tr\u00e1nsito 15 Septiembre 2017&#8243;]<\/strong><\/p>\n<p><a href=\"https:\/\/tonala.gob.mx\/portal\/wp-content\/uploads\/2018\/06\/Minuta-Comisi\u00f3n-Seguridad-P\u00fablica-y-Movilidad-15-Septiembre-2017.pdf\">Minuta Comisi\u00f3n Seguridad P\u00fablica y Tr\u00e1nsito 15 Septiembre 2017<\/a><\/p>\n<p>[\/expand]<\/p>\n<p><strong>[expand title=\u00bbComisi\u00f3n Seguridad P\u00fablica y Tr\u00e1nsito 25 Octubre 2017&#8243;]<\/strong><\/p>\n<p><a href=\"https:\/\/tonala.gob.mx\/portal\/wp-content\/uploads\/2018\/06\/Minuta-Comisi\u00f3n-Seguridad-P\u00fablica-y-Movilidad-25-Octubre-2017.pdf\">Minuta Comisi\u00f3n Seguridad P\u00fablica y Tr\u00e1nsito 25 Octubre 2017<\/a><\/p>\n<p>[\/expand]<\/p>\n<p><strong>[expand title=\u00bbComisi\u00f3n Seguridad P\u00fablica y Tr\u00e1nsito Noviembre 2017&#8243;]<\/strong><\/p>\n<p>[\/expand]<\/p>\n<p><strong>[expand title=\u00bbComisi\u00f3n Seguridad P\u00fablica y Tr\u00e1nsito 20 Diciembre 2017&#8243;]<\/strong><\/p>\n<p><a href=\"https:\/\/tonala.gob.mx\/portal\/wp-content\/uploads\/2018\/06\/Minuta-Comisi\u00f3n-Seguridad-P\u00fablica-y-Movilidad-20-Diciembre-2017.pdf\">Minuta Comisi\u00f3n Seguridad P\u00fablica y Tr\u00e1nsito 20 Diciembre 2017<\/a><\/p>\n<p>[\/expand]<\/p>\n<p><strong>2018<\/strong><\/p>\n<p><strong>[expand title=\u00bbComisi\u00f3n Seguridad P\u00fablica y Movilidad 25 Enero 2018&#8243;]<\/strong><\/p>\n<p><a href=\"https:\/\/tonala.gob.mx\/portal\/wp-content\/uploads\/2018\/06\/Minuta-Comisi\u00f3n-Seguridad-P\u00fablica-y-Movilidad-25-Enero-2018.pdf\">Minuta Comisi\u00f3n Seguridad P\u00fablica y Movilidad 25 Enero 2018<\/a><\/p>\n<p>[\/expand]<\/p>\n<p><strong>[expand title=\u00bbComisi\u00f3n Seguridad P\u00fablica y Movilidad 23 Febrero 2018&#8243;]<\/strong><\/p>\n<p><a href=\"https:\/\/tonala.gob.mx\/portal\/wp-content\/uploads\/2018\/06\/Minuta-Comisi\u00f3n-Seguridad-P\u00fablica-y-Movilidad-23-Febrero-2018.pdf\">Minuta Comisi\u00f3n Seguridad P\u00fablica y Movilidad 23 Febrero 2018<\/a><\/p>\n<p>[\/expand]<\/p>\n<p><strong>[expand title=\u00bbComisi\u00f3n Seguridad P\u00fablica y Movilidad 23 Marzo 2018&#8243;]<\/strong><\/p>\n<p><a href=\"https:\/\/tonala.gob.mx\/portal\/wp-content\/uploads\/2018\/06\/Minuta-Comisi\u00f3n-Seguridad-P\u00fablica-y-Movilidad-23-Marzo-2018.pdf\">Minuta Comisi\u00f3n Seguridad P\u00fablica y Movilidad 23 Marzo 2018<\/a><\/p>\n<p>[\/expand]<\/p>\n<p><strong>[expand title=\u00bbComisi\u00f3n Seguridad P\u00fablica y Movilidad 20 Abril 2018&#8243;]<\/strong><\/p>\n<p><a href=\"https:\/\/tonala.gob.mx\/portal\/wp-content\/uploads\/2018\/06\/Minuta-Comisi\u00f3n-Seguidad-P\u00fablica-y-Movilidad-20-Abril-2018.pdf\">Minuta Comisi\u00f3n Seguridad P\u00fablica y Movilidad 20 Abril 2018<\/a><\/p>\n<p>[\/expand]<\/p>\n","protected":false},"excerpt":{"rendered":"<p>Plan de Trabajo\u00a02015-2018 A\u00f1o 2015 [expand title=\u00bbComisi\u00f3n Seguridad P\u00fablica y Tr\u00e1nsito 13 Octubre 2015&#8243;] Seguridad P\u00fablica y Tr\u00e1nsito 13 Octubre<\/p>\n","protected":false},"author":1,"featured_media":0,"parent":0,"menu_order":0,"comment_status":"closed","ping_status":"closed","template":"","meta":{"colormag_page_container_layout":"default_layout","colormag_page_sidebar_layout":"default_layout","footnotes":""},"class_list":["post-4343","page","type-page","status-publish","hentry"],"_links":{"self":[{"href":"https:\/\/tonala.gob.mx\/portal\/wp-json\/wp\/v2\/pages\/4343","targetHints":{"allow":["GET"]}}],"collection":[{"href":"https:\/\/tonala.gob.mx\/portal\/wp-json\/wp\/v2\/pages"}],"about":[{"href":"https:\/\/tonala.gob.mx\/portal\/wp-json\/wp\/v2\/types\/page"}],"author":[{"embeddable":true,"href":"https:\/\/tonala.gob.mx\/portal\/wp-json\/wp\/v2\/users\/1"}],"replies":[{"embeddable":true,"href":"https:\/\/tonala.gob.mx\/portal\/wp-json\/wp\/v2\/comments?post=4343"}],"version-history":[{"count":23,"href":"https:\/\/tonala.gob.mx\/portal\/wp-json\/wp\/v2\/pages\/4343\/revisions"}],"predecessor-version":[{"id":18503,"href":"https:\/\/tonala.gob.mx\/portal\/wp-json\/wp\/v2\/pages\/4343\/revisions\/18503"}],"wp:attachment":[{"href":"https:\/\/tonala.gob.mx\/portal\/wp-json\/wp\/v2\/media?parent=4343"}],"curies":[{"name":"wp","href":"https:\/\/api.w.org\/{rel}","templated":true}]}}