{"id":4325,"date":"2016-07-13T18:48:03","date_gmt":"2016-07-13T18:48:03","guid":{"rendered":"http:\/\/tonala.gob.mx\/portal\/?page_id=4325"},"modified":"2018-01-31T12:12:50","modified_gmt":"2018-01-31T18:12:50","slug":"infraestructura-servicios-y-desarrollo-sustentable","status":"publish","type":"page","link":"https:\/\/tonala.gob.mx\/portal\/infraestructura-servicios-y-desarrollo-sustentable\/","title":{"rendered":"Infraestructura, Servicios y Desarrollo Sustentable"},"content":{"rendered":"<p><strong><a href=\"https:\/\/tonala.gob.mx\/portal\/assets\/PROGRAMA%20DE%20TRABAJO%20ENRIQUE%20PALACIOS%20DIAZ.pdf\">Plan de Trabajo<\/a>\u00a02015<\/strong><\/p>\n<p><strong><a href=\"https:\/\/tonala.gob.mx\/portal\/wp-content\/uploads\/2016\/10\/Comisi\u00f3n-Infraestructura-Servicios-y-Desarrollo-Sustentable.pdf\">Plan de Trabajo Infraestructura Servicios y Desarrollo Sustentable<\/a>\u00a02016-2018<\/strong><\/p>\n<p><strong>A\u00f1o 2015<\/strong><\/p>\n<p><strong>[expand title=\u00bbInfraestructura, Servicios y Desarrollo Sustentable 13 Octubre 2015&#8243;]<\/strong><\/p>\n<p><a href=\"https:\/\/tonala.gob.mx\/portal\/wp-content\/uploads\/2016\/10\/Infraestructura_Servicios_Desarrollo_Sustentables_13_Octubre_2015.pdf\">Infraestructura, Servicios y Desarrollo Sustentable 13 Octubre 2015<\/a><\/p>\n<p><a href=\"https:\/\/tonala.gob.mx\/portal\/wp-content\/uploads\/2016\/10\/O.D._Infraestructura_Servicios_Desarrollo_Sustentables_13_Octubre_2015.pdf\">O.D. Infraestructura, Servicios y Desarrollo Sustentable 13 Octubre 2015<\/a><\/p>\n<p><a href=\"https:\/\/tonala.gob.mx\/portal\/wp-content\/uploads\/2016\/10\/Asistencia_Infraestructura_Servicios_Desarrollo_Sustentables_13_Octubre_2015.pdf\">Asistencia Infraestructura, Servicios y Desarrollo Sustentable 13 Octubre 2015<\/a><\/p>\n<p>[\/expand]<\/p>\n<p><strong>[expand title=\u00bbInfraestructura, Servicios y Desarrollo Sustentable 24 Noviembre 2015&#8243;]<\/strong><\/p>\n<p><a href=\"https:\/\/tonala.gob.mx\/portal\/wp-content\/uploads\/2017\/08\/Minuta-Comisi\u00f3n-Infraestructura-Servicios-y-Desarrollo-Sustentable-24-Noviembre-2015.pdf\">Minuta Comisi\u00f3n Infraestructura, Servicios y Desarrollo Sustentable 24 Noviembre 2015<\/a><\/p>\n<p>[\/expand]<\/p>\n<p><strong>[expand title=\u00bbInfraestructura, Servicios y Desarrollo Sustentable 03 Diciembre 2015&#8243;]<\/strong><\/p>\n<p><a href=\"https:\/\/tonala.gob.mx\/portal\/wp-content\/uploads\/2017\/08\/Minuta-Comisi\u00f3n-Infraestrcutura-Servicios-y-Desarrollo-Sustentable-03-Diciembre-2015.pdf\">Minuta Comisi\u00f3n Infraestructura, Servicios y Desarrollo Sustentable 03 Diciembre 2015<\/a><\/p>\n<p>[\/expand]<\/p>\n<p><strong>A\u00f1o 2016<\/strong><\/p>\n<p><strong>[expand title=\u00bbInfraestructura, Servicios y Desarrollo Sustentable 04 Enero 2016&#8243;]<\/strong><\/p>\n<p><a href=\"https:\/\/tonala.gob.mx\/portal\/wp-content\/uploads\/2017\/08\/Minuta-Comisi\u00f3n-Infraestructura-Servicios-y-Desarrollo-Sustentable-04-Enero-2016.pdf\">Minuta Comisi\u00f3n Infraestructura, Servicios y Desarrollo Sustentable 04 Enero 2016<\/a><\/p>\n<p>[\/expand]<\/p>\n<p><strong>[expand title=\u00bbInfraestructura, Servicios y Desarrollo Sustentable 25 Febrero 2016&#8243;]<\/strong><\/p>\n<p><a href=\"https:\/\/tonala.gob.mx\/portal\/wp-content\/uploads\/2016\/10\/Infraestructura_Desarrollo_Sustentable_25_Febrero_2016.pdf\">Infraestructura, Servicios y Desarrollo Sustentable 25 Febrero 2016<\/a><\/p>\n<p><a href=\"https:\/\/tonala.gob.mx\/portal\/wp-content\/uploads\/2016\/10\/O.D._Infraestructura_Desarrollo_Sustentable_25_Febrero_2016.pdf\">O.D. Infraestructura, Servicios y Desarrollo Sustentable 25 Febrero 2016<\/a><\/p>\n<p><a href=\"https:\/\/tonala.gob.mx\/portal\/wp-content\/uploads\/2016\/10\/Asistencia_Infraestructura_Desarrollo_Sustentable_25_Febrero_2016.pdf\">Asistencia Infraestructura, Servicios y Desarrollo Sustentable 25 Febrero 2016<\/a><\/p>\n<p>[\/expand]<\/p>\n<p><strong>[expand title=\u00bbInfraestructura, Servicios y Desarrollo Sustentable 17 Marzo 2016&#8243;]<\/strong><\/p>\n<p><a href=\"https:\/\/tonala.gob.mx\/portal\/wp-content\/uploads\/2016\/11\/Infraestructura_Servicios_y_Desarrollo_Sustentable.pdf\">Infraestructura, Servicios y Desarrollo Sustentable 17 Marzo 2016<\/a><\/p>\n<p><a href=\"https:\/\/tonala.gob.mx\/portal\/wp-content\/uploads\/2016\/11\/O.D.-Infraestructura_Servicios_y_Desarrollo_Sustentable.pdf\">O.D. Infraestructura, Servicios y Desarrollo Sustentable 17 Marzo 2016<\/a><\/p>\n<p><a href=\"https:\/\/tonala.gob.mx\/portal\/wp-content\/uploads\/2016\/11\/Asistencia_Infraestructura_Servicios_y_Desarrollo_Sustentable.pdf\">Asistencia Infraestructura, Servicios y Desarrollo Sustentable 17 Marzo 2016<\/a><\/p>\n<p>[\/expand]<\/p>\n<p><strong>[expand title=\u00bbInfraestructura, Servicios y Desarrollo Sustentable 29 Abril 2016&#8243;]<\/strong><\/p>\n<p><a href=\"https:\/\/tonala.gob.mx\/portal\/wp-content\/uploads\/2016\/11\/Infraestructura_Servicios_y_Desarrollo_Sustentable_Abril.pdf\">Infraestructura, Servicios y Desarrollo Sustentable 29 Abril 2016<\/a><\/p>\n<p><a href=\"https:\/\/tonala.gob.mx\/portal\/wp-content\/uploads\/2016\/11\/O.D.-Infraestructura_Servicios_y_Desarrollo_Sustentable-1.pdf\">O.D. Infraestructura, Servicios y Desarrollo Sustentable 29 Abril 2016<\/a><\/p>\n<p><a href=\"https:\/\/tonala.gob.mx\/portal\/wp-content\/uploads\/2016\/11\/Asistencia-Infraestructura_Servicios_y_Desarrollo_Sustentable.pdf\">Asistencia Infraestructura, Servicios y Desarrollo Sustentable 29 Abril 2016<\/a><\/p>\n<p>[\/expand]<\/p>\n<p><strong>[expand title=\u00bbInfraestructura, Servicios y Desarrollo Sustentable 20 Mayo 2016&#8243;]<\/strong><\/p>\n<p><a href=\"https:\/\/tonala.gob.mx\/portal\/wp-content\/uploads\/2016\/08\/O.D._Infraestructura_Servicios_y_Desarrollo_Sustentable_20_Mayo_2016.pdf\">Asistencia Infraestructura, Servicios y Desarrollo Sustentable 20 Mayo 2016<\/a><br \/>\n[\/expand]<\/p>\n<p><strong>[expand title=\u00bbInfraestructura, Servicios y Desarrollo Sustentable 09 Junio 2016&#8243;]<\/strong><\/p>\n<p><a href=\"https:\/\/tonala.gob.mx\/portal\/wp-content\/uploads\/2016\/11\/Infraestructura-Servicios-y-Desarrollo-Sustentable-Junio-2016.pdf\">Infraestructura, Servicios y Desarrollo Sustentable 09 Junio 2016<\/a><\/p>\n<p><a href=\"https:\/\/tonala.gob.mx\/portal\/wp-content\/uploads\/2016\/11\/O.D._Infraestructura-Servicios-y-Desarrollo-Sustentable-Junio-2016.pdf\">O.D. Infraestructura, Servicios y Desarrollo Sustentable 09 Junio 2016<\/a><\/p>\n<p><a href=\"https:\/\/tonala.gob.mx\/portal\/wp-content\/uploads\/2016\/11\/Asistencia_Infraestructura-Servicios-y-Desarrollo-Sustentable-Junio-2016.pdf\">Asistencia Infraestructura, Servicios y Desarrollo Sustentable 09 Junio 2016<\/a><\/p>\n<p>[\/expand]<\/p>\n<p><strong>[expand title=\u00bbInfraestructura, Servicios y Desarrollo Sustentable 06 Julio 2016&#8243;]<\/strong><\/p>\n<p><a href=\"https:\/\/tonala.gob.mx\/portal\/wp-content\/uploads\/2017\/08\/Minuta-Comisi\u00f3n-Infraestructura-Servicios-y-Desarrollo-Sustentable-06-Julio-2016.pdf\">Minuta Comisi\u00f3n Infraestructura, Servicios y Desarrollo Sustentable 06 Julio 2016<\/a><\/p>\n<p><a href=\"https:\/\/tonala.gob.mx\/portal\/wp-content\/uploads\/2016\/08\/O.D._Infraestructura_Servicios_y_Desarrollo_Sustentable_6_Julio_2016.pdf\">Asistencia Infraestructura, Servicios y Desarrollo Sustentable 06 Julio 2016<\/a><\/p>\n<p>[\/expand]<\/p>\n<p><strong>[expand title=\u00bbInfraestructura, Servicios y Desarrollo Sustentable 22 Julio 2016&#8243;]<\/strong><\/p>\n<p><a href=\"https:\/\/tonala.gob.mx\/portal\/wp-content\/uploads\/2016\/08\/O.D._Infraestructura_Servicios_y_Desarrollo_Sustentable_22_Julio_2016.pdf\">Asistencia Infraestructura, Servicios y Desarrollo Sustentable 22 Julio 2016<\/a><\/p>\n<p>[\/expand]<\/p>\n<p><strong>[expand title=\u00bbInfraestructura, Servicios y Desarrollo Sustentable 23 Agosto 2016&#8243;]<\/strong><\/p>\n<p><a href=\"https:\/\/tonala.gob.mx\/portal\/wp-content\/uploads\/2017\/08\/Minuta-Comisi\u00f3n-Infraestructura-Servicios-y-Desarrollo-Sustentable-23-Agosto-2016.pdf\">Minuta Comisi\u00f3n Infraestructura, Servicios y Desarrollo Sustentable 23 Agosto 2016<\/a><\/p>\n<p>[\/expand]<\/p>\n<p><strong>[expand title=\u00bbInfraestructura, Servicios y Desarrollo Sustentable 19 Septiembre 2016&#8243;]<\/strong><\/p>\n<p><a href=\"https:\/\/tonala.gob.mx\/portal\/wp-content\/uploads\/2017\/03\/COMISION-EDILICIA-INFRAESTRUCTURA-SERVICIOS-Y-DESARROLLO-SUSTENTABLE-19-SEPTIEMBRE-2016.pdf\">Minuta Comisi\u00f3n Infraestructura, Servicios y Desarrollo Sustentable 19 Septiembre 2016<\/a><\/p>\n<p>[\/expand]<\/p>\n<p><strong>[expand title=\u00bbInfraestructura, Servicios y Desarrollo Sustentable 06 Octubre 2016&#8243;]<\/strong><\/p>\n<p><a href=\"https:\/\/tonala.gob.mx\/portal\/wp-content\/uploads\/2017\/08\/Minuta-Comisi\u00f3n-Infraestructura-Servicios-y-Desarrollo-Sustentable-06-Octubre-2016.pdf\">Minuta Comisi\u00f3n Infraestructura, Servicios y Desarrollo Sustentable 06 Octubre 2016<\/a><\/p>\n<p>[\/expand]<\/p>\n<p><strong>[expand title=\u00bbInfraestructura, Servicios y Desarrollo Sustentable 22 Noviembre 2016&#8243;]<\/strong><\/p>\n<p><a href=\"https:\/\/tonala.gob.mx\/portal\/wp-content\/uploads\/2017\/06\/Minuta-Infraestructura-Servicios-y-Desarrollo-Sustentable-22-Noviembre-2016.pdf\">Minuta Comisi\u00f3n Infraestructura, Servios y Desarrollo Sustentable 22 Noviembre 2016<\/a><\/p>\n<p>[\/expand]<\/p>\n<p><strong>[expand title=\u00bbInfraestructura, Servicios y Desarrollo Sustentable Diciembre 2016&#8243;]<\/strong><\/p>\n<p>[\/expand]<\/p>\n<p><strong>2017<\/strong><\/p>\n<p><strong>[expand title=\u00bbComisi\u00f3n Infraestructura, Servicios y Desarrollo Urbano Sustentable 27 Enero 2017&#8243;]<\/strong><\/p>\n<p><a href=\"https:\/\/tonala.gob.mx\/portal\/wp-content\/uploads\/2017\/06\/Minuta-Infraestructura-Servicios-y-Desarrollo-Sustentable-27-Enero-2017.pdf\">Minuta Comisi\u00f3n Infraestructura, Servicios y Desarrollo Urbano Sustentable 27 Enero 2017<\/a><\/p>\n<p>[\/expand]<\/p>\n<p><strong>[expand title=\u00bbSesi\u00f3n Conjunta de las Comisiones Edilicias, Infraestructura, Servicios y Desarrollo Urbano Sustentable, Desarrollo Urbano y Habitaci\u00f3n Popular y Agua Potable y Alcantarillado 27 Enero 2017&#8243;]\u00a0<\/strong><\/p>\n<p><a href=\"https:\/\/tonala.gob.mx\/portal\/wp-content\/uploads\/2017\/06\/Sesi\u00f3n-Conjunta-Comisiones-Infraestructura-Servicios-y-Desarrollo-Sustentable-Desarrollo-Urbano-y-Habitaci\u00f3n-Popular-y-Agua-Potable-y-Alcantarillado-27-Enero-2017.pdf\">Minuta Sesi\u00f3n Conjunta de las Comisiones Edilicias, Infraestructura, Servicios y Desarrollo Urbano Sustentable, Desarrollo Urbano y Habitaci\u00f3n Popular y Agua Potable y Alcantarillado 27 Enero 2017<\/a><\/p>\n<p><a href=\"https:\/\/tonala.gob.mx\/portal\/wp-content\/uploads\/2017\/03\/MINUTA-CONJUNTA-INFRA-SERVICIOS-Y-DESARROLLO-SUSTENTABLE.docx\">Minuta Sesi\u00f3n Conjunta de las Comisiones Edilicias, Infraestructura, Servicios y Desarrollo Urbano Sustentable, Desarrollo Urbano y Habitaci\u00f3n Popular y Agua Potable y Alcantarillado 27 Enero 2017 (Versi\u00f3n Estenografica)\u00a0<\/a>\u00a0(En proceso de Firmas)<\/p>\n<p>[\/expand]<\/p>\n<p><strong>[expand title=\u00bbComisi\u00f3n Infraestructura, Servicios y Desarrollo Sustentable 21 Febrero 2017&#8243;]<\/strong><\/p>\n<p><a href=\"https:\/\/tonala.gob.mx\/portal\/wp-content\/uploads\/2017\/06\/Minuta-Comisi\u00f3n-Infaestructura-Servicios-y-Desarrollo-Sustentable-21-Febrero-2017.pdf\">Minuta Comisi\u00f3n Infraestructura, Servicios y Desarrollo Sustentable 21 Febrero 2017<\/a><\/p>\n<p>[\/expand]<\/p>\n<p><strong>[expand title=\u00bbSesi\u00f3n Conjunta de las Comisiones Edilicias, Infraestructura, Servicios y Desarrollo Urbano Sustentable, Desarrollo Urbano y Habitaci\u00f3n Popular y Agua Potable y Alcantarillado 07 Marzo 2017&#8243;]\u00a0<\/strong><\/p>\n<p><a href=\"https:\/\/tonala.gob.mx\/portal\/wp-content\/uploads\/2017\/06\/Sesi\u00f3n-Conjunta-Comisiones-Infraestructura-Servicios-y-Desarrollo-Sustentable-Desarrollo-Urbano-y-Habitaci\u00f3n-Popular-y-Agua-Potable-y-Alcantarillado-07-Marzo-2017.pdf\">Minuta Sesi\u00f3n Conjunta de las Comisiones Edilicias, Infraestructura, Servicios y Desarrollo Urbano Sustentable, Desarrollo Urbano y Habitaci\u00f3n Popular y Agua Potable y Alcantarillado &#8211; 07 Marzo 2017<\/a><\/p>\n<p>[\/expand]<\/p>\n<p><strong>[expand title=\u00bbComisi\u00f3n Infraestructura, Servicios y Desarrollo Sustentable 29 Marzo 2017&#8243;]<\/strong><\/p>\n<p><a href=\"https:\/\/tonala.gob.mx\/portal\/wp-content\/uploads\/2017\/06\/Minuta-Comisi\u00f3n-Infraestructura-Servicios-y-Desarrollo-Sustentable-29-Marzo-2017.pdf\">Minuta Comisi\u00f3n Infraestructura, Servicios y Desarrollo Sustentable 29 Marzo 2017<\/a><\/p>\n<p>[\/expand]<\/p>\n<p><strong>[expand title=\u00bbComisi\u00f3n Infraestructura, Servicios y Desarrollo Sustentable 05 Abril 2017&#8243;]<\/strong><\/p>\n<p><a href=\"https:\/\/tonala.gob.mx\/portal\/wp-content\/uploads\/2017\/08\/Minuta-Comisi\u00f3n-Infraestructura-Servicios-y-Desarrollo-Sustentable-05-Abril-2017.pdf\">Minuta Comisi\u00f3n Infraestructura, Servicios y Desarrollo Sustentable 05 Abril 2017<\/a><\/p>\n<p>[\/expand]<\/p>\n<p><strong>[expand title=\u00bbComisi\u00f3n Infraestructura, Servicios y Desarrollo Sustentable 12 Mayo 2017&#8243;]<\/strong><\/p>\n<p><a href=\"https:\/\/tonala.gob.mx\/portal\/wp-content\/uploads\/2017\/10\/Minuta-Comisi\u00f3n-Infraestructura-Servicios-y-Desarrrollo-Sustentable-12-Mayo-2017.pdf\">Minuta Comisi\u00f3n Infraestructura, Servicios y Desarrollo Sustentable 12 Mayo 2017<\/a><\/p>\n<p>[\/expand]<\/p>\n<p><strong>[expand title=\u00bbComisi\u00f3n Infraestructura, Servicios y Desarrollo Sustentable 05 Junio 2017&#8243;]<\/strong><\/p>\n<p><a href=\"https:\/\/tonala.gob.mx\/portal\/wp-content\/uploads\/2017\/10\/Minuta-Comisi\u00f3n-Infraestructura-Servicios-y-Desarrollo-Sustentable-05-Junio-2017.pdf\">Minuta Comisi\u00f3n Infraestructura, Servicios y Desarrollo Sustentable 05 Junio 2017<\/a><\/p>\n<p>[\/expand]<\/p>\n<p><strong>[expand title=\u00bbComisi\u00f3n Infraestructura, Servicios y Desarrollo Sustentable 31 Julio 2017&#8243;]<\/strong><\/p>\n<p><a href=\"https:\/\/tonala.gob.mx\/portal\/wp-content\/uploads\/2017\/10\/Minuta-Comisi\u00f3n-Infraestructura-Servicios-y-Desarrollo-Sustentable-31-Julio-2017.pdf\">Minuta Comisi\u00f3n Infraestructura, Servicios y Desarrollo Sustentable 31 Julio 2017<\/a><\/p>\n<p>[\/expand]<\/p>\n<p><strong>[expand title=\u00bbComisi\u00f3n Infraestructura, Servicios y Desarrollo Sustentable 31 Agosto 2017&#8243;]<\/strong><\/p>\n<p><a href=\"https:\/\/tonala.gob.mx\/portal\/wp-content\/uploads\/2017\/10\/Minuta-Comisi\u00f3n-Infraestructura-Servicios-y-Desarrollo-Sustentable-31-Agosto-2017.pdf\">Minuta Comisi\u00f3n Infraestructura, Servicios y Desarrollo Sustentable 31 Agosto 2017<\/a><\/p>\n<p>[\/expand]<\/p>\n<p><strong>[expand title=\u00bbComisi\u00f3n Infraestructura, Servicios y Desarrollo Sustentable 28 Septiembre 2017&#8243;]<\/strong><\/p>\n<p><a href=\"https:\/\/tonala.gob.mx\/portal\/wp-content\/uploads\/2018\/01\/Minuta-Comisi\u00f3n-Infraestructura-Servicios-y-Desarrollo-Sustentable-28-Septiembre-2017.pdf\">Minuta Comisi\u00f3n Infraestructura, Servicios y Desarrollo Sustentable 28 Septiembre 2017<\/a><\/p>\n<p>[\/expand]<\/p>\n<p><strong>[expand title=\u00bbComisi\u00f3n Infraestructura, Servicios y Desarrollo Sustentable 31\u00a0 Octubre 2017&#8243;]<\/strong><\/p>\n<p><a href=\"https:\/\/tonala.gob.mx\/portal\/wp-content\/uploads\/2018\/01\/Minuta-Comisi\u00f3n-Infraestructura-Servicios-y-Desarrollo-Sustentable-31-Octubre-2017.pdf\">Minuta Comisi\u00f3n Infraestructura, Servicios y Desarrollo Sustentable 31 Octubre 2017 ( Versi\u00f3n Estenogr\u00e1fica)<\/a><\/p>\n<p>[\/expand]<\/p>\n<p><strong>[expand title=\u00bbComisi\u00f3n Infraestructura, Servicios y Desarrollo Sustentable 30 Noviembre 2017&#8243;]<\/strong><\/p>\n<p><a href=\"https:\/\/tonala.gob.mx\/portal\/wp-content\/uploads\/2018\/01\/Minuta-Comisi\u00f3n-Infraestructura-Servicios-y-Desarrollo-Sustentable-30-Noviembre-2017.pdf\">Minuta Comisi\u00f3n Infraestructura, Servicios y Desarrollo Sustentable 30 Noviembre 2017<\/a><\/p>\n<p>[\/expand]<\/p>\n<p><strong>[expand title=\u00bbComisi\u00f3n Infraestructura, Servicios y Desarrollo Sustentable 07 Diciembre 2017&#8243;]<\/strong><\/p>\n<p><a href=\"https:\/\/tonala.gob.mx\/portal\/wp-content\/uploads\/2018\/01\/Minuta-Comisi\u00f3n-Infraestructura-Servicios-y-Desarrollo-Sustentable-07-Diciembre-2017.pdf\">Minuta Comisi\u00f3n Infraestructura, Servicios y Desarrollo Sustentable 07 Diciembre 2017<\/a><\/p>\n<p>[\/expand]<\/p>\n<p><strong>2018<\/strong><\/p>\n<p><strong>[expand title=\u00bbComisi\u00f3n Infraestructura, Servicios y Desarrollo Sustentable 15 Enero 2018&#8243;]<\/strong><\/p>\n<p><a href=\"https:\/\/tonala.gob.mx\/portal\/wp-content\/uploads\/2018\/01\/Minuta-Comisi\u00f3n-Infraestrcutura-Servicios-y-Desarrollo-Sustentable-15-Enero-2018.pdf\">Minuta Comisi\u00f3n Infraestructura, Servicios y Desarrollo Sustentable 15 Enero 2018<\/a><\/p>\n<p>[\/expand]<\/p>\n<p><strong>[expand title=\u00bbComisi\u00f3n Infraestructura, Servicios y Desarrollo Sustentable Febrero 2018&#8243;]<\/strong><\/p>\n<p>[\/expand]<\/p>\n<p><strong>[expand title=\u00bbComisi\u00f3n Infraestructura, Servicios y Desarrollo Sustentable Marzo 2018&#8243;]<\/strong><\/p>\n<p>[\/expand]<\/p>\n<p><strong>[expand title=\u00bbComisi\u00f3n Infraestructura, Servicios y Desarrollo Sustentable Abril 2018&#8243;]<\/strong><\/p>\n<p>[\/expand]<\/p>\n<p><strong>[expand title=\u00bbComisi\u00f3n Infraestructura, Servicios y Desarrollo Sustentable Mayo 2018&#8243;]<\/strong><\/p>\n<p>[\/expand]<\/p>\n<p><strong>[expand title=\u00bbComisi\u00f3n Infraestructura, Servicios y Desarrollo Sustentable Junio 2018&#8243;]<\/strong><\/p>\n<p>[\/expand]<\/p>\n<p><strong>[expand title=\u00bbComisi\u00f3n Infraestructura, Servicios y Desarrollo Sustentable Julio 2018&#8243;]<\/strong><\/p>\n<p>[\/expand]<\/p>\n<p><strong>[expand title=\u00bbComisi\u00f3n Infraestructura, Servicios y Desarrollo Sustentable Agosto 2018&#8243;]<\/strong><\/p>\n<p>[\/expand]<\/p>\n<p><strong>[expand title=\u00bbComisi\u00f3n Infraestructura, Servicios y Desarrollo Sustentable Septiembre 2018&#8243;]<\/strong><\/p>\n<p>[\/expand]<\/p>\n<p><strong>[expand title=\u00bbComisi\u00f3n Infraestructura, Servicios y Desarrollo Sustentable Octubre 2018&#8243;]<\/strong><\/p>\n<p>[\/expand]<\/p>\n<p><strong>[expand title=\u00bbComisi\u00f3n Infraestructura, Servicios y Desarrollo Sustentable Noviembre 2018&#8243;]<\/strong><\/p>\n<p>[\/expand]<\/p>\n<p><strong>[expand title=\u00bbComisi\u00f3n Infraestructura, Servicios y Desarrollo Sustentable Diciembre 2018&#8243;]<\/strong><\/p>\n<p>[\/expand]<\/p>\n","protected":false},"excerpt":{"rendered":"<p>Plan de Trabajo\u00a02015 Plan de Trabajo Infraestructura Servicios y Desarrollo Sustentable\u00a02016-2018 A\u00f1o 2015 [expand title=\u00bbInfraestructura, Servicios y Desarrollo Sustentable 13<\/p>\n","protected":false},"author":1,"featured_media":0,"parent":0,"menu_order":0,"comment_status":"closed","ping_status":"closed","template":"","meta":{"colormag_page_container_layout":"default_layout","colormag_page_sidebar_layout":"default_layout","footnotes":""},"class_list":["post-4325","page","type-page","status-publish","hentry"],"_links":{"self":[{"href":"https:\/\/tonala.gob.mx\/portal\/wp-json\/wp\/v2\/pages\/4325","targetHints":{"allow":["GET"]}}],"collection":[{"href":"https:\/\/tonala.gob.mx\/portal\/wp-json\/wp\/v2\/pages"}],"about":[{"href":"https:\/\/tonala.gob.mx\/portal\/wp-json\/wp\/v2\/types\/page"}],"author":[{"embeddable":true,"href":"https:\/\/tonala.gob.mx\/portal\/wp-json\/wp\/v2\/users\/1"}],"replies":[{"embeddable":true,"href":"https:\/\/tonala.gob.mx\/portal\/wp-json\/wp\/v2\/comments?post=4325"}],"version-history":[{"count":32,"href":"https:\/\/tonala.gob.mx\/portal\/wp-json\/wp\/v2\/pages\/4325\/revisions"}],"predecessor-version":[{"id":15047,"href":"https:\/\/tonala.gob.mx\/portal\/wp-json\/wp\/v2\/pages\/4325\/revisions\/15047"}],"wp:attachment":[{"href":"https:\/\/tonala.gob.mx\/portal\/wp-json\/wp\/v2\/media?parent=4325"}],"curies":[{"name":"wp","href":"https:\/\/api.w.org\/{rel}","templated":true}]}}