{"id":4317,"date":"2016-07-13T18:40:41","date_gmt":"2016-07-13T18:40:41","guid":{"rendered":"http:\/\/tonala.gob.mx\/portal\/?page_id=4317"},"modified":"2018-03-21T14:17:46","modified_gmt":"2018-03-21T20:17:46","slug":"desarrollo-social-2","status":"publish","type":"page","link":"https:\/\/tonala.gob.mx\/portal\/desarrollo-social-2\/","title":{"rendered":"Desarrollo Social"},"content":{"rendered":"<p><strong><a href=\"https:\/\/tonala.gob.mx\/portal\/wp-content\/uploads\/2016\/05\/PROGRAMA-DE-TRABAJO-MELINA-GALLEGOS-VELASQUEZ.pdf\">Plan de Trabajo<\/a>\u00a02015<\/strong><\/p>\n<p><strong><a href=\"https:\/\/tonala.gob.mx\/portal\/wp-content\/uploads\/2016\/10\/Comisi\u00f3n-Desarrollo-Social.pdf\">Plan de trabajo Desarrollo Social<\/a>\u00a02016-2018<\/strong><\/p>\n<p><strong>A\u00f1o 2015<\/strong><\/p>\n<p><strong>[expand title=\u00bbDesarrollo Social 09 Octubre 2015&#8243;]<\/strong><\/p>\n<p><a href=\"https:\/\/tonala.gob.mx\/portal\/wp-content\/uploads\/2016\/10\/Desarrollo_Social_09_Octubre_2015.pdf\">Desarrollo Social 09 Octubre 2015<\/a><\/p>\n<p><a href=\"https:\/\/tonala.gob.mx\/portal\/wp-content\/uploads\/2016\/10\/O.D._Desarrollo_Social_09_Octubre_2015.pdf\">O.D. Desarrollo Social 09 Octubre 2015<\/a><\/p>\n<p><a href=\"https:\/\/tonala.gob.mx\/portal\/wp-content\/uploads\/2016\/10\/Asistencia_Desarrollo_Social_09_Octubre_2015.pdf\">Asistencia Desarrollo Social 09 Octubre 2015<\/a><\/p>\n<p>[\/expand]<\/p>\n<p><strong>[expand title=\u00bbDesarrollo Social 30 Noviembre 2015&#8243;]<\/strong><\/p>\n<p><a href=\"https:\/\/tonala.gob.mx\/portal\/wp-content\/uploads\/2016\/10\/Desarrollo_Social_30_Noviembre_2016.pdf\">Desarrollo Social 30 Noviembre 2015<\/a><\/p>\n<p><a href=\"https:\/\/tonala.gob.mx\/portal\/wp-content\/uploads\/2016\/10\/O.D._Desarrollo_Social_30_Noviembre_2016.pdf\">O.D. Desarrollo Social 30 Noviembre 2015<\/a><\/p>\n<p><a href=\"https:\/\/tonala.gob.mx\/portal\/wp-content\/uploads\/2016\/10\/Asistencia_Desarrollo_Social_30_Noviembre_2016.pdf\">Asistencia Desarrollo Social 30 Diciembre 2015<\/a><\/p>\n<p>[\/expand]<\/p>\n<p><strong>[expand title=\u00bbDesarrollo Social 18 Diciembre 2015&#8243;]<\/strong><\/p>\n<p><a href=\"https:\/\/tonala.gob.mx\/portal\/wp-content\/uploads\/2016\/10\/Desarrollo-Social-18-Diciembre-2015.pdf\">Desarrollo Social 18 Diciembre 2015<\/a><\/p>\n<p><a href=\"https:\/\/tonala.gob.mx\/portal\/wp-content\/uploads\/2016\/10\/O.D._Desarrollo-Social-18-Diciembre-2015.pdf\">O.D. Desarrollo Social 18 Diciembre 2015<\/a><\/p>\n<p><a href=\"https:\/\/tonala.gob.mx\/portal\/wp-content\/uploads\/2016\/10\/Asistencia_Desarrollo-Social-18-Diciembre-2015.pdf\">Asistencia Desarrollo Social 18 Diciembre 2015<\/a><\/p>\n<p>[\/expand]<\/p>\n<p><strong>A\u00f1o 2016<\/strong><\/p>\n<p><strong>[expand title=\u00bbDesarrollo Social 29 Enero 2016&#8243;]<\/strong><\/p>\n<p><a href=\"https:\/\/tonala.gob.mx\/portal\/wp-content\/uploads\/2016\/10\/Desarrollo_Social_29_Enero_2016.pdf\">Desarrollo Social 29 Enero 2016<\/a><\/p>\n<p><a href=\"https:\/\/tonala.gob.mx\/portal\/wp-content\/uploads\/2016\/10\/O.D._Desarrollo_Social_29_Enero_2016.pdf\">O.D. Desarrollo Social 29 Enero 2016<\/a><\/p>\n<p><a href=\"https:\/\/tonala.gob.mx\/portal\/wp-content\/uploads\/2016\/10\/Asistencia_Desarrollo_Social_29_Enero_2016.pdf\">Asistencia Desarrollo Social 29 Enero 2016<\/a><\/p>\n<p>[\/expand]<\/p>\n<p><strong>[expand title=\u00bbDesarrollo Social 19 Febrero 2016&#8243;]<\/strong><\/p>\n<p><a href=\"https:\/\/tonala.gob.mx\/portal\/wp-content\/uploads\/2016\/10\/Desarrollo_Social_19_Febrero_2016.pdf\">Desarrollo Social 19 Febrero 2016<\/a><\/p>\n<p><a href=\"https:\/\/tonala.gob.mx\/portal\/wp-content\/uploads\/2016\/10\/O.D._Desarrollo_Social_19_Febrero_2016.pdf\">O.D. Desarrollo Social 19 Febrero 2016<\/a><\/p>\n<p><a href=\"https:\/\/tonala.gob.mx\/portal\/wp-content\/uploads\/2016\/10\/Asistencia_Desarrollo_Social_19_Febrero_2016.pdf\">Asistencia Desarrollo Social 19 Febrero 2016<\/a><\/p>\n<p>[\/expand]<\/p>\n<p><strong>[expand title=\u00bbDesarrollo Social 15 Marzo 2016&#8243;]<\/strong><\/p>\n<p><a href=\"https:\/\/tonala.gob.mx\/portal\/wp-content\/uploads\/2016\/10\/Desarrollo_Social_15_Marzo_2016.pdf\">Desarrollo Social 15 Marzo 2016<\/a><\/p>\n<p><a href=\"https:\/\/tonala.gob.mx\/portal\/wp-content\/uploads\/2016\/10\/O.D._Desarrollo_Social_15_Marzo_2016.pdf\">O.D. Desarrollo Social 15 Marzo 2016<\/a><\/p>\n<p><a href=\"https:\/\/tonala.gob.mx\/portal\/wp-content\/uploads\/2016\/10\/Asistencia_Desarrollo_Social_15_Marzo_2016.pdf\">Asistencia Desarrollo Social 15 Marzo 2016<\/a><\/p>\n<p>[\/expand]<\/p>\n<p><strong>[expand title=\u00bbDesarrollo Social 28 Abril 2016&#8243;]<\/strong><\/p>\n<p><a href=\"https:\/\/tonala.gob.mx\/portal\/wp-content\/uploads\/2016\/10\/Desarrollo_Social_28_Abril_2016.pdf\">Desarrollo social 28 Abril 2016<\/a><\/p>\n<p><a href=\"https:\/\/tonala.gob.mx\/portal\/wp-content\/uploads\/2016\/10\/O.D._Desarrollo_Social_28_Abril_2016.pdf\">O.D. Desarrollo social 28 Abril 2016<\/a><\/p>\n<p><a href=\"https:\/\/tonala.gob.mx\/portal\/wp-content\/uploads\/2016\/10\/Asistencia_Desarrollo_Social_28_Abril_2016.pdf\">Asistencia Desarrollo social 28 Abril 2016<\/a><\/p>\n<p>[\/expand]<\/p>\n<p><strong>[expand title=\u00bbSesi\u00f3n Conjunta de las Comisiones Asistencia Social y Desarrollo Social 22 Mayo 2016&#8243;]<\/strong><\/p>\n<p><a href=\"https:\/\/tonala.gob.mx\/portal\/wp-content\/uploads\/2017\/04\/SESION-CONJUNTA-DE-DESARROLLO-SOCIAL-Y-ASISTENCIA-SOCIAL-22-MAYO-2016.pdf\">Sesi\u00f3n Conjunta de las Comisiones Asistencia Social y Desarrollo 22 Mayo 2016<\/a><\/p>\n<p>[\/expand]<\/p>\n<p><strong>[expand title=\u00bbDesarrollo Social 24 Junio 2016&#8243;]<\/strong><\/p>\n<p><a href=\"https:\/\/tonala.gob.mx\/portal\/wp-content\/uploads\/2016\/10\/Desarrollo_Social_24_Junio_2016.pdf\">Desarrollo Social 24 Junio 2016<\/a><\/p>\n<p><a href=\"https:\/\/tonala.gob.mx\/portal\/wp-content\/uploads\/2016\/10\/O.D._Desarrollo_Social_24_Junio_2016.pdf\">O.D. Desarrollo Social 24 Junio 2016<\/a><\/p>\n<p><a href=\"https:\/\/tonala.gob.mx\/portal\/wp-content\/uploads\/2016\/10\/Asistencia_Desarrollo_Social_24_Junio_2016.pdf\">Asistencia Desarrollo Social 24 Junio 2016<\/a><\/p>\n<p>[\/expand]<\/p>\n<p><strong>[expand title=\u00bbSesi\u00f3n Conjunta Desarrollo Social y Desarrollo Social 27 Julio 2016&#8243;]<\/strong><\/p>\n<p><a href=\"https:\/\/tonala.gob.mx\/portal\/wp-content\/uploads\/2017\/02\/Sesi\u00f3n-Conjunta-Desarrollo-Social-y-Asistencia-Social-27-Julio-2016.pdf\">Sesi\u00f3n Conjunta Desarrollo Social y Asistencia Social 27 Julio 2016<\/a><\/p>\n<p><a href=\"https:\/\/tonala.gob.mx\/portal\/wp-content\/uploads\/2017\/02\/O.D.-Sesi\u00f3n-Conjunta-Desarrollo-Social-y-Asistencia-Social-27-Julio-2016.pdf\">O.D. Sesi\u00f3n Conjunta Desarrollo Social y Asistencia Social 27 Julio 2016<\/a><\/p>\n<p><a href=\"https:\/\/tonala.gob.mx\/portal\/wp-content\/uploads\/2017\/02\/Asistencia-Sesi\u00f3n-Conjunta-Desarrollo-Social-y-Asistencia-Social-27-Julio-2016.pdf\">Asistencia Sesi\u00f3n Conjunta Desarrollo Social y Asistencia Social 27 Julio 2016<\/a><\/p>\n<p>[\/expand]<\/p>\n<p><strong>[expand title=\u00bbSesi\u00f3n Conjunta de las Comisiones Desarrollo Social y Asistencia Social 31 Agosto 2016&#8243;]<\/strong><\/p>\n<p><a href=\"https:\/\/tonala.gob.mx\/portal\/wp-content\/uploads\/2017\/04\/SESION-CONJUNTA-DE-DESARROLLO-SOCIAL-Y-ASISTENCIA-SOCIAL-31-AGOSTO-2016.pdf\">Minuta Sesi\u00f3n Conjunta de las Comisiones Desarrollo Social y Asistencia Social 31 Agosto 2016<\/a><\/p>\n<p><a href=\"https:\/\/tonala.gob.mx\/portal\/wp-content\/uploads\/2016\/09\/O.D._Sesion_Conjunta_Asistencia_Social_y_Desarrollo_Social_31_Agosto_2016.pdf\">O.D. Sesi\u00f3n Conjunta Desarrollo Social y Asistencia Social 31 Agosto 2016<\/a><\/p>\n<p><a href=\"https:\/\/tonala.gob.mx\/portal\/wp-content\/uploads\/2016\/10\/MINUTA-DE-10-SESION-CONJUNTA-DE-ASISTENCIA-SOCIAL-Y-DESARROLLO-SOCIAL-310816-1.docx\">Sesi\u00f3n Conjunta Desarrollo Social y Asistencia Social 31 Agosto 2016<\/a>\u00a0(Estenografica)<\/p>\n<p>[\/expand]<\/p>\n<p><strong>[expand title=\u00bbSesi\u00f3n Conjunta Desarrollo Social y Desarrollo Social 27 Septiembre 2016&#8243;]<\/strong><\/p>\n<p><a href=\"https:\/\/tonala.gob.mx\/portal\/wp-content\/uploads\/2016\/10\/MINUTA-DE-11-SESION-CONJUNTA-DE-ASISTENCIA-SOCIAL-Y-DESARROLLO-SOCIAL-270916-1.docx\">Sesi\u00f3n Conjunta Desarrollo Social y Asistencia Social 27 Septiembre 2016<\/a>\u00a0 (Versi\u00f3n Estenografica)<\/p>\n<p><a href=\"https:\/\/tonala.gob.mx\/portal\/wp-content\/uploads\/2017\/02\/Sesi\u00f3n-Conjunta-Asistencia-Social-y-Desarrollo-Social-27-Septiembre-2016.pdf\">Sesi\u00f3n Conjunta Desarrollo Social y Asistencia Social 27 Septiembre 2016<\/a><\/p>\n<p><a href=\"https:\/\/tonala.gob.mx\/portal\/wp-content\/uploads\/2017\/02\/O.D.-Asistencia-Social-y-Desarrollo-Social-27-Septiembre-2016.pdf\">O.D. Sesi\u00f3n Conjunta Desarrollo Social y Asistencia Social 27 Septiembre 2016<\/a><\/p>\n<p><a href=\"https:\/\/tonala.gob.mx\/portal\/wp-content\/uploads\/2017\/02\/Asistencia-Asistencia-Social-y-Desarrollo-Social-27-Septiembre-2016.pdf\">Asistencia Sesi\u00f3n Conjunta Desarrollo Social y Asistencia Social 27 Septiembre 2016<\/a><\/p>\n<p>[\/expand]<\/p>\n<p><strong>[expand title=\u00bbSesi\u00f3n Conjunta Desarrollo Social Sesi\u00f3n y Asistencia Social 27 Octubre 2016&#8243;]<\/strong><\/p>\n<p><a href=\"https:\/\/tonala.gob.mx\/portal\/wp-content\/uploads\/2017\/02\/Sesi\u00f3n-Conjunta-Desarrollo-Social-y-Asistencia-Social-27-Octubre-2016.pdf\">Sesi\u00f3n Conjunta Desarrollo Social Sesi\u00f3n y Asistencia Social 27 Octubre 2016<\/a><\/p>\n<p><a href=\"https:\/\/tonala.gob.mx\/portal\/wp-content\/uploads\/2017\/02\/O.D.-Desarrollo-Social-y-Asistencia-Social-27-Octubre-2016.pdf\">O.D. Sesi\u00f3n Conjunta Desarrollo Social Sesi\u00f3n y Asistencia Social 27 Octubre 2016<\/a><\/p>\n<p><a href=\"https:\/\/tonala.gob.mx\/portal\/wp-content\/uploads\/2017\/02\/Asistencia-Desarrollo-Social-y-Asistencia-Social-27-Octubre-2016.pdf\">Asistencia Sesi\u00f3n Conjunta Desarrollo Social Sesi\u00f3n y Asistencia Social 27 Octubre 2016<\/a><\/p>\n<p>[\/expand]<\/p>\n<p><strong>[expand title=\u00bbSesi\u00f3n Conjunta de las Comisiones Desarrollo Social y Asistencia Social 23 Noviembre 2016&#8243;]<\/strong><\/p>\n<p><a href=\"https:\/\/tonala.gob.mx\/portal\/wp-content\/uploads\/2017\/04\/SESION-CONJUNTA-DE-DESARROLLO-SOCIAL-Y-ASISTENCIA-SOCIAL-23-NOVIEMBRE-2016.pdf\">Minuta\u00a0Sesi\u00f3n Conjunta de las Comisiones Desarrollo Social y Asistencia Social 23 Noviembre 2016<\/a><\/p>\n<p>[\/expand]<\/p>\n<p><strong>[expand title=\u00bbSesi\u00f3n Conjunta de las Comisiones Desarrollo Social y Asistencia Social Sesi\u00f3n 16 Diciembre 2016&#8243;]<\/strong><\/p>\n<p><a href=\"https:\/\/tonala.gob.mx\/portal\/wp-content\/uploads\/2017\/04\/COMISION-EDILICIA-ASISTENCIA-SOCIAL-Y-DESARROLLO-SOCIAL-16-DICIEMBRE-2016.pdf\">Minuta Sesi\u00f3n Conjunta de las Comisiones Desarrollo Social y Asistencia Social 16 Diciembre 2016<\/a><\/p>\n<p><a href=\"https:\/\/tonala.gob.mx\/portal\/wp-content\/uploads\/2017\/01\/O.D.-Desarrollo-Social-y-Asistencia-Social-16-Diciembre-2016.pdf\">O.D. Desarrollo Social 16 Diciembre 2016<\/a><\/p>\n<p>[\/expand]<\/p>\n<p><strong>2017<\/strong><\/p>\n<p><strong>[expand title=\u00bbSesi\u00f3n Conjunta de las Comisiones Desarrollo Social y Asistencia Social 24 Enero 2017&#8243;]<\/strong><\/p>\n<p><a href=\"https:\/\/tonala.gob.mx\/portal\/wp-content\/uploads\/2017\/04\/COMISION-EDILICIA-DE-ASISTENCIA-SOCIAL-Y-DESARROLLO-SOCIAL-24-ENERO-2017.pdf\">Sesi\u00f3n Conjunta de las Comisiones Desarrollo Social y Asistencia Social 24 Enero 2017<\/a><\/p>\n<p>[\/expand]<\/p>\n<p><strong>[expand title=\u00bbSesi\u00f3n Conjunta de las Comisiones Desarrollo Social y Asistencia Social 22 Febrero 2017&#8243;]<\/strong><\/p>\n<p><a href=\"https:\/\/tonala.gob.mx\/portal\/wp-content\/uploads\/2017\/04\/SESION-CONJUNTA-DE-DESARROLLO-SOCIAL-Y-ASISTENCIA-SOCIAL-22-FEBRERO-2017.pdf\">Sesi\u00f3n Conjunta de las Comisiones Desarrollo Social y Asistencia Social 22 Febrero 2017<\/a><\/p>\n<p>[\/expand]<\/p>\n<p><strong>[expand title=\u00bbSesi\u00f3n Conjunta de las Comisiones Desarrollo Social y Asistencia Social 23 Marzo 2017&#8243;]<\/strong><\/p>\n<p><a href=\"https:\/\/tonala.gob.mx\/portal\/wp-content\/uploads\/2017\/06\/Minuta-Sesi\u00f3n-Conjunta-Asistencia-Social-y-Desarrollo-Social-23-Marzo-2017.pdf\">Sesi\u00f3n Conjunta de las Comisiones Desarrollo Social y Asistencia Social 23 Marzo 2017<\/a><\/p>\n<p>[\/expand]<\/p>\n<p><strong>[expand title=\u00bbComisi\u00f3n Desarrollo Social 28 Abril 2017&#8243;]<\/strong><\/p>\n<p><a href=\"https:\/\/tonala.gob.mx\/portal\/wp-content\/uploads\/2017\/06\/Comisiones-Asistencia-Social-Desarrollo-Social-y-Estacionamientos-28-Abril-2017.pdf\">Comisi\u00f3n Desarrollo Social 28 Abril 2017<\/a><\/p>\n<p>[\/expand]<\/p>\n<p><strong>[expand title=\u00bbComisi\u00f3n Desarrollo Social 26 Mayo 2017&#8243;]<\/strong><\/p>\n<p><a href=\"https:\/\/tonala.gob.mx\/portal\/wp-content\/uploads\/2017\/06\/Comisiones-Asistencia-Social-Desarrollo-Social-y-Estacionamientos-26-Mayo-2017.pdf\">Comisi\u00f3n Desarrollo Social 26 Mayo 2017<\/a><\/p>\n<p>[\/expand]<\/p>\n<p><strong>[expand title=\u00bbSesi\u00f3n Conjunta Comisiones Desarrollo Social y Asistencia Social 30 Junio 2017&#8243;]<\/strong><\/p>\n<p><a href=\"https:\/\/tonala.gob.mx\/portal\/wp-content\/uploads\/2018\/03\/Minuta-Comisiones-Desarrollo-Social-y-Asistencia-Social-30-Junio-2017.pdf\">Minuta Comisi\u00f3n Desarrollo Social y Asistencia Social 30 Junio 2017<\/a><\/p>\n<p><a href=\"https:\/\/tonala.gob.mx\/portal\/wp-content\/uploads\/2017\/09\/Minuta-Sesi\u00f3n-Conjunta-Comisiones-Desarrollo-Social-y-Asistencia-Social-30-Junio-2017.docx\">Minuta Comisi\u00f3n Desarrollo Social y Asistencia Social 30 Junio 2017 (Versi\u00f3n Estenogr\u00e1fica)<\/a><\/p>\n<p>[\/expand]<\/p>\n<p><strong>[expand title=\u00bbComisi\u00f3n Desarrollo Social 24 Julio 2017&#8243;]<\/strong><\/p>\n<p><a href=\"https:\/\/tonala.gob.mx\/portal\/wp-content\/uploads\/2018\/03\/Minuta-Comisi\u00f3n-Desarrollo-Social-24-Julio-2017.pdf\">Minuta Comisi\u00f3n Desarrollo Social 24 Julio 2017<\/a><\/p>\n<p><a href=\"https:\/\/tonala.gob.mx\/portal\/wp-content\/uploads\/2017\/09\/Minuta-Comisi\u00f3n-Desarrollo-Social-24-Julio-2017.docx\">Minuta Comisi\u00f3n Desarrollo Social 24 Julio 2017<\/a>\u00a0(Versi\u00f3n Estenogr\u00e1fica)<\/p>\n<p>[\/expand]<\/p>\n<p><strong>[expand title=\u00bbSesi\u00f3n Conjunta Comisiones Desarrollo Social y Asistencia Social 29 Agosto 2017&#8243;]<\/strong><\/p>\n<p><a href=\"https:\/\/tonala.gob.mx\/portal\/wp-content\/uploads\/2018\/03\/Minuta-Comisiones-Desarrollo-Social-y-Asistencia-Social-29-Agosto-2017.pdf\">Minuta Comisiones Desarrollo Social y Asistencia Social 29 Agosto 2017<\/a><\/p>\n<p>[\/expand]<\/p>\n<p><strong>[expand title=\u00bbSesi\u00f3n Conjunta Comisiones Desarrollo Social y Asistencia Social 27 Septiembre 2017&#8243;]<\/strong><\/p>\n<p><a href=\"https:\/\/tonala.gob.mx\/portal\/wp-content\/uploads\/2018\/03\/Minuta-Comisiones-Desarrollo-Social-y-Asistencia-Social-27-Septiembre-2017.pdf\">Minuta Comisiones Desarrollo Social y Asistencia Social 27 Septiembre 2017<\/a><\/p>\n<p>[\/expand]<\/p>\n<p><strong>[expand title=\u00bbSesi\u00f3n Conjunta Comisiones Desarrollo Social y Asistencia Social 19 Octubre 2017&#8243;]<\/strong><\/p>\n<p><a href=\"https:\/\/tonala.gob.mx\/portal\/wp-content\/uploads\/2018\/03\/Minuta-Comisiones-Desarrollo-Social-y-Asistencia-Social-19-Octubre-2017.pdf\">Minuta Comisiones Desarrollo Social y Asistencia Social 19 Octubre 2017<\/a><\/p>\n<p>[\/expand]<\/p>\n<p><strong>[expand title=\u00bbSesi\u00f3n Conjunta Comisiones Desarrollo Social y Asistencia Social 27\u00a0 Noviembre 2017&#8243;]<\/strong><\/p>\n<p><a href=\"https:\/\/tonala.gob.mx\/portal\/wp-content\/uploads\/2018\/03\/Minuta-Comisiones-Desarrollo-Social-y-Asistencia-Social-27-Noviembre-2017.pdf\">Minuta Comisiones Desarrollo Social y Asistencia Social 27 Noviembre 2017<\/a><\/p>\n<p>[\/expand]<\/p>\n<p><strong>[expand title=\u00bbComisi\u00f3n Desarrollo Social Diciembre 2017&#8243;]<\/strong><\/p>\n<p>[\/expand]<\/p>\n<p><strong>2018<\/strong><\/p>\n<p><strong>[expand title=\u00bbComisi\u00f3n Desarrollo Social Enero 2018&#8243;]<\/strong><\/p>\n<p>[\/expand]<\/p>\n<p><strong>[expand title=\u00bbComisi\u00f3n Desarrollo Social Febrero 2018&#8243;]<\/strong><\/p>\n<p>[\/expand]<\/p>\n<p><strong>[expand title=\u00bbComisi\u00f3n Desarrollo Social Marzo 2018&#8243;]<\/strong><\/p>\n<p>[\/expand]<\/p>\n<p><strong>[expand title=\u00bbComisi\u00f3n Desarrollo Social Abril 2018&#8243;]<\/strong><\/p>\n<p>[\/expand]<\/p>\n<p><strong>[expand title=\u00bbComisi\u00f3n Desarrollo Social Mayo 2018&#8243;]<\/strong><\/p>\n<p>[\/expand]<\/p>\n<p><strong>[expand title=\u00bbComisi\u00f3n Desarrollo Social Junio 2018&#8243;]<\/strong><\/p>\n<p>[\/expand]<\/p>\n<p><strong>[expand title=\u00bbComisi\u00f3n Desarrollo Social Julio 2018&#8243;]<\/strong><\/p>\n<p>[\/expand]<\/p>\n<p><strong>[expand title=\u00bbComisi\u00f3n Desarrollo Social Agosto 2018&#8243;]<\/strong><\/p>\n<p>[\/expand]<\/p>\n<p><strong>[expand title=\u00bbComisi\u00f3n Desarrollo Social Septiembre 2018&#8243;]<\/strong><\/p>\n<p>[\/expand]<\/p>\n<p><strong>[expand title=\u00bbComisi\u00f3n Desarrollo Social Octubre 2018&#8243;]<\/strong><\/p>\n<p>[\/expand]<\/p>\n<p><strong>[expand title=\u00bbComisi\u00f3n Desarrollo Social Noviembre 2018&#8243;]<\/strong><\/p>\n<p>[\/expand]<\/p>\n<p><strong>[expand title=\u00bbComisi\u00f3n Desarrollo Social Diciembre 2018&#8243;]<\/strong><\/p>\n<p>[\/expand]<\/p>\n","protected":false},"excerpt":{"rendered":"<p>Plan de Trabajo\u00a02015 Plan de trabajo Desarrollo Social\u00a02016-2018 A\u00f1o 2015 [expand title=\u00bbDesarrollo Social 09 Octubre 2015&#8243;] Desarrollo Social 09 Octubre<\/p>\n","protected":false},"author":1,"featured_media":0,"parent":0,"menu_order":0,"comment_status":"closed","ping_status":"closed","template":"","meta":{"colormag_page_container_layout":"default_layout","colormag_page_sidebar_layout":"default_layout","footnotes":""},"class_list":["post-4317","page","type-page","status-publish","hentry"],"_links":{"self":[{"href":"https:\/\/tonala.gob.mx\/portal\/wp-json\/wp\/v2\/pages\/4317","targetHints":{"allow":["GET"]}}],"collection":[{"href":"https:\/\/tonala.gob.mx\/portal\/wp-json\/wp\/v2\/pages"}],"about":[{"href":"https:\/\/tonala.gob.mx\/portal\/wp-json\/wp\/v2\/types\/page"}],"author":[{"embeddable":true,"href":"https:\/\/tonala.gob.mx\/portal\/wp-json\/wp\/v2\/users\/1"}],"replies":[{"embeddable":true,"href":"https:\/\/tonala.gob.mx\/portal\/wp-json\/wp\/v2\/comments?post=4317"}],"version-history":[{"count":40,"href":"https:\/\/tonala.gob.mx\/portal\/wp-json\/wp\/v2\/pages\/4317\/revisions"}],"predecessor-version":[{"id":16423,"href":"https:\/\/tonala.gob.mx\/portal\/wp-json\/wp\/v2\/pages\/4317\/revisions\/16423"}],"wp:attachment":[{"href":"https:\/\/tonala.gob.mx\/portal\/wp-json\/wp\/v2\/media?parent=4317"}],"curies":[{"name":"wp","href":"https:\/\/api.w.org\/{rel}","templated":true}]}}