{"id":4067,"date":"2016-07-01T18:32:48","date_gmt":"2016-07-01T18:32:48","guid":{"rendered":"http:\/\/tonala.gob.mx\/portal\/?page_id=4067"},"modified":"2018-08-28T12:42:30","modified_gmt":"2018-08-28T18:42:30","slug":"comision-de-nomenclaturas-calles-y-calzadas","status":"publish","type":"page","link":"https:\/\/tonala.gob.mx\/portal\/comision-de-nomenclaturas-calles-y-calzadas\/","title":{"rendered":"Comisi\u00f3n de Nomenclaturas, Calles y Calzadas"},"content":{"rendered":"<p><strong><a href=\"https:\/\/tonala.gob.mx\/portal\/assets\/PROGRAMA%20DE%20TRABAJO%20FLORENTINO%20MARQUEZ%20GARCIA.pdf\">Plan de Trabajo<\/a>\u00a02015<\/strong><\/p>\n<p><strong><a href=\"https:\/\/tonala.gob.mx\/portal\/wp-content\/uploads\/2016\/10\/Comision-Nomenclatura-Calles-y-Calzadas.pdf\">Plan de Trabajo Nomenclaturas, Calles y Calzadas<\/a>\u00a02016-2018<\/strong><\/p>\n<p><strong>A\u00f1o 2015<\/strong><\/p>\n<p><strong>[expand title=\u00bbComisi\u00f3n Nomenclaturas Calles y Calzadas 09 Octubre 2015&#8243;]<\/strong><\/p>\n<p><a href=\"https:\/\/tonala.gob.mx\/portal\/wp-content\/uploads\/2016\/06\/Nomenclaturas_Calles_y_Calzadas_9_Octubre_2015.pdf\">Comisi\u00f3n Nomenclaturas Calles y Calzadas 09 Octubre de 2015<\/a><\/p>\n<p>[\/expand]<\/p>\n<p><strong>[expand title=\u00bbComisi\u00f3n Nomenclaturas Calles y Calzadas Noviembre 2015&#8243;]<\/strong><\/p>\n<p><a href=\"https:\/\/tonala.gob.mx\/portal\/wp-content\/uploads\/2016\/10\/No-se-realizaron-sesiones-este-mes.pdf\">Comisi\u00f3n Nomenclaturas Calles y Calzadas Noviembre<\/a><\/p>\n<p>[\/expand]<\/p>\n<p><strong>[expand title=\u00bbComisi\u00f3n Nomenclaturas Calles y Calzadas 01 Diciembre 2015&#8243;]<\/strong><\/p>\n<p><a href=\"https:\/\/tonala.gob.mx\/portal\/wp-content\/uploads\/2016\/06\/Nomenclaturas_Calles_y_Calzadas_1_Diciembre_2015.pdf\">Comisi\u00f3n Nomenclaturas Calles y Calzadas 1 de Diciembre 2015<\/a><\/p>\n<p>[\/expand]<\/p>\n<p><strong>A\u00f1o 2016<\/strong><\/p>\n<p><strong>[expand title=\u00bbComisi\u00f3n Nomenclaturas Calles y Calzadas 25 Enero 2016&#8243;]<\/strong><br \/>\n<a href=\"https:\/\/tonala.gob.mx\/portal\/wp-content\/uploads\/2016\/03\/Comision_Nomenclaturas_Calles_y_Calzadas_25_de_Enero_2016.pdf\">Comisi\u00f3n Nomenclaturas, Calles y Calzadas 25 de enero de 2016<\/a><\/p>\n<p>[\/expand]<\/p>\n<p><strong>[expand title=\u00bbComisi\u00f3n Nomenclaturas Calles y Calzadas 19 Febrero 2016&#8243;]<\/strong><br \/>\n<a href=\"https:\/\/tonala.gob.mx\/portal\/assets\/Comision%20Nomenclaturas%20Calles%20y%20Calzadas%2019%20de%20Febrero%20de%202016.pdf\">Comisi\u00f3n Nomenclaturas Calles y Calzadas 19 de Febrero de 2016<\/a><\/p>\n<p>[\/expand]<\/p>\n<p><strong>[expand title=\u00bbComisi\u00f3n Nomenclaturas Calles y Calzadas 11 de Marzo de 2016&#8243;]<\/strong><\/p>\n<p><a href=\"https:\/\/tonala.gob.mx\/portal\/wp-content\/uploads\/2016\/08\/Nomenclaturas_Calles_Y_Calzadas_16_Marzo_2016.pdf\">Comisi\u00f3n Nomenclaturas Calles y Calzadas 11 de Marzo de 2016<\/a><\/p>\n<p><a href=\"https:\/\/tonala.gob.mx\/portal\/wp-content\/uploads\/2016\/08\/O.D._Nomenclaturas_Calles_Y_Calzadas_16_Marzo_2016.pdf\">O.D. Nomenclaturas Calles y Calzadas 11 de Marzo de 2016<\/a><\/p>\n<p><a href=\"https:\/\/tonala.gob.mx\/portal\/wp-content\/uploads\/2016\/08\/Asistencia_Nomenclaturas_Calles_Y_Calzadas_16_Marzo_2016.pdf\">Asistencia Nomenclaturas Calles y Calzadas 11 de Marzo de 2016<\/a><\/p>\n<p>[\/expand]<\/p>\n<p><strong>[expand title=\u00bbComisi\u00f3n Nomenclaturas Calles y Calzadas 26 de Abril de 2016&#8243;]<\/strong><\/p>\n<p><a href=\"https:\/\/tonala.gob.mx\/portal\/wp-content\/uploads\/2016\/08\/Nomenclaturas_Calles_Y_Calzadas_26_Abril_2016.pdf\">Comisi\u00f3n Nomenclaturas Calles y Calzadas 26 de Abril de 2016<\/a><\/p>\n<p><a href=\"https:\/\/tonala.gob.mx\/portal\/wp-content\/uploads\/2016\/08\/O.D._Nomenclaturas_Calles_Y_Calzadas_26_Abril_2016.pdf\">O.D. Comisi\u00f3n Nomenclaturas Calles y Calzadas 26 de Abril de 2016<\/a><\/p>\n<p><a href=\"https:\/\/tonala.gob.mx\/portal\/wp-content\/uploads\/2016\/08\/Asistencia_Nomenclaturas_Calles_Y_Calzadas_26_Abril_2016.pdf\">Asistencia Comisi\u00f3n Nomenclaturas Calles y Calzadas 26 de Abril de 2016<\/a><\/p>\n<p>[\/expand]<\/p>\n<p><strong>[expand title=\u00bbComisi\u00f3n Nomenclaturas Calles y Calzadas 26 de Mayo de 2016&#8243;]<\/strong><\/p>\n<p><a href=\"https:\/\/tonala.gob.mx\/portal\/wp-content\/uploads\/2016\/08\/Nomenclaturas_Calles_Y_Calzadas_26_Mayo_2016.pdf\">Comisi\u00f3n Nomenclaturas Calles y Calzadas 26 de Mayo de 2016<\/a><\/p>\n<p><a href=\"https:\/\/tonala.gob.mx\/portal\/wp-content\/uploads\/2016\/08\/O.D._Nomenclaturas_Calles_Y_Calzadas_26_Mayo_2016.pdf\">O.D. Nomenclaturas Calles y Calzadas 26 de Mayo de 2016<\/a><\/p>\n<p><a href=\"https:\/\/tonala.gob.mx\/portal\/wp-content\/uploads\/2016\/08\/Asistencia_Nomenclaturas_Calles_Y_Calzadas_26_Mayo_2016.pdf\">Asistencia Nomenclaturas Calles y Calzadas 26 de Mayo de 2016<\/a><\/p>\n<p>[\/expand]<\/p>\n<p><strong>[expand title=\u00bbComisi\u00f3n Nomenclaturas Calles y Calzadas 21 de Junio de 2016&#8243;]<\/strong><\/p>\n<p><a href=\"https:\/\/tonala.gob.mx\/portal\/wp-content\/uploads\/2016\/09\/Calles_y_Calzadas_21_Junio_2016.pdf\">Comisi\u00f3n Nomenclaturas Calles y Calzadas 21 de Junio de 2016<\/a><\/p>\n<p><a href=\"https:\/\/tonala.gob.mx\/portal\/wp-content\/uploads\/2016\/09\/O.D._Calles_y_Calzadas_21_Junio_2016.pdf\">O.D. Nomenclaturas Calles y Calzadas 21 de Junio de 2016<\/a><\/p>\n<p><a href=\"https:\/\/tonala.gob.mx\/portal\/wp-content\/uploads\/2016\/09\/Asistencia_Calles_y_Calzadas_21_Junio_2016.pdf\">Asistencia Nomenclaturas Calles y Calzadas 21 de Junio de 2016<\/a><\/p>\n<p>[\/expand]<\/p>\n<p><strong>[expand title=\u00bbComisi\u00f3n Nomenclaturas Calles y Calzadas 27 de Julio de 2016&#8243;]<\/strong><\/p>\n<p><a href=\"https:\/\/tonala.gob.mx\/portal\/wp-content\/uploads\/2016\/09\/Nomenclaturas_Calles_y_Calzadas_27_Julio_2016.pdf\">Comisi\u00f3n Nomenclaturas Calles y Calzadas 27 de Julio de 2016<\/a><\/p>\n<p><a href=\"https:\/\/tonala.gob.mx\/portal\/wp-content\/uploads\/2016\/09\/O.D._Nomenclaturas_Calles_y_Calzadas_27_Julio_2016.pdf\">O.D. Nomenclaturas Calles y Calzadas 27 de Julio de 2016<\/a><\/p>\n<p><a href=\"https:\/\/tonala.gob.mx\/portal\/wp-content\/uploads\/2016\/09\/Asistencia_Nomenclaturas_Calles_y_Calzadas_27_Julio_2016.pdf\">Asistencia Nomenclaturas Calles y Calzadas 27 de Julio de 2016<\/a><\/p>\n<p>[\/expand]<\/p>\n<p><strong>[expand title=\u00bbComisi\u00f3n Nomenclaturas Calles y Calzadas 29 Agosto 2016&#8243;]<\/strong><\/p>\n<p><a href=\"https:\/\/tonala.gob.mx\/portal\/wp-content\/uploads\/2016\/11\/Calles-y-Calzadas-29-agosto-2016.pdf\">Comisi\u00f3n Nomenclaturas Calles y Calzadas 29 Agosto 2016<\/a><\/p>\n<p><a href=\"https:\/\/tonala.gob.mx\/portal\/wp-content\/uploads\/2016\/11\/O.D.-Calles-y-Calzadas-29-agosto-2016.pdf\">O.D. Comisi\u00f3n Nomenclaturas Calles y Calzadas 29 Agosto 2016<\/a><\/p>\n<p><a href=\"https:\/\/tonala.gob.mx\/portal\/wp-content\/uploads\/2016\/11\/Asistencia-Calles-y-Calzadas-29-agosto-2016.pdf\">Asistencia Comisi\u00f3n Nomenclaturas Calles y Calzadas 29 Agosto 2016<\/a><\/p>\n<p>[\/expand]<\/p>\n<p><strong>[expand title=\u00bbComisi\u00f3n Nomenclaturas Calles y Calzadas 30 Agosto 2016&#8243;]<\/strong><\/p>\n<p><a href=\"https:\/\/tonala.gob.mx\/portal\/wp-content\/uploads\/2016\/10\/Nomenclaturas_Calles_y_Clazadas_30_Agosto_2016.pdf\">Nomenclaturas Calles y Calzadas 30 Agosto 2016<\/a><\/p>\n<p><a href=\"https:\/\/tonala.gob.mx\/portal\/wp-content\/uploads\/2016\/10\/O.D._Nomenclaturas_Calles_y_Clazadas_30_Agosto_2016.pdf\">O.D. Nomenclaturas Calles y Calzadas 30 Agosto 2016<\/a><\/p>\n<p><a href=\"https:\/\/tonala.gob.mx\/portal\/wp-content\/uploads\/2016\/10\/Asistencia_Nomenclaturas_Calles_y_Clazadas_30_Agosto_2016.pdf\">Asistencia Nomenclaturas Calles y Calzadas 30 Agosto 2016 <\/a><\/p>\n<p>[\/expand]<\/p>\n<p><strong>[expand title=\u00bbComisi\u00f3n Nomenclaturas Calles y Calzadas 29 Septiembre 2016&#8243;]<\/strong><\/p>\n<p><a href=\"https:\/\/tonala.gob.mx\/portal\/wp-content\/uploads\/2017\/02\/Comisi\u00f3n-Nomenclaturas-Calles-y-Calzadas-29-Septiembre-2016.pdf\">Comisi\u00f3n Nomenclaturas Calles y Calzadas 29 Septiembre 2016<\/a><\/p>\n<p><a href=\"https:\/\/tonala.gob.mx\/portal\/wp-content\/uploads\/2017\/02\/O.D.-Nomenclaturas-Calles-y-Calzadas-29-Septiembre-2016.pdf\">O.D. Comisi\u00f3n Nomenclaturas Calles y Calzadas 29 Septiembre 2016<\/a><\/p>\n<p><a href=\"https:\/\/tonala.gob.mx\/portal\/wp-content\/uploads\/2017\/02\/Asistencia-Nomenclaturas-Calles-y-Calzadas-29-Septiembre-2016.pdf\">Asistencia Comisi\u00f3n Nomenclaturas Calles y Calzadas 29 Septiembre 2016<\/a><\/p>\n<p>[\/expand]<\/p>\n<p><strong>[expand title=\u00bbComisi\u00f3n Nomenclaturas Calles y Calzadas 26 Octubre 2016&#8243;]<\/strong><\/p>\n<p><a href=\"https:\/\/tonala.gob.mx\/portal\/wp-content\/uploads\/2016\/11\/Calles-y-Calzadas-26-de-Octubre-2016.pdf\">Comisi\u00f3n Nomenclaturas Calles y Calzadas 26 Octubre 2016<\/a><\/p>\n<p><a href=\"https:\/\/tonala.gob.mx\/portal\/wp-content\/uploads\/2016\/11\/O.D.-Calles-y-Calzadas-26-de-Octubre-2016.pdf\">O.D. Comisi\u00f3n Nomenclaturas Calles y Calzadas 26 Octubre 2016<\/a><\/p>\n<p><a href=\"https:\/\/tonala.gob.mx\/portal\/wp-content\/uploads\/2016\/11\/Asistencia-Calles-y-Calzadas-26-de-Octubre-2016.pdf\">Asistencia Comisi\u00f3n Nomenclaturas Calles y Calzadas 26 Octubre 2016<\/a><\/p>\n<p>[\/expand]<\/p>\n<p><strong>[expand title=\u00bbComisi\u00f3n Nomenclaturas Calles y Calzadas 16 noviembre de 2016&#8243;]<\/strong><\/p>\n<p><a href=\"https:\/\/tonala.gob.mx\/portal\/wp-content\/uploads\/2017\/02\/Nomenclaturas_Calles_Calzadas_16_Noviembre_2016.pdf\">Comisi\u00f3n Nomenclaturas Calles y Calzadas 16 noviembre de 2016<\/a><\/p>\n<p><a href=\"https:\/\/tonala.gob.mx\/portal\/wp-content\/uploads\/2017\/02\/O.D._Nomenclaturas_Calles_Calzadas_16_Noviembre_2016.pdf\">O.D. Nomenclaturas Calles y Calzadas 16 noviembre de 2016<\/a><\/p>\n<p><a href=\"https:\/\/tonala.gob.mx\/portal\/wp-content\/uploads\/2017\/02\/Asistencia_Nomenclaturas_Calles_Calzadas_16_Noviembre_2016.pdf\">Asistencia Nomenclaturas Calles y Calzadas 16 noviembre de 2016<\/a><\/p>\n<p>[\/expand]<\/p>\n<p><strong>[expand title=\u00bbComisi\u00f3n Nomenclaturas, Calles y Calzadas 08 Diciembre 2016&#8243;]<\/strong><\/p>\n<p><a href=\"https:\/\/tonala.gob.mx\/portal\/wp-content\/uploads\/2017\/02\/Comisi\u00f3n-Nomenclaturas-Calles-y-Calzadas-08-Diciembre-2016.pdf\">Comisi\u00f3n Nomenclaturas, Calles y Calzadas 08 Diciembre 2016<\/a><\/p>\n<p><a href=\"https:\/\/tonala.gob.mx\/portal\/wp-content\/uploads\/2017\/02\/O.D.-Nomenclaturas-Calles-y-Calzadas-08-Diciembre-2016.pdf\">O.D. Comisi\u00f3n Nomenclaturas, Calles y Calzadas 08 Diciembre 2016<\/a><\/p>\n<p><a href=\"https:\/\/tonala.gob.mx\/portal\/wp-content\/uploads\/2017\/02\/Asistencia-Nomenclaturas-Calles-y-Calzadas-08-Diciembre-2016.pdf\">Asistencias Comisi\u00f3n Nomenclaturas, Calles y Calzadas 08 Diciembre 2016<\/a><\/p>\n<p>[\/expand]<\/p>\n<p><strong>2017<\/strong><\/p>\n<p><strong>[expand title=\u00bbComisi\u00f3n Nomenclaturas, Calles y Calzadas 27 Enero 2017&#8243;]<\/strong><\/p>\n<p><a href=\"https:\/\/tonala.gob.mx\/portal\/wp-content\/uploads\/2017\/03\/COMISION-EDILICIA-DE-NOMENCLATURASCALLES-Y-CALZADAS-27-ENERO-2017-REGIDOR-FLORENTINO-MARQUEZ-GARCIA.pdf\">Minuta Comisi\u00f3n Nomenclaturas, Calles y Calzadas 27 Enero 2017<\/a><\/p>\n<p>[\/expand]<\/p>\n<p><strong>[expand title=\u00bbComisi\u00f3n Nomenclaturas, Calles y Calzadas 21 Febrero 2017&#8243;]<\/strong><\/p>\n<p><a href=\"https:\/\/tonala.gob.mx\/portal\/wp-content\/uploads\/2017\/03\/SESION-ORDINARIA-DE-LA-COMISION-DE-NOMECLATURAS-CALLES-Y-CALZADAS-21-FEBRERO-2017.pdf\">Minuta Comisi\u00f3n Nomenclaturas, Calles y Calzadas 21 Febrero 2017<\/a><\/p>\n<p>[\/expand]<\/p>\n<p><strong>[expand title=\u00bbComisi\u00f3n Nomenclaturas, Calles y Calzadas 22 Marzo 2017&#8243;]<\/strong><\/p>\n<p><a href=\"https:\/\/tonala.gob.mx\/portal\/wp-content\/uploads\/2017\/05\/Minuta-Nomenclaturas-Calles-y-Calzadas-22-Marzo-del-2017.pdf\">Minuta Comisi\u00f3n Nomenclaturas, Calles y Calzadas 22 Marzo 2017<\/a><\/p>\n<p>[\/expand]<\/p>\n<p><strong>[expand title=\u00bbComisi\u00f3n Nomenclaturas, Calles y Calzadas 05 Abril 2017&#8243;]<\/strong><\/p>\n<p><a href=\"https:\/\/tonala.gob.mx\/portal\/wp-content\/uploads\/2017\/05\/Minuta-Nomenclaturas-Calles-y-Calzadas-05-Abril-2017.pdf\">Minuta Comisi\u00f3n Nomenclaturas, Calles y Calzadas 05 Abril 2017<\/a><\/p>\n<p>[\/expand]<\/p>\n<p><strong>[expand title=\u00bbComisi\u00f3n Nomenclaturas, Calles y Calzadas 09 Mayo 2017&#8243;]<\/strong><\/p>\n<p><a href=\"https:\/\/tonala.gob.mx\/portal\/wp-content\/uploads\/2017\/07\/Minuta-Comisi\u00f3n-Nomenclaturas-Calles-y-Calzadas-09-Mayo-2017.pdf\">Minuta Comisi\u00f3n Nomenclaturas, Calles y Calzadas 09 Mayo 2017<\/a><\/p>\n<p><a href=\"https:\/\/tonala.gob.mx\/portal\/wp-content\/uploads\/2017\/07\/Lista-de-Asistencia-Comisi\u00f3n-Nomenclaturas-Calles-y-Calzadas-09-Mayo-2017.pdf\">Lista de Asistencia Nomenclaturas, Calles y Calzadas 09 Mayo 2017<\/a><\/p>\n<p>[\/expand]<\/p>\n<p><strong>[expand title=\u00bbComisi\u00f3n Nomenclaturas, Calles y Calzadas 15 Junio 2017&#8243;]<\/strong><\/p>\n<p><a href=\"https:\/\/tonala.gob.mx\/portal\/wp-content\/uploads\/2017\/08\/Minuta-Comisi\u00f3n-Nomenclaturas-Calles-y-Calzadas-15-Junio-2017.pdf\">Minuta Comisi\u00f3n Nomenclaturas, Calles y Calzadas 15 Junio 2017<\/a><\/p>\n<p>[\/expand]<\/p>\n<p><strong>[expand title=\u00bbComisi\u00f3n Nomenclaturas, Calles y Calzadas 25 Julio 2017&#8243;]<\/strong><\/p>\n<p><a href=\"https:\/\/tonala.gob.mx\/portal\/wp-content\/uploads\/2017\/08\/Minuta-Comisi\u00f3n-Nomenclaturas-Calles-y-Calzadas-25-Julio-2017.pdf\">Minuta Comisi\u00f3n Nomenclaturas, Calles y Calzadas 25 Julio 2017<\/a><\/p>\n<p>[\/expand]<\/p>\n<p><strong>[expand title=\u00bbComisi\u00f3n Nomenclaturas, Calles y Calzadas 16 Agosto 2017&#8243;]<\/strong><\/p>\n<p><a href=\"https:\/\/tonala.gob.mx\/portal\/wp-content\/uploads\/2017\/10\/Minuta-Comisi\u00f3n-Nomenclaturas-Calles-y-Calzadas-16-Agosto-2017.pdf\">Minuta Comisi\u00f3n Nomenclaturas, Calles y Calzadas 16 Agosto 2017<\/a><\/p>\n<p>[\/expand]<\/p>\n<p><strong>[expand title=\u00bbComisi\u00f3n Nomenclaturas, Calles y Calzadas 27 Septiembre 2017&#8243;]<\/strong><\/p>\n<p><a href=\"https:\/\/tonala.gob.mx\/portal\/wp-content\/uploads\/2017\/11\/Minuta-Comisi\u00f3n-Nomenclaturas-Calles-y-Calzadas-27-Septiembre-2017.pdf\">Minuta Comisi\u00f3n Nomenclaturas, Calles y Calzadas 27 Septiembre 2017<\/a><\/p>\n<p>[\/expand]<\/p>\n<p><strong>[expand title=\u00bbComisi\u00f3n Nomenclaturas, Calles y Calzadas 25 Octubre 2017&#8243;]<\/strong><\/p>\n<p><a href=\"https:\/\/tonala.gob.mx\/portal\/wp-content\/uploads\/2018\/01\/Minuta-Comisi\u00f3n-Nomenclaturas-Calles-y-Calzadas-25-Octubre-2017.pdf\">Minuta Comisi\u00f3n Nomenclaturas, Calles y Calzadas 25 Octubre 2017<\/a><\/p>\n<p>[\/expand]<\/p>\n<p><strong>[expand title=\u00bbComisi\u00f3n Nomenclaturas, Calles y Calzadas 28 Noviembre 2017&#8243;]<\/strong><\/p>\n<p><a href=\"https:\/\/tonala.gob.mx\/portal\/wp-content\/uploads\/2018\/01\/Minuta-Comisi\u00f3n-Nomenclaturas-Calles-y-Calzadas-28-Noviembre-2017.pdf\">Minuta Comisi\u00f3n Nomenclaturas, Calles y Calzadas 28 Noviembre 2017<\/a><\/p>\n<p>[\/expand]<\/p>\n<p><strong>[expand title=\u00bbComisi\u00f3n Nomenclaturas, Calles y Calzadas 18 Diciembre 2017&#8243;]<\/strong><\/p>\n<p><a href=\"https:\/\/tonala.gob.mx\/portal\/wp-content\/uploads\/2018\/01\/Minuta-Comisi\u00f3n-Nomenclaturas-Calles-y-Calzadas-18-Diciembre-2017.pdf\">Minuta Comisi\u00f3n Nomenclaturas, Calles y Calzadas 18 Diciembre 2017<\/a><\/p>\n<p>[\/expand]<\/p>\n<p><strong>2018<\/strong><\/p>\n<p><strong>[expand title=\u00bbComisi\u00f3n Nomenclaturas, Calles y Calzadas 24 Enero 2018&#8243;]<\/strong><\/p>\n<p><a href=\"https:\/\/tonala.gob.mx\/portal\/wp-content\/uploads\/2018\/03\/Minuta-Comisi\u00f3n-Nomenclatura-Calles-y-Calzadas-24-Enero-2018.pdf\">Minuta Comisi\u00f3n Nomenclaturas, Calles y Calzadas 24 Enero 2018<\/a><\/p>\n<p>[\/expand]<\/p>\n<p><strong>[expand title=\u00bbComisi\u00f3n Nomenclaturas, Calles y Calzadas 21 Febrero 2018&#8243;]<\/strong><\/p>\n<p><a href=\"https:\/\/tonala.gob.mx\/portal\/wp-content\/uploads\/2018\/05\/Minuta-Comisi\u00f3n-Nomenclaturas-Calles-y-Calzadas-21-Febrero-2018.pdf\">Minuta Comisi\u00f3n Nomenclaturas, Calles y Calzadas 21 Febrero 2018<\/a><\/p>\n<p>[\/expand]<\/p>\n<p><strong>[expand title=\u00bbComisi\u00f3n Nomenclaturas, Calles y Calzadas 21 Marzo 2018&#8243;]<\/strong><\/p>\n<p><a href=\"https:\/\/tonala.gob.mx\/portal\/wp-content\/uploads\/2018\/06\/Minuta-Comisi\u00f3n-Salubridad-e-Higiene-21-Marzo-2018.pdf\">Minuta Comisi\u00f3n Nomenclaturas, Calles y Calzadas 21 Marzo 2018<\/a><\/p>\n<p>[\/expand]<\/p>\n<p><strong>[expand title=\u00bbComisi\u00f3n Nomenclaturas, Calles y Calzadas 27 Abril 2018&#8243;]<\/strong><\/p>\n<p><a href=\"https:\/\/tonala.gob.mx\/portal\/wp-content\/uploads\/2018\/06\/Minuta-Comisi\u00f3n-Nomenclaturas-Calles-y-Calzadas-27-Abril-2018.pdf\">Minuta Comisi\u00f3n Nomenclaturas, Calles y Calzadas 27 Abril 2018<\/a><\/p>\n<p>[\/expand]<\/p>\n<p><strong>[expand title=\u00bbComisi\u00f3n Nomenclaturas, Calles y Calzadas 25 Mayo 2018&#8243;]<\/strong><\/p>\n<p><a href=\"https:\/\/tonala.gob.mx\/portal\/wp-content\/uploads\/2018\/07\/Minuta-Comisi\u00f3n-Nomenclaturas-Calles-y-Calzadas-25-Mayo-2018.pdf\">Minuta Comisi\u00f3n Nomenclaturas, Calles y Calzadas 25 Mayo 2018<\/a><\/p>\n<p><a href=\"https:\/\/tonala.gob.mx\/portal\/wp-content\/uploads\/2018\/06\/Minuta-Comisi\u00f3n-Nomenclaturas-Calles-y-Calzadas-25-Mayo-2018.pdf\">Minuta Comisi\u00f3n Nomenclaturas, Calles y Calzadas 25 Mayo 2018 (Versi\u00f3n Estenogr\u00e1fica)<\/a><\/p>\n<p>[\/expand]<\/p>\n<p><strong>[expand title=\u00bbComisi\u00f3n Nomenclaturas, Calles y Calzadas 27 Junio 2018&#8243;]<\/strong><\/p>\n<p><a href=\"https:\/\/tonala.gob.mx\/portal\/wp-content\/uploads\/2018\/08\/Trigesima-Segunda-Sesio\u0301n-Ordinaria-de-la-Comisio\u0301n-de-Nomenclaturas-Calles-y-Calzadas.-27-de-Junio-del-2018.pdf\">Minuta Comisio\u0301n de Nomenclaturas, Calles y Calzadas. 27 de Junio del 2018<\/a><\/p>\n<p>[\/expand]<\/p>\n<p><strong>[expand title=\u00bbComisi\u00f3n Nomenclaturas, Calles y Calzadas 19 Julio 2018&#8243;]<\/strong><\/p>\n<p><a href=\"https:\/\/tonala.gob.mx\/portal\/wp-content\/uploads\/2018\/08\/Trigesima-Segunda-Sesion-Ordinaria-de-la-Comision-de-Salubridad-e-Higiene-27-Junio-del-2018.pdf\">Minuta Comisio\u0301n de Nomenclaturas, Calles y Calzadas 19 de Julio del 2018<\/a><\/p>\n<p>[\/expand]<\/p>\n","protected":false},"excerpt":{"rendered":"<p>Plan de Trabajo\u00a02015 Plan de Trabajo Nomenclaturas, Calles y Calzadas\u00a02016-2018 A\u00f1o 2015 [expand title=\u00bbComisi\u00f3n Nomenclaturas Calles y Calzadas 09 Octubre<\/p>\n","protected":false},"author":1,"featured_media":0,"parent":0,"menu_order":0,"comment_status":"closed","ping_status":"closed","template":"","meta":{"colormag_page_container_layout":"default_layout","colormag_page_sidebar_layout":"default_layout","footnotes":""},"class_list":["post-4067","page","type-page","status-publish","hentry"],"_links":{"self":[{"href":"https:\/\/tonala.gob.mx\/portal\/wp-json\/wp\/v2\/pages\/4067","targetHints":{"allow":["GET"]}}],"collection":[{"href":"https:\/\/tonala.gob.mx\/portal\/wp-json\/wp\/v2\/pages"}],"about":[{"href":"https:\/\/tonala.gob.mx\/portal\/wp-json\/wp\/v2\/types\/page"}],"author":[{"embeddable":true,"href":"https:\/\/tonala.gob.mx\/portal\/wp-json\/wp\/v2\/users\/1"}],"replies":[{"embeddable":true,"href":"https:\/\/tonala.gob.mx\/portal\/wp-json\/wp\/v2\/comments?post=4067"}],"version-history":[{"count":36,"href":"https:\/\/tonala.gob.mx\/portal\/wp-json\/wp\/v2\/pages\/4067\/revisions"}],"predecessor-version":[{"id":19829,"href":"https:\/\/tonala.gob.mx\/portal\/wp-json\/wp\/v2\/pages\/4067\/revisions\/19829"}],"wp:attachment":[{"href":"https:\/\/tonala.gob.mx\/portal\/wp-json\/wp\/v2\/media?parent=4067"}],"curies":[{"name":"wp","href":"https:\/\/api.w.org\/{rel}","templated":true}]}}