{"id":4060,"date":"2016-07-01T16:33:15","date_gmt":"2016-07-01T16:33:15","guid":{"rendered":"http:\/\/tonala.gob.mx\/portal\/?page_id=4060"},"modified":"2018-09-17T21:38:03","modified_gmt":"2018-09-18T03:38:03","slug":"comision-de-hacienda","status":"publish","type":"page","link":"https:\/\/tonala.gob.mx\/portal\/comision-de-hacienda\/","title":{"rendered":"Comisi\u00f3n de Hacienda"},"content":{"rendered":"<p><strong><a href=\"https:\/\/tonala.gob.mx\/portal\/wp-content\/uploads\/2016\/05\/PROGRAMA-DE-TRABAJO-CELIA-ISABEL-GAUNA-RUIZ-DE-LEON.pdf\">Plan de Trabajo<\/a>\u00a02015<\/strong><\/p>\n<p><strong><a href=\"https:\/\/tonala.gob.mx\/portal\/wp-content\/uploads\/2016\/10\/Comision-Hacienda.doc\">Plan de Trabajo Hacienda 2016-2018<\/a><\/strong><\/p>\n<p><a href=\"https:\/\/tonala.gob.mx\/portal\/wp-content\/uploads\/2017\/02\/Turno-a-Comisi\u00f3n-Obras-Publicas-Educaci\u00f3n-Publica-y-Hacienda.pdf\"><strong>Turno a Comisi\u00f3n<\/strong><\/a><\/p>\n<p><strong>A\u00f1o 2015<\/strong><\/p>\n<p><strong>[expand title=\u00bbComisi\u00f3n Hacienda 09 de Octubre de 2015&#8243;]<\/strong><\/p>\n<p><a href=\"https:\/\/tonala.gob.mx\/portal\/wp-content\/uploads\/2016\/07\/Hacienda_9_10_15_Celia_Gauna.pdf\">Comisi\u00f3n Hacienda 09 de Octubre de 2015<\/a><\/p>\n<p>[\/expand]<\/p>\n<p><strong>[expand title=\u00bbComisi\u00f3n Hacienda 23 Noviembre 2015&#8243;]<\/strong><\/p>\n<p><a href=\"https:\/\/tonala.gob.mx\/portal\/wp-content\/uploads\/2017\/05\/Minuta-Comisi\u00f3n-Hacienda-23-Noviembre-2015.pdf\">Minuta Comisi\u00f3n Hacienda 23 Noviembre 2015<\/a><\/p>\n<p>[\/expand]<\/p>\n<p><strong>[expand title=\u00bbComisi\u00f3n Hacienda 14 de Diciembre de 2015&#8243;]<\/strong><\/p>\n<p><a href=\"https:\/\/tonala.gob.mx\/portal\/wp-content\/uploads\/2016\/02\/Comision_Hacienda_14_Diciembre_2015.pdf\">Comisi\u00f3n Hacienda 14 de Diciembre de 2015<\/a><\/p>\n<p>[\/expand]<\/p>\n<p><strong>A\u00f1o 2016<\/strong><\/p>\n<p><strong>[expand title=\u00bbDictamenes\u00bb]<\/strong><\/p>\n<p><a href=\"https:\/\/tonala.gob.mx\/portal\/wp-content\/uploads\/2016\/10\/Dictamen_Ley_de_Ingresos_para_el_Ejercicio_Fiscal_2017.pdf\">Dictamen Hacienda Ley de Ingresos para el Ejercicio Fiscal 2017<\/a><\/p>\n<p><a href=\"https:\/\/tonala.gob.mx\/portal\/wp-content\/uploads\/2016\/10\/Dictamen_Ampliacion_Y_Cierre_del_Presupuesto_de_Egresos_del_Ejercicio_Fiscal_2015.pdf\">Dictamen Hacienda Ampliaci\u00f3n y Cierre del Presupuesto de Egresos del Ejercicio Fiscal 2015<\/a><\/p>\n<p><a href=\"https:\/\/tonala.gob.mx\/portal\/wp-content\/uploads\/2016\/10\/Dictamen_Hacienda_Modificaciones_al_Presupuesto_de_Egresos_para_el-Ejercicio_Fiscal_2016_CeliaIsabelGaunaRuizdeLeon.pdf\">Dictamen Hacienda Modificaciones al Presupuesto de Egresos para el Ejercicio Fiscal 2016<\/a><\/p>\n<p><a href=\"https:\/\/tonala.gob.mx\/portal\/wp-content\/uploads\/2016\/10\/Dictamen_Hacienda_Presupuesto_de_Egresos_y_Plantilla_Laboral_del_Municipios_de_Tonala_Ejercicio_Fiscal_2016_CeliaIsabelGaunaRuizdeLeon.pdf\">Dictamen Hacienda Presupuesto de Egresos y Plantilla Laboral del Municipios de Tonala Ejercicio Fiscal 2016<\/a><\/p>\n<p><a href=\"https:\/\/tonala.gob.mx\/portal\/wp-content\/uploads\/2016\/10\/Dictamen_Hacienda_Proyectos_de_Tablas_de_Valores_Unitarios_Y_Construcciones_del_Municipio_CeliaIsabelGaunaRuizdeLeon.pdf\">Dictamen Hacienda Proyectos de Tablas de Valores Unitarios Y Construcciones del Municipio<\/a><\/p>\n<p>[\/expand]<\/p>\n<p><strong>[expand title=\u00bbComisi\u00f3n Hacienda 18 Enero 2016&#8243;]<\/strong><\/p>\n<p><a href=\"https:\/\/tonala.gob.mx\/portal\/wp-content\/uploads\/2017\/06\/Minuta-Comisi\u00f3n-Hacienda-18-Enero-2016.pdf\">Minuta Comisi\u00f3n Hacienda 18 Enero 2016<\/a><\/p>\n<p>[\/expand]<\/p>\n<p><strong>[expand title=\u00bbSesi\u00f3n Conjunta de las Comisiones Hacienda y Artesan\u00edas 19 Febrero 2016&#8243;]<\/strong><\/p>\n<p><a href=\"https:\/\/tonala.gob.mx\/portal\/wp-content\/uploads\/2017\/05\/Minuta-Sesi\u00f3n-Conjunta-de-las-Comisiones-Artesan\u00edas-y-Hacienda-19-Febrero-2016.pdf\">Sesi\u00f3n Conjunta de las Comisiones Hacienda y Artesan\u00edas 19 Febrero 2016<\/a><\/p>\n<p>[\/expand]<\/p>\n<p><strong>[expand title=\u00bbComisi\u00f3n Hacienda Marzo 2016&#8243;]<\/strong><\/p>\n<p><a href=\"https:\/\/tonala.gob.mx\/portal\/wp-content\/uploads\/2016\/10\/No-se-realizaron-sesiones-este-mes.pdf\">Comisi\u00f3n Hacienda Marzo 2016<\/a><\/p>\n<p>[\/expand]<\/p>\n<p><strong>[expand title=\u00bbSesi\u00f3n Conjunta Comisiones de Transparencia y Rendici\u00f3n de Cuentas y Hacienda 20 Abril 2016&#8243;]<\/strong><\/p>\n<p><a href=\"https:\/\/tonala.gob.mx\/portal\/wp-content\/uploads\/2017\/02\/Comisi\u00f3n-Transparencia-20-Abril-2016.pdf\">Sesi\u00f3n Conjunta Comisiones de Transparencia y Rendici\u00f3n de Cuentas y Hacienda 20 Abril 2016<\/a><\/p>\n<p><a href=\"https:\/\/tonala.gob.mx\/portal\/wp-content\/uploads\/2017\/02\/O.D.-Comisi\u00f3n-Transparencia-20-Abril-2016.pdf\">O.D. Sesi\u00f3n Conjunta Comisiones de Transparencia y Rendici\u00f3n de Cuentas y Hacienda 20 Abril 2016<\/a><\/p>\n<p><a href=\"https:\/\/tonala.gob.mx\/portal\/wp-content\/uploads\/2017\/02\/Asistencia-Comisi\u00f3n-Transparencia-20-Abril-2016.pdf\">Asistencia Sesi\u00f3n Conjunta Comisiones de Transparencia y Rendici\u00f3n de Cuentas y Hacienda 20 Abril 2016<\/a><\/p>\n<p>[\/expand]<\/p>\n<p><strong>[expand title=\u00bbComisi\u00f3n Hacienda 29 Abril 2016&#8243;]<\/strong><\/p>\n<p><a href=\"https:\/\/tonala.gob.mx\/portal\/wp-content\/uploads\/2017\/05\/Minuta-Comisi\u00f3n-Hacienda-29-Abril-2016.pdf\">Minuta Comisi\u00f3n Hacienda 29 Abril 2016<\/a><\/p>\n<p>[\/expand]<\/p>\n<p><strong>[expand title=\u00bbComisi\u00f3n Hacienda 20 de Mayo de 2016&#8243;]<\/strong><\/p>\n<p><a href=\"https:\/\/tonala.gob.mx\/portal\/wp-content\/uploads\/2017\/05\/Minuta-Comisi\u00f3n-Hacienda-20-Mayo-2016.pdf\">Minuta Comisi\u00f3n Hacienda 20 Mayo 2016<\/a><\/p>\n<p><a href=\"https:\/\/tonala.gob.mx\/portal\/wp-content\/uploads\/2016\/08\/Asistencia_Comisi\u00f3n_Hacienda_2016.pdf\">Asistencia Comisi\u00f3n Hacienda 02 de Mayo de 2016<\/a><\/p>\n<p>[\/expand]<\/p>\n<p><strong>[expand title=\u00bbSesi\u00f3n Conjunta Comisiones Artesan\u00edas y Hacienda 18 Mayo 2017&#8243;]<\/strong><\/p>\n<p><a href=\"https:\/\/tonala.gob.mx\/portal\/wp-content\/uploads\/2017\/08\/Minuta-Sesi\u00f3n-Conjunta-Comisiones-Artesanias-y-Hacienda-18-Mayo-2017.pdf\">Minuta Sesi\u00f3n Conjunta Comisiones Artesan\u00edas y Hacienda 18 Mayo 2017<\/a><\/p>\n<p>[\/expand]<\/p>\n<p><strong>[expand title=\u00bb Sesi\u00f3n Conjunta Comisiones \u00a0Artesan\u00edas y Hacienda 12 Junio 2017&#8243;]<\/strong><\/p>\n<p><a href=\"https:\/\/tonala.gob.mx\/portal\/wp-content\/uploads\/2017\/08\/Minuta-Sesi\u00f3n-Conjunta-Comisiones-Artesanias-y-Hacienda-12-Junio-2017.pdf\">Minuta Sesi\u00f3n Conjunta Comisiones Artesan\u00edas y Hacienda 12 Junio 2017<\/a><\/p>\n<p>[\/expand]<\/p>\n<p><strong>[expand title=\u00bbComisi\u00f3n Hacienda 17 Junio 2016&#8243;]<\/strong><\/p>\n<p><a href=\"https:\/\/tonala.gob.mx\/portal\/wp-content\/uploads\/2017\/05\/Minuta-Comisi\u00f3n-Hacienda-17-Junio-2016.pdf\">Minuta Comisi\u00f3n Hacienda 17 Junio 2016<\/a><\/p>\n<p>[\/expand]<\/p>\n<p><strong>[expand title=\u00bbComisi\u00f3n Hacienda 21 \u00a0Julio 2016&#8243;]<\/strong><\/p>\n<p><a href=\"https:\/\/tonala.gob.mx\/portal\/wp-content\/uploads\/2016\/10\/Hacienda_21_Julio_2016-.pdf\">Comisi\u00f3n Hacienda 21 de Julio de 2016<\/a><\/p>\n<p><a href=\"https:\/\/tonala.gob.mx\/portal\/wp-content\/uploads\/2016\/10\/O.D.-Hacienda_21_Julio_2016.pdf\">O.D. Comisi\u00f3n Hacienda 21 de Julio de 2016<\/a><\/p>\n<p><a href=\"https:\/\/tonala.gob.mx\/portal\/wp-content\/uploads\/2016\/10\/Asistencia-Hacienda_21_Julio_2016.pdf\">Asistencia Comisi\u00f3n Hacienda 21 de Julio de 2016<\/a><\/p>\n<p>[\/expand]<\/p>\n<p><strong>[expand title=\u00bbSesi\u00f3n Conjunta de las Comisiones Promoci\u00f3n Cultural,Artesan\u00edas y Hacienda Agosto 2016&#8243;]<\/strong><\/p>\n<p><a href=\"https:\/\/tonala.gob.mx\/portal\/wp-content\/uploads\/2016\/10\/Hacienda_8_Agosto_2016.pdf\">Comisi\u00f3n de Hacienda 08 Agosto 2016<\/a><\/p>\n<p><a href=\"https:\/\/tonala.gob.mx\/portal\/wp-content\/uploads\/2016\/10\/O.D._Hacienda_8_Agosto_2016.pdf\">O.D. Comisi\u00f3n de Hacienda 08 Agosto 2016<\/a><\/p>\n<p><a href=\"https:\/\/tonala.gob.mx\/portal\/wp-content\/uploads\/2016\/10\/Asistencia_Hacienda_8_Agosto_2016.pdf\">Asistencia Comisi\u00f3n de Hacienda 08 Agosto 2016<\/a><\/p>\n<p>[\/expand]<\/p>\n<p><strong>[expand title=\u00bbComisi\u00f3n Hacienda 22 Agosto 2016&#8243;]<\/strong><\/p>\n<p><a href=\"https:\/\/tonala.gob.mx\/portal\/wp-content\/uploads\/2017\/05\/Minuta-Comisi\u00f3n-Hacienda-22-Agosto-2016.pdf\">Minuta Comisi\u00f3n Hacienda 22 Agosto 2016<\/a><\/p>\n<p>[\/expand]<\/p>\n<p><strong>[expand title=\u00bbComisi\u00f3n Hacienda 19 Septiembre 2016&#8243;]<\/strong><\/p>\n<p><a href=\"https:\/\/tonala.gob.mx\/portal\/wp-content\/uploads\/2017\/05\/Minuta-Comisi\u00f3n-Hacienda-19-Septiembre-2016.pdf\">Minuta Comisi\u00f3n Hacienda 19 Septiembre 2016<\/a><\/p>\n<p>[\/expand]<\/p>\n<p><strong>[expand title=\u00bbComisi\u00f3n Hacienda 21 Octubre 2016&#8243;]<\/strong><\/p>\n<p><a href=\"https:\/\/tonala.gob.mx\/portal\/wp-content\/uploads\/2017\/05\/Minuta-Comisi\u00f3n-Hacienda-21-Octubre-2016.pdf\">Minuta Comisi\u00f3n Hacienda 21 Octubre 2016<\/a><\/p>\n<p>[\/expand]<\/p>\n<p><strong>[expand title=\u00bbComisi\u00f3n Hacienda 17 Noviembre 2016&#8243;]<\/strong><\/p>\n<p><a href=\"https:\/\/tonala.gob.mx\/portal\/wp-content\/uploads\/2017\/05\/Minuta-Comisi\u00f3n-Hacienda-17-Noviembre-2016.pdf\">Minuta Comisi\u00f3n Hacienda 17 Noviembre 2016<\/a><\/p>\n<p>[\/expand]<\/p>\n<p><strong>[expand title=\u00bbComisi\u00f3n Hacienda 13 Diciembre 2016&#8243;]<\/strong><\/p>\n<p><a href=\"https:\/\/tonala.gob.mx\/portal\/wp-content\/uploads\/2017\/05\/Minuta-Comisi\u00f3n-Hacienda-13-Diciembre-2016.pdf\">Minuta Comisi\u00f3n Hacienda 13 Diciembre 2016<\/a><\/p>\n<p>[\/expand]<\/p>\n<p><strong>2017<\/strong><\/p>\n<p><strong>[expand title=\u00bbComisi\u00f3n Hacienda 30 Enero 2017&#8243;]<\/strong><\/p>\n<p><a href=\"https:\/\/tonala.gob.mx\/portal\/wp-content\/uploads\/2017\/10\/Minuta-Comisi\u00f3n-Hacienda-30-Enero-2017.pdf\">Minuta Comisi\u00f3n Hacienda 30 Enero 2017<\/a><\/p>\n<p>[\/expand]<\/p>\n<p><strong>[expand title=\u00bbComisi\u00f3n Hacienda 7 y 14 Febrero 2017&#8243;]<\/strong><\/p>\n<p><a href=\"https:\/\/tonala.gob.mx\/portal\/assets\/Minuta%20de%20la%20Comisi%C3%B3n%20de%20Hacienda%207%20y%2014%20de%20Febrero%20de%202017.pdf\">Minuta Comisi\u00f3n Hacienda 7 y 14 Febrero 2017<\/a><\/p>\n<p>[\/expand]<\/p>\n<p><strong>[expand title=\u00bbComisi\u00f3n Hacienda Marzo 2017&#8243;]<\/strong><\/p>\n<p>[\/expand]<\/p>\n<p><strong>[expand title=\u00bbComisi\u00f3n Hacienda 04 Abril 2017&#8243;]<\/strong><\/p>\n<p><a href=\"https:\/\/tonala.gob.mx\/portal\/wp-content\/uploads\/2017\/10\/Minuta-Comisi\u00f3n-Hacienda-04-Abril-2017.pdf\">Minuta Comisi\u00f3n Hacienda 04 Abril 2017<\/a><\/p>\n<p>[\/expand]<\/p>\n<p><strong>[expand title=\u00bb Sesi\u00f3n Conjunta de las Comisiones Promoci\u00f3n Cultural y Hacienda 26 Mayo 2017&#8243;]<\/strong><\/p>\n<p><a href=\"https:\/\/tonala.gob.mx\/portal\/wp-content\/uploads\/2017\/08\/Minuta-Sesi\u00f3n-Conjunta-de-las-Comisiones-Promoci\u00f3n-Cultural-y-Hacienda-26-Mayo-2017.pdf\">Minuta Sesi\u00f3n Conjunta de las Comisiones Promoci\u00f3n Cultural y Hacienda 26 Mayo 2017<\/a><\/p>\n<p><a href=\"https:\/\/tonala.gob.mx\/portal\/wp-content\/uploads\/2017\/08\/O.-D.-Sesi\u00f3n-Conjunta-de-las-Comisiones-Promoci\u00f3n-Cultural-y-Hacienda-26-Mayo-2017.pdf\">O. D. Sesi\u00f3n Conjunta de las Comisiones Promoci\u00f3n Cultural y Hacienda 26 Mayo 2017<\/a><\/p>\n<p><a href=\"https:\/\/tonala.gob.mx\/portal\/wp-content\/uploads\/2017\/08\/Lista-de-Asistencia-Sesi\u00f3n-Conjunta-de-las-Comisiones-Promoci\u00f3n-Cultural-y-Hacienda-26-Mayo-2017.pdf\">Lista de Asistencia Sesi\u00f3n Conjunta de las Comisiones Promoci\u00f3n Cultural y Hacienda 26 Mayo 2017<\/a><\/p>\n<p>[\/expand]<\/p>\n<p><strong>[expand title=\u00bbComisi\u00f3n Hacienda 30 Junio 2017&#8243;]<\/strong><\/p>\n<p><a href=\"https:\/\/tonala.gob.mx\/portal\/wp-content\/uploads\/2017\/10\/Minuta-Comisi\u00f3n-Hacienda-30-Junio-2017.pdf\">Minuta Comisi\u00f3n Hacienda 30 Junio 2017<\/a><\/p>\n<p>[\/expand]<\/p>\n<p><strong>[expand title=\u00bbComisi\u00f3n Hacienda 26 Julio 2017&#8243;]<\/strong><\/p>\n<p><a href=\"https:\/\/tonala.gob.mx\/portal\/wp-content\/uploads\/2017\/10\/Minuta-Comisi\u00f3n-Hacienda-26-Julio-2017.pdf\">Minuta Comisi\u00f3n Hacienda 26 Julio 2017<\/a><\/p>\n<p>[\/expand]<\/p>\n<p><strong>[expand title=\u00bbComisi\u00f3n Hacienda 18 Agosto 2017&#8243;]<\/strong><\/p>\n<p><a href=\"https:\/\/tonala.gob.mx\/portal\/wp-content\/uploads\/2018\/02\/Minuta-Comisi\u00f3n-Hacienda-18-Agosto-2017.pdf\">Minuta Comisi\u00f3n Hacienda 18 Agosto 2017<\/a><\/p>\n<p>[\/expand]<\/p>\n<p><strong>[expand title=\u00bbComisi\u00f3n Hacienda 26 Septiembre 2017&#8243;]<\/strong><\/p>\n<p><a href=\"https:\/\/tonala.gob.mx\/portal\/wp-content\/uploads\/2018\/06\/Minuta-Comisi\u00f3n-Hacienda-26-Septiembre-2017-1.pdf\">Minuta Comisi\u00f3n Hacienda 26 Septiembre 2017<\/a><\/p>\n<p>[\/expand]<\/p>\n<p><strong>[expand title=\u00bbComisi\u00f3n Hacienda 11 Octubre 2017&#8243;]<\/strong><\/p>\n<p><a href=\"https:\/\/tonala.gob.mx\/portal\/wp-content\/uploads\/2018\/06\/Minuta-Comisi\u00f3n-Hacienda-11-Octubre-2017.pdf\">Minuta Comisi\u00f3n Hacienda 11 Octubre 2017<\/a><\/p>\n<p>[\/expand]<\/p>\n<p><strong>[expand title=\u00bbComisi\u00f3n Hacienda Noviembre 2017&#8243;]<\/strong><\/p>\n<p>[\/expand]<\/p>\n<p><strong>[expand title=\u00bbComisi\u00f3n Hacienda Diciembre 2017&#8243;]<\/strong><\/p>\n<p>[\/expand]<\/p>\n<p><strong>2018<\/strong><\/p>\n<p><strong>[expand title=\u00bbComisi\u00f3n Hacienda 26 Enero 2018&#8243;]<\/strong><\/p>\n<p><a href=\"https:\/\/tonala.gob.mx\/portal\/wp-content\/uploads\/2018\/06\/Minuta-Comisi\u00f3n-Hacienda-26-Enero-2018.pdf\">Minuta Comisi\u00f3n Hacienda 26 Enero 2018<\/a><\/p>\n<p>[\/expand]<\/p>\n<p><strong>[expand title=\u00bbComisi\u00f3n Hacienda Febrero 2018&#8243;]<\/strong><\/p>\n<p>[\/expand]<\/p>\n<p><strong>[expand title=\u00bbComisi\u00f3n Hacienda Marzo 2018&#8243;]<\/strong><\/p>\n<p>[\/expand]<\/p>\n<p><strong>[expand title=\u00bbComisi\u00f3n Hacienda Abril 2018&#8243;]<\/strong><\/p>\n<p>[\/expand]<\/p>\n<p><strong>[expand title=\u00bbComisi\u00f3n Hacienda Junio 2018&#8243;]<\/strong><\/p>\n<p>[\/expand]<\/p>\n<p><strong>[expand title=\u00bbComisi\u00f3n Hacienda Julio 2018&#8243;]<\/strong><\/p>\n<p>[\/expand]<\/p>\n<p><strong>[expand title=\u00bbComisi\u00f3n Hacienda Agosto 2018&#8243;]<\/strong><\/p>\n<p>[\/expand]<\/p>\n<p><strong>[expand title=\u00bbComisi\u00f3n Hacienda Septiembre 2018&#8243;]<\/strong><\/p>\n<p>[\/expand]<\/p>\n<p><strong>[expand title=\u00bbComisi\u00f3n Hacienda Octubre 2018&#8243;]<\/strong><\/p>\n<p>[\/expand]<\/p>\n<p><strong>[expand title=\u00bbComisi\u00f3n Hacienda Noviembre 2018&#8243;]<\/strong><\/p>\n<p>[\/expand]<\/p>\n<p><strong>[expand title=\u00bbComisi\u00f3n Hacienda Diciembre 2018&#8243;]<\/strong><\/p>\n<p>[\/expand]<\/p>\n","protected":false},"excerpt":{"rendered":"<p>Plan de Trabajo\u00a02015 Plan de Trabajo Hacienda 2016-2018 Turno a Comisi\u00f3n A\u00f1o 2015 [expand title=\u00bbComisi\u00f3n Hacienda 09 de Octubre de<\/p>\n","protected":false},"author":1,"featured_media":0,"parent":0,"menu_order":0,"comment_status":"closed","ping_status":"closed","template":"","meta":{"colormag_page_container_layout":"default_layout","colormag_page_sidebar_layout":"default_layout","footnotes":""},"class_list":["post-4060","page","type-page","status-publish","hentry"],"_links":{"self":[{"href":"https:\/\/tonala.gob.mx\/portal\/wp-json\/wp\/v2\/pages\/4060","targetHints":{"allow":["GET"]}}],"collection":[{"href":"https:\/\/tonala.gob.mx\/portal\/wp-json\/wp\/v2\/pages"}],"about":[{"href":"https:\/\/tonala.gob.mx\/portal\/wp-json\/wp\/v2\/types\/page"}],"author":[{"embeddable":true,"href":"https:\/\/tonala.gob.mx\/portal\/wp-json\/wp\/v2\/users\/1"}],"replies":[{"embeddable":true,"href":"https:\/\/tonala.gob.mx\/portal\/wp-json\/wp\/v2\/comments?post=4060"}],"version-history":[{"count":31,"href":"https:\/\/tonala.gob.mx\/portal\/wp-json\/wp\/v2\/pages\/4060\/revisions"}],"predecessor-version":[{"id":19988,"href":"https:\/\/tonala.gob.mx\/portal\/wp-json\/wp\/v2\/pages\/4060\/revisions\/19988"}],"wp:attachment":[{"href":"https:\/\/tonala.gob.mx\/portal\/wp-json\/wp\/v2\/media?parent=4060"}],"curies":[{"name":"wp","href":"https:\/\/api.w.org\/{rel}","templated":true}]}}