{"id":4045,"date":"2016-07-01T15:33:24","date_gmt":"2016-07-01T15:33:24","guid":{"rendered":"http:\/\/tonala.gob.mx\/portal\/?page_id=4045"},"modified":"2018-07-31T14:03:14","modified_gmt":"2018-07-31T20:03:14","slug":"comision-educacion","status":"publish","type":"page","link":"https:\/\/tonala.gob.mx\/portal\/comision-educacion\/","title":{"rendered":"Comision Educaci\u00f3n"},"content":{"rendered":"<p><a href=\"https:\/\/tonala.gob.mx\/portal\/wp-content\/uploads\/2017\/02\/Plan-de-Trabajo-Educaci\u00f3n-P\u00fablica.pdf\"><strong>Programa de Trabajo Comisi\u00f3n Educaci\u00f3n P\u00fablica 2015 &#8211; 2018<\/strong><\/a><\/p>\n<p><strong><a href=\"https:\/\/tonala.gob.mx\/portal\/wp-content\/uploads\/2016\/08\/Programa_de_Trabajo_Comision_Educacion_turismo_cultura_Olivia_Venegas_Perez.pdf\">Plan de Trabajo<\/a>\u00a02015<\/strong><\/p>\n<p><a href=\"https:\/\/tonala.gob.mx\/portal\/wp-content\/uploads\/2017\/02\/Turno-a-Comisi\u00f3n-Obras-Publicas-Educaci\u00f3n-Publica-y-Hacienda.pdf\"><strong>Turno a Comisi\u00f3n<\/strong><\/a><\/p>\n<p><strong>A\u00f1o 2015<\/strong><\/p>\n<p><strong>[expand title=\u00bbComisi\u00f3n Educaci\u00f3n 08 Octubre 2015&#8243;]<\/strong><\/p>\n<p><a href=\"https:\/\/tonala.gob.mx\/portal\/wp-content\/uploads\/2016\/02\/Comision_Educacion_Publica_08_Octubre_2015.pdf\">Comisi\u00f3n Educaci\u00f3n Publica 08 de Octubre de 2015<\/a><\/p>\n<p><a href=\"https:\/\/tonala.gob.mx\/portal\/wp-content\/uploads\/2016\/11\/O.D._Comision_Educacion_Publica_08_Octubre_2015.pdf\">O.D. Comisi\u00f3n Educaci\u00f3n Publica 08 de Octubre de 2015<\/a><\/p>\n<p><a href=\"https:\/\/tonala.gob.mx\/portal\/wp-content\/uploads\/2016\/11\/Asistencia_Comision_Educacion_Publica_08_Octubre_2015.pdf\">Asistencia Comisi\u00f3n Educaci\u00f3n Publica 08 de Octubre de 2015<\/a><\/p>\n<p>[\/expand]<\/p>\n<p><strong>[expand title=\u00bbComision Educaci\u00f3n Noviembre 2015&#8243;]<\/strong><\/p>\n<p><a href=\"https:\/\/tonala.gob.mx\/portal\/wp-content\/uploads\/2016\/12\/Justificacion_Educacion_Promocion_Cultural_Turismo.pdf\">Comisi\u00f3n Educaci\u00f3n Noviembre<\/a><\/p>\n<p><a href=\"https:\/\/tonala.gob.mx\/portal\/wp-content\/uploads\/2017\/01\/Comisi\u00f3n-Educaci\u00f3n-Noviembrea.pdf\">Comisi\u00f3n Educaci\u00f3n Noviembre*<\/a><\/p>\n<p>[\/expand]<\/p>\n<p><strong>[expand title=\u00bbComisi\u00f3n Educaci\u00f3n 16 Diciembre 2015&#8243;]<\/strong><\/p>\n<p><a href=\"https:\/\/tonala.gob.mx\/portal\/wp-content\/uploads\/2016\/05\/Comision_Educacion_16_Diciembre_2015.pdf\">Comisi\u00f3n Educaci\u00f3n 16 de Diciembre de 2015<\/a><\/p>\n<p><a href=\"https:\/\/tonala.gob.mx\/portal\/wp-content\/uploads\/2016\/11\/O.D._Comision_Educacion_Publica_16_Diciembre_2015.pdf\">O.D. Comisi\u00f3n Educaci\u00f3n Publica 16 de Diciembre de 2015<\/a><\/p>\n<p><a href=\"https:\/\/tonala.gob.mx\/portal\/wp-content\/uploads\/2016\/11\/Asistencia_Comision_Educacion_16_Diciembre_2015.pdf\">Asistencia Comisi\u00f3n Educaci\u00f3n Publica 16 de Diciembre de 2015<\/a><\/p>\n<p>[\/expand]<\/p>\n<p><strong>A\u00f1o 2016<\/strong><\/p>\n<p><strong>[expand title=\u00bbComisi\u00f3n\u00a0Educaci\u00f3n Enero 2016&#8243;]<\/strong><\/p>\n<p><a href=\"https:\/\/tonala.gob.mx\/portal\/wp-content\/uploads\/2016\/12\/Justificacion_Educacion_Promocion_Cultural_Turismo.pdf\">Comisi\u00f3n Educaci\u00f3n Enero<\/a><\/p>\n<p><a href=\"https:\/\/tonala.gob.mx\/portal\/wp-content\/uploads\/2017\/01\/Comisi\u00f3n-Educaci\u00f3n-Eneroa.pdf\">Comisi\u00f3n Educaci\u00f3n Enero*<\/a><\/p>\n<p>[\/expand]<\/p>\n<p><strong>[expand title=\u00bbComisi\u00f3n\u00a0Educaci\u00f3n 23 Febrero 2016&#8243;]<\/strong><\/p>\n<p><a href=\"https:\/\/tonala.gob.mx\/portal\/wp-content\/uploads\/2016\/05\/Educacion_23_Febrero_2016.pdf\">Comisi\u00f3n Educaci\u00f3n 23 de Febrero de 2016<\/a><\/p>\n<p><a href=\"https:\/\/tonala.gob.mx\/portal\/wp-content\/uploads\/2016\/11\/O.D._Comisi\u00f3n-Educaci\u00f3n-23-de-Febrero-de-2016.pdf\">O.D. Comisi\u00f3n Educaci\u00f3n 23 de Febrero de 2016<\/a><\/p>\n<p><a href=\"https:\/\/tonala.gob.mx\/portal\/wp-content\/uploads\/2016\/11\/Asistencia_Educacion_23_Febrero_2016.pdf\">Asistencia Comisi\u00f3n Educaci\u00f3n 23 de Febrero de 2016<\/a><\/p>\n<p>[\/expand]<\/p>\n<p><strong>[expand title=\u00bbComisi\u00f3n\u00a0Educaci\u00f3n 18 Marzo 2016&#8243;]<\/strong><\/p>\n<p><a href=\"https:\/\/tonala.gob.mx\/portal\/wp-content\/uploads\/2016\/05\/Educacion_18_Marzo_2016.pdf\">Comisi\u00f3n Educaci\u00f3n 18 de Marzo de 2016<\/a><\/p>\n<p><a href=\"https:\/\/tonala.gob.mx\/portal\/wp-content\/uploads\/2016\/11\/O.D._Comisi\u00f3n-Educaci\u00f3n-18-de-Marzo-de-2016.pdf\">\u00a0O.D. Comisi\u00f3n Educaci\u00f3n 18 de Marzo de 2016<\/a><\/p>\n<p><a href=\"https:\/\/tonala.gob.mx\/portal\/wp-content\/uploads\/2016\/11\/Asistencia_Educacion_18_Marzo_2016.pdf\">Asistencia Comisi\u00f3n Educaci\u00f3n 18 de Marzo de 2016<\/a><\/p>\n<p>[\/expand]<\/p>\n<p><strong>[expand title=\u00bbComisi\u00f3n\u00a0Educaci\u00f3n 13 Abril 2016&#8243;]<\/strong><\/p>\n<p><a href=\"https:\/\/tonala.gob.mx\/portal\/wp-content\/uploads\/2016\/05\/Educacion_13_Abril_2016.pdf\">Comisi\u00f3n Educaci\u00f3n 13 de Abril de 2016<\/a><\/p>\n<p><a href=\"https:\/\/tonala.gob.mx\/portal\/wp-content\/uploads\/2016\/11\/O.D._Comisi\u00f3n-Educaci\u00f3n-33-de-Abril-de-2016.pdf\">O.D. Comisi\u00f3n Educaci\u00f3n 13 de Abril de 2016<\/a><\/p>\n<p><a href=\"https:\/\/tonala.gob.mx\/portal\/wp-content\/uploads\/2016\/11\/Asistencia_Educacion_13_Abril_2016.pdf\">Asistencia Comisi\u00f3n Educaci\u00f3n 13 de Abril de 2016<\/a><\/p>\n<p>[\/expand]<\/p>\n<p><strong>[expand title=\u00bbComisi\u00f3n\u00a0Educaci\u00f3n 17 Mayo 2016&#8243;]<\/strong><\/p>\n<p><a href=\"https:\/\/tonala.gob.mx\/portal\/wp-content\/uploads\/2016\/12\/Asistencia-Educaci\u00f3n-17-Mayo-2016.pdf\">Comisi\u00f3n Educaci\u00f3n 17 Mayo 2016<\/a><\/p>\n<p><a href=\"https:\/\/tonala.gob.mx\/portal\/wp-content\/uploads\/2016\/12\/O.D.-Educacion-Publica-17-Mayo-2016.pdf\">O.D. Comisi\u00f3n Educaci\u00f3n 17 Mayo 2016<\/a><\/p>\n<p><a href=\"https:\/\/tonala.gob.mx\/portal\/wp-content\/uploads\/2016\/12\/Asistencia-Educacion-Publica-17-Mayo-2016.pdf\">Asistencia Comisi\u00f3n Educaci\u00f3n 17 Mayo 2016<\/a><\/p>\n<p>[\/expand]<\/p>\n<p><strong>[expand title=\u00bbComisi\u00f3n\u00a0Educaci\u00f3n Junio 2016&#8243;]<\/strong><\/p>\n<p><a href=\"https:\/\/tonala.gob.mx\/portal\/wp-content\/uploads\/2016\/12\/Justificacion_Educacion_Promocion_Cultural_Turismo.pdf\">Comisi\u00f3n Educaci\u00f3n Junio<\/a><\/p>\n<p><a href=\"https:\/\/tonala.gob.mx\/portal\/wp-content\/uploads\/2017\/01\/Comisi\u00f3n-Educaci\u00f3n-Junioa.pdf\">Comisi\u00f3n Educaci\u00f3n Junio*<\/a><\/p>\n<p>[\/expand]<\/p>\n<p><strong>[expand title=\u00bbComisi\u00f3n\u00a0Educaci\u00f3n 29 Julio 2016&#8243;]<\/strong><\/p>\n<p><a href=\"https:\/\/tonala.gob.mx\/portal\/wp-content\/uploads\/2017\/05\/Minuta-Comisi\u00f3n-Educaci\u00f3n-29-Julio-2016.pdf\">Comisi\u00f3n Educaci\u00f3n 29 Julio 2016<\/a><\/p>\n<p><a href=\"https:\/\/tonala.gob.mx\/portal\/wp-content\/uploads\/2016\/12\/O.D._Educacion_29_Julio_2016.pdf\">O.D. Comisi\u00f3n Educaci\u00f3n 29 Julio 2016<\/a><\/p>\n<p><a href=\"https:\/\/tonala.gob.mx\/portal\/wp-content\/uploads\/2016\/12\/Asistencia_Educacion_29_Julio_2016.pdf\">Asistencia Comisi\u00f3n Educaci\u00f3n 29 Julio 2016<\/a><\/p>\n<p>[\/expand]<\/p>\n<p><strong>[expand title=\u00bbComisi\u00f3n\u00a0Educaci\u00f3n 19 Agosto 2016&#8243;]<\/strong><\/p>\n<p><a href=\"https:\/\/tonala.gob.mx\/portal\/wp-content\/uploads\/2016\/10\/Comision-de-Patrimonio-y-Educacion-19-Agosto-2016.pdf\">Comisi\u00f3n conjunta de Educaci\u00f3n Publica y Patrimonio 19 Agosto 2016<\/a><\/p>\n<p><a href=\"https:\/\/tonala.gob.mx\/portal\/wp-content\/uploads\/2016\/10\/O.D.-Comision-de-Patrimonio-y-Educacion-19-Agosto-2016.pdf\">O.D. Comisi\u00f3n conjunta de Educaci\u00f3n Publica y Patrimonio 19 Agosto 2016\u00a0<\/a><\/p>\n<p><a href=\"https:\/\/tonala.gob.mx\/portal\/wp-content\/uploads\/2016\/10\/Asistencia-Comision-de-Patrimonio-y-Educacion-19-Agosto-2016.pdf\">Asistencia Comisi\u00f3n conjunta de Educaci\u00f3n Publica y Patrimonio 19 Agosto 2016<\/a><\/p>\n<p>[\/expand]<\/p>\n<p><strong>[expand title=\u00bbSesi\u00f3n Conjunta Comisi\u00f3n Patrimonio Municipal y Educaci\u00f3n 24 Agosto 2016&#8243;]<\/strong><\/p>\n<p><a href=\"https:\/\/tonala.gob.mx\/portal\/wp-content\/uploads\/2017\/03\/COMISION-EDILICIA-DE-PATRIMONIO-MUNICIPAL-Y-EDUCACION-PUBLICA-24-AGOSTO-2016.pdf\">Minuta Sesi\u00f3n Conjunta Comisi\u00f3n Patrimonio Municipal y Educaci\u00f3n 24 Agosto 2016<\/a><\/p>\n<p>[\/expand]<\/p>\n<p><strong>[expand title=\u00bbSesi\u00f3n Conjunta Comisi\u00f3n Patrimonio Municipal y Educaci\u00f3n 29 Agosto 2016&#8243;]<\/strong><\/p>\n<p><a href=\"https:\/\/tonala.gob.mx\/portal\/wp-content\/uploads\/2017\/06\/Minuta-Sesi\u00f3n-Conjunta-de-las-Comisiones-Edilicias-Educaci\u00f3n-y-Patrimonio-29-Agosto-2016.pdf\">Minuta Sesi\u00f3n Conjunta Patrimonio Municipal y Educaci\u00f3n 29 Agosto 2016<\/a><\/p>\n<p>[\/expand]<\/p>\n<p><strong>[expand title=\u00bbComisi\u00f3n\u00a0Educaci\u00f3n 29 Septiembre 2016&#8243;]<\/strong><\/p>\n<p><a href=\"https:\/\/tonala.gob.mx\/portal\/wp-content\/uploads\/2016\/10\/Comision-de-Educacion-Falta-de-Quorum-29-Septiembre-2016.pdf\">Comisi\u00f3n Educaci\u00f3n Publica 29 Septiembre 2016<\/a><\/p>\n<p>[\/expand]<\/p>\n<p><strong>[expand title=\u00bb Comisi\u00f3n Educaci\u00f3n 28 Octubre 2016&#8243;]<\/strong><\/p>\n<p><a href=\"https:\/\/tonala.gob.mx\/portal\/wp-content\/uploads\/2017\/02\/Comisi\u00f3n-Educaci\u00f3n-28-Octubre-2016.pdf\">Comisi\u00f3n Educaci\u00f3n 28 Octubre 2016<\/a><\/p>\n<p><a href=\"https:\/\/tonala.gob.mx\/portal\/wp-content\/uploads\/2017\/02\/O.D.-Educaci\u00f3n-28-Octubre-2016.pdf\">O.D. Comisi\u00f3n Educaci\u00f3n 28 Octubre 2016<\/a><\/p>\n<p><a href=\"https:\/\/tonala.gob.mx\/portal\/wp-content\/uploads\/2017\/02\/Asistencia-Educaci\u00f3n-28-Octubre-2016.pdf\">Asistencia Comisi\u00f3n Educaci\u00f3n 28 Octubre 2016<\/a><\/p>\n<p>[\/expand]<\/p>\n<p><strong>[expand title=\u00bbComisi\u00f3n Educaci\u00f3n 30 Noviembre 2016&#8243;]<\/strong><\/p>\n<p><a href=\"https:\/\/tonala.gob.mx\/portal\/wp-content\/uploads\/2017\/02\/Comisi\u00f3n-Educaci\u00f3n-30-Noviembre-2016.pdf\">Comisi\u00f3n Educaci\u00f3n 30 Noviembre 2016<\/a><\/p>\n<p><a href=\"https:\/\/tonala.gob.mx\/portal\/wp-content\/uploads\/2017\/02\/O.D.-Educaci\u00f3n-30-Noviembre-2016.pdf\">O.D. Comisi\u00f3n Educaci\u00f3n 30 Noviembre 2016<\/a><\/p>\n<p><a href=\"https:\/\/tonala.gob.mx\/portal\/wp-content\/uploads\/2017\/02\/Asistencia-Edicaci\u00f3n-30-Noviembre-2016.pdf\">Asistencia Comisi\u00f3n Educaci\u00f3n 30 Noviembre 2016<\/a><\/p>\n<p>[\/expand]<\/p>\n<p><strong>[expand title=\u00bb Comisi\u00f3n Educaci\u00f3n 14 Diciembre 2016&#8243;]<\/strong><\/p>\n<p><a href=\"https:\/\/tonala.gob.mx\/portal\/wp-content\/uploads\/2017\/02\/Comisi\u00f3n-Educaci\u00f3n-14-Diciembre-2016.pdf\">Comisi\u00f3n Educaci\u00f3n 14 Diciembre 2016<\/a><\/p>\n<p><a href=\"https:\/\/tonala.gob.mx\/portal\/wp-content\/uploads\/2017\/02\/O.D.-Comisi\u00f3n-Educaci\u00f3n-14-Diciembre-2016.pdf\">O.D. Comisi\u00f3n Educaci\u00f3n 14 Diciembre 2016<\/a><\/p>\n<p><a href=\"https:\/\/tonala.gob.mx\/portal\/wp-content\/uploads\/2017\/02\/Asistencia-Educaci\u00f3n-14-Diciembre-2016.pdf\">Asistencia Comisi\u00f3n Educaci\u00f3n 14 Diciembre 2016<\/a><\/p>\n<p>[\/expand]<\/p>\n<p><strong>2017<\/strong><\/p>\n<p><strong>[expand title=\u00bbComisi\u00f3n Educaci\u00f3n 12 Enero 2017&#8243;]<\/strong><\/p>\n<p><a href=\"https:\/\/tonala.gob.mx\/portal\/wp-content\/uploads\/2017\/04\/Minuta-Comisi\u00f3n-Educaci\u00f3n-12-Enero-2017.pdf\">Minuta Comisi\u00f3n Educaci\u00f3n 12 Enero 2017<\/a><\/p>\n<p>[\/expand]<\/p>\n<p><strong>[expand title=\u00bbComisi\u00f3n Educaci\u00f3n 28 Febrero 2017&#8243;]<\/strong><\/p>\n<p><a href=\"https:\/\/tonala.gob.mx\/portal\/wp-content\/uploads\/2017\/04\/Minuta-Comisi\u00f3n-Educaci\u00f3n-28-Febrero-2017.pdf\">Minuta Comisi\u00f3n Educaci\u00f3n 28 Febrero 2017<\/a><\/p>\n<p>[\/expand]<\/p>\n<p><strong>[expand title=\u00bbComisi\u00f3n Educaci\u00f3n 30 Marzo 2017&#8243;]<\/strong><\/p>\n<p><a href=\"https:\/\/tonala.gob.mx\/portal\/wp-content\/uploads\/2017\/05\/Minuta-Comisi\u00f3n-Educaci\u00f3n-30-Marzo-2017.pdf\">Minuta Comisi\u00f3n Educaci\u00f3n 30 Marzo 2017<\/a><\/p>\n<p>[\/expand]<\/p>\n<p><strong>[expand title=\u00bbComisi\u00f3n Educaci\u00f3n 27 Abril 2017&#8243;]<\/strong><\/p>\n<p><a href=\"https:\/\/tonala.gob.mx\/portal\/wp-content\/uploads\/2017\/05\/Minuta-Comisi\u00f3n-Educaci\u00f3n-27-Abril-2017.pdf\">Minuta Comisi\u00f3n Educaci\u00f3n 27 Abril 2017<\/a><\/p>\n<p>[\/expand]<\/p>\n<p><strong>[expand title=\u00bbComisi\u00f3n Educaci\u00f3n 26 Mayo 2017&#8243;]<\/strong><\/p>\n<p><a href=\"https:\/\/tonala.gob.mx\/portal\/wp-content\/uploads\/2017\/08\/Minuta-Comisi\u00f3n-Educaci\u00f3n-26-Mayo-2017.pdf\">Minuta Comisi\u00f3n Educaci\u00f3n 26 Mayo 2017<\/a><\/p>\n<p><a href=\"https:\/\/tonala.gob.mx\/portal\/wp-content\/uploads\/2017\/08\/Lista-de-Asistencia-Comisi\u00f3n-Educaci\u00f3n-26-Mayo-2017.pdf\">Lista de Asistencia Comisi\u00f3n Educaci\u00f3n 26 Mayo 2017<\/a><\/p>\n<p>[\/expand]<\/p>\n<p><strong>[expand title=\u00bbComisi\u00f3n Educaci\u00f3n 30 Junio 2017&#8243;]<\/strong><\/p>\n<p><a href=\"https:\/\/tonala.gob.mx\/portal\/wp-content\/uploads\/2017\/08\/Minuta-Comisi\u00f3n-Educaci\u00f3n-30-Junio-2017.pdf\">Minuta Comisi\u00f3n Educaci\u00f3n 30 Junio 2017<\/a><\/p>\n<p><a href=\"https:\/\/tonala.gob.mx\/portal\/wp-content\/uploads\/2017\/08\/Lista-de-Asistencia-Comisi\u00f3n-Educaci\u00f3n-30-Junio-2017.pdf\">Lista de Asistencia Comisi\u00f3n Educaci\u00f3n 30 Junio\u00a0<\/a><\/p>\n<p>[\/expand]<\/p>\n<p><strong>[expand title=\u00bbComisi\u00f3n Educaci\u00f3n 28 Julio 2017&#8243;]<\/strong><\/p>\n<p><a href=\"https:\/\/tonala.gob.mx\/portal\/wp-content\/uploads\/2017\/08\/Minuta-Comisi\u00f3n-Educaci\u00f3n-28-Julio-2017.pdf\">Minuta Comisi\u00f3n Educaci\u00f3n 28 Julio 2017<\/a><\/p>\n<p><a href=\"https:\/\/tonala.gob.mx\/portal\/wp-content\/uploads\/2017\/08\/Lista-de-Asistencia-Comisi\u00f3n-Educaci\u00f3n-28-Julio-2017.pdf\">Lista de Asistencia Educaci\u00f3n 28 Julio 2017<\/a><\/p>\n<p>[\/expand]<\/p>\n<p><strong>[expand title=\u00bbComisi\u00f3n Educaci\u00f3n 31 Agosto 2017&#8243;]<\/strong><\/p>\n<p><a href=\"https:\/\/tonala.gob.mx\/portal\/wp-content\/uploads\/2017\/09\/Minuta-Comisi\u00f3n-Educaci\u00f3n-31-Agosto-2017.pdf\">Minuta Comisi\u00f3n Educaci\u00f3n 31 Agosto 2017<\/a><\/p>\n<p>[\/expand]<\/p>\n<p><strong>[expand title=\u00bbSesi\u00f3n Conjunta Comisiones Educaci\u00f3n y Patrimonio Municipal 26 Septiembre 2017&#8243;]<\/strong><\/p>\n<p><a href=\"https:\/\/tonala.gob.mx\/portal\/wp-content\/uploads\/2017\/11\/Minuta-Comisiones-Educaci\u00f3n-y-Patrimonio-26-Septiembre-2017.pdf\">Minuta Sesi\u00f3n Conjunta Comisiones Educaci\u00f3n y Patrimonio Municipal 26 Septiembre 2017<\/a><\/p>\n<p>[\/expand]<\/p>\n<p><strong>[expand title=\u00bbSesi\u00f3n Conjunta Comisiones Educaci\u00f3n y Patrimonio Municipal 28 Septiembre 2017&#8243;]<\/strong><\/p>\n<p><a href=\"https:\/\/tonala.gob.mx\/portal\/wp-content\/uploads\/2017\/11\/Minuta-Comisiones-Educaci\u00f3n-y-Patrimonio-28-Septiembre-2017.pdf\">Minuta Sesi\u00f3n Conjunta Comisiones Educaci\u00f3n y Patrimonio Municipal 28 Septiembre 2017<\/a><\/p>\n<p>[\/expand]<\/p>\n<p><strong>[expand title=\u00bbComisi\u00f3n Educaci\u00f3n 27 Octubre 2017&#8243;]<\/strong><\/p>\n<p><a href=\"https:\/\/tonala.gob.mx\/portal\/wp-content\/uploads\/2018\/01\/Minuta-Comisi\u00f3n-Educaci\u00f3n-27-Octubre-2017.pdf\">Minuta Comisi\u00f3n Educaci\u00f3n 27 Octubre 2017<\/a><\/p>\n<p>[\/expand]<\/p>\n<p><strong>[expand title=\u00bbComisi\u00f3n Educaci\u00f3n 29 Noviembre 2017&#8243;]<\/strong><\/p>\n<p><a href=\"https:\/\/tonala.gob.mx\/portal\/wp-content\/uploads\/2018\/01\/Minuta-Comisi\u00f3n-Educaci\u00f3n-29-Noviembre-2017.pdf\">Minuta Comisi\u00f3n Educaci\u00f3n 29 Noviembre 2017<\/a><\/p>\n<p>[\/expand]<\/p>\n<p><strong>[expand title=\u00bbComisi\u00f3n Educaci\u00f3n 05 Diciembre 2017&#8243;]<\/strong><\/p>\n<p><a href=\"https:\/\/tonala.gob.mx\/portal\/wp-content\/uploads\/2018\/02\/Minuta-Comisi\u00f3n-Educaci\u00f3n-05-Diciembre-2017.pdf\">Minuta Comisi\u00f3n Educaci\u00f3n 05 Diciembre 2017<\/a><\/p>\n<p>[\/expand]<\/p>\n<p><strong>2018<\/strong><\/p>\n<p><strong>[expand title=\u00bbComisi\u00f3n Educaci\u00f3n 29 Enero 2018&#8243;]<\/strong><\/p>\n<p><a href=\"https:\/\/tonala.gob.mx\/portal\/wp-content\/uploads\/2018\/07\/Minuta-Comisi\u00f3n-Educaci\u00f3n-29-Enero-2018.pdf\">Minuta Comisi\u00f3n Educaci\u00f3n 29 Enero 2018<\/a><\/p>\n<p>[\/expand]<\/p>\n<p><strong>[expand title=\u00bbComisi\u00f3n Educaci\u00f3n 27 Febrero 2018&#8243;]<\/strong><\/p>\n<p><a href=\"https:\/\/tonala.gob.mx\/portal\/wp-content\/uploads\/2018\/07\/Minuta-Comisi\u00f3n-Educaci\u00f3n-27-Febrero-2018.pdf\">Minuta Comisi\u00f3n Educaci\u00f3n 27 Febrero 2018<\/a><\/p>\n<p>[\/expand]<\/p>\n<p><strong>[expand title=\u00bbComisi\u00f3n Educaci\u00f3n 22 Marzo 2018&#8243;]<\/strong><\/p>\n<p><a href=\"https:\/\/tonala.gob.mx\/portal\/wp-content\/uploads\/2018\/07\/Minuta-Comisi\u00f3n-Educaci\u00f3n-22-Marzo-2018.pdf\">Minuta Comisi\u00f3n Educaci\u00f3n 22 Marzo 2018<\/a><\/p>\n<p>[\/expand]<\/p>\n<p><strong>[expand title=\u00bbComisi\u00f3n Educaci\u00f3n 27 Abril 2018&#8243;]<\/strong><\/p>\n<p><a href=\"https:\/\/tonala.gob.mx\/portal\/wp-content\/uploads\/2018\/07\/Minuta-Comisi\u00f3n-Educaci\u00f3n-27-Abril-2018.pdf\">Minuta Comisi\u00f3n Educaci\u00f3n 27 Abril 2018<\/a><\/p>\n<p>[\/expand]<\/p>\n<p><strong>[expand title=\u00bbComisi\u00f3n Educaci\u00f3n 30 Mayo 2018&#8243;]<\/strong><\/p>\n<p><a href=\"https:\/\/tonala.gob.mx\/portal\/wp-content\/uploads\/2018\/07\/Minuta-Comisi\u00f3n-Educaci\u00f3n-30-Mayo-2018.pdf\">Minuta Comisi\u00f3n Educaci\u00f3n 30 Mayo 2018<\/a><\/p>\n<p>[\/expand]<\/p>\n<p><strong>[expand title=\u00bbComisi\u00f3n Educaci\u00f3n 27 Junio 2018&#8243;]<\/strong><\/p>\n<p><a href=\"https:\/\/tonala.gob.mx\/portal\/wp-content\/uploads\/2018\/07\/Minuta-Comisi\u00f3n-Educaci\u00f3n-27-Junio-2018.pdf\">Minuta Comisi\u00f3n Educaci\u00f3n 27 Junio 2018<\/a><\/p>\n<p>[\/expand]<\/p>\n<p><strong>[expand title=\u00bbComisi\u00f3n Educaci\u00f3n Julio 2018&#8243;]<\/strong><\/p>\n<p>[\/expand]<\/p>\n<p><strong>[expand title=\u00bbComisi\u00f3n Educaci\u00f3n Agosto 2018&#8243;]<\/strong><\/p>\n<p>[\/expand]<\/p>\n<p><strong>[expand title=\u00bbComisi\u00f3n Educaci\u00f3n Septiembre 2018&#8243;]<\/strong><\/p>\n<p>[\/expand]<\/p>\n<p><strong>[expand title=\u00bbComisi\u00f3n Educaci\u00f3n Octubre 2018&#8243;]<\/strong><\/p>\n<p>[\/expand]<\/p>\n<p><strong>[expand title=\u00bbComisi\u00f3n Educaci\u00f3n Noviembre 2018&#8243;]<\/strong><\/p>\n<p>[\/expand]<\/p>\n<p><strong>[expand title=\u00bbComisi\u00f3n Educaci\u00f3n Diciembre 2018&#8243;]<\/strong><\/p>\n<p>[\/expand]<\/p>\n","protected":false},"excerpt":{"rendered":"<p>Programa de Trabajo Comisi\u00f3n Educaci\u00f3n P\u00fablica 2015 &#8211; 2018 Plan de Trabajo\u00a02015 Turno a Comisi\u00f3n A\u00f1o 2015 [expand title=\u00bbComisi\u00f3n Educaci\u00f3n<\/p>\n","protected":false},"author":1,"featured_media":0,"parent":0,"menu_order":0,"comment_status":"closed","ping_status":"closed","template":"","meta":{"colormag_page_container_layout":"default_layout","colormag_page_sidebar_layout":"default_layout","footnotes":""},"class_list":["post-4045","page","type-page","status-publish","hentry"],"_links":{"self":[{"href":"https:\/\/tonala.gob.mx\/portal\/wp-json\/wp\/v2\/pages\/4045","targetHints":{"allow":["GET"]}}],"collection":[{"href":"https:\/\/tonala.gob.mx\/portal\/wp-json\/wp\/v2\/pages"}],"about":[{"href":"https:\/\/tonala.gob.mx\/portal\/wp-json\/wp\/v2\/types\/page"}],"author":[{"embeddable":true,"href":"https:\/\/tonala.gob.mx\/portal\/wp-json\/wp\/v2\/users\/1"}],"replies":[{"embeddable":true,"href":"https:\/\/tonala.gob.mx\/portal\/wp-json\/wp\/v2\/comments?post=4045"}],"version-history":[{"count":33,"href":"https:\/\/tonala.gob.mx\/portal\/wp-json\/wp\/v2\/pages\/4045\/revisions"}],"predecessor-version":[{"id":19330,"href":"https:\/\/tonala.gob.mx\/portal\/wp-json\/wp\/v2\/pages\/4045\/revisions\/19330"}],"wp:attachment":[{"href":"https:\/\/tonala.gob.mx\/portal\/wp-json\/wp\/v2\/media?parent=4045"}],"curies":[{"name":"wp","href":"https:\/\/api.w.org\/{rel}","templated":true}]}}