{"id":4043,"date":"2016-07-01T15:29:22","date_gmt":"2016-07-01T15:29:22","guid":{"rendered":"http:\/\/tonala.gob.mx\/portal\/?page_id=4043"},"modified":"2018-08-03T13:26:22","modified_gmt":"2018-08-03T19:26:22","slug":"comision-promocion-cultural","status":"publish","type":"page","link":"https:\/\/tonala.gob.mx\/portal\/comision-promocion-cultural\/","title":{"rendered":"Comisi\u00f3n Promoci\u00f3n Cultural"},"content":{"rendered":"<p><strong><a href=\"https:\/\/tonala.gob.mx\/portal\/wp-content\/uploads\/2017\/02\/Plan-de-Trabajo-Promoci\u00f3n-Cultural.pdf\">Programa de Trabajo Comisi\u00f3n Promoci\u00f3n Cultural 2015 &#8211; 2018<\/a><\/strong><\/p>\n<p><strong><a href=\"https:\/\/tonala.gob.mx\/portal\/wp-content\/uploads\/2016\/08\/Programa_de_Trabajo_Comision_Educacion_turismo_cultura_Olivia_Venegas_Perez.pdf\">Plan de Trabajo<\/a>\u00a02015<\/strong><\/p>\n<p><strong><a href=\"https:\/\/tonala.gob.mx\/portal\/wp-content\/uploads\/2016\/10\/Comision-Promoci\u00f3n-Cultural.pdf\">Plan de Trabajo Promoci\u00f3n Cultural<\/a>\u00a02016-2018<\/strong><\/p>\n<p><strong>A\u00f1o 2015<\/strong><\/p>\n<p><strong>[expand title=\u00bbComisi\u00f3n Promoci\u00f3n Cultural 14 de Octubre de 2015&#8243;]<\/strong><\/p>\n<p><a href=\"https:\/\/tonala.gob.mx\/portal\/wp-content\/uploads\/2016\/02\/Comision_Promocion_cultural_14_Octubre_2015.pdf\">Comisi\u00f3n Promoci\u00f3n Cultural 14 de Octubre de 2015<\/a><\/p>\n<p><a href=\"https:\/\/tonala.gob.mx\/portal\/wp-content\/uploads\/2016\/08\/O.D._Promocion_Cultural_14_Octubre_2015.pdf\">O.D. Promoci\u00f3n Cultural 14 de Octubre de 2015<\/a><\/p>\n<p>[\/expand]<\/p>\n<p><strong>[expand title=\u00bbComisi\u00f3n Promoci\u00f3n Cultural 23 de Noviembre de 2015&#8243;]<\/strong><\/p>\n<p><a href=\"https:\/\/tonala.gob.mx\/portal\/wp-content\/uploads\/2016\/06\/Promocion_Cultural_23_Noviembre_2015.pdf\">Comisi\u00f3n Promoci\u00f3n Cultural 23 de Noviembre de 2015<\/a><\/p>\n<p><a href=\"https:\/\/tonala.gob.mx\/portal\/wp-content\/uploads\/2016\/08\/O.D._Promocion_Cultural_23_Noviembre_2015.pdf\">O.D. Promoci\u00f3n Cultural 23 de Noviembre de 2015<\/a><\/p>\n<p>[\/expand]<\/p>\n<p><strong>[expand title=\u00bbComisi\u00f3n Promoci\u00f3n Cultural 3 de Diciembre de 2015&#8243;]<\/strong><\/p>\n<p><a href=\"https:\/\/tonala.gob.mx\/portal\/assets\/Comision_Promocion_Cultural_3_Dieciembre_2015.pdf\">Comisi\u00f3n Promoci\u00f3n Cultural 3 de Diciembre de 2015<\/a><\/p>\n<p>[\/expand]<\/p>\n<p><strong>[expand title=\u00bbComisi\u00f3n Promoci\u00f3n Cultural 10 de Diciembre de 2015&#8243;]<\/strong><\/p>\n<p><a href=\"https:\/\/tonala.gob.mx\/portal\/wp-content\/uploads\/2016\/02\/Comision_Promocion_Cultural_10-de_Diciembre_de_2015.pdf\">Comisi\u00f3n Promoci\u00f3n Cultural 10 de Diciembre de 2015<\/a><\/p>\n<p><a href=\"https:\/\/tonala.gob.mx\/portal\/wp-content\/uploads\/2016\/08\/O.D._Promocion_Cultural_10_Diciembre_2015.pdf\">O.D. Promoci\u00f3n Cultural 10 de Diciembre de 2015<\/a><\/p>\n<p>[\/expand]<\/p>\n<p><strong>A\u00f1o 2016<\/strong><\/p>\n<p><strong>[expand title=\u00bbComisi\u00f3n Promoci\u00f3n Cultural 27 de Enero 2016&#8243;]<\/strong><\/p>\n<p><a href=\"https:\/\/tonala.gob.mx\/portal\/wp-content\/uploads\/2016\/05\/Comision_Promocion_Cultural_27_Enero_2016.pdf\">Comisi\u00f3n Promoci\u00f3n Cultural 27 de Enero 2016<\/a><\/p>\n<p><a href=\"https:\/\/tonala.gob.mx\/portal\/wp-content\/uploads\/2016\/08\/O.D._Promocion_Cultural_27_Enero_2016.pdf\">O.D. Promoci\u00f3n Cultural 27 de Enero 2016<\/a><\/p>\n<p>[\/expand]<\/p>\n<p><strong>[expand title=\u00bbComisi\u00f3n Promoci\u00f3n Cultural 23 de Febrero de 2016&#8243;]<\/strong><\/p>\n<p><a href=\"https:\/\/tonala.gob.mx\/portal\/wp-content\/uploads\/2016\/06\/Promocion_Cultural_23_febrero_2016.pdf\">Comisi\u00f3n Promoci\u00f3n Cultural 23 de Febrero de 2016<\/a><\/p>\n<p><a href=\"https:\/\/tonala.gob.mx\/portal\/wp-content\/uploads\/2016\/08\/O.D._Promocion_Cultural_23_Febrero_2016.pdf\">O.D. Promoci\u00f3n Cultural 23 de Febrero de 2016<\/a><\/p>\n<p>[\/expand]<\/p>\n<p><strong>[expand title=\u00bbComisi\u00f3n Promoci\u00f3n Cultural Marzo 2016&#8243;]<\/strong><\/p>\n<p><a href=\"https:\/\/tonala.gob.mx\/portal\/wp-content\/uploads\/2016\/12\/Justificacion_Educacion_Promocion_Cultural_Turismo.pdf\">Comisi\u00f3n Promoci\u00f3n Cultural Marzo<\/a><\/p>\n<p>[\/expand]<\/p>\n<p><strong>[expand title=\u00bbComisi\u00f3n Promoci\u00f3n Cultural Abril 2016&#8243;]<\/strong><\/p>\n<p><a href=\"https:\/\/tonala.gob.mx\/portal\/wp-content\/uploads\/2016\/12\/Justificacion_Educacion_Promocion_Cultural_Turismo.pdf\">Comisi\u00f3n Promoci\u00f3n Cultural Abril<\/a><\/p>\n<p>[\/expand]<\/p>\n<p><strong>[expand title=\u00bbComisi\u00f3n Promoci\u00f3n Cultural 19 de Mayo 2016&#8243;]<\/strong><\/p>\n<p><a href=\"https:\/\/tonala.gob.mx\/portal\/wp-content\/uploads\/2016\/07\/Promocion_Cultural_19_05_16_venegas.pdf\">Comisi\u00f3n Promoci\u00f3n Cultural 19 de Mayo 2016<\/a><\/p>\n<p><a href=\"https:\/\/tonala.gob.mx\/portal\/wp-content\/uploads\/2016\/08\/O.D._Promocion_Cultural_19_Mayo_2016.pdf\">O.D. Promoci\u00f3n Cultural 19 de Mayo 2016<\/a><\/p>\n<p>[\/expand]<\/p>\n<p><strong>[expand title=\u00bbComisi\u00f3n Promoci\u00f3n Cultural 17 Junio 2016&#8243;]<\/strong><\/p>\n<p><a href=\"https:\/\/tonala.gob.mx\/portal\/wp-content\/uploads\/2016\/10\/Promocion_Cultural_17_Junio_2016.pdf\">Comisi\u00f3n Promoci\u00f3n Cultural Junio 17 2016<\/a><\/p>\n<p><a href=\"https:\/\/tonala.gob.mx\/portal\/wp-content\/uploads\/2016\/10\/O.D._Promocion_Cultural_17_Junio_2016.pdf\">O.D. Comisi\u00f3n Promoci\u00f3n Cultural Junio 17 2016<\/a><\/p>\n<p><a href=\"https:\/\/tonala.gob.mx\/portal\/wp-content\/uploads\/2016\/10\/Asistencia_Promocion_Cultural_17_Junio_2016.pdf\">Asistencia Comisi\u00f3n Promoci\u00f3n Cultural Junio 17 2016<\/a><\/p>\n<p>[\/expand]<\/p>\n<p><strong>[expand title=\u00bbComisi\u00f3n Promoci\u00f3n Cultural 05 Julio 2016&#8243;]<\/strong><\/p>\n<p><a href=\"https:\/\/tonala.gob.mx\/portal\/wp-content\/uploads\/2016\/10\/Comisi\u00f3n-Promoci\u00f3n-Cultural-Julio-2016.pdf\">Comisi\u00f3n Promoci\u00f3n Cultural 05 Julio 2016<\/a><\/p>\n<p><a href=\"https:\/\/tonala.gob.mx\/portal\/wp-content\/uploads\/2016\/10\/O.D._Comisi\u00f3n-Promoci\u00f3n-Cultural-Julio-2016.pdf\">O.D. Comisi\u00f3n Promoci\u00f3n Cultural 05 Julio 2016<\/a><\/p>\n<p><a href=\"https:\/\/tonala.gob.mx\/portal\/wp-content\/uploads\/2016\/10\/Asistencia-Comisi\u00f3n-Promoci\u00f3n-Cultural-Julio-2016.pdf\">Asistencia Comisi\u00f3n Promoci\u00f3n Cultural 05 Julio 2016<\/a><\/p>\n<p>[\/expand]<\/p>\n<p><strong>[expand title=\u00bbComisi\u00f3n Promoci\u00f3n Cultural \u00a0Agosto 2016&#8243;]<\/strong><\/p>\n<p><a href=\"https:\/\/tonala.gob.mx\/portal\/wp-content\/uploads\/2016\/10\/Promocion_Cultural_8_Agosto_2016.pdf\">Comisi\u00f3n Promoci\u00f3n Cultural 8 Agosto 2016<\/a><\/p>\n<p><a href=\"https:\/\/tonala.gob.mx\/portal\/wp-content\/uploads\/2016\/10\/O.D._Promocion_Cultural_8_Agosto_2016.pdf\">O.D. Comisi\u00f3n Promoci\u00f3n Cultural 8 Agosto 2016<\/a><\/p>\n<p><a href=\"https:\/\/tonala.gob.mx\/portal\/wp-content\/uploads\/2016\/10\/Asistencia_Promocion_Cultural_8_Agosto_2016.pdf\">Asistencia Comisi\u00f3n Promoci\u00f3n Cultural 8 Agosto 2016<\/a><\/p>\n<p>&nbsp;<\/p>\n<p><a href=\"https:\/\/tonala.gob.mx\/portal\/wp-content\/uploads\/2016\/10\/Comisi\u00f3n-Promoci\u00f3n-Cultural-Agosto-2016.pdf\">Comisi\u00f3n Promoci\u00f3n Cultural 23 Agosto 2016<\/a><\/p>\n<p><a href=\"https:\/\/tonala.gob.mx\/portal\/wp-content\/uploads\/2016\/10\/O.D.-Comisi\u00f3n-Promoci\u00f3n-Cultural-Agosto-2016.pdf\">O.D. Comisi\u00f3n Promoci\u00f3n Cultural 23 Agosto 2016<\/a><\/p>\n<p><a href=\"https:\/\/tonala.gob.mx\/portal\/wp-content\/uploads\/2016\/10\/Asistencia-Comisi\u00f3n-Promoci\u00f3n-Cultural-Agosto-2016.pdf\">Asistencia Comisi\u00f3n Promoci\u00f3n Cultural 23 Agosto 2016<\/a><\/p>\n<p>[\/expand]<\/p>\n<p><strong>[expand title=\u00bbComisi\u00f3n Promoci\u00f3n Cultural 29 Septiembre 2016&#8243;]<\/strong><\/p>\n<p><a href=\"https:\/\/tonala.gob.mx\/portal\/wp-content\/uploads\/2017\/02\/Comisi\u00f3n-Promoci\u00f3n-Cultural-29-Septiembre-2016.pdf\">Comisi\u00f3n Promoci\u00f3n Cultural 29 Septiembre 2016<\/a><\/p>\n<p><a href=\"https:\/\/tonala.gob.mx\/portal\/wp-content\/uploads\/2017\/02\/O.D.-Promoci\u00f3n-Cultural-29-Septiembre-2016.pdf\">O.D. Comisi\u00f3n Promoci\u00f3n Cultural 29 Septiembre 2016<\/a><\/p>\n<p><a href=\"https:\/\/tonala.gob.mx\/portal\/wp-content\/uploads\/2017\/02\/Asistencia-Promoci\u00f3n-Cultural-29-Septiembre-2016.pdf\">Asistencia Comisi\u00f3n Promoci\u00f3n Cultural 29 Septiembre 2016<\/a><\/p>\n<p>[\/expand]<\/p>\n<p><strong>[expand title=\u00bbComisi\u00f3n Promoci\u00f3n Cultural 28 Octubre 2016&#8243;]<\/strong><\/p>\n<p><a href=\"https:\/\/tonala.gob.mx\/portal\/wp-content\/uploads\/2017\/03\/Minuta-Promoci\u00f3n-Cultura-28-Octubre-2016.pdf\">Comisi\u00f3n Promoci\u00f3n Cultural 28 Octubre 2016<\/a><\/p>\n<p><a href=\"https:\/\/tonala.gob.mx\/portal\/wp-content\/uploads\/2017\/03\/O.D.-Promoci\u00f3n-Cultural-28-Octubre-2016.pdf\">O.D. Promoci\u00f3n Cultural 28 Octubre 2016<\/a><\/p>\n<p><a href=\"https:\/\/tonala.gob.mx\/portal\/wp-content\/uploads\/2017\/03\/Asistencia-Promoci\u00f3n-Cultural-28-Octubre-2016.pdf\">Asistencia Promoci\u00f3n Cultural 28 Octubre 2016<\/a><\/p>\n<p>[\/expand]<\/p>\n<p><strong>[expand title=\u00bbComisi\u00f3n Promoci\u00f3n Cultural \u00a030 Noviembre 2016&#8243;]<\/strong><\/p>\n<p><a href=\"https:\/\/tonala.gob.mx\/portal\/wp-content\/uploads\/2017\/01\/Promocion_Cultural_30_Noviembre_2016.pdf\">Comisi\u00f3n Promoci\u00f3n Cultural 30 Noviembre 2016<\/a><\/p>\n<p><a href=\"https:\/\/tonala.gob.mx\/portal\/wp-content\/uploads\/2017\/01\/O.D._Promocion_Cultural_30_Noviembre_2016.pdf\">O.D. Comisi\u00f3n Promoci\u00f3n Cultural 30 Noviembre 2016<\/a><\/p>\n<p><a href=\"https:\/\/tonala.gob.mx\/portal\/wp-content\/uploads\/2017\/01\/Asistencia_Promocion_Cultural_30_Noviembre_2016.pdf\">Asistencia Comisi\u00f3n Promoci\u00f3n Cultural 30 Noviembre 2016<\/a><\/p>\n<p>[\/expand]<\/p>\n<p><strong>[expand title=\u00bbComisi\u00f3n Promoci\u00f3n Cultural 14 Diciembre 2016&#8243;]<\/strong><\/p>\n<p><a href=\"https:\/\/tonala.gob.mx\/portal\/wp-content\/uploads\/2017\/02\/Promocion_Cultural_14_Diciembre_2016.pdf\">Comisi\u00f3n Promoci\u00f3n Cultural 14 Diciembre 2016<\/a><\/p>\n<p><a href=\"https:\/\/tonala.gob.mx\/portal\/wp-content\/uploads\/2017\/02\/O.D._Promocion_Cultural_14_Diciembre_2016.pdf\">O.D. Comisi\u00f3n Promoci\u00f3n Cultural 14 Diciembre 2016<\/a><\/p>\n<p><a href=\"https:\/\/tonala.gob.mx\/portal\/wp-content\/uploads\/2017\/02\/Asistencia_Promocion_Cultural_14_Diciembre_2016.pdf\">Asistencia Comisi\u00f3n Promoci\u00f3n Cultural 14 Diciembre 2016<\/a><\/p>\n<p>[\/expand]<\/p>\n<p><strong>2017<\/strong><\/p>\n<p><strong>[expand title=\u00bbComisi\u00f3n Promoci\u00f3n Cultural 12 Enero 2017&#8243;]<\/strong><\/p>\n<p><a href=\"https:\/\/tonala.gob.mx\/portal\/wp-content\/uploads\/2017\/06\/Minuta-Comisi\u00f3n-Promoci\u00f3n-Cultural-12-Enero-2017.pdf\">Minuta Comisi\u00f3n Promoci\u00f3n Cultural 12 Enero 2017<\/a><\/p>\n<p>[\/expand]<\/p>\n<p><strong>[expand title=\u00bbComisi\u00f3n Promoci\u00f3n Cultural 28 Febrero 2017&#8243;]<\/strong><\/p>\n<p><a href=\"https:\/\/tonala.gob.mx\/portal\/wp-content\/uploads\/2017\/06\/Minuta-Comisi\u00f3n-Promocion-Cultural-28-Febrero-2017.pdf\">Minuta Comisi\u00f3n Promoci\u00f3n Cultural 28 Febrero 2017<\/a><\/p>\n<p>[\/expand]<\/p>\n<p><strong>[expand title=\u00bbComisi\u00f3n Promoci\u00f3n Cultural 30 Marzo 2017&#8243;]<\/strong><\/p>\n<p><a href=\"https:\/\/tonala.gob.mx\/portal\/wp-content\/uploads\/2017\/06\/Minuta-Comisi\u00f3n-Promocion-Cultural-30-Marzo-2017.pdf\">Minuta Comisi\u00f3n Promoci\u00f3n Cultural 30 Marzo 2017<\/a><\/p>\n<p>[\/expand]<\/p>\n<p><strong>[expand title=\u00bbComisi\u00f3n Promoci\u00f3n Cultural 27 Abril 2017&#8243;]<\/strong><\/p>\n<p><a href=\"https:\/\/tonala.gob.mx\/portal\/wp-content\/uploads\/2017\/06\/Minuta-Comisi\u00f3n-Promocion-Cultural-27-Abril-2017.pdf\">Minuta Comisi\u00f3n Promoci\u00f3n Cultural 27 Abril 2017<\/a><\/p>\n<p>[\/expand]<\/p>\n<p><strong>[expand title=\u00bb Sesi\u00f3n Conjunta de las Comisiones Promoci\u00f3n Cultural y Hacienda 26 Mayo 2017&#8243;]<\/strong><\/p>\n<p><a href=\"https:\/\/tonala.gob.mx\/portal\/wp-content\/uploads\/2017\/08\/Minuta-Sesi\u00f3n-Conjunta-de-las-Comisiones-Promoci\u00f3n-Cultural-y-Hacienda-26-Mayo-2017.pdf\">Minuta Sesi\u00f3n Conjunta de las Comisiones Promoci\u00f3n Cultural y Hacienda 26 Mayo 2017<\/a><\/p>\n<p><a href=\"https:\/\/tonala.gob.mx\/portal\/wp-content\/uploads\/2017\/08\/O.-D.-Sesi\u00f3n-Conjunta-de-las-Comisiones-Promoci\u00f3n-Cultural-y-Hacienda-26-Mayo-2017.pdf\">O. D. Sesi\u00f3n Conjunta de las Comisiones Promoci\u00f3n Cultural y Hacienda 26 Mayo 2017<\/a><\/p>\n<p><a href=\"https:\/\/tonala.gob.mx\/portal\/wp-content\/uploads\/2017\/08\/Lista-de-Asistencia-Sesi\u00f3n-Conjunta-de-las-Comisiones-Promoci\u00f3n-Cultural-y-Hacienda-26-Mayo-2017.pdf\">Lista de Asistencia Sesi\u00f3n Conjunta de las Comisiones Promoci\u00f3n Cultural y Hacienda 26 Mayo 2017<\/a><\/p>\n<p>[\/expand]<\/p>\n<p><strong>[expand title=\u00bbSesi\u00f3n Conjunta Comisiones Reglamentos, Puntos Constitucionales, Redacci\u00f3n y Estilo y de Promoci\u00f3n Cultural 30 Junio 2017&#8243;]<\/strong><\/p>\n<p><a href=\"https:\/\/tonala.gob.mx\/portal\/wp-content\/uploads\/2017\/10\/Minuta-de-la-Sesi\u00f3n-Conjunta-Comisiones-Reglamentos-Puntos-Constitucionales-Redacci\u00f3n-y-Estilo-y-de-Promoci\u00f3n-Cultural-30-Junio-2017.pdf\">Minuta Sesi\u00f3n Conjunta Comisiones Reglamentos, Puntos Constitucionales, Redacci\u00f3n y Estilo y de Promoci\u00f3n Cultural 30 Junio 2017<\/a><\/p>\n<p><a href=\"https:\/\/tonala.gob.mx\/portal\/wp-content\/uploads\/2017\/10\/O.-D.-Sesi\u00f3n-Conjunta-de-las-Comisiones-Reglamentos-Puntos-Constitucionales-Redacci\u00f3n-y-Estilo-y-de-Promoci\u00f3n-Cultural-30-Junio-2017.pdf\">O. D. Sesi\u00f3n Conjunta Comisiones Reglamentos, Puntos Constitucionales, Redacci\u00f3n y Estilo y de Promoci\u00f3n Cultural 30 Junio 2017<\/a><\/p>\n<p><a href=\"https:\/\/tonala.gob.mx\/portal\/wp-content\/uploads\/2017\/10\/Lista-de-Asistencia-Sesi\u00f3n-Conjunta-de-las-Comisiones-Reglamentos-Puntos-Constitucionales-Redacci\u00f3n-y-Estilo-y-de-Promoci\u00f3n-Cultural.pdf\">Lista de Asistencia Sesi\u00f3n Conjunta Comisiones Reglamentos, Puntos Constitucionales, Redacci\u00f3n y Estilo y de Promoci\u00f3n Cultural 30 Junio 2017<\/a><\/p>\n<p>[\/expand]<\/p>\n<p><strong>[expand title=\u00bbComisi\u00f3n Promoci\u00f3n Cultural 13 Julio 2017&#8243;]<\/strong><\/p>\n<p><a href=\"https:\/\/tonala.gob.mx\/portal\/wp-content\/uploads\/2017\/10\/Minuta-Comisi\u00f3n-Promoci\u00f3n-Cultural-13-Julio-2017.pdf\">Minuta Comisi\u00f3n Promoci\u00f3n Cultural 13 Julio 2017<\/a><\/p>\n<p>[\/expand]<\/p>\n<p><strong>[expand title=\u00bbMinuta Sesi\u00f3n Conjunta Comisiones Promoci\u00f3n Cultural, Turismo, Fomento y Desarrollo Econ\u00f3mico 15 Agosto 2017&#8243;]<\/strong><\/p>\n<p><a href=\"https:\/\/tonala.gob.mx\/portal\/wp-content\/uploads\/2017\/11\/Minuta-Sesi\u00f3n-Conjunta-Comisiones-Promoci\u00f3n-Cultural-Promoci\u00f3n-Turistica-y-Fomento-y-Desarrollo-Econ\u00f3mico-15-Agosto-2017.pdf\">Minuta Sesi\u00f3n Conjunta Comisiones Promoci\u00f3n Cultural, Turismo, Fomento y Desarrollo Econ\u00f3mico 15 Agosto 2017<\/a><\/p>\n<p>[\/expand]<\/p>\n<p><strong>[expand title=\u00bbComisi\u00f3n Promoci\u00f3n Cultural 28 Septiembre 2017&#8243;]<\/strong><\/p>\n<p><a href=\"https:\/\/tonala.gob.mx\/portal\/wp-content\/uploads\/2017\/11\/Minuta-Comisi\u00f3n-Promoci\u00f3n-Cultural-28-Septiembre-2017.pdf\">Minuta Comisi\u00f3n Promoci\u00f3n Cultural 28 Septiembre 2017<\/a><\/p>\n<p>[\/expand]<\/p>\n<p><strong>[expand title=\u00bbComisi\u00f3n Promoci\u00f3n Cultural 27 Octubre 2017&#8243;]<\/strong><\/p>\n<p><a href=\"https:\/\/tonala.gob.mx\/portal\/wp-content\/uploads\/2018\/01\/Minuta-Comisi\u00f3n-Promoci\u00f3n-Cultural-27-Octubre-2017.pdf\">Minuta Comisi\u00f3n Promoci\u00f3n Cultural 27 Octubre 2017<\/a><\/p>\n<p>[\/expand]<\/p>\n<p><strong>[expand title=\u00bbComisi\u00f3n Promoci\u00f3n Cultural 29 Noviembre 2017&#8243;]<\/strong><\/p>\n<p><a href=\"https:\/\/tonala.gob.mx\/portal\/wp-content\/uploads\/2018\/01\/Minuta-Comisi\u00f3n-Promoci\u00f3n-Cultural-29-Noviembre-2017.pdf\">Minuta Comisi\u00f3n Promoci\u00f3n Cultural 29 Noviembre 2017<\/a><\/p>\n<p>[\/expand]<\/p>\n<p><strong>[expand title=\u00bbComisi\u00f3n Promoci\u00f3n Cultural 05 Diciembre 2017&#8243;]<\/strong><\/p>\n<p><a href=\"https:\/\/tonala.gob.mx\/portal\/wp-content\/uploads\/2018\/01\/Minuta-Comisi\u00f3n-Promoci\u00f3n-Cultural-05-Diciembre-2017.pdf\">Minuta Comisi\u00f3n Promoci\u00f3n Cultural 05 Diciembre 2017<\/a><\/p>\n<p>[\/expand]<\/p>\n<p><strong>2018<\/strong><\/p>\n<p><strong>[expand title=\u00bbComisi\u00f3n Promoci\u00f3n Cultural 31 Enero 2018&#8243;]<\/strong><\/p>\n<p><a href=\"https:\/\/tonala.gob.mx\/portal\/wp-content\/uploads\/2018\/05\/Minuta-Comisi\u00f3n-Promoci\u00f3n-Cultural-31-Enero-2018.pdf\">Minuta Comisi\u00f3n Promoci\u00f3n Cultural 31 Enero 2018<\/a><\/p>\n<p>[\/expand]<\/p>\n<p><strong>[expand title=\u00bbComisi\u00f3n Promoci\u00f3n Cultural 27 Febrero 2018&#8243;]<\/strong><\/p>\n<p><a href=\"https:\/\/tonala.gob.mx\/portal\/wp-content\/uploads\/2018\/05\/Minuta-Comisi\u00f3n-Promoci\u00f3n-Cultural-27-Febrero-2018.pdf\">Minuta Comisi\u00f3n Promoci\u00f3n Cultural 27 Febrero 2018<\/a><\/p>\n<p>[\/expand]<\/p>\n<p><strong>[expand title=\u00bbComisi\u00f3n Promoci\u00f3n Cultural 27 Abril 2018&#8243;]<\/strong><\/p>\n<p><a href=\"https:\/\/tonala.gob.mx\/portal\/wp-content\/uploads\/2018\/07\/Minuta-Comisi\u00f3n-Promoci\u00f3n-Cultural-27-Abril-2018.pdf\">Minuta Comisi\u00f3n Promoci\u00f3n Cultural 27 Abril 2018<\/a><\/p>\n<p>[\/expand]<\/p>\n<p><strong>[expand title=\u00bbComisi\u00f3n Promoci\u00f3n Cultural 30 Mayo 2018&#8243;]<\/strong><\/p>\n<p><a href=\"https:\/\/tonala.gob.mx\/portal\/wp-content\/uploads\/2018\/07\/Minuta-Comisi\u00f3n-Promoci\u00f3n-Cultural-30-Mayo-2018.pdf\">Minuta Comisi\u00f3n Promoci\u00f3n Cultural 30 Mayo 2018<\/a><\/p>\n<p>[\/expand]<\/p>\n","protected":false},"excerpt":{"rendered":"<p>Programa de Trabajo Comisi\u00f3n Promoci\u00f3n Cultural 2015 &#8211; 2018 Plan de Trabajo\u00a02015 Plan de Trabajo Promoci\u00f3n Cultural\u00a02016-2018 A\u00f1o 2015 [expand<\/p>\n","protected":false},"author":1,"featured_media":0,"parent":0,"menu_order":0,"comment_status":"closed","ping_status":"closed","template":"","meta":{"colormag_page_container_layout":"default_layout","colormag_page_sidebar_layout":"default_layout","footnotes":""},"class_list":["post-4043","page","type-page","status-publish","hentry"],"_links":{"self":[{"href":"https:\/\/tonala.gob.mx\/portal\/wp-json\/wp\/v2\/pages\/4043","targetHints":{"allow":["GET"]}}],"collection":[{"href":"https:\/\/tonala.gob.mx\/portal\/wp-json\/wp\/v2\/pages"}],"about":[{"href":"https:\/\/tonala.gob.mx\/portal\/wp-json\/wp\/v2\/types\/page"}],"author":[{"embeddable":true,"href":"https:\/\/tonala.gob.mx\/portal\/wp-json\/wp\/v2\/users\/1"}],"replies":[{"embeddable":true,"href":"https:\/\/tonala.gob.mx\/portal\/wp-json\/wp\/v2\/comments?post=4043"}],"version-history":[{"count":32,"href":"https:\/\/tonala.gob.mx\/portal\/wp-json\/wp\/v2\/pages\/4043\/revisions"}],"predecessor-version":[{"id":19453,"href":"https:\/\/tonala.gob.mx\/portal\/wp-json\/wp\/v2\/pages\/4043\/revisions\/19453"}],"wp:attachment":[{"href":"https:\/\/tonala.gob.mx\/portal\/wp-json\/wp\/v2\/media?parent=4043"}],"curies":[{"name":"wp","href":"https:\/\/api.w.org\/{rel}","templated":true}]}}