{"id":4041,"date":"2016-07-01T15:23:05","date_gmt":"2016-07-01T15:23:05","guid":{"rendered":"http:\/\/tonala.gob.mx\/portal\/?page_id=4041"},"modified":"2018-07-17T13:41:03","modified_gmt":"2018-07-17T19:41:03","slug":"comision-turismo","status":"publish","type":"page","link":"https:\/\/tonala.gob.mx\/portal\/comision-turismo\/","title":{"rendered":"Comisi\u00f3n Turismo"},"content":{"rendered":"<p><a href=\"https:\/\/tonala.gob.mx\/portal\/wp-content\/uploads\/2017\/02\/Plan-de-Trabajo-Turismo.pdf\"><strong>Programa de Trabajo Comisi\u00f3n Turismo 2015 &#8211; 2018<\/strong><\/a><\/p>\n<p><strong><a href=\"https:\/\/tonala.gob.mx\/portal\/wp-content\/uploads\/2016\/08\/Programa_de_Trabajo_Comision_Educacion_turismo_cultura_Olivia_Venegas_Perez.pdf\">Plan de Trabajo<\/a>\u00a02015<\/strong><\/p>\n<p><strong><a href=\"https:\/\/tonala.gob.mx\/portal\/wp-content\/uploads\/2016\/10\/Comision-Turismo.pdf\">Plan de Trabajo Turismo\u00a0<\/a>2016-2018<\/strong><\/p>\n<p><strong>A\u00f1o 2015<\/strong><\/p>\n<p><strong>[expand title=\u00bbComisi\u00f3n Turismo 13 de Octubre de 2015&#8243;]<\/strong><\/p>\n<p><a href=\"https:\/\/tonala.gob.mx\/portal\/wp-content\/uploads\/2016\/02\/Comision-_Turismo_13_Octubre_2015.pdf\">Comisi\u00f3n Turismo 13 de Octubre de 2015<\/a><\/p>\n<p><a href=\"https:\/\/tonala.gob.mx\/portal\/wp-content\/uploads\/2016\/08\/O.D._Turismo_13_Octubre_2015.pdf\">O.D. Comisi\u00f3n Turismo 13 de Octubre de 2015<\/a><\/p>\n<p><a href=\"https:\/\/tonala.gob.mx\/portal\/wp-content\/uploads\/2016\/11\/Asistencia_Comision-_Turismo_13_Octubre_2015.pdf\">Asistencia Comisi\u00f3n Turismo 13 de Octubre de 2015<\/a><\/p>\n<p>[\/expand]<\/p>\n<p><strong>[expand title=\u00bbComisi\u00f3n Turismo Noviembre 2015&#8243;]<\/strong><\/p>\n<p><a href=\"https:\/\/tonala.gob.mx\/portal\/wp-content\/uploads\/2016\/12\/Justificacion_Educacion_Promocion_Cultural_Turismo.pdf\">Comisi\u00f3n Turismo Noviembre<\/a><\/p>\n<p>[\/expand]<\/p>\n<p><strong>[expand title=\u00bbComisi\u00f3n Turismo 16 de Diciembre de 2015&#8243;]<\/strong><\/p>\n<p><a href=\"https:\/\/tonala.gob.mx\/portal\/assets\/Comision_Turismo_16_Diciembre_2015.pdf\">Comisi\u00f3n Turismo 16 de Diciembre de 2015<\/a><\/p>\n<p><a href=\"https:\/\/tonala.gob.mx\/portal\/wp-content\/uploads\/2016\/08\/O.D._Turismo_16_Diciembre_2015.pdf\">O.D. Comisi\u00f3n Turismo 16 de Diciembre de 2015<\/a><\/p>\n<p><a href=\"https:\/\/tonala.gob.mx\/portal\/wp-content\/uploads\/2016\/11\/Asistencia_Comision_Turismo_16_Diciembre_2015.pdf\">Asistencia Comisi\u00f3n Turismo 16 de Diciembre de 2015<\/a><\/p>\n<p>[\/expand]<\/p>\n<p><strong>A\u00f1o 2016<\/strong><\/p>\n<p><strong>[expand title=\u00bbComisi\u00f3n Turismo Enero 2016&#8243;]<\/strong><\/p>\n<p><a href=\"https:\/\/tonala.gob.mx\/portal\/wp-content\/uploads\/2017\/05\/Acta-Circunstanciada-falta-de-Qu\u00f3rum-legal-Comisi\u00f3n-Turismo-29-Enero-2016.pdf\">Acta Circunstanciadas por falta de Qu\u00f3rum Legal de la Comisi\u00f3n Turismo 29 Enero 2016<\/a><\/p>\n<p>[\/expand]<\/p>\n<p><strong>[expand title=\u00bbComisi\u00f3n Turismo 16 de Febrero de 2016&#8243;]<\/strong><\/p>\n<p><a href=\"https:\/\/tonala.gob.mx\/portal\/wp-content\/uploads\/2016\/05\/Turismo_16_Febrero_2016.pdf\">Comisi\u00f3n Turismo 16 de Febrero de 2016<\/a><\/p>\n<p><a href=\"https:\/\/tonala.gob.mx\/portal\/wp-content\/uploads\/2016\/08\/O.D._Turismo_16_Febrero_2016.pdf\">O.D. Comisi\u00f3n Turismo 16 de Febrero de 2016<\/a><\/p>\n<p><a href=\"https:\/\/tonala.gob.mx\/portal\/wp-content\/uploads\/2016\/11\/Asistencia_Turismo_16_Febrero_2016.pdf\">Asistencia Comisi\u00f3n Turismo 16 de Febrero de 2016<\/a><\/p>\n<p>[\/expand]<\/p>\n<p><strong>[expand title=\u00bbComisi\u00f3n Turismo 18 de Marzo de 2016&#8243;]<\/strong><\/p>\n<p><a href=\"https:\/\/tonala.gob.mx\/portal\/wp-content\/uploads\/2016\/05\/Turismo_18_de_Marzo_2016.pdf\">Comisi\u00f3n Turismo 18 de Marzo de 2016\u00a0<\/a><\/p>\n<p><a href=\"https:\/\/tonala.gob.mx\/portal\/wp-content\/uploads\/2016\/08\/O.D._Turismo_18_Marzo_2016.pdf\">O.D. Comisi\u00f3n Turismo 18 de Marzo de 2016<\/a><\/p>\n<p><a href=\"https:\/\/tonala.gob.mx\/portal\/wp-content\/uploads\/2016\/11\/Asistencia_Turismo_18_de_Marzo_2016.pdf\">Asistencia Comisi\u00f3n Turismo 18 de Marzo de 2016<\/a><\/p>\n<p>[\/expand]<\/p>\n<p><strong>[expand title=\u00bbComisi\u00f3n Turismo 13 de Abril de 2016&#8243;]<\/strong><\/p>\n<p><a href=\"https:\/\/tonala.gob.mx\/portal\/wp-content\/uploads\/2016\/06\/Turismo_13_Abril_2016.pdf\">Comisi\u00f3n Turismo 13 de Abril de 2016<\/a><\/p>\n<p><a href=\"https:\/\/tonala.gob.mx\/portal\/wp-content\/uploads\/2016\/08\/O.D._Turismo_13_Abril_2016.pdf\">O.D. Comisi\u00f3n Turismo 13 de Abril de 2016<\/a><\/p>\n<p><a href=\"https:\/\/tonala.gob.mx\/portal\/wp-content\/uploads\/2016\/11\/Asistencia_Turismo_13_Abril_2016.pdf\">Asistencia Comisi\u00f3n Turismo 13 de Abril de 2016<\/a><\/p>\n<p>[\/expand]<\/p>\n<p><strong>[expand title=\u00bbComisi\u00f3n Turismo 17 de Mayo de 2016&#8243;]<\/strong><\/p>\n<p><a href=\"https:\/\/tonala.gob.mx\/portal\/wp-content\/uploads\/2016\/07\/TURISMO_17_MAYO_16-1.pdf\">Comisi\u00f3n Turismo 17 de Mayo de 2016<\/a><\/p>\n<p><a href=\"https:\/\/tonala.gob.mx\/portal\/wp-content\/uploads\/2016\/08\/O.D._Turismo_17_Mayo_2016.pdf\">O.D. Comisi\u00f3n Turismo 17 de Mayo de 2016<\/a><\/p>\n<p><a href=\"https:\/\/tonala.gob.mx\/portal\/wp-content\/uploads\/2016\/11\/Asistencia_TURISMO_17_MAYO_16-1.pdf\">Asistencia Comisi\u00f3n Turismo 17 de Mayo de 2016<\/a><\/p>\n<p>[\/expand]<\/p>\n<p><strong>[expand title=\u00bbComisi\u00f3n Turismo Junio 2016&#8243;]<\/strong><\/p>\n<p><a href=\"https:\/\/tonala.gob.mx\/portal\/wp-content\/uploads\/2016\/12\/Justificacion_Educacion_Promocion_Cultural_Turismo.pdf\">Comisi\u00f3n Turismo Junio<\/a><\/p>\n<p>[\/expand]<\/p>\n<p><strong>[expand title=\u00bbComisi\u00f3n Turismo 04 Julio 2016&#8243;]<\/strong><\/p>\n<p><a href=\"https:\/\/tonala.gob.mx\/portal\/wp-content\/uploads\/2016\/10\/Turismo-Julio-2016.pdf\">Comisi\u00f3n Turismo 04 Julio 2016<\/a><\/p>\n<p><a href=\"https:\/\/tonala.gob.mx\/portal\/wp-content\/uploads\/2016\/10\/O.D.-Turismo-Julio-2016.pdf\">O.D. Comisi\u00f3n Turismo 04 Julio 2016<\/a><\/p>\n<p><a href=\"https:\/\/tonala.gob.mx\/portal\/wp-content\/uploads\/2016\/10\/Asistencia-Turismo-Julio-2016.pdf\">Asistencia Comisi\u00f3n Turismo 04 Julio 2016<\/a><\/p>\n<p>[\/expand]<\/p>\n<p><strong>[expand title=\u00bbComisi\u00f3n Turismo 31 Agosto 2016&#8243;]<\/strong><\/p>\n<p><a href=\"https:\/\/tonala.gob.mx\/portal\/wp-content\/uploads\/2016\/10\/Turismo-Agosto-2016.pdf\">Comisi\u00f3n Turismo 31 Agosto 2016<\/a><\/p>\n<p><a href=\"https:\/\/tonala.gob.mx\/portal\/wp-content\/uploads\/2016\/10\/O.D.-Comision-Turismo-Agosto-2016.pdf\">O.D. Comisi\u00f3n Turismo 31 Agosto 2016<\/a><\/p>\n<p><a href=\"https:\/\/tonala.gob.mx\/portal\/wp-content\/uploads\/2016\/10\/Asistencia-Comision-Turismo-Agosto-2016.pdf\">Asistencia Comisi\u00f3n Turismo 31 Agosto 2016<\/a><\/p>\n<p>[\/expand]<\/p>\n<p><strong>[expand title=\u00bbComisi\u00f3n Turismo 29 Septiembre 2016&#8243;]<\/strong><\/p>\n<p><a href=\"https:\/\/tonala.gob.mx\/portal\/wp-content\/uploads\/2017\/02\/Comisi\u00f3n-Turismo-29-Septiembre-2016.pdf\">Comisi\u00f3n Turismo 29 Septiembre 2016<\/a><\/p>\n<p><a href=\"https:\/\/tonala.gob.mx\/portal\/wp-content\/uploads\/2017\/02\/O.D.-Comisi\u00f3n-Turismo-29-Septiembre-2016.pdf\">O.D. Comisi\u00f3n Turismo 29 Septiembre 2016<\/a><\/p>\n<p><a href=\"https:\/\/tonala.gob.mx\/portal\/wp-content\/uploads\/2017\/02\/Asistencia-Comisi\u00f3n-Turismo-29-Septiembre-2016.pdf\">Asistencia Comisi\u00f3n Turismo 29 Septiembre 2016<\/a><\/p>\n<p>[\/expand]<\/p>\n<p><strong>[expand title=\u00bbComisi\u00f3n Turismo 28 Octubre 2016&#8243;]<\/strong><\/p>\n<p><a href=\"https:\/\/tonala.gob.mx\/portal\/wp-content\/uploads\/2017\/03\/Minuta-Comisi\u00f3n-Turismo-28-Octubre-2016.pdf\">Comisi\u00f3n Turismo 28 Octubre 2016<\/a><\/p>\n<p><a href=\"https:\/\/tonala.gob.mx\/portal\/wp-content\/uploads\/2017\/03\/O.D.-Comisi\u00f3n-Turismo-28-Octubre-2016.pdf\">O.D. Turismo 28 Octubre 2016<\/a><\/p>\n<p><a href=\"https:\/\/tonala.gob.mx\/portal\/wp-content\/uploads\/2017\/03\/Asistencia-Comisi\u00f3n-Turismo-28-Octubre-2016.pdf\">Asistencia Turismo 28 Octubre 2016<\/a><\/p>\n<p>[\/expand]<\/p>\n<p><strong>[expand title=\u00bbComisi\u00f3n Turismo 30 Noviembre 2016&#8243;]<\/strong><\/p>\n<p><a href=\"https:\/\/tonala.gob.mx\/portal\/wp-content\/uploads\/2017\/01\/Turismo_30_Noviembre_2016.pdf\">Comisi\u00f3n Turismo 30 Noviembre 2016<\/a><\/p>\n<p><a href=\"https:\/\/tonala.gob.mx\/portal\/wp-content\/uploads\/2017\/01\/O.D._Turismo_30_Noviembre_2016.pdf\">O.D. Comisi\u00f3n Turismo 30 Noviembre 2016<\/a><\/p>\n<p><a href=\"https:\/\/tonala.gob.mx\/portal\/wp-content\/uploads\/2017\/01\/Asistencia_Turismo_30_Noviembre_2016.pdf\">Asistencia Comisi\u00f3n Turismo 30 Noviembre 2016<\/a><\/p>\n<p>[\/expand]<\/p>\n<p><strong>[expand title=\u00bbComisi\u00f3n Turismo 14 de Diciembre de 2016&#8243;]<\/strong><\/p>\n<p><a href=\"https:\/\/tonala.gob.mx\/portal\/wp-content\/uploads\/2017\/02\/Turismo_14_Diciembre_2016.pdf\">Comisi\u00f3n Turismo 14 de Diciembre de 2016<\/a><\/p>\n<p><a href=\"https:\/\/tonala.gob.mx\/portal\/wp-content\/uploads\/2017\/02\/O.D._Turismo_14_Diciembre_2016.pdf\">O.D. Comisi\u00f3n Turismo 14 de Diciembre de 2016<\/a><\/p>\n<p><a href=\"https:\/\/tonala.gob.mx\/portal\/wp-content\/uploads\/2017\/02\/Asistencia_Turismo_14_Diciembre_2016.pdf\">Asistencia Comisi\u00f3n Turismo 15 de Diciembre de 2016<\/a><\/p>\n<p>[\/expand]<\/p>\n<p><strong>2017<\/strong><\/p>\n<p><strong>[expand title=\u00bbComisi\u00f3n Turismo 27 Enero 2017&#8243;]<\/strong><\/p>\n<p><a href=\"https:\/\/tonala.gob.mx\/portal\/wp-content\/uploads\/2017\/04\/Minuta-Comisi\u00f3n-Turismo-27-Enero-2017.pdf\">Minuta Comisi\u00f3n Turismo 27 Enero 2017<\/a><\/p>\n<p>[\/expand]<\/p>\n<p><strong>[expand title=\u00bbComisi\u00f3n Turismo 28 Febrero 2017&#8243;]<\/strong><\/p>\n<p><a href=\"https:\/\/tonala.gob.mx\/portal\/wp-content\/uploads\/2017\/04\/Minuta-Comisi\u00f3n-Turismo-28-Febrero-2017.pdf\">Minuta Comisi\u00f3n Turismo 28 Febrero 2017<\/a><\/p>\n<p>[\/expand]<\/p>\n<p><strong>[expand title=\u00bbMinuta Sesi\u00f3n Conjunta Comisiones Fomento y Desarrollo Econ\u00f3mico y Turismo 30 Marzo 2017&#8243;]<\/strong><\/p>\n<p><a href=\"https:\/\/tonala.gob.mx\/portal\/wp-content\/uploads\/2017\/06\/Minuta-Sesi\u00f3n-Comisiones-Conjunta-Foment-y-Desarrollo-Econ\u00f3mico-y-Turismo-30-Marzo-2017.pdf\">Minuta Sesi\u00f3n Conjunta Comisiones Fomento y Desarrollo Econ\u00f3mico y Turismo 30 Marzo 2017<\/a><\/p>\n<p>[\/expand]<\/p>\n<p><strong>[expand title=\u00bbComisi\u00f3n Turismo 30 \u00a0Marzo 2017&#8243;]<\/strong><\/p>\n<p><a href=\"https:\/\/tonala.gob.mx\/portal\/wp-content\/uploads\/2017\/05\/Acta-Circuntanciada-falta-de-Qu\u00f3rum-legal-Comisi\u00f3n-Turimo-30-Marzo-2017.pdf\">Acta Circunstanciada por falta de Qu\u00f3rum Legal de la Comisi\u00f3n Turismo 30 Marzo 2017<\/a><\/p>\n<p>[\/expand]<\/p>\n<p><strong>[expand title=\u00bbComisi\u00f3n Turismo 27 \u00a0Abril 2017&#8243;]<\/strong><\/p>\n<p><a href=\"https:\/\/tonala.gob.mx\/portal\/wp-content\/uploads\/2017\/06\/Minuta-Comisi\u00f3n-Turismo-27-Abril-2017.pdf\">Minuta Comisi\u00f3n Turismo 27 Abril 2017<\/a><\/p>\n<p>[\/expand]<\/p>\n<p><strong>[expand title=\u00bbComisi\u00f3n Turismo 26 Mayo 2017&#8243;]<\/strong><\/p>\n<p><a href=\"https:\/\/tonala.gob.mx\/portal\/wp-content\/uploads\/2017\/08\/Minuta-Comisi\u00f3n-Turismo-26-Mayo-2017.pdf\">Minuta Comisi\u00f3n Turismo 26 Mayo 2017<\/a><\/p>\n<p><a href=\"https:\/\/tonala.gob.mx\/portal\/wp-content\/uploads\/2017\/08\/Lista-Asistencia-Comisi\u00f3n-Turismo-26-Mayo-2017.pdf\">Lista de Asistencia Comisi\u00f3n Turismo 26 Mayo 2017<\/a><\/p>\n<p>[\/expand]<\/p>\n<p><strong>[expand title=\u00bbComisi\u00f3n Turismo 30 Junio 2017&#8243;]<\/strong><\/p>\n<p><a href=\"https:\/\/tonala.gob.mx\/portal\/wp-content\/uploads\/2017\/08\/Minuta-Comisi\u00f3n-Turismo-30-Junio-2017.pdf\">Minuta Comisi\u00f3n Turismo 30 Junio 2017<\/a><\/p>\n<p><a href=\"https:\/\/tonala.gob.mx\/portal\/wp-content\/uploads\/2017\/08\/Lista-Asistencia-Comisi\u00f3n-Turismo-30-Junio-2017.pdf\">Lista de Asistencia Comisi\u00f3n Turismo 30 Junio 2017<\/a><\/p>\n<p>[\/expand]<\/p>\n<p><strong>[expand title=\u00bbComisi\u00f3n Turismo 28 Julio 2017&#8243;]<\/strong><\/p>\n<p><a href=\"https:\/\/tonala.gob.mx\/portal\/wp-content\/uploads\/2017\/10\/Minuta-Comisi\u00f3n-Turismo-28-Julio-2017.pdf\">Minuta Comisi\u00f3n Turismo 28 Julio 2017<\/a><\/p>\n<p>[\/expand]<\/p>\n<p><strong>[expand title=\u00bbMinuta Sesi\u00f3n Conjunta Comisiones Promoci\u00f3n Cultural, Turismo, Fomento y Desarrollo Econ\u00f3mico 15 Agosto 2017&#8243;]<\/strong><\/p>\n<p><a href=\"https:\/\/tonala.gob.mx\/portal\/wp-content\/uploads\/2017\/11\/Minuta-Sesi\u00f3n-Conjunta-Comisiones-Promoci\u00f3n-Cultural-Promoci\u00f3n-Turistica-y-Fomento-y-Desarrollo-Econ\u00f3mico-15-Agosto-2017.pdf\">Minuta Sesi\u00f3n Conjunta Comisiones Promoci\u00f3n Cultural, Turismo, Fomento y Desarrollo Econ\u00f3mico 15 Agosto 2017<\/a><\/p>\n<p>[\/expand]<\/p>\n<p><strong>[expand title=\u00bbComisi\u00f3n Turismo 28 Septiembre 2017&#8243;]<\/strong><\/p>\n<p><a href=\"https:\/\/tonala.gob.mx\/portal\/wp-content\/uploads\/2017\/11\/Minuta-Comisi\u00f3n-Turismo-28-Septiembre-2017.pdf\">Minuta Comisi\u00f3n Turismo 28 Septiembre 2017<\/a><\/p>\n<p>[\/expand]<\/p>\n<p><strong>[expand title=\u00bbComisi\u00f3n Turismo 27 Octubre 2017&#8243;]<\/strong><\/p>\n<p><a href=\"https:\/\/tonala.gob.mx\/portal\/wp-content\/uploads\/2018\/01\/Minuta-Comisi\u00f3n-Turismo-27-Octubre-2017.pdf\">Minuta Comisi\u00f3n Turismo 27 Octubre 2017\u00a0<\/a><\/p>\n<p>[\/expand]<\/p>\n<p><strong>[expand title=\u00bbComisi\u00f3n Turismo 29 Noviembre 2017&#8243;]<\/strong><\/p>\n<p><a href=\"https:\/\/tonala.gob.mx\/portal\/wp-content\/uploads\/2018\/01\/Minuta-Comisi\u00f3n-Turismo-29-Noviembre-2017.pdf\">Minuta Comisi\u00f3n Turismo 29 Noviembre 2017<\/a><\/p>\n<p>[\/expand]<\/p>\n<p><strong>[expand title=\u00bbComisi\u00f3n Turismo 05 Diciembre 2017&#8243;]<\/strong><\/p>\n<p><a href=\"https:\/\/tonala.gob.mx\/portal\/wp-content\/uploads\/2018\/01\/Minuta-Comisi\u00f3n-Turismo-05-Diciembre-2017.pdf\">Minuta Comisi\u00f3n Turismo 05 Diciembre 2017<\/a><\/p>\n<p>[\/expand]<\/p>\n<p><strong>2018<\/strong><\/p>\n<p><strong>[expand title=\u00bbComisi\u00f3n Turismo 31 Enero 2018&#8243;]<\/strong><\/p>\n<p><a href=\"https:\/\/tonala.gob.mx\/portal\/wp-content\/uploads\/2018\/05\/Minuta-Comisi\u00f3n-Turismo-31-Enero-2018.pdf\">Minuta Comisi\u00f3n Turismo 31 Enero 2018<\/a><\/p>\n<p>[\/expand]<\/p>\n<p><strong>[expand title=\u00bbComisi\u00f3n Turismo 27 Febrero 2018&#8243;]<\/strong><\/p>\n<p><a href=\"https:\/\/tonala.gob.mx\/portal\/wp-content\/uploads\/2018\/05\/Minuta-Comisi\u00f3n-Turismo-27-Febrero-2018.pdf\">Minuta Comisi\u00f3n Turismo 27 Febrero 2018<\/a><\/p>\n<p>[\/expand]<\/p>\n<p><strong>[expand title=\u00bbComisi\u00f3n Turismo 27 Abril 2018&#8243;]<\/strong><\/p>\n<p><a href=\"https:\/\/tonala.gob.mx\/portal\/wp-content\/uploads\/2018\/07\/Minuta-Comisi\u00f3n-Turismo-27-Abril-2018.pdf\">Minuta Comisi\u00f3n Turismo 27 Abril 2018<\/a><\/p>\n<p>[\/expand]<\/p>\n<p><strong>[expand title=\u00bbComisi\u00f3n Turismo 30 Mayo 2018&#8243;]<\/strong><\/p>\n<p><a href=\"https:\/\/tonala.gob.mx\/portal\/wp-content\/uploads\/2018\/07\/Minuta-Comisi\u00f3n-Turismo-30-Mayo-2018.pdf\">Minuta Comisi\u00f3n Turismo 30 Mayo 2018<\/a><\/p>\n<p>[expand]<\/p>\n","protected":false},"excerpt":{"rendered":"<p>Programa de Trabajo Comisi\u00f3n Turismo 2015 &#8211; 2018 Plan de Trabajo\u00a02015 Plan de Trabajo Turismo\u00a02016-2018 A\u00f1o 2015 [expand title=\u00bbComisi\u00f3n Turismo<\/p>\n","protected":false},"author":1,"featured_media":0,"parent":0,"menu_order":0,"comment_status":"closed","ping_status":"closed","template":"","meta":{"colormag_page_container_layout":"default_layout","colormag_page_sidebar_layout":"default_layout","footnotes":""},"class_list":["post-4041","page","type-page","status-publish","hentry"],"_links":{"self":[{"href":"https:\/\/tonala.gob.mx\/portal\/wp-json\/wp\/v2\/pages\/4041","targetHints":{"allow":["GET"]}}],"collection":[{"href":"https:\/\/tonala.gob.mx\/portal\/wp-json\/wp\/v2\/pages"}],"about":[{"href":"https:\/\/tonala.gob.mx\/portal\/wp-json\/wp\/v2\/types\/page"}],"author":[{"embeddable":true,"href":"https:\/\/tonala.gob.mx\/portal\/wp-json\/wp\/v2\/users\/1"}],"replies":[{"embeddable":true,"href":"https:\/\/tonala.gob.mx\/portal\/wp-json\/wp\/v2\/comments?post=4041"}],"version-history":[{"count":31,"href":"https:\/\/tonala.gob.mx\/portal\/wp-json\/wp\/v2\/pages\/4041\/revisions"}],"predecessor-version":[{"id":18866,"href":"https:\/\/tonala.gob.mx\/portal\/wp-json\/wp\/v2\/pages\/4041\/revisions\/18866"}],"wp:attachment":[{"href":"https:\/\/tonala.gob.mx\/portal\/wp-json\/wp\/v2\/media?parent=4041"}],"curies":[{"name":"wp","href":"https:\/\/api.w.org\/{rel}","templated":true}]}}