{"id":38315,"date":"2025-12-03T11:34:22","date_gmt":"2025-12-03T17:34:22","guid":{"rendered":"https:\/\/tonala.gob.mx\/portal\/?page_id=38315"},"modified":"2026-03-19T09:12:56","modified_gmt":"2026-03-19T15:12:56","slug":"biblioteca","status":"publish","type":"page","link":"https:\/\/tonala.gob.mx\/portal\/biblioteca\/","title":{"rendered":"Biblioteca"},"content":{"rendered":"\n<div class=\"wp-block-columns is-layout-flex wp-container-core-columns-is-layout-28f84493 wp-block-columns-is-layout-flex\">\n<div class=\"wp-block-column is-layout-flow wp-block-column-is-layout-flow\">\n<figure class=\"wp-block-image size-large\"><a href=\"https:\/\/tonala.gob.mx\/portal\/wp-content\/uploads\/2025\/12\/TONALA-TRADICION-VIVA.pdf\"><img fetchpriority=\"high\" decoding=\"async\" width=\"1024\" height=\"823\" src=\"https:\/\/tonala.gob.mx\/portal\/wp-content\/uploads\/2025\/12\/tradicion-viva-1024x823.webp\" alt=\"\" class=\"wp-image-38320\" style=\"aspect-ratio:1;object-fit:cover\" srcset=\"https:\/\/tonala.gob.mx\/portal\/wp-content\/uploads\/2025\/12\/tradicion-viva-1024x823.webp 1024w, https:\/\/tonala.gob.mx\/portal\/wp-content\/uploads\/2025\/12\/tradicion-viva-300x241.webp 300w, https:\/\/tonala.gob.mx\/portal\/wp-content\/uploads\/2025\/12\/tradicion-viva-768x617.webp 768w, https:\/\/tonala.gob.mx\/portal\/wp-content\/uploads\/2025\/12\/tradicion-viva-1536x1234.webp 1536w, https:\/\/tonala.gob.mx\/portal\/wp-content\/uploads\/2025\/12\/tradicion-viva.webp 2048w\" sizes=\"(max-width: 1024px) 100vw, 1024px\" \/><\/a><\/figure>\n<\/div>\n\n\n\n<div class=\"wp-block-column is-layout-flow wp-block-column-is-layout-flow\">\n<p class=\"has-cm-color-3-background-color has-background\"><strong>Tonal\u00e1 Tradici\u00f3n Viva<\/strong><\/p>\n\n\n\n<p><strong>A\u00f1o:<\/strong> 2015<\/p>\n\n\n\n<p><strong>Sinopsis<\/strong>: Tonal\u00e1 Tradici\u00f3n Viva engloba lo que como unidad cultural y social podemos ofrecer tanto a nuestros habitantes como a todas las personas que est\u00e1n interesadas en nuestra localidad. Gran parte de los personajes, lugares, an\u00e9cdotas y sabidur\u00eda tonalteca est\u00e1n contenidos en este libro. <\/p>\n<\/div>\n<\/div>\n\n\n\n<hr class=\"wp-block-separator has-alpha-channel-opacity\"\/>\n\n\n\n<div class=\"wp-block-columns is-layout-flex wp-container-core-columns-is-layout-28f84493 wp-block-columns-is-layout-flex\">\n<div class=\"wp-block-column is-layout-flow wp-block-column-is-layout-flow\">\n<figure class=\"wp-block-image size-large\"><a href=\"https:\/\/tonala.gob.mx\/portal\/wp-content\/uploads\/2025\/12\/TONALA-HISTORIA-Y-TESTIMONIOS.pdf\"><img decoding=\"async\" width=\"1004\" height=\"1339\" src=\"https:\/\/tonala.gob.mx\/portal\/wp-content\/uploads\/2025\/12\/2-edited.jpg\" alt=\"\" class=\"wp-image-38322\" style=\"aspect-ratio:1;object-fit:cover\" srcset=\"https:\/\/tonala.gob.mx\/portal\/wp-content\/uploads\/2025\/12\/2-edited.jpg 1004w, https:\/\/tonala.gob.mx\/portal\/wp-content\/uploads\/2025\/12\/2-edited-225x300.jpg 225w, https:\/\/tonala.gob.mx\/portal\/wp-content\/uploads\/2025\/12\/2-edited-768x1024.jpg 768w\" sizes=\"(max-width: 1004px) 100vw, 1004px\" \/><\/a><\/figure>\n<\/div>\n\n\n\n<div class=\"wp-block-column is-layout-flow wp-block-column-is-layout-flow\">\n<p class=\"has-cm-color-3-background-color has-background\"><strong>Tonal\u00e1, historia y testimonios<\/strong><\/p>\n\n\n\n<p><strong>A\u00f1o<\/strong>: 2023<\/p>\n\n\n\n<p><strong>Sinopsis:<\/strong> P\u00e1gina a p\u00e1gina, encontrar\u00e1s en esta edici\u00f3n rasgos hist\u00f3ricos de Tonal\u00e1 y sus pueblos antiguos: Coyula, Zalatit\u00e1n, Tololotl\u00e1n, San Gaspar, El Rosario, Santa Cruz de las Huertas y Puente Grande al paso de tres siglos, as\u00ed como su barro, sus artesan\u00edas, los guerreros tastoanes y su patr\u00f3n Santiago Ap\u00f3stol y vestigios de los tiempos actuales.<\/p>\n<\/div>\n<\/div>\n\n\n\n<hr class=\"wp-block-separator has-alpha-channel-opacity\"\/>\n\n\n\n<div class=\"wp-block-columns is-layout-flex wp-container-core-columns-is-layout-28f84493 wp-block-columns-is-layout-flex\">\n<div class=\"wp-block-column is-layout-flow wp-block-column-is-layout-flow\">\n<figure class=\"wp-block-image size-full\"><a href=\"https:\/\/coljal.mx\/wp-content\/uploads\/2024\/04\/4_Tonala_260224.pdf\"><img decoding=\"async\" width=\"743\" height=\"736\" src=\"https:\/\/tonala.gob.mx\/portal\/wp-content\/uploads\/2026\/03\/historia-breve.png\" alt=\"\" class=\"wp-image-38668\" style=\"aspect-ratio:1;object-fit:cover\" srcset=\"https:\/\/tonala.gob.mx\/portal\/wp-content\/uploads\/2026\/03\/historia-breve.png 743w, https:\/\/tonala.gob.mx\/portal\/wp-content\/uploads\/2026\/03\/historia-breve-300x297.png 300w, https:\/\/tonala.gob.mx\/portal\/wp-content\/uploads\/2026\/03\/historia-breve-150x150.png 150w\" sizes=\"(max-width: 743px) 100vw, 743px\" \/><\/a><\/figure>\n<\/div>\n\n\n\n<div class=\"wp-block-column is-layout-flow wp-block-column-is-layout-flow\">\n<p class=\"has-cm-color-3-background-color has-background\"><strong>Tonal\u00e1, Historia breve<\/strong><\/p>\n\n\n\n<p><strong>A\u00f1o<\/strong>: 2023<\/p>\n\n\n\n<p><strong>Sinopsis:<\/strong> <br>Parte de la colecci\u00f3n <strong>\u00abmunicipios metropolitanos\u00bb <\/strong>nos muestra precisamente los v\u00ednculos, conexiones y lazos entre los distintos territorios que conforman nuestra metr\u00f3poli. Nos ense\u00f1an lo que nos ha unido a trav\u00e9s de los a\u00f1os, c\u00f3mo la fundaci\u00f3n de la Guadalajara actual hubiera sido imposible sin la existencia de un Tonal\u00e1 prehisp\u00e1nico, c\u00f3mo este mismo Tonal\u00e1 tiene una hist\u00f3rica relaci\u00f3n con Zapotlanejo y la puerta que ha sido esta poblaci\u00f3n a los Altos de Jalisco.<br><\/p>\n<\/div>\n<\/div>\n\n\n\n<hr class=\"wp-block-separator has-alpha-channel-opacity\"\/>\n\n\n\n<div class=\"wp-block-columns is-layout-flex wp-container-core-columns-is-layout-28f84493 wp-block-columns-is-layout-flex\">\n<div class=\"wp-block-column is-layout-flow wp-block-column-is-layout-flow\">\n<figure class=\"wp-block-image size-full\"><a href=\"https:\/\/apiperiodico.jalisco.gob.mx\/api\/storage\/library\/lib_241126081627.pdf\"><img loading=\"lazy\" decoding=\"async\" width=\"755\" height=\"672\" src=\"https:\/\/tonala.gob.mx\/portal\/wp-content\/uploads\/2026\/03\/jalisco-en-sus-municipios.png\" alt=\"\" class=\"wp-image-38669\" style=\"aspect-ratio:1;object-fit:cover\" srcset=\"https:\/\/tonala.gob.mx\/portal\/wp-content\/uploads\/2026\/03\/jalisco-en-sus-municipios.png 755w, https:\/\/tonala.gob.mx\/portal\/wp-content\/uploads\/2026\/03\/jalisco-en-sus-municipios-300x267.png 300w\" sizes=\"(max-width: 755px) 100vw, 755px\" \/><\/a><\/figure>\n<\/div>\n\n\n\n<div class=\"wp-block-column is-layout-flow wp-block-column-is-layout-flow\">\n<p class=\"has-cm-color-3-background-color has-background\"><strong>Colecci\u00f3n, Jalisco en sus municipios<\/strong><\/p>\n\n\n\n<p><strong>A\u00f1o<\/strong>: 2023<\/p>\n\n\n\n<p><strong>Sinopsis:<\/strong> <br>La monograf\u00eda se estructura en cinco cap\u00edtulos en los que se va hilando el pasado y el presente, y se vislumbra el futuro. En este recorrido se destacan los hechos que han marcado la historia del municipio, la l\u00ednea que configura la organizaci\u00f3n del territorio, el acervo natural y cultural que imprime identidad, y las relaciones que se tejen en la actualidad en t\u00e9rminos de comunidad y vida pol\u00edtica.<\/p>\n<\/div>\n<\/div>\n\n\n\n<p><\/p>\n","protected":false},"excerpt":{"rendered":"<p>Tonal\u00e1 Tradici\u00f3n Viva A\u00f1o: 2015 Sinopsis: Tonal\u00e1 Tradici\u00f3n Viva engloba lo que como unidad cultural y social podemos ofrecer tanto<\/p>\n","protected":false},"author":2,"featured_media":0,"parent":0,"menu_order":0,"comment_status":"closed","ping_status":"closed","template":"","meta":{"colormag_page_container_layout":"default_layout","colormag_page_sidebar_layout":"default_layout","footnotes":""},"class_list":["post-38315","page","type-page","status-publish","hentry"],"_links":{"self":[{"href":"https:\/\/tonala.gob.mx\/portal\/wp-json\/wp\/v2\/pages\/38315","targetHints":{"allow":["GET"]}}],"collection":[{"href":"https:\/\/tonala.gob.mx\/portal\/wp-json\/wp\/v2\/pages"}],"about":[{"href":"https:\/\/tonala.gob.mx\/portal\/wp-json\/wp\/v2\/types\/page"}],"author":[{"embeddable":true,"href":"https:\/\/tonala.gob.mx\/portal\/wp-json\/wp\/v2\/users\/2"}],"replies":[{"embeddable":true,"href":"https:\/\/tonala.gob.mx\/portal\/wp-json\/wp\/v2\/comments?post=38315"}],"version-history":[{"count":8,"href":"https:\/\/tonala.gob.mx\/portal\/wp-json\/wp\/v2\/pages\/38315\/revisions"}],"predecessor-version":[{"id":38670,"href":"https:\/\/tonala.gob.mx\/portal\/wp-json\/wp\/v2\/pages\/38315\/revisions\/38670"}],"wp:attachment":[{"href":"https:\/\/tonala.gob.mx\/portal\/wp-json\/wp\/v2\/media?parent=38315"}],"curies":[{"name":"wp","href":"https:\/\/api.w.org\/{rel}","templated":true}]}}