{"id":38300,"date":"2025-12-02T12:28:50","date_gmt":"2025-12-02T18:28:50","guid":{"rendered":"https:\/\/tonala.gob.mx\/portal\/?page_id=38300"},"modified":"2026-03-23T13:42:37","modified_gmt":"2026-03-23T19:42:37","slug":"ruta-hoteles","status":"publish","type":"page","link":"https:\/\/tonala.gob.mx\/portal\/ruta-hoteles\/","title":{"rendered":"Hoteles"},"content":{"rendered":"\n<p class=\"has-text-align-center\"><img fetchpriority=\"high\" decoding=\"async\" width=\"800\" height=\"199\" class=\"wp-image-38301\" style=\"width: 800px;\" src=\"https:\/\/tonala.gob.mx\/portal\/wp-content\/uploads\/2025\/12\/hoteles.png\" alt=\"\" srcset=\"https:\/\/tonala.gob.mx\/portal\/wp-content\/uploads\/2025\/12\/hoteles.png 899w, https:\/\/tonala.gob.mx\/portal\/wp-content\/uploads\/2025\/12\/hoteles-300x75.png 300w, https:\/\/tonala.gob.mx\/portal\/wp-content\/uploads\/2025\/12\/hoteles-768x191.png 768w\" sizes=\"(max-width: 800px) 100vw, 800px\" \/><\/p>\n\n\n\n<p class=\"has-text-align-center\"><iframe src=\"https:\/\/www.google.com\/maps\/embed?pb=!1m16!1m12!1m3!1d11517.649401632287!2d-103.25109366374137!3d20.623319584579633!2m3!1f0!2f0!3f0!3m2!1i1024!2i768!4f13.1!2m1!1shotel!5e0!3m2!1ses!2smx!4v1764700006557!5m2!1ses!2smx\" width=\"800\" height=\"450\" style=\"border:0;\" allowfullscreen=\"\" loading=\"lazy\" referrerpolicy=\"no-referrer-when-downgrade\"><\/iframe><\/p>\n\n\n\n<div class=\"wp-block-columns is-layout-flex wp-container-core-columns-is-layout-28f84493 wp-block-columns-is-layout-flex\">\n<div class=\"wp-block-column is-layout-flow wp-block-column-is-layout-flow\" style=\"flex-basis:33.33%\">\n<figure class=\"wp-block-image size-full\"><img decoding=\"async\" width=\"750\" height=\"619\" src=\"https:\/\/tonala.gob.mx\/portal\/wp-content\/uploads\/2025\/12\/3435345.jpeg\" alt=\"\" class=\"wp-image-38386\" style=\"aspect-ratio:4\/3;object-fit:cover\" srcset=\"https:\/\/tonala.gob.mx\/portal\/wp-content\/uploads\/2025\/12\/3435345.jpeg 750w, https:\/\/tonala.gob.mx\/portal\/wp-content\/uploads\/2025\/12\/3435345-300x248.jpeg 300w\" sizes=\"(max-width: 750px) 100vw, 750px\" \/><\/figure>\n\n\n\n<p><a href=\"https:\/\/www.facebook.com\/hotelcasadelaspalomasmx\"><img decoding=\"async\" width=\"512\" height=\"512\" class=\"wp-image-38023\" style=\"caret-color: rgb(0, 0, 0); color: rgb(0, 0, 0); white-space: normal; width: 50px;\" src=\"https:\/\/tonala.gob.mx\/portal\/wp-content\/uploads\/2025\/10\/facebook.png\" alt=\"\" srcset=\"https:\/\/tonala.gob.mx\/portal\/wp-content\/uploads\/2025\/10\/facebook.png 512w, https:\/\/tonala.gob.mx\/portal\/wp-content\/uploads\/2025\/10\/facebook-300x300.png 300w, https:\/\/tonala.gob.mx\/portal\/wp-content\/uploads\/2025\/10\/facebook-150x150.png 150w\" sizes=\"(max-width: 512px) 100vw, 512px\" \/><\/a><a href=\"https:\/\/www.instagram.com\/hotelcasadelaspalomas_tonala\/\"> <img loading=\"lazy\" decoding=\"async\" width=\"50\" height=\"50\" class=\"wp-image-38024\" style=\"width: 50px;\" src=\"https:\/\/tonala.gob.mx\/portal\/wp-content\/uploads\/2025\/10\/instagram.png\" alt=\"\" srcset=\"https:\/\/tonala.gob.mx\/portal\/wp-content\/uploads\/2025\/10\/instagram.png 512w, https:\/\/tonala.gob.mx\/portal\/wp-content\/uploads\/2025\/10\/instagram-300x300.png 300w, https:\/\/tonala.gob.mx\/portal\/wp-content\/uploads\/2025\/10\/instagram-150x150.png 150w\" sizes=\"(max-width: 50px) 100vw, 50px\" \/><\/a> <a href=\"https:\/\/casadelaspalomas.com.mx\/\">casadelaspalomas.com.mx<\/a><\/p>\n<\/div>\n\n\n\n<div class=\"wp-block-column is-layout-flow wp-block-column-is-layout-flow\" style=\"flex-basis:66.66%\">\n<p><strong>Hotel Casa de las Palomas<\/strong><\/p>\n\n\n\n<p>Ya sea que elija una espaciosa suite para su familia o una acogedora habitaci\u00f3n para dos personas, nuestro atento personal est\u00e1 dedicado a garantizar su m\u00e1ximo confort y satisfacci\u00f3n.<br><br><strong>24 horas<\/strong><\/p>\n\n\n\n<p><a href=\"https:\/\/maps.app.goo.gl\/esvPmzVU1TpbuNBC8\">Calle Anesagasti 125, 45400 Tonal\u00e1, Jal.<\/a><\/p>\n<\/div>\n\n\n\n<div class=\"wp-block-column is-layout-flow wp-block-column-is-layout-flow\"><\/div>\n\n\n\n<div class=\"wp-block-column is-layout-flow wp-block-column-is-layout-flow\"><\/div>\n<\/div>\n\n\n\n<div style=\"height:30px\" aria-hidden=\"true\" class=\"wp-block-spacer\"><\/div>\n\n\n\n<div class=\"wp-block-columns is-layout-flex wp-container-core-columns-is-layout-28f84493 wp-block-columns-is-layout-flex\">\n<div class=\"wp-block-column is-layout-flow wp-block-column-is-layout-flow\" style=\"flex-basis:33.33%\">\n<figure class=\"wp-block-image size-full\"><img loading=\"lazy\" decoding=\"async\" width=\"1179\" height=\"739\" src=\"https:\/\/tonala.gob.mx\/portal\/wp-content\/uploads\/2025\/12\/34535345.jpeg\" alt=\"\" class=\"wp-image-38387\" style=\"aspect-ratio:4\/3;object-fit:cover\" srcset=\"https:\/\/tonala.gob.mx\/portal\/wp-content\/uploads\/2025\/12\/34535345.jpeg 1179w, https:\/\/tonala.gob.mx\/portal\/wp-content\/uploads\/2025\/12\/34535345-300x188.jpeg 300w, https:\/\/tonala.gob.mx\/portal\/wp-content\/uploads\/2025\/12\/34535345-1024x642.jpeg 1024w, https:\/\/tonala.gob.mx\/portal\/wp-content\/uploads\/2025\/12\/34535345-768x481.jpeg 768w\" sizes=\"(max-width: 1179px) 100vw, 1179px\" \/><\/figure>\n\n\n\n<p><a href=\"https:\/\/www.instagram.com\/hotelguadalajaraexpress\/\"> <img loading=\"lazy\" decoding=\"async\" width=\"50\" height=\"50\" class=\"wp-image-38024\" style=\"width: 50px;\" src=\"https:\/\/tonala.gob.mx\/portal\/wp-content\/uploads\/2025\/10\/instagram.png\" alt=\"\" srcset=\"https:\/\/tonala.gob.mx\/portal\/wp-content\/uploads\/2025\/10\/instagram.png 512w, https:\/\/tonala.gob.mx\/portal\/wp-content\/uploads\/2025\/10\/instagram-300x300.png 300w, https:\/\/tonala.gob.mx\/portal\/wp-content\/uploads\/2025\/10\/instagram-150x150.png 150w\" sizes=\"(max-width: 50px) 100vw, 50px\" \/><\/a><\/p>\n<\/div>\n\n\n\n<div class=\"wp-block-column is-layout-flow wp-block-column-is-layout-flow\" style=\"flex-basis:66.66%\">\n<p><strong>Hotel Guadalajara Express<\/strong><br><br>Descubre el confort y calidez en Hotel Guadalajara Express, donde la calidad se encuentra a un precio accesible. Ubicados a un paso del emblem\u00e1tico Tianguis Artesanal de Tonal\u00e1 el m\u00e1s grande de M\u00e9xico, a 10 minutos del centro coraz\u00f3n de Tonal\u00e1 y a solo 20 minutos del vibrante Centro Hist\u00f3rico de Guadalajara.<br><br><strong>24 horas hotel<\/strong><\/p>\n\n\n\n<p><strong>Restaurante de 07:00 a 10:00 hrs  y 15:00 a 22:00 hrs<br><\/strong><br><a href=\"https:\/\/maps.app.goo.gl\/bMkqU7FfoqC9oNgi9\">Autopista M\u00e9xico, A Zapotlanejo km 21.5, Francisco Villa, 45402 Guadalajara, Jal.<\/a><\/p>\n<\/div>\n<\/div>\n\n\n\n<div style=\"height:30px\" aria-hidden=\"true\" class=\"wp-block-spacer\"><\/div>\n\n\n\n<div class=\"wp-block-columns is-layout-flex wp-container-core-columns-is-layout-28f84493 wp-block-columns-is-layout-flex\">\n<div class=\"wp-block-column is-layout-flow wp-block-column-is-layout-flow\" style=\"flex-basis:33.33%\">\n<figure class=\"wp-block-image size-full\"><img loading=\"lazy\" decoding=\"async\" width=\"969\" height=\"637\" src=\"https:\/\/tonala.gob.mx\/portal\/wp-content\/uploads\/2025\/12\/Captura-de-pantalla-2025-12-15-a-las-12.26.12.png\" alt=\"\" class=\"wp-image-38388\" style=\"aspect-ratio:4\/3;object-fit:cover\" srcset=\"https:\/\/tonala.gob.mx\/portal\/wp-content\/uploads\/2025\/12\/Captura-de-pantalla-2025-12-15-a-las-12.26.12.png 969w, https:\/\/tonala.gob.mx\/portal\/wp-content\/uploads\/2025\/12\/Captura-de-pantalla-2025-12-15-a-las-12.26.12-300x197.png 300w, https:\/\/tonala.gob.mx\/portal\/wp-content\/uploads\/2025\/12\/Captura-de-pantalla-2025-12-15-a-las-12.26.12-768x505.png 768w\" sizes=\"(max-width: 969px) 100vw, 969px\" \/><\/figure>\n\n\n\n<p><a href=\"https:\/\/hotelhaciendadelsol.com\/web\/index.php\/es\/inicio\/\">hotelhaciendadelsol.com<\/a><\/p>\n<\/div>\n\n\n\n<div class=\"wp-block-column is-layout-flow wp-block-column-is-layout-flow\" style=\"flex-basis:66.66%\">\n<p><strong>Hotel Tonal\u00e1 Hacienda del Sol<\/strong><br><br>Hotel con c\u00f3modas habitaciones, estacionamiento, restaurante y Wi-Fi<\/p>\n\n\n\n<p><strong>24 horas<\/strong><\/p>\n\n\n\n<p><a href=\"https:\/\/maps.app.goo.gl\/C3kva8VUHmdUT63Q9\">Cruz Blanca 18, Tonal\u00e1 Centro, 45400 Tonal\u00e1, Jal.<\/a><\/p>\n<\/div>\n<\/div>\n\n\n\n<div style=\"height:30px\" aria-hidden=\"true\" class=\"wp-block-spacer\"><\/div>\n\n\n\n<div class=\"wp-block-columns is-layout-flex wp-container-core-columns-is-layout-28f84493 wp-block-columns-is-layout-flex\">\n<div class=\"wp-block-column is-layout-flow wp-block-column-is-layout-flow\" style=\"flex-basis:33.33%\">\n<figure class=\"wp-block-image size-full\"><img loading=\"lazy\" decoding=\"async\" width=\"959\" height=\"949\" src=\"https:\/\/tonala.gob.mx\/portal\/wp-content\/uploads\/2025\/12\/54.jpeg\" alt=\"\" class=\"wp-image-38384\" style=\"aspect-ratio:4\/3;object-fit:cover\" srcset=\"https:\/\/tonala.gob.mx\/portal\/wp-content\/uploads\/2025\/12\/54.jpeg 959w, https:\/\/tonala.gob.mx\/portal\/wp-content\/uploads\/2025\/12\/54-300x297.jpeg 300w, https:\/\/tonala.gob.mx\/portal\/wp-content\/uploads\/2025\/12\/54-768x760.jpeg 768w\" sizes=\"(max-width: 959px) 100vw, 959px\" \/><\/figure>\n\n\n\n<p><a href=\"https:\/\/www.facebook.com\/hotelsantosantiago\"><img decoding=\"async\" width=\"512\" height=\"512\" class=\"wp-image-38023\" style=\"caret-color: rgb(0, 0, 0); color: rgb(0, 0, 0); white-space: normal; width: 50px;\" src=\"https:\/\/tonala.gob.mx\/portal\/wp-content\/uploads\/2025\/10\/facebook.png\" alt=\"\" srcset=\"https:\/\/tonala.gob.mx\/portal\/wp-content\/uploads\/2025\/10\/facebook.png 512w, https:\/\/tonala.gob.mx\/portal\/wp-content\/uploads\/2025\/10\/facebook-300x300.png 300w, https:\/\/tonala.gob.mx\/portal\/wp-content\/uploads\/2025\/10\/facebook-150x150.png 150w\" sizes=\"(max-width: 512px) 100vw, 512px\" \/><\/a><\/p>\n\n\n\n<p><a href=\"https:\/\/santosantiagohotel.com\">santosantiagohotel.com<\/a><\/p>\n<\/div>\n\n\n\n<div class=\"wp-block-column is-layout-flow wp-block-column-is-layout-flow\" style=\"flex-basis:66.66%\">\n<p><strong>Hotel Boutique Santo Santiago<\/strong><\/p>\n\n\n\n<p>Un acogedor hotel boutique con 20 exclusivas habitaciones, ideal para quienes buscan comodidad y estilo. Disfruta de un spa dise\u00f1ado para el descanso, estacionamiento privado y un trato personalizado que har\u00e1 tu estancia \u00fanica. Su excelente ubicaci\u00f3n permite acceder f\u00e1cilmente a los principales atractivos de la ciudad, combinando confort, encanto y conveniencia.<\/p>\n\n\n\n<p><strong>24 horas&nbsp;<\/strong><\/p>\n\n\n\n<p><a href=\"https:\/\/maps.app.goo.gl\/raHSbCu5GjoL5hLN8\">Av. Benito Ju\u00e1rez 314, Tonal\u00e1 Centro, 45400 Tonal\u00e1, Jal.<\/a><\/p>\n<\/div>\n<\/div>\n\n\n\n<div style=\"height:30px\" aria-hidden=\"true\" class=\"wp-block-spacer\"><\/div>\n\n\n\n<div class=\"wp-block-columns is-layout-flex wp-container-core-columns-is-layout-28f84493 wp-block-columns-is-layout-flex\">\n<div class=\"wp-block-column is-layout-flow wp-block-column-is-layout-flow\" style=\"flex-basis:33.33%\">\n<figure class=\"wp-block-image size-full\"><img loading=\"lazy\" decoding=\"async\" width=\"959\" height=\"634\" src=\"https:\/\/tonala.gob.mx\/portal\/wp-content\/uploads\/2025\/12\/2323.jpeg\" alt=\"\" class=\"wp-image-38385\" style=\"aspect-ratio:4\/3;object-fit:cover\" srcset=\"https:\/\/tonala.gob.mx\/portal\/wp-content\/uploads\/2025\/12\/2323.jpeg 959w, https:\/\/tonala.gob.mx\/portal\/wp-content\/uploads\/2025\/12\/2323-300x198.jpeg 300w, https:\/\/tonala.gob.mx\/portal\/wp-content\/uploads\/2025\/12\/2323-768x508.jpeg 768w\" sizes=\"(max-width: 959px) 100vw, 959px\" \/><\/figure>\n\n\n\n<p><a href=\"https:\/\/www.facebook.com\/terrazanto\"><img decoding=\"async\" width=\"512\" height=\"512\" class=\"wp-image-38023\" style=\"caret-color: rgb(0, 0, 0); color: rgb(0, 0, 0); white-space: normal; width: 50px;\" src=\"https:\/\/tonala.gob.mx\/portal\/wp-content\/uploads\/2025\/10\/facebook.png\" alt=\"\" srcset=\"https:\/\/tonala.gob.mx\/portal\/wp-content\/uploads\/2025\/10\/facebook.png 512w, https:\/\/tonala.gob.mx\/portal\/wp-content\/uploads\/2025\/10\/facebook-300x300.png 300w, https:\/\/tonala.gob.mx\/portal\/wp-content\/uploads\/2025\/10\/facebook-150x150.png 150w\" sizes=\"(max-width: 512px) 100vw, 512px\" \/><\/a><a href=\"https:\/\/www.instagram.com\/haciendastosantiagoeventosgdl\/\"> <img loading=\"lazy\" decoding=\"async\" width=\"50\" height=\"50\" class=\"wp-image-38024\" style=\"width: 50px;\" src=\"https:\/\/tonala.gob.mx\/portal\/wp-content\/uploads\/2025\/10\/instagram.png\" alt=\"\" srcset=\"https:\/\/tonala.gob.mx\/portal\/wp-content\/uploads\/2025\/10\/instagram.png 512w, https:\/\/tonala.gob.mx\/portal\/wp-content\/uploads\/2025\/10\/instagram-300x300.png 300w, https:\/\/tonala.gob.mx\/portal\/wp-content\/uploads\/2025\/10\/instagram-150x150.png 150w\" sizes=\"(max-width: 50px) 100vw, 50px\" \/><\/a><\/p>\n<\/div>\n\n\n\n<div class=\"wp-block-column is-layout-flow wp-block-column-is-layout-flow\" style=\"flex-basis:66.66%\">\n<p><strong>Hacienda Santo Santiago<br><\/strong><br>Hacienda ideal para eventos sociales y empresariales, ubicada frente al pintoresco lago urbano El Ocotillo. Cuenta con hotel boutique, spa, amplios jardines y cancha de f\u00fatbol, ofreciendo un ambiente exclusivo donde el confort, la naturaleza y la elegancia se combinan para crear experiencias inolvidables.<\/p>\n\n\n\n<p><strong>Lunes a domingo 10:00 a 14:00 hrs<\/strong><\/p>\n\n\n\n<p><a href=\"https:\/\/maps.app.goo.gl\/sJRX71om6xeh4fVu6\">Camino a la Presa #3, El Ocotillo, 45400 Tonal\u00e1, Jal.<\/a><\/p>\n<\/div>\n<\/div>\n\n\n\n<div style=\"height:30px\" aria-hidden=\"true\" class=\"wp-block-spacer\"><\/div>\n\n\n\n<div class=\"wp-block-columns is-layout-flex wp-container-core-columns-is-layout-28f84493 wp-block-columns-is-layout-flex\">\n<div class=\"wp-block-column is-layout-flow wp-block-column-is-layout-flow\" style=\"flex-basis:33.33%\">\n<figure class=\"wp-block-image size-full\"><img loading=\"lazy\" decoding=\"async\" width=\"1536\" height=\"1536\" src=\"https:\/\/tonala.gob.mx\/portal\/wp-content\/uploads\/2025\/12\/8978978.jpeg\" alt=\"\" class=\"wp-image-38389\" style=\"aspect-ratio:4\/3;object-fit:cover\" srcset=\"https:\/\/tonala.gob.mx\/portal\/wp-content\/uploads\/2025\/12\/8978978.jpeg 1536w, https:\/\/tonala.gob.mx\/portal\/wp-content\/uploads\/2025\/12\/8978978-300x300.jpeg 300w, https:\/\/tonala.gob.mx\/portal\/wp-content\/uploads\/2025\/12\/8978978-1024x1024.jpeg 1024w, https:\/\/tonala.gob.mx\/portal\/wp-content\/uploads\/2025\/12\/8978978-150x150.jpeg 150w, https:\/\/tonala.gob.mx\/portal\/wp-content\/uploads\/2025\/12\/8978978-768x768.jpeg 768w\" sizes=\"(max-width: 1536px) 100vw, 1536px\" \/><\/figure>\n\n\n\n<p><a href=\"https:\/\/www.facebook.com\/share\/1DYQW1H3kP\/\"><img decoding=\"async\" width=\"512\" height=\"512\" class=\"wp-image-38023\" style=\"caret-color: rgb(0, 0, 0); color: rgb(0, 0, 0); white-space: normal; width: 50px;\" src=\"https:\/\/tonala.gob.mx\/portal\/wp-content\/uploads\/2025\/10\/facebook.png\" alt=\"\" srcset=\"https:\/\/tonala.gob.mx\/portal\/wp-content\/uploads\/2025\/10\/facebook.png 512w, https:\/\/tonala.gob.mx\/portal\/wp-content\/uploads\/2025\/10\/facebook-300x300.png 300w, https:\/\/tonala.gob.mx\/portal\/wp-content\/uploads\/2025\/10\/facebook-150x150.png 150w\" sizes=\"(max-width: 512px) 100vw, 512px\" \/><\/a> <img loading=\"lazy\" decoding=\"async\" width=\"50\" height=\"50\" class=\"wp-image-38024\" style=\"width: 50px;\" src=\"https:\/\/tonala.gob.mx\/portal\/wp-content\/uploads\/2025\/10\/instagram.png\" alt=\"\" srcset=\"https:\/\/tonala.gob.mx\/portal\/wp-content\/uploads\/2025\/10\/instagram.png 512w, https:\/\/tonala.gob.mx\/portal\/wp-content\/uploads\/2025\/10\/instagram-300x300.png 300w, https:\/\/tonala.gob.mx\/portal\/wp-content\/uploads\/2025\/10\/instagram-150x150.png 150w\" sizes=\"(max-width: 50px) 100vw, 50px\" \/> <\/p>\n<\/div>\n\n\n\n<div class=\"wp-block-column is-layout-flow wp-block-column-is-layout-flow\" style=\"flex-basis:66.66%\">\n<p><strong>Hotel Don El\u00edas<\/strong><br><br>Complejo Hotelero con tradici\u00f3n y calidez en un mismo lugar familiar para que puedas descansar en tu visita a Tonal\u00e1.<br><br><strong>24 Horas<br><\/strong><br><a href=\"https:\/\/maps.app.goo.gl\/ctUK5Nz6a2ZpmeL78\">C. Clavel 15, La Alberca, 45400 Tonal\u00e1, Jal.<\/a><\/p>\n<\/div>\n<\/div>\n\n\n\n<div style=\"height:30px\" aria-hidden=\"true\" class=\"wp-block-spacer\"><\/div>\n\n\n\n<div class=\"wp-block-columns is-layout-flex wp-container-core-columns-is-layout-28f84493 wp-block-columns-is-layout-flex\">\n<div class=\"wp-block-column is-layout-flow wp-block-column-is-layout-flow\" style=\"flex-basis:33.33%\">\n<figure class=\"wp-block-image size-full\"><a href=\"https:\/\/tonala.gob.mx\/portal\/wp-content\/uploads\/2025\/12\/FB_IMG_1764779886137-Marcos-Arana-Barba.jpg\"><img loading=\"lazy\" decoding=\"async\" width=\"780\" height=\"780\" src=\"https:\/\/tonala.gob.mx\/portal\/wp-content\/uploads\/2025\/12\/FB_IMG_1764779886137-Marcos-Arana-Barba.jpg\" alt=\"\" class=\"wp-image-38390\" style=\"aspect-ratio:4\/3;object-fit:cover\" srcset=\"https:\/\/tonala.gob.mx\/portal\/wp-content\/uploads\/2025\/12\/FB_IMG_1764779886137-Marcos-Arana-Barba.jpg 780w, https:\/\/tonala.gob.mx\/portal\/wp-content\/uploads\/2025\/12\/FB_IMG_1764779886137-Marcos-Arana-Barba-300x300.jpg 300w, https:\/\/tonala.gob.mx\/portal\/wp-content\/uploads\/2025\/12\/FB_IMG_1764779886137-Marcos-Arana-Barba-150x150.jpg 150w, https:\/\/tonala.gob.mx\/portal\/wp-content\/uploads\/2025\/12\/FB_IMG_1764779886137-Marcos-Arana-Barba-768x768.jpg 768w\" sizes=\"(max-width: 780px) 100vw, 780px\" \/><\/a><\/figure>\n\n\n\n<p><a href=\"https:\/\/www.facebook.com\/HotelArana\"><img decoding=\"async\" width=\"512\" height=\"512\" class=\"wp-image-38023\" style=\"caret-color: rgb(0, 0, 0); color: rgb(0, 0, 0); white-space: normal; width: 50px;\" src=\"https:\/\/tonala.gob.mx\/portal\/wp-content\/uploads\/2025\/10\/facebook.png\" alt=\"\" srcset=\"https:\/\/tonala.gob.mx\/portal\/wp-content\/uploads\/2025\/10\/facebook.png 512w, https:\/\/tonala.gob.mx\/portal\/wp-content\/uploads\/2025\/10\/facebook-300x300.png 300w, https:\/\/tonala.gob.mx\/portal\/wp-content\/uploads\/2025\/10\/facebook-150x150.png 150w\" sizes=\"(max-width: 512px) 100vw, 512px\" \/><\/a><a href=\"https:\/\/www.instagram.com\/hotel.arana\/\"> <img loading=\"lazy\" decoding=\"async\" width=\"50\" height=\"50\" class=\"wp-image-38024\" style=\"width: 50px;\" src=\"https:\/\/tonala.gob.mx\/portal\/wp-content\/uploads\/2025\/10\/instagram.png\" alt=\"\" srcset=\"https:\/\/tonala.gob.mx\/portal\/wp-content\/uploads\/2025\/10\/instagram.png 512w, https:\/\/tonala.gob.mx\/portal\/wp-content\/uploads\/2025\/10\/instagram-300x300.png 300w, https:\/\/tonala.gob.mx\/portal\/wp-content\/uploads\/2025\/10\/instagram-150x150.png 150w\" sizes=\"(max-width: 50px) 100vw, 50px\" \/><\/a> <\/p>\n<\/div>\n\n\n\n<div class=\"wp-block-column is-layout-flow wp-block-column-is-layout-flow\" style=\"flex-basis:66.66%\">\n<p><strong>Hotel Arana<\/strong><br><br>Ofrece una experiencia c\u00f3moda y moderna en el coraz\u00f3n de Tonal\u00e1, Guadalajara. Sus habitaciones cuentan con aire acondicionado, WiFi gratuito y ba\u00f1o privado, algunas con patio propio, perfectas para descansar despu\u00e9s de recorrer la ciudad y disfrutar de sus tradicionales mercados de artesan\u00edas y colorida cultura local.<br><br><strong>24 Horas<br><\/strong><br><a href=\"https:\/\/maps.app.goo.gl\/MYH8ipjGBx3BnVhK6\">Av Tonal\u00e1 206, Tonal\u00e1 Centro, 45400 Tonal\u00e1, Jal.<\/a><\/p>\n<\/div>\n<\/div>\n\n\n\n<div style=\"height:30px\" aria-hidden=\"true\" class=\"wp-block-spacer\"><\/div>\n\n\n\n<div class=\"wp-block-columns is-layout-flex wp-container-core-columns-is-layout-28f84493 wp-block-columns-is-layout-flex\">\n<div class=\"wp-block-column is-layout-flow wp-block-column-is-layout-flow\" style=\"flex-basis:33.33%\">\n<figure class=\"wp-block-image size-large\"><img loading=\"lazy\" decoding=\"async\" width=\"1024\" height=\"648\" src=\"https:\/\/tonala.gob.mx\/portal\/wp-content\/uploads\/2025\/12\/129387-1024x648.png\" alt=\"\" class=\"wp-image-38391\" srcset=\"https:\/\/tonala.gob.mx\/portal\/wp-content\/uploads\/2025\/12\/129387-1024x648.png 1024w, https:\/\/tonala.gob.mx\/portal\/wp-content\/uploads\/2025\/12\/129387-300x190.png 300w, https:\/\/tonala.gob.mx\/portal\/wp-content\/uploads\/2025\/12\/129387-768x486.png 768w, https:\/\/tonala.gob.mx\/portal\/wp-content\/uploads\/2025\/12\/129387.png 1284w\" sizes=\"(max-width: 1024px) 100vw, 1024px\" \/><\/figure>\n\n\n\n<p><\/p>\n<\/div>\n\n\n\n<div class=\"wp-block-column is-layout-flow wp-block-column-is-layout-flow\" style=\"flex-basis:66.66%\">\n<p><strong>La Terracita Hotelito<br><\/strong><br>Hotel , ubicado en el centro de Tonal\u00e1 contamos con habitaciones c\u00f3modas y todos los servicios.<br><br><strong>24 horas<br><\/strong><br><a href=\"https:\/\/maps.app.goo.gl\/6TJrKGQeTLC5gecy7\">C. 5 de Mayo 29, Tonal\u00e1 Centro, 45400 Tonal\u00e1, Jal.<\/a><br><br><strong>3323014914<\/strong><\/p>\n<\/div>\n<\/div>\n\n\n\n<div style=\"height:30px\" aria-hidden=\"true\" class=\"wp-block-spacer\"><\/div>\n\n\n\n<p class=\"has-text-align-right\"><img decoding=\"async\" width=\"512\" height=\"512\" class=\"wp-image-38023\" style=\"caret-color: rgb(0, 0, 0); color: rgb(0, 0, 0); white-space: normal; width: 50px;\" src=\"https:\/\/tonala.gob.mx\/portal\/wp-content\/uploads\/2025\/10\/facebook.png\" alt=\"\" srcset=\"https:\/\/tonala.gob.mx\/portal\/wp-content\/uploads\/2025\/10\/facebook.png 512w, https:\/\/tonala.gob.mx\/portal\/wp-content\/uploads\/2025\/10\/facebook-300x300.png 300w, https:\/\/tonala.gob.mx\/portal\/wp-content\/uploads\/2025\/10\/facebook-150x150.png 150w\" sizes=\"(max-width: 512px) 100vw, 512px\" \/> <img loading=\"lazy\" decoding=\"async\" width=\"50\" height=\"50\" class=\"wp-image-38024\" style=\"width: 50px;\" src=\"https:\/\/tonala.gob.mx\/portal\/wp-content\/uploads\/2025\/10\/instagram.png\" alt=\"\" srcset=\"https:\/\/tonala.gob.mx\/portal\/wp-content\/uploads\/2025\/10\/instagram.png 512w, https:\/\/tonala.gob.mx\/portal\/wp-content\/uploads\/2025\/10\/instagram-300x300.png 300w, https:\/\/tonala.gob.mx\/portal\/wp-content\/uploads\/2025\/10\/instagram-150x150.png 150w\" sizes=\"(max-width: 50px) 100vw, 50px\" \/> <img loading=\"lazy\" decoding=\"async\" width=\"512\" height=\"512\" class=\"wp-image-38025\" style=\"caret-color: rgb(0, 0, 0); color: rgb(0, 0, 0); white-space: normal; width: 50px;\" src=\"https:\/\/tonala.gob.mx\/portal\/wp-content\/uploads\/2025\/10\/tiktok.png\" alt=\"\" srcset=\"https:\/\/tonala.gob.mx\/portal\/wp-content\/uploads\/2025\/10\/tiktok.png 512w, https:\/\/tonala.gob.mx\/portal\/wp-content\/uploads\/2025\/10\/tiktok-300x300.png 300w, https:\/\/tonala.gob.mx\/portal\/wp-content\/uploads\/2025\/10\/tiktok-150x150.png 150w\" sizes=\"(max-width: 512px) 100vw, 512px\" \/><span style=\"caret-color: rgb(0, 0, 0); color: rgb(0, 0, 0); font-family: -webkit-standard; font-size: medium; white-space: normal;\">\u00a0<\/span><img loading=\"lazy\" decoding=\"async\" width=\"50\" height=\"50\" class=\"wp-image-38027\" style=\"width: 50px;\" src=\"https:\/\/tonala.gob.mx\/portal\/wp-content\/uploads\/2025\/10\/youtube.png\" alt=\"\" srcset=\"https:\/\/tonala.gob.mx\/portal\/wp-content\/uploads\/2025\/10\/youtube.png 512w, https:\/\/tonala.gob.mx\/portal\/wp-content\/uploads\/2025\/10\/youtube-300x300.png 300w, https:\/\/tonala.gob.mx\/portal\/wp-content\/uploads\/2025\/10\/youtube-150x150.png 150w\" sizes=\"(max-width: 50px) 100vw, 50px\" \/><span style=\"caret-color: rgb(0, 0, 0); color: rgb(0, 0, 0); font-family: -webkit-standard; font-size: medium; white-space: normal;\">\u00a0<\/span><img loading=\"lazy\" decoding=\"async\" width=\"512\" height=\"512\" class=\"wp-image-38026\" style=\"caret-color: rgb(0, 0, 0); color: rgb(0, 0, 0); white-space: normal; width: 50px;\" src=\"https:\/\/tonala.gob.mx\/portal\/wp-content\/uploads\/2025\/10\/twitter.png\" alt=\"\" srcset=\"https:\/\/tonala.gob.mx\/portal\/wp-content\/uploads\/2025\/10\/twitter.png 512w, https:\/\/tonala.gob.mx\/portal\/wp-content\/uploads\/2025\/10\/twitter-300x300.png 300w, https:\/\/tonala.gob.mx\/portal\/wp-content\/uploads\/2025\/10\/twitter-150x150.png 150w\" sizes=\"(max-width: 512px) 100vw, 512px\" \/> <img loading=\"lazy\" decoding=\"async\" width=\"60\" height=\"60\" class=\"wp-image-38730\" style=\"width: 60px;\" src=\"https:\/\/tonala.gob.mx\/portal\/wp-content\/uploads\/2026\/03\/imagen-15-scaled.png\" alt=\"\" srcset=\"https:\/\/tonala.gob.mx\/portal\/wp-content\/uploads\/2026\/03\/imagen-15-scaled.png 2555w, https:\/\/tonala.gob.mx\/portal\/wp-content\/uploads\/2026\/03\/imagen-15-300x300.png 300w, https:\/\/tonala.gob.mx\/portal\/wp-content\/uploads\/2026\/03\/imagen-15-1022x1024.png 1022w, https:\/\/tonala.gob.mx\/portal\/wp-content\/uploads\/2026\/03\/imagen-15-150x150.png 150w, https:\/\/tonala.gob.mx\/portal\/wp-content\/uploads\/2026\/03\/imagen-15-768x770.png 768w, https:\/\/tonala.gob.mx\/portal\/wp-content\/uploads\/2026\/03\/imagen-15-1533x1536.png 1533w, https:\/\/tonala.gob.mx\/portal\/wp-content\/uploads\/2026\/03\/imagen-15-2044x2048.png 2044w\" sizes=\"(max-width: 60px) 100vw, 60px\" \/><\/p>\n","protected":false},"excerpt":{"rendered":"<p>casadelaspalomas.com.mx Hotel Casa de las Palomas Ya sea que elija una espaciosa suite para su familia o una acogedora habitaci\u00f3n<\/p>\n","protected":false},"author":2,"featured_media":0,"parent":0,"menu_order":0,"comment_status":"closed","ping_status":"closed","template":"page-templates\/page-builder.php","meta":{"colormag_page_container_layout":"default_layout","colormag_page_sidebar_layout":"default_layout","footnotes":""},"class_list":["post-38300","page","type-page","status-publish","hentry"],"_links":{"self":[{"href":"https:\/\/tonala.gob.mx\/portal\/wp-json\/wp\/v2\/pages\/38300","targetHints":{"allow":["GET"]}}],"collection":[{"href":"https:\/\/tonala.gob.mx\/portal\/wp-json\/wp\/v2\/pages"}],"about":[{"href":"https:\/\/tonala.gob.mx\/portal\/wp-json\/wp\/v2\/types\/page"}],"author":[{"embeddable":true,"href":"https:\/\/tonala.gob.mx\/portal\/wp-json\/wp\/v2\/users\/2"}],"replies":[{"embeddable":true,"href":"https:\/\/tonala.gob.mx\/portal\/wp-json\/wp\/v2\/comments?post=38300"}],"version-history":[{"count":5,"href":"https:\/\/tonala.gob.mx\/portal\/wp-json\/wp\/v2\/pages\/38300\/revisions"}],"predecessor-version":[{"id":38739,"href":"https:\/\/tonala.gob.mx\/portal\/wp-json\/wp\/v2\/pages\/38300\/revisions\/38739"}],"wp:attachment":[{"href":"https:\/\/tonala.gob.mx\/portal\/wp-json\/wp\/v2\/media?parent=38300"}],"curies":[{"name":"wp","href":"https:\/\/api.w.org\/{rel}","templated":true}]}}